{"id":15064,"date":"2025-01-29T14:41:52","date_gmt":"2025-02-18T09:18:33","guid":{"rendered":"https:\/\/zkeshop.sk\/produkt\/medik-8-balance-hydratacni-krem-s-aktivatorem-kyseliny-glykolove\/"},"modified":"2025-05-06T14:42:07","modified_gmt":"2025-05-06T12:42:07","slug":"medik-8-balance-hydratacni-krem-s-aktivatorem-kyseliny-glykolove","status":"publish","type":"product","link":"https:\/\/zkeshop.sk\/cs\/produkt\/medik-8-balance-hydratacni-krem-s-aktivatorem-kyseliny-glykolove\/","title":{"rendered":"Medik 8 Balance Hydrata\u010dn\u00ed kr\u00e9m s aktiv\u00e1torem kyseliny glykolov\u00e9"},"content":{"rendered":"<h5 class=\"eshop-product-detail__subtitle\">Z\u00e1m\u011bna kr\u00e9mu proti akn\u00e9 s aktiv\u00e1torem kyseliny glykolov\u00e9<\/h5>\n<div class=\"eshop-product-detail__perex\">\n<p>Hled\u00e1te matuj\u00edc\u00ed denn\u00ed hydrata\u010dn\u00ed kr\u00e9m s velmi lehkou texturou bez olej\u016f? BALANCE MOISTURISER &amp; GLYCOLIC ACID ACTIVATOR poskytuje nejen matuj\u00edc\u00ed \u00fa\u010dinek, ale tak\u00e9 eliminuje bakterie zp\u016fsobuj\u00edc\u00ed akn\u00e9.<\/p>\n<h2>S\u00edla 5 slo\u017eek proti akn\u00e9<\/h2>\n<p>BALANCE MOISTURISER &amp; GLYCOLIC ACID ACTIVATOR je p\u0159\u00edpravek ur\u010den\u00fd pro problematickou ple\u0165. Obsahuje velmi lehk\u00fd matuj\u00edc\u00ed denn\u00ed hydrata\u010dn\u00ed kr\u00e9m bez oleje BALANCE MOISTURISER a dal\u0161\u00ed produkt GLYCOLIC ACID ACTIVATOR, aktiv\u00e1tor kyseliny glykolov\u00e9, kter\u00fd d\u00e1le podporuje ple\u0165 v boji proti akn\u00e9.<\/p>\n<p>Cel\u00e9 slo\u017een\u00ed je zalo\u017eeno na p\u011bti kl\u00ed\u010dov\u00fdch slo\u017ek\u00e1ch, kter\u00e9 vedou k redukci akn\u00e9 a jeho prevenci. Tento kr\u00e9m proti akn\u00e9 a aktiv\u00e1tor kyseliny glykolov\u00e9 a v\u0161echny jejich slo\u017eky se p\u0159esn\u011b zam\u011b\u0159uj\u00ed na problematickou ple\u0165!<\/p>\n<p>Prebiotika\/probiotika reguluj\u00ed rovnov\u00e1hu ko\u017en\u00edch bakteri\u00ed, niacinamid udr\u017euje hydrataci a p\u016fsob\u00ed protiz\u00e1n\u011btliv\u011b. Kyselina laurov\u00e1 m\u00e1 velmi siln\u00fd antibakteri\u00e1ln\u00ed \u00fa\u010dinek. Ke sn\u00ed\u017een\u00ed r\u016fstu bakteri\u00ed d\u00e1le p\u0159isp\u00edv\u00e1 v\u00fdta\u017eek ze sko\u0159ice, kter\u00fd rovn\u011b\u017e sni\u017euje v\u00fdskyt akn\u00e9. Beta-glukan je v neposledn\u00ed \u0159ad\u011b hlavn\u00ed slo\u017ekou, kter\u00e1 podporuje regeneraci bun\u011bk.<\/p>\n<h2>Matouc\u00ed leskl\u00e1 ple\u0165<\/h2>\n<ul>\n<li>Poskytuje matuj\u00edc\u00ed \u00fa\u010dinek<\/li>\n<li>Nejvhodn\u011bj\u0161\u00ed hydrata\u010dn\u00ed kr\u00e9m pro problematickou ple\u0165<\/li>\n<li>Eliminuje bakterie zp\u016fsobuj\u00edc\u00ed akn\u00e9<\/li>\n<li>kontroluje ji\u017e vznikl\u00e9 pup\u00ednky a zabra\u0148uje tvorb\u011b nov\u00fdch.<\/li>\n<li>Poskytuje dlouhotrvaj\u00edc\u00ed hydrataci bez ucp\u00e1v\u00e1n\u00ed p\u00f3r\u016f<\/li>\n<\/ul>\n<h2>Ide\u00e1ln\u00ed hydrata\u010dn\u00ed denn\u00ed kr\u00e9m pro problematickou ple\u0165<\/h2>\n<ul>\n<li>Komplexn\u00ed \u00fa\u010dinnost<\/li>\n<li>Obsahuje GLYCOLIC ACID ACTIVATOR, aktiv\u00e1tor kyseliny glykolov\u00e9 proti akn\u00e9.<\/li>\n<li>Nav\u00edc obsahuje slo\u017eky, kter\u00e9 stimuluj\u00ed bun\u011b\u010dnou regeneraci.<\/li>\n<li>Vyv\u00e1\u017een\u00e9 slo\u017een\u00ed<\/li>\n<li>Bez parf\u00e9m\u016f, paraben\u016f a petrochemik\u00e1li\u00ed<\/li>\n<li>Nebyl testov\u00e1n na zv\u00ed\u0159atech<\/li>\n<li>Rychle se vst\u0159eb\u00e1v\u00e1<\/li>\n<\/ul>\n<h2>Pro mastnou ple\u0165 a problematickou ple\u0165 s akn\u00e9<\/h2>\n<ul>\n<li>Problematick\u00e1 ple\u0165 se sklonem k mastnot\u011b<\/li>\n<li>Problematick\u00e1 ple\u0165 s v\u00fdskytem akn\u00e9<\/li>\n<\/ul>\n<h2>Kyselina glykolov\u00e1 a 5 \u00fa\u010dinn\u00fdch l\u00e1tek<\/h2>\n<p>P<strong>rebiotika<\/strong>: Reguluj\u00ed rovnov\u00e1hu p\u0159\u00edtomn\u00fdch ko\u017en\u00edch bakteri\u00ed.<\/p>\n<p>N<strong>iacinamid:<\/strong> Udr\u017euje hydrataci a m\u00e1 protiz\u00e1n\u011btliv\u00fd \u00fa\u010dinek.<\/p>\n<p>K<strong>yselina laurov\u00e1<\/strong>: M\u00e1 velmi siln\u00fd antibakteri\u00e1ln\u00ed \u00fa\u010dinek.<\/p>\n<p>E<strong>xtrakt ze sko\u0159ice:<\/strong> Pom\u00e1h\u00e1 sni\u017eovat mno\u017een\u00ed bakteri\u00ed a tvorbu akn\u00e9.<\/p>\n<p>B<strong>eta-glukan:<\/strong> Podporuje regeneraci bun\u011bk.<\/p>\n<p>K<strong>yselina glykolov\u00e1:<\/strong> Siln\u00e1 kyselina AHA, kter\u00e1 pom\u00e1h\u00e1 viditeln\u011b obnovit povrch pleti t\u00edm, \u017ee stimuluje exfoliaci vrchn\u00edch vrstev poko\u017eky. V\u00fdsledkem je rozjasn\u011bn\u00ed a vy\u010di\u0161t\u011bn\u00ed pleti.<\/p>\n<h2>2 produkty v balen\u00ed<\/h2>\n<ul>\n<li>50 ml balen\u00ed kr\u00e9mu vysta\u010d\u00ed p\u0159ibli\u017en\u011b na 50 aplikac\u00ed.<\/li>\n<li>Obsah balen\u00ed aktiv\u00e1toru kyseliny glykolov\u00e9 je 10 ml.<\/li>\n<li>Vydr\u017e\u00ed 12 m\u011bs\u00edc\u016f po otev\u0159en\u00ed<\/li>\n<\/ul>\n<h2>Maximalizace \u00fa\u010dinku pomoc\u00ed kyseliny glykolov\u00e9<\/h2>\n<p>Doporu\u010dujeme nejprve ple\u0165 vy\u010distit a pot\u00e9 pou\u017e\u00edt preventivn\u00ed a korek\u010dn\u00ed p\u0159\u00edpravky Medik8. Naneste mal\u00e9 mno\u017estv\u00ed kr\u00e9mu BALANCE MOISTURISER krou\u017eiv\u00fdmi pohyby na obli\u010dej. Vyhn\u011bte se oblasti o\u010d\u00ed a rt\u016f. Nechte vst\u0159ebat; teprve pot\u00e9 naneste dal\u0161\u00ed produkty pod make-up. Doporu\u010dujeme pou\u017e\u00edvat dvakr\u00e1t denn\u011b (r\u00e1no a ve\u010der). Doporu\u010dujeme pou\u017e\u00edvat ka\u017ed\u00fd den po del\u0161\u00ed dobu.<\/p>\n<p>Pro je\u0161t\u011b siln\u011bj\u0161\u00ed exfoliaci a \u00fa\u010dinek produktu aplikujte 4-6 kapek GLYCOLIC ACID ACTIVATOR dvakr\u00e1t a\u017e t\u0159ikr\u00e1t t\u00fddn\u011b ve\u010der po \u010di\u0161t\u011bn\u00ed pleti a po jeho vst\u0159eb\u00e1n\u00ed naneste kr\u00e9m BALANCE MOISTURISER. Nikdy tyto dva produkty nem\u00edchejte a neaplikujte sou\u010dasn\u011b, sn\u00ed\u017eila by se t\u00edm jejich \u00fa\u010dinnost. Pokud jste zvykl\u00ed pou\u017e\u00edvat no\u010dn\u00ed s\u00e9rum, pak nejprve aplikujte GLYCOLIC ACID ACTIVATOR, pot\u00e9 sv\u00e9 obl\u00edben\u00e9 no\u010dn\u00ed s\u00e9rum a p\u00e9\u010di o ple\u0165 zakon\u010dete aplikac\u00ed BALANCE MOISTURISER.<\/p>\n<\/div>\n","protected":false},"excerpt":{"rendered":"<h5 class=\"eshop-product-detail__subtitle\">Z\u00e1m\u011bna kr\u00e9mu proti akn\u00e9 s aktiv\u00e1torem kyseliny glykolov\u00e9<\/h5>\n<div class=\"eshop-product-detail__perex\">\n<p>Hled\u00e1te matuj\u00edc\u00ed denn\u00ed hydrata\u010dn\u00ed kr\u00e9m s velmi lehkou texturou bez olej\u016f? BALANCE MOISTURISER &amp; GLYCOLIC ACID ACTIVATOR poskytuje nejen matuj\u00edc\u00ed \u00fa\u010dinek, ale tak\u00e9 eliminuje bakterie zp\u016fsobuj\u00edc\u00ed akn\u00e9.<\/p>\n<\/div>\n","protected":false},"featured_media":14288,"comment_status":"open","ping_status":"closed","template":"","meta":[],"product_brand":[],"product_cat":[177,179,206,200,208,185,87],"product_tag":[159],"class_list":{"0":"post-15064","1":"product","2":"type-product","3":"status-publish","4":"has-post-thumbnail","6":"product_cat-aknozni-plet","7":"product_cat-citliva-plet-cs","8":"product_cat-den-cs","9":"product_cat-medik8-cs","10":"product_cat-noc-cs","11":"product_cat-normalni-plet","12":"product_cat-pletova-kosmetika","13":"product_tag-medik8","15":"first","16":"instock","17":"taxable","18":"shipping-taxable","19":"purchasable","20":"product-type-simple"},"yoast_head":"<!-- This site is optimized with the Yoast SEO Premium plugin v27.3 (Yoast SEO v27.3) - https:\/\/yoast.com\/product\/yoast-seo-premium-wordpress\/ -->\n<title>Medik 8 Balance Hydrata\u010dn\u00ed kr\u00e9m s aktiv\u00e1torem kyseliny glykolov\u00e9 - ZK company<\/title>\n<meta name=\"description\" content=\"BALANCE MOISTURISER &amp; GLYCOLIC ACID ACTIVATOR poskytuje matuj\u00edc\u00ed \u00fa\u010dinek, ale tak\u00e9 eliminuje bakterie zp\u016fsobuj\u00edc\u00ed akn\u00e9.\" \/>\n<meta name=\"robots\" content=\"index, follow, max-snippet:-1, max-image-preview:large, max-video-preview:-1\" \/>\n<link rel=\"canonical\" href=\"https:\/\/zkeshop.sk\/cs\/produkt\/medik-8-balance-hydratacni-krem-s-aktivatorem-kyseliny-glykolove\/\" \/>\n<meta property=\"og:locale\" content=\"cs_CZ\" \/>\n<meta property=\"og:type\" content=\"article\" \/>\n<meta property=\"og:title\" content=\"Medik 8 Balance Hydrata\u010dn\u00ed kr\u00e9m s aktiv\u00e1torem kyseliny glykolov\u00e9\" \/>\n<meta property=\"og:description\" content=\"BALANCE MOISTURISER &amp; GLYCOLIC ACID ACTIVATOR poskytuje matuj\u00edc\u00ed \u00fa\u010dinek, ale tak\u00e9 eliminuje bakterie zp\u016fsobuj\u00edc\u00ed akn\u00e9.\" \/>\n<meta property=\"og:url\" content=\"https:\/\/zkeshop.sk\/cs\/produkt\/medik-8-balance-hydratacni-krem-s-aktivatorem-kyseliny-glykolove\/\" \/>\n<meta property=\"og:site_name\" content=\"ZK company\" \/>\n<meta property=\"article:modified_time\" content=\"2025-05-06T12:42:07+00:00\" \/>\n<meta property=\"og:image\" content=\"https:\/\/zkeshop.sk\/wp-content\/uploads\/2025\/01\/Copy-of-Balance-Moisturiser-with-Glycolic-Acid-Activator-B-1024x1024.png\" \/>\n\t<meta property=\"og:image:width\" content=\"1024\" \/>\n\t<meta property=\"og:image:height\" content=\"1024\" \/>\n\t<meta property=\"og:image:type\" content=\"image\/png\" \/>\n<meta name=\"twitter:card\" content=\"summary_large_image\" \/>\n<meta name=\"twitter:label1\" content=\"Cena\" \/>\n\t<meta name=\"twitter:data1\" content=\"61,00&nbsp;&euro;\" \/>\n\t<meta name=\"twitter:label2\" content=\"Dostupnost\" \/>\n\t<meta name=\"twitter:data2\" content=\"Skladem\" \/>\n<script type=\"application\/ld+json\" class=\"yoast-schema-graph\">{\"@context\":\"https:\\\/\\\/schema.org\",\"@graph\":[{\"@type\":\"WebPage\",\"@id\":\"https:\\\/\\\/zkeshop.sk\\\/cs\\\/produkt\\\/medik-8-balance-hydratacni-krem-s-aktivatorem-kyseliny-glykolove\\\/\",\"url\":\"https:\\\/\\\/zkeshop.sk\\\/cs\\\/produkt\\\/medik-8-balance-hydratacni-krem-s-aktivatorem-kyseliny-glykolove\\\/\",\"name\":\"Medik 8 Balance Hydrata\u010dn\u00ed kr\u00e9m s aktiv\u00e1torem kyseliny glykolov\u00e9 - ZK company\",\"isPartOf\":{\"@id\":\"https:\\\/\\\/zkeshop.sk\\\/#website\"},\"primaryImageOfPage\":{\"@id\":\"https:\\\/\\\/zkeshop.sk\\\/cs\\\/produkt\\\/medik-8-balance-hydratacni-krem-s-aktivatorem-kyseliny-glykolove\\\/#primaryimage\"},\"image\":{\"@id\":\"https:\\\/\\\/zkeshop.sk\\\/cs\\\/produkt\\\/medik-8-balance-hydratacni-krem-s-aktivatorem-kyseliny-glykolove\\\/#primaryimage\"},\"thumbnailUrl\":\"https:\\\/\\\/zkeshop.sk\\\/wp-content\\\/uploads\\\/2025\\\/01\\\/Copy-of-Balance-Moisturiser-with-Glycolic-Acid-Activator-B.png\",\"datePublished\":\"2025-02-18T09:18:33+00:00\",\"dateModified\":\"2025-05-06T12:42:07+00:00\",\"description\":\"BALANCE MOISTURISER & GLYCOLIC ACID ACTIVATOR poskytuje matuj\u00edc\u00ed \u00fa\u010dinek, ale tak\u00e9 eliminuje bakterie zp\u016fsobuj\u00edc\u00ed akn\u00e9.\",\"breadcrumb\":{\"@id\":\"https:\\\/\\\/zkeshop.sk\\\/cs\\\/produkt\\\/medik-8-balance-hydratacni-krem-s-aktivatorem-kyseliny-glykolove\\\/#breadcrumb\"},\"inLanguage\":\"cs\",\"potentialAction\":[{\"@type\":\"ReadAction\",\"target\":[\"https:\\\/\\\/zkeshop.sk\\\/cs\\\/produkt\\\/medik-8-balance-hydratacni-krem-s-aktivatorem-kyseliny-glykolove\\\/\"]}]},{\"@type\":\"ImageObject\",\"inLanguage\":\"cs\",\"@id\":\"https:\\\/\\\/zkeshop.sk\\\/cs\\\/produkt\\\/medik-8-balance-hydratacni-krem-s-aktivatorem-kyseliny-glykolove\\\/#primaryimage\",\"url\":\"https:\\\/\\\/zkeshop.sk\\\/wp-content\\\/uploads\\\/2025\\\/01\\\/Copy-of-Balance-Moisturiser-with-Glycolic-Acid-Activator-B.png\",\"contentUrl\":\"https:\\\/\\\/zkeshop.sk\\\/wp-content\\\/uploads\\\/2025\\\/01\\\/Copy-of-Balance-Moisturiser-with-Glycolic-Acid-Activator-B.png\",\"width\":2000,\"height\":2000,\"caption\":\"BALANCE MOISTURISER & GLYCOLIC ACID ACTIVATOR zabezpe\u010duje matuj\u00faci efekt, ale taktie\u017e eliminuje v\u00fdskyt bakt\u00e9ri\u00ed sp\u00f4sobuj\u00facich vznik akn\u00e9.\"},{\"@type\":\"BreadcrumbList\",\"@id\":\"https:\\\/\\\/zkeshop.sk\\\/cs\\\/produkt\\\/medik-8-balance-hydratacni-krem-s-aktivatorem-kyseliny-glykolove\\\/#breadcrumb\",\"itemListElement\":[{\"@type\":\"ListItem\",\"position\":1,\"name\":\"Dom\u016f\",\"item\":\"https:\\\/\\\/zkeshop.sk\\\/\"},{\"@type\":\"ListItem\",\"position\":2,\"name\":\"Obchod\",\"item\":\"https:\\\/\\\/zkeshop.sk\\\/obchod\\\/\"},{\"@type\":\"ListItem\",\"position\":3,\"name\":\"Medik 8 Balance Hydrata\u010dn\u00ed kr\u00e9m s aktiv\u00e1torem kyseliny glykolov\u00e9\"}]},{\"@type\":\"WebSite\",\"@id\":\"https:\\\/\\\/zkeshop.sk\\\/#website\",\"url\":\"https:\\\/\\\/zkeshop.sk\\\/\",\"name\":\"ZK company\",\"description\":\"Kvalitn\u00e1 kozmetika pre ka\u017edodenn\u00e9 pou\u017eitie\",\"potentialAction\":[{\"@type\":\"SearchAction\",\"target\":{\"@type\":\"EntryPoint\",\"urlTemplate\":\"https:\\\/\\\/zkeshop.sk\\\/?s={search_term_string}\"},\"query-input\":{\"@type\":\"PropertyValueSpecification\",\"valueRequired\":true,\"valueName\":\"search_term_string\"}}],\"inLanguage\":\"cs\"}]}<\/script>\n<meta property=\"product:price:amount\" content=\"61.00\" \/>\n<meta property=\"product:price:currency\" content=\"EUR\" \/>\n<meta property=\"og:availability\" content=\"instock\" \/>\n<meta property=\"product:availability\" content=\"instock\" \/>\n<meta property=\"product:condition\" content=\"new\" \/>\n<!-- \/ Yoast SEO Premium plugin. -->","yoast_head_json":{"title":"Medik 8 Balance Hydrata\u010dn\u00ed kr\u00e9m s aktiv\u00e1torem kyseliny glykolov\u00e9 - ZK company","description":"BALANCE MOISTURISER & GLYCOLIC ACID ACTIVATOR poskytuje matuj\u00edc\u00ed \u00fa\u010dinek, ale tak\u00e9 eliminuje bakterie zp\u016fsobuj\u00edc\u00ed akn\u00e9.","robots":{"index":"index","follow":"follow","max-snippet":"max-snippet:-1","max-image-preview":"max-image-preview:large","max-video-preview":"max-video-preview:-1"},"canonical":"https:\/\/zkeshop.sk\/cs\/produkt\/medik-8-balance-hydratacni-krem-s-aktivatorem-kyseliny-glykolove\/","og_locale":"cs_CZ","og_type":"article","og_title":"Medik 8 Balance Hydrata\u010dn\u00ed kr\u00e9m s aktiv\u00e1torem kyseliny glykolov\u00e9","og_description":"BALANCE MOISTURISER & GLYCOLIC ACID ACTIVATOR poskytuje matuj\u00edc\u00ed \u00fa\u010dinek, ale tak\u00e9 eliminuje bakterie zp\u016fsobuj\u00edc\u00ed akn\u00e9.","og_url":"https:\/\/zkeshop.sk\/cs\/produkt\/medik-8-balance-hydratacni-krem-s-aktivatorem-kyseliny-glykolove\/","og_site_name":"ZK company","article_modified_time":"2025-05-06T12:42:07+00:00","og_image":[{"width":1024,"height":1024,"url":"https:\/\/zkeshop.sk\/wp-content\/uploads\/2025\/01\/Copy-of-Balance-Moisturiser-with-Glycolic-Acid-Activator-B-1024x1024.png","type":"image\/png"}],"twitter_card":"summary_large_image","twitter_misc":{"Cena":"61,00&nbsp;&euro;","Dostupnost":"Skladem"},"schema":{"@context":"https:\/\/schema.org","@graph":[{"@type":"WebPage","@id":"https:\/\/zkeshop.sk\/cs\/produkt\/medik-8-balance-hydratacni-krem-s-aktivatorem-kyseliny-glykolove\/","url":"https:\/\/zkeshop.sk\/cs\/produkt\/medik-8-balance-hydratacni-krem-s-aktivatorem-kyseliny-glykolove\/","name":"Medik 8 Balance Hydrata\u010dn\u00ed kr\u00e9m s aktiv\u00e1torem kyseliny glykolov\u00e9 - ZK company","isPartOf":{"@id":"https:\/\/zkeshop.sk\/#website"},"primaryImageOfPage":{"@id":"https:\/\/zkeshop.sk\/cs\/produkt\/medik-8-balance-hydratacni-krem-s-aktivatorem-kyseliny-glykolove\/#primaryimage"},"image":{"@id":"https:\/\/zkeshop.sk\/cs\/produkt\/medik-8-balance-hydratacni-krem-s-aktivatorem-kyseliny-glykolove\/#primaryimage"},"thumbnailUrl":"https:\/\/zkeshop.sk\/wp-content\/uploads\/2025\/01\/Copy-of-Balance-Moisturiser-with-Glycolic-Acid-Activator-B.png","datePublished":"2025-02-18T09:18:33+00:00","dateModified":"2025-05-06T12:42:07+00:00","description":"BALANCE MOISTURISER & GLYCOLIC ACID ACTIVATOR poskytuje matuj\u00edc\u00ed \u00fa\u010dinek, ale tak\u00e9 eliminuje bakterie zp\u016fsobuj\u00edc\u00ed akn\u00e9.","breadcrumb":{"@id":"https:\/\/zkeshop.sk\/cs\/produkt\/medik-8-balance-hydratacni-krem-s-aktivatorem-kyseliny-glykolove\/#breadcrumb"},"inLanguage":"cs","potentialAction":[{"@type":"ReadAction","target":["https:\/\/zkeshop.sk\/cs\/produkt\/medik-8-balance-hydratacni-krem-s-aktivatorem-kyseliny-glykolove\/"]}]},{"@type":"ImageObject","inLanguage":"cs","@id":"https:\/\/zkeshop.sk\/cs\/produkt\/medik-8-balance-hydratacni-krem-s-aktivatorem-kyseliny-glykolove\/#primaryimage","url":"https:\/\/zkeshop.sk\/wp-content\/uploads\/2025\/01\/Copy-of-Balance-Moisturiser-with-Glycolic-Acid-Activator-B.png","contentUrl":"https:\/\/zkeshop.sk\/wp-content\/uploads\/2025\/01\/Copy-of-Balance-Moisturiser-with-Glycolic-Acid-Activator-B.png","width":2000,"height":2000,"caption":"BALANCE MOISTURISER & GLYCOLIC ACID ACTIVATOR zabezpe\u010duje matuj\u00faci efekt, ale taktie\u017e eliminuje v\u00fdskyt bakt\u00e9ri\u00ed sp\u00f4sobuj\u00facich vznik akn\u00e9."},{"@type":"BreadcrumbList","@id":"https:\/\/zkeshop.sk\/cs\/produkt\/medik-8-balance-hydratacni-krem-s-aktivatorem-kyseliny-glykolove\/#breadcrumb","itemListElement":[{"@type":"ListItem","position":1,"name":"Dom\u016f","item":"https:\/\/zkeshop.sk\/"},{"@type":"ListItem","position":2,"name":"Obchod","item":"https:\/\/zkeshop.sk\/obchod\/"},{"@type":"ListItem","position":3,"name":"Medik 8 Balance Hydrata\u010dn\u00ed kr\u00e9m s aktiv\u00e1torem kyseliny glykolov\u00e9"}]},{"@type":"WebSite","@id":"https:\/\/zkeshop.sk\/#website","url":"https:\/\/zkeshop.sk\/","name":"ZK company","description":"Kvalitn\u00e1 kozmetika pre ka\u017edodenn\u00e9 pou\u017eitie","potentialAction":[{"@type":"SearchAction","target":{"@type":"EntryPoint","urlTemplate":"https:\/\/zkeshop.sk\/?s={search_term_string}"},"query-input":{"@type":"PropertyValueSpecification","valueRequired":true,"valueName":"search_term_string"}}],"inLanguage":"cs"}]},"product_price_amount":"61.00","product_price_currency":"EUR","og_availability":"instock","product_availability":"instock","product_condition":"new"},"_links":{"self":[{"href":"https:\/\/zkeshop.sk\/cs\/wp-json\/wp\/v2\/product\/15064","targetHints":{"allow":["GET"]}}],"collection":[{"href":"https:\/\/zkeshop.sk\/cs\/wp-json\/wp\/v2\/product"}],"about":[{"href":"https:\/\/zkeshop.sk\/cs\/wp-json\/wp\/v2\/types\/product"}],"replies":[{"embeddable":true,"href":"https:\/\/zkeshop.sk\/cs\/wp-json\/wp\/v2\/comments?post=15064"}],"version-history":[{"count":0,"href":"https:\/\/zkeshop.sk\/cs\/wp-json\/wp\/v2\/product\/15064\/revisions"}],"wp:featuredmedia":[{"embeddable":true,"href":"https:\/\/zkeshop.sk\/cs\/wp-json\/wp\/v2\/media\/14288"}],"wp:attachment":[{"href":"https:\/\/zkeshop.sk\/cs\/wp-json\/wp\/v2\/media?parent=15064"}],"wp:term":[{"taxonomy":"product_brand","embeddable":true,"href":"https:\/\/zkeshop.sk\/cs\/wp-json\/wp\/v2\/product_brand?post=15064"},{"taxonomy":"product_cat","embeddable":true,"href":"https:\/\/zkeshop.sk\/cs\/wp-json\/wp\/v2\/product_cat?post=15064"},{"taxonomy":"product_tag","embeddable":true,"href":"https:\/\/zkeshop.sk\/cs\/wp-json\/wp\/v2\/product_tag?post=15064"}],"curies":[{"name":"wp","href":"https:\/\/api.w.org\/{rel}","templated":true}]}}