{"id":15066,"date":"2025-01-14T18:21:43","date_gmt":"2025-02-18T09:18:36","guid":{"rendered":"https:\/\/zkeshop.sk\/produkt\/medik-8-calmwise-serum\/"},"modified":"2025-05-06T13:23:57","modified_gmt":"2025-05-06T11:23:57","slug":"medik-8-calmwise-serum","status":"publish","type":"product","link":"https:\/\/zkeshop.sk\/cs\/produkt\/medik-8-calmwise-serum\/","title":{"rendered":"Medik 8 Calmwise Serum"},"content":{"rendered":"<h5 class=\"eshop-product-detail__subtitle\">S\u00e9rum proti zarudnut\u00ed pleti<\/h5>\n<div class=\"eshop-product-detail__perex\">\n<p>Poko\u017eka se sklonem k zarudnut\u00ed \u010dasto \u0161t\u00edpe, p\u00e1l\u00ed, sv\u011bd\u00ed a je nadm\u011brn\u011b citliv\u00e1 na negativn\u00ed vlivy prost\u0159ed\u00ed. CALMWISE S\u00c9RUM poskytuje intenzivn\u00ed \u00falevu od v\u0161ech t\u011bchto p\u0159\u00edznak\u016f. Krom\u011b toho tak\u00e9 sni\u017euje projevy st\u00e1rnut\u00ed pleti.<\/p>\n<h2>Aktivn\u011b sni\u017euje zarudnut\u00ed<\/h2>\n<p><img loading=\"lazy\" decoding=\"async\" class=\"size-medium wp-image-14314 alignright\" src=\"https:\/\/zkeshop.sk\/wp-content\/uploads\/2025\/01\/Copy-of-Calmwise-Serum-Texture-300x300.jpg\" alt=\"\" width=\"300\" height=\"300\" srcset=\"https:\/\/zkeshop.sk\/wp-content\/uploads\/2025\/01\/Copy-of-Calmwise-Serum-Texture-300x300.jpg 300w, https:\/\/zkeshop.sk\/wp-content\/uploads\/2025\/01\/Copy-of-Calmwise-Serum-Texture-1024x1024.jpg 1024w, https:\/\/zkeshop.sk\/wp-content\/uploads\/2025\/01\/Copy-of-Calmwise-Serum-Texture-150x150.jpg 150w, https:\/\/zkeshop.sk\/wp-content\/uploads\/2025\/01\/Copy-of-Calmwise-Serum-Texture-768x768.jpg 768w, https:\/\/zkeshop.sk\/wp-content\/uploads\/2025\/01\/Copy-of-Calmwise-Serum-Texture-1536x1536.jpg 1536w, https:\/\/zkeshop.sk\/wp-content\/uploads\/2025\/01\/Copy-of-Calmwise-Serum-Texture-400x400.jpg 400w, https:\/\/zkeshop.sk\/wp-content\/uploads\/2025\/01\/Copy-of-Calmwise-Serum-Texture-600x600.jpg 600w, https:\/\/zkeshop.sk\/wp-content\/uploads\/2025\/01\/Copy-of-Calmwise-Serum-Texture-1200x1200.jpg 1200w, https:\/\/zkeshop.sk\/wp-content\/uploads\/2025\/01\/Copy-of-Calmwise-Serum-Texture.jpg 2000w\" sizes=\"auto, (max-width: 300px) 100vw, 300px\" \/>Nadm\u011brn\u011b citliv\u00e1 poko\u017eka se neprojevuje pouze ne\u017e\u00e1douc\u00edmi reakcemi na kosmetick\u00e9 p\u0159\u00edpravky. Poko\u017eka m\u00e1 tendenci \u010dervenat, b\u00fdt tepl\u00e1, nadm\u011brn\u011b such\u00e1 a podr\u00e1\u017ed\u011bn\u00e1. CALMWISE S\u00c9RUM aktivn\u011b sni\u017euje zarudnut\u00ed <a href=\"https:\/\/www.annabrandejs.sk\/slovnik-pojmov\/koza-a2060\">poko\u017eky<\/a> d\u00edky \u00fa\u010dinn\u00e9 l\u00e1tce teprenon, kter\u00e1 omezuje <a href=\"https:\/\/www.annabrandejs.sk\/slovnik-pojmov\/erytem-a2035\">eryt\u00e9m<\/a>. Studie prok\u00e1zaly sn\u00ed\u017een\u00ed \u010derven\u00e1n\u00ed a\u017e o 30 % po jednom m\u011bs\u00edci p\u0159\u00edm\u00e9 aplikace. Krom\u011b toho p\u0159in\u00e1\u0161\u00ed zklid\u0148uj\u00edc\u00ed \u00falevu od dal\u0161\u00edch projev\u016f p\u0159ecitliv\u011blosti (podr\u00e1\u017ed\u011bn\u00ed, pnut\u00ed, bolest poko\u017eky). Podporuje poko\u017eku v boji proti stresu z okoln\u00edho prost\u0159ed\u00ed t\u00edm, \u017ee posiluje jej\u00ed ochrannou lipidovou bari\u00e9ru. A jako t\u0159e\u0161ni\u010dku na dortu viditeln\u011b redukuje zn\u00e1mky st\u00e1rnut\u00ed pleti a sjednocuje jej\u00ed t\u00f3n. D\u00edky aplik\u00e1toru se snadno nan\u00e1\u0161\u00ed p\u0159\u00edmo na ple\u0165.<\/p>\n<h2>Tlum\u00ed zarudnut\u00ed poko\u017eky<\/h2>\n<ul>\n<li>Zm\u00edr\u0148uje a zklid\u0148uje suchou podr\u00e1\u017ed\u011bnou poko\u017eku t\u00edm, \u017ee l\u00e9\u010d\u00ed a kontroluje p\u0159\u00edznaky zarudnut\u00ed.<\/li>\n<li>Teprenon sni\u017euje erytr\u00f3zu a\u017e o 30 % po jednom m\u011bs\u00edci p\u0159\u00edm\u00e9 aplikace.<\/li>\n<li>Pom\u00e1h\u00e1 sni\u017eovat pr\u016ftok krve k\u016f\u017e\u00ed v oblasti obli\u010deje, \u010d\u00edm\u017e sni\u017euje v\u00fdskyt zarudnut\u00ed, z\u00e1n\u011btu a bolesti.<\/li>\n<li>Intenzivn\u011b vy\u017eivuje a hydratuje citlivou ple\u0165 a z\u00e1rove\u0148 redukuje skvrny, zarudnut\u00ed a pocity podr\u00e1\u017ed\u011bn\u00e9 pleti.<\/li>\n<\/ul>\n<h2>Ochrana a podpora hojen\u00ed<\/h2>\n<ul>\n<li>Poskytuje v\u00fdznamnou ochranu p\u0159ed vlivy prost\u0159ed\u00ed, jako jsou velmi agresivn\u00ed \u00fa\u010dinky zne\u010di\u0161t\u011bn\u00e9ho ovzdu\u0161\u00ed a nep\u0159\u00edzniv\u00e9ho po\u010das\u00ed.<\/li>\n<li>Stimuluje hojen\u00ed vnit\u0159n\u00edch vrstev k\u016f\u017ee a pom\u00e1h\u00e1 chr\u00e1nit p\u0159ed budouc\u00edm podr\u00e1\u017ed\u011bn\u00edm.<\/li>\n<li>Pom\u00e1h\u00e1 minimalizovat vznik jemn\u00fdch linek a <a href=\"https:\/\/www.annabrandejs.sk\/slovnik-pojmov\/vrasky-a2073\">vr\u00e1sek<\/a>, <a href=\"https:\/\/www.annabrandejs.sk\/slovnik-pojmov\/rozsirene-pory-a1963\">roz\u0161\u00ed\u0159en\u00fdch p\u00f3r\u016f<\/a> a nepravideln\u00e9ho zabarven\u00ed pleti.<\/li>\n<li>Jojobov\u00fd olej nevysu\u0161uje poko\u017eku a zanech\u00e1v\u00e1 ji hladkou a jemn\u011b hydratovanou.<\/li>\n<\/ul>\n<h2>Nedr\u00e1\u017ed\u00ed a nevysu\u0161uje<\/h2>\n<ul>\n<li>Vhodn\u00e9 pro p\u0159ecitliv\u011blou poko\u017eku<\/li>\n<li>Viditeln\u00e9 v\u00fdsledky po pouh\u00e9m jednom m\u011bs\u00edci<\/li>\n<li>Nedr\u00e1\u017ediv\u00e9<\/li>\n<li>Rychle se vst\u0159eb\u00e1v\u00e1<\/li>\n<li>Nevysu\u0161uje, nezp\u016fsobuje zv\u00fd\u0161enou citlivost nebo podr\u00e1\u017ed\u011bn\u00ed poko\u017eky<\/li>\n<li>M\u00e1 lehk\u00e9 a nemastn\u00e9 slo\u017een\u00ed.<\/li>\n<li>Nezhor\u0161uje <a href=\"https:\/\/www.annabrandejs.sk\/slovnik-pojmov\/akne-a1903\">akn\u00e9<\/a><\/li>\n<li>Bez v\u016fn\u011b<\/li>\n<li>Neobsahuje <a href=\"https:\/\/www.annabrandejs.sk\/slovnik-pojmov\/parabeny-a1946\">parabeny<\/a><\/li>\n<li>Bez petrochemik\u00e1li\u00ed<\/li>\n<\/ul>\n<h2>Nejen pro citlivou poko\u017eku<\/h2>\n<p>Pro v\u0161echny, kte\u0159\u00ed maj\u00ed p\u0159ecitliv\u011blou, z\u00e1n\u011btlivou a erytemat\u00f3zn\u00ed ple\u0165 a cht\u011bj\u00ed bojovat proti st\u00e1rnut\u00ed. D\u00e1le je ur\u010den jako profylaxe a p\u00e9\u010de o m\u00edrn\u00e9 formy r\u016f\u017eovky, obli\u010dejov\u00e9 nitkovit\u00e9 \u017eilky a eryt\u00e9m.<\/p>\n<h2>S patentovan\u00fdm teprenonem<\/h2>\n<p>T<strong>eprenon (3 %):<\/strong> Patentovan\u00e1 \u00fa\u010dinn\u00e1 l\u00e1tka proti \u010derven\u00e1n\u00ed, m\u00e1 vynikaj\u00edc\u00ed \u00fa\u010dinky p\u0159i prevenci a omezov\u00e1n\u00ed nadm\u011brn\u00e9 citlivosti poko\u017eky.<\/p>\n<p>P<strong>\u0159\u00edrodn\u00ed v\u00fdta\u017eek ze \u0161alv\u011bje<\/strong>: \u00da\u010dinn\u00e1 zklid\u0148uj\u00edc\u00ed a uklid\u0148uj\u00edc\u00ed slo\u017eka.<\/p>\n<h2>Aplikujte 3 &#8211; 4 kapky<\/h2>\n<ul>\n<li>R\u00e1no po vy\u010di\u0161t\u011bn\u00ed pleti naneste pomoc\u00ed kap\u00e1tka CALMWISE S\u00c9RUM p\u0159\u00edmo na ple\u0165. CALMWISE SERUM lze pou\u017e\u00edt na cel\u00fd obli\u010dej nebo pouze na m\u00edsta se zarudnut\u00edm \u010di r\u016f\u017eovkou. Aplikujte 3 &#8211; 4 kapky jednou (nebo v p\u0159\u00edpad\u011b pot\u0159eby dvakr\u00e1t) denn\u011b. Pot\u00e9 pou\u017eijte hydrata\u010dn\u00ed kr\u00e9m s ochrann\u00fdm <a href=\"https:\/\/www.annabrandejs.sk\/slovnik-pojmov\/spf-a2059\">faktorem SPF<\/a>.<\/li>\n<li>Obsah 15 ml balen\u00ed vysta\u010d\u00ed p\u0159ibli\u017en\u011b na 70 aplikac\u00ed.<\/li>\n<\/ul>\n<\/div>\n","protected":false},"excerpt":{"rendered":"<h5 class=\"eshop-product-detail__subtitle\">S\u00e9rum proti zarudnut\u00ed pleti<\/h5>\n<div class=\"eshop-product-detail__perex\">\n<p>Poko\u017eka se sklonem k zarudnut\u00ed \u010dasto \u0161t\u00edpe, p\u00e1l\u00ed, sv\u011bd\u00ed a je nadm\u011brn\u011b citliv\u00e1 na negativn\u00ed vlivy prost\u0159ed\u00ed. CALMWISE S\u00c9RUM poskytuje intenzivn\u00ed \u00falevu od v\u0161ech t\u011bchto p\u0159\u00edznak\u016f. Krom\u011b toho tak\u00e9 sni\u017euje projevy st\u00e1rnut\u00ed pleti.<\/p>\n<\/div>\n","protected":false},"featured_media":14312,"comment_status":"open","ping_status":"closed","template":"","meta":[],"product_brand":[],"product_cat":[179,206,200,208,185,87,188],"product_tag":[159],"class_list":{"0":"post-15066","1":"product","2":"type-product","3":"status-publish","4":"has-post-thumbnail","6":"product_cat-citliva-plet-cs","7":"product_cat-den-cs","8":"product_cat-medik8-cs","9":"product_cat-noc-cs","10":"product_cat-normalni-plet","11":"product_cat-pletova-kosmetika","12":"product_cat-sucha-plet-cs","13":"product_tag-medik8","15":"first","16":"instock","17":"taxable","18":"shipping-taxable","19":"purchasable","20":"product-type-simple"},"yoast_head":"<!-- This site is optimized with the Yoast SEO Premium plugin v27.3 (Yoast SEO v27.3) - https:\/\/yoast.com\/product\/yoast-seo-premium-wordpress\/ -->\n<title>Medik 8 Calmwise Serum - ZK company<\/title>\n<meta name=\"description\" content=\"Poko\u017eka se sklonem k zarudnut\u00ed \u010dasto p\u00e1l\u00ed, pop\u00e1l\u00ed a bodne. CALMWISE S\u00c9RUM poskytuje intenzivn\u00ed \u00falevu od v\u0161ech t\u011bchto p\u0159\u00edznak\u016f.\" \/>\n<meta name=\"robots\" content=\"index, follow, max-snippet:-1, max-image-preview:large, max-video-preview:-1\" \/>\n<link rel=\"canonical\" href=\"https:\/\/zkeshop.sk\/cs\/produkt\/medik-8-calmwise-serum\/\" \/>\n<meta property=\"og:locale\" content=\"cs_CZ\" \/>\n<meta property=\"og:type\" content=\"article\" \/>\n<meta property=\"og:title\" content=\"Medik 8 Calmwise Serum\" \/>\n<meta property=\"og:description\" content=\"Poko\u017eka se sklonem k zarudnut\u00ed \u010dasto p\u00e1l\u00ed, pop\u00e1l\u00ed a bodne. CALMWISE S\u00c9RUM poskytuje intenzivn\u00ed \u00falevu od v\u0161ech t\u011bchto p\u0159\u00edznak\u016f.\" \/>\n<meta property=\"og:url\" content=\"https:\/\/zkeshop.sk\/cs\/produkt\/medik-8-calmwise-serum\/\" \/>\n<meta property=\"og:site_name\" content=\"ZK company\" \/>\n<meta property=\"article:modified_time\" content=\"2025-05-06T11:23:57+00:00\" \/>\n<meta property=\"og:image\" content=\"https:\/\/zkeshop.sk\/wp-content\/uploads\/2025\/01\/Copy-of-Calmwise-Serum-B-1024x1024.png\" \/>\n\t<meta property=\"og:image:width\" content=\"1024\" \/>\n\t<meta property=\"og:image:height\" content=\"1024\" \/>\n\t<meta property=\"og:image:type\" content=\"image\/png\" \/>\n<meta name=\"twitter:card\" content=\"summary_large_image\" \/>\n<meta name=\"twitter:label1\" content=\"Cena\" \/>\n\t<meta name=\"twitter:data1\" content=\"46,00&nbsp;&euro;\" \/>\n\t<meta name=\"twitter:label2\" content=\"Dostupnost\" \/>\n\t<meta name=\"twitter:data2\" content=\"Skladem\" \/>\n<script type=\"application\/ld+json\" class=\"yoast-schema-graph\">{\"@context\":\"https:\\\/\\\/schema.org\",\"@graph\":[{\"@type\":\"WebPage\",\"@id\":\"https:\\\/\\\/zkeshop.sk\\\/cs\\\/produkt\\\/medik-8-calmwise-serum\\\/\",\"url\":\"https:\\\/\\\/zkeshop.sk\\\/cs\\\/produkt\\\/medik-8-calmwise-serum\\\/\",\"name\":\"Medik 8 Calmwise Serum - ZK company\",\"isPartOf\":{\"@id\":\"https:\\\/\\\/zkeshop.sk\\\/#website\"},\"primaryImageOfPage\":{\"@id\":\"https:\\\/\\\/zkeshop.sk\\\/cs\\\/produkt\\\/medik-8-calmwise-serum\\\/#primaryimage\"},\"image\":{\"@id\":\"https:\\\/\\\/zkeshop.sk\\\/cs\\\/produkt\\\/medik-8-calmwise-serum\\\/#primaryimage\"},\"thumbnailUrl\":\"https:\\\/\\\/zkeshop.sk\\\/wp-content\\\/uploads\\\/2025\\\/01\\\/Copy-of-Calmwise-Serum-B.png\",\"datePublished\":\"2025-02-18T09:18:36+00:00\",\"dateModified\":\"2025-05-06T11:23:57+00:00\",\"description\":\"Poko\u017eka se sklonem k zarudnut\u00ed \u010dasto p\u00e1l\u00ed, pop\u00e1l\u00ed a bodne. CALMWISE S\u00c9RUM poskytuje intenzivn\u00ed \u00falevu od v\u0161ech t\u011bchto p\u0159\u00edznak\u016f.\",\"breadcrumb\":{\"@id\":\"https:\\\/\\\/zkeshop.sk\\\/cs\\\/produkt\\\/medik-8-calmwise-serum\\\/#breadcrumb\"},\"inLanguage\":\"cs\",\"potentialAction\":[{\"@type\":\"ReadAction\",\"target\":[\"https:\\\/\\\/zkeshop.sk\\\/cs\\\/produkt\\\/medik-8-calmwise-serum\\\/\"]}]},{\"@type\":\"ImageObject\",\"inLanguage\":\"cs\",\"@id\":\"https:\\\/\\\/zkeshop.sk\\\/cs\\\/produkt\\\/medik-8-calmwise-serum\\\/#primaryimage\",\"url\":\"https:\\\/\\\/zkeshop.sk\\\/wp-content\\\/uploads\\\/2025\\\/01\\\/Copy-of-Calmwise-Serum-B.png\",\"contentUrl\":\"https:\\\/\\\/zkeshop.sk\\\/wp-content\\\/uploads\\\/2025\\\/01\\\/Copy-of-Calmwise-Serum-B.png\",\"width\":2000,\"height\":2000,\"caption\":\"Poko\u017eka so sklonmi k za\u010dervenaniu \u010dasto pne, p\u00e1li a \u0161t\u00edpe. CALMWISE SERUM poskytuje od v\u0161etk\u00fdch t\u00fdchto prejavov intenz\u00edvnu \u00fa\u013eavu.\"},{\"@type\":\"BreadcrumbList\",\"@id\":\"https:\\\/\\\/zkeshop.sk\\\/cs\\\/produkt\\\/medik-8-calmwise-serum\\\/#breadcrumb\",\"itemListElement\":[{\"@type\":\"ListItem\",\"position\":1,\"name\":\"Dom\u016f\",\"item\":\"https:\\\/\\\/zkeshop.sk\\\/\"},{\"@type\":\"ListItem\",\"position\":2,\"name\":\"Obchod\",\"item\":\"https:\\\/\\\/zkeshop.sk\\\/obchod\\\/\"},{\"@type\":\"ListItem\",\"position\":3,\"name\":\"Medik 8 Calmwise Serum\"}]},{\"@type\":\"WebSite\",\"@id\":\"https:\\\/\\\/zkeshop.sk\\\/#website\",\"url\":\"https:\\\/\\\/zkeshop.sk\\\/\",\"name\":\"ZK company\",\"description\":\"Kvalitn\u00e1 kozmetika pre ka\u017edodenn\u00e9 pou\u017eitie\",\"potentialAction\":[{\"@type\":\"SearchAction\",\"target\":{\"@type\":\"EntryPoint\",\"urlTemplate\":\"https:\\\/\\\/zkeshop.sk\\\/?s={search_term_string}\"},\"query-input\":{\"@type\":\"PropertyValueSpecification\",\"valueRequired\":true,\"valueName\":\"search_term_string\"}}],\"inLanguage\":\"cs\"}]}<\/script>\n<meta property=\"product:price:amount\" content=\"46.00\" \/>\n<meta property=\"product:price:currency\" content=\"EUR\" \/>\n<meta property=\"og:availability\" content=\"instock\" \/>\n<meta property=\"product:availability\" content=\"instock\" \/>\n<meta property=\"product:condition\" content=\"new\" \/>\n<!-- \/ Yoast SEO Premium plugin. -->","yoast_head_json":{"title":"Medik 8 Calmwise Serum - ZK company","description":"Poko\u017eka se sklonem k zarudnut\u00ed \u010dasto p\u00e1l\u00ed, pop\u00e1l\u00ed a bodne. CALMWISE S\u00c9RUM poskytuje intenzivn\u00ed \u00falevu od v\u0161ech t\u011bchto p\u0159\u00edznak\u016f.","robots":{"index":"index","follow":"follow","max-snippet":"max-snippet:-1","max-image-preview":"max-image-preview:large","max-video-preview":"max-video-preview:-1"},"canonical":"https:\/\/zkeshop.sk\/cs\/produkt\/medik-8-calmwise-serum\/","og_locale":"cs_CZ","og_type":"article","og_title":"Medik 8 Calmwise Serum","og_description":"Poko\u017eka se sklonem k zarudnut\u00ed \u010dasto p\u00e1l\u00ed, pop\u00e1l\u00ed a bodne. CALMWISE S\u00c9RUM poskytuje intenzivn\u00ed \u00falevu od v\u0161ech t\u011bchto p\u0159\u00edznak\u016f.","og_url":"https:\/\/zkeshop.sk\/cs\/produkt\/medik-8-calmwise-serum\/","og_site_name":"ZK company","article_modified_time":"2025-05-06T11:23:57+00:00","og_image":[{"width":1024,"height":1024,"url":"https:\/\/zkeshop.sk\/wp-content\/uploads\/2025\/01\/Copy-of-Calmwise-Serum-B-1024x1024.png","type":"image\/png"}],"twitter_card":"summary_large_image","twitter_misc":{"Cena":"46,00&nbsp;&euro;","Dostupnost":"Skladem"},"schema":{"@context":"https:\/\/schema.org","@graph":[{"@type":"WebPage","@id":"https:\/\/zkeshop.sk\/cs\/produkt\/medik-8-calmwise-serum\/","url":"https:\/\/zkeshop.sk\/cs\/produkt\/medik-8-calmwise-serum\/","name":"Medik 8 Calmwise Serum - ZK company","isPartOf":{"@id":"https:\/\/zkeshop.sk\/#website"},"primaryImageOfPage":{"@id":"https:\/\/zkeshop.sk\/cs\/produkt\/medik-8-calmwise-serum\/#primaryimage"},"image":{"@id":"https:\/\/zkeshop.sk\/cs\/produkt\/medik-8-calmwise-serum\/#primaryimage"},"thumbnailUrl":"https:\/\/zkeshop.sk\/wp-content\/uploads\/2025\/01\/Copy-of-Calmwise-Serum-B.png","datePublished":"2025-02-18T09:18:36+00:00","dateModified":"2025-05-06T11:23:57+00:00","description":"Poko\u017eka se sklonem k zarudnut\u00ed \u010dasto p\u00e1l\u00ed, pop\u00e1l\u00ed a bodne. CALMWISE S\u00c9RUM poskytuje intenzivn\u00ed \u00falevu od v\u0161ech t\u011bchto p\u0159\u00edznak\u016f.","breadcrumb":{"@id":"https:\/\/zkeshop.sk\/cs\/produkt\/medik-8-calmwise-serum\/#breadcrumb"},"inLanguage":"cs","potentialAction":[{"@type":"ReadAction","target":["https:\/\/zkeshop.sk\/cs\/produkt\/medik-8-calmwise-serum\/"]}]},{"@type":"ImageObject","inLanguage":"cs","@id":"https:\/\/zkeshop.sk\/cs\/produkt\/medik-8-calmwise-serum\/#primaryimage","url":"https:\/\/zkeshop.sk\/wp-content\/uploads\/2025\/01\/Copy-of-Calmwise-Serum-B.png","contentUrl":"https:\/\/zkeshop.sk\/wp-content\/uploads\/2025\/01\/Copy-of-Calmwise-Serum-B.png","width":2000,"height":2000,"caption":"Poko\u017eka so sklonmi k za\u010dervenaniu \u010dasto pne, p\u00e1li a \u0161t\u00edpe. CALMWISE SERUM poskytuje od v\u0161etk\u00fdch t\u00fdchto prejavov intenz\u00edvnu \u00fa\u013eavu."},{"@type":"BreadcrumbList","@id":"https:\/\/zkeshop.sk\/cs\/produkt\/medik-8-calmwise-serum\/#breadcrumb","itemListElement":[{"@type":"ListItem","position":1,"name":"Dom\u016f","item":"https:\/\/zkeshop.sk\/"},{"@type":"ListItem","position":2,"name":"Obchod","item":"https:\/\/zkeshop.sk\/obchod\/"},{"@type":"ListItem","position":3,"name":"Medik 8 Calmwise Serum"}]},{"@type":"WebSite","@id":"https:\/\/zkeshop.sk\/#website","url":"https:\/\/zkeshop.sk\/","name":"ZK company","description":"Kvalitn\u00e1 kozmetika pre ka\u017edodenn\u00e9 pou\u017eitie","potentialAction":[{"@type":"SearchAction","target":{"@type":"EntryPoint","urlTemplate":"https:\/\/zkeshop.sk\/?s={search_term_string}"},"query-input":{"@type":"PropertyValueSpecification","valueRequired":true,"valueName":"search_term_string"}}],"inLanguage":"cs"}]},"product_price_amount":"46.00","product_price_currency":"EUR","og_availability":"instock","product_availability":"instock","product_condition":"new"},"_links":{"self":[{"href":"https:\/\/zkeshop.sk\/cs\/wp-json\/wp\/v2\/product\/15066","targetHints":{"allow":["GET"]}}],"collection":[{"href":"https:\/\/zkeshop.sk\/cs\/wp-json\/wp\/v2\/product"}],"about":[{"href":"https:\/\/zkeshop.sk\/cs\/wp-json\/wp\/v2\/types\/product"}],"replies":[{"embeddable":true,"href":"https:\/\/zkeshop.sk\/cs\/wp-json\/wp\/v2\/comments?post=15066"}],"version-history":[{"count":0,"href":"https:\/\/zkeshop.sk\/cs\/wp-json\/wp\/v2\/product\/15066\/revisions"}],"wp:featuredmedia":[{"embeddable":true,"href":"https:\/\/zkeshop.sk\/cs\/wp-json\/wp\/v2\/media\/14312"}],"wp:attachment":[{"href":"https:\/\/zkeshop.sk\/cs\/wp-json\/wp\/v2\/media?parent=15066"}],"wp:term":[{"taxonomy":"product_brand","embeddable":true,"href":"https:\/\/zkeshop.sk\/cs\/wp-json\/wp\/v2\/product_brand?post=15066"},{"taxonomy":"product_cat","embeddable":true,"href":"https:\/\/zkeshop.sk\/cs\/wp-json\/wp\/v2\/product_cat?post=15066"},{"taxonomy":"product_tag","embeddable":true,"href":"https:\/\/zkeshop.sk\/cs\/wp-json\/wp\/v2\/product_tag?post=15066"}],"curies":[{"name":"wp","href":"https:\/\/api.w.org\/{rel}","templated":true}]}}