{"id":15067,"date":"2025-01-14T18:21:33","date_gmt":"2025-01-14T17:21:33","guid":{"rendered":"https:\/\/zkeshop.sk\/produkt\/medik-8-pore-cleanse-gel-intense\/"},"modified":"2025-05-05T23:05:46","modified_gmt":"2025-05-05T21:05:46","slug":"medik-8-pore-cleanse-gel-intense","status":"publish","type":"product","link":"https:\/\/zkeshop.sk\/cs\/produkt\/medik-8-pore-cleanse-gel-intense\/","title":{"rendered":"Medik 8 Pore Cleanse Gel Intense"},"content":{"rendered":"<h5 class=\"eshop-product-detail__subtitle\">\u010cistic\u00ed gel na ucpan\u00e9 p\u00f3ry<\/h5>\n<div class=\"eshop-product-detail__perex\">\n<p>S PORE CLEANSE GEL INTENSE s kyselinou L-Mandlovou se ji\u017e nemus\u00edte pot\u00fdkat s roz\u0161\u00ed\u0159en\u00fdmi p\u00f3ry a \u010dern\u00fdmi te\u010dkami na nose a po cel\u00e9m obli\u010deji. Trojit\u00e1 s\u00edla exfoliace v\u00e1s jich kone\u010dn\u011b zbav\u00ed!<\/p>\n<h2>Hloubkov\u011b \u010dist\u00ed \u010dern\u00e9 te\u010dky<\/h2>\n<p>Hloubkov\u00e9 \u010di\u0161t\u011bn\u00ed p\u00f3r\u016f a odstra\u0148ov\u00e1n\u00ed ne\u010distot z pleti pro ka\u017ed\u00fd den, to je PORE CLEANSE GEL INTENSE. Hlavn\u00ed \u00fa\u010dinnou l\u00e1tkou je v\u00fdta\u017eek z jetele, kter\u00fd zpev\u0148uje st\u011bny p\u00f3r\u016f, stahuje <a href=\"https:\/\/www.annabrandejs.sk\/slovnik-pojmov\/rozsirene-pory-a1963\">roz\u0161\u00ed\u0159en\u00e9 p\u00f3ry<\/a> a sni\u017euje zv\u00fd\u0161enou tvorbu <a href=\"https:\/\/www.annabrandejs.sk\/slovnik-pojmov\/kozny-maz-a2074\">ko\u017en\u00edho mazu<\/a>, jednu z hlavn\u00edch p\u0159\u00ed\u010din nedokonalost\u00ed pleti.<\/p>\n<h2>Osv\u011b\u017euj\u00edc\u00ed p\u00e9\u010de pro mastnou ple\u0165 se sklonem k akn\u00e9<\/h2>\n<ul>\n<li>Zpev\u0148uje a stahuje roz\u0161\u00ed\u0159en\u00e9 p\u00f3ry<\/li>\n<li>Odstra\u0148uje ne\u017e\u00e1douc\u00ed ko\u017en\u00ed maz z poko\u017eky<\/li>\n<li>Sni\u017euje lesk pleti<\/li>\n<li>Hydratuje<\/li>\n<li>Ple\u0165 je z\u00e1\u0159iv\u00e1, vyhlazen\u00e1 a povrchov\u011b sjednocen\u00e1<\/li>\n<li>S osv\u011b\u017euj\u00edc\u00ed v\u016fn\u00ed m\u00e1ty a levandule.<\/li>\n<\/ul>\n<h2>Dvojit\u00e1 exfoliace t\u0159emi kyselinami<\/h2>\n<p>PORE CLEANSE GEL INTENSE je obohacen o aktivn\u00ed hydroxykyseliny &#8211; <a href=\"https:\/\/www.annabrandejs.sk\/slovnik-pojmov\/aha-kyseliny-a1944\">alfa-hydroxykyselinu<\/a> <a href=\"https:\/\/www.annabrandejs.sk\/slovnik-pojmov\/kyselina-mliecna-a2196\">ml\u00e9\u010dnou<\/a>, <a href=\"https:\/\/www.annabrandejs.sk\/slovnik-pojmov\/kyselina-lmandlova-a2193\">kyselinu L-mandlovou<\/a> a <a href=\"https:\/\/www.annabrandejs.sk\/slovnik-pojmov\/bha-kyseliny-a1994\">beta-hydroxykyselinu<\/a> <a href=\"https:\/\/www.annabrandejs.sk\/slovnik-pojmov\/kyselina-salicylova-a1962\">salicylovou<\/a>. D\u00edky tomu minimalizuje viditelnost roz\u0161\u00ed\u0159en\u00fdch p\u00f3r\u016f a sni\u017euje ne\u017e\u00e1douc\u00ed lesk na pleti, kter\u00e1 tak z\u00edsk\u00e1v\u00e1 bezchybn\u00fd vzhled.<\/p>\n<h2>U\u017e \u017e\u00e1dn\u00e9 brn\u011bn\u00ed nebo sv\u011bd\u011bn\u00ed k\u016f\u017ee<\/h2>\n<p>D\u00edky obsa\u017een\u00e9mu <a href=\"https:\/\/www.annabrandejs.sk\/slovnik-pojmov\/glycerin-a2107\">glycerinu<\/a> nebude va\u0161e ple\u0165 such\u00e1 jako po pou\u017eit\u00ed n\u011bkter\u00fdch jin\u00fdch p\u0159\u00edpravk\u016f ur\u010den\u00fdch pro p\u00e9\u010di o mastnou ple\u0165, ale naopak bude zjemn\u011bn\u00e1, hydratovan\u00e1 a vyhlazen\u00e1. Tento \u010distic\u00ed gel se snadno sm\u00fdv\u00e1 z pleti, kter\u00e1 je po umyt\u00ed z\u00e1\u0159iv\u00e1, vyhlazen\u00e1 a bez viditeln\u00fdch p\u00f3r\u016f.<\/p>\n<h2>Dokonal\u00e1 kyselina L-medelov\u00e1<\/h2>\n<p>Kyselina L-mandlov\u00e1 je alfa-hydroxykyselina s vlastnostmi beta-hydroxykyseliny, kter\u00e1 je rozpustn\u00e1 ve vod\u011b i v tuc\u00edch. D\u00edky tomu se dob\u0159e dost\u00e1v\u00e1 do p\u00f3r\u016f a odstra\u0148uje z nich ne\u010distoty. Jemn\u011b <a href=\"https:\/\/www.annabrandejs.sk\/slovnik-pojmov\/exfoliacia-a2057\">exfoliuje<\/a> na povrchu poko\u017eky, kde odstra\u0148uje odum\u0159el\u00e9 ko\u017en\u00ed bu\u0148ky. Jako velk\u00e1 molekula se nevst\u0159eb\u00e1v\u00e1 tak hluboko do poko\u017eky jako jin\u00e1 alfa-hydroxykyselina kyselina <a href=\"https:\/\/www.annabrandejs.sk\/slovnik-pojmov\/kyselina-glykolova-a2119\">glykolov\u00e1<\/a>, co\u017e z n\u00ed \u010din\u00ed ide\u00e1ln\u00ed \u00fa\u010dinnou l\u00e1tku i pro citlivou ple\u0165.<\/p>\n<h2>Obsahuje extrakt z \u010derven\u00e9ho jetele<\/h2>\n<p>Extrakt z jetele sni\u017euje tvorbu ko\u017en\u00edho mazu a m\u00e1 stahuj\u00edc\u00ed \u00fa\u010dinek, tj. stahuje roz\u0161\u00ed\u0159en\u00e9 p\u00f3ry a minimalizuje jejich viditelnost. Krom\u011b toho stimuluje obnovu ko\u017en\u00edch bun\u011bk.<\/p>\n<p>Jetel lu\u010dn\u00ed poch\u00e1z\u00ed z Evropy, z\u00e1padn\u00ed Asie a severoz\u00e1padn\u00ed Afriky, ale roste po cel\u00e9m sv\u011bt\u011b. V tradi\u010dn\u00ed medic\u00edn\u011b se pou\u017e\u00edv\u00e1 ke zm\u00edrn\u011bn\u00ed z\u00e1n\u011bt\u016f v t\u011ble. Jeho fialov\u011b \u010derven\u00fd kv\u011bt je pln\u00fd vitamin\u016f a dal\u0161\u00edch \u017eivin, kter\u00e9 pe\u010duj\u00ed o poko\u017eku. Jeho v\u00fdta\u017eek p\u016fsob\u00ed proti roz\u0161\u00ed\u0159en\u00fdm p\u00f3r\u016fm t\u0159emi zp\u016fsoby:<\/p>\n<ul>\n<li>inhibuje aktivitu <a href=\"https:\/\/www.annabrandejs.sk\/slovnik-pojmov\/enzym-a1999\">enzymu, kter\u00fd<\/a> ovliv\u0148uje tvorbu ko\u017en\u00edho mazu, a t\u00edm zabra\u0148uje jeho ukl\u00e1d\u00e1n\u00ed v p\u00f3rech.<\/li>\n<li>urychluje proces deskvamace, tj. obnovy ko\u017en\u00edch bun\u011bk, \u010d\u00edm\u017e zabra\u0148uje hromad\u011bn\u00ed odum\u0159el\u00fdch ko\u017en\u00edch bun\u011bk ve st\u011bn\u00e1ch p\u00f3r\u016f a vzniku dal\u0161\u00edch nedokonalost\u00ed pleti.<\/li>\n<li>viditeln\u011b stahuje p\u00f3ry<\/li>\n<\/ul>\n<h2>S\u00edla t\u0159\u00ed kyselin a glycerinu<\/h2>\n<p>K<strong>yselina L-medelov\u00e1:<\/strong> Jemn\u011b exfolia\u010dn\u00ed alfa-hydroxykyselina ve spr\u00e1vn\u00e9 chir\u00e1ln\u00ed form\u011b, kter\u00e1 p\u016fsob\u00ed jak na povrchu poko\u017eky, tak uvnit\u0159 p\u00f3r\u016f a poskytuje jemnou, ale hloubkovou exfoliaci.<\/p>\n<p>K<strong>yselina L-ml\u00e9\u010dn\u00e1:<\/strong> Jemn\u00e1 alfa-hydroxykyselina, kter\u00e1 zaji\u0161\u0165uje exfoliaci vrchn\u00edch vrstev poko\u017eky a z\u00e1rove\u0148 poskytuje hydrataci pro dokonal\u00fd vzhled a pocit vy\u010di\u0161t\u011bn\u00e9 pleti.<\/p>\n<p>K<strong>yselina salicylov\u00e1:<\/strong> Beta-hydroxykyselina, kter\u00e1 uvol\u0148uje p\u00f3ry pln\u00e9 ko\u017en\u00edho mazu, odum\u0159el\u00fdch ko\u017en\u00edch bun\u011bk a dal\u0161\u00edch ne\u010distot. V\u00fdsledkem je redukce nedokonalost\u00ed pleti a zlep\u0161en\u00ed vzhledu roz\u0161\u00ed\u0159en\u00fdch p\u00f3r\u016f.<\/p>\n<p>G<strong>lycerin:<\/strong> Hydrata\u010dn\u00ed slo\u017eka, kter\u00e1 pom\u00e1h\u00e1 udr\u017eet vlhkost v poko\u017ece a zanech\u00e1v\u00e1 ji hebkou a vl\u00e1\u010dnou.<\/p>\n<h2>R\u00e1no a ve\u010der proti roz\u0161\u00ed\u0159en\u00fdm p\u00f3r\u016fm<\/h2>\n<ul>\n<li>Ka\u017ed\u00e9 r\u00e1no a ve\u010der naneste mal\u00e9 mno\u017estv\u00ed PORE CLEANSE GEL INTENSE do dlan\u00ed a vmas\u00edrujte jej do navlh\u010den\u00e9 poko\u017eky obli\u010deje a krku. Vzniklou p\u011bnu opl\u00e1chn\u011bte vodou a jemn\u011b ple\u0165 osu\u0161te. N\u00e1sledn\u011b pou\u017eijte sv\u00e9 obl\u00edben\u00e9 s\u00e9rum nebo hydrata\u010dn\u00ed p\u0159\u00edpravek.<\/li>\n<li>U such\u00e9 pleti pou\u017e\u00edvejte lok\u00e1ln\u011b nebo pouze na mastnou T-z\u00f3nu jednou za t\u0159i dny.<\/li>\n<li>Balen\u00ed o objemu 150 ml vysta\u010d\u00ed a\u017e na 100 aplikac\u00ed, tak\u017ee m\u016f\u017eete \u010distit ple\u0165 a\u017e dva m\u011bs\u00edce.<\/li>\n<\/ul>\n<\/div>\n","protected":false},"excerpt":{"rendered":"<h5 class=\"eshop-product-detail__subtitle\">\u010cistic\u00ed gel na ucpan\u00e9 p\u00f3ry<\/h5>\n<div class=\"eshop-product-detail__perex\">\n<p>S PORE CLEANSE GEL INTENSE s kyselinou mandlovou se ji\u017e nemus\u00edte pot\u00fdkat s roz\u0161\u00ed\u0159en\u00fdmi p\u00f3ry a \u010dern\u00fdmi te\u010dkami na nose a po cel\u00e9m obli\u010deji. Trojit\u00e1 s\u00edla exfoliace v\u00e1s jich kone\u010dn\u011b zbav\u00ed!<\/p>\n<\/div>\n","protected":false},"featured_media":14300,"comment_status":"open","ping_status":"closed","template":"","meta":[],"product_brand":[],"product_cat":[177,206,181,200,208,185,87],"product_tag":[159],"class_list":{"0":"post-15067","1":"product","2":"type-product","3":"status-publish","4":"has-post-thumbnail","6":"product_cat-aknozni-plet","7":"product_cat-den-cs","8":"product_cat-mastna-plet-cs","9":"product_cat-medik8-cs","10":"product_cat-noc-cs","11":"product_cat-normalni-plet","12":"product_cat-pletova-kosmetika","13":"product_tag-medik8","15":"first","16":"instock","17":"taxable","18":"shipping-taxable","19":"purchasable","20":"product-type-simple"},"yoast_head":"<!-- This site is optimized with the Yoast SEO Premium plugin v27.3 (Yoast SEO v27.3) - https:\/\/yoast.com\/product\/yoast-seo-premium-wordpress\/ -->\n<title>Medik 8 Pore Cleanse Gel Intense - ZK company<\/title>\n<meta name=\"description\" content=\"S PORE CLEANSE GEL INTENSE s kyselinou L-Mandlovou se ji\u017e nemus\u00edte pot\u00fdkat s roz\u0161\u00ed\u0159en\u00fdmi p\u00f3ry a \u010dern\u00fdmi te\u010dkami na nose a po cel\u00e9m obli\u010deji.\" \/>\n<meta name=\"robots\" content=\"index, follow, max-snippet:-1, max-image-preview:large, max-video-preview:-1\" \/>\n<link rel=\"canonical\" href=\"https:\/\/zkeshop.sk\/cs\/produkt\/medik-8-pore-cleanse-gel-intense\/\" \/>\n<meta property=\"og:locale\" content=\"cs_CZ\" \/>\n<meta property=\"og:type\" content=\"article\" \/>\n<meta property=\"og:title\" content=\"Medik 8 Pore Cleanse Gel Intense\" \/>\n<meta property=\"og:description\" content=\"S PORE CLEANSE GEL INTENSE s kyselinou L-Mandlovou se ji\u017e nemus\u00edte pot\u00fdkat s roz\u0161\u00ed\u0159en\u00fdmi p\u00f3ry a \u010dern\u00fdmi te\u010dkami na nose a po cel\u00e9m obli\u010deji.\" \/>\n<meta property=\"og:url\" content=\"https:\/\/zkeshop.sk\/cs\/produkt\/medik-8-pore-cleanse-gel-intense\/\" \/>\n<meta property=\"og:site_name\" content=\"ZK company\" \/>\n<meta property=\"article:modified_time\" content=\"2025-05-05T21:05:46+00:00\" \/>\n<meta property=\"og:image\" content=\"https:\/\/zkeshop.sk\/wp-content\/uploads\/2025\/01\/Copy-of-Pore-Cleanse-Gel-Intense-A.png\" \/>\n\t<meta property=\"og:image:width\" content=\"2000\" \/>\n\t<meta property=\"og:image:height\" content=\"2000\" \/>\n\t<meta property=\"og:image:type\" content=\"image\/png\" \/>\n<meta name=\"twitter:card\" content=\"summary_large_image\" \/>\n<meta name=\"twitter:label1\" content=\"Cena\" \/>\n\t<meta name=\"twitter:data1\" content=\"27,00&nbsp;&euro;\" \/>\n\t<meta name=\"twitter:label2\" content=\"Dostupnost\" \/>\n\t<meta name=\"twitter:data2\" content=\"Skladem\" \/>\n<script type=\"application\/ld+json\" class=\"yoast-schema-graph\">{\"@context\":\"https:\\\/\\\/schema.org\",\"@graph\":[{\"@type\":\"WebPage\",\"@id\":\"https:\\\/\\\/zkeshop.sk\\\/cs\\\/produkt\\\/medik-8-pore-cleanse-gel-intense\\\/\",\"url\":\"https:\\\/\\\/zkeshop.sk\\\/cs\\\/produkt\\\/medik-8-pore-cleanse-gel-intense\\\/\",\"name\":\"Medik 8 Pore Cleanse Gel Intense - ZK company\",\"isPartOf\":{\"@id\":\"https:\\\/\\\/zkeshop.sk\\\/#website\"},\"primaryImageOfPage\":{\"@id\":\"https:\\\/\\\/zkeshop.sk\\\/cs\\\/produkt\\\/medik-8-pore-cleanse-gel-intense\\\/#primaryimage\"},\"image\":{\"@id\":\"https:\\\/\\\/zkeshop.sk\\\/cs\\\/produkt\\\/medik-8-pore-cleanse-gel-intense\\\/#primaryimage\"},\"thumbnailUrl\":\"https:\\\/\\\/zkeshop.sk\\\/wp-content\\\/uploads\\\/2025\\\/01\\\/Copy-of-Pore-Cleanse-Gel-Intense-A.png\",\"datePublished\":\"2025-01-14T17:21:33+00:00\",\"dateModified\":\"2025-05-05T21:05:46+00:00\",\"description\":\"S PORE CLEANSE GEL INTENSE s kyselinou L-Mandlovou se ji\u017e nemus\u00edte pot\u00fdkat s roz\u0161\u00ed\u0159en\u00fdmi p\u00f3ry a \u010dern\u00fdmi te\u010dkami na nose a po cel\u00e9m obli\u010deji.\",\"breadcrumb\":{\"@id\":\"https:\\\/\\\/zkeshop.sk\\\/cs\\\/produkt\\\/medik-8-pore-cleanse-gel-intense\\\/#breadcrumb\"},\"inLanguage\":\"cs\",\"potentialAction\":[{\"@type\":\"ReadAction\",\"target\":[\"https:\\\/\\\/zkeshop.sk\\\/cs\\\/produkt\\\/medik-8-pore-cleanse-gel-intense\\\/\"]}]},{\"@type\":\"ImageObject\",\"inLanguage\":\"cs\",\"@id\":\"https:\\\/\\\/zkeshop.sk\\\/cs\\\/produkt\\\/medik-8-pore-cleanse-gel-intense\\\/#primaryimage\",\"url\":\"https:\\\/\\\/zkeshop.sk\\\/wp-content\\\/uploads\\\/2025\\\/01\\\/Copy-of-Pore-Cleanse-Gel-Intense-A.png\",\"contentUrl\":\"https:\\\/\\\/zkeshop.sk\\\/wp-content\\\/uploads\\\/2025\\\/01\\\/Copy-of-Pore-Cleanse-Gel-Intense-A.png\",\"width\":2000,\"height\":2000,\"caption\":\"S g\u00e9lom na \u010distenie p\u00f3rov s kyselinou L-mand\u013eovou PORE CLEANSE GEL INTENSE u\u017e nemus\u00edte rie\u0161i\u0165 roz\u0161\u00edren\u00e9 p\u00f3ry a \u010dierne bodky na nose a po celej tv\u00e1ri.\"},{\"@type\":\"BreadcrumbList\",\"@id\":\"https:\\\/\\\/zkeshop.sk\\\/cs\\\/produkt\\\/medik-8-pore-cleanse-gel-intense\\\/#breadcrumb\",\"itemListElement\":[{\"@type\":\"ListItem\",\"position\":1,\"name\":\"Dom\u016f\",\"item\":\"https:\\\/\\\/zkeshop.sk\\\/\"},{\"@type\":\"ListItem\",\"position\":2,\"name\":\"Obchod\",\"item\":\"https:\\\/\\\/zkeshop.sk\\\/obchod\\\/\"},{\"@type\":\"ListItem\",\"position\":3,\"name\":\"Medik 8 Pore Cleanse Gel Intense\"}]},{\"@type\":\"WebSite\",\"@id\":\"https:\\\/\\\/zkeshop.sk\\\/#website\",\"url\":\"https:\\\/\\\/zkeshop.sk\\\/\",\"name\":\"ZK company\",\"description\":\"Kvalitn\u00e1 kozmetika pre ka\u017edodenn\u00e9 pou\u017eitie\",\"potentialAction\":[{\"@type\":\"SearchAction\",\"target\":{\"@type\":\"EntryPoint\",\"urlTemplate\":\"https:\\\/\\\/zkeshop.sk\\\/?s={search_term_string}\"},\"query-input\":{\"@type\":\"PropertyValueSpecification\",\"valueRequired\":true,\"valueName\":\"search_term_string\"}}],\"inLanguage\":\"cs\"}]}<\/script>\n<meta property=\"product:price:amount\" content=\"27.00\" \/>\n<meta property=\"product:price:currency\" content=\"EUR\" \/>\n<meta property=\"og:availability\" content=\"instock\" \/>\n<meta property=\"product:availability\" content=\"instock\" \/>\n<meta property=\"product:condition\" content=\"new\" \/>\n<!-- \/ Yoast SEO Premium plugin. -->","yoast_head_json":{"title":"Medik 8 Pore Cleanse Gel Intense - ZK company","description":"S PORE CLEANSE GEL INTENSE s kyselinou L-Mandlovou se ji\u017e nemus\u00edte pot\u00fdkat s roz\u0161\u00ed\u0159en\u00fdmi p\u00f3ry a \u010dern\u00fdmi te\u010dkami na nose a po cel\u00e9m obli\u010deji.","robots":{"index":"index","follow":"follow","max-snippet":"max-snippet:-1","max-image-preview":"max-image-preview:large","max-video-preview":"max-video-preview:-1"},"canonical":"https:\/\/zkeshop.sk\/cs\/produkt\/medik-8-pore-cleanse-gel-intense\/","og_locale":"cs_CZ","og_type":"article","og_title":"Medik 8 Pore Cleanse Gel Intense","og_description":"S PORE CLEANSE GEL INTENSE s kyselinou L-Mandlovou se ji\u017e nemus\u00edte pot\u00fdkat s roz\u0161\u00ed\u0159en\u00fdmi p\u00f3ry a \u010dern\u00fdmi te\u010dkami na nose a po cel\u00e9m obli\u010deji.","og_url":"https:\/\/zkeshop.sk\/cs\/produkt\/medik-8-pore-cleanse-gel-intense\/","og_site_name":"ZK company","article_modified_time":"2025-05-05T21:05:46+00:00","og_image":[{"width":2000,"height":2000,"url":"https:\/\/zkeshop.sk\/wp-content\/uploads\/2025\/01\/Copy-of-Pore-Cleanse-Gel-Intense-A.png","type":"image\/png"}],"twitter_card":"summary_large_image","twitter_misc":{"Cena":"27,00&nbsp;&euro;","Dostupnost":"Skladem"},"schema":{"@context":"https:\/\/schema.org","@graph":[{"@type":"WebPage","@id":"https:\/\/zkeshop.sk\/cs\/produkt\/medik-8-pore-cleanse-gel-intense\/","url":"https:\/\/zkeshop.sk\/cs\/produkt\/medik-8-pore-cleanse-gel-intense\/","name":"Medik 8 Pore Cleanse Gel Intense - ZK company","isPartOf":{"@id":"https:\/\/zkeshop.sk\/#website"},"primaryImageOfPage":{"@id":"https:\/\/zkeshop.sk\/cs\/produkt\/medik-8-pore-cleanse-gel-intense\/#primaryimage"},"image":{"@id":"https:\/\/zkeshop.sk\/cs\/produkt\/medik-8-pore-cleanse-gel-intense\/#primaryimage"},"thumbnailUrl":"https:\/\/zkeshop.sk\/wp-content\/uploads\/2025\/01\/Copy-of-Pore-Cleanse-Gel-Intense-A.png","datePublished":"2025-01-14T17:21:33+00:00","dateModified":"2025-05-05T21:05:46+00:00","description":"S PORE CLEANSE GEL INTENSE s kyselinou L-Mandlovou se ji\u017e nemus\u00edte pot\u00fdkat s roz\u0161\u00ed\u0159en\u00fdmi p\u00f3ry a \u010dern\u00fdmi te\u010dkami na nose a po cel\u00e9m obli\u010deji.","breadcrumb":{"@id":"https:\/\/zkeshop.sk\/cs\/produkt\/medik-8-pore-cleanse-gel-intense\/#breadcrumb"},"inLanguage":"cs","potentialAction":[{"@type":"ReadAction","target":["https:\/\/zkeshop.sk\/cs\/produkt\/medik-8-pore-cleanse-gel-intense\/"]}]},{"@type":"ImageObject","inLanguage":"cs","@id":"https:\/\/zkeshop.sk\/cs\/produkt\/medik-8-pore-cleanse-gel-intense\/#primaryimage","url":"https:\/\/zkeshop.sk\/wp-content\/uploads\/2025\/01\/Copy-of-Pore-Cleanse-Gel-Intense-A.png","contentUrl":"https:\/\/zkeshop.sk\/wp-content\/uploads\/2025\/01\/Copy-of-Pore-Cleanse-Gel-Intense-A.png","width":2000,"height":2000,"caption":"S g\u00e9lom na \u010distenie p\u00f3rov s kyselinou L-mand\u013eovou PORE CLEANSE GEL INTENSE u\u017e nemus\u00edte rie\u0161i\u0165 roz\u0161\u00edren\u00e9 p\u00f3ry a \u010dierne bodky na nose a po celej tv\u00e1ri."},{"@type":"BreadcrumbList","@id":"https:\/\/zkeshop.sk\/cs\/produkt\/medik-8-pore-cleanse-gel-intense\/#breadcrumb","itemListElement":[{"@type":"ListItem","position":1,"name":"Dom\u016f","item":"https:\/\/zkeshop.sk\/"},{"@type":"ListItem","position":2,"name":"Obchod","item":"https:\/\/zkeshop.sk\/obchod\/"},{"@type":"ListItem","position":3,"name":"Medik 8 Pore Cleanse Gel Intense"}]},{"@type":"WebSite","@id":"https:\/\/zkeshop.sk\/#website","url":"https:\/\/zkeshop.sk\/","name":"ZK company","description":"Kvalitn\u00e1 kozmetika pre ka\u017edodenn\u00e9 pou\u017eitie","potentialAction":[{"@type":"SearchAction","target":{"@type":"EntryPoint","urlTemplate":"https:\/\/zkeshop.sk\/?s={search_term_string}"},"query-input":{"@type":"PropertyValueSpecification","valueRequired":true,"valueName":"search_term_string"}}],"inLanguage":"cs"}]},"product_price_amount":"27.00","product_price_currency":"EUR","og_availability":"instock","product_availability":"instock","product_condition":"new"},"_links":{"self":[{"href":"https:\/\/zkeshop.sk\/cs\/wp-json\/wp\/v2\/product\/15067","targetHints":{"allow":["GET"]}}],"collection":[{"href":"https:\/\/zkeshop.sk\/cs\/wp-json\/wp\/v2\/product"}],"about":[{"href":"https:\/\/zkeshop.sk\/cs\/wp-json\/wp\/v2\/types\/product"}],"replies":[{"embeddable":true,"href":"https:\/\/zkeshop.sk\/cs\/wp-json\/wp\/v2\/comments?post=15067"}],"version-history":[{"count":0,"href":"https:\/\/zkeshop.sk\/cs\/wp-json\/wp\/v2\/product\/15067\/revisions"}],"wp:featuredmedia":[{"embeddable":true,"href":"https:\/\/zkeshop.sk\/cs\/wp-json\/wp\/v2\/media\/14300"}],"wp:attachment":[{"href":"https:\/\/zkeshop.sk\/cs\/wp-json\/wp\/v2\/media?parent=15067"}],"wp:term":[{"taxonomy":"product_brand","embeddable":true,"href":"https:\/\/zkeshop.sk\/cs\/wp-json\/wp\/v2\/product_brand?post=15067"},{"taxonomy":"product_cat","embeddable":true,"href":"https:\/\/zkeshop.sk\/cs\/wp-json\/wp\/v2\/product_cat?post=15067"},{"taxonomy":"product_tag","embeddable":true,"href":"https:\/\/zkeshop.sk\/cs\/wp-json\/wp\/v2\/product_tag?post=15067"}],"curies":[{"name":"wp","href":"https:\/\/api.w.org\/{rel}","templated":true}]}}