{"id":15082,"date":"2025-01-30T09:32:57","date_gmt":"2025-01-30T08:32:57","guid":{"rendered":"https:\/\/zkeshop.sk\/produkt\/medik-8-advanced-night-restore-cestovni-baleni\/"},"modified":"2025-05-06T14:43:43","modified_gmt":"2025-05-06T12:43:43","slug":"medik-8-advanced-night-restore-cestovni-baleni","status":"publish","type":"product","link":"https:\/\/zkeshop.sk\/cs\/produkt\/medik-8-advanced-night-restore-cestovni-baleni\/","title":{"rendered":"Medik 8 Advanced Night Restore &#8211; cestovn\u00ed balen\u00ed"},"content":{"rendered":"<h5 class=\"eshop-product-detail__subtitle\">Hloubkov\u011b hydrata\u010dn\u00ed no\u010dn\u00ed kr\u00e9m<\/h5>\n<div class=\"eshop-product-detail__perex\">\n<p>Omla\u010fte svou ple\u0165 p\u0159es noc t\u00edmto hydrata\u010dn\u00edm kr\u00e9mem a probu\u010fte se ka\u017ed\u00e9 r\u00e1no se sv\u011b\u017e\u00ed, z\u00e1\u0159ivou a rozjasn\u011bnou plet\u00ed. ADVANCED NIGHT RESTORE zastavuje proces st\u00e1rnut\u00ed a vyhlazuje ji\u017e vznikl\u00e9 vr\u00e1sky.<\/p>\n<h2>No\u010dn\u00ed kr\u00e9m s ceramidy<\/h2>\n<p>ADVANCED NIGHT RESTORE je no\u010dn\u00ed hydrata\u010dn\u00ed kr\u00e9m s obsahem ceramid\u016f v optim\u00e1ln\u00edm pom\u011bru, kter\u00fd zaji\u0161\u0165uje nejlep\u0161\u00ed pronik\u00e1n\u00ed a pou\u017eit\u00ed v hlub\u0161\u00edch vrstv\u00e1ch poko\u017eky. Komplex ceramidu 1, ceramidu 3, cholesterolu a mastn\u00fdch kyselin pom\u00e1h\u00e1 zv\u011bt\u0161it objem a hydratovat ple\u0165 a z\u00e1rove\u0148 obnovuje jej\u00ed p\u0159irozenou ochrannou bari\u00e9ru.<\/p>\n<h2>P\u016fsob\u00ed b\u011bhem sp\u00e1nku<\/h2>\n<p>Krom\u011b ADVANCED NIGHT RESTORE Midnight Repair Complex\u2122, kter\u00fd obsahuje komplex slo\u017eek ur\u010den\u00fdch k omlazen\u00ed pleti p\u0159es noc, obsahuje tak\u00e9 siln\u00e9 antioxidanty, jako je extrakt z dra\u010d\u00edho ovoce, alja\u0161sk\u00e9 bor\u016fvky (muchovn\u00edk) a peptidy obnovuj\u00edc\u00ed ple\u0165, kter\u00e9 spole\u010dn\u011b stimuluj\u00ed omlazen\u00ed ko\u017en\u00edch bun\u011bk b\u011bhem noci. Zabra\u0148uje tak\u00e9 po\u0161kozen\u00ed pleti voln\u00fdmi radik\u00e1ly, kter\u00e9 se v n\u00ed nahromadily v d\u016fsledku vn\u011bj\u0161\u00edho zne\u010di\u0161t\u011bn\u00ed a ultrafialov\u00e9ho z\u00e1\u0159en\u00ed. Kdy\u017e se r\u00e1no probud\u00edte, va\u0161e unaven\u00e1 a mdl\u00e1 ple\u0165 bude osv\u011b\u017een\u00e1, hydratovan\u00e1, z\u00e1\u0159iv\u00e1 a rozjasn\u011bn\u00e1.<\/p>\n<h2>Probu\u010fte se o n\u011bkolik let mlad\u0161\u00ed<\/h2>\n<ul>\n<li>Omlazen\u00ed pleti p\u0159es noc<\/li>\n<li>Podporuje p\u0159irozenou tvorbu kolagenu, vyhlazuje a zpev\u0148uje poko\u017eku<\/li>\n<li>Pom\u00e1h\u00e1 redukovat vr\u00e1sky a zn\u00e1mky st\u00e1rnut\u00ed<\/li>\n<li>Rozjas\u0148uje ple\u0165<\/li>\n<li>Obnovuje, chr\u00e1n\u00ed a zklid\u0148uje poko\u017eku b\u011bhem noci<\/li>\n<\/ul>\n<h2>\u00daleva pro suchou poko\u017eku<\/h2>\n<ul>\n<li>M\u00e1 intenzivn\u00ed hydrata\u010dn\u00ed a revitaliza\u010dn\u00ed \u00fa\u010dinek.<\/li>\n<li>Poskytuje maxim\u00e1ln\u00ed no\u010dn\u00ed hydrataci<\/li>\n<li>Odstra\u0148uje nep\u0159\u00edjemn\u00fd pocit napjat\u00e9 poko\u017eky<\/li>\n<\/ul>\n<h2>Ve\u010dern\u00ed vo\u0148av\u00e1 relaxace<\/h2>\n<ul>\n<li>Zklid\u0148uj\u00edc\u00ed v\u016fn\u011b levandule, sladk\u00e9ho pomeran\u010dov\u00e9ho oleje a neroli.<\/li>\n<li>Kr\u00e9mov\u00e9 slo\u017een\u00ed, kter\u00e9 se rychle vst\u0159eb\u00e1v\u00e1<\/li>\n<li>Pou\u017eit\u00ed p\u0159es noc zaji\u0161\u0165uje dlouhou dobu \u00fa\u010dinku<\/li>\n<li>ADVANCED NIGHT RESTORE je vhodn\u00fd pro v\u0161echny typy pleti.<\/li>\n<\/ul>\n<h2>Ceramidy pro pos\u00edlen\u00ed poko\u017eky<\/h2>\n<p>C<strong>eramidov\u00fd komplex:<\/strong> Sm\u011bs ceramidu 1 a ceramidu 3 spolu s cholesterolem a mastn\u00fdmi kyselinami, kter\u00e9 napodobuj\u00ed vlastn\u00ed ochrannou bari\u00e9ru poko\u017eky, intenzivn\u011b obnovuje a pe\u010duje o ple\u0165. Ceramidy, cholesterol a mastn\u00e9 kyseliny se p\u0159irozen\u011b vyskytuj\u00ed v ko\u017en\u00edm pl\u00e1\u0161ti, kter\u00fd chr\u00e1n\u00ed ple\u0165 p\u0159ed vn\u011bj\u0161\u00edm podr\u00e1\u017ed\u011bn\u00edm a z\u00e1rove\u0148 zabra\u0148uje jej\u00edmu vysu\u0161ov\u00e1n\u00ed. P\u0159i pou\u017eit\u00ed tohoto komplexu v lok\u00e1ln\u011b aplikovan\u00fdch p\u0159\u00edpravc\u00edch je nutn\u00e9 kombinovat jeho \u010dty\u0159i slo\u017eky v takov\u00e9m optim\u00e1ln\u00edm pom\u011bru, kter\u00fd zajist\u00ed jejich snadn\u00e9 pronik\u00e1n\u00ed do ko\u017en\u00edho pl\u00e1\u0161t\u011b, ani\u017e by jej naru\u0161ovaly.<\/p>\n<h2>Antioxidanty proti p\u0159ed\u010dasn\u00e9mu st\u00e1rnut\u00ed<\/h2>\n<p>P<strong>eptid stimuluj\u00edc\u00ed obnovu bun\u011bk:<\/strong> hexapeptid \u017eeleza \u00fa\u010dinn\u011b neutralizuje voln\u00e9 radik\u00e1ly, jejich\u017e aktivita m\u016f\u017ee v\u00e9st k p\u0159ed\u010dasn\u00e9mu st\u00e1rnut\u00ed pleti v d\u016fsledku po\u0161kozen\u00ed ko\u017en\u00edch bun\u011bk a protein\u016f.<\/p>\n<p>A<strong>lja\u0161sk\u00e9 bor\u016fvky (alja\u0161sk\u00e1 ropu\u0161nice<\/strong>): Tato kanadsk\u00e1 superpotravina s jasn\u011b fialovou barvou je bohat\u00e1 na antokyany, siln\u00e9 antioxidanty s v\u00fdjime\u010dnou antioxida\u010dn\u00ed aktivitou proti \u0161kodliv\u00fdm voln\u00fdm radik\u00e1l\u016fm.<\/p>\n<p>E<strong>xtrakt z dra\u010d\u00edho ovoce:<\/strong> Extrakt se z\u00edsk\u00e1v\u00e1 z plod\u016f mexick\u00e9ho kaktusu kvetouc\u00edho v noci a je pln\u00fd antioxidant\u016f. Poskytuje pleti tonizaci a z\u00e1rove\u0148 ji zpev\u0148uje.<\/p>\n<p>N<strong>-acetylglukosamin:<\/strong> P\u0159irozen\u011b se v t\u011ble vyskytuj\u00edc\u00ed molekula, kter\u00e1 p\u016fsob\u00ed synergicky s retinolem, s n\u00edm\u017e spole\u010dn\u011b podporuje tvorbu kyseliny hyaluronov\u00e9 v poko\u017ece.<\/p>\n<p>V<strong>itamin E<\/strong><strong>:<\/strong> Antioxidant, kter\u00fd pom\u00e1h\u00e1 chr\u00e1nit poko\u017eku p\u0159ed po\u0161kozen\u00edm voln\u00fdmi radik\u00e1ly.<\/p>\n<h2>Kombinujte s retinolov\u00fdm s\u00e9rem<\/h2>\n<p>Nejlep\u0161\u00edho \u00fa\u010dinku proti st\u00e1rnut\u00ed pleti dos\u00e1hnete pou\u017eit\u00edm no\u010dn\u00edho kr\u00e9mu ADVANCED NIGHT RESTORE po aplikaci p\u0159\u00edpravku s vitaminem A, kdy doch\u00e1z\u00ed k maxim\u00e1ln\u00ed hydrataci, zpevn\u011bn\u00ed a zjemn\u011bn\u00ed pleti.<\/p>\n<h2>Dodejte sv\u00e9 pleti energii po n\u00e1ro\u010dn\u00e9m dni<\/h2>\n<ul>\n<li>Pou\u017e\u00edvejte jednou denn\u011b, ve\u010der po vy\u010di\u0161t\u011bn\u00ed pleti. Naneste mal\u00e9 mno\u017estv\u00ed na obli\u010dej a krk. Neaplikujte na o\u010dn\u00ed okol\u00ed. Nejprve pou\u017eijte hydrata\u010dn\u00ed nebo retinolov\u00e9 s\u00e9rum a pot\u00e9 naneste ADVANCED NIGHT RESTORE.<\/li>\n<li>Balen\u00ed s obsahem 12,5 ml, doba pou\u017eitelnosti po otev\u0159en\u00ed je 12 m\u011bs\u00edc\u016f.<\/li>\n<\/ul>\n<\/div>\n","protected":false},"excerpt":{"rendered":"<h5 class=\"eshop-product-detail__subtitle\">Hluboce hydrata\u010dn\u00ed no\u010dn\u00ed kr\u00e9m<\/h5>\n<div class=\"eshop-product-detail__perex\">\n<p>Omla\u010fte svou ple\u0165 p\u0159es noc t\u00edmto hydrata\u010dn\u00edm kr\u00e9mem a probu\u010fte se ka\u017ed\u00e9 r\u00e1no se sv\u011b\u017e\u00ed, z\u00e1\u0159ivou a jasnou plet\u00ed. ADVANCED NIGHT RESTORE zastavuje proces st\u00e1rnut\u00ed a vyhlazuje vr\u00e1sky.<\/p>\n<\/div>\n","protected":false},"featured_media":14674,"comment_status":"open","ping_status":"closed","template":"","meta":[],"product_brand":[],"product_cat":[202,200,208,185,87,188],"product_tag":[159],"class_list":{"0":"post-15082","1":"product","2":"type-product","3":"status-publish","4":"has-post-thumbnail","6":"product_cat-cestovni-baleni","7":"product_cat-medik8-cs","8":"product_cat-noc-cs","9":"product_cat-normalni-plet","10":"product_cat-pletova-kosmetika","11":"product_cat-sucha-plet-cs","12":"product_tag-medik8","14":"first","15":"instock","16":"taxable","17":"shipping-taxable","18":"purchasable","19":"product-type-simple"},"yoast_head":"<!-- This site is optimized with the Yoast SEO Premium plugin v27.3 (Yoast SEO v27.3) - https:\/\/yoast.com\/product\/yoast-seo-premium-wordpress\/ -->\n<title>Medik 8 Advanced Night Restore - cestovn\u00ed balen\u00ed - ZK company<\/title>\n<meta name=\"description\" content=\"Omla\u010fte svou ple\u0165 p\u0159es noc pomoc\u00ed hydrata\u010dn\u00edho kr\u00e9mu Advanced Night Restore a probu\u010fte se ka\u017ed\u00e9 r\u00e1no se sv\u011b\u017e\u00ed, z\u00e1\u0159ivou a rozjasn\u011bnou plet\u00ed.\" \/>\n<meta name=\"robots\" content=\"index, follow, max-snippet:-1, max-image-preview:large, max-video-preview:-1\" \/>\n<link rel=\"canonical\" href=\"https:\/\/zkeshop.sk\/cs\/produkt\/medik-8-advanced-night-restore-cestovni-baleni\/\" \/>\n<meta property=\"og:locale\" content=\"cs_CZ\" \/>\n<meta property=\"og:type\" content=\"article\" \/>\n<meta property=\"og:title\" content=\"Medik 8 Advanced Night Restore - cestovn\u00ed balen\u00ed\" \/>\n<meta property=\"og:description\" content=\"Omla\u010fte svou ple\u0165 p\u0159es noc pomoc\u00ed hydrata\u010dn\u00edho kr\u00e9mu Advanced Night Restore a probu\u010fte se ka\u017ed\u00e9 r\u00e1no se sv\u011b\u017e\u00ed, z\u00e1\u0159ivou a rozjasn\u011bnou plet\u00ed.\" \/>\n<meta property=\"og:url\" content=\"https:\/\/zkeshop.sk\/cs\/produkt\/medik-8-advanced-night-restore-cestovni-baleni\/\" \/>\n<meta property=\"og:site_name\" content=\"ZK company\" \/>\n<meta property=\"article:modified_time\" content=\"2025-05-06T12:43:43+00:00\" \/>\n<meta property=\"og:image\" content=\"https:\/\/zkeshop.sk\/wp-content\/uploads\/2025\/01\/copy-of-advanced-night-restore-12.5ml-cutout-for-print-e1738225770695.webp\" \/>\n\t<meta property=\"og:image:width\" content=\"1200\" \/>\n\t<meta property=\"og:image:height\" content=\"1200\" \/>\n\t<meta property=\"og:image:type\" content=\"image\/webp\" \/>\n<meta name=\"twitter:card\" content=\"summary_large_image\" \/>\n<meta name=\"twitter:label1\" content=\"Cena\" \/>\n\t<meta name=\"twitter:data1\" content=\"23,00&nbsp;&euro;\" \/>\n\t<meta name=\"twitter:label2\" content=\"Dostupnost\" \/>\n\t<meta name=\"twitter:data2\" content=\"Skladem\" \/>\n<script type=\"application\/ld+json\" class=\"yoast-schema-graph\">{\"@context\":\"https:\\\/\\\/schema.org\",\"@graph\":[{\"@type\":\"WebPage\",\"@id\":\"https:\\\/\\\/zkeshop.sk\\\/cs\\\/produkt\\\/medik-8-advanced-night-restore-cestovni-baleni\\\/\",\"url\":\"https:\\\/\\\/zkeshop.sk\\\/cs\\\/produkt\\\/medik-8-advanced-night-restore-cestovni-baleni\\\/\",\"name\":\"Medik 8 Advanced Night Restore - cestovn\u00ed balen\u00ed - ZK company\",\"isPartOf\":{\"@id\":\"https:\\\/\\\/zkeshop.sk\\\/#website\"},\"primaryImageOfPage\":{\"@id\":\"https:\\\/\\\/zkeshop.sk\\\/cs\\\/produkt\\\/medik-8-advanced-night-restore-cestovni-baleni\\\/#primaryimage\"},\"image\":{\"@id\":\"https:\\\/\\\/zkeshop.sk\\\/cs\\\/produkt\\\/medik-8-advanced-night-restore-cestovni-baleni\\\/#primaryimage\"},\"thumbnailUrl\":\"https:\\\/\\\/zkeshop.sk\\\/wp-content\\\/uploads\\\/2025\\\/01\\\/copy-of-advanced-night-restore-12.5ml-cutout-for-print-e1738225770695.webp\",\"datePublished\":\"2025-01-30T08:32:57+00:00\",\"dateModified\":\"2025-05-06T12:43:43+00:00\",\"description\":\"Omla\u010fte svou ple\u0165 p\u0159es noc pomoc\u00ed hydrata\u010dn\u00edho kr\u00e9mu Advanced Night Restore a probu\u010fte se ka\u017ed\u00e9 r\u00e1no se sv\u011b\u017e\u00ed, z\u00e1\u0159ivou a rozjasn\u011bnou plet\u00ed.\",\"breadcrumb\":{\"@id\":\"https:\\\/\\\/zkeshop.sk\\\/cs\\\/produkt\\\/medik-8-advanced-night-restore-cestovni-baleni\\\/#breadcrumb\"},\"inLanguage\":\"cs\",\"potentialAction\":[{\"@type\":\"ReadAction\",\"target\":[\"https:\\\/\\\/zkeshop.sk\\\/cs\\\/produkt\\\/medik-8-advanced-night-restore-cestovni-baleni\\\/\"]}]},{\"@type\":\"ImageObject\",\"inLanguage\":\"cs\",\"@id\":\"https:\\\/\\\/zkeshop.sk\\\/cs\\\/produkt\\\/medik-8-advanced-night-restore-cestovni-baleni\\\/#primaryimage\",\"url\":\"https:\\\/\\\/zkeshop.sk\\\/wp-content\\\/uploads\\\/2025\\\/01\\\/copy-of-advanced-night-restore-12.5ml-cutout-for-print-e1738225770695.webp\",\"contentUrl\":\"https:\\\/\\\/zkeshop.sk\\\/wp-content\\\/uploads\\\/2025\\\/01\\\/copy-of-advanced-night-restore-12.5ml-cutout-for-print-e1738225770695.webp\",\"width\":1200,\"height\":1200,\"caption\":\"Omla\u010fte svoju ple\u0165 cez noc s Advanced Night Restore hydrata\u010dn\u00fdm kr\u00e9mom a preb\u00fadzajte sa ka\u017ed\u00e9 r\u00e1no so svie\u017eou, \u017eiarivou a rozjasnenou ple\u0165ou.\"},{\"@type\":\"BreadcrumbList\",\"@id\":\"https:\\\/\\\/zkeshop.sk\\\/cs\\\/produkt\\\/medik-8-advanced-night-restore-cestovni-baleni\\\/#breadcrumb\",\"itemListElement\":[{\"@type\":\"ListItem\",\"position\":1,\"name\":\"Dom\u016f\",\"item\":\"https:\\\/\\\/zkeshop.sk\\\/\"},{\"@type\":\"ListItem\",\"position\":2,\"name\":\"Obchod\",\"item\":\"https:\\\/\\\/zkeshop.sk\\\/obchod\\\/\"},{\"@type\":\"ListItem\",\"position\":3,\"name\":\"Medik 8 Advanced Night Restore &#8211; cestovn\u00ed balen\u00ed\"}]},{\"@type\":\"WebSite\",\"@id\":\"https:\\\/\\\/zkeshop.sk\\\/#website\",\"url\":\"https:\\\/\\\/zkeshop.sk\\\/\",\"name\":\"ZK company\",\"description\":\"Kvalitn\u00e1 kozmetika pre ka\u017edodenn\u00e9 pou\u017eitie\",\"potentialAction\":[{\"@type\":\"SearchAction\",\"target\":{\"@type\":\"EntryPoint\",\"urlTemplate\":\"https:\\\/\\\/zkeshop.sk\\\/?s={search_term_string}\"},\"query-input\":{\"@type\":\"PropertyValueSpecification\",\"valueRequired\":true,\"valueName\":\"search_term_string\"}}],\"inLanguage\":\"cs\"}]}<\/script>\n<meta property=\"product:price:amount\" content=\"23.00\" \/>\n<meta property=\"product:price:currency\" content=\"EUR\" \/>\n<meta property=\"og:availability\" content=\"instock\" \/>\n<meta property=\"product:availability\" content=\"instock\" \/>\n<meta property=\"product:condition\" content=\"new\" \/>\n<!-- \/ Yoast SEO Premium plugin. -->","yoast_head_json":{"title":"Medik 8 Advanced Night Restore - cestovn\u00ed balen\u00ed - ZK company","description":"Omla\u010fte svou ple\u0165 p\u0159es noc pomoc\u00ed hydrata\u010dn\u00edho kr\u00e9mu Advanced Night Restore a probu\u010fte se ka\u017ed\u00e9 r\u00e1no se sv\u011b\u017e\u00ed, z\u00e1\u0159ivou a rozjasn\u011bnou plet\u00ed.","robots":{"index":"index","follow":"follow","max-snippet":"max-snippet:-1","max-image-preview":"max-image-preview:large","max-video-preview":"max-video-preview:-1"},"canonical":"https:\/\/zkeshop.sk\/cs\/produkt\/medik-8-advanced-night-restore-cestovni-baleni\/","og_locale":"cs_CZ","og_type":"article","og_title":"Medik 8 Advanced Night Restore - cestovn\u00ed balen\u00ed","og_description":"Omla\u010fte svou ple\u0165 p\u0159es noc pomoc\u00ed hydrata\u010dn\u00edho kr\u00e9mu Advanced Night Restore a probu\u010fte se ka\u017ed\u00e9 r\u00e1no se sv\u011b\u017e\u00ed, z\u00e1\u0159ivou a rozjasn\u011bnou plet\u00ed.","og_url":"https:\/\/zkeshop.sk\/cs\/produkt\/medik-8-advanced-night-restore-cestovni-baleni\/","og_site_name":"ZK company","article_modified_time":"2025-05-06T12:43:43+00:00","og_image":[{"width":1200,"height":1200,"url":"https:\/\/zkeshop.sk\/wp-content\/uploads\/2025\/01\/copy-of-advanced-night-restore-12.5ml-cutout-for-print-e1738225770695.webp","type":"image\/webp"}],"twitter_card":"summary_large_image","twitter_misc":{"Cena":"23,00&nbsp;&euro;","Dostupnost":"Skladem"},"schema":{"@context":"https:\/\/schema.org","@graph":[{"@type":"WebPage","@id":"https:\/\/zkeshop.sk\/cs\/produkt\/medik-8-advanced-night-restore-cestovni-baleni\/","url":"https:\/\/zkeshop.sk\/cs\/produkt\/medik-8-advanced-night-restore-cestovni-baleni\/","name":"Medik 8 Advanced Night Restore - cestovn\u00ed balen\u00ed - ZK company","isPartOf":{"@id":"https:\/\/zkeshop.sk\/#website"},"primaryImageOfPage":{"@id":"https:\/\/zkeshop.sk\/cs\/produkt\/medik-8-advanced-night-restore-cestovni-baleni\/#primaryimage"},"image":{"@id":"https:\/\/zkeshop.sk\/cs\/produkt\/medik-8-advanced-night-restore-cestovni-baleni\/#primaryimage"},"thumbnailUrl":"https:\/\/zkeshop.sk\/wp-content\/uploads\/2025\/01\/copy-of-advanced-night-restore-12.5ml-cutout-for-print-e1738225770695.webp","datePublished":"2025-01-30T08:32:57+00:00","dateModified":"2025-05-06T12:43:43+00:00","description":"Omla\u010fte svou ple\u0165 p\u0159es noc pomoc\u00ed hydrata\u010dn\u00edho kr\u00e9mu Advanced Night Restore a probu\u010fte se ka\u017ed\u00e9 r\u00e1no se sv\u011b\u017e\u00ed, z\u00e1\u0159ivou a rozjasn\u011bnou plet\u00ed.","breadcrumb":{"@id":"https:\/\/zkeshop.sk\/cs\/produkt\/medik-8-advanced-night-restore-cestovni-baleni\/#breadcrumb"},"inLanguage":"cs","potentialAction":[{"@type":"ReadAction","target":["https:\/\/zkeshop.sk\/cs\/produkt\/medik-8-advanced-night-restore-cestovni-baleni\/"]}]},{"@type":"ImageObject","inLanguage":"cs","@id":"https:\/\/zkeshop.sk\/cs\/produkt\/medik-8-advanced-night-restore-cestovni-baleni\/#primaryimage","url":"https:\/\/zkeshop.sk\/wp-content\/uploads\/2025\/01\/copy-of-advanced-night-restore-12.5ml-cutout-for-print-e1738225770695.webp","contentUrl":"https:\/\/zkeshop.sk\/wp-content\/uploads\/2025\/01\/copy-of-advanced-night-restore-12.5ml-cutout-for-print-e1738225770695.webp","width":1200,"height":1200,"caption":"Omla\u010fte svoju ple\u0165 cez noc s Advanced Night Restore hydrata\u010dn\u00fdm kr\u00e9mom a preb\u00fadzajte sa ka\u017ed\u00e9 r\u00e1no so svie\u017eou, \u017eiarivou a rozjasnenou ple\u0165ou."},{"@type":"BreadcrumbList","@id":"https:\/\/zkeshop.sk\/cs\/produkt\/medik-8-advanced-night-restore-cestovni-baleni\/#breadcrumb","itemListElement":[{"@type":"ListItem","position":1,"name":"Dom\u016f","item":"https:\/\/zkeshop.sk\/"},{"@type":"ListItem","position":2,"name":"Obchod","item":"https:\/\/zkeshop.sk\/obchod\/"},{"@type":"ListItem","position":3,"name":"Medik 8 Advanced Night Restore &#8211; cestovn\u00ed balen\u00ed"}]},{"@type":"WebSite","@id":"https:\/\/zkeshop.sk\/#website","url":"https:\/\/zkeshop.sk\/","name":"ZK company","description":"Kvalitn\u00e1 kozmetika pre ka\u017edodenn\u00e9 pou\u017eitie","potentialAction":[{"@type":"SearchAction","target":{"@type":"EntryPoint","urlTemplate":"https:\/\/zkeshop.sk\/?s={search_term_string}"},"query-input":{"@type":"PropertyValueSpecification","valueRequired":true,"valueName":"search_term_string"}}],"inLanguage":"cs"}]},"product_price_amount":"23.00","product_price_currency":"EUR","og_availability":"instock","product_availability":"instock","product_condition":"new"},"_links":{"self":[{"href":"https:\/\/zkeshop.sk\/cs\/wp-json\/wp\/v2\/product\/15082","targetHints":{"allow":["GET"]}}],"collection":[{"href":"https:\/\/zkeshop.sk\/cs\/wp-json\/wp\/v2\/product"}],"about":[{"href":"https:\/\/zkeshop.sk\/cs\/wp-json\/wp\/v2\/types\/product"}],"replies":[{"embeddable":true,"href":"https:\/\/zkeshop.sk\/cs\/wp-json\/wp\/v2\/comments?post=15082"}],"version-history":[{"count":0,"href":"https:\/\/zkeshop.sk\/cs\/wp-json\/wp\/v2\/product\/15082\/revisions"}],"wp:featuredmedia":[{"embeddable":true,"href":"https:\/\/zkeshop.sk\/cs\/wp-json\/wp\/v2\/media\/14674"}],"wp:attachment":[{"href":"https:\/\/zkeshop.sk\/cs\/wp-json\/wp\/v2\/media?parent=15082"}],"wp:term":[{"taxonomy":"product_brand","embeddable":true,"href":"https:\/\/zkeshop.sk\/cs\/wp-json\/wp\/v2\/product_brand?post=15082"},{"taxonomy":"product_cat","embeddable":true,"href":"https:\/\/zkeshop.sk\/cs\/wp-json\/wp\/v2\/product_cat?post=15082"},{"taxonomy":"product_tag","embeddable":true,"href":"https:\/\/zkeshop.sk\/cs\/wp-json\/wp\/v2\/product_tag?post=15082"}],"curies":[{"name":"wp","href":"https:\/\/api.w.org\/{rel}","templated":true}]}}