{"id":15083,"date":"2025-01-14T18:21:52","date_gmt":"2025-02-18T09:20:23","guid":{"rendered":"https:\/\/zkeshop.sk\/produkt\/medik-8-bakuchiolove-peptidy\/"},"modified":"2025-06-26T12:14:31","modified_gmt":"2025-06-26T10:14:31","slug":"medik-8-bakuchiolove-peptidy","status":"publish","type":"product","link":"https:\/\/zkeshop.sk\/cs\/produkt\/medik-8-bakuchiolove-peptidy\/","title":{"rendered":"Medik 8 bakuchiolov\u00e9 peptidy"},"content":{"rendered":"<h5 class=\"eshop-product-detail__subtitle\">Dokonal\u00e1 alternativa k retinolu<\/h5>\n<div class=\"eshop-product-detail__perex\">\n<p>Nem\u016f\u017eete pou\u017e\u00edvat retinolov\u00e1 s\u00e9ra nebo kr\u00e9my obsahuj\u00edc\u00ed vitamin A, proto\u017ee m\u00e1te p\u0159\u00edli\u0161 citlivou ple\u0165, nebo se mus\u00edte vyh\u00fdbat vitaminu A kv\u016fli t\u011bhotenstv\u00ed \u010di kojen\u00ed? Dop\u0159ejte si stejnou p\u00e9\u010di s BAKUCHIOL PEPTIDES jako s vitaminem A, ale bez jeho mo\u017en\u00fdch rizik. BAKUCHIOL PEPTIDES omlazuje ple\u0165, vyhlazuje vr\u00e1sky a jemn\u00e9 linky, redukuje nadm\u011brnou pigmentaci a p\u016fsob\u00ed proti z\u00e1n\u011bt\u016fm pleti a akn\u00e9.<\/p>\n<h2>Alternativa vitaminu A<\/h2>\n<p>S\u00e9rum BAKUCHIOL PEPTIDES vyu\u017e\u00edv\u00e1 jako hlavn\u00ed \u00fa\u010dinnou l\u00e1tku bakuchiol, p\u0159\u00edrodn\u00ed alternativu retinolu, a rozjas\u0148uj\u00edc\u00ed peptidov\u00e9 prekurzory. Je proto skv\u011blou volbou pro v\u0161echny, kte\u0159\u00ed necht\u011bj\u00ed nebo nemohou pou\u017e\u00edvat kosmetiku s vitaminem A (retinol, retinal a dal\u0161\u00ed deriv\u00e1ty).<\/p>\n<h2>Retinol pro t\u011bhotn\u00e9<\/h2>\n<h5 class=\"eshop-product-detail__subtitle\"><img loading=\"lazy\" decoding=\"async\" class=\"size-medium wp-image-14341 alignright\" src=\"https:\/\/zkeshop.sk\/wp-content\/uploads\/2025\/01\/Copy-of-Bakuchiol-Peptides-Lifestyle-300x300.jpg\" alt=\"\" width=\"300\" height=\"300\" srcset=\"https:\/\/zkeshop.sk\/wp-content\/uploads\/2025\/01\/Copy-of-Bakuchiol-Peptides-Lifestyle-300x300.jpg 300w, https:\/\/zkeshop.sk\/wp-content\/uploads\/2025\/01\/Copy-of-Bakuchiol-Peptides-Lifestyle-1024x1024.jpg 1024w, https:\/\/zkeshop.sk\/wp-content\/uploads\/2025\/01\/Copy-of-Bakuchiol-Peptides-Lifestyle-150x150.jpg 150w, https:\/\/zkeshop.sk\/wp-content\/uploads\/2025\/01\/Copy-of-Bakuchiol-Peptides-Lifestyle-768x768.jpg 768w, https:\/\/zkeshop.sk\/wp-content\/uploads\/2025\/01\/Copy-of-Bakuchiol-Peptides-Lifestyle-1536x1536.jpg 1536w, https:\/\/zkeshop.sk\/wp-content\/uploads\/2025\/01\/Copy-of-Bakuchiol-Peptides-Lifestyle-400x400.jpg 400w, https:\/\/zkeshop.sk\/wp-content\/uploads\/2025\/01\/Copy-of-Bakuchiol-Peptides-Lifestyle-600x600.jpg 600w, https:\/\/zkeshop.sk\/wp-content\/uploads\/2025\/01\/Copy-of-Bakuchiol-Peptides-Lifestyle-1200x1200.jpg 1200w, https:\/\/zkeshop.sk\/wp-content\/uploads\/2025\/01\/Copy-of-Bakuchiol-Peptides-Lifestyle.jpg 2000w\" sizes=\"auto, (max-width: 300px) 100vw, 300px\" \/><\/h5>\n<p>&nbsp;<\/p>\n<p>Podle doporu\u010den\u00ed l\u00e9ka\u0159\u016f je t\u0159eba se b\u011bhem t\u011bhotenstv\u00ed a kojen\u00ed vyh\u00fdbat kosmetick\u00fdm p\u0159\u00edpravk\u016fm obsahuj\u00edc\u00edm vitamin A, proto\u017ee mohou m\u00edt negativn\u00ed vliv na v\u00fdvoj plodu a kojen\u00fdch d\u011bt\u00ed. S BAKUCHIOL PEPTIDES v\u0161ak nemus\u00edte p\u0159ij\u00edt o \u00fa\u017easn\u00fd \u00fa\u010dinek retinolu v podob\u011b omlazen\u00ed, vy\u010di\u0161t\u011bn\u00ed a rozjasn\u011bn\u00ed pleti. Z etick\u00fdch d\u016fvod\u016f nen\u00ed s\u00e9rum BAKUCHIOL PEPTIDES p\u0159\u00edmo testov\u00e1no na t\u011bhotn\u00fdch a koj\u00edc\u00edch \u017een\u00e1ch, neobsahuje v\u0161ak \u017e\u00e1dnou l\u00e1tku, kter\u00e1 by mohla b\u00fdt v t\u011bhotenstv\u00ed nebo p\u0159i kojen\u00ed jakkoli rizikov\u00e1.<\/p>\n<h2>P\u016fsob\u00ed proti vr\u00e1sk\u00e1m a zklid\u0148uje ple\u0165<\/h2>\n<p>BAKUCHIOL PEPTIDES zjem\u0148uje, zklid\u0148uje a obnovuje ochrannou bari\u00e9ru poko\u017eky. Poko\u017eka je tak chr\u00e1n\u011bn\u00e1, bez podr\u00e1\u017ed\u011bn\u00ed a zarudnut\u00ed, a z\u00e1rove\u0148 pru\u017en\u00e1 a zpevn\u011bn\u00e1. \u00da\u010dinn\u00e1 l\u00e1tka bakuchiol pom\u00e1h\u00e1 vyhlazovat vr\u00e1sky a jemn\u00e9 linky, zat\u00edmco dal\u0161\u00ed \u00fa\u010dinn\u00e9 l\u00e1tky ple\u0165 rozjas\u0148uj\u00ed a zesv\u011btluj\u00ed tmav\u00e9 skvrny na pleti. S\u00e9rum je nav\u00edc vhodn\u00e9 pro v\u0161echny typy pleti, v\u010detn\u011b t\u011bch, kter\u00e9 obvykle nesn\u00e1\u0161ej\u00ed vitamin A (retinol).<\/p>\n<h2>4 l\u00e1tky pro kr\u00e1snou ple\u0165<\/h2>\n<p>1<strong>,25 % bakuchiol<\/strong>: P\u0159\u00edrodn\u00ed alternativa retinolu p\u016fsob\u00ed stejn\u011b jako samotn\u00fd vitamin A, stimuluje tvorbu kolagenu a zlep\u0161uje hydrataci pleti. Stejn\u011b jako retinol omlazuje ple\u0165 p\u016fsoben\u00edm na genovou expresi. M\u00e1 tak\u00e9 protiz\u00e1n\u011btliv\u00fd \u00fa\u010dinek, \u010d\u00edm\u017e zklid\u0148uje z\u00e1n\u011bty a sni\u017euje v\u00fdskyt vyr\u00e1\u017eek a akn\u00e9.<\/p>\n<p>R<strong>ozjas\u0148uj\u00edc\u00ed peptidov\u00e9 prekurzory:<\/strong> Kyselina lipoaminov\u00e1, kter\u00e1 se snadno vst\u0159eb\u00e1v\u00e1 do poko\u017eky, je schopna inhibovat aktivitu hormon\u016f stimuluj\u00edc\u00edch melanocyty, a p\u016fsob\u00ed tak preventivn\u011b proti tvorb\u011b ko\u017en\u00edch pigment\u016f, co\u017e vede k rozjasn\u011bn\u00ed pleti a redukci nadm\u011brn\u00e9 pigmentace a sta\u0159eck\u00fdch skvrn.<\/p>\n<p>P<strong>upe\u010dn\u00edk asijsk\u00fd<\/strong>: V tradi\u010dn\u00ed korejsk\u00e9 p\u00e9\u010di o ple\u0165 je pupe\u010dn\u00edk asijsk\u00fd obl\u00edbenou slo\u017ekou, kter\u00e1 m\u00e1 protiz\u00e1n\u011btliv\u00e9 \u00fa\u010dinky a z\u00e1rove\u0148 podporuje hojen\u00ed a regeneraci poko\u017eky. Krom\u011b toho p\u0159isp\u00edv\u00e1 k omlazen\u00ed pleti, proto\u017ee stimuluje tvorbu kolagenu typu I a podporuje proliferaci ko\u017en\u00edch bun\u011bk.<\/p>\n<p>I<strong>nka omega olej:<\/strong> Olej ze semen rostliny Sacha inch je jedn\u00edm z nejv\u011bt\u0161\u00edch p\u0159\u00edrodn\u00edch zdroj\u016f omega mastn\u00fdch kyselin. Ty p\u0159i lok\u00e1ln\u00ed aplikaci vypl\u0148uj\u00ed prostor mezi ko\u017en\u00edmi bu\u0148kami v nejsvrchn\u011bj\u0161\u00ed vrstv\u011b poko\u017eky, obnovuj\u00ed funkci ochrann\u00e9 ko\u017en\u00ed bari\u00e9ry a zabra\u0148uj\u00ed dehydrataci poko\u017eky.<\/p>\n<h2>Jak produkt pou\u017e\u00edvat v r\u00e1mci filozofie CSA?<\/h2>\n<p>Filozofie Medik8 CSA proti vr\u00e1sk\u00e1m spo\u010d\u00edv\u00e1 v tom, \u017ee r\u00e1no nanesete vitamin C a SPF a ve\u010der pou\u017eijete p\u0159\u00edpravek s vitaminem A. Pokud z n\u011bjak\u00e9ho d\u016fvodu nem\u016f\u017eete vitamin A pou\u017e\u00edvat, m\u016f\u017ee jeho m\u00edsto v p\u00e9\u010di o ple\u0165 zaujmout BAKUCHIOL PEPTIDES. BAKUCHIOL PEPTIDES m\u016f\u017eete pou\u017e\u00edvat ve\u010der i r\u00e1no.<\/p>\n<h2>Podpora \u00fa\u010dinku retinolu<\/h2>\n<p>BAKUCHIOL PEPTIDES lze tak\u00e9 pou\u017e\u00edvat sou\u010dasn\u011b s vitam\u00ednem A. V takov\u00e9m p\u0159\u00edpad\u011b pou\u017e\u00edvejte BAKUCHIOL PEPTIDES jako sou\u010d\u00e1st rann\u00ed p\u00e9\u010de o ple\u0165 a vitam\u00edn A za\u0159a\u010fte ve\u010der.<\/p>\n<h2>Pou\u017eit\u00ed jako vitamin A<\/h2>\n<ul>\n<li>Aplikujte 6 kapek s\u00e9ra BAKUCHIOL PEPTIDES na obli\u010dej, krk a dekolt r\u00e1no a ve\u010der po vy\u010di\u0161t\u011bn\u00ed pleti. Pokud jste zvykl\u00ed pou\u017e\u00edvat jin\u00e9 s\u00e9rum na vodn\u00ed b\u00e1zi, naneste BAKUCHIOL PEPTIDES na ple\u0165 a\u017e po tomto s\u00e9ru. Po vst\u0159eb\u00e1n\u00ed s\u00e9ra BAKUCHIOL PEPTIDES pou\u017eijte s\u00e9rum s vitaminem C a denn\u00ed kr\u00e9m pro rann\u00ed p\u00e9\u010di a no\u010dn\u00ed kr\u00e9m pro ve\u010dern\u00ed p\u00e9\u010di.<\/li>\n<li>30 ml s\u00e9ra vysta\u010d\u00ed p\u0159ibli\u017en\u011b na 100 aplikac\u00ed.<\/li>\n<li>Po otev\u0159en\u00ed s\u00e9rum spot\u0159ebujte do 12 m\u011bs\u00edc\u016f.<\/li>\n<\/ul>\n<\/div>\n","protected":false},"excerpt":{"rendered":"<h5 class=\"eshop-product-detail__subtitle\">Dokonal\u00e1 alternativa k retinolu<\/h5>\n<div class=\"eshop-product-detail__perex\">\n<p>Nem\u016f\u017eete pou\u017e\u00edvat retinolov\u00e1 s\u00e9ra nebo kr\u00e9my obsahuj\u00edc\u00ed vitamin A, proto\u017ee m\u00e1te p\u0159\u00edli\u0161 citlivou ple\u0165, nebo se mus\u00edte vyh\u00fdbat vitaminu A kv\u016fli t\u011bhotenstv\u00ed \u010di kojen\u00ed? Dop\u0159ejte si stejnou p\u00e9\u010di s BAKUCHIOL PEPTIDES jako s vitaminem A, ale bez jeho mo\u017en\u00fdch rizik. BAKUCHIOL PEPTIDES omlazuje ple\u0165, vyhlazuje vr\u00e1sky a jemn\u00e9 linky, redukuje nadm\u011brnou pigmentaci a p\u016fsob\u00ed proti z\u00e1n\u011bt\u016fm pleti a akn\u00e9.<\/p>\n<\/div>\n","protected":false},"featured_media":14333,"comment_status":"open","ping_status":"closed","template":"","meta":[],"product_brand":[],"product_cat":[179,206,200,183,208,185,87,188],"product_tag":[159],"class_list":{"0":"post-15083","1":"product","2":"type-product","3":"status-publish","4":"has-post-thumbnail","6":"product_cat-citliva-plet-cs","7":"product_cat-den-cs","8":"product_cat-medik8-cs","9":"product_cat-nadmerna-pigmentace","10":"product_cat-noc-cs","11":"product_cat-normalni-plet","12":"product_cat-pletova-kosmetika","13":"product_cat-sucha-plet-cs","14":"product_tag-medik8","16":"first","17":"instock","18":"taxable","19":"shipping-taxable","20":"purchasable","21":"product-type-simple"},"yoast_head":"<!-- This site is optimized with the Yoast SEO Premium plugin v27.3 (Yoast SEO v27.3) - https:\/\/yoast.com\/product\/yoast-seo-premium-wordpress\/ -->\n<title>Medik 8 bakuchiolov\u00e9 peptidy - ZK company<\/title>\n<meta name=\"description\" content=\"BAKUCHIOL PEPTIDES omlazuje ple\u0165, vyhlazuje vr\u00e1sky a jemn\u00e9 linky, redukuje nadm\u011brnou pigmentaci a p\u016fsob\u00ed proti z\u00e1n\u011bt\u016fm pleti a akn\u00e9.\" \/>\n<meta name=\"robots\" content=\"index, follow, max-snippet:-1, max-image-preview:large, max-video-preview:-1\" \/>\n<link rel=\"canonical\" href=\"https:\/\/zkeshop.sk\/cs\/produkt\/medik-8-bakuchiolove-peptidy\/\" \/>\n<meta property=\"og:locale\" content=\"cs_CZ\" \/>\n<meta property=\"og:type\" content=\"article\" \/>\n<meta property=\"og:title\" content=\"Medik 8 bakuchiolov\u00e9 peptidy\" \/>\n<meta property=\"og:description\" content=\"BAKUCHIOL PEPTIDES omlazuje ple\u0165, vyhlazuje vr\u00e1sky a jemn\u00e9 linky, redukuje nadm\u011brnou pigmentaci a p\u016fsob\u00ed proti z\u00e1n\u011bt\u016fm pleti a akn\u00e9.\" \/>\n<meta property=\"og:url\" content=\"https:\/\/zkeshop.sk\/cs\/produkt\/medik-8-bakuchiolove-peptidy\/\" \/>\n<meta property=\"og:site_name\" content=\"ZK company\" \/>\n<meta property=\"article:modified_time\" content=\"2025-06-26T10:14:31+00:00\" \/>\n<meta property=\"og:image\" content=\"https:\/\/zkeshop.sk\/wp-content\/uploads\/2025\/01\/Copy-of-Bakuchiol-Peptides-B-1024x1024.png\" \/>\n\t<meta property=\"og:image:width\" content=\"1024\" \/>\n\t<meta property=\"og:image:height\" content=\"1024\" \/>\n\t<meta property=\"og:image:type\" content=\"image\/png\" \/>\n<meta name=\"twitter:card\" content=\"summary_large_image\" \/>\n<meta name=\"twitter:label1\" content=\"Cena\" \/>\n\t<meta name=\"twitter:data1\" content=\"64,00&nbsp;&euro;\" \/>\n\t<meta name=\"twitter:label2\" content=\"Dostupnost\" \/>\n\t<meta name=\"twitter:data2\" content=\"Skladem\" \/>\n<script type=\"application\/ld+json\" class=\"yoast-schema-graph\">{\"@context\":\"https:\\\/\\\/schema.org\",\"@graph\":[{\"@type\":\"WebPage\",\"@id\":\"https:\\\/\\\/zkeshop.sk\\\/cs\\\/produkt\\\/medik-8-bakuchiolove-peptidy\\\/\",\"url\":\"https:\\\/\\\/zkeshop.sk\\\/cs\\\/produkt\\\/medik-8-bakuchiolove-peptidy\\\/\",\"name\":\"Medik 8 bakuchiolov\u00e9 peptidy - ZK company\",\"isPartOf\":{\"@id\":\"https:\\\/\\\/zkeshop.sk\\\/#website\"},\"primaryImageOfPage\":{\"@id\":\"https:\\\/\\\/zkeshop.sk\\\/cs\\\/produkt\\\/medik-8-bakuchiolove-peptidy\\\/#primaryimage\"},\"image\":{\"@id\":\"https:\\\/\\\/zkeshop.sk\\\/cs\\\/produkt\\\/medik-8-bakuchiolove-peptidy\\\/#primaryimage\"},\"thumbnailUrl\":\"https:\\\/\\\/zkeshop.sk\\\/wp-content\\\/uploads\\\/2025\\\/01\\\/Copy-of-Bakuchiol-Peptides-B.png\",\"datePublished\":\"2025-02-18T09:20:23+00:00\",\"dateModified\":\"2025-06-26T10:14:31+00:00\",\"description\":\"BAKUCHIOL PEPTIDES omlazuje ple\u0165, vyhlazuje vr\u00e1sky a jemn\u00e9 linky, redukuje nadm\u011brnou pigmentaci a p\u016fsob\u00ed proti z\u00e1n\u011bt\u016fm pleti a akn\u00e9.\",\"breadcrumb\":{\"@id\":\"https:\\\/\\\/zkeshop.sk\\\/cs\\\/produkt\\\/medik-8-bakuchiolove-peptidy\\\/#breadcrumb\"},\"inLanguage\":\"cs\",\"potentialAction\":[{\"@type\":\"ReadAction\",\"target\":[\"https:\\\/\\\/zkeshop.sk\\\/cs\\\/produkt\\\/medik-8-bakuchiolove-peptidy\\\/\"]}]},{\"@type\":\"ImageObject\",\"inLanguage\":\"cs\",\"@id\":\"https:\\\/\\\/zkeshop.sk\\\/cs\\\/produkt\\\/medik-8-bakuchiolove-peptidy\\\/#primaryimage\",\"url\":\"https:\\\/\\\/zkeshop.sk\\\/wp-content\\\/uploads\\\/2025\\\/01\\\/Copy-of-Bakuchiol-Peptides-B.png\",\"contentUrl\":\"https:\\\/\\\/zkeshop.sk\\\/wp-content\\\/uploads\\\/2025\\\/01\\\/Copy-of-Bakuchiol-Peptides-B.png\",\"width\":2000,\"height\":2000,\"caption\":\"BAKUCHIOL PEPTIDES omladzuje ple\u0165, vyhladzuje vr\u00e1sky a jemn\u00e9 ryhy, redukuje nadmern\u00fa pigment\u00e1ciu a p\u00f4sob\u00ed proti z\u00e1palom pleti a akn\u00e9.\"},{\"@type\":\"BreadcrumbList\",\"@id\":\"https:\\\/\\\/zkeshop.sk\\\/cs\\\/produkt\\\/medik-8-bakuchiolove-peptidy\\\/#breadcrumb\",\"itemListElement\":[{\"@type\":\"ListItem\",\"position\":1,\"name\":\"Dom\u016f\",\"item\":\"https:\\\/\\\/zkeshop.sk\\\/\"},{\"@type\":\"ListItem\",\"position\":2,\"name\":\"Obchod\",\"item\":\"https:\\\/\\\/zkeshop.sk\\\/obchod\\\/\"},{\"@type\":\"ListItem\",\"position\":3,\"name\":\"Medik 8 bakuchiolov\u00e9 peptidy\"}]},{\"@type\":\"WebSite\",\"@id\":\"https:\\\/\\\/zkeshop.sk\\\/#website\",\"url\":\"https:\\\/\\\/zkeshop.sk\\\/\",\"name\":\"ZK company\",\"description\":\"Kvalitn\u00e1 kozmetika pre ka\u017edodenn\u00e9 pou\u017eitie\",\"potentialAction\":[{\"@type\":\"SearchAction\",\"target\":{\"@type\":\"EntryPoint\",\"urlTemplate\":\"https:\\\/\\\/zkeshop.sk\\\/?s={search_term_string}\"},\"query-input\":{\"@type\":\"PropertyValueSpecification\",\"valueRequired\":true,\"valueName\":\"search_term_string\"}}],\"inLanguage\":\"cs\"}]}<\/script>\n<meta property=\"product:price:amount\" content=\"64.00\" \/>\n<meta property=\"product:price:currency\" content=\"EUR\" \/>\n<meta property=\"og:availability\" content=\"instock\" \/>\n<meta property=\"product:availability\" content=\"instock\" \/>\n<meta property=\"product:condition\" content=\"new\" \/>\n<!-- \/ Yoast SEO Premium plugin. -->","yoast_head_json":{"title":"Medik 8 bakuchiolov\u00e9 peptidy - ZK company","description":"BAKUCHIOL PEPTIDES omlazuje ple\u0165, vyhlazuje vr\u00e1sky a jemn\u00e9 linky, redukuje nadm\u011brnou pigmentaci a p\u016fsob\u00ed proti z\u00e1n\u011bt\u016fm pleti a akn\u00e9.","robots":{"index":"index","follow":"follow","max-snippet":"max-snippet:-1","max-image-preview":"max-image-preview:large","max-video-preview":"max-video-preview:-1"},"canonical":"https:\/\/zkeshop.sk\/cs\/produkt\/medik-8-bakuchiolove-peptidy\/","og_locale":"cs_CZ","og_type":"article","og_title":"Medik 8 bakuchiolov\u00e9 peptidy","og_description":"BAKUCHIOL PEPTIDES omlazuje ple\u0165, vyhlazuje vr\u00e1sky a jemn\u00e9 linky, redukuje nadm\u011brnou pigmentaci a p\u016fsob\u00ed proti z\u00e1n\u011bt\u016fm pleti a akn\u00e9.","og_url":"https:\/\/zkeshop.sk\/cs\/produkt\/medik-8-bakuchiolove-peptidy\/","og_site_name":"ZK company","article_modified_time":"2025-06-26T10:14:31+00:00","og_image":[{"width":1024,"height":1024,"url":"https:\/\/zkeshop.sk\/wp-content\/uploads\/2025\/01\/Copy-of-Bakuchiol-Peptides-B-1024x1024.png","type":"image\/png"}],"twitter_card":"summary_large_image","twitter_misc":{"Cena":"64,00&nbsp;&euro;","Dostupnost":"Skladem"},"schema":{"@context":"https:\/\/schema.org","@graph":[{"@type":"WebPage","@id":"https:\/\/zkeshop.sk\/cs\/produkt\/medik-8-bakuchiolove-peptidy\/","url":"https:\/\/zkeshop.sk\/cs\/produkt\/medik-8-bakuchiolove-peptidy\/","name":"Medik 8 bakuchiolov\u00e9 peptidy - ZK company","isPartOf":{"@id":"https:\/\/zkeshop.sk\/#website"},"primaryImageOfPage":{"@id":"https:\/\/zkeshop.sk\/cs\/produkt\/medik-8-bakuchiolove-peptidy\/#primaryimage"},"image":{"@id":"https:\/\/zkeshop.sk\/cs\/produkt\/medik-8-bakuchiolove-peptidy\/#primaryimage"},"thumbnailUrl":"https:\/\/zkeshop.sk\/wp-content\/uploads\/2025\/01\/Copy-of-Bakuchiol-Peptides-B.png","datePublished":"2025-02-18T09:20:23+00:00","dateModified":"2025-06-26T10:14:31+00:00","description":"BAKUCHIOL PEPTIDES omlazuje ple\u0165, vyhlazuje vr\u00e1sky a jemn\u00e9 linky, redukuje nadm\u011brnou pigmentaci a p\u016fsob\u00ed proti z\u00e1n\u011bt\u016fm pleti a akn\u00e9.","breadcrumb":{"@id":"https:\/\/zkeshop.sk\/cs\/produkt\/medik-8-bakuchiolove-peptidy\/#breadcrumb"},"inLanguage":"cs","potentialAction":[{"@type":"ReadAction","target":["https:\/\/zkeshop.sk\/cs\/produkt\/medik-8-bakuchiolove-peptidy\/"]}]},{"@type":"ImageObject","inLanguage":"cs","@id":"https:\/\/zkeshop.sk\/cs\/produkt\/medik-8-bakuchiolove-peptidy\/#primaryimage","url":"https:\/\/zkeshop.sk\/wp-content\/uploads\/2025\/01\/Copy-of-Bakuchiol-Peptides-B.png","contentUrl":"https:\/\/zkeshop.sk\/wp-content\/uploads\/2025\/01\/Copy-of-Bakuchiol-Peptides-B.png","width":2000,"height":2000,"caption":"BAKUCHIOL PEPTIDES omladzuje ple\u0165, vyhladzuje vr\u00e1sky a jemn\u00e9 ryhy, redukuje nadmern\u00fa pigment\u00e1ciu a p\u00f4sob\u00ed proti z\u00e1palom pleti a akn\u00e9."},{"@type":"BreadcrumbList","@id":"https:\/\/zkeshop.sk\/cs\/produkt\/medik-8-bakuchiolove-peptidy\/#breadcrumb","itemListElement":[{"@type":"ListItem","position":1,"name":"Dom\u016f","item":"https:\/\/zkeshop.sk\/"},{"@type":"ListItem","position":2,"name":"Obchod","item":"https:\/\/zkeshop.sk\/obchod\/"},{"@type":"ListItem","position":3,"name":"Medik 8 bakuchiolov\u00e9 peptidy"}]},{"@type":"WebSite","@id":"https:\/\/zkeshop.sk\/#website","url":"https:\/\/zkeshop.sk\/","name":"ZK company","description":"Kvalitn\u00e1 kozmetika pre ka\u017edodenn\u00e9 pou\u017eitie","potentialAction":[{"@type":"SearchAction","target":{"@type":"EntryPoint","urlTemplate":"https:\/\/zkeshop.sk\/?s={search_term_string}"},"query-input":{"@type":"PropertyValueSpecification","valueRequired":true,"valueName":"search_term_string"}}],"inLanguage":"cs"}]},"product_price_amount":"64.00","product_price_currency":"EUR","og_availability":"instock","product_availability":"instock","product_condition":"new"},"_links":{"self":[{"href":"https:\/\/zkeshop.sk\/cs\/wp-json\/wp\/v2\/product\/15083","targetHints":{"allow":["GET"]}}],"collection":[{"href":"https:\/\/zkeshop.sk\/cs\/wp-json\/wp\/v2\/product"}],"about":[{"href":"https:\/\/zkeshop.sk\/cs\/wp-json\/wp\/v2\/types\/product"}],"replies":[{"embeddable":true,"href":"https:\/\/zkeshop.sk\/cs\/wp-json\/wp\/v2\/comments?post=15083"}],"version-history":[{"count":0,"href":"https:\/\/zkeshop.sk\/cs\/wp-json\/wp\/v2\/product\/15083\/revisions"}],"wp:featuredmedia":[{"embeddable":true,"href":"https:\/\/zkeshop.sk\/cs\/wp-json\/wp\/v2\/media\/14333"}],"wp:attachment":[{"href":"https:\/\/zkeshop.sk\/cs\/wp-json\/wp\/v2\/media?parent=15083"}],"wp:term":[{"taxonomy":"product_brand","embeddable":true,"href":"https:\/\/zkeshop.sk\/cs\/wp-json\/wp\/v2\/product_brand?post=15083"},{"taxonomy":"product_cat","embeddable":true,"href":"https:\/\/zkeshop.sk\/cs\/wp-json\/wp\/v2\/product_cat?post=15083"},{"taxonomy":"product_tag","embeddable":true,"href":"https:\/\/zkeshop.sk\/cs\/wp-json\/wp\/v2\/product_tag?post=15083"}],"curies":[{"name":"wp","href":"https:\/\/api.w.org\/{rel}","templated":true}]}}