{"id":15096,"date":"2025-01-14T18:23:05","date_gmt":"2025-01-14T17:23:05","guid":{"rendered":"https:\/\/zkeshop.sk\/produkt\/medik-8-c-tetra-serum\/"},"modified":"2025-09-03T19:51:11","modified_gmt":"2025-09-03T17:51:11","slug":"medik-8-c-tetra-serum","status":"publish","type":"product","link":"https:\/\/zkeshop.sk\/cs\/produkt\/medik-8-c-tetra-serum\/","title":{"rendered":"Medik 8 C-Tetra s\u00e9rum"},"content":{"rendered":"<h5 class=\"eshop-product-detail__subtitle\">Antioxida\u010dn\u00ed s\u00e9rum obsahuj\u00edc\u00ed lipidov\u00fd vitamin C<\/h5>\n<div class=\"eshop-product-detail__perex\">\n<p>Antioxida\u010dn\u00ed s\u00e9rum s vitaminem C a E C-TETRA chr\u00e1n\u00ed ple\u0165 p\u0159ed st\u00e1rnut\u00edm a redukuje viditeln\u00e9 zn\u00e1mky st\u00e1rnut\u00ed, jako jsou vr\u00e1sky, jemn\u00e9 linky, kontury nebo nadm\u011brn\u00e1 pigmentace. Sni\u017euje tak\u00e9 zarudnut\u00ed pleti, sjednocuje t\u00f3n pleti a zlep\u0161uje jej\u00ed strukturu. Je tak\u00e9 ide\u00e1ln\u00ed jako sou\u010d\u00e1st filozofie CSA proti vr\u00e1sk\u00e1m.<\/p>\n<h2>Antioxidace k\u016f\u017ee<img decoding=\"async\" class=\"alignright\" src=\"https:\/\/www.annabrandejs.sk\/data\/produkty_nove2\/cba-umisteni_2.jpg\" \/><\/h2>\n<p>Navra\u0165te pleti mladistv\u00fd lesk a bojujte proti viditeln\u00fdm zn\u00e1mk\u00e1m st\u00e1rnut\u00ed s lehk\u00fdm s\u00e9rem C-TETRA, kter\u00e9 obsahuje s\u00ed\u0165 <a href=\"https:\/\/www.annabrandejs.sk\/slovnik-pojmov\/antioxidanty-a1905\">antioxidant\u016f<\/a> v podob\u011b <a href=\"https:\/\/www.annabrandejs.sk\/slovnik-pojmov\/vitamin-c-a2553\">vitaminu C<\/a> a <a href=\"https:\/\/www.annabrandejs.sk\/slovnik-pojmov\/vitamin-e-a2554\">vitaminu E<\/a>. Ty spole\u010dn\u011b chr\u00e1n\u00ed ple\u0165 p\u0159ed <a href=\"https:\/\/www.annabrandejs.sk\/slovnik-pojmov\/volne-radikaly-a1948\">voln\u00fdmi radik\u00e1ly<\/a>, \u010d\u00e1sticemi s vysok\u00fdm energetick\u00fdm potenci\u00e1lem, kter\u00e9 po\u0161kozuj\u00ed <a href=\"https:\/\/www.annabrandejs.sk\/slovnik-pojmov\/kolagen-a1947\">kolagen<\/a>, p\u0159irozen\u00fd stavebn\u00ed prvek pleti. V d\u016fsledku toho pak doch\u00e1z\u00ed ke st\u00e1rnut\u00ed pleti a jeho viditeln\u00fdm projev\u016fm.<\/p>\n<h2>Kolagen proti vr\u00e1sk\u00e1m<\/h2>\n<p>Lehk\u00e9 slo\u017een\u00ed stimuluje tvorbu kolagenu a <a href=\"https:\/\/www.annabrandejs.sk\/slovnik-pojmov\/elastin-a2070\">elastinu<\/a>, pom\u00e1h\u00e1 redukovat jemn\u00e9 linky a vr\u00e1sky a zpev\u0148uje ple\u0165, nav\u00edc rozjas\u0148uje a vyrovn\u00e1v\u00e1 t\u00f3n pleti. Forma vitaminu C rozpustn\u00e1 v tuc\u00edch, tzv. tetrahexyldecyl askorb\u00e1t, dok\u00e1\u017ee proniknout hluboko do poko\u017eky, kde p\u016fsob\u00ed antioxida\u010dn\u011b s minim\u00e1ln\u00edm podr\u00e1\u017ed\u011bn\u00edm.<\/p>\n<h2>Jak se zbavit pigmentace<\/h2>\n<p><img loading=\"lazy\" decoding=\"async\" class=\"size-medium wp-image-14500 alignright\" src=\"https:\/\/zkeshop.sk\/wp-content\/uploads\/2025\/01\/Copy-of-C-Tetra-Lifestyle-300x300.jpg\" alt=\"\" width=\"300\" height=\"300\" srcset=\"https:\/\/zkeshop.sk\/wp-content\/uploads\/2025\/01\/Copy-of-C-Tetra-Lifestyle-300x300.jpg 300w, https:\/\/zkeshop.sk\/wp-content\/uploads\/2025\/01\/Copy-of-C-Tetra-Lifestyle-1024x1024.jpg 1024w, https:\/\/zkeshop.sk\/wp-content\/uploads\/2025\/01\/Copy-of-C-Tetra-Lifestyle-150x150.jpg 150w, https:\/\/zkeshop.sk\/wp-content\/uploads\/2025\/01\/Copy-of-C-Tetra-Lifestyle-768x768.jpg 768w, https:\/\/zkeshop.sk\/wp-content\/uploads\/2025\/01\/Copy-of-C-Tetra-Lifestyle-1536x1536.jpg 1536w, https:\/\/zkeshop.sk\/wp-content\/uploads\/2025\/01\/Copy-of-C-Tetra-Lifestyle-400x400.jpg 400w, https:\/\/zkeshop.sk\/wp-content\/uploads\/2025\/01\/Copy-of-C-Tetra-Lifestyle-600x600.jpg 600w, https:\/\/zkeshop.sk\/wp-content\/uploads\/2025\/01\/Copy-of-C-Tetra-Lifestyle-1200x1200.jpg 1200w, https:\/\/zkeshop.sk\/wp-content\/uploads\/2025\/01\/Copy-of-C-Tetra-Lifestyle.jpg 2000w\" sizes=\"auto, (max-width: 300px) 100vw, 300px\" \/>Vitamin C sv\u00fdm p\u016fsoben\u00edm na aktivitu enzymu tyrozin\u00e1zy potla\u010duje tvorbu ko\u017en\u00edho pigmentu <a href=\"https:\/\/www.annabrandejs.sk\/slovnik-pojmov\/melanin-a2072\">melaninu<\/a>, kter\u00fd je zodpov\u011bdn\u00fd za sta\u0159eck\u00e9 skvrny a nadm\u011brnou pigmentaci. D\u00edky tomu s\u00e9rum C-TETRA zesv\u011btluje <a href=\"https:\/\/www.annabrandejs.sk\/slovnik-pojmov\/hyperpigmentacia-a2071\">hyperpigmentaci<\/a> a celkov\u011b rozjas\u0148uje ple\u0165.<\/p>\n<h2>100% stabiln\u00ed s\u00e9rum s vitaminem C<\/h2>\n<p>S\u00e9rum C-TETRA neobsahuje vodu, tak\u017ee je 100% stabiln\u00ed. M\u016f\u017eete si b\u00fdt jisti, \u017ee vitamin C se b\u011bhem konzumace p\u0159\u00edpravku nerozkl\u00e1d\u00e1. S\u00e9rum proto z\u016fst\u00e1v\u00e1 vysoce \u00fa\u010dinn\u00e9 &#8211; od prvn\u00ed do posledn\u00ed kapky!<\/p>\n<h2>Omlazen\u00ed s CSA<\/h2>\n<p>C-TETRA je obohacena o v\u00fd\u017eivn\u00e9 vy\u017eivuj\u00edc\u00ed oleje, jejich\u017e \u00fa\u010dinek je umocn\u011bn omlazuj\u00edc\u00edm \u00fa\u010dinkem vitaminu C. S\u00e9rum se rychle vst\u0159eb\u00e1v\u00e1 a je ide\u00e1ln\u00ed pro p\u00e9\u010di proti st\u00e1rnut\u00ed v r\u00e1mci filozofie CSA proti vr\u00e1sk\u00e1m, kter\u00e1 vyu\u017e\u00edv\u00e1 vitamin C, ochranu p\u0159ed sluncem a <a href=\"https:\/\/www.annabrandejs.sk\/slovnik-pojmov\/vitamin-a-a2552\">vitamin A<\/a>. P\u0159e\u010dt\u011bte si v\u00edce o t\u00e9to filozofii, kter\u00e1 slibuje, \u017ee<\/p>\n<p>kdy\u017e s t\u00edm za\u010dne\u0161 ve t\u0159iceti, v pades\u00e1ti bude\u0161 vypadat na \u010dty\u0159icet, do\u010dte\u0161 se v \u010dl\u00e1nku o filozofii \u010cSA.<\/p>\n<h2>Posiluje poko\u017eku proti UV z\u00e1\u0159en\u00ed<\/h2>\n<ul>\n<li>Podporuje ochranu poko\u017eky p\u0159ed ultrafialov\u00fdm z\u00e1\u0159en\u00edm<\/li>\n<li>Zabra\u0148uje <a href=\"https:\/\/www.annabrandejs.sk\/slovnik-pojmov\/predcasne-starnutie-pleti-a2077\">p\u0159ed\u010dasn\u00e9mu st\u00e1rnut\u00ed poko\u017eky<\/a> v d\u016fsledku vystaven\u00ed slune\u010dn\u00edmu z\u00e1\u0159en\u00ed.<\/li>\n<li>Chr\u00e1n\u00ed poko\u017eku p\u0159ed voln\u00fdmi radik\u00e1ly a <a href=\"https:\/\/www.annabrandejs.sk\/slovnik-pojmov\/oxidacny-stres-a2187\">oxida\u010dn\u00edm stresem<\/a>.<\/li>\n<li>zm\u00edr\u0148uje z\u00e1n\u011bt a <a href=\"https:\/\/www.annabrandejs.sk\/slovnik-pojmov\/erytem-a2035\">eryt\u00e9m<\/a> k\u016f\u017ee vyvolan\u00fd vystaven\u00edm <a href=\"https:\/\/www.annabrandejs.sk\/slovnik-pojmov\/ultrafialove-ziarenie-uv-a2075\">ultrafialov\u00e9mu z\u00e1\u0159en\u00ed<\/a>.<\/li>\n<\/ul>\n<h2>Zlep\u0161uje vzhled poko\u017eky<\/h2>\n<ul>\n<li>Dod\u00e1v\u00e1 pleti z\u00e1\u0159iv\u00fd vzhled, sjednocuje jej\u00ed barevn\u00fd t\u00f3n.<\/li>\n<li>Poko\u017eka je po aplikaci pru\u017en\u00e1, z\u00e1\u0159iv\u00e1 a dostate\u010dn\u011b hydratovan\u00e1.<\/li>\n<li>Podporuje zpevn\u011bn\u00ed pleti a redukci drobn\u00fdch vr\u00e1sek a jemn\u00fdch linek stimulac\u00ed synt\u00e9zy elastinu a kolagenu.<\/li>\n<li>Poskytuje aktivn\u00ed ochranu proti tvorb\u011b jemn\u00fdch linek a vr\u00e1sek<\/li>\n<\/ul>\n<h2>Zcela bezpe\u010dn\u00e9, ale \u00fa\u010dinn\u00e9<\/h2>\n<ul>\n<li>M\u00e1 protiz\u00e1n\u011btliv\u00e9, zklid\u0148uj\u00edc\u00ed a uklid\u0148uj\u00edc\u00ed \u00fa\u010dinky na poko\u017eku.<\/li>\n<li>Nevysu\u0161uje, nezp\u016fsobuje zv\u00fd\u0161enou citlivost nebo podr\u00e1\u017ed\u011bn\u00ed<img loading=\"lazy\" decoding=\"async\" class=\" wp-image-14506 alignright\" src=\"https:\/\/zkeshop.sk\/wp-content\/uploads\/2025\/01\/Copy-of-C-Tetra-Usage-300x300.jpg\" alt=\"\" width=\"357\" height=\"357\" srcset=\"https:\/\/zkeshop.sk\/wp-content\/uploads\/2025\/01\/Copy-of-C-Tetra-Usage-300x300.jpg 300w, https:\/\/zkeshop.sk\/wp-content\/uploads\/2025\/01\/Copy-of-C-Tetra-Usage-1024x1024.jpg 1024w, https:\/\/zkeshop.sk\/wp-content\/uploads\/2025\/01\/Copy-of-C-Tetra-Usage-150x150.jpg 150w, https:\/\/zkeshop.sk\/wp-content\/uploads\/2025\/01\/Copy-of-C-Tetra-Usage-768x768.jpg 768w, https:\/\/zkeshop.sk\/wp-content\/uploads\/2025\/01\/Copy-of-C-Tetra-Usage-1536x1536.jpg 1536w, https:\/\/zkeshop.sk\/wp-content\/uploads\/2025\/01\/Copy-of-C-Tetra-Usage-400x400.jpg 400w, https:\/\/zkeshop.sk\/wp-content\/uploads\/2025\/01\/Copy-of-C-Tetra-Usage-600x600.jpg 600w, https:\/\/zkeshop.sk\/wp-content\/uploads\/2025\/01\/Copy-of-C-Tetra-Usage-1200x1200.jpg 1200w, https:\/\/zkeshop.sk\/wp-content\/uploads\/2025\/01\/Copy-of-C-Tetra-Usage.jpg 2000w\" sizes=\"auto, (max-width: 357px) 100vw, 357px\" \/><\/li>\n<li>M\u00e1 lehk\u00e9 a nemastn\u00e9 slo\u017een\u00ed.<\/li>\n<li>Nezhor\u0161uje <a href=\"https:\/\/www.annabrandejs.sk\/slovnik-pojmov\/akne-a1903\">akn\u00e9<\/a> a nezp\u016fsobuje <a href=\"https:\/\/www.annabrandejs.sk\/slovnik-pojmov\/komedony-a2201\">tvorbu komedon\u016f<\/a>, neucp\u00e1v\u00e1 p\u00f3ry<\/li>\n<li>Bez parfemace, neobsahuje <a href=\"https:\/\/www.annabrandejs.sk\/slovnik-pojmov\/parabeny-a1946\">parabeny<\/a> ani konzerva\u010dn\u00ed l\u00e1tky, m\u00e1 samokonzerva\u010dn\u00ed slo\u017een\u00ed.<\/li>\n<li>Bez petrochemik\u00e1li\u00ed<\/li>\n<li>Je bezpe\u010dn\u00fd i pro aplikaci pod o\u010di<\/li>\n<\/ul>\n<h2>S\u00edla vitaminu C a vitaminu E<\/h2>\n<p><strong>Tetrahexyldecyl askorb\u00e1t (7 %):<\/strong><br \/>\nNov\u00fd deriv\u00e1t vitaminu C rozpustn\u00fd v tuc\u00edch, kter\u00fd m\u00e1 \u010dty\u0159ikr\u00e1t vy\u0161\u0161\u00ed \u00fa\u010dinnost ne\u017e ekvivalentn\u00ed <a href=\"https:\/\/www.annabrandejs.sk\/slovnik-pojmov\/kyselina-askorbova-a2109\">kyselina L-askorbov\u00e1<\/a>. Poskytuje pleti v\u00fdjime\u010dnou antioxida\u010dn\u00ed ochranu a stimuluje tvorbu kolagenu.<\/p>\n<p>D<strong>-alfa tokoferol (p\u0159\u00edrodn\u00ed vitamin E) (1,0 %):<\/strong> Antioxidant rozpustn\u00fd v tuc\u00edch, kter\u00fd pom\u00e1h\u00e1 chr\u00e1nit poko\u017eku p\u0159ed po\u0161kozen\u00edm voln\u00fdmi radik\u00e1ly a p\u016fsob\u00ed jako antioxidant v sou\u010dinnosti s vitaminem C.<\/p>\n<h2>3 zp\u016fsoby pou\u017eit\u00ed syst\u00e9mu C-TETRA<\/h2>\n<ul>\n<li>Pou\u017e\u00edvejte ka\u017ed\u00fd den pro zpomalen\u00ed procesu st\u00e1rnut\u00ed pleti<\/li>\n<li>P\u0159\u00edprava poko\u017eky na peeling<\/li>\n<li>P\u00e9\u010de o ple\u0165 po chemick\u00e9m peelingu, laserov\u00e9m vyhlazen\u00ed pleti a po dermabrazi, C-TETRA urychl\u00ed regenera\u010dn\u00ed procesy a pos\u00edl\u00ed v\u00fdsledky o\u0161et\u0159en\u00ed.<\/li>\n<\/ul>\n<h2>Rann\u00ed ritu\u00e1l s v\u016fn\u00ed citrus\u016f<\/h2>\n<ul>\n<li>S\u00e9rum C-TETRA je ur\u010deno k p\u0159\u00edm\u00e9 aplikaci na obli\u010dej. R\u00e1no po vy\u010di\u0161t\u011bn\u00ed pleti naneste 3-4 kapky p\u0159\u00edmo na ple\u0165 a rovnom\u011brn\u011b rozet\u0159ete po cel\u00e9m obli\u010deji, krku a dekoltu. Kapku p\u0159\u00edpravku m\u016f\u017eete tak\u00e9 nakapat na prst a vmas\u00edrovat do poko\u017eky. Nechte 2 a\u017e 3 minuty vst\u0159eb\u00e1vat.<\/li>\n<li>P\u0159\u00edjemn\u00e1 v\u016fn\u011b sladk\u00fdch pomeran\u010d\u016f je to prav\u00e9, co v\u00e1m zp\u0159\u00edjemn\u00ed rann\u00ed p\u00e9\u010di o ple\u0165. S\u00e9rum se rychle vst\u0159eb\u00e1v\u00e1 a zanech\u00e1v\u00e1 ple\u0165 jemnou a z\u00e1\u0159ivou.<\/li>\n<li>30 ml balen\u00ed vysta\u010d\u00ed na p\u0159ibli\u017en\u011b 100 aplikac\u00ed, tj. v\u00edce ne\u017e 3 m\u011bs\u00edce.<\/li>\n<\/ul>\n<\/div>\n","protected":false},"excerpt":{"rendered":"<h5 class=\"eshop-product-detail__subtitle\">Antioxida\u010dn\u00ed s\u00e9rum obsahuj\u00edc\u00ed lipidov\u00fd vitamin C<\/h5>\n<div class=\"eshop-product-detail__perex\">\n<p>Antioxida\u010dn\u00ed s\u00e9rum s vitaminem C a E C-TETRA chr\u00e1n\u00ed ple\u0165 p\u0159ed st\u00e1rnut\u00edm a redukuje viditeln\u00e9 zn\u00e1mky st\u00e1rnut\u00ed, jako jsou vr\u00e1sky, jemn\u00e9 linky, kontury nebo nadm\u011brn\u00e1 pigmentace. Sni\u017euje tak\u00e9 zarudnut\u00ed pleti, sjednocuje t\u00f3n pleti a zlep\u0161uje jej\u00ed strukturu. Je tak\u00e9 ide\u00e1ln\u00ed jako sou\u010d\u00e1st filozofie CSA proti vr\u00e1sk\u00e1m.<\/p>\n<\/div>\n","protected":false},"featured_media":14498,"comment_status":"open","ping_status":"closed","template":"","meta":[],"product_brand":[],"product_cat":[179,206,181,200,183,185,87,188],"product_tag":[170,159],"class_list":{"0":"post-15096","1":"product","2":"type-product","3":"status-publish","4":"has-post-thumbnail","6":"product_cat-citliva-plet-cs","7":"product_cat-den-cs","8":"product_cat-mastna-plet-cs","9":"product_cat-medik8-cs","10":"product_cat-nadmerna-pigmentace","11":"product_cat-normalni-plet","12":"product_cat-pletova-kosmetika","13":"product_cat-sucha-plet-cs","14":"product_tag-20-cs","15":"product_tag-medik8","17":"first","18":"instock","19":"taxable","20":"shipping-taxable","21":"purchasable","22":"product-type-simple"},"yoast_head":"<!-- This site is optimized with the Yoast SEO Premium plugin v27.3 (Yoast SEO v27.3) - https:\/\/yoast.com\/product\/yoast-seo-premium-wordpress\/ -->\n<title>Medik 8 C-Tetra s\u00e9rum - ZK company<\/title>\n<meta name=\"description\" content=\"S\u00e9rum s vitaminem C-TETRA chr\u00e1n\u00ed ple\u0165 p\u0159ed st\u00e1rnut\u00edm a redukuje viditeln\u00e9 zn\u00e1mky st\u00e1rnut\u00ed, vr\u00e1sky, jemn\u00e9 linky nebo nadm\u011brnou pigmentaci.\" \/>\n<meta name=\"robots\" content=\"index, follow, max-snippet:-1, max-image-preview:large, max-video-preview:-1\" \/>\n<link rel=\"canonical\" href=\"https:\/\/zkeshop.sk\/cs\/produkt\/medik-8-c-tetra-serum\/\" \/>\n<meta property=\"og:locale\" content=\"cs_CZ\" \/>\n<meta property=\"og:type\" content=\"article\" \/>\n<meta property=\"og:title\" content=\"Medik 8 C-Tetra s\u00e9rum\" \/>\n<meta property=\"og:description\" content=\"S\u00e9rum s vitaminem C-TETRA chr\u00e1n\u00ed ple\u0165 p\u0159ed st\u00e1rnut\u00edm a redukuje viditeln\u00e9 zn\u00e1mky st\u00e1rnut\u00ed, vr\u00e1sky, jemn\u00e9 linky nebo nadm\u011brnou pigmentaci.\" \/>\n<meta property=\"og:url\" content=\"https:\/\/zkeshop.sk\/cs\/produkt\/medik-8-c-tetra-serum\/\" \/>\n<meta property=\"og:site_name\" content=\"ZK company\" \/>\n<meta property=\"article:modified_time\" content=\"2025-09-03T17:51:11+00:00\" \/>\n<meta property=\"og:image\" content=\"https:\/\/zkeshop.sk\/wp-content\/uploads\/2025\/01\/Copy-of-C-Tetra-B-1024x1024.png\" \/>\n\t<meta property=\"og:image:width\" content=\"1024\" \/>\n\t<meta property=\"og:image:height\" content=\"1024\" \/>\n\t<meta property=\"og:image:type\" content=\"image\/png\" \/>\n<meta name=\"twitter:card\" content=\"summary_large_image\" \/>\n<meta name=\"twitter:label1\" content=\"Cena\" \/>\n\t<meta name=\"twitter:data1\" content=\"46,00&nbsp;&euro;\" \/>\n\t<meta name=\"twitter:label2\" content=\"Dostupnost\" \/>\n\t<meta name=\"twitter:data2\" content=\"Skladem\" \/>\n<script type=\"application\/ld+json\" class=\"yoast-schema-graph\">{\"@context\":\"https:\\\/\\\/schema.org\",\"@graph\":[{\"@type\":\"WebPage\",\"@id\":\"https:\\\/\\\/zkeshop.sk\\\/cs\\\/produkt\\\/medik-8-c-tetra-serum\\\/\",\"url\":\"https:\\\/\\\/zkeshop.sk\\\/cs\\\/produkt\\\/medik-8-c-tetra-serum\\\/\",\"name\":\"Medik 8 C-Tetra s\u00e9rum - ZK company\",\"isPartOf\":{\"@id\":\"https:\\\/\\\/zkeshop.sk\\\/#website\"},\"primaryImageOfPage\":{\"@id\":\"https:\\\/\\\/zkeshop.sk\\\/cs\\\/produkt\\\/medik-8-c-tetra-serum\\\/#primaryimage\"},\"image\":{\"@id\":\"https:\\\/\\\/zkeshop.sk\\\/cs\\\/produkt\\\/medik-8-c-tetra-serum\\\/#primaryimage\"},\"thumbnailUrl\":\"https:\\\/\\\/zkeshop.sk\\\/wp-content\\\/uploads\\\/2025\\\/01\\\/Copy-of-C-Tetra-B.png\",\"datePublished\":\"2025-01-14T17:23:05+00:00\",\"dateModified\":\"2025-09-03T17:51:11+00:00\",\"description\":\"S\u00e9rum s vitaminem C-TETRA chr\u00e1n\u00ed ple\u0165 p\u0159ed st\u00e1rnut\u00edm a redukuje viditeln\u00e9 zn\u00e1mky st\u00e1rnut\u00ed, vr\u00e1sky, jemn\u00e9 linky nebo nadm\u011brnou pigmentaci.\",\"breadcrumb\":{\"@id\":\"https:\\\/\\\/zkeshop.sk\\\/cs\\\/produkt\\\/medik-8-c-tetra-serum\\\/#breadcrumb\"},\"inLanguage\":\"cs\",\"potentialAction\":[{\"@type\":\"ReadAction\",\"target\":[\"https:\\\/\\\/zkeshop.sk\\\/cs\\\/produkt\\\/medik-8-c-tetra-serum\\\/\"]}]},{\"@type\":\"ImageObject\",\"inLanguage\":\"cs\",\"@id\":\"https:\\\/\\\/zkeshop.sk\\\/cs\\\/produkt\\\/medik-8-c-tetra-serum\\\/#primaryimage\",\"url\":\"https:\\\/\\\/zkeshop.sk\\\/wp-content\\\/uploads\\\/2025\\\/01\\\/Copy-of-C-Tetra-B.png\",\"contentUrl\":\"https:\\\/\\\/zkeshop.sk\\\/wp-content\\\/uploads\\\/2025\\\/01\\\/Copy-of-C-Tetra-B.png\",\"width\":2000,\"height\":2000},{\"@type\":\"BreadcrumbList\",\"@id\":\"https:\\\/\\\/zkeshop.sk\\\/cs\\\/produkt\\\/medik-8-c-tetra-serum\\\/#breadcrumb\",\"itemListElement\":[{\"@type\":\"ListItem\",\"position\":1,\"name\":\"Dom\u016f\",\"item\":\"https:\\\/\\\/zkeshop.sk\\\/\"},{\"@type\":\"ListItem\",\"position\":2,\"name\":\"Obchod\",\"item\":\"https:\\\/\\\/zkeshop.sk\\\/obchod\\\/\"},{\"@type\":\"ListItem\",\"position\":3,\"name\":\"Medik 8 C-Tetra s\u00e9rum\"}]},{\"@type\":\"WebSite\",\"@id\":\"https:\\\/\\\/zkeshop.sk\\\/#website\",\"url\":\"https:\\\/\\\/zkeshop.sk\\\/\",\"name\":\"ZK company\",\"description\":\"Kvalitn\u00e1 kozmetika pre ka\u017edodenn\u00e9 pou\u017eitie\",\"potentialAction\":[{\"@type\":\"SearchAction\",\"target\":{\"@type\":\"EntryPoint\",\"urlTemplate\":\"https:\\\/\\\/zkeshop.sk\\\/?s={search_term_string}\"},\"query-input\":{\"@type\":\"PropertyValueSpecification\",\"valueRequired\":true,\"valueName\":\"search_term_string\"}}],\"inLanguage\":\"cs\"}]}<\/script>\n<meta property=\"product:price:amount\" content=\"46.00\" \/>\n<meta property=\"product:price:currency\" content=\"EUR\" \/>\n<meta property=\"og:availability\" content=\"instock\" \/>\n<meta property=\"product:availability\" content=\"instock\" \/>\n<meta property=\"product:condition\" content=\"new\" \/>\n<!-- \/ Yoast SEO Premium plugin. -->","yoast_head_json":{"title":"Medik 8 C-Tetra s\u00e9rum - ZK company","description":"S\u00e9rum s vitaminem C-TETRA chr\u00e1n\u00ed ple\u0165 p\u0159ed st\u00e1rnut\u00edm a redukuje viditeln\u00e9 zn\u00e1mky st\u00e1rnut\u00ed, vr\u00e1sky, jemn\u00e9 linky nebo nadm\u011brnou pigmentaci.","robots":{"index":"index","follow":"follow","max-snippet":"max-snippet:-1","max-image-preview":"max-image-preview:large","max-video-preview":"max-video-preview:-1"},"canonical":"https:\/\/zkeshop.sk\/cs\/produkt\/medik-8-c-tetra-serum\/","og_locale":"cs_CZ","og_type":"article","og_title":"Medik 8 C-Tetra s\u00e9rum","og_description":"S\u00e9rum s vitaminem C-TETRA chr\u00e1n\u00ed ple\u0165 p\u0159ed st\u00e1rnut\u00edm a redukuje viditeln\u00e9 zn\u00e1mky st\u00e1rnut\u00ed, vr\u00e1sky, jemn\u00e9 linky nebo nadm\u011brnou pigmentaci.","og_url":"https:\/\/zkeshop.sk\/cs\/produkt\/medik-8-c-tetra-serum\/","og_site_name":"ZK company","article_modified_time":"2025-09-03T17:51:11+00:00","og_image":[{"width":1024,"height":1024,"url":"https:\/\/zkeshop.sk\/wp-content\/uploads\/2025\/01\/Copy-of-C-Tetra-B-1024x1024.png","type":"image\/png"}],"twitter_card":"summary_large_image","twitter_misc":{"Cena":"46,00&nbsp;&euro;","Dostupnost":"Skladem"},"schema":{"@context":"https:\/\/schema.org","@graph":[{"@type":"WebPage","@id":"https:\/\/zkeshop.sk\/cs\/produkt\/medik-8-c-tetra-serum\/","url":"https:\/\/zkeshop.sk\/cs\/produkt\/medik-8-c-tetra-serum\/","name":"Medik 8 C-Tetra s\u00e9rum - ZK company","isPartOf":{"@id":"https:\/\/zkeshop.sk\/#website"},"primaryImageOfPage":{"@id":"https:\/\/zkeshop.sk\/cs\/produkt\/medik-8-c-tetra-serum\/#primaryimage"},"image":{"@id":"https:\/\/zkeshop.sk\/cs\/produkt\/medik-8-c-tetra-serum\/#primaryimage"},"thumbnailUrl":"https:\/\/zkeshop.sk\/wp-content\/uploads\/2025\/01\/Copy-of-C-Tetra-B.png","datePublished":"2025-01-14T17:23:05+00:00","dateModified":"2025-09-03T17:51:11+00:00","description":"S\u00e9rum s vitaminem C-TETRA chr\u00e1n\u00ed ple\u0165 p\u0159ed st\u00e1rnut\u00edm a redukuje viditeln\u00e9 zn\u00e1mky st\u00e1rnut\u00ed, vr\u00e1sky, jemn\u00e9 linky nebo nadm\u011brnou pigmentaci.","breadcrumb":{"@id":"https:\/\/zkeshop.sk\/cs\/produkt\/medik-8-c-tetra-serum\/#breadcrumb"},"inLanguage":"cs","potentialAction":[{"@type":"ReadAction","target":["https:\/\/zkeshop.sk\/cs\/produkt\/medik-8-c-tetra-serum\/"]}]},{"@type":"ImageObject","inLanguage":"cs","@id":"https:\/\/zkeshop.sk\/cs\/produkt\/medik-8-c-tetra-serum\/#primaryimage","url":"https:\/\/zkeshop.sk\/wp-content\/uploads\/2025\/01\/Copy-of-C-Tetra-B.png","contentUrl":"https:\/\/zkeshop.sk\/wp-content\/uploads\/2025\/01\/Copy-of-C-Tetra-B.png","width":2000,"height":2000},{"@type":"BreadcrumbList","@id":"https:\/\/zkeshop.sk\/cs\/produkt\/medik-8-c-tetra-serum\/#breadcrumb","itemListElement":[{"@type":"ListItem","position":1,"name":"Dom\u016f","item":"https:\/\/zkeshop.sk\/"},{"@type":"ListItem","position":2,"name":"Obchod","item":"https:\/\/zkeshop.sk\/obchod\/"},{"@type":"ListItem","position":3,"name":"Medik 8 C-Tetra s\u00e9rum"}]},{"@type":"WebSite","@id":"https:\/\/zkeshop.sk\/#website","url":"https:\/\/zkeshop.sk\/","name":"ZK company","description":"Kvalitn\u00e1 kozmetika pre ka\u017edodenn\u00e9 pou\u017eitie","potentialAction":[{"@type":"SearchAction","target":{"@type":"EntryPoint","urlTemplate":"https:\/\/zkeshop.sk\/?s={search_term_string}"},"query-input":{"@type":"PropertyValueSpecification","valueRequired":true,"valueName":"search_term_string"}}],"inLanguage":"cs"}]},"product_price_amount":"46.00","product_price_currency":"EUR","og_availability":"instock","product_availability":"instock","product_condition":"new"},"_links":{"self":[{"href":"https:\/\/zkeshop.sk\/cs\/wp-json\/wp\/v2\/product\/15096","targetHints":{"allow":["GET"]}}],"collection":[{"href":"https:\/\/zkeshop.sk\/cs\/wp-json\/wp\/v2\/product"}],"about":[{"href":"https:\/\/zkeshop.sk\/cs\/wp-json\/wp\/v2\/types\/product"}],"replies":[{"embeddable":true,"href":"https:\/\/zkeshop.sk\/cs\/wp-json\/wp\/v2\/comments?post=15096"}],"version-history":[{"count":0,"href":"https:\/\/zkeshop.sk\/cs\/wp-json\/wp\/v2\/product\/15096\/revisions"}],"wp:featuredmedia":[{"embeddable":true,"href":"https:\/\/zkeshop.sk\/cs\/wp-json\/wp\/v2\/media\/14498"}],"wp:attachment":[{"href":"https:\/\/zkeshop.sk\/cs\/wp-json\/wp\/v2\/media?parent=15096"}],"wp:term":[{"taxonomy":"product_brand","embeddable":true,"href":"https:\/\/zkeshop.sk\/cs\/wp-json\/wp\/v2\/product_brand?post=15096"},{"taxonomy":"product_cat","embeddable":true,"href":"https:\/\/zkeshop.sk\/cs\/wp-json\/wp\/v2\/product_cat?post=15096"},{"taxonomy":"product_tag","embeddable":true,"href":"https:\/\/zkeshop.sk\/cs\/wp-json\/wp\/v2\/product_tag?post=15096"}],"curies":[{"name":"wp","href":"https:\/\/api.w.org\/{rel}","templated":true}]}}