{"id":15099,"date":"2025-01-14T18:22:19","date_gmt":"2025-02-18T09:20:29","guid":{"rendered":"https:\/\/zkeshop.sk\/produkt\/medik-8-crystal-retinal-20\/"},"modified":"2025-05-06T14:47:15","modified_gmt":"2025-05-06T12:47:15","slug":"medik-8-crystal-retinal-20","status":"publish","type":"product","link":"https:\/\/zkeshop.sk\/cs\/produkt\/medik-8-crystal-retinal-20\/","title":{"rendered":"Medik 8 Crystal Retinal 20"},"content":{"rendered":"<h5 class=\"eshop-product-detail__subtitle\">Nej\u00fa\u010dinn\u011bj\u0161\u00ed omlazuj\u00edc\u00ed s\u00e9rum s profesion\u00e1ln\u00edm vitaminem A<\/h5>\n<div class=\"eshop-product-detail__perex\">\n<p>Vitamin A pro dokonal\u00e9 zpevn\u011bn\u00ed, vyhlazen\u00ed vr\u00e1sek a viditeln\u00e9 omlazen\u00ed pleti v profesion\u00e1ln\u00ed koncentraci &#8211; to je s\u00e9rum CRYSTAL RETINAL 20 s 0,2% koncentrac\u00ed retinaldehydu, kter\u00fd p\u016fsob\u00ed a\u017e 11kr\u00e1t rychleji ne\u017e klasick\u00fd retinol. CRYSTAL RETINAL 20 lze zakoupit v\u00fdhradn\u011b v na\u0161em internetov\u00e9m obchod\u011b a je ur\u010den pouze pro z\u00e1kazn\u00edky, kte\u0159\u00ed dlouhodob\u011b pou\u017e\u00edvaj\u00ed nejsiln\u011bj\u0161\u00ed s\u00e9ra s vitaminem A, jako je CRYSTAL RETINAL 10 nebo R-RETINOATE INTENSE!<\/p>\n<h2>Omlazuj\u00edc\u00ed s\u00e9rum se s\u00edtnic\u00ed<\/h2>\n<p>Zn\u00e1te retinol, tradi\u010dn\u00ed formu vitaminu A, ale cht\u011bli byste vyzkou\u0161et n\u011bco \u00fa\u010dinn\u011bj\u0161\u00edho pro omlazen\u00ed pleti? Zvolte retinal (retinaldehyd), kter\u00fd v s\u00e9ru CRYSTAL RETINAL 20 p\u016fsob\u00ed a\u017e 11kr\u00e1t rychleji a 2,8kr\u00e1t siln\u011bji.<\/p>\n<h2>Pro\u010d je retinaldehyd lep\u0161\u00ed ne\u017e retinol?<\/h2>\n<p>Retinol aplikovan\u00fd v s\u00e9rech nebo kr\u00e9mech nep\u016fsob\u00ed p\u0159\u00edmo na poko\u017eku. Aby byl biologicky aktivn\u00ed, mus\u00ed se p\u0159em\u011bnit na retinaldehyd a n\u00e1sledn\u011b na kyselinu retinovou, kter\u00e1 ji\u017e p\u016fsob\u00ed p\u0159\u00edmo na poko\u017eku. P\u016fsoben\u00ed retinolu vy\u017eaduje dva kroky p\u0159em\u011bny, zat\u00edmco retinaldehyd pot\u0159ebuje pouze jeden krok.<\/p>\n<h2>\u00da\u010dinek p\u0159\u00edpravku CRYSTAL RETINAL 20<\/h2>\n<ul>\n<li>P\u016fsob\u00ed v sou\u010dinnosti s vlastn\u00edmi regenera\u010dn\u00edmi mechanismy poko\u017eky.<\/li>\n<li>Podporuje tvorbu kolagenu v poko\u017ece<\/li>\n<li>Urychluje obnovu ko\u017en\u00edch bun\u011bk<\/li>\n<li>Zpev\u0148uje poko\u017eku a o\u017eivuje jej\u00ed kontury<\/li>\n<li>Dod\u00e1v\u00e1 pleti chyb\u011bj\u00edc\u00ed objem<\/li>\n<li>Viditeln\u011b minimalizuje jemn\u00e9 linky a vr\u00e1sky<\/li>\n<li>Sjednocuje t\u00f3n pleti<\/li>\n<li>Obnovuje povrch pleti a dod\u00e1v\u00e1 j\u00ed jas.<\/li>\n<li>Zlep\u0161uje stav poko\u017eky po\u0161kozen\u00e9 UV z\u00e1\u0159en\u00edm<\/li>\n<\/ul>\n<h2>\u00da\u010dinek na akn\u00e9 srovnateln\u00fd s vitaminem A na p\u0159edpis<\/h2>\n<ul>\n<li>P\u016fsob\u00ed p\u0159\u00edmo proti bakteri\u00edm Propionibacterium Acnes, kter\u00e9 jsou p\u0159\u00ed\u010dinou akn\u00e9.<\/li>\n<li>Podporuje zdrav\u00fd vzhled poko\u017eky bez vyr\u00e1\u017eek a nedokonalost\u00ed<\/li>\n<\/ul>\n<h2>Bez podr\u00e1\u017ed\u011bn\u00ed<\/h2>\n<h5 class=\"eshop-product-detail__subtitle\"><img loading=\"lazy\" decoding=\"async\" class=\"size-medium wp-image-14380 alignright\" src=\"https:\/\/zkeshop.sk\/wp-content\/uploads\/2025\/01\/Copy-of-Crystal-Retinal-1-Usage-2-300x300.jpg\" alt=\"\" width=\"300\" height=\"300\" srcset=\"https:\/\/zkeshop.sk\/wp-content\/uploads\/2025\/01\/Copy-of-Crystal-Retinal-1-Usage-2-300x300.jpg 300w, https:\/\/zkeshop.sk\/wp-content\/uploads\/2025\/01\/Copy-of-Crystal-Retinal-1-Usage-2-1024x1024.jpg 1024w, https:\/\/zkeshop.sk\/wp-content\/uploads\/2025\/01\/Copy-of-Crystal-Retinal-1-Usage-2-150x150.jpg 150w, https:\/\/zkeshop.sk\/wp-content\/uploads\/2025\/01\/Copy-of-Crystal-Retinal-1-Usage-2-768x768.jpg 768w, https:\/\/zkeshop.sk\/wp-content\/uploads\/2025\/01\/Copy-of-Crystal-Retinal-1-Usage-2-1536x1536.jpg 1536w, https:\/\/zkeshop.sk\/wp-content\/uploads\/2025\/01\/Copy-of-Crystal-Retinal-1-Usage-2-400x400.jpg 400w, https:\/\/zkeshop.sk\/wp-content\/uploads\/2025\/01\/Copy-of-Crystal-Retinal-1-Usage-2-600x600.jpg 600w, https:\/\/zkeshop.sk\/wp-content\/uploads\/2025\/01\/Copy-of-Crystal-Retinal-1-Usage-2-1200x1200.jpg 1200w, https:\/\/zkeshop.sk\/wp-content\/uploads\/2025\/01\/Copy-of-Crystal-Retinal-1-Usage-2.jpg 2000w\" sizes=\"auto, (max-width: 300px) 100vw, 300px\" \/><\/h5>\n<p>&nbsp;<\/p>\n<ul>\n<li>Nov\u00e1 generace produkt\u016f s vitaminem A s minim\u00e1ln\u00edm rizikem podr\u00e1\u017ed\u011bn\u00ed<\/li>\n<li>Patentovan\u00fd syst\u00e9m postupn\u00e9ho uvol\u0148ov\u00e1n\u00ed retinaldehydu<\/li>\n<li>Retinaldehyd je zapouzd\u0159en v krystalick\u00e9m transportn\u00edm \u010dinidle.<\/li>\n<li>Obsahuje kyselinu hyaluronovou a vitamin E pro hydrataci v\u0161ech \u00farovn\u00ed pleti<\/li>\n<li>Posiluje ochrannou bari\u00e9ru, kter\u00e1 dlouhodob\u011b zadr\u017euje vlhkost v poko\u017ece.<\/li>\n<li>Technologie vyvinut\u00e1 v\u011bdci z britsk\u00e9 University of Hertfordshire.<\/li>\n<\/ul>\n<h2>Profesion\u00e1ln\u00ed vitamin A<\/h2>\n<p>S\u00e9rum CRYSTAL RETINAL 20 je ur\u010deno pouze pro zku\u0161en\u00e9 u\u017eivatele kosmetiky s vitaminem A. Proto v\u00fdrobce Medik8 zpo\u010d\u00e1tku prod\u00e1val toto s\u00e9rum v\u00fdhradn\u011b prost\u0159ednictv\u00edm profesion\u00e1ln\u00edch kosmetick\u00fdch salon\u016f a dermatologick\u00fdch ordinac\u00ed, kde si odborn\u011b vy\u0161kolen\u00fd person\u00e1l m\u016f\u017ee b\u00fdt jist\u00fd, \u017ee je ple\u0165 p\u0159ipravena na vysokou 0,2% koncentraci.<\/p>\n<h2>Pro koho je s\u00e9rum CRYSTAL RETINAL 20 vhodn\u00e9?<\/h2>\n<p>Pokud jste pou\u017eili alespo\u0148 dv\u011b pln\u00e1 balen\u00ed s\u00e9ra CRYSTAL RETINAL 10 nebo intenzivn\u00edho no\u010dn\u00edho kr\u00e9mu R-RETINATE INTENSE, pak jste ide\u00e1ln\u00edmi kandid\u00e1ty pro toto s\u00e9rum. Pokud va\u0161e ple\u0165 nem\u00e1 s vitaminem A podobn\u00e9 zku\u0161enosti, doporu\u010dujeme vyzkou\u0161et s\u00e9ra CRYSTAL RETINAL nebo RETINOL INTELLIGENT s ni\u017e\u0161\u00ed koncentrac\u00ed vitaminu A.<\/p>\n<h2>Jak\u00fd CRYSTAL RETINAL vybrat?<\/h2>\n<p>CRYSTAL RETINAL je no\u010dn\u00ed s\u00e9rum od spole\u010dnosti Medik8, jeho\u017e hlavn\u00ed \u00fa\u010dinnou l\u00e1tkou je retinaldehyd. Z\u00e1rove\u0148 se jedn\u00e1 o kompletn\u00ed produktovou \u0159adu se \u010dty\u0159mi r\u016fzn\u00fdmi koncentracemi t\u00e9to \u00fa\u010dinn\u00e9 l\u00e1tky.<\/p>\n<ul>\n<li>CRYSTAL RETINAL 1 s 0,01 % retinalu vhodn\u00fd pro mladistvou problematickou ple\u0165 nebo pro p\u0159ecitliv\u011blou ple\u0165<\/li>\n<li>CRYSTAL RETINALl 3 s 0,03% retinalem je vhodn\u00fd pro ty, kte\u0159\u00ed nemaj\u00ed zku\u0161enosti s retinoidy.<\/li>\n<li>CRYSTAL RETINAL 6 s 0,06 % retinalu je vhodn\u00fd pro ple\u0165 zvyklou na aplikaci retinoid\u016f, kter\u00e1 chce vyu\u017e\u00edt vy\u0161\u0161\u00ed koncentraci retinoid\u016f.<\/li>\n<li>CRYSTAL RETINAL 10 s 0,1 % retinalu je nejsiln\u011bj\u0161\u00ed retin\u00e1ln\u00ed s\u00e9rum vhodn\u00e9 pro zralou ple\u0165 s viditeln\u00fdmi zn\u00e1mkami st\u00e1rnut\u00ed.<\/li>\n<li>CRYSTAL RETINAL 20 s 0,2 % retinalu je profesion\u00e1ln\u00ed retin\u00e1ln\u00ed s\u00e9rum vhodn\u00e9 pro zralou ple\u0165 s viditeln\u00fdmi zn\u00e1mkami st\u00e1rnut\u00ed, kter\u00e1 je ji\u017e zvykl\u00e1 na vysok\u00e9 koncentrace vitaminu A.<\/li>\n<\/ul>\n<h2>No\u010dn\u00ed s\u00e9rum vhodn\u00e9 pro<\/h2>\n<ul>\n<li>Zral\u00e1 ple\u0165<\/li>\n<li>Ple\u0165 s v\u00fdrazn\u00fdmi zn\u00e1mkami st\u00e1rnut\u00ed<\/li>\n<li>Poko\u017eka zvykl\u00e1 na vy\u0161\u0161\u00ed koncentraci vitaminu A<\/li>\n<\/ul>\n<h2>Slo\u017een\u00ed proti vr\u00e1sk\u00e1m<\/h2>\n<p>Z<strong>apouzd\u0159en\u00fd retinal (retinaldehyd<\/strong>): \u00da\u010dinn\u00fd deriv\u00e1t vitaminu A, kter\u00fd m\u016f\u017ee p\u016fsobit a\u017e 11kr\u00e1t rychleji ne\u017e b\u011b\u017en\u00e9 formy retinolu, ale p\u0159esto z\u016fst\u00e1v\u00e1 k poko\u017ece stejn\u011b \u0161etrn\u00fd. Redukuje bakterie P. acnes zodpov\u011bdn\u00e9 za vznik pup\u00ednk\u016f a dal\u0161\u00edch p\u0159\u00edznak\u016f akn\u00e9. Viditeln\u011b zlep\u0161uje vzhled jemn\u00fdch linek a vr\u00e1sek, texturu pleti a vyrovn\u00e1v\u00e1 jej\u00ed t\u00f3n.<\/p>\n<p>K<strong>yselina hyaluronov\u00e1:<\/strong> Vysoce \u00fa\u010dinn\u00e1 slo\u017eka, kter\u00e1 v poko\u017ece uzamyk\u00e1 vlhkost, podporuje vyv\u00e1\u017eenou hydrataci a pru\u017enost pleti. Dok\u00e1\u017ee pojmout a\u017e tis\u00edcin\u00e1sobek sv\u00e9 vlastn\u00ed hmotnosti ve vod\u011b.<\/p>\n<p>G<strong>lycerin:<\/strong> Jeden z p\u0159irozen\u00fdch hydrata\u010dn\u00edch faktor\u016f poko\u017eky a \u00fa\u010dinn\u00fd zvlh\u010dova\u010d, kter\u00fd podporuje fungov\u00e1n\u00ed p\u0159irozen\u00e9 ko\u017en\u00ed bari\u00e9ry a zabra\u0148uje transepiderm\u00e1ln\u00ed ztr\u00e1t\u011b vody.<\/p>\n<p>V<strong>itamin C:<\/strong> Antioxidant, kter\u00fd neutralizuje voln\u00e9 radik\u00e1ly vznikaj\u00edc\u00ed v k\u016f\u017ei vlivem UV z\u00e1\u0159en\u00ed, a t\u00edm bojuje proti viditeln\u00fdm zn\u00e1mk\u00e1m st\u00e1rnut\u00ed pleti a hyperpigmentaci.<\/p>\n<p>V<strong>itamin E:<\/strong> Siln\u00fd antioxidant neutralizuj\u00edc\u00ed voln\u00e9 radik\u00e1ly, kter\u00fd stimuluje hydrataci a omlazen\u00ed pleti. Spolu s vitaminem C p\u016fsob\u00ed synergicky a zvy\u0161uj\u00ed sv\u016fj antioxida\u010dn\u00ed \u00fa\u010dinek.<\/p>\n<h2>Zv\u00fd\u0161en\u00ed \u00fa\u010dinku kosmetick\u00fdch procedur<\/h2>\n<ul>\n<li>Mikrojehli\u010dkov\u00e1n\u00ed (mezoterapie)<\/li>\n<li>Chemick\u00fd peeling<\/li>\n<li>Enzymatick\u00fd peeling<\/li>\n<li>Omlazen\u00ed laserem<\/li>\n<li>Dermabraze<\/li>\n<li>Mikrodermabraze<\/li>\n<\/ul>\n<h2>Crystal Retinal si u\u017e\u00edv\u00e1 ve\u010der<\/h2>\n<ul>\n<li>Po ve\u010dern\u00edm \u010di\u0161t\u011bn\u00ed pleti naneste mal\u00e9 mno\u017estv\u00ed na ple\u0165 a dekolt p\u0159ed pou\u017eit\u00edm tradi\u010dn\u00edho hydrata\u010dn\u00edho kr\u00e9mu. Stejn\u011b jako u v\u00fdrobk\u016f s retinolem aplikujte postupn\u011b a nechte ple\u0165, aby si na n\u011bj zvykla. Prvn\u00ed dva t\u00fddny aplikujte dvakr\u00e1t t\u00fddn\u011b, dal\u0161\u00ed dva t\u00fddny pak ka\u017ed\u00fd druh\u00fd den. Po m\u011bs\u00edci m\u016f\u017eete aplikovat denn\u011b.<\/li>\n<li>30 ml balen\u00ed a\u017e pro 100 aplikac\u00ed<\/li>\n<li>V p\u0159\u00edpad\u011b t\u011bhotenstv\u00ed nebo kojen\u00ed konzultujte pou\u017eit\u00ed s l\u00e9ka\u0159em.<\/li>\n<\/ul>\n<h2>Pou\u017e\u00edvejte opalovac\u00ed kr\u00e9m<\/h2>\n<p>Nezapom\u00ednejte na ka\u017edodenn\u00ed aplikaci ochrann\u00e9ho p\u0159\u00edpravku proti UV z\u00e1\u0159en\u00ed, kter\u00e1 by m\u011bla trvat a\u017e jeden t\u00fdden po aplikaci CRYSTAL RETINAL. Obsa\u017een\u00fd retinaldehyd m\u016f\u017ee zv\u00fd\u0161it citlivost poko\u017eky na slune\u010dn\u00ed z\u00e1\u0159en\u00ed.<\/p>\n<p>Upozorn\u011bn\u00ed: V\u00fdrobky obsahuj\u00edc\u00ed vitamin A nejsou vhodn\u00e9 pro t\u011bhotn\u00e9 a koj\u00edc\u00ed \u017eeny.<\/p>\n<\/div>\n","protected":false},"excerpt":{"rendered":"<h5 class=\"eshop-product-detail__subtitle\">Nej\u00fa\u010dinn\u011bj\u0161\u00ed omlazuj\u00edc\u00ed s\u00e9rum s profesion\u00e1ln\u00edm vitaminem A<\/h5>\n<div class=\"eshop-product-detail__perex\">\n<p>Vitamin A pro dokonal\u00e9 zpevn\u011bn\u00ed, vyhlazen\u00ed vr\u00e1sek a viditeln\u00e9 omlazen\u00ed pleti v profesion\u00e1ln\u00ed koncentraci, to je s\u00e9rum CRYSTAL RETINAL 20 s 0,2% koncentrac\u00ed retinaldehydu, kter\u00fd p\u016fsob\u00ed a\u017e 11kr\u00e1t rychleji ne\u017e klasick\u00fd retinol. CRYSTAL RETINAL 20 lze zakoupit v\u00fdhradn\u011b v na\u0161em internetov\u00e9m obchod\u011b a je ur\u010den pouze pro z\u00e1kazn\u00edky, kte\u0159\u00ed dlouhodob\u011b pou\u017e\u00edvaj\u00ed nejsiln\u011bj\u0161\u00ed s\u00e9ra s vitaminem A, jako je CRYSTAL RETINAL 10 nebo R-RETINOATE INTENSE!<\/p>\n<\/div>\n","protected":false},"featured_media":14390,"comment_status":"open","ping_status":"closed","template":"","meta":[],"product_brand":[],"product_cat":[206,200,185,87,188],"product_tag":[159],"class_list":{"0":"post-15099","1":"product","2":"type-product","3":"status-publish","4":"has-post-thumbnail","6":"product_cat-den-cs","7":"product_cat-medik8-cs","8":"product_cat-normalni-plet","9":"product_cat-pletova-kosmetika","10":"product_cat-sucha-plet-cs","11":"product_tag-medik8","13":"first","14":"instock","15":"taxable","16":"shipping-taxable","17":"purchasable","18":"product-type-simple"},"yoast_head":"<!-- This site is optimized with the Yoast SEO Premium plugin v27.3 (Yoast SEO v27.3) - https:\/\/yoast.com\/product\/yoast-seo-premium-wordpress\/ -->\n<title>Medik 8 Crystal Retinal 20 - ZK company<\/title>\n<meta name=\"description\" content=\"Maxim\u00e1ln\u00ed zpevn\u011bn\u00ed a viditeln\u00e9 omlazen\u00ed pleti v profesion\u00e1ln\u00ed koncentraci, to je s\u00e9rum CRYSTAL RETINAL 20 s 0,2% koncentrac\u00ed retinaldehydu.\" \/>\n<meta name=\"robots\" content=\"index, follow, max-snippet:-1, max-image-preview:large, max-video-preview:-1\" \/>\n<link rel=\"canonical\" href=\"https:\/\/zkeshop.sk\/cs\/produkt\/medik-8-crystal-retinal-20\/\" \/>\n<meta property=\"og:locale\" content=\"cs_CZ\" \/>\n<meta property=\"og:type\" content=\"article\" \/>\n<meta property=\"og:title\" content=\"Medik 8 Crystal Retinal 20\" \/>\n<meta property=\"og:description\" content=\"Maxim\u00e1ln\u00ed zpevn\u011bn\u00ed a viditeln\u00e9 omlazen\u00ed pleti v profesion\u00e1ln\u00ed koncentraci, to je s\u00e9rum CRYSTAL RETINAL 20 s 0,2% koncentrac\u00ed retinaldehydu.\" \/>\n<meta property=\"og:url\" content=\"https:\/\/zkeshop.sk\/cs\/produkt\/medik-8-crystal-retinal-20\/\" \/>\n<meta property=\"og:site_name\" content=\"ZK company\" \/>\n<meta property=\"article:modified_time\" content=\"2025-05-06T12:47:15+00:00\" \/>\n<meta property=\"og:image\" content=\"https:\/\/zkeshop.sk\/wp-content\/uploads\/2025\/01\/Copy-of-Crystal-Retinal-20-B-1024x1024.png\" \/>\n\t<meta property=\"og:image:width\" content=\"1024\" \/>\n\t<meta property=\"og:image:height\" content=\"1024\" \/>\n\t<meta property=\"og:image:type\" content=\"image\/png\" \/>\n<meta name=\"twitter:card\" content=\"summary_large_image\" \/>\n<meta name=\"twitter:label1\" content=\"Cena\" \/>\n\t<meta name=\"twitter:data1\" content=\"115,00&nbsp;&euro;\" \/>\n\t<meta name=\"twitter:label2\" content=\"Dostupnost\" \/>\n\t<meta name=\"twitter:data2\" content=\"Skladem\" \/>\n<script type=\"application\/ld+json\" class=\"yoast-schema-graph\">{\"@context\":\"https:\\\/\\\/schema.org\",\"@graph\":[{\"@type\":\"WebPage\",\"@id\":\"https:\\\/\\\/zkeshop.sk\\\/cs\\\/produkt\\\/medik-8-crystal-retinal-20\\\/\",\"url\":\"https:\\\/\\\/zkeshop.sk\\\/cs\\\/produkt\\\/medik-8-crystal-retinal-20\\\/\",\"name\":\"Medik 8 Crystal Retinal 20 - ZK company\",\"isPartOf\":{\"@id\":\"https:\\\/\\\/zkeshop.sk\\\/#website\"},\"primaryImageOfPage\":{\"@id\":\"https:\\\/\\\/zkeshop.sk\\\/cs\\\/produkt\\\/medik-8-crystal-retinal-20\\\/#primaryimage\"},\"image\":{\"@id\":\"https:\\\/\\\/zkeshop.sk\\\/cs\\\/produkt\\\/medik-8-crystal-retinal-20\\\/#primaryimage\"},\"thumbnailUrl\":\"https:\\\/\\\/zkeshop.sk\\\/wp-content\\\/uploads\\\/2025\\\/01\\\/Copy-of-Crystal-Retinal-20-B.png\",\"datePublished\":\"2025-02-18T09:20:29+00:00\",\"dateModified\":\"2025-05-06T12:47:15+00:00\",\"description\":\"Maxim\u00e1ln\u00ed zpevn\u011bn\u00ed a viditeln\u00e9 omlazen\u00ed pleti v profesion\u00e1ln\u00ed koncentraci, to je s\u00e9rum CRYSTAL RETINAL 20 s 0,2% koncentrac\u00ed retinaldehydu.\",\"breadcrumb\":{\"@id\":\"https:\\\/\\\/zkeshop.sk\\\/cs\\\/produkt\\\/medik-8-crystal-retinal-20\\\/#breadcrumb\"},\"inLanguage\":\"cs\",\"potentialAction\":[{\"@type\":\"ReadAction\",\"target\":[\"https:\\\/\\\/zkeshop.sk\\\/cs\\\/produkt\\\/medik-8-crystal-retinal-20\\\/\"]}]},{\"@type\":\"ImageObject\",\"inLanguage\":\"cs\",\"@id\":\"https:\\\/\\\/zkeshop.sk\\\/cs\\\/produkt\\\/medik-8-crystal-retinal-20\\\/#primaryimage\",\"url\":\"https:\\\/\\\/zkeshop.sk\\\/wp-content\\\/uploads\\\/2025\\\/01\\\/Copy-of-Crystal-Retinal-20-B.png\",\"contentUrl\":\"https:\\\/\\\/zkeshop.sk\\\/wp-content\\\/uploads\\\/2025\\\/01\\\/Copy-of-Crystal-Retinal-20-B.png\",\"width\":2000,\"height\":2000,\"caption\":\"Ultim\u00e1tne spevnenie vidite\u013en\u00e9 omladenie pleti v profesion\u00e1lnej koncentr\u00e1cii, to je s\u00e9rum CRYSTAL RETINAL 20 s 0,2% koncentr\u00e1ciou retinaldehydu\"},{\"@type\":\"BreadcrumbList\",\"@id\":\"https:\\\/\\\/zkeshop.sk\\\/cs\\\/produkt\\\/medik-8-crystal-retinal-20\\\/#breadcrumb\",\"itemListElement\":[{\"@type\":\"ListItem\",\"position\":1,\"name\":\"Dom\u016f\",\"item\":\"https:\\\/\\\/zkeshop.sk\\\/\"},{\"@type\":\"ListItem\",\"position\":2,\"name\":\"Obchod\",\"item\":\"https:\\\/\\\/zkeshop.sk\\\/obchod\\\/\"},{\"@type\":\"ListItem\",\"position\":3,\"name\":\"Medik 8 Crystal Retinal 20\"}]},{\"@type\":\"WebSite\",\"@id\":\"https:\\\/\\\/zkeshop.sk\\\/#website\",\"url\":\"https:\\\/\\\/zkeshop.sk\\\/\",\"name\":\"ZK company\",\"description\":\"Kvalitn\u00e1 kozmetika pre ka\u017edodenn\u00e9 pou\u017eitie\",\"potentialAction\":[{\"@type\":\"SearchAction\",\"target\":{\"@type\":\"EntryPoint\",\"urlTemplate\":\"https:\\\/\\\/zkeshop.sk\\\/?s={search_term_string}\"},\"query-input\":{\"@type\":\"PropertyValueSpecification\",\"valueRequired\":true,\"valueName\":\"search_term_string\"}}],\"inLanguage\":\"cs\"}]}<\/script>\n<meta property=\"product:price:amount\" content=\"115.00\" \/>\n<meta property=\"product:price:currency\" content=\"EUR\" \/>\n<meta property=\"og:availability\" content=\"instock\" \/>\n<meta property=\"product:availability\" content=\"instock\" \/>\n<meta property=\"product:condition\" content=\"new\" \/>\n<!-- \/ Yoast SEO Premium plugin. -->","yoast_head_json":{"title":"Medik 8 Crystal Retinal 20 - ZK company","description":"Maxim\u00e1ln\u00ed zpevn\u011bn\u00ed a viditeln\u00e9 omlazen\u00ed pleti v profesion\u00e1ln\u00ed koncentraci, to je s\u00e9rum CRYSTAL RETINAL 20 s 0,2% koncentrac\u00ed retinaldehydu.","robots":{"index":"index","follow":"follow","max-snippet":"max-snippet:-1","max-image-preview":"max-image-preview:large","max-video-preview":"max-video-preview:-1"},"canonical":"https:\/\/zkeshop.sk\/cs\/produkt\/medik-8-crystal-retinal-20\/","og_locale":"cs_CZ","og_type":"article","og_title":"Medik 8 Crystal Retinal 20","og_description":"Maxim\u00e1ln\u00ed zpevn\u011bn\u00ed a viditeln\u00e9 omlazen\u00ed pleti v profesion\u00e1ln\u00ed koncentraci, to je s\u00e9rum CRYSTAL RETINAL 20 s 0,2% koncentrac\u00ed retinaldehydu.","og_url":"https:\/\/zkeshop.sk\/cs\/produkt\/medik-8-crystal-retinal-20\/","og_site_name":"ZK company","article_modified_time":"2025-05-06T12:47:15+00:00","og_image":[{"width":1024,"height":1024,"url":"https:\/\/zkeshop.sk\/wp-content\/uploads\/2025\/01\/Copy-of-Crystal-Retinal-20-B-1024x1024.png","type":"image\/png"}],"twitter_card":"summary_large_image","twitter_misc":{"Cena":"115,00&nbsp;&euro;","Dostupnost":"Skladem"},"schema":{"@context":"https:\/\/schema.org","@graph":[{"@type":"WebPage","@id":"https:\/\/zkeshop.sk\/cs\/produkt\/medik-8-crystal-retinal-20\/","url":"https:\/\/zkeshop.sk\/cs\/produkt\/medik-8-crystal-retinal-20\/","name":"Medik 8 Crystal Retinal 20 - ZK company","isPartOf":{"@id":"https:\/\/zkeshop.sk\/#website"},"primaryImageOfPage":{"@id":"https:\/\/zkeshop.sk\/cs\/produkt\/medik-8-crystal-retinal-20\/#primaryimage"},"image":{"@id":"https:\/\/zkeshop.sk\/cs\/produkt\/medik-8-crystal-retinal-20\/#primaryimage"},"thumbnailUrl":"https:\/\/zkeshop.sk\/wp-content\/uploads\/2025\/01\/Copy-of-Crystal-Retinal-20-B.png","datePublished":"2025-02-18T09:20:29+00:00","dateModified":"2025-05-06T12:47:15+00:00","description":"Maxim\u00e1ln\u00ed zpevn\u011bn\u00ed a viditeln\u00e9 omlazen\u00ed pleti v profesion\u00e1ln\u00ed koncentraci, to je s\u00e9rum CRYSTAL RETINAL 20 s 0,2% koncentrac\u00ed retinaldehydu.","breadcrumb":{"@id":"https:\/\/zkeshop.sk\/cs\/produkt\/medik-8-crystal-retinal-20\/#breadcrumb"},"inLanguage":"cs","potentialAction":[{"@type":"ReadAction","target":["https:\/\/zkeshop.sk\/cs\/produkt\/medik-8-crystal-retinal-20\/"]}]},{"@type":"ImageObject","inLanguage":"cs","@id":"https:\/\/zkeshop.sk\/cs\/produkt\/medik-8-crystal-retinal-20\/#primaryimage","url":"https:\/\/zkeshop.sk\/wp-content\/uploads\/2025\/01\/Copy-of-Crystal-Retinal-20-B.png","contentUrl":"https:\/\/zkeshop.sk\/wp-content\/uploads\/2025\/01\/Copy-of-Crystal-Retinal-20-B.png","width":2000,"height":2000,"caption":"Ultim\u00e1tne spevnenie vidite\u013en\u00e9 omladenie pleti v profesion\u00e1lnej koncentr\u00e1cii, to je s\u00e9rum CRYSTAL RETINAL 20 s 0,2% koncentr\u00e1ciou retinaldehydu"},{"@type":"BreadcrumbList","@id":"https:\/\/zkeshop.sk\/cs\/produkt\/medik-8-crystal-retinal-20\/#breadcrumb","itemListElement":[{"@type":"ListItem","position":1,"name":"Dom\u016f","item":"https:\/\/zkeshop.sk\/"},{"@type":"ListItem","position":2,"name":"Obchod","item":"https:\/\/zkeshop.sk\/obchod\/"},{"@type":"ListItem","position":3,"name":"Medik 8 Crystal Retinal 20"}]},{"@type":"WebSite","@id":"https:\/\/zkeshop.sk\/#website","url":"https:\/\/zkeshop.sk\/","name":"ZK company","description":"Kvalitn\u00e1 kozmetika pre ka\u017edodenn\u00e9 pou\u017eitie","potentialAction":[{"@type":"SearchAction","target":{"@type":"EntryPoint","urlTemplate":"https:\/\/zkeshop.sk\/?s={search_term_string}"},"query-input":{"@type":"PropertyValueSpecification","valueRequired":true,"valueName":"search_term_string"}}],"inLanguage":"cs"}]},"product_price_amount":"115.00","product_price_currency":"EUR","og_availability":"instock","product_availability":"instock","product_condition":"new"},"_links":{"self":[{"href":"https:\/\/zkeshop.sk\/cs\/wp-json\/wp\/v2\/product\/15099","targetHints":{"allow":["GET"]}}],"collection":[{"href":"https:\/\/zkeshop.sk\/cs\/wp-json\/wp\/v2\/product"}],"about":[{"href":"https:\/\/zkeshop.sk\/cs\/wp-json\/wp\/v2\/types\/product"}],"replies":[{"embeddable":true,"href":"https:\/\/zkeshop.sk\/cs\/wp-json\/wp\/v2\/comments?post=15099"}],"version-history":[{"count":0,"href":"https:\/\/zkeshop.sk\/cs\/wp-json\/wp\/v2\/product\/15099\/revisions"}],"wp:featuredmedia":[{"embeddable":true,"href":"https:\/\/zkeshop.sk\/cs\/wp-json\/wp\/v2\/media\/14390"}],"wp:attachment":[{"href":"https:\/\/zkeshop.sk\/cs\/wp-json\/wp\/v2\/media?parent=15099"}],"wp:term":[{"taxonomy":"product_brand","embeddable":true,"href":"https:\/\/zkeshop.sk\/cs\/wp-json\/wp\/v2\/product_brand?post=15099"},{"taxonomy":"product_cat","embeddable":true,"href":"https:\/\/zkeshop.sk\/cs\/wp-json\/wp\/v2\/product_cat?post=15099"},{"taxonomy":"product_tag","embeddable":true,"href":"https:\/\/zkeshop.sk\/cs\/wp-json\/wp\/v2\/product_tag?post=15099"}],"curies":[{"name":"wp","href":"https:\/\/api.w.org\/{rel}","templated":true}]}}