{"id":15102,"date":"2025-01-14T18:23:00","date_gmt":"2025-01-14T17:23:00","guid":{"rendered":"https:\/\/zkeshop.sk\/produkt\/medik-8-surface-radiance-cleanse\/"},"modified":"2025-05-05T23:08:35","modified_gmt":"2025-05-05T21:08:35","slug":"medik-8-surface-radiance-cleanse","status":"publish","type":"product","link":"https:\/\/zkeshop.sk\/cs\/produkt\/medik-8-surface-radiance-cleanse\/","title":{"rendered":"Medik 8 Surface Radiance Cleanse"},"content":{"rendered":"<h5 class=\"eshop-product-detail__subtitle\">\u010cistic\u00ed gel s mangostanem a AHA\/BHA kyselinami pro obnovu pleti<\/h5>\n<div class=\"eshop-product-detail__perex\">\n<p>Osv\u011b\u017euj\u00edc\u00ed \u010distic\u00ed p\u0159\u00edpravek, kter\u00fd d\u00edky komplexu l\u00e1tek podporuj\u00edc\u00edch exfoliaci jemn\u011b obnovuje povrch pleti, zbavuje ji roz\u0161\u00ed\u0159en\u00fdch p\u00f3r\u016f a \u010dist\u00ed ji. Odstran\u00ed tak\u00e9 prvn\u00ed zn\u00e1mky st\u00e1rnut\u00ed problematick\u00e9 pleti. Po aplikaci je ple\u0165 zjemn\u011bn\u00e1, rozjasn\u011bn\u00e1 a vy\u010di\u0161t\u011bn\u00e1 bez pocitu vysu\u0161en\u00ed a pnut\u00ed. U\u017eijte si dvoj\u00ed exfolia\u010dn\u00ed s\u00edlu AHA a BHA kyselin a v\u00fdta\u017ek\u016f z citrus\u016f a mangostanu.<\/p>\n<h2>2v1: \u010ci\u0161t\u011bn\u00ed a omlazen\u00ed pleti<\/h2>\n<p>SURFACE RADIANCE CLEANSE zbav\u00ed va\u0161i mastnou ple\u0165 hlavn\u00edch probl\u00e9m\u016f a z\u00e1rove\u0148 odd\u00e1l\u00ed viditeln\u00e9 zn\u00e1mky st\u00e1rnut\u00ed. AHA a BHA kyseliny p\u016fsob\u00ed spole\u010dn\u011b a maj\u00ed dvoj\u00ed \u00fa\u010dinek: odstra\u0148uj\u00ed ne\u010distoty a vyhlazuj\u00ed jemn\u00e9 vr\u00e1sky. SURFACE RADIANCE CLEANSE byl vyvinut speci\u00e1ln\u011b pro hloubkov\u00e9 \u010di\u0161t\u011bn\u00ed p\u00f3r\u016f a obnoven\u00ed ka\u017edodenn\u00edho peelingu. Obsahuje L- mandlovou, salicylovou a ml\u00e9\u010dnou kyselinu.<\/p>\n<h2>Hydratace poko\u017eky<\/h2>\n<p>SURFACE RADIANCE CLEANSE nav\u00edc obsahuje glycerin, kter\u00fd zabra\u0148uje transepiderm\u00e1ln\u00ed ztr\u00e1t\u011b vody a zlep\u0161uje fungov\u00e1n\u00ed ochrann\u00e9 ko\u017en\u00ed bari\u00e9ry. Pom\u00e1h\u00e1 tak\u00e9 sni\u017eovat pocity such\u00e9 poko\u017eky po \u010di\u0161t\u011bn\u00ed, kter\u00e9 mohou b\u00fdt n\u011bkdy d\u016fsledkem aplikace AHA a BHA.<\/p>\n<h2>Antioxidace<\/h2>\n<p>SURFACE RADIANCE CLEANSE obsahuje \u0159adu antioxidant\u016f d\u00edky velk\u00e9mu mno\u017estv\u00ed p\u0159\u00edrodn\u00edch extrakt\u016f, v\u010detn\u011b oleje ze sladk\u00e9ho pomeran\u010de, malin a extraktu z juky a samoz\u0159ejm\u011b mangostanu, kter\u00fd obsahuje velk\u00e9 mno\u017estv\u00ed vitaminu C, a je tedy doslova nabit\u00fd antioxidanty. Ty chr\u00e1n\u00ed poko\u017eku p\u0159ed po\u0161kozen\u00edm voln\u00fdmi radik\u00e1ly.<\/p>\n<h2>Zbavuje \u010dern\u00fdch te\u010dek<\/h2>\n<ul>\n<li>Hloubkov\u011b \u010dist\u00ed p\u00f3ry &#8211; ne\u010distoty, ko\u017en\u00ed maz a make-up<\/li>\n<li>D\u016fkladn\u011b zbavuje ple\u0165 p\u0159ebyte\u010dn\u00e9ho ko\u017en\u00edho mazu, ne\u010distot a bakteri\u00ed.<\/li>\n<li>\u010cist\u00ed mastnou ple\u0165 a komedony<\/li>\n<\/ul>\n<h2>Alfa a beta-hydroxykyseliny proti vr\u00e1sk\u00e1m<\/h2>\n<ul>\n<li>Poskytuje denn\u00ed doporu\u010den\u00fd AHA a BHA peeling<\/li>\n<li>Pom\u00e1h\u00e1 dos\u00e1hnout optim\u00e1ln\u00ed hydratace a pH poko\u017eky<\/li>\n<\/ul>\n<h2>Ide\u00e1ln\u00ed pro mastnou a sm\u00ed\u0161enou ple\u0165<\/h2>\n<ul>\n<li>Obsahuje \u00fa\u010dinn\u00e9, ale velmi \u0161etrn\u00e9 slo\u017eky<\/li>\n<li>Bez paraben\u016f, sulf\u00e1t\u016f, m\u00fddel a dal\u0161\u00edch dr\u00e1\u017ediv\u00fdch l\u00e1tek<\/li>\n<li>Hloubkov\u011b \u010dist\u00ed ple\u0165, ani\u017e by ji vysu\u0161oval<\/li>\n<\/ul>\n<h2>S\u00edla 3 jemn\u00fdch kyselin pro podporu exfoliace<\/h2>\n<p>K<strong>yselina L- mandlov\u00e1:<\/strong> m\u00edrn\u00e1 AHA kyselina, zn\u00e1m\u00e1 pro svou schopnost exfoliace a hloubkov\u00e9ho \u010di\u0161t\u011bn\u00ed pleti.<\/p>\n<p>K<strong>yselina salicylov\u00e1:<\/strong> kyselina BHA, kter\u00e1 rovn\u011b\u017e p\u0159isp\u00edv\u00e1 k exfoliaci a m\u00e1 protiz\u00e1n\u011btliv\u00fd \u00fa\u010dinek.<\/p>\n<p>K<strong>yselina L-ml\u00e9\u010dn\u00e1<\/strong>: Kyselina AHA, kter\u00e1 hydratuje poko\u017eku a z\u00e1rove\u0148 p\u0159isp\u00edv\u00e1 k jej\u00ed exfoliaci.<\/p>\n<p>G<strong>lycerin:<\/strong> p\u0159irozen\u011b hydratuje poko\u017eku. Posiluje ochrannou ko\u017en\u00ed bari\u00e9ru a sni\u017euje transepiderm\u00e1ln\u00ed ztr\u00e1tu vody.<\/p>\n<p>E<strong>xtrakt z mangostanu<\/strong>: Mangostan je ovoce bohat\u00e9 na antioxidanty, kter\u00e9 chr\u00e1n\u00ed poko\u017eku p\u0159ed voln\u00fdmi radik\u00e1ly. Ty mohou vyvolat proces p\u0159ed\u010dasn\u00e9ho st\u00e1rnut\u00ed pleti. Krom\u011b toho p\u016fsob\u00ed tak\u00e9 protiz\u00e1n\u011btliv\u011b.<\/p>\n<h2>Ka\u017ed\u00fd den nebo jako dopl\u0148kov\u00fd \u00faklid<\/h2>\n<ul>\n<li>SURFACE RADIANCE CLEANSE lze pou\u017e\u00edt dv\u011bma zp\u016fsoby. Bu\u010f jako sou\u010d\u00e1st rutinn\u00ed p\u00e9\u010de o ple\u0165 Medik8, kdy si s n\u00edm \u010dist\u00edte ple\u0165 dvakr\u00e1t denn\u011b. U citliv\u011bj\u0161\u00ed nebo such\u00e9 pleti pak pou\u017e\u00edvejte SURFACE RADIANCE CLEANSE jako dopl\u0148kov\u00fd \u010distic\u00ed p\u0159\u00edpravek p\u0159ibli\u017en\u011b jednou za t\u0159i dny.<\/li>\n<li>Naneste mal\u00e9 mno\u017estv\u00ed \u010distic\u00edho gelu do dlan\u011b a vmas\u00edrujte jej do vlhk\u00e9ho obli\u010deje a krku. Pot\u00e9 obli\u010dej d\u016fkladn\u011b opl\u00e1chn\u011bte, osu\u0161te a pokra\u010dujte v dal\u0161\u00edch kroc\u00edch p\u00e9\u010de.<\/li>\n<li>Balen\u00ed o objemu 150 ml vysta\u010d\u00ed a\u017e na 100 aplikac\u00ed.<\/li>\n<li>Doba pou\u017eitelnosti po otev\u0159en\u00ed je 30 m\u011bs\u00edc\u016f.<\/li>\n<\/ul>\n<\/div>\n","protected":false},"excerpt":{"rendered":"<p>Osv\u011b\u017euj\u00edc\u00ed \u010distic\u00ed p\u0159\u00edpravek, kter\u00fd d\u00edky komplexu l\u00e1tek podporuj\u00edc\u00edch exfoliaci jemn\u011b obnovuje povrch pleti, zbavuje ji roz\u0161\u00ed\u0159en\u00fdch p\u00f3r\u016f a \u010dist\u00ed ji. Odstran\u00ed tak\u00e9 prvn\u00ed zn\u00e1mky st\u00e1rnut\u00ed problematick\u00e9 pleti. Po aplikaci je ple\u0165 zjemn\u011bn\u00e1, rozjasn\u011bn\u00e1 a vy\u010di\u0161t\u011bn\u00e1 bez pocitu vysu\u0161en\u00ed a pnut\u00ed. U\u017eijte si dvoj\u00ed exfolia\u010dn\u00ed s\u00edlu AHA a BHA kyselin a v\u00fdta\u017ek\u016f z citrus\u016f a mangostanu.<\/p>\n","protected":false},"featured_media":14474,"comment_status":"open","ping_status":"closed","template":"","meta":[],"product_brand":[],"product_cat":[177,179,206,181,200,208,87],"product_tag":[159],"class_list":{"0":"post-15102","1":"product","2":"type-product","3":"status-publish","4":"has-post-thumbnail","6":"product_cat-aknozni-plet","7":"product_cat-citliva-plet-cs","8":"product_cat-den-cs","9":"product_cat-mastna-plet-cs","10":"product_cat-medik8-cs","11":"product_cat-noc-cs","12":"product_cat-pletova-kosmetika","13":"product_tag-medik8","15":"first","16":"instock","17":"taxable","18":"shipping-taxable","19":"purchasable","20":"product-type-simple"},"yoast_head":"<!-- This site is optimized with the Yoast SEO Premium plugin v27.3 (Yoast SEO v27.3) - https:\/\/yoast.com\/product\/yoast-seo-premium-wordpress\/ -->\n<title>Medik 8 Surface Radiance Cleanse - ZK company<\/title>\n<meta name=\"description\" content=\"Osv\u011b\u017euj\u00edc\u00ed \u010distic\u00ed p\u0159\u00edpravek, kter\u00fd d\u00edky komplexu exfolia\u010dn\u00edch l\u00e1tek zbavuje ple\u0165 roz\u0161\u00ed\u0159en\u00fdch p\u00f3r\u016f a z\u00e1rove\u0148 ji jemn\u011b \u010dist\u00ed.\" \/>\n<meta name=\"robots\" content=\"index, follow, max-snippet:-1, max-image-preview:large, max-video-preview:-1\" \/>\n<link rel=\"canonical\" href=\"https:\/\/zkeshop.sk\/cs\/produkt\/medik-8-surface-radiance-cleanse\/\" \/>\n<meta property=\"og:locale\" content=\"cs_CZ\" \/>\n<meta property=\"og:type\" content=\"article\" \/>\n<meta property=\"og:title\" content=\"Medik 8 Surface Radiance Cleanse\" \/>\n<meta property=\"og:description\" content=\"Osv\u011b\u017euj\u00edc\u00ed \u010distic\u00ed p\u0159\u00edpravek, kter\u00fd d\u00edky komplexu exfolia\u010dn\u00edch l\u00e1tek zbavuje ple\u0165 roz\u0161\u00ed\u0159en\u00fdch p\u00f3r\u016f a z\u00e1rove\u0148 ji jemn\u011b \u010dist\u00ed.\" \/>\n<meta property=\"og:url\" content=\"https:\/\/zkeshop.sk\/cs\/produkt\/medik-8-surface-radiance-cleanse\/\" \/>\n<meta property=\"og:site_name\" content=\"ZK company\" \/>\n<meta property=\"article:modified_time\" content=\"2025-05-05T21:08:35+00:00\" \/>\n<meta property=\"og:image\" content=\"https:\/\/zkeshop.sk\/wp-content\/uploads\/2025\/01\/Copy-of-Surface-Radiance-Cleanse-A.png\" \/>\n\t<meta property=\"og:image:width\" content=\"2000\" \/>\n\t<meta property=\"og:image:height\" content=\"2000\" \/>\n\t<meta property=\"og:image:type\" content=\"image\/png\" \/>\n<meta name=\"twitter:card\" content=\"summary_large_image\" \/>\n<meta name=\"twitter:label1\" content=\"Cena\" \/>\n\t<meta name=\"twitter:data1\" content=\"27,00&nbsp;&euro;\" \/>\n\t<meta name=\"twitter:label2\" content=\"Dostupnost\" \/>\n\t<meta name=\"twitter:data2\" content=\"Skladem\" \/>\n<script type=\"application\/ld+json\" class=\"yoast-schema-graph\">{\"@context\":\"https:\\\/\\\/schema.org\",\"@graph\":[{\"@type\":\"WebPage\",\"@id\":\"https:\\\/\\\/zkeshop.sk\\\/cs\\\/produkt\\\/medik-8-surface-radiance-cleanse\\\/\",\"url\":\"https:\\\/\\\/zkeshop.sk\\\/cs\\\/produkt\\\/medik-8-surface-radiance-cleanse\\\/\",\"name\":\"Medik 8 Surface Radiance Cleanse - ZK company\",\"isPartOf\":{\"@id\":\"https:\\\/\\\/zkeshop.sk\\\/#website\"},\"primaryImageOfPage\":{\"@id\":\"https:\\\/\\\/zkeshop.sk\\\/cs\\\/produkt\\\/medik-8-surface-radiance-cleanse\\\/#primaryimage\"},\"image\":{\"@id\":\"https:\\\/\\\/zkeshop.sk\\\/cs\\\/produkt\\\/medik-8-surface-radiance-cleanse\\\/#primaryimage\"},\"thumbnailUrl\":\"https:\\\/\\\/zkeshop.sk\\\/wp-content\\\/uploads\\\/2025\\\/01\\\/Copy-of-Surface-Radiance-Cleanse-A.png\",\"datePublished\":\"2025-01-14T17:23:00+00:00\",\"dateModified\":\"2025-05-05T21:08:35+00:00\",\"description\":\"Osv\u011b\u017euj\u00edc\u00ed \u010distic\u00ed p\u0159\u00edpravek, kter\u00fd d\u00edky komplexu exfolia\u010dn\u00edch l\u00e1tek zbavuje ple\u0165 roz\u0161\u00ed\u0159en\u00fdch p\u00f3r\u016f a z\u00e1rove\u0148 ji jemn\u011b \u010dist\u00ed.\",\"breadcrumb\":{\"@id\":\"https:\\\/\\\/zkeshop.sk\\\/cs\\\/produkt\\\/medik-8-surface-radiance-cleanse\\\/#breadcrumb\"},\"inLanguage\":\"cs\",\"potentialAction\":[{\"@type\":\"ReadAction\",\"target\":[\"https:\\\/\\\/zkeshop.sk\\\/cs\\\/produkt\\\/medik-8-surface-radiance-cleanse\\\/\"]}]},{\"@type\":\"ImageObject\",\"inLanguage\":\"cs\",\"@id\":\"https:\\\/\\\/zkeshop.sk\\\/cs\\\/produkt\\\/medik-8-surface-radiance-cleanse\\\/#primaryimage\",\"url\":\"https:\\\/\\\/zkeshop.sk\\\/wp-content\\\/uploads\\\/2025\\\/01\\\/Copy-of-Surface-Radiance-Cleanse-A.png\",\"contentUrl\":\"https:\\\/\\\/zkeshop.sk\\\/wp-content\\\/uploads\\\/2025\\\/01\\\/Copy-of-Surface-Radiance-Cleanse-A.png\",\"width\":2000,\"height\":2000,\"caption\":\"Osvie\u017euj\u00faci \u010distiaci produkt, ktor\u00fd v\u010faka komplexu l\u00e1tok podporuj\u00facich exfoli\u00e1ciu, zbav\u00ed va\u0161u ple\u0165 roz\u0161\u00edren\u00fdch p\u00f3rov a z\u00e1rove\u0148 ju jemne vy\u010dist\u00ed.\"},{\"@type\":\"BreadcrumbList\",\"@id\":\"https:\\\/\\\/zkeshop.sk\\\/cs\\\/produkt\\\/medik-8-surface-radiance-cleanse\\\/#breadcrumb\",\"itemListElement\":[{\"@type\":\"ListItem\",\"position\":1,\"name\":\"Dom\u016f\",\"item\":\"https:\\\/\\\/zkeshop.sk\\\/\"},{\"@type\":\"ListItem\",\"position\":2,\"name\":\"Obchod\",\"item\":\"https:\\\/\\\/zkeshop.sk\\\/obchod\\\/\"},{\"@type\":\"ListItem\",\"position\":3,\"name\":\"Medik 8 Surface Radiance Cleanse\"}]},{\"@type\":\"WebSite\",\"@id\":\"https:\\\/\\\/zkeshop.sk\\\/#website\",\"url\":\"https:\\\/\\\/zkeshop.sk\\\/\",\"name\":\"ZK company\",\"description\":\"Kvalitn\u00e1 kozmetika pre ka\u017edodenn\u00e9 pou\u017eitie\",\"potentialAction\":[{\"@type\":\"SearchAction\",\"target\":{\"@type\":\"EntryPoint\",\"urlTemplate\":\"https:\\\/\\\/zkeshop.sk\\\/?s={search_term_string}\"},\"query-input\":{\"@type\":\"PropertyValueSpecification\",\"valueRequired\":true,\"valueName\":\"search_term_string\"}}],\"inLanguage\":\"cs\"}]}<\/script>\n<meta property=\"product:price:amount\" content=\"27.00\" \/>\n<meta property=\"product:price:currency\" content=\"EUR\" \/>\n<meta property=\"og:availability\" content=\"instock\" \/>\n<meta property=\"product:availability\" content=\"instock\" \/>\n<meta property=\"product:condition\" content=\"new\" \/>\n<!-- \/ Yoast SEO Premium plugin. -->","yoast_head_json":{"title":"Medik 8 Surface Radiance Cleanse - ZK company","description":"Osv\u011b\u017euj\u00edc\u00ed \u010distic\u00ed p\u0159\u00edpravek, kter\u00fd d\u00edky komplexu exfolia\u010dn\u00edch l\u00e1tek zbavuje ple\u0165 roz\u0161\u00ed\u0159en\u00fdch p\u00f3r\u016f a z\u00e1rove\u0148 ji jemn\u011b \u010dist\u00ed.","robots":{"index":"index","follow":"follow","max-snippet":"max-snippet:-1","max-image-preview":"max-image-preview:large","max-video-preview":"max-video-preview:-1"},"canonical":"https:\/\/zkeshop.sk\/cs\/produkt\/medik-8-surface-radiance-cleanse\/","og_locale":"cs_CZ","og_type":"article","og_title":"Medik 8 Surface Radiance Cleanse","og_description":"Osv\u011b\u017euj\u00edc\u00ed \u010distic\u00ed p\u0159\u00edpravek, kter\u00fd d\u00edky komplexu exfolia\u010dn\u00edch l\u00e1tek zbavuje ple\u0165 roz\u0161\u00ed\u0159en\u00fdch p\u00f3r\u016f a z\u00e1rove\u0148 ji jemn\u011b \u010dist\u00ed.","og_url":"https:\/\/zkeshop.sk\/cs\/produkt\/medik-8-surface-radiance-cleanse\/","og_site_name":"ZK company","article_modified_time":"2025-05-05T21:08:35+00:00","og_image":[{"width":2000,"height":2000,"url":"https:\/\/zkeshop.sk\/wp-content\/uploads\/2025\/01\/Copy-of-Surface-Radiance-Cleanse-A.png","type":"image\/png"}],"twitter_card":"summary_large_image","twitter_misc":{"Cena":"27,00&nbsp;&euro;","Dostupnost":"Skladem"},"schema":{"@context":"https:\/\/schema.org","@graph":[{"@type":"WebPage","@id":"https:\/\/zkeshop.sk\/cs\/produkt\/medik-8-surface-radiance-cleanse\/","url":"https:\/\/zkeshop.sk\/cs\/produkt\/medik-8-surface-radiance-cleanse\/","name":"Medik 8 Surface Radiance Cleanse - ZK company","isPartOf":{"@id":"https:\/\/zkeshop.sk\/#website"},"primaryImageOfPage":{"@id":"https:\/\/zkeshop.sk\/cs\/produkt\/medik-8-surface-radiance-cleanse\/#primaryimage"},"image":{"@id":"https:\/\/zkeshop.sk\/cs\/produkt\/medik-8-surface-radiance-cleanse\/#primaryimage"},"thumbnailUrl":"https:\/\/zkeshop.sk\/wp-content\/uploads\/2025\/01\/Copy-of-Surface-Radiance-Cleanse-A.png","datePublished":"2025-01-14T17:23:00+00:00","dateModified":"2025-05-05T21:08:35+00:00","description":"Osv\u011b\u017euj\u00edc\u00ed \u010distic\u00ed p\u0159\u00edpravek, kter\u00fd d\u00edky komplexu exfolia\u010dn\u00edch l\u00e1tek zbavuje ple\u0165 roz\u0161\u00ed\u0159en\u00fdch p\u00f3r\u016f a z\u00e1rove\u0148 ji jemn\u011b \u010dist\u00ed.","breadcrumb":{"@id":"https:\/\/zkeshop.sk\/cs\/produkt\/medik-8-surface-radiance-cleanse\/#breadcrumb"},"inLanguage":"cs","potentialAction":[{"@type":"ReadAction","target":["https:\/\/zkeshop.sk\/cs\/produkt\/medik-8-surface-radiance-cleanse\/"]}]},{"@type":"ImageObject","inLanguage":"cs","@id":"https:\/\/zkeshop.sk\/cs\/produkt\/medik-8-surface-radiance-cleanse\/#primaryimage","url":"https:\/\/zkeshop.sk\/wp-content\/uploads\/2025\/01\/Copy-of-Surface-Radiance-Cleanse-A.png","contentUrl":"https:\/\/zkeshop.sk\/wp-content\/uploads\/2025\/01\/Copy-of-Surface-Radiance-Cleanse-A.png","width":2000,"height":2000,"caption":"Osvie\u017euj\u00faci \u010distiaci produkt, ktor\u00fd v\u010faka komplexu l\u00e1tok podporuj\u00facich exfoli\u00e1ciu, zbav\u00ed va\u0161u ple\u0165 roz\u0161\u00edren\u00fdch p\u00f3rov a z\u00e1rove\u0148 ju jemne vy\u010dist\u00ed."},{"@type":"BreadcrumbList","@id":"https:\/\/zkeshop.sk\/cs\/produkt\/medik-8-surface-radiance-cleanse\/#breadcrumb","itemListElement":[{"@type":"ListItem","position":1,"name":"Dom\u016f","item":"https:\/\/zkeshop.sk\/"},{"@type":"ListItem","position":2,"name":"Obchod","item":"https:\/\/zkeshop.sk\/obchod\/"},{"@type":"ListItem","position":3,"name":"Medik 8 Surface Radiance Cleanse"}]},{"@type":"WebSite","@id":"https:\/\/zkeshop.sk\/#website","url":"https:\/\/zkeshop.sk\/","name":"ZK company","description":"Kvalitn\u00e1 kozmetika pre ka\u017edodenn\u00e9 pou\u017eitie","potentialAction":[{"@type":"SearchAction","target":{"@type":"EntryPoint","urlTemplate":"https:\/\/zkeshop.sk\/?s={search_term_string}"},"query-input":{"@type":"PropertyValueSpecification","valueRequired":true,"valueName":"search_term_string"}}],"inLanguage":"cs"}]},"product_price_amount":"27.00","product_price_currency":"EUR","og_availability":"instock","product_availability":"instock","product_condition":"new"},"_links":{"self":[{"href":"https:\/\/zkeshop.sk\/cs\/wp-json\/wp\/v2\/product\/15102","targetHints":{"allow":["GET"]}}],"collection":[{"href":"https:\/\/zkeshop.sk\/cs\/wp-json\/wp\/v2\/product"}],"about":[{"href":"https:\/\/zkeshop.sk\/cs\/wp-json\/wp\/v2\/types\/product"}],"replies":[{"embeddable":true,"href":"https:\/\/zkeshop.sk\/cs\/wp-json\/wp\/v2\/comments?post=15102"}],"version-history":[{"count":0,"href":"https:\/\/zkeshop.sk\/cs\/wp-json\/wp\/v2\/product\/15102\/revisions"}],"wp:featuredmedia":[{"embeddable":true,"href":"https:\/\/zkeshop.sk\/cs\/wp-json\/wp\/v2\/media\/14474"}],"wp:attachment":[{"href":"https:\/\/zkeshop.sk\/cs\/wp-json\/wp\/v2\/media?parent=15102"}],"wp:term":[{"taxonomy":"product_brand","embeddable":true,"href":"https:\/\/zkeshop.sk\/cs\/wp-json\/wp\/v2\/product_brand?post=15102"},{"taxonomy":"product_cat","embeddable":true,"href":"https:\/\/zkeshop.sk\/cs\/wp-json\/wp\/v2\/product_cat?post=15102"},{"taxonomy":"product_tag","embeddable":true,"href":"https:\/\/zkeshop.sk\/cs\/wp-json\/wp\/v2\/product_tag?post=15102"}],"curies":[{"name":"wp","href":"https:\/\/api.w.org\/{rel}","templated":true}]}}