{"id":15103,"date":"2024-11-04T10:19:47","date_gmt":"2024-11-04T09:19:47","guid":{"rendered":"https:\/\/zkeshop.sk\/produkt\/pansky-krem-na-oblicej-dermenfix\/"},"modified":"2025-02-18T10:20:32","modified_gmt":"2025-02-18T09:20:32","slug":"pansky-krem-na-oblicej-dermenfix","status":"publish","type":"product","link":"https:\/\/zkeshop.sk\/cs\/produkt\/pansky-krem-na-oblicej-dermenfix\/","title":{"rendered":"P\u00e1nsk\u00fd kr\u00e9m na obli\u010dej &#8211; DERMENFIX"},"content":{"rendered":"<p><strong>Objevte DERMENFIX, hydrata\u010dn\u00ed kr\u00e9m ur\u010den\u00fd speci\u00e1ln\u011b pro mu\u017ee,<\/strong> kte\u0159\u00ed cht\u011bj\u00ed udr\u017eet svou ple\u0165 hydratovanou a vy\u017eivenou. Tento kr\u00e9m poskytuje intenzivn\u00ed p\u00e9\u010di d\u00edky kombinaci vysoce hydrata\u010dn\u00edch a zklid\u0148uj\u00edc\u00edch slo\u017eek, kter\u00e9 jsou ide\u00e1ln\u00ed pro ka\u017edodenn\u00ed pou\u017eit\u00ed. Nav\u00edc je ide\u00e1ln\u00ed volbou po holen\u00ed, proto\u017ee pom\u00e1h\u00e1 zklidnit podr\u00e1\u017ed\u011bnou ple\u0165 a chr\u00e1n\u00ed ji p\u0159ed vysu\u0161en\u00edm.  <\/p>\n<p>&nbsp;<\/p>\n<ul>\n<li><strong>Mandlov\u00fd olej<\/strong>: vy\u017eivuje poko\u017eku a zanech\u00e1v\u00e1 ji jemnou a hladkou.<\/li>\n<li><strong>Bambuck\u00e9 m\u00e1slo<\/strong>: bohat\u00e9 na mastn\u00e9 kyseliny, vy\u017eivuje a hydratuje poko\u017eku, zabra\u0148uje jej\u00edmu vysu\u0161ov\u00e1n\u00ed a vytv\u00e1\u0159\u00ed ochrannou bari\u00e9ru.<\/li>\n<li><strong>Skvalan<\/strong>: D\u00edky sv\u00fdm hydrata\u010dn\u00edm a antioxida\u010dn\u00edm vlastnostem pom\u00e1h\u00e1 sni\u017eovat v\u00fdskyt jemn\u00fdch vr\u00e1sek.<\/li>\n<li><strong>Aloe Vera<\/strong>: Obsahuje mnoho antioxidant\u016f a vitam\u00edn\u016f, kter\u00e9 zklid\u0148uj\u00ed a hydratuj\u00ed poko\u017eku a zanech\u00e1vaj\u00ed ji jemnou a sv\u011b\u017e\u00ed.<\/li>\n<li><strong>Mo\u010dovina<\/strong>: hydratuje a udr\u017euje poko\u017eku jemnou, z\u00e1rove\u0148 ji zklid\u0148uje a zm\u00edr\u0148uje podr\u00e1\u017ed\u011bn\u00ed.<\/li>\n<li><strong>Hydrolyzovan\u00fd elastin<\/strong>: zlep\u0161uje pru\u017enost poko\u017eky a podporuje jej\u00ed regeneraci.<\/li>\n<li><strong>Niacinamid<\/strong>: Pom\u00e1h\u00e1 zklidnit poko\u017eku a m\u00e1 antioxida\u010dn\u00ed \u00fa\u010dinky.<\/li>\n<li><strong>Kyselina ml\u00e9\u010dn\u00e1<\/strong>: Pom\u00e1h\u00e1 jemn\u011b exfoliovat poko\u017eku a p\u016fsob\u00ed protiz\u00e1n\u011btliv\u011b.<\/li>\n<\/ul>\n<p><strong>\u00da\u010dinky:<\/strong><\/p>\n<ul>\n<li>Intenzivn\u00ed hydratace a zjemn\u011bn\u00ed poko\u017eky<\/li>\n<li>Zklidn\u011bn\u00ed a zm\u00edrn\u011bn\u00ed podr\u00e1\u017ed\u011bn\u00ed<\/li>\n<li>Podpora regenerace a zlep\u0161en\u00ed elasticity<\/li>\n<li>Exfoliace a sjednocen\u00ed t\u00f3nu pleti<\/li>\n<li>Ochrana a zlep\u0161en\u00ed bari\u00e9rov\u00e9 funkce k\u016f\u017ee<\/li>\n<li>Antioxida\u010dn\u00ed \u00fa\u010dinky a \u00fa\u010dinky proti st\u00e1rnut\u00ed<\/li>\n<\/ul>\n<p>Obsah: 50 ml<\/p>\n","protected":false},"excerpt":{"rendered":"<p><strong>Intenzivn\u00ed p\u00e9\u010de o mu\u017eskou ple\u0165.<\/strong> Tento hydrata\u010dn\u00ed kr\u00e9m je speci\u00e1ln\u011b vyvinut pro mu\u017ee, kte\u0159\u00ed hledaj\u00ed \u00fa\u010dinn\u00fd zp\u016fsob, jak udr\u017eet svou ple\u0165 hydratovanou a vy\u017eivenou. D\u00edky <strong>kombinaci vysoce hydrata\u010dn\u00edch a zklid\u0148uj\u00edc\u00edch slo\u017eek<\/strong> je tento kr\u00e9m ide\u00e1ln\u00ed pro ka\u017edodenn\u00ed pou\u017eit\u00ed a tak\u00e9 pro pou\u017eit\u00ed po holen\u00ed, proto\u017ee pom\u00e1h\u00e1 zklidnit podr\u00e1\u017ed\u011bnou poko\u017eku a chr\u00e1nit ji p\u0159ed vysu\u0161en\u00edm.<\/p>\n","protected":false},"featured_media":14036,"comment_status":"open","ping_status":"closed","template":"","meta":[],"product_brand":[],"product_cat":[87],"product_tag":[],"class_list":{"0":"post-15103","1":"product","2":"type-product","3":"status-publish","4":"has-post-thumbnail","6":"product_cat-pletova-kosmetika","8":"first","9":"instock","10":"taxable","11":"shipping-taxable","12":"purchasable","13":"product-type-simple"},"yoast_head":"<!-- This site is optimized with the Yoast SEO Premium plugin v27.3 (Yoast SEO v27.3) - https:\/\/yoast.com\/product\/yoast-seo-premium-wordpress\/ -->\n<title>P\u00e1nsk\u00fd kr\u00e9m na obli\u010dej - DERMENFIX - ZK company<\/title>\n<meta name=\"robots\" content=\"index, follow, max-snippet:-1, max-image-preview:large, max-video-preview:-1\" \/>\n<link rel=\"canonical\" href=\"https:\/\/zkeshop.sk\/cs\/produkt\/pansky-krem-na-oblicej-dermenfix\/\" \/>\n<meta property=\"og:locale\" content=\"cs_CZ\" \/>\n<meta property=\"og:type\" content=\"article\" \/>\n<meta property=\"og:title\" content=\"P\u00e1nsk\u00fd kr\u00e9m na obli\u010dej - DERMENFIX\" \/>\n<meta property=\"og:description\" content=\"Intenzivn\u00ed p\u00e9\u010de o mu\u017eskou ple\u0165. Tento hydrata\u010dn\u00ed kr\u00e9m je speci\u00e1ln\u011b vyvinut pro mu\u017ee, kte\u0159\u00ed hledaj\u00ed \u00fa\u010dinn\u00fd zp\u016fsob, jak udr\u017eet svou ple\u0165 hydratovanou a vy\u017eivenou. D\u00edky kombinaci vysoce hydrata\u010dn\u00edch a zklid\u0148uj\u00edc\u00edch slo\u017eek je tento kr\u00e9m ide\u00e1ln\u00ed pro ka\u017edodenn\u00ed pou\u017eit\u00ed a tak\u00e9 pro pou\u017eit\u00ed po holen\u00ed, proto\u017ee pom\u00e1h\u00e1 zklidnit podr\u00e1\u017ed\u011bnou poko\u017eku a chr\u00e1nit ji p\u0159ed vysu\u0161en\u00edm.\" \/>\n<meta property=\"og:url\" content=\"https:\/\/zkeshop.sk\/cs\/produkt\/pansky-krem-na-oblicej-dermenfix\/\" \/>\n<meta property=\"og:site_name\" content=\"ZK company\" \/>\n<meta property=\"article:modified_time\" content=\"2025-02-18T09:20:32+00:00\" \/>\n<meta property=\"og:image\" content=\"https:\/\/zkeshop.sk\/wp-content\/uploads\/2024\/10\/658-1.jpg\" \/>\n\t<meta property=\"og:image:width\" content=\"1024\" \/>\n\t<meta property=\"og:image:height\" content=\"768\" \/>\n\t<meta property=\"og:image:type\" content=\"image\/jpeg\" \/>\n<meta name=\"twitter:card\" content=\"summary_large_image\" \/>\n<meta name=\"twitter:label1\" content=\"Cena\" \/>\n\t<meta name=\"twitter:data1\" content=\"38,00&nbsp;&euro;\" \/>\n\t<meta name=\"twitter:label2\" content=\"Dostupnost\" \/>\n\t<meta name=\"twitter:data2\" content=\"Skladem\" \/>\n<script type=\"application\/ld+json\" class=\"yoast-schema-graph\">{\"@context\":\"https:\\\/\\\/schema.org\",\"@graph\":[{\"@type\":\"WebPage\",\"@id\":\"https:\\\/\\\/zkeshop.sk\\\/cs\\\/produkt\\\/pansky-krem-na-oblicej-dermenfix\\\/\",\"url\":\"https:\\\/\\\/zkeshop.sk\\\/cs\\\/produkt\\\/pansky-krem-na-oblicej-dermenfix\\\/\",\"name\":\"P\u00e1nsk\u00fd kr\u00e9m na obli\u010dej - DERMENFIX - ZK company\",\"isPartOf\":{\"@id\":\"https:\\\/\\\/zkeshop.sk\\\/#website\"},\"primaryImageOfPage\":{\"@id\":\"https:\\\/\\\/zkeshop.sk\\\/cs\\\/produkt\\\/pansky-krem-na-oblicej-dermenfix\\\/#primaryimage\"},\"image\":{\"@id\":\"https:\\\/\\\/zkeshop.sk\\\/cs\\\/produkt\\\/pansky-krem-na-oblicej-dermenfix\\\/#primaryimage\"},\"thumbnailUrl\":\"https:\\\/\\\/zkeshop.sk\\\/wp-content\\\/uploads\\\/2024\\\/10\\\/658-1.jpg\",\"datePublished\":\"2024-11-04T09:19:47+00:00\",\"dateModified\":\"2025-02-18T09:20:32+00:00\",\"breadcrumb\":{\"@id\":\"https:\\\/\\\/zkeshop.sk\\\/cs\\\/produkt\\\/pansky-krem-na-oblicej-dermenfix\\\/#breadcrumb\"},\"inLanguage\":\"cs\",\"potentialAction\":[{\"@type\":\"ReadAction\",\"target\":[\"https:\\\/\\\/zkeshop.sk\\\/cs\\\/produkt\\\/pansky-krem-na-oblicej-dermenfix\\\/\"]}]},{\"@type\":\"ImageObject\",\"inLanguage\":\"cs\",\"@id\":\"https:\\\/\\\/zkeshop.sk\\\/cs\\\/produkt\\\/pansky-krem-na-oblicej-dermenfix\\\/#primaryimage\",\"url\":\"https:\\\/\\\/zkeshop.sk\\\/wp-content\\\/uploads\\\/2024\\\/10\\\/658-1.jpg\",\"contentUrl\":\"https:\\\/\\\/zkeshop.sk\\\/wp-content\\\/uploads\\\/2024\\\/10\\\/658-1.jpg\",\"width\":1024,\"height\":768,\"caption\":\"Intenz\u00edvny hydrata\u010dn\u00fd kr\u00e9m DERMENFIX pre mu\u017eov poskytuje v\u00fd\u017eivn\u00fa starostlivos\u0165, upokojuje poko\u017eku po holen\u00ed a zanech\u00e1va ju jemn\u00fa, hladk\u00fa a zdrav\u00fa.\"},{\"@type\":\"BreadcrumbList\",\"@id\":\"https:\\\/\\\/zkeshop.sk\\\/cs\\\/produkt\\\/pansky-krem-na-oblicej-dermenfix\\\/#breadcrumb\",\"itemListElement\":[{\"@type\":\"ListItem\",\"position\":1,\"name\":\"Dom\u016f\",\"item\":\"https:\\\/\\\/zkeshop.sk\\\/\"},{\"@type\":\"ListItem\",\"position\":2,\"name\":\"Obchod\",\"item\":\"https:\\\/\\\/zkeshop.sk\\\/obchod\\\/\"},{\"@type\":\"ListItem\",\"position\":3,\"name\":\"P\u00e1nsk\u00fd kr\u00e9m na obli\u010dej &#8211; DERMENFIX\"}]},{\"@type\":\"WebSite\",\"@id\":\"https:\\\/\\\/zkeshop.sk\\\/#website\",\"url\":\"https:\\\/\\\/zkeshop.sk\\\/\",\"name\":\"ZK company\",\"description\":\"Kvalitn\u00e1 kozmetika pre ka\u017edodenn\u00e9 pou\u017eitie\",\"potentialAction\":[{\"@type\":\"SearchAction\",\"target\":{\"@type\":\"EntryPoint\",\"urlTemplate\":\"https:\\\/\\\/zkeshop.sk\\\/?s={search_term_string}\"},\"query-input\":{\"@type\":\"PropertyValueSpecification\",\"valueRequired\":true,\"valueName\":\"search_term_string\"}}],\"inLanguage\":\"cs\"}]}<\/script>\n<meta property=\"product:price:amount\" content=\"38.00\" \/>\n<meta property=\"product:price:currency\" content=\"EUR\" \/>\n<meta property=\"og:availability\" content=\"instock\" \/>\n<meta property=\"product:availability\" content=\"instock\" \/>\n<meta property=\"product:condition\" content=\"new\" \/>\n<!-- \/ Yoast SEO Premium plugin. -->","yoast_head_json":{"title":"P\u00e1nsk\u00fd kr\u00e9m na obli\u010dej - DERMENFIX - ZK company","robots":{"index":"index","follow":"follow","max-snippet":"max-snippet:-1","max-image-preview":"max-image-preview:large","max-video-preview":"max-video-preview:-1"},"canonical":"https:\/\/zkeshop.sk\/cs\/produkt\/pansky-krem-na-oblicej-dermenfix\/","og_locale":"cs_CZ","og_type":"article","og_title":"P\u00e1nsk\u00fd kr\u00e9m na obli\u010dej - DERMENFIX","og_description":"Intenzivn\u00ed p\u00e9\u010de o mu\u017eskou ple\u0165. Tento hydrata\u010dn\u00ed kr\u00e9m je speci\u00e1ln\u011b vyvinut pro mu\u017ee, kte\u0159\u00ed hledaj\u00ed \u00fa\u010dinn\u00fd zp\u016fsob, jak udr\u017eet svou ple\u0165 hydratovanou a vy\u017eivenou. D\u00edky kombinaci vysoce hydrata\u010dn\u00edch a zklid\u0148uj\u00edc\u00edch slo\u017eek je tento kr\u00e9m ide\u00e1ln\u00ed pro ka\u017edodenn\u00ed pou\u017eit\u00ed a tak\u00e9 pro pou\u017eit\u00ed po holen\u00ed, proto\u017ee pom\u00e1h\u00e1 zklidnit podr\u00e1\u017ed\u011bnou poko\u017eku a chr\u00e1nit ji p\u0159ed vysu\u0161en\u00edm.","og_url":"https:\/\/zkeshop.sk\/cs\/produkt\/pansky-krem-na-oblicej-dermenfix\/","og_site_name":"ZK company","article_modified_time":"2025-02-18T09:20:32+00:00","og_image":[{"width":1024,"height":768,"url":"https:\/\/zkeshop.sk\/wp-content\/uploads\/2024\/10\/658-1.jpg","type":"image\/jpeg"}],"twitter_card":"summary_large_image","twitter_misc":{"Cena":"38,00&nbsp;&euro;","Dostupnost":"Skladem"},"schema":{"@context":"https:\/\/schema.org","@graph":[{"@type":"WebPage","@id":"https:\/\/zkeshop.sk\/cs\/produkt\/pansky-krem-na-oblicej-dermenfix\/","url":"https:\/\/zkeshop.sk\/cs\/produkt\/pansky-krem-na-oblicej-dermenfix\/","name":"P\u00e1nsk\u00fd kr\u00e9m na obli\u010dej - DERMENFIX - ZK company","isPartOf":{"@id":"https:\/\/zkeshop.sk\/#website"},"primaryImageOfPage":{"@id":"https:\/\/zkeshop.sk\/cs\/produkt\/pansky-krem-na-oblicej-dermenfix\/#primaryimage"},"image":{"@id":"https:\/\/zkeshop.sk\/cs\/produkt\/pansky-krem-na-oblicej-dermenfix\/#primaryimage"},"thumbnailUrl":"https:\/\/zkeshop.sk\/wp-content\/uploads\/2024\/10\/658-1.jpg","datePublished":"2024-11-04T09:19:47+00:00","dateModified":"2025-02-18T09:20:32+00:00","breadcrumb":{"@id":"https:\/\/zkeshop.sk\/cs\/produkt\/pansky-krem-na-oblicej-dermenfix\/#breadcrumb"},"inLanguage":"cs","potentialAction":[{"@type":"ReadAction","target":["https:\/\/zkeshop.sk\/cs\/produkt\/pansky-krem-na-oblicej-dermenfix\/"]}]},{"@type":"ImageObject","inLanguage":"cs","@id":"https:\/\/zkeshop.sk\/cs\/produkt\/pansky-krem-na-oblicej-dermenfix\/#primaryimage","url":"https:\/\/zkeshop.sk\/wp-content\/uploads\/2024\/10\/658-1.jpg","contentUrl":"https:\/\/zkeshop.sk\/wp-content\/uploads\/2024\/10\/658-1.jpg","width":1024,"height":768,"caption":"Intenz\u00edvny hydrata\u010dn\u00fd kr\u00e9m DERMENFIX pre mu\u017eov poskytuje v\u00fd\u017eivn\u00fa starostlivos\u0165, upokojuje poko\u017eku po holen\u00ed a zanech\u00e1va ju jemn\u00fa, hladk\u00fa a zdrav\u00fa."},{"@type":"BreadcrumbList","@id":"https:\/\/zkeshop.sk\/cs\/produkt\/pansky-krem-na-oblicej-dermenfix\/#breadcrumb","itemListElement":[{"@type":"ListItem","position":1,"name":"Dom\u016f","item":"https:\/\/zkeshop.sk\/"},{"@type":"ListItem","position":2,"name":"Obchod","item":"https:\/\/zkeshop.sk\/obchod\/"},{"@type":"ListItem","position":3,"name":"P\u00e1nsk\u00fd kr\u00e9m na obli\u010dej &#8211; DERMENFIX"}]},{"@type":"WebSite","@id":"https:\/\/zkeshop.sk\/#website","url":"https:\/\/zkeshop.sk\/","name":"ZK company","description":"Kvalitn\u00e1 kozmetika pre ka\u017edodenn\u00e9 pou\u017eitie","potentialAction":[{"@type":"SearchAction","target":{"@type":"EntryPoint","urlTemplate":"https:\/\/zkeshop.sk\/?s={search_term_string}"},"query-input":{"@type":"PropertyValueSpecification","valueRequired":true,"valueName":"search_term_string"}}],"inLanguage":"cs"}]},"product_price_amount":"38.00","product_price_currency":"EUR","og_availability":"instock","product_availability":"instock","product_condition":"new"},"_links":{"self":[{"href":"https:\/\/zkeshop.sk\/cs\/wp-json\/wp\/v2\/product\/15103","targetHints":{"allow":["GET"]}}],"collection":[{"href":"https:\/\/zkeshop.sk\/cs\/wp-json\/wp\/v2\/product"}],"about":[{"href":"https:\/\/zkeshop.sk\/cs\/wp-json\/wp\/v2\/types\/product"}],"replies":[{"embeddable":true,"href":"https:\/\/zkeshop.sk\/cs\/wp-json\/wp\/v2\/comments?post=15103"}],"version-history":[{"count":0,"href":"https:\/\/zkeshop.sk\/cs\/wp-json\/wp\/v2\/product\/15103\/revisions"}],"wp:featuredmedia":[{"embeddable":true,"href":"https:\/\/zkeshop.sk\/cs\/wp-json\/wp\/v2\/media\/14036"}],"wp:attachment":[{"href":"https:\/\/zkeshop.sk\/cs\/wp-json\/wp\/v2\/media?parent=15103"}],"wp:term":[{"taxonomy":"product_brand","embeddable":true,"href":"https:\/\/zkeshop.sk\/cs\/wp-json\/wp\/v2\/product_brand?post=15103"},{"taxonomy":"product_cat","embeddable":true,"href":"https:\/\/zkeshop.sk\/cs\/wp-json\/wp\/v2\/product_cat?post=15103"},{"taxonomy":"product_tag","embeddable":true,"href":"https:\/\/zkeshop.sk\/cs\/wp-json\/wp\/v2\/product_tag?post=15103"}],"curies":[{"name":"wp","href":"https:\/\/api.w.org\/{rel}","templated":true}]}}