{"id":15967,"date":"2025-01-29T14:42:21","date_gmt":"2025-05-06T11:39:13","guid":{"rendered":"https:\/\/zkeshop.sk\/produkt\/medik-8-h-e-o-mask-2\/"},"modified":"2025-05-06T13:40:35","modified_gmt":"2025-05-06T11:40:35","slug":"medik-8-h-e-o-mask-2","status":"publish","type":"product","link":"https:\/\/zkeshop.sk\/cs\/produkt\/medik-8-h-e-o-mask-2\/","title":{"rendered":"Medik 8 H.E.O. Mask"},"content":{"rendered":"<h2 data-start=\"0\" data-end=\"68\"><strong data-start=\"0\" data-end=\"68\">Dvoukrokov\u00e1 no\u010dn\u00ed hydrata\u010dn\u00ed maska \u200b\u200bpro kr\u00e1snou a hydratovanou ple\u0165<\/strong><\/h2>\n<p class=\"\" data-start=\"70\" data-end=\"295\">Z\u00edskejte maxim\u00e1ln\u00ed hydrataci a probouzejte se s vyhlazenou, obnovenou a zjemn\u011bnou plet\u00ed d\u00edky <strong data-start=\"166\" data-end=\"181\">H.E.O. MASK<\/strong> \u2013 dvoukrokov\u00e9 no\u010dn\u00ed masce, kter\u00e1 se postar\u00e1 nejen o zvlh\u010den\u00ed pleti, ale tak\u00e9 o vyhlazen\u00ed jemn\u00fdch r\u00fdh a vr\u00e1sek.<\/p>\n<h3 data-start=\"297\" data-end=\"348\"><strong data-start=\"297\" data-end=\"348\">No\u010dn\u00ed hydrata\u010dn\u00ed maska \u200b\u200bs kyselinou hyaluronovou<\/strong><\/h3>\n<p class=\"\" data-start=\"350\" data-end=\"699\">Probu\u010fte se s kr\u00e1sn\u011b vyhlazenou, vypnutou a pru\u017enou plet\u00ed! <strong data-start=\"410\" data-end=\"425\">H.E.O. MASK<\/strong> obsahuje klinicky ov\u011b\u0159en\u00e9 hydrata\u010dn\u00ed slo\u017eky, kter\u00e9 ve vz\u00e1jemn\u00e9 harmonii efektivn\u011b vy\u017eivuj\u00ed poko\u017eku a poskytuj\u00ed j\u00ed intenzivn\u00ed hydrataci. V prvn\u00edm kroku nanesete zvlh\u010duj\u00edc\u00ed modr\u00fd gel a ve druh\u00e9m kroku v\u00fd\u017eivn\u00fd b\u00edl\u00fd kr\u00e9m, \u010d\u00edm\u017e dos\u00e1hnete dokonal\u00e9 rovnov\u00e1hy vlhkosti a v\u00fd\u017eivy.<\/p>\n<h4 data-start=\"701\" data-end=\"998\"><strong data-start=\"701\" data-end=\"723\">1. krok: Modr\u00fd gel<\/strong><\/h4>\n<p class=\"\" data-start=\"701\" data-end=\"998\">Modr\u00fd gel s humektanty p\u016fsob\u00ed jako magnet na vodu, \u010d\u00edm\u017e \u00fa\u010dinn\u011b hydratuje poko\u017eku a pom\u00e1h\u00e1 zadr\u017eovat vlhkost. Kyselina hyaluronov\u00e1 s r\u016fzn\u00fdmi molekul\u00e1rn\u00edmi hmotnostmi, glycerin a p\u0159\u00edrodn\u00ed hydrata\u010dn\u00ed faktory p\u0159isp\u00edvaj\u00ed k intenzivn\u00ed hydrataci a zlep\u0161en\u00ed elasticity pleti.<\/p>\n<h4 data-start=\"1000\" data-end=\"1238\"><strong data-start=\"1000\" data-end=\"1023\">2. krok: B\u00edl\u00fd kr\u00e9m<\/strong><\/h4>\n<p class=\"\" data-start=\"1000\" data-end=\"1238\">B\u00edl\u00fd kr\u00e9m obsahuje emolienty, kter\u00e9 obnovuj\u00ed ko\u017en\u00ed bari\u00e9ru a vyhlazuj\u00ed ple\u0165. Ceramidy a skvalan vy\u017eivuj\u00ed poko\u017eku, zat\u00edmco okluziva, jako dimethicone, zadr\u017euj\u00ed vlhkost v pleti a chr\u00e1n\u00ed ji p\u0159ed jej\u00edmi ztr\u00e1tami.<\/p>\n<h3 data-start=\"1240\" data-end=\"1269\"><strong data-start=\"1240\" data-end=\"1269\">Pro koho je maska \u200b\u200bvhodn\u00e1?<\/strong><\/h3>\n<ul>\n<li data-start=\"1272\" data-end=\"1306\">Velmi such\u00e1 a dehydratovan\u00e1 ple\u0165<\/li>\n<li data-start=\"1272\" data-end=\"1306\">Citliv\u00e1 ple\u0165 n\u00e1chyln\u00e1 k podr\u00e1\u017ed\u011bn\u00ed<\/li>\n<li data-start=\"1272\" data-end=\"1306\">Zral\u00e1 ple\u0165 b\u011bhem menopauzy, kter\u00e1 pot\u0159ebuje podporu hydratace<\/li>\n<li data-start=\"1272\" data-end=\"1306\">Ple\u0165 vystavov\u00e1na \u010dast\u00fdm teplotn\u00edm zm\u011bn\u00e1m \u010di chladu<\/li>\n<li data-start=\"1272\" data-end=\"1306\">Ple\u0165, kter\u00e1 si zvyk\u00e1 na pou\u017e\u00edv\u00e1n\u00ed produkt\u016f s vitam\u00ednem A<\/li>\n<\/ul>\n<h3 data-start=\"1534\" data-end=\"1831\"><strong data-start=\"1534\" data-end=\"1550\">\u00da\u010dinky masky<\/strong><\/h3>\n<p class=\"\" data-start=\"1534\" data-end=\"1831\"><strong data-start=\"1553\" data-end=\"1568\">H.E.O. MASK<\/strong> poskytuje intenzivn\u00ed hydrataci a\u017e po dobu 72 hodin, uzamyk\u00e1 vlhkost v poko\u017ece a obnovuje jej\u00ed ochrannou bari\u00e9ru. Klinick\u00e9 studie potvrzuj\u00ed zlep\u0161en\u00ed hydratace pleti a ochrany p\u0159ed vysych\u00e1n\u00edm a podr\u00e1\u017ed\u011bn\u00edm. Poko\u017eka bude nejen sv\u011b\u017e\u00ed a zjemn\u011bn\u00e1, ale tak\u00e9 chr\u00e1n\u011bn\u00e1.<\/p>\n<h4 data-start=\"1833\" data-end=\"2167\"><strong data-start=\"1833\" data-end=\"1845\">Pou\u017eijte<\/strong><\/h4>\n<p class=\"\" data-start=\"1833\" data-end=\"2167\">Pro dosa\u017een\u00ed maxim\u00e1ln\u00ed hydratace aplikujte masku ve\u010der jako posledn\u00ed krok v r\u00e1mci va\u0161\u00ed no\u010dn\u00ed rutiny. Po vy\u010di\u0161t\u011bn\u00ed pleti a aplikaci produkt\u016f s vitam\u00ednem A naneste na obli\u010dej, krk a dekolt modr\u00fd gel (krok 1) a nechte jej \u00fapln\u011b vst\u0159ebat. Potom jemn\u011b naneste b\u00edl\u00fd kr\u00e9m (krok 2) a nechte p\u016fsobit p\u0159es noc. Nesm\u00fdvejte.<\/p>\n<p class=\"\" data-start=\"2169\" data-end=\"2217\"><strong data-start=\"2169\" data-end=\"2217\">Aplikujte 2-3x t\u00fddn\u011b nebo dle pot\u0159eby.<\/strong><\/p>\n<p class=\"\" data-start=\"2219\" data-end=\"2251\">Balen\u00ed vysta\u010d\u00ed na 30 aplikac\u00ed.<\/p>\n","protected":false},"excerpt":{"rendered":"<h2 class=\"eshop-product-detail__subtitle\">Dvoukrokov\u00e1 no\u010dn\u00ed hydrata\u010dn\u00ed maska<\/h2>\n<div class=\"eshop-product-detail__perex\">\n<p>Dop\u0159ejte sv\u00e9 pleti maxim\u00e1ln\u00ed d\u00e1vku hydratace a probouzejte se s vyhlazenou, obnovenou a zjemn\u011bnou plet\u00ed d\u00edky H.E.O. MASK, no\u010dn\u00ed hydrata\u010dn\u00ed masce, kter\u00e1 se ve dvou kroc\u00edch postar\u00e1 nejen o zvlh\u010den\u00ed pleti, ale tak\u00e9 vyhlazen\u00ed jemn\u00fdch r\u00fdh a vr\u00e1sek<\/p>\n<\/div>\n","protected":false},"featured_media":14279,"comment_status":"open","ping_status":"closed","template":"","meta":[],"product_brand":[],"product_cat":[179,200,208,185,87,188],"product_tag":[159],"class_list":{"0":"post-15967","1":"product","2":"type-product","3":"status-publish","4":"has-post-thumbnail","6":"product_cat-citliva-plet-cs","7":"product_cat-medik8-cs","8":"product_cat-noc-cs","9":"product_cat-normalni-plet","10":"product_cat-pletova-kosmetika","11":"product_cat-sucha-plet-cs","12":"product_tag-medik8","14":"first","15":"instock","16":"taxable","17":"shipping-taxable","18":"purchasable","19":"product-type-simple"},"yoast_head":"<!-- This site is optimized with the Yoast SEO Premium plugin v27.3 (Yoast SEO v27.3) - https:\/\/yoast.com\/product\/yoast-seo-premium-wordpress\/ -->\n<title>Medik 8 H.E.O. Mask<\/title>\n<meta name=\"description\" content=\"Dop\u0159ejte sv\u00e9 pleti maxim\u00e1ln\u00ed d\u00e1vku hydratace a probouzejte se s vyhlazenou, obnovenou a zjemn\u011bnou plet\u00ed d\u00edky H.E.O MASK.\" \/>\n<meta name=\"robots\" content=\"index, follow, max-snippet:-1, max-image-preview:large, max-video-preview:-1\" \/>\n<link rel=\"canonical\" href=\"https:\/\/zkeshop.sk\/cs\/produkt\/medik-8-h-e-o-mask-2\/\" \/>\n<meta property=\"og:locale\" content=\"cs_CZ\" \/>\n<meta property=\"og:type\" content=\"article\" \/>\n<meta property=\"og:title\" content=\"Medik 8 H.E.O. Mask\" \/>\n<meta property=\"og:description\" content=\"Dop\u0159ejte sv\u00e9 pleti maxim\u00e1ln\u00ed d\u00e1vku hydratace a probouzejte se s vyhlazenou, obnovenou a zjemn\u011bnou plet\u00ed d\u00edky H.E.O MASK.\" \/>\n<meta property=\"og:url\" content=\"https:\/\/zkeshop.sk\/cs\/produkt\/medik-8-h-e-o-mask-2\/\" \/>\n<meta property=\"og:site_name\" content=\"ZK company\" \/>\n<meta property=\"article:modified_time\" content=\"2025-05-06T11:40:35+00:00\" \/>\n<meta property=\"og:image\" content=\"https:\/\/zkeshop.sk\/wp-content\/uploads\/2025\/01\/Copy-of-H.E.O.-Step-1amp2-Cutout-ROW-For-Web-1024x1024.png\" \/>\n\t<meta property=\"og:image:width\" content=\"1024\" \/>\n\t<meta property=\"og:image:height\" content=\"1024\" \/>\n\t<meta property=\"og:image:type\" content=\"image\/png\" \/>\n<meta name=\"twitter:card\" content=\"summary_large_image\" \/>\n<meta name=\"twitter:label1\" content=\"Cena\" \/>\n\t<meta name=\"twitter:data1\" content=\"68,00&nbsp;&euro;\" \/>\n\t<meta name=\"twitter:label2\" content=\"Dostupnost\" \/>\n\t<meta name=\"twitter:data2\" content=\"Skladem\" \/>\n<script type=\"application\/ld+json\" class=\"yoast-schema-graph\">{\"@context\":\"https:\\\/\\\/schema.org\",\"@graph\":[{\"@type\":\"WebPage\",\"@id\":\"https:\\\/\\\/zkeshop.sk\\\/cs\\\/produkt\\\/medik-8-h-e-o-mask-2\\\/\",\"url\":\"https:\\\/\\\/zkeshop.sk\\\/cs\\\/produkt\\\/medik-8-h-e-o-mask-2\\\/\",\"name\":\"Medik 8 H.E.O. Mask\",\"isPartOf\":{\"@id\":\"https:\\\/\\\/zkeshop.sk\\\/#website\"},\"primaryImageOfPage\":{\"@id\":\"https:\\\/\\\/zkeshop.sk\\\/cs\\\/produkt\\\/medik-8-h-e-o-mask-2\\\/#primaryimage\"},\"image\":{\"@id\":\"https:\\\/\\\/zkeshop.sk\\\/cs\\\/produkt\\\/medik-8-h-e-o-mask-2\\\/#primaryimage\"},\"thumbnailUrl\":\"https:\\\/\\\/zkeshop.sk\\\/wp-content\\\/uploads\\\/2025\\\/01\\\/Copy-of-H.E.O.-Step-1amp2-Cutout-ROW-For-Web.png\",\"datePublished\":\"2025-05-06T11:39:13+00:00\",\"dateModified\":\"2025-05-06T11:40:35+00:00\",\"description\":\"Dop\u0159ejte sv\u00e9 pleti maxim\u00e1ln\u00ed d\u00e1vku hydratace a probouzejte se s vyhlazenou, obnovenou a zjemn\u011bnou plet\u00ed d\u00edky H.E.O MASK.\",\"breadcrumb\":{\"@id\":\"https:\\\/\\\/zkeshop.sk\\\/cs\\\/produkt\\\/medik-8-h-e-o-mask-2\\\/#breadcrumb\"},\"inLanguage\":\"cs\",\"potentialAction\":[{\"@type\":\"ReadAction\",\"target\":[\"https:\\\/\\\/zkeshop.sk\\\/cs\\\/produkt\\\/medik-8-h-e-o-mask-2\\\/\"]}]},{\"@type\":\"ImageObject\",\"inLanguage\":\"cs\",\"@id\":\"https:\\\/\\\/zkeshop.sk\\\/cs\\\/produkt\\\/medik-8-h-e-o-mask-2\\\/#primaryimage\",\"url\":\"https:\\\/\\\/zkeshop.sk\\\/wp-content\\\/uploads\\\/2025\\\/01\\\/Copy-of-H.E.O.-Step-1amp2-Cutout-ROW-For-Web.png\",\"contentUrl\":\"https:\\\/\\\/zkeshop.sk\\\/wp-content\\\/uploads\\\/2025\\\/01\\\/Copy-of-H.E.O.-Step-1amp2-Cutout-ROW-For-Web.png\",\"width\":3107,\"height\":3107,\"caption\":\"Dop\u0159ejte sv\u00e9 pleti maxim\u00e1ln\u00ed d\u00e1vku hydratace a probouzejte se s vyhlazenou, obnovenou a zjemn\u011bnou plet\u00ed d\u00edky H.E.O MASK.\"},{\"@type\":\"BreadcrumbList\",\"@id\":\"https:\\\/\\\/zkeshop.sk\\\/cs\\\/produkt\\\/medik-8-h-e-o-mask-2\\\/#breadcrumb\",\"itemListElement\":[{\"@type\":\"ListItem\",\"position\":1,\"name\":\"Dom\u016f\",\"item\":\"https:\\\/\\\/zkeshop.sk\\\/\"},{\"@type\":\"ListItem\",\"position\":2,\"name\":\"Obchod\",\"item\":\"https:\\\/\\\/zkeshop.sk\\\/obchod\\\/\"},{\"@type\":\"ListItem\",\"position\":3,\"name\":\"Medik 8 H.E.O. Mask\"}]},{\"@type\":\"WebSite\",\"@id\":\"https:\\\/\\\/zkeshop.sk\\\/#website\",\"url\":\"https:\\\/\\\/zkeshop.sk\\\/\",\"name\":\"ZK company\",\"description\":\"Kvalitn\u00e1 kozmetika pre ka\u017edodenn\u00e9 pou\u017eitie\",\"potentialAction\":[{\"@type\":\"SearchAction\",\"target\":{\"@type\":\"EntryPoint\",\"urlTemplate\":\"https:\\\/\\\/zkeshop.sk\\\/?s={search_term_string}\"},\"query-input\":{\"@type\":\"PropertyValueSpecification\",\"valueRequired\":true,\"valueName\":\"search_term_string\"}}],\"inLanguage\":\"cs\"}]}<\/script>\n<meta property=\"product:price:amount\" content=\"68.00\" \/>\n<meta property=\"product:price:currency\" content=\"EUR\" \/>\n<meta property=\"og:availability\" content=\"instock\" \/>\n<meta property=\"product:availability\" content=\"instock\" \/>\n<meta property=\"product:condition\" content=\"new\" \/>\n<!-- \/ Yoast SEO Premium plugin. -->","yoast_head_json":{"title":"Medik 8 H.E.O. Mask","description":"Dop\u0159ejte sv\u00e9 pleti maxim\u00e1ln\u00ed d\u00e1vku hydratace a probouzejte se s vyhlazenou, obnovenou a zjemn\u011bnou plet\u00ed d\u00edky H.E.O MASK.","robots":{"index":"index","follow":"follow","max-snippet":"max-snippet:-1","max-image-preview":"max-image-preview:large","max-video-preview":"max-video-preview:-1"},"canonical":"https:\/\/zkeshop.sk\/cs\/produkt\/medik-8-h-e-o-mask-2\/","og_locale":"cs_CZ","og_type":"article","og_title":"Medik 8 H.E.O. Mask","og_description":"Dop\u0159ejte sv\u00e9 pleti maxim\u00e1ln\u00ed d\u00e1vku hydratace a probouzejte se s vyhlazenou, obnovenou a zjemn\u011bnou plet\u00ed d\u00edky H.E.O MASK.","og_url":"https:\/\/zkeshop.sk\/cs\/produkt\/medik-8-h-e-o-mask-2\/","og_site_name":"ZK company","article_modified_time":"2025-05-06T11:40:35+00:00","og_image":[{"width":1024,"height":1024,"url":"https:\/\/zkeshop.sk\/wp-content\/uploads\/2025\/01\/Copy-of-H.E.O.-Step-1amp2-Cutout-ROW-For-Web-1024x1024.png","type":"image\/png"}],"twitter_card":"summary_large_image","twitter_misc":{"Cena":"68,00&nbsp;&euro;","Dostupnost":"Skladem"},"schema":{"@context":"https:\/\/schema.org","@graph":[{"@type":"WebPage","@id":"https:\/\/zkeshop.sk\/cs\/produkt\/medik-8-h-e-o-mask-2\/","url":"https:\/\/zkeshop.sk\/cs\/produkt\/medik-8-h-e-o-mask-2\/","name":"Medik 8 H.E.O. Mask","isPartOf":{"@id":"https:\/\/zkeshop.sk\/#website"},"primaryImageOfPage":{"@id":"https:\/\/zkeshop.sk\/cs\/produkt\/medik-8-h-e-o-mask-2\/#primaryimage"},"image":{"@id":"https:\/\/zkeshop.sk\/cs\/produkt\/medik-8-h-e-o-mask-2\/#primaryimage"},"thumbnailUrl":"https:\/\/zkeshop.sk\/wp-content\/uploads\/2025\/01\/Copy-of-H.E.O.-Step-1amp2-Cutout-ROW-For-Web.png","datePublished":"2025-05-06T11:39:13+00:00","dateModified":"2025-05-06T11:40:35+00:00","description":"Dop\u0159ejte sv\u00e9 pleti maxim\u00e1ln\u00ed d\u00e1vku hydratace a probouzejte se s vyhlazenou, obnovenou a zjemn\u011bnou plet\u00ed d\u00edky H.E.O MASK.","breadcrumb":{"@id":"https:\/\/zkeshop.sk\/cs\/produkt\/medik-8-h-e-o-mask-2\/#breadcrumb"},"inLanguage":"cs","potentialAction":[{"@type":"ReadAction","target":["https:\/\/zkeshop.sk\/cs\/produkt\/medik-8-h-e-o-mask-2\/"]}]},{"@type":"ImageObject","inLanguage":"cs","@id":"https:\/\/zkeshop.sk\/cs\/produkt\/medik-8-h-e-o-mask-2\/#primaryimage","url":"https:\/\/zkeshop.sk\/wp-content\/uploads\/2025\/01\/Copy-of-H.E.O.-Step-1amp2-Cutout-ROW-For-Web.png","contentUrl":"https:\/\/zkeshop.sk\/wp-content\/uploads\/2025\/01\/Copy-of-H.E.O.-Step-1amp2-Cutout-ROW-For-Web.png","width":3107,"height":3107,"caption":"Dop\u0159ejte sv\u00e9 pleti maxim\u00e1ln\u00ed d\u00e1vku hydratace a probouzejte se s vyhlazenou, obnovenou a zjemn\u011bnou plet\u00ed d\u00edky H.E.O MASK."},{"@type":"BreadcrumbList","@id":"https:\/\/zkeshop.sk\/cs\/produkt\/medik-8-h-e-o-mask-2\/#breadcrumb","itemListElement":[{"@type":"ListItem","position":1,"name":"Dom\u016f","item":"https:\/\/zkeshop.sk\/"},{"@type":"ListItem","position":2,"name":"Obchod","item":"https:\/\/zkeshop.sk\/obchod\/"},{"@type":"ListItem","position":3,"name":"Medik 8 H.E.O. Mask"}]},{"@type":"WebSite","@id":"https:\/\/zkeshop.sk\/#website","url":"https:\/\/zkeshop.sk\/","name":"ZK company","description":"Kvalitn\u00e1 kozmetika pre ka\u017edodenn\u00e9 pou\u017eitie","potentialAction":[{"@type":"SearchAction","target":{"@type":"EntryPoint","urlTemplate":"https:\/\/zkeshop.sk\/?s={search_term_string}"},"query-input":{"@type":"PropertyValueSpecification","valueRequired":true,"valueName":"search_term_string"}}],"inLanguage":"cs"}]},"product_price_amount":"68.00","product_price_currency":"EUR","og_availability":"instock","product_availability":"instock","product_condition":"new"},"_links":{"self":[{"href":"https:\/\/zkeshop.sk\/cs\/wp-json\/wp\/v2\/product\/15967","targetHints":{"allow":["GET"]}}],"collection":[{"href":"https:\/\/zkeshop.sk\/cs\/wp-json\/wp\/v2\/product"}],"about":[{"href":"https:\/\/zkeshop.sk\/cs\/wp-json\/wp\/v2\/types\/product"}],"replies":[{"embeddable":true,"href":"https:\/\/zkeshop.sk\/cs\/wp-json\/wp\/v2\/comments?post=15967"}],"version-history":[{"count":0,"href":"https:\/\/zkeshop.sk\/cs\/wp-json\/wp\/v2\/product\/15967\/revisions"}],"wp:featuredmedia":[{"embeddable":true,"href":"https:\/\/zkeshop.sk\/cs\/wp-json\/wp\/v2\/media\/14279"}],"wp:attachment":[{"href":"https:\/\/zkeshop.sk\/cs\/wp-json\/wp\/v2\/media?parent=15967"}],"wp:term":[{"taxonomy":"product_brand","embeddable":true,"href":"https:\/\/zkeshop.sk\/cs\/wp-json\/wp\/v2\/product_brand?post=15967"},{"taxonomy":"product_cat","embeddable":true,"href":"https:\/\/zkeshop.sk\/cs\/wp-json\/wp\/v2\/product_cat?post=15967"},{"taxonomy":"product_tag","embeddable":true,"href":"https:\/\/zkeshop.sk\/cs\/wp-json\/wp\/v2\/product_tag?post=15967"}],"curies":[{"name":"wp","href":"https:\/\/api.w.org\/{rel}","templated":true}]}}