{"id":16239,"date":"2025-06-03T10:39:05","date_gmt":"2025-06-03T08:39:05","guid":{"rendered":"https:\/\/zkeshop.sk\/produkt\/koenzym-q10-200-mg-forte\/"},"modified":"2025-09-06T12:03:35","modified_gmt":"2025-09-06T10:03:35","slug":"koenzym-q10-200-mg-forte","status":"publish","type":"product","link":"https:\/\/zkeshop.sk\/cs\/produkt\/koenzym-q10-200-mg-forte\/","title":{"rendered":"Koenzym Q10 200 mg FORTE"},"content":{"rendered":"<p >KOENZ\u00ddM Q10 OPTIMAL 100 mg. Pro aktivn\u00ed \u017eivot a zdrav\u00fd krevn\u00ed tlak. Podpo\u0159te srdce, tlak i vitalitu.  <\/p>\n<p >Co je KOENZ\u00ddM Q10?<br \/>\n\u017divotn\u011b d\u016fle\u017eit\u00e1 l\u00e1tka p\u0159irozen\u011b p\u0159\u00edtomn\u00e1 v lidsk\u00e9m t\u011ble, kter\u00e1 hraje kl\u00ed\u010dovou roli p\u0159i tvorb\u011b bun\u011b\u010dn\u00e9 energie. Tento dopln\u011bk stravy obsahuje vysoce kvalitn\u00ed koenzym Q10 z\u00edskan\u00fd fermentac\u00ed, co\u017e zaru\u010duje jeho \u010distotu a vysokou vst\u0159ebatelnost. D\u00edky olejov\u00e9 form\u011b (slune\u010dnicov\u00fd\/s\u00f3jov\u00fd olej) je koenzym rychle absorbov\u00e1n organismem.  <\/p>\n<p >S p\u0159ib\u00fdvaj\u00edc\u00edm v\u011bkem p\u0159irozen\u00e1 hladina Q10 v t\u011ble kles\u00e1, co\u017e m\u016f\u017ee v\u00e9st k \u00fanav\u011b, sn\u00ed\u017een\u00e9 vitalit\u011b \u010di oslaben\u00e9 srde\u010dn\u00ed \u010dinnosti. Vhodn\u00fd pro dosp\u011bl\u00e9 p\u0159i \u00fanav\u011b, oslaben\u00ed organismu, zv\u00fd\u0161en\u00e9 fyzick\u00e9 n\u00e1maze \u010di p\u0159i podpo\u0159e kardiovaskul\u00e1rn\u00edho syst\u00e9mu. V\u00fdrobek je bez cukru, bez lepku (bez lepku) a bez lakt\u00f3zy.  <\/p>\n<p >Ka\u017ed\u00e1 m\u011bkk\u00e1 \u017eelatinov\u00e1 kapsle obsahuje stabilizovan\u00fd koenzym Q10 na olejov\u00e9 b\u00e1zi, dopln\u011bn\u00fd o lecitin, v\u010del\u00ed vosk a glycerol pro vy\u0161\u0161\u00ed stabilitu a \u00fa\u010dinnost. Oxid \u017eelezit\u00fd v kapsli zaji\u0161\u0165uje ochranu p\u0159ed sv\u011btlem a udr\u017euje kvalitu produktu. <\/p>\n<p >Koenzym Q10 a jeho benefity:<\/p>\n<ul>\n<li >P\u0159isp\u00edv\u00e1 ke spr\u00e1vn\u00e9mu fungov\u00e1n\u00ed srde\u010dn\u00edho svalu<\/li>\n<li >Pom\u00e1h\u00e1 udr\u017eovat jeho optim\u00e1ln\u00ed hladinu<\/li>\n<li >P\u0159em\u011b\u0148uje \u017eiviny na energii, pot\u0159ebnou pro ka\u017edodenn\u00ed fungov\u00e1n\u00ed<\/li>\n<li >Ide\u00e1ln\u00ed p\u0159i n\u00e1ro\u010dn\u00e9m fyzick\u00e9m i psychick\u00e9m v\u00fdkonu<\/li>\n<li >Statiny (l\u00e9ky na cholesterol) sni\u017euj\u00ed hladinu Q10 v t\u011ble<\/li>\n<li >Chr\u00e1n\u00ed bu\u0148ky p\u0159ed oxida\u010dn\u00edm stresem<\/li>\n<\/ul>\n<p >Slo\u017een\u00ed na 1 tabletu: s\u00f3jov\u00fd olej, koenzym Q10 200 mg (* RVH), \u017eeliruj\u00edc\u00ed l\u00e1tka: \u017eelatina, zvlh\u010dovadlo: glycerol, emulg\u00e1tor: lecitin, zahu\u0161\u0165ovadlo: v\u010del\u00ed vosk, barvivo: oxid \u017eelezit\u00fd * RVH \u2013 referen\u010dn\u00ed v\u00fd\u017eivov\u00e1.<\/p>\n<p >D\u00e1vkov\u00e1n\u00ed: 1 kapsle denn\u011b po j\u00eddle a zap\u00edt dostate\u010dn\u00fdm mno\u017estv\u00edm tekutiny.<\/p>\n<p >Balen\u00ed: 60 kapsl\u00ed<\/p>\n<p>&nbsp;<\/p>\n<p >ZDROJE:<br \/>\nhttps:\/\/www.sciencedirect.com\/science\/article\/abs\/pii\/S1556370722001079<\/p>\n<p >https:\/\/www.eatingwell.com\/health-benefits-of-coq10-11695492<\/p>\n","protected":false},"excerpt":{"rendered":"<ul>\n<li class=\"ai-optimize-35\">Pro podporu srdce, energie a vitalitu<\/li>\n<li class=\"ai-optimize-35\">Podporuje norm\u00e1ln\u00ed krevn\u00ed tlak a pom\u00e1h\u00e1 p\u0159i \u00fanav\u011b<\/li>\n<li class=\"ai-optimize-35\">Ide\u00e1ln\u00ed dopln\u011bk p\u0159i u\u017e\u00edv\u00e1n\u00ed statin\u016f<\/li>\n<li class=\"ai-optimize-35\">Vysok\u00e1 vst\u0159ebatelnost v olejov\u00e9 form\u011b<\/li>\n<\/ul>\n","protected":false},"featured_media":16220,"comment_status":"open","ping_status":"closed","template":"","meta":[],"product_brand":[],"product_cat":[89,122],"product_tag":[],"class_list":{"0":"post-16239","1":"product","2":"type-product","3":"status-publish","4":"has-post-thumbnail","6":"product_cat-doplnky-stravy","7":"product_cat-doplnky-stravy-pro-dospele","9":"first","10":"instock","11":"taxable","12":"shipping-taxable","13":"purchasable","14":"product-type-simple"},"yoast_head":"<!-- This site is optimized with the Yoast SEO Premium plugin v27.3 (Yoast SEO v27.3) - https:\/\/yoast.com\/product\/yoast-seo-premium-wordpress\/ -->\n<title>Koenzym Q10 200 mg FORTE - ZK company<\/title>\n<meta name=\"robots\" content=\"index, follow, max-snippet:-1, max-image-preview:large, max-video-preview:-1\" \/>\n<link rel=\"canonical\" href=\"https:\/\/zkeshop.sk\/produkt\/koenzym-q10-200-mg-forte\/\" \/>\n<meta property=\"og:locale\" content=\"cs_CZ\" \/>\n<meta property=\"og:type\" content=\"article\" \/>\n<meta property=\"og:title\" content=\"Koenzym Q10 200 mg FORTE\" \/>\n<meta property=\"og:description\" content=\"Pro podporu srdce, energie a vitalitu  Podporuje norm\u00e1ln\u00ed krevn\u00ed tlak a pom\u00e1h\u00e1 p\u0159i \u00fanav\u011b  Ide\u00e1ln\u00ed dopln\u011bk p\u0159i u\u017e\u00edv\u00e1n\u00ed statin\u016f  Vysok\u00e1 vst\u0159ebatelnost v olejov\u00e9 form\u011b\" \/>\n<meta property=\"og:url\" content=\"https:\/\/zkeshop.sk\/produkt\/koenzym-q10-200-mg-forte\/\" \/>\n<meta property=\"og:site_name\" content=\"ZK company\" \/>\n<meta property=\"article:modified_time\" content=\"2025-09-06T10:03:35+00:00\" \/>\n<meta property=\"og:image\" content=\"https:\/\/zkeshop.sk\/wp-content\/uploads\/2025\/06\/koenzym-Q10_200mg_180325.jpg\" \/>\n\t<meta property=\"og:image:width\" content=\"1080\" \/>\n\t<meta property=\"og:image:height\" content=\"1080\" \/>\n\t<meta property=\"og:image:type\" content=\"image\/jpeg\" \/>\n<meta name=\"twitter:card\" content=\"summary_large_image\" \/>\n<meta name=\"twitter:label1\" content=\"Cena\" \/>\n\t<meta name=\"twitter:data1\" content=\"24,00&nbsp;&euro;\" \/>\n\t<meta name=\"twitter:label2\" content=\"Dostupnost\" \/>\n\t<meta name=\"twitter:data2\" content=\"Skladem\" \/>\n<script type=\"application\/ld+json\" class=\"yoast-schema-graph\">{\"@context\":\"https:\\\/\\\/schema.org\",\"@graph\":[{\"@type\":\"WebPage\",\"@id\":\"https:\\\/\\\/zkeshop.sk\\\/produkt\\\/koenzym-q10-200-mg-forte\\\/\",\"url\":\"https:\\\/\\\/zkeshop.sk\\\/produkt\\\/koenzym-q10-200-mg-forte\\\/\",\"name\":\"Koenzym Q10 200 mg FORTE - ZK company\",\"isPartOf\":{\"@id\":\"https:\\\/\\\/zkeshop.sk\\\/#website\"},\"primaryImageOfPage\":{\"@id\":\"https:\\\/\\\/zkeshop.sk\\\/produkt\\\/koenzym-q10-200-mg-forte\\\/#primaryimage\"},\"image\":{\"@id\":\"https:\\\/\\\/zkeshop.sk\\\/produkt\\\/koenzym-q10-200-mg-forte\\\/#primaryimage\"},\"thumbnailUrl\":\"https:\\\/\\\/zkeshop.sk\\\/wp-content\\\/uploads\\\/2025\\\/06\\\/koenzym-Q10_200mg_180325.jpg\",\"datePublished\":\"2025-06-03T08:39:05+00:00\",\"dateModified\":\"2025-09-06T10:03:35+00:00\",\"breadcrumb\":{\"@id\":\"https:\\\/\\\/zkeshop.sk\\\/produkt\\\/koenzym-q10-200-mg-forte\\\/#breadcrumb\"},\"inLanguage\":\"cs\",\"potentialAction\":[{\"@type\":\"ReadAction\",\"target\":[\"https:\\\/\\\/zkeshop.sk\\\/produkt\\\/koenzym-q10-200-mg-forte\\\/\"]}]},{\"@type\":\"ImageObject\",\"inLanguage\":\"cs\",\"@id\":\"https:\\\/\\\/zkeshop.sk\\\/produkt\\\/koenzym-q10-200-mg-forte\\\/#primaryimage\",\"url\":\"https:\\\/\\\/zkeshop.sk\\\/wp-content\\\/uploads\\\/2025\\\/06\\\/koenzym-Q10_200mg_180325.jpg\",\"contentUrl\":\"https:\\\/\\\/zkeshop.sk\\\/wp-content\\\/uploads\\\/2025\\\/06\\\/koenzym-Q10_200mg_180325.jpg\",\"width\":1080,\"height\":1080,\"caption\":\"V\u00fd\u017eivov\u00fd doplnok s koenz\u00fdmom Q10 (200 mg) pre srdce, tlak a vitalitu. Vysok\u00e1 vstrebate\u013enos\u0165, \u010dist\u00e9 zlo\u017eenie, bez lepku a lakt\u00f3zy. 60 kaps\u00fal v balen\u00ed.\"},{\"@type\":\"BreadcrumbList\",\"@id\":\"https:\\\/\\\/zkeshop.sk\\\/produkt\\\/koenzym-q10-200-mg-forte\\\/#breadcrumb\",\"itemListElement\":[{\"@type\":\"ListItem\",\"position\":1,\"name\":\"Dom\u016f\",\"item\":\"https:\\\/\\\/zkeshop.sk\\\/\"},{\"@type\":\"ListItem\",\"position\":2,\"name\":\"Obchod\",\"item\":\"https:\\\/\\\/zkeshop.sk\\\/obchod\\\/\"},{\"@type\":\"ListItem\",\"position\":3,\"name\":\"Koenzym Q10 200 mg FORTE\"}]},{\"@type\":\"WebSite\",\"@id\":\"https:\\\/\\\/zkeshop.sk\\\/#website\",\"url\":\"https:\\\/\\\/zkeshop.sk\\\/\",\"name\":\"ZK company\",\"description\":\"Kvalitn\u00e1 kozmetika pre ka\u017edodenn\u00e9 pou\u017eitie\",\"potentialAction\":[{\"@type\":\"SearchAction\",\"target\":{\"@type\":\"EntryPoint\",\"urlTemplate\":\"https:\\\/\\\/zkeshop.sk\\\/?s={search_term_string}\"},\"query-input\":{\"@type\":\"PropertyValueSpecification\",\"valueRequired\":true,\"valueName\":\"search_term_string\"}}],\"inLanguage\":\"cs\"}]}<\/script>\n<meta property=\"product:price:amount\" content=\"24.00\" \/>\n<meta property=\"product:price:currency\" content=\"EUR\" \/>\n<meta property=\"og:availability\" content=\"instock\" \/>\n<meta property=\"product:availability\" content=\"instock\" \/>\n<meta property=\"product:condition\" content=\"new\" \/>\n<!-- \/ Yoast SEO Premium plugin. -->","yoast_head_json":{"title":"Koenzym Q10 200 mg FORTE - ZK company","robots":{"index":"index","follow":"follow","max-snippet":"max-snippet:-1","max-image-preview":"max-image-preview:large","max-video-preview":"max-video-preview:-1"},"canonical":"https:\/\/zkeshop.sk\/produkt\/koenzym-q10-200-mg-forte\/","og_locale":"cs_CZ","og_type":"article","og_title":"Koenzym Q10 200 mg FORTE","og_description":"Pro podporu srdce, energie a vitalitu  Podporuje norm\u00e1ln\u00ed krevn\u00ed tlak a pom\u00e1h\u00e1 p\u0159i \u00fanav\u011b  Ide\u00e1ln\u00ed dopln\u011bk p\u0159i u\u017e\u00edv\u00e1n\u00ed statin\u016f  Vysok\u00e1 vst\u0159ebatelnost v olejov\u00e9 form\u011b","og_url":"https:\/\/zkeshop.sk\/produkt\/koenzym-q10-200-mg-forte\/","og_site_name":"ZK company","article_modified_time":"2025-09-06T10:03:35+00:00","og_image":[{"width":1080,"height":1080,"url":"https:\/\/zkeshop.sk\/wp-content\/uploads\/2025\/06\/koenzym-Q10_200mg_180325.jpg","type":"image\/jpeg"}],"twitter_card":"summary_large_image","twitter_misc":{"Cena":"24,00&nbsp;&euro;","Dostupnost":"Skladem"},"schema":{"@context":"https:\/\/schema.org","@graph":[{"@type":"WebPage","@id":"https:\/\/zkeshop.sk\/produkt\/koenzym-q10-200-mg-forte\/","url":"https:\/\/zkeshop.sk\/produkt\/koenzym-q10-200-mg-forte\/","name":"Koenzym Q10 200 mg FORTE - ZK company","isPartOf":{"@id":"https:\/\/zkeshop.sk\/#website"},"primaryImageOfPage":{"@id":"https:\/\/zkeshop.sk\/produkt\/koenzym-q10-200-mg-forte\/#primaryimage"},"image":{"@id":"https:\/\/zkeshop.sk\/produkt\/koenzym-q10-200-mg-forte\/#primaryimage"},"thumbnailUrl":"https:\/\/zkeshop.sk\/wp-content\/uploads\/2025\/06\/koenzym-Q10_200mg_180325.jpg","datePublished":"2025-06-03T08:39:05+00:00","dateModified":"2025-09-06T10:03:35+00:00","breadcrumb":{"@id":"https:\/\/zkeshop.sk\/produkt\/koenzym-q10-200-mg-forte\/#breadcrumb"},"inLanguage":"cs","potentialAction":[{"@type":"ReadAction","target":["https:\/\/zkeshop.sk\/produkt\/koenzym-q10-200-mg-forte\/"]}]},{"@type":"ImageObject","inLanguage":"cs","@id":"https:\/\/zkeshop.sk\/produkt\/koenzym-q10-200-mg-forte\/#primaryimage","url":"https:\/\/zkeshop.sk\/wp-content\/uploads\/2025\/06\/koenzym-Q10_200mg_180325.jpg","contentUrl":"https:\/\/zkeshop.sk\/wp-content\/uploads\/2025\/06\/koenzym-Q10_200mg_180325.jpg","width":1080,"height":1080,"caption":"V\u00fd\u017eivov\u00fd doplnok s koenz\u00fdmom Q10 (200 mg) pre srdce, tlak a vitalitu. Vysok\u00e1 vstrebate\u013enos\u0165, \u010dist\u00e9 zlo\u017eenie, bez lepku a lakt\u00f3zy. 60 kaps\u00fal v balen\u00ed."},{"@type":"BreadcrumbList","@id":"https:\/\/zkeshop.sk\/produkt\/koenzym-q10-200-mg-forte\/#breadcrumb","itemListElement":[{"@type":"ListItem","position":1,"name":"Dom\u016f","item":"https:\/\/zkeshop.sk\/"},{"@type":"ListItem","position":2,"name":"Obchod","item":"https:\/\/zkeshop.sk\/obchod\/"},{"@type":"ListItem","position":3,"name":"Koenzym Q10 200 mg FORTE"}]},{"@type":"WebSite","@id":"https:\/\/zkeshop.sk\/#website","url":"https:\/\/zkeshop.sk\/","name":"ZK company","description":"Kvalitn\u00e1 kozmetika pre ka\u017edodenn\u00e9 pou\u017eitie","potentialAction":[{"@type":"SearchAction","target":{"@type":"EntryPoint","urlTemplate":"https:\/\/zkeshop.sk\/?s={search_term_string}"},"query-input":{"@type":"PropertyValueSpecification","valueRequired":true,"valueName":"search_term_string"}}],"inLanguage":"cs"}]},"product_price_amount":"24.00","product_price_currency":"EUR","og_availability":"instock","product_availability":"instock","product_condition":"new"},"_links":{"self":[{"href":"https:\/\/zkeshop.sk\/cs\/wp-json\/wp\/v2\/product\/16239","targetHints":{"allow":["GET"]}}],"collection":[{"href":"https:\/\/zkeshop.sk\/cs\/wp-json\/wp\/v2\/product"}],"about":[{"href":"https:\/\/zkeshop.sk\/cs\/wp-json\/wp\/v2\/types\/product"}],"replies":[{"embeddable":true,"href":"https:\/\/zkeshop.sk\/cs\/wp-json\/wp\/v2\/comments?post=16239"}],"version-history":[{"count":0,"href":"https:\/\/zkeshop.sk\/cs\/wp-json\/wp\/v2\/product\/16239\/revisions"}],"wp:featuredmedia":[{"embeddable":true,"href":"https:\/\/zkeshop.sk\/cs\/wp-json\/wp\/v2\/media\/16220"}],"wp:attachment":[{"href":"https:\/\/zkeshop.sk\/cs\/wp-json\/wp\/v2\/media?parent=16239"}],"wp:term":[{"taxonomy":"product_brand","embeddable":true,"href":"https:\/\/zkeshop.sk\/cs\/wp-json\/wp\/v2\/product_brand?post=16239"},{"taxonomy":"product_cat","embeddable":true,"href":"https:\/\/zkeshop.sk\/cs\/wp-json\/wp\/v2\/product_cat?post=16239"},{"taxonomy":"product_tag","embeddable":true,"href":"https:\/\/zkeshop.sk\/cs\/wp-json\/wp\/v2\/product_tag?post=16239"}],"curies":[{"name":"wp","href":"https:\/\/api.w.org\/{rel}","templated":true}]}}