{"id":11726,"date":"2023-06-20T20:08:25","date_gmt":"2023-06-20T18:08:25","guid":{"rendered":"https:\/\/zkeshop.sk\/produkt\/postbio-cream-for-the-balance-of-sensitive-skin-50ml\/"},"modified":"2025-10-09T12:57:56","modified_gmt":"2025-10-09T10:57:56","slug":"postbio-cream-for-the-balance-of-sensitive-skin-50ml","status":"publish","type":"product","link":"https:\/\/zkeshop.sk\/en\/produkt\/postbio-cream-for-the-balance-of-sensitive-skin-50ml\/","title":{"rendered":"postBIO &#8211; cream for the balance of sensitive skin 50ml"},"content":{"rendered":"<p><strong>postBIO &#8211; cream for the balance of sensitive skin<\/strong><\/p>\n<p>This specially formulated cream is a weapon in your skincare arsenal to help you deal with uncomfortable redness and keep your skin healthy and glowing.<\/p>\n<p>Our unique formulation of patented ingredients &#8211; Biotylis and Silidine &#8211; are the key to postBio&#8217;s effectiveness. This formula is great for its ability to balance sensitive skin, strengthen the skin barrier and also minimize redness.<\/p>\n<p>Well postBio is much more than just an anti-redness cream. Because of its velvety texture, it is pleasant to the touch so it is easily absorbed into the skin. Although it is rich in emollients, which are key to moisturizing the skin, it doesn&#8217;t leave your skin feeling greasy.<\/p>\n<p><strong>postBIO cream for balancing sensitive skin<\/strong> &#8211; ideal for daily use regardless of your skin routine,<\/p>\n<h3>Why choose postBio? Here are some of the biggest benefits:<\/h3>\n<ol>\n<li>Designed for sensitive skin: postBio is specifically designed for sensitive skin, with the primary goal of maintaining skin balance and minimizing redness.<\/li>\n<li>Contains patented ingredients Biotylis and Silidine: this unique formula is a key part of our formula, helping to maintain skin balance, reduce redness while helping to strengthen the skin barrier.<\/li>\n<li>Velvety texture: the pleasant, smooth texture of the cream is easily applied and absorbed into the skin.<\/li>\n<li>No greasy feeling: even though it is rich in moisturizing emollients, postBio does not leave a greasy feeling.<\/li>\n<li>Ideal for everyday use: whatever your skincare routine, postBio is a key part of your skincare routine.<\/li>\n<\/ol>\n<p>You don&#8217;t have to worry about sensitive skin and redness. Try postBio and see how your skin changes for the better. Trust us, your skin will thank you.<\/p>\n<p><strong>Directions for use:<\/strong> apply the cream regularly in sufficient quantity on the skin of the face. Always apply to clean skin. Use every morning and\/or evening.<\/p>\n<p>Shake the cream before each use.<\/p>\n<p><strong>Please note:<\/strong> The product is intended for external use. Keep out of the reach of children. Keep away from direct sunlight and frost. Store at room temperature, in a dry and dark place.<\/p>\n<p><strong>Ingredients:<\/strong> Aqua, Betaine, Hydrogenated Ethylhexyl Olivate, Hydrogenated Olive Oil Unsaponifiables, Polyglyceryl-6 Distearate, Lactobacillus Ferment Lysate, Porphyridium Cruentum Culture Conditioned Media, Distarch Phosphate, Sodium Acrylates Copolymer, Lecithin, Phenoxyethanol, Ethylhexylglycerin, Lactic Acid, Parfum.<\/p>\n","protected":false},"excerpt":{"rendered":"<h4><strong><span style=\"color: #ff0000;\">1+1 FREE ACTION. Add 2 products to your cart and you automatically get one FREE. <\/span><\/strong><\/h4>\n<p>Our patented ingredients &#8211; Biotylis and Silidine &#8211; are the key to PostBio&#8217;s effectiveness. This formula is great for its ability to balance sensitive skin, strengthen the skin barrier and minimize redness.<\/p>\n","protected":false},"featured_media":12525,"comment_status":"open","ping_status":"closed","template":"","meta":[],"product_brand":[],"product_cat":[187,74,186,180],"product_tag":[148,149],"class_list":{"0":"post-11726","1":"product","2":"type-product","3":"status-publish","4":"has-post-thumbnail","6":"product_cat-dry-skin","7":"product_cat-face-creams","8":"product_cat-normal-skin","9":"product_cat-sensitive-skin","10":"product_tag-land-en","11":"product_tag-perfection","13":"first","14":"outofstock","15":"taxable","16":"shipping-taxable","17":"purchasable","18":"product-type-simple"},"yoast_head":"<!-- This site is optimized with the Yoast SEO Premium plugin v27.3 (Yoast SEO v27.3) - https:\/\/yoast.com\/product\/yoast-seo-premium-wordpress\/ -->\n<title>postBIO - cream for the balance of sensitive skin 50ml - ZK company<\/title>\n<meta name=\"description\" content=\"Introducing the postBio Sensitive Skin Balance Cream to help you deal with uncomfortable redness and keep your skin healthy and radiant.\" \/>\n<meta name=\"robots\" content=\"index, follow, max-snippet:-1, max-image-preview:large, max-video-preview:-1\" \/>\n<link rel=\"canonical\" href=\"https:\/\/zkeshop.sk\/en\/produkt\/postbio-cream-for-the-balance-of-sensitive-skin-50ml\/\" \/>\n<meta property=\"og:locale\" content=\"en_US\" \/>\n<meta property=\"og:type\" content=\"article\" \/>\n<meta property=\"og:title\" content=\"postBIO - cream for the balance of sensitive skin 50ml\" \/>\n<meta property=\"og:description\" content=\"Introducing the postBio Sensitive Skin Balance Cream to help you deal with uncomfortable redness and keep your skin healthy and radiant.\" \/>\n<meta property=\"og:url\" content=\"https:\/\/zkeshop.sk\/en\/produkt\/postbio-cream-for-the-balance-of-sensitive-skin-50ml\/\" \/>\n<meta property=\"og:site_name\" content=\"ZK company\" \/>\n<meta property=\"article:modified_time\" content=\"2025-10-09T10:57:56+00:00\" \/>\n<meta property=\"og:image\" content=\"https:\/\/zkeshop.sk\/wp-content\/uploads\/2023\/06\/postBIO-spolocna-Web_NOVE-LOGO-e1707051801793.jpg\" \/>\n\t<meta property=\"og:image:width\" content=\"2560\" \/>\n\t<meta property=\"og:image:height\" content=\"1709\" \/>\n\t<meta property=\"og:image:type\" content=\"image\/jpeg\" \/>\n<meta name=\"twitter:card\" content=\"summary_large_image\" \/>\n<meta name=\"twitter:label1\" content=\"Price\" \/>\n\t<meta name=\"twitter:data1\" content=\"32,00&nbsp;&euro;\" \/>\n\t<meta name=\"twitter:label2\" content=\"Availability\" \/>\n\t<meta name=\"twitter:data2\" content=\"Out of stock\" \/>\n<script type=\"application\/ld+json\" class=\"yoast-schema-graph\">{\"@context\":\"https:\\\/\\\/schema.org\",\"@graph\":[{\"@type\":\"WebPage\",\"@id\":\"https:\\\/\\\/zkeshop.sk\\\/en\\\/produkt\\\/postbio-cream-for-the-balance-of-sensitive-skin-50ml\\\/\",\"url\":\"https:\\\/\\\/zkeshop.sk\\\/en\\\/produkt\\\/postbio-cream-for-the-balance-of-sensitive-skin-50ml\\\/\",\"name\":\"postBIO - cream for the balance of sensitive skin 50ml - ZK company\",\"isPartOf\":{\"@id\":\"https:\\\/\\\/zkeshop.sk\\\/#website\"},\"primaryImageOfPage\":{\"@id\":\"https:\\\/\\\/zkeshop.sk\\\/en\\\/produkt\\\/postbio-cream-for-the-balance-of-sensitive-skin-50ml\\\/#primaryimage\"},\"image\":{\"@id\":\"https:\\\/\\\/zkeshop.sk\\\/en\\\/produkt\\\/postbio-cream-for-the-balance-of-sensitive-skin-50ml\\\/#primaryimage\"},\"thumbnailUrl\":\"https:\\\/\\\/zkeshop.sk\\\/wp-content\\\/uploads\\\/2023\\\/06\\\/postBIO-spolocna-Web_NOVE-LOGO-e1707051801793.jpg\",\"datePublished\":\"2023-06-20T18:08:25+00:00\",\"dateModified\":\"2025-10-09T10:57:56+00:00\",\"description\":\"Introducing the postBio Sensitive Skin Balance Cream to help you deal with uncomfortable redness and keep your skin healthy and radiant.\",\"breadcrumb\":{\"@id\":\"https:\\\/\\\/zkeshop.sk\\\/en\\\/produkt\\\/postbio-cream-for-the-balance-of-sensitive-skin-50ml\\\/#breadcrumb\"},\"inLanguage\":\"en-US\",\"potentialAction\":[{\"@type\":\"ReadAction\",\"target\":[\"https:\\\/\\\/zkeshop.sk\\\/en\\\/produkt\\\/postbio-cream-for-the-balance-of-sensitive-skin-50ml\\\/\"]}]},{\"@type\":\"ImageObject\",\"inLanguage\":\"en-US\",\"@id\":\"https:\\\/\\\/zkeshop.sk\\\/en\\\/produkt\\\/postbio-cream-for-the-balance-of-sensitive-skin-50ml\\\/#primaryimage\",\"url\":\"https:\\\/\\\/zkeshop.sk\\\/wp-content\\\/uploads\\\/2023\\\/06\\\/postBIO-spolocna-Web_NOVE-LOGO-e1707051801793.jpg\",\"contentUrl\":\"https:\\\/\\\/zkeshop.sk\\\/wp-content\\\/uploads\\\/2023\\\/06\\\/postBIO-spolocna-Web_NOVE-LOGO-e1707051801793.jpg\",\"width\":2560,\"height\":1709,\"caption\":\"Predstavujeme v\u00e1m postBio kr\u00e9m pre rovnov\u00e1hu citlivej pleti ktor\u00fd v\u00e1m pom\u00f4\u017ee vyrovna\u0165 sa s nepr\u00edjemn\u00fdm za\u010dervenan\u00edm a udr\u017ea\u0165 va\u0161u ple\u0165 zdrav\u00fa a \u017eiariv\u00fa.\"},{\"@type\":\"BreadcrumbList\",\"@id\":\"https:\\\/\\\/zkeshop.sk\\\/en\\\/produkt\\\/postbio-cream-for-the-balance-of-sensitive-skin-50ml\\\/#breadcrumb\",\"itemListElement\":[{\"@type\":\"ListItem\",\"position\":1,\"name\":\"Home\",\"item\":\"https:\\\/\\\/zkeshop.sk\\\/\"},{\"@type\":\"ListItem\",\"position\":2,\"name\":\"Shop\",\"item\":\"https:\\\/\\\/zkeshop.sk\\\/obchod\\\/\"},{\"@type\":\"ListItem\",\"position\":3,\"name\":\"postBIO &#8211; cream for the balance of sensitive skin 50ml\"}]},{\"@type\":\"WebSite\",\"@id\":\"https:\\\/\\\/zkeshop.sk\\\/#website\",\"url\":\"https:\\\/\\\/zkeshop.sk\\\/\",\"name\":\"ZK company\",\"description\":\"Kvalitn\u00e1 kozmetika pre ka\u017edodenn\u00e9 pou\u017eitie\",\"potentialAction\":[{\"@type\":\"SearchAction\",\"target\":{\"@type\":\"EntryPoint\",\"urlTemplate\":\"https:\\\/\\\/zkeshop.sk\\\/?s={search_term_string}\"},\"query-input\":{\"@type\":\"PropertyValueSpecification\",\"valueRequired\":true,\"valueName\":\"search_term_string\"}}],\"inLanguage\":\"en-US\"}]}<\/script>\n<meta property=\"product:price:amount\" content=\"32.00\" \/>\n<meta property=\"product:price:currency\" content=\"EUR\" \/>\n<meta property=\"og:availability\" content=\"out of stock\" \/>\n<meta property=\"product:availability\" content=\"out of stock\" \/>\n<meta property=\"product:condition\" content=\"new\" \/>\n<!-- \/ Yoast SEO Premium plugin. -->","yoast_head_json":{"title":"postBIO - cream for the balance of sensitive skin 50ml - ZK company","description":"Introducing the postBio Sensitive Skin Balance Cream to help you deal with uncomfortable redness and keep your skin healthy and radiant.","robots":{"index":"index","follow":"follow","max-snippet":"max-snippet:-1","max-image-preview":"max-image-preview:large","max-video-preview":"max-video-preview:-1"},"canonical":"https:\/\/zkeshop.sk\/en\/produkt\/postbio-cream-for-the-balance-of-sensitive-skin-50ml\/","og_locale":"en_US","og_type":"article","og_title":"postBIO - cream for the balance of sensitive skin 50ml","og_description":"Introducing the postBio Sensitive Skin Balance Cream to help you deal with uncomfortable redness and keep your skin healthy and radiant.","og_url":"https:\/\/zkeshop.sk\/en\/produkt\/postbio-cream-for-the-balance-of-sensitive-skin-50ml\/","og_site_name":"ZK company","article_modified_time":"2025-10-09T10:57:56+00:00","og_image":[{"width":2560,"height":1709,"url":"https:\/\/zkeshop.sk\/wp-content\/uploads\/2023\/06\/postBIO-spolocna-Web_NOVE-LOGO-e1707051801793.jpg","type":"image\/jpeg"}],"twitter_card":"summary_large_image","twitter_misc":{"Price":"32,00&nbsp;&euro;","Availability":"Out of stock"},"schema":{"@context":"https:\/\/schema.org","@graph":[{"@type":"WebPage","@id":"https:\/\/zkeshop.sk\/en\/produkt\/postbio-cream-for-the-balance-of-sensitive-skin-50ml\/","url":"https:\/\/zkeshop.sk\/en\/produkt\/postbio-cream-for-the-balance-of-sensitive-skin-50ml\/","name":"postBIO - cream for the balance of sensitive skin 50ml - ZK company","isPartOf":{"@id":"https:\/\/zkeshop.sk\/#website"},"primaryImageOfPage":{"@id":"https:\/\/zkeshop.sk\/en\/produkt\/postbio-cream-for-the-balance-of-sensitive-skin-50ml\/#primaryimage"},"image":{"@id":"https:\/\/zkeshop.sk\/en\/produkt\/postbio-cream-for-the-balance-of-sensitive-skin-50ml\/#primaryimage"},"thumbnailUrl":"https:\/\/zkeshop.sk\/wp-content\/uploads\/2023\/06\/postBIO-spolocna-Web_NOVE-LOGO-e1707051801793.jpg","datePublished":"2023-06-20T18:08:25+00:00","dateModified":"2025-10-09T10:57:56+00:00","description":"Introducing the postBio Sensitive Skin Balance Cream to help you deal with uncomfortable redness and keep your skin healthy and radiant.","breadcrumb":{"@id":"https:\/\/zkeshop.sk\/en\/produkt\/postbio-cream-for-the-balance-of-sensitive-skin-50ml\/#breadcrumb"},"inLanguage":"en-US","potentialAction":[{"@type":"ReadAction","target":["https:\/\/zkeshop.sk\/en\/produkt\/postbio-cream-for-the-balance-of-sensitive-skin-50ml\/"]}]},{"@type":"ImageObject","inLanguage":"en-US","@id":"https:\/\/zkeshop.sk\/en\/produkt\/postbio-cream-for-the-balance-of-sensitive-skin-50ml\/#primaryimage","url":"https:\/\/zkeshop.sk\/wp-content\/uploads\/2023\/06\/postBIO-spolocna-Web_NOVE-LOGO-e1707051801793.jpg","contentUrl":"https:\/\/zkeshop.sk\/wp-content\/uploads\/2023\/06\/postBIO-spolocna-Web_NOVE-LOGO-e1707051801793.jpg","width":2560,"height":1709,"caption":"Predstavujeme v\u00e1m postBio kr\u00e9m pre rovnov\u00e1hu citlivej pleti ktor\u00fd v\u00e1m pom\u00f4\u017ee vyrovna\u0165 sa s nepr\u00edjemn\u00fdm za\u010dervenan\u00edm a udr\u017ea\u0165 va\u0161u ple\u0165 zdrav\u00fa a \u017eiariv\u00fa."},{"@type":"BreadcrumbList","@id":"https:\/\/zkeshop.sk\/en\/produkt\/postbio-cream-for-the-balance-of-sensitive-skin-50ml\/#breadcrumb","itemListElement":[{"@type":"ListItem","position":1,"name":"Home","item":"https:\/\/zkeshop.sk\/"},{"@type":"ListItem","position":2,"name":"Shop","item":"https:\/\/zkeshop.sk\/obchod\/"},{"@type":"ListItem","position":3,"name":"postBIO &#8211; cream for the balance of sensitive skin 50ml"}]},{"@type":"WebSite","@id":"https:\/\/zkeshop.sk\/#website","url":"https:\/\/zkeshop.sk\/","name":"ZK company","description":"Kvalitn\u00e1 kozmetika pre ka\u017edodenn\u00e9 pou\u017eitie","potentialAction":[{"@type":"SearchAction","target":{"@type":"EntryPoint","urlTemplate":"https:\/\/zkeshop.sk\/?s={search_term_string}"},"query-input":{"@type":"PropertyValueSpecification","valueRequired":true,"valueName":"search_term_string"}}],"inLanguage":"en-US"}]},"product_price_amount":"32.00","product_price_currency":"EUR","og_availability":"out of stock","product_availability":"out of stock","product_condition":"new"},"_links":{"self":[{"href":"https:\/\/zkeshop.sk\/en\/wp-json\/wp\/v2\/product\/11726","targetHints":{"allow":["GET"]}}],"collection":[{"href":"https:\/\/zkeshop.sk\/en\/wp-json\/wp\/v2\/product"}],"about":[{"href":"https:\/\/zkeshop.sk\/en\/wp-json\/wp\/v2\/types\/product"}],"replies":[{"embeddable":true,"href":"https:\/\/zkeshop.sk\/en\/wp-json\/wp\/v2\/comments?post=11726"}],"version-history":[{"count":0,"href":"https:\/\/zkeshop.sk\/en\/wp-json\/wp\/v2\/product\/11726\/revisions"}],"wp:featuredmedia":[{"embeddable":true,"href":"https:\/\/zkeshop.sk\/en\/wp-json\/wp\/v2\/media\/12525"}],"wp:attachment":[{"href":"https:\/\/zkeshop.sk\/en\/wp-json\/wp\/v2\/media?parent=11726"}],"wp:term":[{"taxonomy":"product_brand","embeddable":true,"href":"https:\/\/zkeshop.sk\/en\/wp-json\/wp\/v2\/product_brand?post=11726"},{"taxonomy":"product_cat","embeddable":true,"href":"https:\/\/zkeshop.sk\/en\/wp-json\/wp\/v2\/product_cat?post=11726"},{"taxonomy":"product_tag","embeddable":true,"href":"https:\/\/zkeshop.sk\/en\/wp-json\/wp\/v2\/product_tag?post=11726"}],"curies":[{"name":"wp","href":"https:\/\/api.w.org\/{rel}","templated":true}]}}