{"id":12013,"date":"2023-10-12T15:53:11","date_gmt":"2023-10-12T13:53:11","guid":{"rendered":"https:\/\/zkeshop.sk\/?post_type=product&#038;p=12013"},"modified":"2025-03-03T10:29:10","modified_gmt":"2025-03-03T09:29:10","slug":"chlorella-spirulina-zk-company","status":"publish","type":"product","link":"https:\/\/zkeshop.sk\/en\/produkt\/chlorella-spirulina-zk-company\/","title":{"rendered":"ZK Chlorella Spirulina 150 tablets"},"content":{"rendered":"<p><strong>Chlorella Spirulina<\/strong>: Natural Sources of Health and Vitality<\/p>\n<p><strong>Chlorella Spirulina<\/strong> &#8211; are two amazing natural superfoods, which together make a powerful combination for your health. This superfood is rich in fibre and contains a wide range of vitamins, minerals and other natural substances. This means your body receives the beneficial ingredients in their natural state, not in synthetically produced forms. These superfoods support a strong immune system and your body&#8217;s natural defenses, which is key to maintaining health.   <\/p>\n<p><strong>Chlorella Spirulina<\/strong> tablets contain a special strain of Chlorella vulgaris, which is grown in modern closed tanks using the so-called heterotrophic method. <\/p>\n<p>Why reach for <strong>Chlorella Spirulina <\/strong>:<\/p>\n<ul>\n<li><strong>Digestive support<\/strong>: both algae together contribute to proper digestion, ensuring that your body receives maximum nutrition from food.<\/li>\n<li><strong>Detoxifying the Body<\/strong>: <strong>Chlorella<\/strong> has the ability to absorb toxins from the body, thus contributing to its cleansing and increased vitality.<\/li>\n<li><strong>Weight Control<\/strong>: <strong>Spirulina<\/strong> is your ally in the weight control journey and supports the weight loss process.<\/li>\n<li><strong>Healthy Blood Sugar Levels<\/strong>: <strong>Spirulina<\/strong> is involved in maintaining normal blood sugar levels.<\/li>\n<\/ul>\n<p>Reach for <strong>Chlorella and Spirulina<\/strong> and invest in your health today!<\/p>\n<hr>\n<p><strong>Ingredients per 1 tablet<\/strong>: chlorella 375 mg., spirulina 360 mg.<\/p>\n<p><strong>Dosage:<\/strong> 3 &#8211; 5 tablets per day<\/p>\n<p><strong>Package<\/strong>: 150 tablets<\/p>\n<p><strong>Please note:<\/strong><br \/>\nThe established recommended daily dose must not be exceeded. The dietary supplement must not be used as a substitute for a varied and varied diet! Not suitable for children, pregnant and breastfeeding women.   Keep out of the reach of children.<\/p>\n<p>Store in a dry place at a temperature below 25 \u00b0C.<\/p>\n","protected":false},"excerpt":{"rendered":"<h4><strong><span style=\"color: #ff0000;\">3+1 FREE ACTION. Put 3 products in your cart and you automatically get the fourth one for FREE. <\/span><\/strong><\/h4>\n<ul>\n<li>Digestive support: both algae together contribute to proper digestion<\/li>\n<li>Chlorella has the ability to absorb toxins from the body, thus contributing to its cleansing and increased vitality.<\/li>\n<li>Spirulina: weight control<\/li>\n<li>Spirulina is involved in maintaining normal blood sugar levels.<\/li>\n<\/ul>\n<p>These algae are rich in fibre and contain a wide range of vitamins, minerals and other natural substances. This means that your body receives the beneficial ingredients in their natural state, not in synthetically produced forms. <\/p>\n","protected":false},"featured_media":12016,"comment_status":"open","ping_status":"closed","template":"","meta":[],"product_brand":[],"product_cat":[91,121],"product_tag":[],"class_list":{"0":"post-12013","1":"product","2":"type-product","3":"status-publish","4":"has-post-thumbnail","6":"product_cat-nutritional-supplements","7":"product_cat-nutritional-supplements-for-adults","9":"first","10":"instock","11":"taxable","12":"shipping-taxable","13":"purchasable","14":"product-type-simple"},"yoast_head":"<!-- This site is optimized with the Yoast SEO Premium plugin v27.3 (Yoast SEO v27.3) - https:\/\/yoast.com\/product\/yoast-seo-premium-wordpress\/ -->\n<title>Chlorella Spirulina - ZK company<\/title>\n<meta name=\"description\" content=\"The natural power of Chlorella Spirulina ZK - supporting immunity, digestion, detoxification and overall health. Your way to health with superfoods.\" \/>\n<meta name=\"robots\" content=\"index, follow, max-snippet:-1, max-image-preview:large, max-video-preview:-1\" \/>\n<link rel=\"canonical\" href=\"https:\/\/zkeshop.sk\/en\/produkt\/chlorella-spirulina-zk-company\/\" \/>\n<meta property=\"og:locale\" content=\"en_US\" \/>\n<meta property=\"og:type\" content=\"article\" \/>\n<meta property=\"og:title\" content=\"ZK Chlorella Spirulina 150 tablets\" \/>\n<meta property=\"og:description\" content=\"The natural power of Chlorella Spirulina ZK - supporting immunity, digestion, detoxification and overall health. Your way to health with superfoods.\" \/>\n<meta property=\"og:url\" content=\"https:\/\/zkeshop.sk\/en\/produkt\/chlorella-spirulina-zk-company\/\" \/>\n<meta property=\"og:site_name\" content=\"ZK company\" \/>\n<meta property=\"article:modified_time\" content=\"2025-03-03T09:29:10+00:00\" \/>\n<meta property=\"og:image\" content=\"https:\/\/zkeshop.sk\/wp-content\/uploads\/2023\/10\/Chlorella-spirulina-WEB-e1697118664426.jpg\" \/>\n\t<meta property=\"og:image:width\" content=\"1709\" \/>\n\t<meta property=\"og:image:height\" content=\"2560\" \/>\n\t<meta property=\"og:image:type\" content=\"image\/jpeg\" \/>\n<meta name=\"twitter:card\" content=\"summary_large_image\" \/>\n<meta name=\"twitter:label1\" content=\"Price\" \/>\n\t<meta name=\"twitter:data1\" content=\"14,90&nbsp;&euro;\" \/>\n\t<meta name=\"twitter:label2\" content=\"Availability\" \/>\n\t<meta name=\"twitter:data2\" content=\"In stock\" \/>\n<script type=\"application\/ld+json\" class=\"yoast-schema-graph\">{\"@context\":\"https:\\\/\\\/schema.org\",\"@graph\":[{\"@type\":\"WebPage\",\"@id\":\"https:\\\/\\\/zkeshop.sk\\\/en\\\/produkt\\\/chlorella-spirulina-zk-company\\\/\",\"url\":\"https:\\\/\\\/zkeshop.sk\\\/en\\\/produkt\\\/chlorella-spirulina-zk-company\\\/\",\"name\":\"Chlorella Spirulina - ZK company\",\"isPartOf\":{\"@id\":\"https:\\\/\\\/zkeshop.sk\\\/#website\"},\"primaryImageOfPage\":{\"@id\":\"https:\\\/\\\/zkeshop.sk\\\/en\\\/produkt\\\/chlorella-spirulina-zk-company\\\/#primaryimage\"},\"image\":{\"@id\":\"https:\\\/\\\/zkeshop.sk\\\/en\\\/produkt\\\/chlorella-spirulina-zk-company\\\/#primaryimage\"},\"thumbnailUrl\":\"https:\\\/\\\/zkeshop.sk\\\/wp-content\\\/uploads\\\/2023\\\/10\\\/Chlorella-spirulina-WEB-e1697118664426.jpg\",\"datePublished\":\"2023-10-12T13:53:11+00:00\",\"dateModified\":\"2025-03-03T09:29:10+00:00\",\"description\":\"The natural power of Chlorella Spirulina ZK - supporting immunity, digestion, detoxification and overall health. Your way to health with superfoods.\",\"breadcrumb\":{\"@id\":\"https:\\\/\\\/zkeshop.sk\\\/en\\\/produkt\\\/chlorella-spirulina-zk-company\\\/#breadcrumb\"},\"inLanguage\":\"en-US\",\"potentialAction\":[{\"@type\":\"ReadAction\",\"target\":[\"https:\\\/\\\/zkeshop.sk\\\/en\\\/produkt\\\/chlorella-spirulina-zk-company\\\/\"]}]},{\"@type\":\"ImageObject\",\"inLanguage\":\"en-US\",\"@id\":\"https:\\\/\\\/zkeshop.sk\\\/en\\\/produkt\\\/chlorella-spirulina-zk-company\\\/#primaryimage\",\"url\":\"https:\\\/\\\/zkeshop.sk\\\/wp-content\\\/uploads\\\/2023\\\/10\\\/Chlorella-spirulina-WEB-e1697118664426.jpg\",\"contentUrl\":\"https:\\\/\\\/zkeshop.sk\\\/wp-content\\\/uploads\\\/2023\\\/10\\\/Chlorella-spirulina-WEB-e1697118664426.jpg\",\"width\":1709,\"height\":2560,\"caption\":\"Pr\u00edrodn\u00e1 sila Chlorella Spirulina ZK - podpora imunity, tr\u00e1venia, detoxik\u00e1cia a celkov\u00e9 zdravie. Va\u0161a cesta k zdraviu so superpotravinami.\"},{\"@type\":\"BreadcrumbList\",\"@id\":\"https:\\\/\\\/zkeshop.sk\\\/en\\\/produkt\\\/chlorella-spirulina-zk-company\\\/#breadcrumb\",\"itemListElement\":[{\"@type\":\"ListItem\",\"position\":1,\"name\":\"Home\",\"item\":\"https:\\\/\\\/zkeshop.sk\\\/\"},{\"@type\":\"ListItem\",\"position\":2,\"name\":\"Shop\",\"item\":\"https:\\\/\\\/zkeshop.sk\\\/obchod\\\/\"},{\"@type\":\"ListItem\",\"position\":3,\"name\":\"ZK Chlorella Spirulina 150 tablets\"}]},{\"@type\":\"WebSite\",\"@id\":\"https:\\\/\\\/zkeshop.sk\\\/#website\",\"url\":\"https:\\\/\\\/zkeshop.sk\\\/\",\"name\":\"ZK company\",\"description\":\"Kvalitn\u00e1 kozmetika pre ka\u017edodenn\u00e9 pou\u017eitie\",\"potentialAction\":[{\"@type\":\"SearchAction\",\"target\":{\"@type\":\"EntryPoint\",\"urlTemplate\":\"https:\\\/\\\/zkeshop.sk\\\/?s={search_term_string}\"},\"query-input\":{\"@type\":\"PropertyValueSpecification\",\"valueRequired\":true,\"valueName\":\"search_term_string\"}}],\"inLanguage\":\"en-US\"}]}<\/script>\n<meta property=\"product:price:amount\" content=\"14.90\" \/>\n<meta property=\"product:price:currency\" content=\"EUR\" \/>\n<meta property=\"og:availability\" content=\"instock\" \/>\n<meta property=\"product:availability\" content=\"instock\" \/>\n<meta property=\"product:condition\" content=\"new\" \/>\n<!-- \/ Yoast SEO Premium plugin. -->","yoast_head_json":{"title":"Chlorella Spirulina - ZK company","description":"The natural power of Chlorella Spirulina ZK - supporting immunity, digestion, detoxification and overall health. Your way to health with superfoods.","robots":{"index":"index","follow":"follow","max-snippet":"max-snippet:-1","max-image-preview":"max-image-preview:large","max-video-preview":"max-video-preview:-1"},"canonical":"https:\/\/zkeshop.sk\/en\/produkt\/chlorella-spirulina-zk-company\/","og_locale":"en_US","og_type":"article","og_title":"ZK Chlorella Spirulina 150 tablets","og_description":"The natural power of Chlorella Spirulina ZK - supporting immunity, digestion, detoxification and overall health. Your way to health with superfoods.","og_url":"https:\/\/zkeshop.sk\/en\/produkt\/chlorella-spirulina-zk-company\/","og_site_name":"ZK company","article_modified_time":"2025-03-03T09:29:10+00:00","og_image":[{"width":1709,"height":2560,"url":"https:\/\/zkeshop.sk\/wp-content\/uploads\/2023\/10\/Chlorella-spirulina-WEB-e1697118664426.jpg","type":"image\/jpeg"}],"twitter_card":"summary_large_image","twitter_misc":{"Price":"14,90&nbsp;&euro;","Availability":"In stock"},"schema":{"@context":"https:\/\/schema.org","@graph":[{"@type":"WebPage","@id":"https:\/\/zkeshop.sk\/en\/produkt\/chlorella-spirulina-zk-company\/","url":"https:\/\/zkeshop.sk\/en\/produkt\/chlorella-spirulina-zk-company\/","name":"Chlorella Spirulina - ZK company","isPartOf":{"@id":"https:\/\/zkeshop.sk\/#website"},"primaryImageOfPage":{"@id":"https:\/\/zkeshop.sk\/en\/produkt\/chlorella-spirulina-zk-company\/#primaryimage"},"image":{"@id":"https:\/\/zkeshop.sk\/en\/produkt\/chlorella-spirulina-zk-company\/#primaryimage"},"thumbnailUrl":"https:\/\/zkeshop.sk\/wp-content\/uploads\/2023\/10\/Chlorella-spirulina-WEB-e1697118664426.jpg","datePublished":"2023-10-12T13:53:11+00:00","dateModified":"2025-03-03T09:29:10+00:00","description":"The natural power of Chlorella Spirulina ZK - supporting immunity, digestion, detoxification and overall health. Your way to health with superfoods.","breadcrumb":{"@id":"https:\/\/zkeshop.sk\/en\/produkt\/chlorella-spirulina-zk-company\/#breadcrumb"},"inLanguage":"en-US","potentialAction":[{"@type":"ReadAction","target":["https:\/\/zkeshop.sk\/en\/produkt\/chlorella-spirulina-zk-company\/"]}]},{"@type":"ImageObject","inLanguage":"en-US","@id":"https:\/\/zkeshop.sk\/en\/produkt\/chlorella-spirulina-zk-company\/#primaryimage","url":"https:\/\/zkeshop.sk\/wp-content\/uploads\/2023\/10\/Chlorella-spirulina-WEB-e1697118664426.jpg","contentUrl":"https:\/\/zkeshop.sk\/wp-content\/uploads\/2023\/10\/Chlorella-spirulina-WEB-e1697118664426.jpg","width":1709,"height":2560,"caption":"Pr\u00edrodn\u00e1 sila Chlorella Spirulina ZK - podpora imunity, tr\u00e1venia, detoxik\u00e1cia a celkov\u00e9 zdravie. Va\u0161a cesta k zdraviu so superpotravinami."},{"@type":"BreadcrumbList","@id":"https:\/\/zkeshop.sk\/en\/produkt\/chlorella-spirulina-zk-company\/#breadcrumb","itemListElement":[{"@type":"ListItem","position":1,"name":"Home","item":"https:\/\/zkeshop.sk\/"},{"@type":"ListItem","position":2,"name":"Shop","item":"https:\/\/zkeshop.sk\/obchod\/"},{"@type":"ListItem","position":3,"name":"ZK Chlorella Spirulina 150 tablets"}]},{"@type":"WebSite","@id":"https:\/\/zkeshop.sk\/#website","url":"https:\/\/zkeshop.sk\/","name":"ZK company","description":"Kvalitn\u00e1 kozmetika pre ka\u017edodenn\u00e9 pou\u017eitie","potentialAction":[{"@type":"SearchAction","target":{"@type":"EntryPoint","urlTemplate":"https:\/\/zkeshop.sk\/?s={search_term_string}"},"query-input":{"@type":"PropertyValueSpecification","valueRequired":true,"valueName":"search_term_string"}}],"inLanguage":"en-US"}]},"product_price_amount":"14.90","product_price_currency":"EUR","og_availability":"instock","product_availability":"instock","product_condition":"new"},"_links":{"self":[{"href":"https:\/\/zkeshop.sk\/en\/wp-json\/wp\/v2\/product\/12013","targetHints":{"allow":["GET"]}}],"collection":[{"href":"https:\/\/zkeshop.sk\/en\/wp-json\/wp\/v2\/product"}],"about":[{"href":"https:\/\/zkeshop.sk\/en\/wp-json\/wp\/v2\/types\/product"}],"replies":[{"embeddable":true,"href":"https:\/\/zkeshop.sk\/en\/wp-json\/wp\/v2\/comments?post=12013"}],"version-history":[{"count":0,"href":"https:\/\/zkeshop.sk\/en\/wp-json\/wp\/v2\/product\/12013\/revisions"}],"wp:featuredmedia":[{"embeddable":true,"href":"https:\/\/zkeshop.sk\/en\/wp-json\/wp\/v2\/media\/12016"}],"wp:attachment":[{"href":"https:\/\/zkeshop.sk\/en\/wp-json\/wp\/v2\/media?parent=12013"}],"wp:term":[{"taxonomy":"product_brand","embeddable":true,"href":"https:\/\/zkeshop.sk\/en\/wp-json\/wp\/v2\/product_brand?post=12013"},{"taxonomy":"product_cat","embeddable":true,"href":"https:\/\/zkeshop.sk\/en\/wp-json\/wp\/v2\/product_cat?post=12013"},{"taxonomy":"product_tag","embeddable":true,"href":"https:\/\/zkeshop.sk\/en\/wp-json\/wp\/v2\/product_tag?post=12013"}],"curies":[{"name":"wp","href":"https:\/\/api.w.org\/{rel}","templated":true}]}}