{"id":12029,"date":"2023-10-12T16:10:38","date_gmt":"2023-10-12T14:10:38","guid":{"rendered":"https:\/\/zkeshop.sk\/?post_type=product&#038;p=12029"},"modified":"2025-06-21T12:03:15","modified_gmt":"2025-06-21T10:03:15","slug":"zinok-selen-zk-company","status":"publish","type":"product","link":"https:\/\/zkeshop.sk\/en\/produkt\/zinok-selen-zk-company\/","title":{"rendered":"ZK Zinc Selenium 100 tablets"},"content":{"rendered":"<p><strong>ZK &#8211; Zinc Selenium<\/strong> is a nutritional supplement that has been designed to support your overall health and beauty. This unique formulation contains two key minerals &#8211; <strong>ZINC<\/strong> <strong>and<\/strong> <strong>SELENIUM<\/strong> &#8211; that have a positive impact on multiple aspects of your body. <\/p>\n<p><strong>Zinc<\/strong> is an invaluable element in supporting your immune system and protecting against oxidative stress. In addition, zinc promotes healthy skin. For men, it is also important in maintaining normal testosterone levels in the blood.  <\/p>\n<p><strong>Selenium<\/strong> is another component of this dietary supplement that contributes to proper spermatogenesis, promotes healthy <strong>hair<\/strong> and <strong>nails<\/strong>, and plays a key role in supporting your immune system and thyroid. In addition, it helps in protecting your cells from oxidative stress. <\/p>\n<p>Incorporate this combination of <strong>zinc<\/strong> and <strong>selenium<\/strong> into your daily routine and experience its positive impact on your health and beauty.<\/p>\n<p>ZK company &#8211; Your way to health and beauty, in a simple and effective form.<\/p>\n<p><strong>Ingredients of 1 tablet: <\/strong>zinc in the form of zinc gluconate 15 mg pure zinc (150 % RH), selenium in the form of sodium selenite 50 \u00b5g pure selenium \/91 % RH\/<\/p>\n<p><strong>Package<\/strong>: 100 tablets<\/p>\n<p><strong>Dosage: <\/strong>1 tablet per day always after meals with plenty of water.<\/p>\n<p><strong>Note<\/strong>: The established recommended daily dose must not be exceeded! The dietary supplement must not be used as a substitute for a varied and varied diet!  Not suitable for children under 3 years of age.<\/p>\n<p>It is recommended to store the dietary supplement out of the reach of small children.<\/p>\n<p>Store in a dry place at a temperature below 25 \u00b0C.<\/p>\n","protected":false},"excerpt":{"rendered":"<h4><strong><span style=\"color: #ff0000;\">3+1 FREE ACTION. Put 3 products in your cart and you automatically get the fourth one for FREE. <\/span><\/strong><\/h4>\n<ul>\n<li>contributes to the proper functioning of <strong>the immune system<\/strong><\/li>\n<li>supply <strong>hair, nails<\/strong> and skin with essential nutrients<\/li>\n<li>support the maintenance of normal <strong>nails, hair and skin<\/strong><\/li>\n<li>helps to <strong>reduce the level of fatigue<\/strong> and exhaustion<\/li>\n<li>contribute to the protection of cells against <strong>oxidative stress<\/strong><\/li>\n<li>prevent splitting and breaking of nails<\/li>\n<li>contributes to the maintenance of <strong>good eyesight<\/strong><\/li>\n<li>contributes to <strong>proper spermatogenesis<\/strong><\/li>\n<li>contributes to the proper functioning of <strong>the thyroid gland<\/strong><\/li>\n<\/ul>\n","protected":false},"featured_media":12032,"comment_status":"open","ping_status":"closed","template":"","meta":[],"product_brand":[],"product_cat":[91,121],"product_tag":[],"class_list":{"0":"post-12029","1":"product","2":"type-product","3":"status-publish","4":"has-post-thumbnail","6":"product_cat-nutritional-supplements","7":"product_cat-nutritional-supplements-for-adults","9":"first","10":"instock","11":"taxable","12":"shipping-taxable","13":"purchasable","14":"product-type-simple"},"yoast_head":"<!-- This site is optimized with the Yoast SEO Premium plugin v27.3 (Yoast SEO v27.3) - https:\/\/yoast.com\/product\/yoast-seo-premium-wordpress\/ -->\n<title>Zinok Sel\u00e9n - ZK company<\/title>\n<meta name=\"description\" content=\"Our Zinc Selenium ZK company formula provides protection against oxidative stress, supports the immune system and keeps your skin healthy and beautiful.\" \/>\n<meta name=\"robots\" content=\"index, follow, max-snippet:-1, max-image-preview:large, max-video-preview:-1\" \/>\n<link rel=\"canonical\" href=\"https:\/\/zkeshop.sk\/en\/produkt\/zinok-selen-zk-company\/\" \/>\n<meta property=\"og:locale\" content=\"en_US\" \/>\n<meta property=\"og:type\" content=\"article\" \/>\n<meta property=\"og:title\" content=\"ZK Zinc Selenium 100 tablets\" \/>\n<meta property=\"og:description\" content=\"Our Zinc Selenium ZK company formula provides protection against oxidative stress, supports the immune system and keeps your skin healthy and beautiful.\" \/>\n<meta property=\"og:url\" content=\"https:\/\/zkeshop.sk\/en\/produkt\/zinok-selen-zk-company\/\" \/>\n<meta property=\"og:site_name\" content=\"ZK company\" \/>\n<meta property=\"article:modified_time\" content=\"2025-06-21T10:03:15+00:00\" \/>\n<meta property=\"og:image\" content=\"https:\/\/zkeshop.sk\/wp-content\/uploads\/2023\/10\/Zinok-Selen-WEB-e1697186207248.jpg\" \/>\n\t<meta property=\"og:image:width\" content=\"1709\" \/>\n\t<meta property=\"og:image:height\" content=\"2560\" \/>\n\t<meta property=\"og:image:type\" content=\"image\/jpeg\" \/>\n<meta name=\"twitter:card\" content=\"summary_large_image\" \/>\n<meta name=\"twitter:label1\" content=\"Price\" \/>\n\t<meta name=\"twitter:data1\" content=\"7,50&nbsp;&euro;\" \/>\n\t<meta name=\"twitter:label2\" content=\"Availability\" \/>\n\t<meta name=\"twitter:data2\" content=\"In stock\" \/>\n<script type=\"application\/ld+json\" class=\"yoast-schema-graph\">{\"@context\":\"https:\\\/\\\/schema.org\",\"@graph\":[{\"@type\":\"WebPage\",\"@id\":\"https:\\\/\\\/zkeshop.sk\\\/en\\\/produkt\\\/zinok-selen-zk-company\\\/\",\"url\":\"https:\\\/\\\/zkeshop.sk\\\/en\\\/produkt\\\/zinok-selen-zk-company\\\/\",\"name\":\"Zinok Sel\u00e9n - ZK company\",\"isPartOf\":{\"@id\":\"https:\\\/\\\/zkeshop.sk\\\/#website\"},\"primaryImageOfPage\":{\"@id\":\"https:\\\/\\\/zkeshop.sk\\\/en\\\/produkt\\\/zinok-selen-zk-company\\\/#primaryimage\"},\"image\":{\"@id\":\"https:\\\/\\\/zkeshop.sk\\\/en\\\/produkt\\\/zinok-selen-zk-company\\\/#primaryimage\"},\"thumbnailUrl\":\"https:\\\/\\\/zkeshop.sk\\\/wp-content\\\/uploads\\\/2023\\\/10\\\/Zinok-Selen-WEB-e1697186207248.jpg\",\"datePublished\":\"2023-10-12T14:10:38+00:00\",\"dateModified\":\"2025-06-21T10:03:15+00:00\",\"description\":\"Our Zinc Selenium ZK company formula provides protection against oxidative stress, supports the immune system and keeps your skin healthy and beautiful.\",\"breadcrumb\":{\"@id\":\"https:\\\/\\\/zkeshop.sk\\\/en\\\/produkt\\\/zinok-selen-zk-company\\\/#breadcrumb\"},\"inLanguage\":\"en-US\",\"potentialAction\":[{\"@type\":\"ReadAction\",\"target\":[\"https:\\\/\\\/zkeshop.sk\\\/en\\\/produkt\\\/zinok-selen-zk-company\\\/\"]}]},{\"@type\":\"ImageObject\",\"inLanguage\":\"en-US\",\"@id\":\"https:\\\/\\\/zkeshop.sk\\\/en\\\/produkt\\\/zinok-selen-zk-company\\\/#primaryimage\",\"url\":\"https:\\\/\\\/zkeshop.sk\\\/wp-content\\\/uploads\\\/2023\\\/10\\\/Zinok-Selen-WEB-e1697186207248.jpg\",\"contentUrl\":\"https:\\\/\\\/zkeshop.sk\\\/wp-content\\\/uploads\\\/2023\\\/10\\\/Zinok-Selen-WEB-e1697186207248.jpg\",\"width\":1709,\"height\":2560,\"caption\":\"Na\u0161a formula Zinok Sel\u00e9n ZK company poskytuje ochranu pred oxida\u010dn\u00fdm stresom, podporuje imunitn\u00fd syst\u00e9m a udr\u017euje va\u0161u zdrav\u00fa a kr\u00e1snu poko\u017eku.\"},{\"@type\":\"BreadcrumbList\",\"@id\":\"https:\\\/\\\/zkeshop.sk\\\/en\\\/produkt\\\/zinok-selen-zk-company\\\/#breadcrumb\",\"itemListElement\":[{\"@type\":\"ListItem\",\"position\":1,\"name\":\"Home\",\"item\":\"https:\\\/\\\/zkeshop.sk\\\/\"},{\"@type\":\"ListItem\",\"position\":2,\"name\":\"Shop\",\"item\":\"https:\\\/\\\/zkeshop.sk\\\/obchod\\\/\"},{\"@type\":\"ListItem\",\"position\":3,\"name\":\"ZK Zinc Selenium 100 tablets\"}]},{\"@type\":\"WebSite\",\"@id\":\"https:\\\/\\\/zkeshop.sk\\\/#website\",\"url\":\"https:\\\/\\\/zkeshop.sk\\\/\",\"name\":\"ZK company\",\"description\":\"Kvalitn\u00e1 kozmetika pre ka\u017edodenn\u00e9 pou\u017eitie\",\"potentialAction\":[{\"@type\":\"SearchAction\",\"target\":{\"@type\":\"EntryPoint\",\"urlTemplate\":\"https:\\\/\\\/zkeshop.sk\\\/?s={search_term_string}\"},\"query-input\":{\"@type\":\"PropertyValueSpecification\",\"valueRequired\":true,\"valueName\":\"search_term_string\"}}],\"inLanguage\":\"en-US\"}]}<\/script>\n<meta property=\"product:price:amount\" content=\"7.50\" \/>\n<meta property=\"product:price:currency\" content=\"EUR\" \/>\n<meta property=\"og:availability\" content=\"instock\" \/>\n<meta property=\"product:availability\" content=\"instock\" \/>\n<meta property=\"product:condition\" content=\"new\" \/>\n<!-- \/ Yoast SEO Premium plugin. -->","yoast_head_json":{"title":"Zinok Sel\u00e9n - ZK company","description":"Our Zinc Selenium ZK company formula provides protection against oxidative stress, supports the immune system and keeps your skin healthy and beautiful.","robots":{"index":"index","follow":"follow","max-snippet":"max-snippet:-1","max-image-preview":"max-image-preview:large","max-video-preview":"max-video-preview:-1"},"canonical":"https:\/\/zkeshop.sk\/en\/produkt\/zinok-selen-zk-company\/","og_locale":"en_US","og_type":"article","og_title":"ZK Zinc Selenium 100 tablets","og_description":"Our Zinc Selenium ZK company formula provides protection against oxidative stress, supports the immune system and keeps your skin healthy and beautiful.","og_url":"https:\/\/zkeshop.sk\/en\/produkt\/zinok-selen-zk-company\/","og_site_name":"ZK company","article_modified_time":"2025-06-21T10:03:15+00:00","og_image":[{"width":1709,"height":2560,"url":"https:\/\/zkeshop.sk\/wp-content\/uploads\/2023\/10\/Zinok-Selen-WEB-e1697186207248.jpg","type":"image\/jpeg"}],"twitter_card":"summary_large_image","twitter_misc":{"Price":"7,50&nbsp;&euro;","Availability":"In stock"},"schema":{"@context":"https:\/\/schema.org","@graph":[{"@type":"WebPage","@id":"https:\/\/zkeshop.sk\/en\/produkt\/zinok-selen-zk-company\/","url":"https:\/\/zkeshop.sk\/en\/produkt\/zinok-selen-zk-company\/","name":"Zinok Sel\u00e9n - ZK company","isPartOf":{"@id":"https:\/\/zkeshop.sk\/#website"},"primaryImageOfPage":{"@id":"https:\/\/zkeshop.sk\/en\/produkt\/zinok-selen-zk-company\/#primaryimage"},"image":{"@id":"https:\/\/zkeshop.sk\/en\/produkt\/zinok-selen-zk-company\/#primaryimage"},"thumbnailUrl":"https:\/\/zkeshop.sk\/wp-content\/uploads\/2023\/10\/Zinok-Selen-WEB-e1697186207248.jpg","datePublished":"2023-10-12T14:10:38+00:00","dateModified":"2025-06-21T10:03:15+00:00","description":"Our Zinc Selenium ZK company formula provides protection against oxidative stress, supports the immune system and keeps your skin healthy and beautiful.","breadcrumb":{"@id":"https:\/\/zkeshop.sk\/en\/produkt\/zinok-selen-zk-company\/#breadcrumb"},"inLanguage":"en-US","potentialAction":[{"@type":"ReadAction","target":["https:\/\/zkeshop.sk\/en\/produkt\/zinok-selen-zk-company\/"]}]},{"@type":"ImageObject","inLanguage":"en-US","@id":"https:\/\/zkeshop.sk\/en\/produkt\/zinok-selen-zk-company\/#primaryimage","url":"https:\/\/zkeshop.sk\/wp-content\/uploads\/2023\/10\/Zinok-Selen-WEB-e1697186207248.jpg","contentUrl":"https:\/\/zkeshop.sk\/wp-content\/uploads\/2023\/10\/Zinok-Selen-WEB-e1697186207248.jpg","width":1709,"height":2560,"caption":"Na\u0161a formula Zinok Sel\u00e9n ZK company poskytuje ochranu pred oxida\u010dn\u00fdm stresom, podporuje imunitn\u00fd syst\u00e9m a udr\u017euje va\u0161u zdrav\u00fa a kr\u00e1snu poko\u017eku."},{"@type":"BreadcrumbList","@id":"https:\/\/zkeshop.sk\/en\/produkt\/zinok-selen-zk-company\/#breadcrumb","itemListElement":[{"@type":"ListItem","position":1,"name":"Home","item":"https:\/\/zkeshop.sk\/"},{"@type":"ListItem","position":2,"name":"Shop","item":"https:\/\/zkeshop.sk\/obchod\/"},{"@type":"ListItem","position":3,"name":"ZK Zinc Selenium 100 tablets"}]},{"@type":"WebSite","@id":"https:\/\/zkeshop.sk\/#website","url":"https:\/\/zkeshop.sk\/","name":"ZK company","description":"Kvalitn\u00e1 kozmetika pre ka\u017edodenn\u00e9 pou\u017eitie","potentialAction":[{"@type":"SearchAction","target":{"@type":"EntryPoint","urlTemplate":"https:\/\/zkeshop.sk\/?s={search_term_string}"},"query-input":{"@type":"PropertyValueSpecification","valueRequired":true,"valueName":"search_term_string"}}],"inLanguage":"en-US"}]},"product_price_amount":"7.50","product_price_currency":"EUR","og_availability":"instock","product_availability":"instock","product_condition":"new"},"_links":{"self":[{"href":"https:\/\/zkeshop.sk\/en\/wp-json\/wp\/v2\/product\/12029","targetHints":{"allow":["GET"]}}],"collection":[{"href":"https:\/\/zkeshop.sk\/en\/wp-json\/wp\/v2\/product"}],"about":[{"href":"https:\/\/zkeshop.sk\/en\/wp-json\/wp\/v2\/types\/product"}],"replies":[{"embeddable":true,"href":"https:\/\/zkeshop.sk\/en\/wp-json\/wp\/v2\/comments?post=12029"}],"version-history":[{"count":0,"href":"https:\/\/zkeshop.sk\/en\/wp-json\/wp\/v2\/product\/12029\/revisions"}],"wp:featuredmedia":[{"embeddable":true,"href":"https:\/\/zkeshop.sk\/en\/wp-json\/wp\/v2\/media\/12032"}],"wp:attachment":[{"href":"https:\/\/zkeshop.sk\/en\/wp-json\/wp\/v2\/media?parent=12029"}],"wp:term":[{"taxonomy":"product_brand","embeddable":true,"href":"https:\/\/zkeshop.sk\/en\/wp-json\/wp\/v2\/product_brand?post=12029"},{"taxonomy":"product_cat","embeddable":true,"href":"https:\/\/zkeshop.sk\/en\/wp-json\/wp\/v2\/product_cat?post=12029"},{"taxonomy":"product_tag","embeddable":true,"href":"https:\/\/zkeshop.sk\/en\/wp-json\/wp\/v2\/product_tag?post=12029"}],"curies":[{"name":"wp","href":"https:\/\/api.w.org\/{rel}","templated":true}]}}