{"id":12047,"date":"2023-10-12T17:51:13","date_gmt":"2023-10-12T15:51:13","guid":{"rendered":"https:\/\/zkeshop.sk\/produkt\/vitamin-d-4000-i-u-zk-company\/"},"modified":"2025-11-09T21:46:30","modified_gmt":"2025-11-09T20:46:30","slug":"vitamin-d-4000-i-u-zk-company","status":"publish","type":"product","link":"https:\/\/zkeshop.sk\/en\/produkt\/vitamin-d-4000-i-u-zk-company\/","title":{"rendered":"ZK Vitamin D 4000 I.U."},"content":{"rendered":"<h3><strong>Vitamin D 4000 I.U. The key to health and vitality<\/strong><\/h3>\n<hr>\n<p><strong><br \/>\nVitamin D<\/strong>, also known as the &#8220;sunshine vitamin&#8221;, plays a key role in maintaining health. Its deficiency can have a significant impact on our bodies and well-being. That&#8217;s where Vitamin D 4000 I.U. comes in, a powerful supplement that can help keep your health on track.  <\/p>\n<p><strong>Vitamin D<\/strong> has several important functions in the body. One of these is to promote healthy bones and teeth by helping the body absorb calcium. This is essential for the growth and maintenance of strong bones.  <\/p>\n<p>In addition, <strong>Vitamin D<\/strong> has a positive effect on the immune system. It helps the body to fight infections and keeps it in a dexterous state. This is especially important at a time when we are trying to strengthen our bodies.  <\/p>\n<p><strong>Vitamin D 4000 I.U<\/strong>. is a practical and effective way to ensure you are getting enough of this important vitamin. A strong dose of it can be particularly useful in the winter months when sunlight is limited. Just one tablet a day is all you need to ensure optimal intake.  <\/p>\n<p>Go to <strong>Vitamin D 4000 I.U.<\/strong> and do something for your health today. Your body will thank you for it <\/p>\n<p><strong>Benefits of our Vitamin D 4000 I.U.<\/strong>:<\/p>\n<ul>\n<li>Contributes to the natural absorption\/utilization of calcium and phosphorus.<\/li>\n<li>It contributes to the natural level of calcium in the blood.<\/li>\n<li>Contributes to the maintenance of healthy bones.<\/li>\n<li>Contributes to the maintenance of natural muscle activity.<\/li>\n<li>Contributes to the maintenance of healthy teeth.<\/li>\n<li>It contributes to the normal function of the immune system.<\/li>\n<li>Involved in the process of cell division<\/li>\n<\/ul>\n<p>Ingredients of 1 capsule: vitamin D3 (cholecalciferol) 4000 I.U. (100 \u03bcg, 2000% RH*), sunflower oil, gelatin, glycerin, water.<\/p>\n<p>RVH* &#8211; Reference Nutrition Value<\/p>\n<p><strong>Packaging:<\/strong> 60 capsules<\/p>\n<p><strong>Dosage: <\/strong><br \/>\n1 capsule daily, or every other day, with plenty of liquid.<\/p>\n<p><strong>Note:<\/strong> The established recommended daily dose must not be exceeded. Keep out of reach of small children. The product is not suitable for children under 3 years of age. Not to be used as a substitute for a varied diet. Does not contain preservatives, colourings or sugar. Store in a dry place, away from direct light and at a temperature below 25\u00b0C. Minimum durability until: indicated on the packaging      <\/p>\n<p>Nutritional supplement<\/p>\n","protected":false},"excerpt":{"rendered":"<h4><span style=\"color: #ff0000;\"><strong>3+1 FREE ACTION. Add 3 products to your cart and you automatically get the fourth one for FREE <\/strong>.<\/span><\/h4>\n<ul>\n<li><strong>up to 4000 I.U<\/strong>. in 1 capsule <\/li>\n<li>Contributes to the natural absorption\/utilization of calcium and phosphorus.<\/li>\n<li>It contributes <strong>to the natural level of calcium in the blood.<\/strong><\/li>\n<li>Contributes to the maintenance of<strong> healthy bones.<\/strong><\/li>\n<li>Contributes to the maintenance of natural muscle activity.<\/li>\n<li>Contributes to the maintenance of <strong>healthy teeth<\/strong>.<\/li>\n<li>It contributes <strong>to the normal function of the immune system.<\/strong><\/li>\n<li>Involved in the process of cell division<\/li>\n<\/ul>\n<p>&nbsp;<\/p>\n","protected":false},"featured_media":12045,"comment_status":"open","ping_status":"closed","template":"","meta":[],"product_brand":[],"product_cat":[91,121,117],"product_tag":[],"class_list":{"0":"post-12047","1":"product","2":"type-product","3":"status-publish","4":"has-post-thumbnail","6":"product_cat-nutritional-supplements","7":"product_cat-nutritional-supplements-for-adults","8":"product_cat-vitamins-and-minerals","10":"first","11":"instock","12":"taxable","13":"shipping-taxable","14":"purchasable","15":"product-type-variable"},"yoast_head":"<!-- This site is optimized with the Yoast SEO Premium plugin v27.3 (Yoast SEO v27.3) - https:\/\/yoast.com\/product\/yoast-seo-premium-wordpress\/ -->\n<title>Vitamin D 4000 I.U. - ZK company<\/title>\n<meta name=\"description\" content=\"Vitamin D 4000 I.U. - Secrets of Health and Beauty. Enrich your body with an important vitamin for strong bones, immune system and glowing skin.\" \/>\n<meta name=\"robots\" content=\"index, follow, max-snippet:-1, max-image-preview:large, max-video-preview:-1\" \/>\n<link rel=\"canonical\" href=\"https:\/\/zkeshop.sk\/produkt\/vitamin-d-4000-i-u-zk-company\/\" \/>\n<meta property=\"og:locale\" content=\"en_US\" \/>\n<meta property=\"og:type\" content=\"article\" \/>\n<meta property=\"og:title\" content=\"ZK Vitamin D 4000 I.U.\" \/>\n<meta property=\"og:description\" content=\"Vitamin D 4000 I.U. - Secrets of Health and Beauty. Enrich your body with an important vitamin for strong bones, immune system and glowing skin.\" \/>\n<meta property=\"og:url\" content=\"https:\/\/zkeshop.sk\/produkt\/vitamin-d-4000-i-u-zk-company\/\" \/>\n<meta property=\"og:site_name\" content=\"ZK company\" \/>\n<meta property=\"article:modified_time\" content=\"2025-11-09T20:46:30+00:00\" \/>\n<meta property=\"og:image\" content=\"https:\/\/zkeshop.sk\/wp-content\/uploads\/2023\/10\/Vitamin-D-4000-WEB-e1697185898197.jpg\" \/>\n\t<meta property=\"og:image:width\" content=\"1709\" \/>\n\t<meta property=\"og:image:height\" content=\"2560\" \/>\n\t<meta property=\"og:image:type\" content=\"image\/jpeg\" \/>\n<meta name=\"twitter:card\" content=\"summary_large_image\" \/>\n<meta name=\"twitter:label1\" content=\"Availability\" \/>\n\t<meta name=\"twitter:data1\" content=\"In stock\" \/>\n<script type=\"application\/ld+json\" class=\"yoast-schema-graph\">{\"@context\":\"https:\\\/\\\/schema.org\",\"@graph\":[{\"@type\":\"WebPage\",\"@id\":\"https:\\\/\\\/zkeshop.sk\\\/produkt\\\/vitamin-d-4000-i-u-zk-company\\\/\",\"url\":\"https:\\\/\\\/zkeshop.sk\\\/produkt\\\/vitamin-d-4000-i-u-zk-company\\\/\",\"name\":\"Vitamin D 4000 I.U. - ZK company\",\"isPartOf\":{\"@id\":\"https:\\\/\\\/zkeshop.sk\\\/#website\"},\"primaryImageOfPage\":{\"@id\":\"https:\\\/\\\/zkeshop.sk\\\/produkt\\\/vitamin-d-4000-i-u-zk-company\\\/#primaryimage\"},\"image\":{\"@id\":\"https:\\\/\\\/zkeshop.sk\\\/produkt\\\/vitamin-d-4000-i-u-zk-company\\\/#primaryimage\"},\"thumbnailUrl\":\"https:\\\/\\\/zkeshop.sk\\\/wp-content\\\/uploads\\\/2023\\\/10\\\/Vitamin-D-4000-WEB-e1697185898197.jpg\",\"datePublished\":\"2023-10-12T15:51:13+00:00\",\"dateModified\":\"2025-11-09T20:46:30+00:00\",\"description\":\"Vitamin D 4000 I.U. - Secrets of Health and Beauty. Enrich your body with an important vitamin for strong bones, immune system and glowing skin.\",\"breadcrumb\":{\"@id\":\"https:\\\/\\\/zkeshop.sk\\\/produkt\\\/vitamin-d-4000-i-u-zk-company\\\/#breadcrumb\"},\"inLanguage\":\"en-US\",\"potentialAction\":[{\"@type\":\"ReadAction\",\"target\":[\"https:\\\/\\\/zkeshop.sk\\\/produkt\\\/vitamin-d-4000-i-u-zk-company\\\/\"]}]},{\"@type\":\"ImageObject\",\"inLanguage\":\"en-US\",\"@id\":\"https:\\\/\\\/zkeshop.sk\\\/produkt\\\/vitamin-d-4000-i-u-zk-company\\\/#primaryimage\",\"url\":\"https:\\\/\\\/zkeshop.sk\\\/wp-content\\\/uploads\\\/2023\\\/10\\\/Vitamin-D-4000-WEB-e1697185898197.jpg\",\"contentUrl\":\"https:\\\/\\\/zkeshop.sk\\\/wp-content\\\/uploads\\\/2023\\\/10\\\/Vitamin-D-4000-WEB-e1697185898197.jpg\",\"width\":1709,\"height\":2560,\"caption\":\"\ud83d\udd25 AKCIA 3+1 ZADARMO! \ud83d\udd25 Pridajte do ko\u0161\u00edka 3 produkty a \u0161tvrt\u00fd z\u00edskate automaticky ZADARMO! \ud83d\udc8a Vitam\u00edn D 4000 I.U. \u2013 k\u013e\u00fa\u010d k pevn\u00fdm kostiam, siln\u00fdm svalom a zdravej imunite: \u2705 Podporuje vstreb\u00e1vanie v\u00e1pnika a fosforu \u2705 Udr\u017eiava zdrav\u00e9 kosti a zuby \u2705 Podporuje svalov\u00fa funkciu a imunitn\u00fd syst\u00e9m \u2705 Zohr\u00e1va \u00falohu v procese delenia buniek Nezme\u0161kajte t\u00fato v\u00fdhodn\u00fa ponuku a doprajte svojmu telu to najlep\u0161ie\"},{\"@type\":\"BreadcrumbList\",\"@id\":\"https:\\\/\\\/zkeshop.sk\\\/produkt\\\/vitamin-d-4000-i-u-zk-company\\\/#breadcrumb\",\"itemListElement\":[{\"@type\":\"ListItem\",\"position\":1,\"name\":\"Home\",\"item\":\"https:\\\/\\\/zkeshop.sk\\\/\"},{\"@type\":\"ListItem\",\"position\":2,\"name\":\"Shop\",\"item\":\"https:\\\/\\\/zkeshop.sk\\\/obchod\\\/\"},{\"@type\":\"ListItem\",\"position\":3,\"name\":\"ZK Vitamin D 4000 I.U.\"}]},{\"@type\":\"WebSite\",\"@id\":\"https:\\\/\\\/zkeshop.sk\\\/#website\",\"url\":\"https:\\\/\\\/zkeshop.sk\\\/\",\"name\":\"ZK company\",\"description\":\"Kvalitn\u00e1 kozmetika pre ka\u017edodenn\u00e9 pou\u017eitie\",\"potentialAction\":[{\"@type\":\"SearchAction\",\"target\":{\"@type\":\"EntryPoint\",\"urlTemplate\":\"https:\\\/\\\/zkeshop.sk\\\/?s={search_term_string}\"},\"query-input\":{\"@type\":\"PropertyValueSpecification\",\"valueRequired\":true,\"valueName\":\"search_term_string\"}}],\"inLanguage\":\"en-US\"}]}<\/script>\n<meta property=\"og:availability\" content=\"instock\" \/>\n<meta property=\"product:availability\" content=\"instock\" \/>\n<meta property=\"product:condition\" content=\"new\" \/>\n<!-- \/ Yoast SEO Premium plugin. -->","yoast_head_json":{"title":"Vitamin D 4000 I.U. - ZK company","description":"Vitamin D 4000 I.U. - Secrets of Health and Beauty. Enrich your body with an important vitamin for strong bones, immune system and glowing skin.","robots":{"index":"index","follow":"follow","max-snippet":"max-snippet:-1","max-image-preview":"max-image-preview:large","max-video-preview":"max-video-preview:-1"},"canonical":"https:\/\/zkeshop.sk\/produkt\/vitamin-d-4000-i-u-zk-company\/","og_locale":"en_US","og_type":"article","og_title":"ZK Vitamin D 4000 I.U.","og_description":"Vitamin D 4000 I.U. - Secrets of Health and Beauty. Enrich your body with an important vitamin for strong bones, immune system and glowing skin.","og_url":"https:\/\/zkeshop.sk\/produkt\/vitamin-d-4000-i-u-zk-company\/","og_site_name":"ZK company","article_modified_time":"2025-11-09T20:46:30+00:00","og_image":[{"width":1709,"height":2560,"url":"https:\/\/zkeshop.sk\/wp-content\/uploads\/2023\/10\/Vitamin-D-4000-WEB-e1697185898197.jpg","type":"image\/jpeg"}],"twitter_card":"summary_large_image","twitter_misc":{"Availability":"In stock"},"schema":{"@context":"https:\/\/schema.org","@graph":[{"@type":"WebPage","@id":"https:\/\/zkeshop.sk\/produkt\/vitamin-d-4000-i-u-zk-company\/","url":"https:\/\/zkeshop.sk\/produkt\/vitamin-d-4000-i-u-zk-company\/","name":"Vitamin D 4000 I.U. - ZK company","isPartOf":{"@id":"https:\/\/zkeshop.sk\/#website"},"primaryImageOfPage":{"@id":"https:\/\/zkeshop.sk\/produkt\/vitamin-d-4000-i-u-zk-company\/#primaryimage"},"image":{"@id":"https:\/\/zkeshop.sk\/produkt\/vitamin-d-4000-i-u-zk-company\/#primaryimage"},"thumbnailUrl":"https:\/\/zkeshop.sk\/wp-content\/uploads\/2023\/10\/Vitamin-D-4000-WEB-e1697185898197.jpg","datePublished":"2023-10-12T15:51:13+00:00","dateModified":"2025-11-09T20:46:30+00:00","description":"Vitamin D 4000 I.U. - Secrets of Health and Beauty. Enrich your body with an important vitamin for strong bones, immune system and glowing skin.","breadcrumb":{"@id":"https:\/\/zkeshop.sk\/produkt\/vitamin-d-4000-i-u-zk-company\/#breadcrumb"},"inLanguage":"en-US","potentialAction":[{"@type":"ReadAction","target":["https:\/\/zkeshop.sk\/produkt\/vitamin-d-4000-i-u-zk-company\/"]}]},{"@type":"ImageObject","inLanguage":"en-US","@id":"https:\/\/zkeshop.sk\/produkt\/vitamin-d-4000-i-u-zk-company\/#primaryimage","url":"https:\/\/zkeshop.sk\/wp-content\/uploads\/2023\/10\/Vitamin-D-4000-WEB-e1697185898197.jpg","contentUrl":"https:\/\/zkeshop.sk\/wp-content\/uploads\/2023\/10\/Vitamin-D-4000-WEB-e1697185898197.jpg","width":1709,"height":2560,"caption":"\ud83d\udd25 AKCIA 3+1 ZADARMO! \ud83d\udd25 Pridajte do ko\u0161\u00edka 3 produkty a \u0161tvrt\u00fd z\u00edskate automaticky ZADARMO! \ud83d\udc8a Vitam\u00edn D 4000 I.U. \u2013 k\u013e\u00fa\u010d k pevn\u00fdm kostiam, siln\u00fdm svalom a zdravej imunite: \u2705 Podporuje vstreb\u00e1vanie v\u00e1pnika a fosforu \u2705 Udr\u017eiava zdrav\u00e9 kosti a zuby \u2705 Podporuje svalov\u00fa funkciu a imunitn\u00fd syst\u00e9m \u2705 Zohr\u00e1va \u00falohu v procese delenia buniek Nezme\u0161kajte t\u00fato v\u00fdhodn\u00fa ponuku a doprajte svojmu telu to najlep\u0161ie"},{"@type":"BreadcrumbList","@id":"https:\/\/zkeshop.sk\/produkt\/vitamin-d-4000-i-u-zk-company\/#breadcrumb","itemListElement":[{"@type":"ListItem","position":1,"name":"Home","item":"https:\/\/zkeshop.sk\/"},{"@type":"ListItem","position":2,"name":"Shop","item":"https:\/\/zkeshop.sk\/obchod\/"},{"@type":"ListItem","position":3,"name":"ZK Vitamin D 4000 I.U."}]},{"@type":"WebSite","@id":"https:\/\/zkeshop.sk\/#website","url":"https:\/\/zkeshop.sk\/","name":"ZK company","description":"Kvalitn\u00e1 kozmetika pre ka\u017edodenn\u00e9 pou\u017eitie","potentialAction":[{"@type":"SearchAction","target":{"@type":"EntryPoint","urlTemplate":"https:\/\/zkeshop.sk\/?s={search_term_string}"},"query-input":{"@type":"PropertyValueSpecification","valueRequired":true,"valueName":"search_term_string"}}],"inLanguage":"en-US"}]},"og_availability":"instock","product_availability":"instock","product_condition":"new"},"_links":{"self":[{"href":"https:\/\/zkeshop.sk\/en\/wp-json\/wp\/v2\/product\/12047","targetHints":{"allow":["GET"]}}],"collection":[{"href":"https:\/\/zkeshop.sk\/en\/wp-json\/wp\/v2\/product"}],"about":[{"href":"https:\/\/zkeshop.sk\/en\/wp-json\/wp\/v2\/types\/product"}],"replies":[{"embeddable":true,"href":"https:\/\/zkeshop.sk\/en\/wp-json\/wp\/v2\/comments?post=12047"}],"version-history":[{"count":0,"href":"https:\/\/zkeshop.sk\/en\/wp-json\/wp\/v2\/product\/12047\/revisions"}],"wp:featuredmedia":[{"embeddable":true,"href":"https:\/\/zkeshop.sk\/en\/wp-json\/wp\/v2\/media\/12045"}],"wp:attachment":[{"href":"https:\/\/zkeshop.sk\/en\/wp-json\/wp\/v2\/media?parent=12047"}],"wp:term":[{"taxonomy":"product_brand","embeddable":true,"href":"https:\/\/zkeshop.sk\/en\/wp-json\/wp\/v2\/product_brand?post=12047"},{"taxonomy":"product_cat","embeddable":true,"href":"https:\/\/zkeshop.sk\/en\/wp-json\/wp\/v2\/product_cat?post=12047"},{"taxonomy":"product_tag","embeddable":true,"href":"https:\/\/zkeshop.sk\/en\/wp-json\/wp\/v2\/product_tag?post=12047"}],"curies":[{"name":"wp","href":"https:\/\/api.w.org\/{rel}","templated":true}]}}