{"id":12059,"date":"2023-08-02T12:17:29","date_gmt":"2023-08-02T10:17:29","guid":{"rendered":"https:\/\/zkeshop.sk\/produkt\/zk-balik-dokonalej-pletovej-starostlivosti-o-citlivu-plet\/"},"modified":"2025-01-02T13:51:29","modified_gmt":"2025-01-02T12:51:29","slug":"zk-balik-dokonalej-pletovej-starostlivosti-o-citlivu-plet","status":"publish","type":"product","link":"https:\/\/zkeshop.sk\/en\/produkt\/zk-balik-dokonalej-pletovej-starostlivosti-o-citlivu-plet\/","title":{"rendered":"ZK package for perfect sensitive skin care"},"content":{"rendered":"<p><strong>The ZK package for perfect sensitive skin care<\/strong> includes:<\/p>\n<ol>\n<li>Active and soothing <strong>ZK ExactUS<\/strong> facial tonic: Restore your skin with our effective and soothing facial tonic. Designed to reduce irritation and give your skin a delightful feeling of freshness.<\/li>\n<li>Facial serum with instant mattifying and lifting effect <strong>ZK ExactYOU<\/strong>: Get instantly beautiful skin with our facial serum providing an immediate mattifying and lifting effect. Its unique formula, with the patented peptide <strong>Metrixyl 3000<\/strong>, helps to soften and mattify the skin, giving you a long-lasting sensation of smooth skin for perfect facial care.<\/li>\n<li><strong>PostBIO<\/strong> &#8211; postbiotic facial cream for sensitive skin prone to redness: Immerse yourself in a gentle touch with our postbiotic cream, specially designed for sensitive skin prone to redness. Our airy and hydrating formula immediately soothes the skin, giving you a harmonized and healthy appearance.<\/li>\n<\/ol>\n<p>Give your sensitive skin perfect care with our <strong>ZK PACKAGE FOR PERFECT SENSITIVE SKIN CARE<\/strong> &#8211; it will reward you with a healthy appearance.<\/p>\n<p>.<\/p>\n","protected":false},"excerpt":{"rendered":"<p>Renew and soften your skin with the advantageous ZK package for perfect skincare, including products for an instant feeling of freshness and smoothness. This package contains everything you need for perfect sensitive skin care.<\/p>\n","protected":false},"featured_media":11964,"comment_status":"open","ping_status":"closed","template":"","meta":[],"product_brand":[],"product_cat":[74],"product_tag":[152],"class_list":{"0":"post-12059","1":"product","2":"type-product","3":"status-publish","4":"has-post-thumbnail","6":"product_cat-face-creams","7":"product_tag-action50","9":"first","10":"outofstock","11":"sale","12":"taxable","13":"shipping-taxable","14":"purchasable","15":"product-type-simple"},"yoast_head":"<!-- This site is optimized with the Yoast SEO Premium plugin v27.3 (Yoast SEO v27.3) - https:\/\/yoast.com\/product\/yoast-seo-premium-wordpress\/ -->\n<title>The package of perfect skincare for sensitive skin ZK eshop<\/title>\n<meta name=\"description\" content=\"Package for perfect skin care with active soothing tonic, serum with instant mattifying and lifting effect, and cream for sensitive skin.\" \/>\n<meta name=\"robots\" content=\"index, follow, max-snippet:-1, max-image-preview:large, max-video-preview:-1\" \/>\n<link rel=\"canonical\" href=\"https:\/\/zkeshop.sk\/?post_type=product&p=11859\" \/>\n<meta property=\"og:locale\" content=\"en_US\" \/>\n<meta property=\"og:type\" content=\"article\" \/>\n<meta property=\"og:title\" content=\"ZK package for perfect sensitive skin care\" \/>\n<meta property=\"og:description\" content=\"Package for perfect skin care with active soothing tonic, serum with instant mattifying and lifting effect, and cream for sensitive skin.\" \/>\n<meta property=\"og:url\" content=\"https:\/\/zkeshop.sk\/?post_type=product&amp;p=11859\" \/>\n<meta property=\"og:site_name\" content=\"ZK company\" \/>\n<meta property=\"article:modified_time\" content=\"2025-01-02T12:51:29+00:00\" \/>\n<meta property=\"og:image\" content=\"https:\/\/zkeshop.sk\/wp-content\/uploads\/2023\/08\/akcia-1.webp\" \/>\n\t<meta property=\"og:image:width\" content=\"600\" \/>\n\t<meta property=\"og:image:height\" content=\"600\" \/>\n\t<meta property=\"og:image:type\" content=\"image\/webp\" \/>\n<meta name=\"twitter:card\" content=\"summary_large_image\" \/>\n<meta name=\"twitter:label1\" content=\"Price\" \/>\n\t<meta name=\"twitter:data1\" content=\"65,00&nbsp;&euro;\" \/>\n\t<meta name=\"twitter:label2\" content=\"Availability\" \/>\n\t<meta name=\"twitter:data2\" content=\"Out of stock\" \/>\n<script type=\"application\/ld+json\" class=\"yoast-schema-graph\">{\"@context\":\"https:\\\/\\\/schema.org\",\"@graph\":[{\"@type\":\"WebPage\",\"@id\":\"https:\\\/\\\/zkeshop.sk\\\/?post_type=product&p=11859\",\"url\":\"https:\\\/\\\/zkeshop.sk\\\/?post_type=product&p=11859\",\"name\":\"The package of perfect skincare for sensitive skin ZK eshop\",\"isPartOf\":{\"@id\":\"https:\\\/\\\/zkeshop.sk\\\/#website\"},\"primaryImageOfPage\":{\"@id\":\"https:\\\/\\\/zkeshop.sk\\\/?post_type=product&p=11859#primaryimage\"},\"image\":{\"@id\":\"https:\\\/\\\/zkeshop.sk\\\/?post_type=product&p=11859#primaryimage\"},\"thumbnailUrl\":\"https:\\\/\\\/zkeshop.sk\\\/wp-content\\\/uploads\\\/2023\\\/08\\\/akcia-1.webp\",\"datePublished\":\"2023-08-02T10:17:29+00:00\",\"dateModified\":\"2025-01-02T12:51:29+00:00\",\"description\":\"Package for perfect skin care with active soothing tonic, serum with instant mattifying and lifting effect, and cream for sensitive skin.\",\"breadcrumb\":{\"@id\":\"https:\\\/\\\/zkeshop.sk\\\/?post_type=product&p=11859#breadcrumb\"},\"inLanguage\":\"en-US\",\"potentialAction\":[{\"@type\":\"ReadAction\",\"target\":[\"https:\\\/\\\/zkeshop.sk\\\/?post_type=product&p=11859\"]}]},{\"@type\":\"ImageObject\",\"inLanguage\":\"en-US\",\"@id\":\"https:\\\/\\\/zkeshop.sk\\\/?post_type=product&p=11859#primaryimage\",\"url\":\"https:\\\/\\\/zkeshop.sk\\\/wp-content\\\/uploads\\\/2023\\\/08\\\/akcia-1.webp\",\"contentUrl\":\"https:\\\/\\\/zkeshop.sk\\\/wp-content\\\/uploads\\\/2023\\\/08\\\/akcia-1.webp\",\"width\":600,\"height\":600},{\"@type\":\"BreadcrumbList\",\"@id\":\"https:\\\/\\\/zkeshop.sk\\\/?post_type=product&p=11859#breadcrumb\",\"itemListElement\":[{\"@type\":\"ListItem\",\"position\":1,\"name\":\"Home\",\"item\":\"https:\\\/\\\/zkeshop.sk\\\/\"},{\"@type\":\"ListItem\",\"position\":2,\"name\":\"Shop\",\"item\":\"https:\\\/\\\/zkeshop.sk\\\/obchod\\\/\"},{\"@type\":\"ListItem\",\"position\":3,\"name\":\"S\u00fakromn\u00e9: ZK package for perfect sensitive skin care\"}]},{\"@type\":\"WebSite\",\"@id\":\"https:\\\/\\\/zkeshop.sk\\\/#website\",\"url\":\"https:\\\/\\\/zkeshop.sk\\\/\",\"name\":\"ZK company\",\"description\":\"Kvalitn\u00e1 kozmetika pre ka\u017edodenn\u00e9 pou\u017eitie\",\"potentialAction\":[{\"@type\":\"SearchAction\",\"target\":{\"@type\":\"EntryPoint\",\"urlTemplate\":\"https:\\\/\\\/zkeshop.sk\\\/?s={search_term_string}\"},\"query-input\":{\"@type\":\"PropertyValueSpecification\",\"valueRequired\":true,\"valueName\":\"search_term_string\"}}],\"inLanguage\":\"en-US\"}]}<\/script>\n<meta property=\"product:price:amount\" content=\"65.00\" \/>\n<meta property=\"product:price:currency\" content=\"EUR\" \/>\n<meta property=\"og:availability\" content=\"out of stock\" \/>\n<meta property=\"product:availability\" content=\"out of stock\" \/>\n<meta property=\"product:condition\" content=\"new\" \/>\n<!-- \/ Yoast SEO Premium plugin. -->","yoast_head_json":{"title":"The package of perfect skincare for sensitive skin ZK eshop","description":"Package for perfect skin care with active soothing tonic, serum with instant mattifying and lifting effect, and cream for sensitive skin.","robots":{"index":"index","follow":"follow","max-snippet":"max-snippet:-1","max-image-preview":"max-image-preview:large","max-video-preview":"max-video-preview:-1"},"canonical":"https:\/\/zkeshop.sk\/?post_type=product&p=11859","og_locale":"en_US","og_type":"article","og_title":"ZK package for perfect sensitive skin care","og_description":"Package for perfect skin care with active soothing tonic, serum with instant mattifying and lifting effect, and cream for sensitive skin.","og_url":"https:\/\/zkeshop.sk\/?post_type=product&p=11859","og_site_name":"ZK company","article_modified_time":"2025-01-02T12:51:29+00:00","og_image":[{"width":600,"height":600,"url":"https:\/\/zkeshop.sk\/wp-content\/uploads\/2023\/08\/akcia-1.webp","type":"image\/webp"}],"twitter_card":"summary_large_image","twitter_misc":{"Price":"65,00&nbsp;&euro;","Availability":"Out of stock"},"schema":{"@context":"https:\/\/schema.org","@graph":[{"@type":"WebPage","@id":"https:\/\/zkeshop.sk\/?post_type=product&p=11859","url":"https:\/\/zkeshop.sk\/?post_type=product&p=11859","name":"The package of perfect skincare for sensitive skin ZK eshop","isPartOf":{"@id":"https:\/\/zkeshop.sk\/#website"},"primaryImageOfPage":{"@id":"https:\/\/zkeshop.sk\/?post_type=product&p=11859#primaryimage"},"image":{"@id":"https:\/\/zkeshop.sk\/?post_type=product&p=11859#primaryimage"},"thumbnailUrl":"https:\/\/zkeshop.sk\/wp-content\/uploads\/2023\/08\/akcia-1.webp","datePublished":"2023-08-02T10:17:29+00:00","dateModified":"2025-01-02T12:51:29+00:00","description":"Package for perfect skin care with active soothing tonic, serum with instant mattifying and lifting effect, and cream for sensitive skin.","breadcrumb":{"@id":"https:\/\/zkeshop.sk\/?post_type=product&p=11859#breadcrumb"},"inLanguage":"en-US","potentialAction":[{"@type":"ReadAction","target":["https:\/\/zkeshop.sk\/?post_type=product&p=11859"]}]},{"@type":"ImageObject","inLanguage":"en-US","@id":"https:\/\/zkeshop.sk\/?post_type=product&p=11859#primaryimage","url":"https:\/\/zkeshop.sk\/wp-content\/uploads\/2023\/08\/akcia-1.webp","contentUrl":"https:\/\/zkeshop.sk\/wp-content\/uploads\/2023\/08\/akcia-1.webp","width":600,"height":600},{"@type":"BreadcrumbList","@id":"https:\/\/zkeshop.sk\/?post_type=product&p=11859#breadcrumb","itemListElement":[{"@type":"ListItem","position":1,"name":"Home","item":"https:\/\/zkeshop.sk\/"},{"@type":"ListItem","position":2,"name":"Shop","item":"https:\/\/zkeshop.sk\/obchod\/"},{"@type":"ListItem","position":3,"name":"S\u00fakromn\u00e9: ZK package for perfect sensitive skin care"}]},{"@type":"WebSite","@id":"https:\/\/zkeshop.sk\/#website","url":"https:\/\/zkeshop.sk\/","name":"ZK company","description":"Kvalitn\u00e1 kozmetika pre ka\u017edodenn\u00e9 pou\u017eitie","potentialAction":[{"@type":"SearchAction","target":{"@type":"EntryPoint","urlTemplate":"https:\/\/zkeshop.sk\/?s={search_term_string}"},"query-input":{"@type":"PropertyValueSpecification","valueRequired":true,"valueName":"search_term_string"}}],"inLanguage":"en-US"}]},"product_price_amount":"65.00","product_price_currency":"EUR","og_availability":"out of stock","product_availability":"out of stock","product_condition":"new"},"_links":{"self":[{"href":"https:\/\/zkeshop.sk\/en\/wp-json\/wp\/v2\/product\/12059","targetHints":{"allow":["GET"]}}],"collection":[{"href":"https:\/\/zkeshop.sk\/en\/wp-json\/wp\/v2\/product"}],"about":[{"href":"https:\/\/zkeshop.sk\/en\/wp-json\/wp\/v2\/types\/product"}],"replies":[{"embeddable":true,"href":"https:\/\/zkeshop.sk\/en\/wp-json\/wp\/v2\/comments?post=12059"}],"version-history":[{"count":0,"href":"https:\/\/zkeshop.sk\/en\/wp-json\/wp\/v2\/product\/12059\/revisions"}],"wp:featuredmedia":[{"embeddable":true,"href":"https:\/\/zkeshop.sk\/en\/wp-json\/wp\/v2\/media\/11964"}],"wp:attachment":[{"href":"https:\/\/zkeshop.sk\/en\/wp-json\/wp\/v2\/media?parent=12059"}],"wp:term":[{"taxonomy":"product_brand","embeddable":true,"href":"https:\/\/zkeshop.sk\/en\/wp-json\/wp\/v2\/product_brand?post=12059"},{"taxonomy":"product_cat","embeddable":true,"href":"https:\/\/zkeshop.sk\/en\/wp-json\/wp\/v2\/product_cat?post=12059"},{"taxonomy":"product_tag","embeddable":true,"href":"https:\/\/zkeshop.sk\/en\/wp-json\/wp\/v2\/product_tag?post=12059"}],"curies":[{"name":"wp","href":"https:\/\/api.w.org\/{rel}","templated":true}]}}