{"id":14612,"date":"2025-01-14T18:23:24","date_gmt":"2025-01-14T17:23:24","guid":{"rendered":"https:\/\/zkeshop.sk\/produkt\/medik-8-intelligent-retinol-3-tr\/"},"modified":"2025-09-30T11:17:48","modified_gmt":"2025-09-30T09:17:48","slug":"medik-8-intelligent-retinol-3-tr","status":"publish","type":"product","link":"https:\/\/zkeshop.sk\/en\/produkt\/medik-8-intelligent-retinol-3-tr\/","title":{"rendered":"Medik 8 Intelligent Retinol 3 TR"},"content":{"rendered":"<h5 class=\"eshop-product-detail__subtitle\">Intensive serum with 0.3% vitamin A<\/h5>\n<div class=\"eshop-product-detail__perex\">\n<p>Are you using regular retinol for wrinkles, but want more? Start your evening skincare routine with the super-intensive INTELLIGENT RETINOL 3TR serum with 0.3% vitamin A, which also contains squalane and climbazole for an even better anti-aging effect.<\/p>\n<h2>Night serum with retinol<\/h2>\n<figure class=\"image image-style-side\"><img loading=\"lazy\" decoding=\"async\" class=\"alignright\" src=\"https:\/\/www.annabrandejs.sk\/data\/data\/old-editor\/images\/odznaky\/3tr-intense-sk.jpg\" alt=\"\" width=\"283\" height=\"283\" \/>Elevate your aging skin care routine with INTELLIGENT RETINOL 3TR Vitamin Serum. This lightweight night serum with Vitamin A improves skin tone, refines texture, and visibly reduces fine lines and wrinkles. All while you indulge in energizing sleep. Re-energize your skin too!<\/figure>\n<h2>Rejuvenation with vitamin A<\/h2>\n<p><a href=\"https:\/\/www.annabrandejs.sk\/slovnik-pojmov\/retinol-a1940\">Retinol<\/a>, also known as vitamin A, is often cited by experts as the most effective substance for skin rejuvenation. When applied topically, it is converted into retinoic acid in the skin. When in contact with skin cells, it stimulates the production of proteins such as <a href=\"https:\/\/www.annabrandejs.sk\/slovnik-pojmov\/kolagen-a1947\">collagen<\/a>. The increase in the amount of retinoic acid in the skin after applying a retinol serum not only supports its own collagen production, but also helps maintain its existing level. The result is firmer skin, filled fine lines and wrinkles, and an overall rejuvenated appearance of the skin.<\/p>\n<p>Vitamin A also accelerates skin cell regeneration and suppresses the production of excessive <a href=\"https:\/\/www.annabrandejs.sk\/slovnik-pojmov\/melanin-a2072\">melanin<\/a>. This reduces <a href=\"https:\/\/www.annabrandejs.sk\/slovnik-pojmov\/hyperpigmentacia-a2071\">hyperpigmentation<\/a> and <a href=\"https:\/\/www.annabrandejs.sk\/slovnik-pojmov\/starecke-skvrny-a2079\">age spots<\/a>, and evens out the skin&#8217;s color and texture.<\/p>\n<p>Vitamin A is the most effective active ingredient for skin rejuvenation. It evens out skin tone and helps unclog pores, which helps cleanse the skin and combats acne and other imperfections. Are you new to retinol or do you use traditional Retinol 3TR serum but want a more pronounced effect? \u200b\u200bThen INTELLIGENT RETINOL 3TR is the product for you.<\/p>\n<h2>No irritation<\/h2>\n<p>Retinoids are said to dry out and irritate the skin. However, this is not the case with INTELLIGENT RETINOL 3TR serum thanks to its unique Time Release technology, which gradually distributes the active ingredients evenly into the skin throughout the night, minimizing the risk of redness and irritation.<\/p>\n<p>INTELLIGENT RETINOL 3TR is enriched with climbazole, which enhances the effect of topically applied retinol, because it blocks the activity of the <a href=\"https:\/\/www.annabrandejs.sk\/slovnik-pojmov\/enzym-a1999\">enzyme<\/a> that breaks down retinoic acid in the skin. Also, squalane, which the serum contains, improves the effect of the serum and significantly moisturizes. As a result, the skin is softened and the facial contours are restored. It is simply &#8220;smart retinol&#8221;!<img loading=\"lazy\" decoding=\"async\" class=\"size-medium wp-image-14560 alignright\" src=\"https:\/\/zkeshop.sk\/wp-content\/uploads\/2025\/01\/Copy-of-Intelligent-Retinol-3TR-Lifestyle-300x300.jpg\" alt=\"\" width=\"300\" height=\"300\" srcset=\"https:\/\/zkeshop.sk\/wp-content\/uploads\/2025\/01\/Copy-of-Intelligent-Retinol-3TR-Lifestyle-300x300.jpg 300w, https:\/\/zkeshop.sk\/wp-content\/uploads\/2025\/01\/Copy-of-Intelligent-Retinol-3TR-Lifestyle-1024x1024.jpg 1024w, https:\/\/zkeshop.sk\/wp-content\/uploads\/2025\/01\/Copy-of-Intelligent-Retinol-3TR-Lifestyle-150x150.jpg 150w, https:\/\/zkeshop.sk\/wp-content\/uploads\/2025\/01\/Copy-of-Intelligent-Retinol-3TR-Lifestyle-768x768.jpg 768w, https:\/\/zkeshop.sk\/wp-content\/uploads\/2025\/01\/Copy-of-Intelligent-Retinol-3TR-Lifestyle-1536x1536.jpg 1536w, https:\/\/zkeshop.sk\/wp-content\/uploads\/2025\/01\/Copy-of-Intelligent-Retinol-3TR-Lifestyle-400x400.jpg 400w, https:\/\/zkeshop.sk\/wp-content\/uploads\/2025\/01\/Copy-of-Intelligent-Retinol-3TR-Lifestyle-600x600.jpg 600w, https:\/\/zkeshop.sk\/wp-content\/uploads\/2025\/01\/Copy-of-Intelligent-Retinol-3TR-Lifestyle-1200x1200.jpg 1200w, https:\/\/zkeshop.sk\/wp-content\/uploads\/2025\/01\/Copy-of-Intelligent-Retinol-3TR-Lifestyle.jpg 2000w\" sizes=\"auto, (max-width: 300px) 100vw, 300px\" \/><img loading=\"lazy\" decoding=\"async\" class=\"size-medium wp-image-14566 alignright\" src=\"https:\/\/zkeshop.sk\/wp-content\/uploads\/2025\/01\/Copy-of-Intelligent-Retinol-3TR-Usage-300x300.jpg\" alt=\"\" width=\"300\" height=\"300\" srcset=\"https:\/\/zkeshop.sk\/wp-content\/uploads\/2025\/01\/Copy-of-Intelligent-Retinol-3TR-Usage-300x300.jpg 300w, https:\/\/zkeshop.sk\/wp-content\/uploads\/2025\/01\/Copy-of-Intelligent-Retinol-3TR-Usage-1024x1024.jpg 1024w, https:\/\/zkeshop.sk\/wp-content\/uploads\/2025\/01\/Copy-of-Intelligent-Retinol-3TR-Usage-150x150.jpg 150w, https:\/\/zkeshop.sk\/wp-content\/uploads\/2025\/01\/Copy-of-Intelligent-Retinol-3TR-Usage-768x768.jpg 768w, https:\/\/zkeshop.sk\/wp-content\/uploads\/2025\/01\/Copy-of-Intelligent-Retinol-3TR-Usage-1536x1536.jpg 1536w, https:\/\/zkeshop.sk\/wp-content\/uploads\/2025\/01\/Copy-of-Intelligent-Retinol-3TR-Usage-400x400.jpg 400w, https:\/\/zkeshop.sk\/wp-content\/uploads\/2025\/01\/Copy-of-Intelligent-Retinol-3TR-Usage-600x600.jpg 600w, https:\/\/zkeshop.sk\/wp-content\/uploads\/2025\/01\/Copy-of-Intelligent-Retinol-3TR-Usage-1200x1200.jpg 1200w, https:\/\/zkeshop.sk\/wp-content\/uploads\/2025\/01\/Copy-of-Intelligent-Retinol-3TR-Usage.jpg 2000w\" sizes=\"auto, (max-width: 300px) 100vw, 300px\" \/><\/p>\n<h2>For a youthful appearance<\/h2>\n<ul>\n<li>Deeply moisturizes<\/li>\n<li>Revitalizes and softens<\/li>\n<li>Fights signs of skin aging<\/li>\n<li>Absorbs quickly and easily<\/li>\n<\/ul>\n<h2>Formulated with 0.3% retinol and vitamin E for greater serum stability<\/h2>\n<p><strong>0.3% retinol:<\/strong><br \/>\nPure vitamin A, which increases the amount of collagen in the skin and accelerates the skin&#8217;s natural cell regeneration. As a result, it leaves the skin youthful, smoothed and even-toned.<\/p>\n<p><strong>Climbazole:<\/strong><br \/>\nA substance that enhances the activity of retinoids in the skin. Thanks to it, even lower concentrations have the same effect as higher concentrations, but without irritation! It suppresses the activity of enzymes that break down the active form of vitamin A, retinoic acid, and thus creates a storehouse of vitamin A in the skin. Maximum effect with a minimum of unwanted side effects.<\/p>\n<p><strong>Squalane:<\/strong><br \/>\nAn effective emollient that restores the function of the natural skin barrier and deeply moisturizes the skin.<\/p>\n<p><strong>Vitamin E:<\/strong><br \/>\nA fat-soluble <a href=\"https:\/\/www.annabrandejs.sk\/slovnik-pojmov\/antioxidanty-a1905\">antioxidant<\/a> that neutralizes harmful <a href=\"https:\/\/www.annabrandejs.sk\/slovnik-pojmov\/volne-radikaly-a1948\">free radicals<\/a> in the skin while stabilizing retinol for its highest possible effectiveness.<\/p>\n<h2>Use in the evening<\/h2>\n<p>Apply 4 drops of INTELLIGENT RETINOL 3TR serum to cleansed face, neck and d\u00e9collet\u00e9 in the evening and gently spread. After absorption, apply your usual moisturizer or facial oil.<\/p>\n<p>If you are starting to use retinol, use INTELLIGENT RETINOL 3TR serum twice a week for the first two weeks, apply every other day for the next two weeks, and then every evening until your skin gets used to it.<\/p>\n<p>In the morning after applying retinol serum, don&#8217;t forget to apply a product containing SPF factor. For best results, combine with a daily antioxidant serum with vitamins C and E.<\/p>\n<p>Warning: Products containing vitamin A are not suitable for pregnant and breastfeeding women.<\/p>\n<\/div>\n","protected":false},"excerpt":{"rendered":"<h5 class=\"eshop-product-detail__subtitle\">Intensive serum with 0.3% vitamin A<\/h5>\n<div class=\"eshop-product-detail__perex\">\n<p>Are you using regular retinol for wrinkles, but want more? Start your evening skincare routine with the super-intensive INTELLIGENT RETINOL 3TR serum with 0.3% vitamin A, which also contains squalane and climbazole for an even better anti-aging effect.<\/p>\n<\/div>\n","protected":false},"featured_media":14556,"comment_status":"open","ping_status":"closed","template":"","meta":[],"product_brand":[],"product_cat":[187,74,201,209,186,182,180],"product_tag":[160],"class_list":{"0":"post-14612","1":"product","2":"type-product","3":"status-publish","4":"has-post-thumbnail","6":"product_cat-dry-skin","7":"product_cat-face-creams","8":"product_cat-medik8-en","9":"product_cat-night","10":"product_cat-normal-skin","11":"product_cat-oily-skin","12":"product_cat-sensitive-skin","13":"product_tag-medik8-en","15":"first","16":"instock","17":"taxable","18":"shipping-taxable","19":"purchasable","20":"product-type-simple"},"yoast_head":"<!-- This site is optimized with the Yoast SEO Premium plugin v27.3 (Yoast SEO v27.3) - https:\/\/yoast.com\/product\/yoast-seo-premium-wordpress\/ -->\n<title>Medik 8 Intelligent Retinol 3 TR - ZK company<\/title>\n<meta name=\"description\" content=\"Start your evening skincare routine with the super-intensive INTELLIGENT RETINOL 3TR serum with 0.3% vitamin A, squalane and climbazole.\" \/>\n<meta name=\"robots\" content=\"index, follow, max-snippet:-1, max-image-preview:large, max-video-preview:-1\" \/>\n<link rel=\"canonical\" href=\"https:\/\/zkeshop.sk\/en\/produkt\/medik-8-intelligent-retinol-3-tr\/\" \/>\n<meta property=\"og:locale\" content=\"en_US\" \/>\n<meta property=\"og:type\" content=\"article\" \/>\n<meta property=\"og:title\" content=\"Medik 8 Intelligent Retinol 3 TR\" \/>\n<meta property=\"og:description\" content=\"Start your evening skincare routine with the super-intensive INTELLIGENT RETINOL 3TR serum with 0.3% vitamin A, squalane and climbazole.\" \/>\n<meta property=\"og:url\" content=\"https:\/\/zkeshop.sk\/en\/produkt\/medik-8-intelligent-retinol-3-tr\/\" \/>\n<meta property=\"og:site_name\" content=\"ZK company\" \/>\n<meta property=\"article:modified_time\" content=\"2025-09-30T09:17:48+00:00\" \/>\n<meta property=\"og:image\" content=\"https:\/\/zkeshop.sk\/wp-content\/uploads\/2025\/01\/Copy-of-Intelligent-Retinol-3TR-B-1024x1024.png\" \/>\n\t<meta property=\"og:image:width\" content=\"1024\" \/>\n\t<meta property=\"og:image:height\" content=\"1024\" \/>\n\t<meta property=\"og:image:type\" content=\"image\/png\" \/>\n<meta name=\"twitter:card\" content=\"summary_large_image\" \/>\n<meta name=\"twitter:label1\" content=\"Price\" \/>\n\t<meta name=\"twitter:data1\" content=\"46,00&nbsp;&euro;\" \/>\n\t<meta name=\"twitter:label2\" content=\"Availability\" \/>\n\t<meta name=\"twitter:data2\" content=\"In stock\" \/>\n<script type=\"application\/ld+json\" class=\"yoast-schema-graph\">{\"@context\":\"https:\\\/\\\/schema.org\",\"@graph\":[{\"@type\":\"WebPage\",\"@id\":\"https:\\\/\\\/zkeshop.sk\\\/en\\\/produkt\\\/medik-8-intelligent-retinol-3-tr\\\/\",\"url\":\"https:\\\/\\\/zkeshop.sk\\\/en\\\/produkt\\\/medik-8-intelligent-retinol-3-tr\\\/\",\"name\":\"Medik 8 Intelligent Retinol 3 TR - ZK company\",\"isPartOf\":{\"@id\":\"https:\\\/\\\/zkeshop.sk\\\/#website\"},\"primaryImageOfPage\":{\"@id\":\"https:\\\/\\\/zkeshop.sk\\\/en\\\/produkt\\\/medik-8-intelligent-retinol-3-tr\\\/#primaryimage\"},\"image\":{\"@id\":\"https:\\\/\\\/zkeshop.sk\\\/en\\\/produkt\\\/medik-8-intelligent-retinol-3-tr\\\/#primaryimage\"},\"thumbnailUrl\":\"https:\\\/\\\/zkeshop.sk\\\/wp-content\\\/uploads\\\/2025\\\/01\\\/Copy-of-Intelligent-Retinol-3TR-B.png\",\"datePublished\":\"2025-01-14T17:23:24+00:00\",\"dateModified\":\"2025-09-30T09:17:48+00:00\",\"description\":\"Start your evening skincare routine with the super-intensive INTELLIGENT RETINOL 3TR serum with 0.3% vitamin A, squalane and climbazole.\",\"breadcrumb\":{\"@id\":\"https:\\\/\\\/zkeshop.sk\\\/en\\\/produkt\\\/medik-8-intelligent-retinol-3-tr\\\/#breadcrumb\"},\"inLanguage\":\"en-US\",\"potentialAction\":[{\"@type\":\"ReadAction\",\"target\":[\"https:\\\/\\\/zkeshop.sk\\\/en\\\/produkt\\\/medik-8-intelligent-retinol-3-tr\\\/\"]}]},{\"@type\":\"ImageObject\",\"inLanguage\":\"en-US\",\"@id\":\"https:\\\/\\\/zkeshop.sk\\\/en\\\/produkt\\\/medik-8-intelligent-retinol-3-tr\\\/#primaryimage\",\"url\":\"https:\\\/\\\/zkeshop.sk\\\/wp-content\\\/uploads\\\/2025\\\/01\\\/Copy-of-Intelligent-Retinol-3TR-B.png\",\"contentUrl\":\"https:\\\/\\\/zkeshop.sk\\\/wp-content\\\/uploads\\\/2025\\\/01\\\/Copy-of-Intelligent-Retinol-3TR-B.png\",\"width\":2000,\"height\":2000,\"caption\":\"Na\u0161tartujte svoju ve\u010dern\u00fa starostlivos\u0165 o ple\u0165 super intenz\u00edvnym s\u00e9rom INTELLIGENT RETINOL 3TR s 0,3% vitam\u00ednom A, skvalanom a klimbazolom.\"},{\"@type\":\"BreadcrumbList\",\"@id\":\"https:\\\/\\\/zkeshop.sk\\\/en\\\/produkt\\\/medik-8-intelligent-retinol-3-tr\\\/#breadcrumb\",\"itemListElement\":[{\"@type\":\"ListItem\",\"position\":1,\"name\":\"Home\",\"item\":\"https:\\\/\\\/zkeshop.sk\\\/\"},{\"@type\":\"ListItem\",\"position\":2,\"name\":\"Shop\",\"item\":\"https:\\\/\\\/zkeshop.sk\\\/obchod\\\/\"},{\"@type\":\"ListItem\",\"position\":3,\"name\":\"Medik 8 Intelligent Retinol 3 TR\"}]},{\"@type\":\"WebSite\",\"@id\":\"https:\\\/\\\/zkeshop.sk\\\/#website\",\"url\":\"https:\\\/\\\/zkeshop.sk\\\/\",\"name\":\"ZK company\",\"description\":\"Kvalitn\u00e1 kozmetika pre ka\u017edodenn\u00e9 pou\u017eitie\",\"potentialAction\":[{\"@type\":\"SearchAction\",\"target\":{\"@type\":\"EntryPoint\",\"urlTemplate\":\"https:\\\/\\\/zkeshop.sk\\\/?s={search_term_string}\"},\"query-input\":{\"@type\":\"PropertyValueSpecification\",\"valueRequired\":true,\"valueName\":\"search_term_string\"}}],\"inLanguage\":\"en-US\"}]}<\/script>\n<meta property=\"product:price:amount\" content=\"46.00\" \/>\n<meta property=\"product:price:currency\" content=\"EUR\" \/>\n<meta property=\"og:availability\" content=\"instock\" \/>\n<meta property=\"product:availability\" content=\"instock\" \/>\n<meta property=\"product:condition\" content=\"new\" \/>\n<!-- \/ Yoast SEO Premium plugin. -->","yoast_head_json":{"title":"Medik 8 Intelligent Retinol 3 TR - ZK company","description":"Start your evening skincare routine with the super-intensive INTELLIGENT RETINOL 3TR serum with 0.3% vitamin A, squalane and climbazole.","robots":{"index":"index","follow":"follow","max-snippet":"max-snippet:-1","max-image-preview":"max-image-preview:large","max-video-preview":"max-video-preview:-1"},"canonical":"https:\/\/zkeshop.sk\/en\/produkt\/medik-8-intelligent-retinol-3-tr\/","og_locale":"en_US","og_type":"article","og_title":"Medik 8 Intelligent Retinol 3 TR","og_description":"Start your evening skincare routine with the super-intensive INTELLIGENT RETINOL 3TR serum with 0.3% vitamin A, squalane and climbazole.","og_url":"https:\/\/zkeshop.sk\/en\/produkt\/medik-8-intelligent-retinol-3-tr\/","og_site_name":"ZK company","article_modified_time":"2025-09-30T09:17:48+00:00","og_image":[{"width":1024,"height":1024,"url":"https:\/\/zkeshop.sk\/wp-content\/uploads\/2025\/01\/Copy-of-Intelligent-Retinol-3TR-B-1024x1024.png","type":"image\/png"}],"twitter_card":"summary_large_image","twitter_misc":{"Price":"46,00&nbsp;&euro;","Availability":"In stock"},"schema":{"@context":"https:\/\/schema.org","@graph":[{"@type":"WebPage","@id":"https:\/\/zkeshop.sk\/en\/produkt\/medik-8-intelligent-retinol-3-tr\/","url":"https:\/\/zkeshop.sk\/en\/produkt\/medik-8-intelligent-retinol-3-tr\/","name":"Medik 8 Intelligent Retinol 3 TR - ZK company","isPartOf":{"@id":"https:\/\/zkeshop.sk\/#website"},"primaryImageOfPage":{"@id":"https:\/\/zkeshop.sk\/en\/produkt\/medik-8-intelligent-retinol-3-tr\/#primaryimage"},"image":{"@id":"https:\/\/zkeshop.sk\/en\/produkt\/medik-8-intelligent-retinol-3-tr\/#primaryimage"},"thumbnailUrl":"https:\/\/zkeshop.sk\/wp-content\/uploads\/2025\/01\/Copy-of-Intelligent-Retinol-3TR-B.png","datePublished":"2025-01-14T17:23:24+00:00","dateModified":"2025-09-30T09:17:48+00:00","description":"Start your evening skincare routine with the super-intensive INTELLIGENT RETINOL 3TR serum with 0.3% vitamin A, squalane and climbazole.","breadcrumb":{"@id":"https:\/\/zkeshop.sk\/en\/produkt\/medik-8-intelligent-retinol-3-tr\/#breadcrumb"},"inLanguage":"en-US","potentialAction":[{"@type":"ReadAction","target":["https:\/\/zkeshop.sk\/en\/produkt\/medik-8-intelligent-retinol-3-tr\/"]}]},{"@type":"ImageObject","inLanguage":"en-US","@id":"https:\/\/zkeshop.sk\/en\/produkt\/medik-8-intelligent-retinol-3-tr\/#primaryimage","url":"https:\/\/zkeshop.sk\/wp-content\/uploads\/2025\/01\/Copy-of-Intelligent-Retinol-3TR-B.png","contentUrl":"https:\/\/zkeshop.sk\/wp-content\/uploads\/2025\/01\/Copy-of-Intelligent-Retinol-3TR-B.png","width":2000,"height":2000,"caption":"Na\u0161tartujte svoju ve\u010dern\u00fa starostlivos\u0165 o ple\u0165 super intenz\u00edvnym s\u00e9rom INTELLIGENT RETINOL 3TR s 0,3% vitam\u00ednom A, skvalanom a klimbazolom."},{"@type":"BreadcrumbList","@id":"https:\/\/zkeshop.sk\/en\/produkt\/medik-8-intelligent-retinol-3-tr\/#breadcrumb","itemListElement":[{"@type":"ListItem","position":1,"name":"Home","item":"https:\/\/zkeshop.sk\/"},{"@type":"ListItem","position":2,"name":"Shop","item":"https:\/\/zkeshop.sk\/obchod\/"},{"@type":"ListItem","position":3,"name":"Medik 8 Intelligent Retinol 3 TR"}]},{"@type":"WebSite","@id":"https:\/\/zkeshop.sk\/#website","url":"https:\/\/zkeshop.sk\/","name":"ZK company","description":"Kvalitn\u00e1 kozmetika pre ka\u017edodenn\u00e9 pou\u017eitie","potentialAction":[{"@type":"SearchAction","target":{"@type":"EntryPoint","urlTemplate":"https:\/\/zkeshop.sk\/?s={search_term_string}"},"query-input":{"@type":"PropertyValueSpecification","valueRequired":true,"valueName":"search_term_string"}}],"inLanguage":"en-US"}]},"product_price_amount":"46.00","product_price_currency":"EUR","og_availability":"instock","product_availability":"instock","product_condition":"new"},"_links":{"self":[{"href":"https:\/\/zkeshop.sk\/en\/wp-json\/wp\/v2\/product\/14612","targetHints":{"allow":["GET"]}}],"collection":[{"href":"https:\/\/zkeshop.sk\/en\/wp-json\/wp\/v2\/product"}],"about":[{"href":"https:\/\/zkeshop.sk\/en\/wp-json\/wp\/v2\/types\/product"}],"replies":[{"embeddable":true,"href":"https:\/\/zkeshop.sk\/en\/wp-json\/wp\/v2\/comments?post=14612"}],"version-history":[{"count":0,"href":"https:\/\/zkeshop.sk\/en\/wp-json\/wp\/v2\/product\/14612\/revisions"}],"wp:featuredmedia":[{"embeddable":true,"href":"https:\/\/zkeshop.sk\/en\/wp-json\/wp\/v2\/media\/14556"}],"wp:attachment":[{"href":"https:\/\/zkeshop.sk\/en\/wp-json\/wp\/v2\/media?parent=14612"}],"wp:term":[{"taxonomy":"product_brand","embeddable":true,"href":"https:\/\/zkeshop.sk\/en\/wp-json\/wp\/v2\/product_brand?post=14612"},{"taxonomy":"product_cat","embeddable":true,"href":"https:\/\/zkeshop.sk\/en\/wp-json\/wp\/v2\/product_cat?post=14612"},{"taxonomy":"product_tag","embeddable":true,"href":"https:\/\/zkeshop.sk\/en\/wp-json\/wp\/v2\/product_tag?post=14612"}],"curies":[{"name":"wp","href":"https:\/\/api.w.org\/{rel}","templated":true}]}}