{"id":14865,"date":"2024-06-22T12:17:14","date_gmt":"2024-06-22T10:17:14","guid":{"rendered":"https:\/\/zkeshop.sk\/produkt\/colostrum\/"},"modified":"2025-02-17T14:35:12","modified_gmt":"2025-02-17T13:35:12","slug":"colostrum","status":"publish","type":"product","link":"https:\/\/zkeshop.sk\/en\/produkt\/colostrum\/","title":{"rendered":"Colostrum"},"content":{"rendered":"<p>Bovine (cow) colostrum contains antibodies, a number of immune and growth factors. Colostrum has a proven origin, it is obtained exclusively from specially selected, completely healthy cows from the Czech Republic and Slovakia. The product contains precisely defined amounts of active substances (min. 30% of immunoglobulins in one capsule). Colostrum or colostrum is a fluid that is secreted by the mother&#8217;s mammary gland within 48 hours after birth. It is a unique source of nutrients that a newborn baby needs in the first critical days after birth.    <\/p>\n<p>&nbsp;<\/p>\n<p><strong>Ingredients per 1 capsule:<\/strong> colostrum (bovine) 100% 500 mg, vitamin C in the form of ascorbic acid 45 mg \/50% RH\/, packaging &#8211; gelatin. Contains at least 30% immunoglobulins. <\/p>\n<p><strong>Dosage: <\/strong>1 &#8211; 2 capsules per day with plenty of fluids.<\/p>\n<p><strong>Package: 30 capsules<\/strong><\/p>\n<p>Note: The established recommended daily dose must not be exceeded! The dietary supplement must not be used as a substitute for a varied and varied diet! Not suitable for children under 3 years of age.  <\/p>\n<p>It is recommended to store the dietary supplement out of the reach of small children.<\/p>\n<p>Store in a dry place at a temperature below 25 \u00b0C.<\/p>\n","protected":false},"excerpt":{"rendered":"<p>Colostrum has a proven origin, it is obtained exclusively from specially selected, completely healthy cows. Content of 1 capsule with a minimum of 30% immunoglobulins and vitamin C. <\/p>\n","protected":false},"featured_media":12864,"comment_status":"open","ping_status":"closed","template":"","meta":[],"product_brand":[],"product_cat":[91,121],"product_tag":[],"class_list":{"0":"post-14865","1":"product","2":"type-product","3":"status-publish","4":"has-post-thumbnail","6":"product_cat-nutritional-supplements","7":"product_cat-nutritional-supplements-for-adults","9":"first","10":"instock","11":"taxable","12":"shipping-taxable","13":"purchasable","14":"product-type-simple"},"yoast_head":"<!-- This site is optimized with the Yoast SEO Premium plugin v27.3 (Yoast SEO v27.3) - https:\/\/yoast.com\/product\/yoast-seo-premium-wordpress\/ -->\n<title>Colostrum - ZK company<\/title>\n<meta name=\"robots\" content=\"index, follow, max-snippet:-1, max-image-preview:large, max-video-preview:-1\" \/>\n<link rel=\"canonical\" href=\"https:\/\/zkeshop.sk\/produkt\/12914\/\" \/>\n<meta property=\"og:locale\" content=\"en_US\" \/>\n<meta property=\"og:type\" content=\"article\" \/>\n<meta property=\"og:title\" content=\"Colostrum\" \/>\n<meta property=\"og:description\" content=\"Colostrum has a proven origin, it is obtained exclusively from specially selected, completely healthy cows. Content of 1 capsule with a minimum of 30% immunoglobulins and vitamin C.\" \/>\n<meta property=\"og:url\" content=\"https:\/\/zkeshop.sk\/produkt\/12914\/\" \/>\n<meta property=\"og:site_name\" content=\"ZK company\" \/>\n<meta property=\"article:modified_time\" content=\"2025-02-17T13:35:12+00:00\" \/>\n<meta property=\"og:image\" content=\"https:\/\/zkeshop.sk\/wp-content\/uploads\/2024\/06\/Kolostrum-30-cps-SK.jpg\" \/>\n\t<meta property=\"og:image:width\" content=\"1080\" \/>\n\t<meta property=\"og:image:height\" content=\"1080\" \/>\n\t<meta property=\"og:image:type\" content=\"image\/jpeg\" \/>\n<meta name=\"twitter:card\" content=\"summary_large_image\" \/>\n<meta name=\"twitter:label1\" content=\"Price\" \/>\n\t<meta name=\"twitter:data1\" content=\"12,50&nbsp;&euro;\" \/>\n\t<meta name=\"twitter:label2\" content=\"Availability\" \/>\n\t<meta name=\"twitter:data2\" content=\"In stock\" \/>\n<script type=\"application\/ld+json\" class=\"yoast-schema-graph\">{\"@context\":\"https:\\\/\\\/schema.org\",\"@graph\":[{\"@type\":\"WebPage\",\"@id\":\"https:\\\/\\\/zkeshop.sk\\\/produkt\\\/12914\\\/\",\"url\":\"https:\\\/\\\/zkeshop.sk\\\/produkt\\\/12914\\\/\",\"name\":\"Colostrum - ZK company\",\"isPartOf\":{\"@id\":\"https:\\\/\\\/zkeshop.sk\\\/#website\"},\"primaryImageOfPage\":{\"@id\":\"https:\\\/\\\/zkeshop.sk\\\/produkt\\\/12914\\\/#primaryimage\"},\"image\":{\"@id\":\"https:\\\/\\\/zkeshop.sk\\\/produkt\\\/12914\\\/#primaryimage\"},\"thumbnailUrl\":\"https:\\\/\\\/zkeshop.sk\\\/wp-content\\\/uploads\\\/2024\\\/06\\\/Kolostrum-30-cps-SK.jpg\",\"datePublished\":\"2024-06-22T10:17:14+00:00\",\"dateModified\":\"2025-02-17T13:35:12+00:00\",\"breadcrumb\":{\"@id\":\"https:\\\/\\\/zkeshop.sk\\\/produkt\\\/12914\\\/#breadcrumb\"},\"inLanguage\":\"en-US\",\"potentialAction\":[{\"@type\":\"ReadAction\",\"target\":[\"https:\\\/\\\/zkeshop.sk\\\/produkt\\\/12914\\\/\"]}]},{\"@type\":\"ImageObject\",\"inLanguage\":\"en-US\",\"@id\":\"https:\\\/\\\/zkeshop.sk\\\/produkt\\\/12914\\\/#primaryimage\",\"url\":\"https:\\\/\\\/zkeshop.sk\\\/wp-content\\\/uploads\\\/2024\\\/06\\\/Kolostrum-30-cps-SK.jpg\",\"contentUrl\":\"https:\\\/\\\/zkeshop.sk\\\/wp-content\\\/uploads\\\/2024\\\/06\\\/Kolostrum-30-cps-SK.jpg\",\"width\":1080,\"height\":1080,\"caption\":\"Kolostrum s vysok\u00fdm obsahom imunoglobul\u00ednov pre prirodzen\u00fa podporu imunity a regener\u00e1cie. Podporte svoju obranyschopnos\u0165 prirodzenou cestou.\"},{\"@type\":\"BreadcrumbList\",\"@id\":\"https:\\\/\\\/zkeshop.sk\\\/produkt\\\/12914\\\/#breadcrumb\",\"itemListElement\":[{\"@type\":\"ListItem\",\"position\":1,\"name\":\"Home\",\"item\":\"https:\\\/\\\/zkeshop.sk\\\/\"},{\"@type\":\"ListItem\",\"position\":2,\"name\":\"Shop\",\"item\":\"https:\\\/\\\/zkeshop.sk\\\/obchod\\\/\"},{\"@type\":\"ListItem\",\"position\":3,\"name\":\"Colostrum\"}]},{\"@type\":\"WebSite\",\"@id\":\"https:\\\/\\\/zkeshop.sk\\\/#website\",\"url\":\"https:\\\/\\\/zkeshop.sk\\\/\",\"name\":\"ZK company\",\"description\":\"Kvalitn\u00e1 kozmetika pre ka\u017edodenn\u00e9 pou\u017eitie\",\"potentialAction\":[{\"@type\":\"SearchAction\",\"target\":{\"@type\":\"EntryPoint\",\"urlTemplate\":\"https:\\\/\\\/zkeshop.sk\\\/?s={search_term_string}\"},\"query-input\":{\"@type\":\"PropertyValueSpecification\",\"valueRequired\":true,\"valueName\":\"search_term_string\"}}],\"inLanguage\":\"en-US\"}]}<\/script>\n<meta property=\"product:price:amount\" content=\"12.50\" \/>\n<meta property=\"product:price:currency\" content=\"EUR\" \/>\n<meta property=\"og:availability\" content=\"instock\" \/>\n<meta property=\"product:availability\" content=\"instock\" \/>\n<meta property=\"product:condition\" content=\"new\" \/>\n<!-- \/ Yoast SEO Premium plugin. -->","yoast_head_json":{"title":"Colostrum - ZK company","robots":{"index":"index","follow":"follow","max-snippet":"max-snippet:-1","max-image-preview":"max-image-preview:large","max-video-preview":"max-video-preview:-1"},"canonical":"https:\/\/zkeshop.sk\/produkt\/12914\/","og_locale":"en_US","og_type":"article","og_title":"Colostrum","og_description":"Colostrum has a proven origin, it is obtained exclusively from specially selected, completely healthy cows. Content of 1 capsule with a minimum of 30% immunoglobulins and vitamin C.","og_url":"https:\/\/zkeshop.sk\/produkt\/12914\/","og_site_name":"ZK company","article_modified_time":"2025-02-17T13:35:12+00:00","og_image":[{"width":1080,"height":1080,"url":"https:\/\/zkeshop.sk\/wp-content\/uploads\/2024\/06\/Kolostrum-30-cps-SK.jpg","type":"image\/jpeg"}],"twitter_card":"summary_large_image","twitter_misc":{"Price":"12,50&nbsp;&euro;","Availability":"In stock"},"schema":{"@context":"https:\/\/schema.org","@graph":[{"@type":"WebPage","@id":"https:\/\/zkeshop.sk\/produkt\/12914\/","url":"https:\/\/zkeshop.sk\/produkt\/12914\/","name":"Colostrum - ZK company","isPartOf":{"@id":"https:\/\/zkeshop.sk\/#website"},"primaryImageOfPage":{"@id":"https:\/\/zkeshop.sk\/produkt\/12914\/#primaryimage"},"image":{"@id":"https:\/\/zkeshop.sk\/produkt\/12914\/#primaryimage"},"thumbnailUrl":"https:\/\/zkeshop.sk\/wp-content\/uploads\/2024\/06\/Kolostrum-30-cps-SK.jpg","datePublished":"2024-06-22T10:17:14+00:00","dateModified":"2025-02-17T13:35:12+00:00","breadcrumb":{"@id":"https:\/\/zkeshop.sk\/produkt\/12914\/#breadcrumb"},"inLanguage":"en-US","potentialAction":[{"@type":"ReadAction","target":["https:\/\/zkeshop.sk\/produkt\/12914\/"]}]},{"@type":"ImageObject","inLanguage":"en-US","@id":"https:\/\/zkeshop.sk\/produkt\/12914\/#primaryimage","url":"https:\/\/zkeshop.sk\/wp-content\/uploads\/2024\/06\/Kolostrum-30-cps-SK.jpg","contentUrl":"https:\/\/zkeshop.sk\/wp-content\/uploads\/2024\/06\/Kolostrum-30-cps-SK.jpg","width":1080,"height":1080,"caption":"Kolostrum s vysok\u00fdm obsahom imunoglobul\u00ednov pre prirodzen\u00fa podporu imunity a regener\u00e1cie. Podporte svoju obranyschopnos\u0165 prirodzenou cestou."},{"@type":"BreadcrumbList","@id":"https:\/\/zkeshop.sk\/produkt\/12914\/#breadcrumb","itemListElement":[{"@type":"ListItem","position":1,"name":"Home","item":"https:\/\/zkeshop.sk\/"},{"@type":"ListItem","position":2,"name":"Shop","item":"https:\/\/zkeshop.sk\/obchod\/"},{"@type":"ListItem","position":3,"name":"Colostrum"}]},{"@type":"WebSite","@id":"https:\/\/zkeshop.sk\/#website","url":"https:\/\/zkeshop.sk\/","name":"ZK company","description":"Kvalitn\u00e1 kozmetika pre ka\u017edodenn\u00e9 pou\u017eitie","potentialAction":[{"@type":"SearchAction","target":{"@type":"EntryPoint","urlTemplate":"https:\/\/zkeshop.sk\/?s={search_term_string}"},"query-input":{"@type":"PropertyValueSpecification","valueRequired":true,"valueName":"search_term_string"}}],"inLanguage":"en-US"}]},"product_price_amount":"12.50","product_price_currency":"EUR","og_availability":"instock","product_availability":"instock","product_condition":"new"},"_links":{"self":[{"href":"https:\/\/zkeshop.sk\/en\/wp-json\/wp\/v2\/product\/14865","targetHints":{"allow":["GET"]}}],"collection":[{"href":"https:\/\/zkeshop.sk\/en\/wp-json\/wp\/v2\/product"}],"about":[{"href":"https:\/\/zkeshop.sk\/en\/wp-json\/wp\/v2\/types\/product"}],"replies":[{"embeddable":true,"href":"https:\/\/zkeshop.sk\/en\/wp-json\/wp\/v2\/comments?post=14865"}],"version-history":[{"count":0,"href":"https:\/\/zkeshop.sk\/en\/wp-json\/wp\/v2\/product\/14865\/revisions"}],"wp:featuredmedia":[{"embeddable":true,"href":"https:\/\/zkeshop.sk\/en\/wp-json\/wp\/v2\/media\/12864"}],"wp:attachment":[{"href":"https:\/\/zkeshop.sk\/en\/wp-json\/wp\/v2\/media?parent=14865"}],"wp:term":[{"taxonomy":"product_brand","embeddable":true,"href":"https:\/\/zkeshop.sk\/en\/wp-json\/wp\/v2\/product_brand?post=14865"},{"taxonomy":"product_cat","embeddable":true,"href":"https:\/\/zkeshop.sk\/en\/wp-json\/wp\/v2\/product_cat?post=14865"},{"taxonomy":"product_tag","embeddable":true,"href":"https:\/\/zkeshop.sk\/en\/wp-json\/wp\/v2\/product_tag?post=14865"}],"curies":[{"name":"wp","href":"https:\/\/api.w.org\/{rel}","templated":true}]}}