{"id":14866,"date":"2024-06-22T12:21:32","date_gmt":"2024-06-22T10:21:32","guid":{"rendered":"https:\/\/zkeshop.sk\/produkt\/tribulus-terrestris\/"},"modified":"2025-03-03T10:21:59","modified_gmt":"2025-03-03T09:21:59","slug":"tribulus-terrestris","status":"publish","type":"product","link":"https:\/\/zkeshop.sk\/en\/produkt\/tribulus-terrestris\/","title":{"rendered":"Tribulus Terrestris"},"content":{"rendered":"<p>The product contains Tribulus terrestris plant extract. Tribulus increases strength and is also suitable for explosive workouts. It is also suitable for vegans.  <\/p>\n<p><strong>Ingredients per tablet: <\/strong>Tribulus Terrestris 500 mg, contains 40% saponins<\/p>\n<p><strong>Dosage: <\/strong>2 &#8211; 3 tablets per day<\/p>\n<p><strong>Package:<\/strong> 120 + 30 free tablets<\/p>\n<p>Note: The established recommended daily dose must not be exceeded! The dietary supplement must not be used as a substitute for a varied and varied diet!  Not suitable for children under 18 years of age , pregnant and lactating women.<\/p>\n<p>It is recommended to store the dietary supplement out of the reach of small children.<\/p>\n<p>Store in a dry place at a temperature below 25 \u00b0C.<\/p>\n","protected":false},"excerpt":{"rendered":"<h4><span style=\"color: #ff0000;\"><strong>3+1 FREE ACTION. Put 3 products in your cart and you automatically get the fourth one for FREE. <\/strong><\/span><\/h4>\n<p>Tribulus Terrestris is a powerful extract from the earth anemone plant known in the fitness world. Its active ingredients are saponins, which are known as a natural steroid substitute. It is commonly added to products designed to increase performance and strength. Tribulus Terrestris is so popular especially among men who seek to increase testosterone levels, better sports performance, recovery or muscle growth.   <\/p>\n","protected":false},"featured_media":12891,"comment_status":"open","ping_status":"closed","template":"","meta":[],"product_brand":[],"product_cat":[91,121],"product_tag":[],"class_list":{"0":"post-14866","1":"product","2":"type-product","3":"status-publish","4":"has-post-thumbnail","6":"product_cat-nutritional-supplements","7":"product_cat-nutritional-supplements-for-adults","9":"first","10":"instock","11":"taxable","12":"shipping-taxable","13":"purchasable","14":"product-type-simple"},"yoast_head":"<!-- This site is optimized with the Yoast SEO Premium plugin v27.3 (Yoast SEO v27.3) - https:\/\/yoast.com\/product\/yoast-seo-premium-wordpress\/ -->\n<title>Tribulus Terrestris - ZK company<\/title>\n<meta name=\"robots\" content=\"index, follow, max-snippet:-1, max-image-preview:large, max-video-preview:-1\" \/>\n<link rel=\"canonical\" href=\"https:\/\/zkeshop.sk\/produkt\/12919\/\" \/>\n<meta property=\"og:locale\" content=\"en_US\" \/>\n<meta property=\"og:type\" content=\"article\" \/>\n<meta property=\"og:title\" content=\"Tribulus Terrestris\" \/>\n<meta property=\"og:description\" content=\"3+1 FREE ACTION. Put 3 products in your cart and you automatically get the fourth one for FREE. Tribulus Terrestris is a powerful extract from the earth anemone plant known in the fitness world. Its active ingredients are saponins, which are known as a natural steroid substitute. It is commonly added to products designed to increase performance and strength. Tribulus Terrestris is so popular especially among men who seek to increase testosterone levels, better sports performance, recovery or muscle growth.\" \/>\n<meta property=\"og:url\" content=\"https:\/\/zkeshop.sk\/produkt\/12919\/\" \/>\n<meta property=\"og:site_name\" content=\"ZK company\" \/>\n<meta property=\"article:modified_time\" content=\"2025-03-03T09:21:59+00:00\" \/>\n<meta property=\"og:image\" content=\"https:\/\/zkeshop.sk\/wp-content\/uploads\/2024\/06\/Tribulus-12030-tbl-SK.jpg\" \/>\n\t<meta property=\"og:image:width\" content=\"1080\" \/>\n\t<meta property=\"og:image:height\" content=\"1080\" \/>\n\t<meta property=\"og:image:type\" content=\"image\/jpeg\" \/>\n<meta name=\"twitter:card\" content=\"summary_large_image\" \/>\n<meta name=\"twitter:label1\" content=\"Price\" \/>\n\t<meta name=\"twitter:data1\" content=\"20,00&nbsp;&euro;\" \/>\n\t<meta name=\"twitter:label2\" content=\"Availability\" \/>\n\t<meta name=\"twitter:data2\" content=\"In stock\" \/>\n<script type=\"application\/ld+json\" class=\"yoast-schema-graph\">{\"@context\":\"https:\\\/\\\/schema.org\",\"@graph\":[{\"@type\":\"WebPage\",\"@id\":\"https:\\\/\\\/zkeshop.sk\\\/produkt\\\/12919\\\/\",\"url\":\"https:\\\/\\\/zkeshop.sk\\\/produkt\\\/12919\\\/\",\"name\":\"Tribulus Terrestris - ZK company\",\"isPartOf\":{\"@id\":\"https:\\\/\\\/zkeshop.sk\\\/#website\"},\"primaryImageOfPage\":{\"@id\":\"https:\\\/\\\/zkeshop.sk\\\/produkt\\\/12919\\\/#primaryimage\"},\"image\":{\"@id\":\"https:\\\/\\\/zkeshop.sk\\\/produkt\\\/12919\\\/#primaryimage\"},\"thumbnailUrl\":\"https:\\\/\\\/zkeshop.sk\\\/wp-content\\\/uploads\\\/2024\\\/06\\\/Tribulus-12030-tbl-SK.jpg\",\"datePublished\":\"2024-06-22T10:21:32+00:00\",\"dateModified\":\"2025-03-03T09:21:59+00:00\",\"breadcrumb\":{\"@id\":\"https:\\\/\\\/zkeshop.sk\\\/produkt\\\/12919\\\/#breadcrumb\"},\"inLanguage\":\"en-US\",\"potentialAction\":[{\"@type\":\"ReadAction\",\"target\":[\"https:\\\/\\\/zkeshop.sk\\\/produkt\\\/12919\\\/\"]}]},{\"@type\":\"ImageObject\",\"inLanguage\":\"en-US\",\"@id\":\"https:\\\/\\\/zkeshop.sk\\\/produkt\\\/12919\\\/#primaryimage\",\"url\":\"https:\\\/\\\/zkeshop.sk\\\/wp-content\\\/uploads\\\/2024\\\/06\\\/Tribulus-12030-tbl-SK.jpg\",\"contentUrl\":\"https:\\\/\\\/zkeshop.sk\\\/wp-content\\\/uploads\\\/2024\\\/06\\\/Tribulus-12030-tbl-SK.jpg\",\"width\":1080,\"height\":1080,\"caption\":\"Pr\u00edrodn\u00e1 podpora testoster\u00f3nu a fyzick\u00e9ho v\u00fdkonu. Tribulus Terrestris so 40 % sapon\u00ednmi pre silu, rast svalov a lep\u0161iu regener\u00e1ciu.\"},{\"@type\":\"BreadcrumbList\",\"@id\":\"https:\\\/\\\/zkeshop.sk\\\/produkt\\\/12919\\\/#breadcrumb\",\"itemListElement\":[{\"@type\":\"ListItem\",\"position\":1,\"name\":\"Home\",\"item\":\"https:\\\/\\\/zkeshop.sk\\\/\"},{\"@type\":\"ListItem\",\"position\":2,\"name\":\"Shop\",\"item\":\"https:\\\/\\\/zkeshop.sk\\\/obchod\\\/\"},{\"@type\":\"ListItem\",\"position\":3,\"name\":\"Tribulus Terrestris\"}]},{\"@type\":\"WebSite\",\"@id\":\"https:\\\/\\\/zkeshop.sk\\\/#website\",\"url\":\"https:\\\/\\\/zkeshop.sk\\\/\",\"name\":\"ZK company\",\"description\":\"Kvalitn\u00e1 kozmetika pre ka\u017edodenn\u00e9 pou\u017eitie\",\"potentialAction\":[{\"@type\":\"SearchAction\",\"target\":{\"@type\":\"EntryPoint\",\"urlTemplate\":\"https:\\\/\\\/zkeshop.sk\\\/?s={search_term_string}\"},\"query-input\":{\"@type\":\"PropertyValueSpecification\",\"valueRequired\":true,\"valueName\":\"search_term_string\"}}],\"inLanguage\":\"en-US\"}]}<\/script>\n<meta property=\"product:price:amount\" content=\"20.00\" \/>\n<meta property=\"product:price:currency\" content=\"EUR\" \/>\n<meta property=\"og:availability\" content=\"instock\" \/>\n<meta property=\"product:availability\" content=\"instock\" \/>\n<meta property=\"product:condition\" content=\"new\" \/>\n<!-- \/ Yoast SEO Premium plugin. -->","yoast_head_json":{"title":"Tribulus Terrestris - ZK company","robots":{"index":"index","follow":"follow","max-snippet":"max-snippet:-1","max-image-preview":"max-image-preview:large","max-video-preview":"max-video-preview:-1"},"canonical":"https:\/\/zkeshop.sk\/produkt\/12919\/","og_locale":"en_US","og_type":"article","og_title":"Tribulus Terrestris","og_description":"3+1 FREE ACTION. Put 3 products in your cart and you automatically get the fourth one for FREE. Tribulus Terrestris is a powerful extract from the earth anemone plant known in the fitness world. Its active ingredients are saponins, which are known as a natural steroid substitute. It is commonly added to products designed to increase performance and strength. Tribulus Terrestris is so popular especially among men who seek to increase testosterone levels, better sports performance, recovery or muscle growth.","og_url":"https:\/\/zkeshop.sk\/produkt\/12919\/","og_site_name":"ZK company","article_modified_time":"2025-03-03T09:21:59+00:00","og_image":[{"width":1080,"height":1080,"url":"https:\/\/zkeshop.sk\/wp-content\/uploads\/2024\/06\/Tribulus-12030-tbl-SK.jpg","type":"image\/jpeg"}],"twitter_card":"summary_large_image","twitter_misc":{"Price":"20,00&nbsp;&euro;","Availability":"In stock"},"schema":{"@context":"https:\/\/schema.org","@graph":[{"@type":"WebPage","@id":"https:\/\/zkeshop.sk\/produkt\/12919\/","url":"https:\/\/zkeshop.sk\/produkt\/12919\/","name":"Tribulus Terrestris - ZK company","isPartOf":{"@id":"https:\/\/zkeshop.sk\/#website"},"primaryImageOfPage":{"@id":"https:\/\/zkeshop.sk\/produkt\/12919\/#primaryimage"},"image":{"@id":"https:\/\/zkeshop.sk\/produkt\/12919\/#primaryimage"},"thumbnailUrl":"https:\/\/zkeshop.sk\/wp-content\/uploads\/2024\/06\/Tribulus-12030-tbl-SK.jpg","datePublished":"2024-06-22T10:21:32+00:00","dateModified":"2025-03-03T09:21:59+00:00","breadcrumb":{"@id":"https:\/\/zkeshop.sk\/produkt\/12919\/#breadcrumb"},"inLanguage":"en-US","potentialAction":[{"@type":"ReadAction","target":["https:\/\/zkeshop.sk\/produkt\/12919\/"]}]},{"@type":"ImageObject","inLanguage":"en-US","@id":"https:\/\/zkeshop.sk\/produkt\/12919\/#primaryimage","url":"https:\/\/zkeshop.sk\/wp-content\/uploads\/2024\/06\/Tribulus-12030-tbl-SK.jpg","contentUrl":"https:\/\/zkeshop.sk\/wp-content\/uploads\/2024\/06\/Tribulus-12030-tbl-SK.jpg","width":1080,"height":1080,"caption":"Pr\u00edrodn\u00e1 podpora testoster\u00f3nu a fyzick\u00e9ho v\u00fdkonu. Tribulus Terrestris so 40 % sapon\u00ednmi pre silu, rast svalov a lep\u0161iu regener\u00e1ciu."},{"@type":"BreadcrumbList","@id":"https:\/\/zkeshop.sk\/produkt\/12919\/#breadcrumb","itemListElement":[{"@type":"ListItem","position":1,"name":"Home","item":"https:\/\/zkeshop.sk\/"},{"@type":"ListItem","position":2,"name":"Shop","item":"https:\/\/zkeshop.sk\/obchod\/"},{"@type":"ListItem","position":3,"name":"Tribulus Terrestris"}]},{"@type":"WebSite","@id":"https:\/\/zkeshop.sk\/#website","url":"https:\/\/zkeshop.sk\/","name":"ZK company","description":"Kvalitn\u00e1 kozmetika pre ka\u017edodenn\u00e9 pou\u017eitie","potentialAction":[{"@type":"SearchAction","target":{"@type":"EntryPoint","urlTemplate":"https:\/\/zkeshop.sk\/?s={search_term_string}"},"query-input":{"@type":"PropertyValueSpecification","valueRequired":true,"valueName":"search_term_string"}}],"inLanguage":"en-US"}]},"product_price_amount":"20.00","product_price_currency":"EUR","og_availability":"instock","product_availability":"instock","product_condition":"new"},"_links":{"self":[{"href":"https:\/\/zkeshop.sk\/en\/wp-json\/wp\/v2\/product\/14866","targetHints":{"allow":["GET"]}}],"collection":[{"href":"https:\/\/zkeshop.sk\/en\/wp-json\/wp\/v2\/product"}],"about":[{"href":"https:\/\/zkeshop.sk\/en\/wp-json\/wp\/v2\/types\/product"}],"replies":[{"embeddable":true,"href":"https:\/\/zkeshop.sk\/en\/wp-json\/wp\/v2\/comments?post=14866"}],"version-history":[{"count":0,"href":"https:\/\/zkeshop.sk\/en\/wp-json\/wp\/v2\/product\/14866\/revisions"}],"wp:featuredmedia":[{"embeddable":true,"href":"https:\/\/zkeshop.sk\/en\/wp-json\/wp\/v2\/media\/12891"}],"wp:attachment":[{"href":"https:\/\/zkeshop.sk\/en\/wp-json\/wp\/v2\/media?parent=14866"}],"wp:term":[{"taxonomy":"product_brand","embeddable":true,"href":"https:\/\/zkeshop.sk\/en\/wp-json\/wp\/v2\/product_brand?post=14866"},{"taxonomy":"product_cat","embeddable":true,"href":"https:\/\/zkeshop.sk\/en\/wp-json\/wp\/v2\/product_cat?post=14866"},{"taxonomy":"product_tag","embeddable":true,"href":"https:\/\/zkeshop.sk\/en\/wp-json\/wp\/v2\/product_tag?post=14866"}],"curies":[{"name":"wp","href":"https:\/\/api.w.org\/{rel}","templated":true}]}}