{"id":14870,"date":"2024-06-22T12:19:30","date_gmt":"2024-06-22T10:19:30","guid":{"rendered":"https:\/\/zkeshop.sk\/produkt\/bulgarian-tribulus\/"},"modified":"2025-08-18T19:35:26","modified_gmt":"2025-08-18T17:35:26","slug":"bulgarian-tribulus","status":"publish","type":"product","link":"https:\/\/zkeshop.sk\/en\/produkt\/bulgarian-tribulus\/","title":{"rendered":"Bulgarian Tribulus"},"content":{"rendered":"<p>Bulgarian Tribulus is considered to be the strongest tribulus-based product on the market. This leadership is due to its up to 60% protodioscin content, which is the most potent of the saponins in Tribulus and helps to act to increase both testosterone and libido. <\/p>\n<p><strong>Ingredients for 1 capsule<\/strong>: Bulgarian Tribulus Terrestris extract \/Ground Anemone\/ standardized to 60% protodioscin 220 mg, bulking agent &#8211; microcrystalline cellulose, emulsifier &#8211; stearate of heath \/vegetable\/, packaging agent &#8211; gelatine.<\/p>\n<p><strong>Dosage:<\/strong> 1 &#8211; 2 capsules 3 times a day after a meal with plenty of fluids.<\/p>\n<p><strong>Packing: 90 capsules<\/strong><\/p>\n<p>Minimum shelf life: see packaging. Not intended for children under 18 years of age, pregnant and lactating women.<\/p>\n<p>The dietary supplement must not be used as a substitute for a varied diet.<\/p>\n<p>Store in a dry place at a temperature below 25C\u00b0, keep out of reach of small children.<\/p>\n<p>The established recommended daily dose must not be exceeded.<\/p>\n<p>After 6-8 weeks of use, it is recommended to include a break of 1-2 weeks.<\/p>\n","protected":false},"excerpt":{"rendered":"<h4><span style=\"color: #ff0000;\"><strong>3+1 FREE ACTION. Put 3 products in your cart and you automatically get the fourth one for FREE. <\/strong><\/span><\/h4>\n<p>For the production of the extract is used wild-growing Tribulus terrestris harvested in Bulgaria. The obtained extract is standardized to 60% protodioscin. Additionally, Bulgarian Tribulus is standardized to 10% tannins and 10% flavonoids, ensuring the full spectrum of benefits this herb has to offer.  <\/p>\n","protected":false},"featured_media":12918,"comment_status":"open","ping_status":"closed","template":"","meta":[],"product_brand":[],"product_cat":[91,121],"product_tag":[],"class_list":{"0":"post-14870","1":"product","2":"type-product","3":"status-publish","4":"has-post-thumbnail","6":"product_cat-nutritional-supplements","7":"product_cat-nutritional-supplements-for-adults","9":"first","10":"instock","11":"sale","12":"taxable","13":"shipping-taxable","14":"purchasable","15":"product-type-simple"},"yoast_head":"<!-- This site is optimized with the Yoast SEO Premium plugin v27.3 (Yoast SEO v27.3) - https:\/\/yoast.com\/product\/yoast-seo-premium-wordpress\/ -->\n<title>Bulgarian Tribulus - ZK company<\/title>\n<meta name=\"robots\" content=\"index, follow, max-snippet:-1, max-image-preview:large, max-video-preview:-1\" \/>\n<link rel=\"canonical\" href=\"https:\/\/zkeshop.sk\/produkt\/12915\/\" \/>\n<meta property=\"og:locale\" content=\"en_US\" \/>\n<meta property=\"og:type\" content=\"article\" \/>\n<meta property=\"og:title\" content=\"Bulgarian Tribulus\" \/>\n<meta property=\"og:description\" content=\"3+1 FREE ACTION. Put 3 products in your cart and you automatically get the fourth one for FREE. For the production of the extract is used wild-growing Tribulus terrestris harvested in Bulgaria. The obtained extract is standardized to 60% protodioscin. Additionally, Bulgarian Tribulus is standardized to 10% tannins and 10% flavonoids, ensuring the full spectrum of benefits this herb has to offer.\" \/>\n<meta property=\"og:url\" content=\"https:\/\/zkeshop.sk\/produkt\/12915\/\" \/>\n<meta property=\"og:site_name\" content=\"ZK company\" \/>\n<meta property=\"article:modified_time\" content=\"2025-08-18T17:35:26+00:00\" \/>\n<meta property=\"og:image\" content=\"https:\/\/zkeshop.sk\/wp-content\/uploads\/2024\/06\/Bulharsky-Tribulus-90-cps-SK.jpg\" \/>\n\t<meta property=\"og:image:width\" content=\"1080\" \/>\n\t<meta property=\"og:image:height\" content=\"1080\" \/>\n\t<meta property=\"og:image:type\" content=\"image\/jpeg\" \/>\n<meta name=\"twitter:card\" content=\"summary_large_image\" \/>\n<meta name=\"twitter:label1\" content=\"Price\" \/>\n\t<meta name=\"twitter:data1\" content=\"20,00&nbsp;&euro;\" \/>\n\t<meta name=\"twitter:label2\" content=\"Availability\" \/>\n\t<meta name=\"twitter:data2\" content=\"In stock\" \/>\n<script type=\"application\/ld+json\" class=\"yoast-schema-graph\">{\"@context\":\"https:\\\/\\\/schema.org\",\"@graph\":[{\"@type\":\"WebPage\",\"@id\":\"https:\\\/\\\/zkeshop.sk\\\/produkt\\\/12915\\\/\",\"url\":\"https:\\\/\\\/zkeshop.sk\\\/produkt\\\/12915\\\/\",\"name\":\"Bulgarian Tribulus - ZK company\",\"isPartOf\":{\"@id\":\"https:\\\/\\\/zkeshop.sk\\\/#website\"},\"primaryImageOfPage\":{\"@id\":\"https:\\\/\\\/zkeshop.sk\\\/produkt\\\/12915\\\/#primaryimage\"},\"image\":{\"@id\":\"https:\\\/\\\/zkeshop.sk\\\/produkt\\\/12915\\\/#primaryimage\"},\"thumbnailUrl\":\"https:\\\/\\\/zkeshop.sk\\\/wp-content\\\/uploads\\\/2024\\\/06\\\/Bulharsky-Tribulus-90-cps-SK.jpg\",\"datePublished\":\"2024-06-22T10:19:30+00:00\",\"dateModified\":\"2025-08-18T17:35:26+00:00\",\"breadcrumb\":{\"@id\":\"https:\\\/\\\/zkeshop.sk\\\/produkt\\\/12915\\\/#breadcrumb\"},\"inLanguage\":\"en-US\",\"potentialAction\":[{\"@type\":\"ReadAction\",\"target\":[\"https:\\\/\\\/zkeshop.sk\\\/produkt\\\/12915\\\/\"]}]},{\"@type\":\"ImageObject\",\"inLanguage\":\"en-US\",\"@id\":\"https:\\\/\\\/zkeshop.sk\\\/produkt\\\/12915\\\/#primaryimage\",\"url\":\"https:\\\/\\\/zkeshop.sk\\\/wp-content\\\/uploads\\\/2024\\\/06\\\/Bulharsky-Tribulus-90-cps-SK.jpg\",\"contentUrl\":\"https:\\\/\\\/zkeshop.sk\\\/wp-content\\\/uploads\\\/2024\\\/06\\\/Bulharsky-Tribulus-90-cps-SK.jpg\",\"width\":1080,\"height\":1080,\"caption\":\"Bulharsk\u00fd Tribulus s 60 % protodiosc\u00ednu pre podporu testoster\u00f3nu a v\u00fdkonu.\"},{\"@type\":\"BreadcrumbList\",\"@id\":\"https:\\\/\\\/zkeshop.sk\\\/produkt\\\/12915\\\/#breadcrumb\",\"itemListElement\":[{\"@type\":\"ListItem\",\"position\":1,\"name\":\"Home\",\"item\":\"https:\\\/\\\/zkeshop.sk\\\/\"},{\"@type\":\"ListItem\",\"position\":2,\"name\":\"Shop\",\"item\":\"https:\\\/\\\/zkeshop.sk\\\/obchod\\\/\"},{\"@type\":\"ListItem\",\"position\":3,\"name\":\"Bulgarian Tribulus\"}]},{\"@type\":\"WebSite\",\"@id\":\"https:\\\/\\\/zkeshop.sk\\\/#website\",\"url\":\"https:\\\/\\\/zkeshop.sk\\\/\",\"name\":\"ZK company\",\"description\":\"Kvalitn\u00e1 kozmetika pre ka\u017edodenn\u00e9 pou\u017eitie\",\"potentialAction\":[{\"@type\":\"SearchAction\",\"target\":{\"@type\":\"EntryPoint\",\"urlTemplate\":\"https:\\\/\\\/zkeshop.sk\\\/?s={search_term_string}\"},\"query-input\":{\"@type\":\"PropertyValueSpecification\",\"valueRequired\":true,\"valueName\":\"search_term_string\"}}],\"inLanguage\":\"en-US\"}]}<\/script>\n<meta property=\"product:price:amount\" content=\"20.00\" \/>\n<meta property=\"product:price:currency\" content=\"EUR\" \/>\n<meta property=\"og:availability\" content=\"instock\" \/>\n<meta property=\"product:availability\" content=\"instock\" \/>\n<meta property=\"product:condition\" content=\"new\" \/>\n<!-- \/ Yoast SEO Premium plugin. -->","yoast_head_json":{"title":"Bulgarian Tribulus - ZK company","robots":{"index":"index","follow":"follow","max-snippet":"max-snippet:-1","max-image-preview":"max-image-preview:large","max-video-preview":"max-video-preview:-1"},"canonical":"https:\/\/zkeshop.sk\/produkt\/12915\/","og_locale":"en_US","og_type":"article","og_title":"Bulgarian Tribulus","og_description":"3+1 FREE ACTION. Put 3 products in your cart and you automatically get the fourth one for FREE. For the production of the extract is used wild-growing Tribulus terrestris harvested in Bulgaria. The obtained extract is standardized to 60% protodioscin. Additionally, Bulgarian Tribulus is standardized to 10% tannins and 10% flavonoids, ensuring the full spectrum of benefits this herb has to offer.","og_url":"https:\/\/zkeshop.sk\/produkt\/12915\/","og_site_name":"ZK company","article_modified_time":"2025-08-18T17:35:26+00:00","og_image":[{"width":1080,"height":1080,"url":"https:\/\/zkeshop.sk\/wp-content\/uploads\/2024\/06\/Bulharsky-Tribulus-90-cps-SK.jpg","type":"image\/jpeg"}],"twitter_card":"summary_large_image","twitter_misc":{"Price":"20,00&nbsp;&euro;","Availability":"In stock"},"schema":{"@context":"https:\/\/schema.org","@graph":[{"@type":"WebPage","@id":"https:\/\/zkeshop.sk\/produkt\/12915\/","url":"https:\/\/zkeshop.sk\/produkt\/12915\/","name":"Bulgarian Tribulus - ZK company","isPartOf":{"@id":"https:\/\/zkeshop.sk\/#website"},"primaryImageOfPage":{"@id":"https:\/\/zkeshop.sk\/produkt\/12915\/#primaryimage"},"image":{"@id":"https:\/\/zkeshop.sk\/produkt\/12915\/#primaryimage"},"thumbnailUrl":"https:\/\/zkeshop.sk\/wp-content\/uploads\/2024\/06\/Bulharsky-Tribulus-90-cps-SK.jpg","datePublished":"2024-06-22T10:19:30+00:00","dateModified":"2025-08-18T17:35:26+00:00","breadcrumb":{"@id":"https:\/\/zkeshop.sk\/produkt\/12915\/#breadcrumb"},"inLanguage":"en-US","potentialAction":[{"@type":"ReadAction","target":["https:\/\/zkeshop.sk\/produkt\/12915\/"]}]},{"@type":"ImageObject","inLanguage":"en-US","@id":"https:\/\/zkeshop.sk\/produkt\/12915\/#primaryimage","url":"https:\/\/zkeshop.sk\/wp-content\/uploads\/2024\/06\/Bulharsky-Tribulus-90-cps-SK.jpg","contentUrl":"https:\/\/zkeshop.sk\/wp-content\/uploads\/2024\/06\/Bulharsky-Tribulus-90-cps-SK.jpg","width":1080,"height":1080,"caption":"Bulharsk\u00fd Tribulus s 60 % protodiosc\u00ednu pre podporu testoster\u00f3nu a v\u00fdkonu."},{"@type":"BreadcrumbList","@id":"https:\/\/zkeshop.sk\/produkt\/12915\/#breadcrumb","itemListElement":[{"@type":"ListItem","position":1,"name":"Home","item":"https:\/\/zkeshop.sk\/"},{"@type":"ListItem","position":2,"name":"Shop","item":"https:\/\/zkeshop.sk\/obchod\/"},{"@type":"ListItem","position":3,"name":"Bulgarian Tribulus"}]},{"@type":"WebSite","@id":"https:\/\/zkeshop.sk\/#website","url":"https:\/\/zkeshop.sk\/","name":"ZK company","description":"Kvalitn\u00e1 kozmetika pre ka\u017edodenn\u00e9 pou\u017eitie","potentialAction":[{"@type":"SearchAction","target":{"@type":"EntryPoint","urlTemplate":"https:\/\/zkeshop.sk\/?s={search_term_string}"},"query-input":{"@type":"PropertyValueSpecification","valueRequired":true,"valueName":"search_term_string"}}],"inLanguage":"en-US"}]},"product_price_amount":"20.00","product_price_currency":"EUR","og_availability":"instock","product_availability":"instock","product_condition":"new"},"_links":{"self":[{"href":"https:\/\/zkeshop.sk\/en\/wp-json\/wp\/v2\/product\/14870","targetHints":{"allow":["GET"]}}],"collection":[{"href":"https:\/\/zkeshop.sk\/en\/wp-json\/wp\/v2\/product"}],"about":[{"href":"https:\/\/zkeshop.sk\/en\/wp-json\/wp\/v2\/types\/product"}],"replies":[{"embeddable":true,"href":"https:\/\/zkeshop.sk\/en\/wp-json\/wp\/v2\/comments?post=14870"}],"version-history":[{"count":0,"href":"https:\/\/zkeshop.sk\/en\/wp-json\/wp\/v2\/product\/14870\/revisions"}],"wp:featuredmedia":[{"embeddable":true,"href":"https:\/\/zkeshop.sk\/en\/wp-json\/wp\/v2\/media\/12918"}],"wp:attachment":[{"href":"https:\/\/zkeshop.sk\/en\/wp-json\/wp\/v2\/media?parent=14870"}],"wp:term":[{"taxonomy":"product_brand","embeddable":true,"href":"https:\/\/zkeshop.sk\/en\/wp-json\/wp\/v2\/product_brand?post=14870"},{"taxonomy":"product_cat","embeddable":true,"href":"https:\/\/zkeshop.sk\/en\/wp-json\/wp\/v2\/product_cat?post=14870"},{"taxonomy":"product_tag","embeddable":true,"href":"https:\/\/zkeshop.sk\/en\/wp-json\/wp\/v2\/product_tag?post=14870"}],"curies":[{"name":"wp","href":"https:\/\/api.w.org\/{rel}","templated":true}]}}