{"id":14881,"date":"2024-06-22T12:08:31","date_gmt":"2024-06-22T10:08:31","guid":{"rendered":"https:\/\/zkeshop.sk\/produkt\/capuchin-monkey-greater-acut-forte\/"},"modified":"2025-03-03T10:23:09","modified_gmt":"2025-03-03T09:23:09","slug":"capuchin-monkey-greater-acut-forte","status":"publish","type":"product","link":"https:\/\/zkeshop.sk\/en\/produkt\/capuchin-monkey-greater-acut-forte\/","title":{"rendered":"Capuchin monkey greater acut forte"},"content":{"rendered":"<p>The product contains a micronized extract of the Capuchinnia major plant, which means that its particles are small enough to pass through the small intestine into the entire body. It also contains an extract of Canadian cranberry which has a beneficial effect on the normal function of the urinary tract and the substance D-mannose. D-mannose is a simple monosaccharide similar to glucose. It occurs naturally in various fruits, berries and plants. After ingestion, it is almost unmetabolized, easily absorbed into the blood and filtered from the blood by the kidneys directly into the urine, where it acts.    <\/p>\n<p><strong>Ingredients per 1 tablet: <\/strong> Capuchin&#8217;s wort \/Tropaeolum majus\/ 100 mg. ( micronized ), Canadian cranberry extract 200 mg, D-Mannose 300 mg, microcrystalline cellulose, magnesium stearate. <\/p>\n<p><strong>Dosage: <\/strong>2-3 tablets daily<\/p>\n<p><strong>Package: 20 tablets<\/strong><\/p>\n<p>Note: The established recommended daily dose must not be exceeded! The dietary supplement must not be used as a substitute for a varied and varied diet!  Not suitable for children under 3 years of age.<\/p>\n<p>It is recommended to store the dietary supplement out of the reach of small children.<\/p>\n<p>Store in a dry place at a temperature below 25 \u00b0C.<\/p>\n","protected":false},"excerpt":{"rendered":"<h4><strong><span style=\"color: #ff0000;\">3+1 FREE ACTION. Put 3 products in your cart and you automatically get the fourth one for FREE. <\/span><\/strong><\/h4>\n<p>This product contains a micronized extract of the Capuchin plant.<\/p>\n","protected":false},"featured_media":12852,"comment_status":"open","ping_status":"closed","template":"","meta":[],"product_brand":[],"product_cat":[91,121],"product_tag":[],"class_list":{"0":"post-14881","1":"product","2":"type-product","3":"status-publish","4":"has-post-thumbnail","6":"product_cat-nutritional-supplements","7":"product_cat-nutritional-supplements-for-adults","9":"first","10":"instock","11":"taxable","12":"shipping-taxable","13":"purchasable","14":"product-type-simple"},"yoast_head":"<!-- This site is optimized with the Yoast SEO Premium plugin v27.3 (Yoast SEO v27.3) - https:\/\/yoast.com\/product\/yoast-seo-premium-wordpress\/ -->\n<title>Capuchin monkey greater acut forte - ZK company<\/title>\n<meta name=\"robots\" content=\"index, follow, max-snippet:-1, max-image-preview:large, max-video-preview:-1\" \/>\n<link rel=\"canonical\" href=\"https:\/\/zkeshop.sk\/produkt\/kapucinka-vacsia-akut-forte\/\" \/>\n<meta property=\"og:locale\" content=\"en_US\" \/>\n<meta property=\"og:type\" content=\"article\" \/>\n<meta property=\"og:title\" content=\"Capuchin monkey greater acut forte\" \/>\n<meta property=\"og:description\" content=\"3+1 FREE ACTION. Put 3 products in your cart and you automatically get the fourth one for FREE. This product contains a micronized extract of the Capuchin plant.\" \/>\n<meta property=\"og:url\" content=\"https:\/\/zkeshop.sk\/produkt\/kapucinka-vacsia-akut-forte\/\" \/>\n<meta property=\"og:site_name\" content=\"ZK company\" \/>\n<meta property=\"article:modified_time\" content=\"2025-03-03T09:23:09+00:00\" \/>\n<meta property=\"og:image\" content=\"https:\/\/zkeshop.sk\/wp-content\/uploads\/2024\/06\/Kapucinka-akut-forte-20-tbl-SK.jpg\" \/>\n\t<meta property=\"og:image:width\" content=\"1080\" \/>\n\t<meta property=\"og:image:height\" content=\"1080\" \/>\n\t<meta property=\"og:image:type\" content=\"image\/jpeg\" \/>\n<meta name=\"twitter:card\" content=\"summary_large_image\" \/>\n<meta name=\"twitter:label1\" content=\"Price\" \/>\n\t<meta name=\"twitter:data1\" content=\"9,90&nbsp;&euro;\" \/>\n\t<meta name=\"twitter:label2\" content=\"Availability\" \/>\n\t<meta name=\"twitter:data2\" content=\"In stock\" \/>\n<script type=\"application\/ld+json\" class=\"yoast-schema-graph\">{\"@context\":\"https:\\\/\\\/schema.org\",\"@graph\":[{\"@type\":\"WebPage\",\"@id\":\"https:\\\/\\\/zkeshop.sk\\\/produkt\\\/kapucinka-vacsia-akut-forte\\\/\",\"url\":\"https:\\\/\\\/zkeshop.sk\\\/produkt\\\/kapucinka-vacsia-akut-forte\\\/\",\"name\":\"Capuchin monkey greater acut forte - ZK company\",\"isPartOf\":{\"@id\":\"https:\\\/\\\/zkeshop.sk\\\/#website\"},\"primaryImageOfPage\":{\"@id\":\"https:\\\/\\\/zkeshop.sk\\\/produkt\\\/kapucinka-vacsia-akut-forte\\\/#primaryimage\"},\"image\":{\"@id\":\"https:\\\/\\\/zkeshop.sk\\\/produkt\\\/kapucinka-vacsia-akut-forte\\\/#primaryimage\"},\"thumbnailUrl\":\"https:\\\/\\\/zkeshop.sk\\\/wp-content\\\/uploads\\\/2024\\\/06\\\/Kapucinka-akut-forte-20-tbl-SK.jpg\",\"datePublished\":\"2024-06-22T10:08:31+00:00\",\"dateModified\":\"2025-03-03T09:23:09+00:00\",\"breadcrumb\":{\"@id\":\"https:\\\/\\\/zkeshop.sk\\\/produkt\\\/kapucinka-vacsia-akut-forte\\\/#breadcrumb\"},\"inLanguage\":\"en-US\",\"potentialAction\":[{\"@type\":\"ReadAction\",\"target\":[\"https:\\\/\\\/zkeshop.sk\\\/produkt\\\/kapucinka-vacsia-akut-forte\\\/\"]}]},{\"@type\":\"ImageObject\",\"inLanguage\":\"en-US\",\"@id\":\"https:\\\/\\\/zkeshop.sk\\\/produkt\\\/kapucinka-vacsia-akut-forte\\\/#primaryimage\",\"url\":\"https:\\\/\\\/zkeshop.sk\\\/wp-content\\\/uploads\\\/2024\\\/06\\\/Kapucinka-akut-forte-20-tbl-SK.jpg\",\"contentUrl\":\"https:\\\/\\\/zkeshop.sk\\\/wp-content\\\/uploads\\\/2024\\\/06\\\/Kapucinka-akut-forte-20-tbl-SK.jpg\",\"width\":1080,\"height\":1080,\"caption\":\"Kapuc\u00ednka v\u00e4\u010d\u0161ia Akut Forte pr\u00edrodn\u00fd doplnok s mikronizovan\u00fdm extraktom kapuc\u00ednky, kanadskou brusnicou a D-man\u00f3zou pre podporu zdrav\u00fdch mo\u010dov\u00fdch ciest.\"},{\"@type\":\"BreadcrumbList\",\"@id\":\"https:\\\/\\\/zkeshop.sk\\\/produkt\\\/kapucinka-vacsia-akut-forte\\\/#breadcrumb\",\"itemListElement\":[{\"@type\":\"ListItem\",\"position\":1,\"name\":\"Home\",\"item\":\"https:\\\/\\\/zkeshop.sk\\\/\"},{\"@type\":\"ListItem\",\"position\":2,\"name\":\"Shop\",\"item\":\"https:\\\/\\\/zkeshop.sk\\\/obchod\\\/\"},{\"@type\":\"ListItem\",\"position\":3,\"name\":\"Capuchin monkey greater acut forte\"}]},{\"@type\":\"WebSite\",\"@id\":\"https:\\\/\\\/zkeshop.sk\\\/#website\",\"url\":\"https:\\\/\\\/zkeshop.sk\\\/\",\"name\":\"ZK company\",\"description\":\"Kvalitn\u00e1 kozmetika pre ka\u017edodenn\u00e9 pou\u017eitie\",\"potentialAction\":[{\"@type\":\"SearchAction\",\"target\":{\"@type\":\"EntryPoint\",\"urlTemplate\":\"https:\\\/\\\/zkeshop.sk\\\/?s={search_term_string}\"},\"query-input\":{\"@type\":\"PropertyValueSpecification\",\"valueRequired\":true,\"valueName\":\"search_term_string\"}}],\"inLanguage\":\"en-US\"}]}<\/script>\n<meta property=\"product:price:amount\" content=\"9.90\" \/>\n<meta property=\"product:price:currency\" content=\"EUR\" \/>\n<meta property=\"og:availability\" content=\"instock\" \/>\n<meta property=\"product:availability\" content=\"instock\" \/>\n<meta property=\"product:condition\" content=\"new\" \/>\n<!-- \/ Yoast SEO Premium plugin. -->","yoast_head_json":{"title":"Capuchin monkey greater acut forte - ZK company","robots":{"index":"index","follow":"follow","max-snippet":"max-snippet:-1","max-image-preview":"max-image-preview:large","max-video-preview":"max-video-preview:-1"},"canonical":"https:\/\/zkeshop.sk\/produkt\/kapucinka-vacsia-akut-forte\/","og_locale":"en_US","og_type":"article","og_title":"Capuchin monkey greater acut forte","og_description":"3+1 FREE ACTION. Put 3 products in your cart and you automatically get the fourth one for FREE. This product contains a micronized extract of the Capuchin plant.","og_url":"https:\/\/zkeshop.sk\/produkt\/kapucinka-vacsia-akut-forte\/","og_site_name":"ZK company","article_modified_time":"2025-03-03T09:23:09+00:00","og_image":[{"width":1080,"height":1080,"url":"https:\/\/zkeshop.sk\/wp-content\/uploads\/2024\/06\/Kapucinka-akut-forte-20-tbl-SK.jpg","type":"image\/jpeg"}],"twitter_card":"summary_large_image","twitter_misc":{"Price":"9,90&nbsp;&euro;","Availability":"In stock"},"schema":{"@context":"https:\/\/schema.org","@graph":[{"@type":"WebPage","@id":"https:\/\/zkeshop.sk\/produkt\/kapucinka-vacsia-akut-forte\/","url":"https:\/\/zkeshop.sk\/produkt\/kapucinka-vacsia-akut-forte\/","name":"Capuchin monkey greater acut forte - ZK company","isPartOf":{"@id":"https:\/\/zkeshop.sk\/#website"},"primaryImageOfPage":{"@id":"https:\/\/zkeshop.sk\/produkt\/kapucinka-vacsia-akut-forte\/#primaryimage"},"image":{"@id":"https:\/\/zkeshop.sk\/produkt\/kapucinka-vacsia-akut-forte\/#primaryimage"},"thumbnailUrl":"https:\/\/zkeshop.sk\/wp-content\/uploads\/2024\/06\/Kapucinka-akut-forte-20-tbl-SK.jpg","datePublished":"2024-06-22T10:08:31+00:00","dateModified":"2025-03-03T09:23:09+00:00","breadcrumb":{"@id":"https:\/\/zkeshop.sk\/produkt\/kapucinka-vacsia-akut-forte\/#breadcrumb"},"inLanguage":"en-US","potentialAction":[{"@type":"ReadAction","target":["https:\/\/zkeshop.sk\/produkt\/kapucinka-vacsia-akut-forte\/"]}]},{"@type":"ImageObject","inLanguage":"en-US","@id":"https:\/\/zkeshop.sk\/produkt\/kapucinka-vacsia-akut-forte\/#primaryimage","url":"https:\/\/zkeshop.sk\/wp-content\/uploads\/2024\/06\/Kapucinka-akut-forte-20-tbl-SK.jpg","contentUrl":"https:\/\/zkeshop.sk\/wp-content\/uploads\/2024\/06\/Kapucinka-akut-forte-20-tbl-SK.jpg","width":1080,"height":1080,"caption":"Kapuc\u00ednka v\u00e4\u010d\u0161ia Akut Forte pr\u00edrodn\u00fd doplnok s mikronizovan\u00fdm extraktom kapuc\u00ednky, kanadskou brusnicou a D-man\u00f3zou pre podporu zdrav\u00fdch mo\u010dov\u00fdch ciest."},{"@type":"BreadcrumbList","@id":"https:\/\/zkeshop.sk\/produkt\/kapucinka-vacsia-akut-forte\/#breadcrumb","itemListElement":[{"@type":"ListItem","position":1,"name":"Home","item":"https:\/\/zkeshop.sk\/"},{"@type":"ListItem","position":2,"name":"Shop","item":"https:\/\/zkeshop.sk\/obchod\/"},{"@type":"ListItem","position":3,"name":"Capuchin monkey greater acut forte"}]},{"@type":"WebSite","@id":"https:\/\/zkeshop.sk\/#website","url":"https:\/\/zkeshop.sk\/","name":"ZK company","description":"Kvalitn\u00e1 kozmetika pre ka\u017edodenn\u00e9 pou\u017eitie","potentialAction":[{"@type":"SearchAction","target":{"@type":"EntryPoint","urlTemplate":"https:\/\/zkeshop.sk\/?s={search_term_string}"},"query-input":{"@type":"PropertyValueSpecification","valueRequired":true,"valueName":"search_term_string"}}],"inLanguage":"en-US"}]},"product_price_amount":"9.90","product_price_currency":"EUR","og_availability":"instock","product_availability":"instock","product_condition":"new"},"_links":{"self":[{"href":"https:\/\/zkeshop.sk\/en\/wp-json\/wp\/v2\/product\/14881","targetHints":{"allow":["GET"]}}],"collection":[{"href":"https:\/\/zkeshop.sk\/en\/wp-json\/wp\/v2\/product"}],"about":[{"href":"https:\/\/zkeshop.sk\/en\/wp-json\/wp\/v2\/types\/product"}],"replies":[{"embeddable":true,"href":"https:\/\/zkeshop.sk\/en\/wp-json\/wp\/v2\/comments?post=14881"}],"version-history":[{"count":0,"href":"https:\/\/zkeshop.sk\/en\/wp-json\/wp\/v2\/product\/14881\/revisions"}],"wp:featuredmedia":[{"embeddable":true,"href":"https:\/\/zkeshop.sk\/en\/wp-json\/wp\/v2\/media\/12852"}],"wp:attachment":[{"href":"https:\/\/zkeshop.sk\/en\/wp-json\/wp\/v2\/media?parent=14881"}],"wp:term":[{"taxonomy":"product_brand","embeddable":true,"href":"https:\/\/zkeshop.sk\/en\/wp-json\/wp\/v2\/product_brand?post=14881"},{"taxonomy":"product_cat","embeddable":true,"href":"https:\/\/zkeshop.sk\/en\/wp-json\/wp\/v2\/product_cat?post=14881"},{"taxonomy":"product_tag","embeddable":true,"href":"https:\/\/zkeshop.sk\/en\/wp-json\/wp\/v2\/product_tag?post=14881"}],"curies":[{"name":"wp","href":"https:\/\/api.w.org\/{rel}","templated":true}]}}