{"id":14894,"date":"2024-06-22T12:42:16","date_gmt":"2024-06-22T10:42:16","guid":{"rendered":"https:\/\/zkeshop.sk\/produkt\/omega-3-epa-dha\/"},"modified":"2025-02-17T14:35:38","modified_gmt":"2025-02-17T13:35:38","slug":"omega-3-epa-dha","status":"publish","type":"product","link":"https:\/\/zkeshop.sk\/en\/produkt\/omega-3-epa-dha\/","title":{"rendered":"Omega 3 EPA + DHA"},"content":{"rendered":"<p>Omega-3 fatty acids (EPA &#8211; eicosapentaenoic acid and DHA &#8211; docosahexaenoic acid) play an important role in the proper formation of cell membranes and influence many metabolic processes in our body. They are essential fatty acids, which means that our bodies cannot make them. Therefore, it is important to ensure a sufficient intake of them in the diet, especially because of their positive effects on the blood vessels, eyes, brain, heart.  <\/p>\n<p><strong>Ingredients per 1 capsule<\/strong>: fish oil extract 350 mg* containing 33% EPA and 22% DHA fatty acids in one capsule, gelatin. The beneficial effect is achieved when taking 250 mg of EPA and DHA per day. <\/p>\n<p><strong>Dosage: <\/strong>1 &#8211; 2 capsules daily with sufficient liquid (after meals).<\/p>\n<p><strong>Package: 60 capsules + 10 free<\/strong><\/p>\n<p>Weight of 1 capsule: 450 mg (+\/- 5%)<\/p>\n<p>Note: The established recommended daily dose must not be exceeded! The dietary supplement must not be used as a substitute for a varied and varied diet! Not suitable for children under 3 years of age.  <\/p>\n<p>It is recommended to store the dietary supplement out of the reach of small children.<\/p>\n<p>Store in a dry place, at a temperature of up to 25 \u00b0C<\/p>\n","protected":false},"excerpt":{"rendered":"<p>Thanks to the technological processing of the Swiss pharmaceutical company, the raw material is protected against oxidation by dispersing individual droplets of highly purified oil into a matrix (network) of sucrose and starch, thus preventing oxidation.<\/p>\n","protected":false},"featured_media":12882,"comment_status":"open","ping_status":"closed","template":"","meta":[],"product_brand":[],"product_cat":[91,121],"product_tag":[],"class_list":{"0":"post-14894","1":"product","2":"type-product","3":"status-publish","4":"has-post-thumbnail","6":"product_cat-nutritional-supplements","7":"product_cat-nutritional-supplements-for-adults","9":"first","10":"instock","11":"taxable","12":"shipping-taxable","13":"purchasable","14":"product-type-simple"},"yoast_head":"<!-- This site is optimized with the Yoast SEO Premium plugin v27.3 (Yoast SEO v27.3) - https:\/\/yoast.com\/product\/yoast-seo-premium-wordpress\/ -->\n<title>Omega 3 EPA + DHA - ZK company<\/title>\n<meta name=\"robots\" content=\"index, follow, max-snippet:-1, max-image-preview:large, max-video-preview:-1\" \/>\n<link rel=\"canonical\" href=\"https:\/\/zkeshop.sk\/produkt\/omega-3-epa-dha\/\" \/>\n<meta property=\"og:locale\" content=\"en_US\" \/>\n<meta property=\"og:type\" content=\"article\" \/>\n<meta property=\"og:title\" content=\"Omega 3 EPA + DHA\" \/>\n<meta property=\"og:description\" content=\"Thanks to the technological processing of the Swiss pharmaceutical company, the raw material is protected against oxidation by dispersing individual droplets of highly purified oil into a matrix (network) of sucrose and starch, thus preventing oxidation.\" \/>\n<meta property=\"og:url\" content=\"https:\/\/zkeshop.sk\/produkt\/omega-3-epa-dha\/\" \/>\n<meta property=\"og:site_name\" content=\"ZK company\" \/>\n<meta property=\"article:modified_time\" content=\"2025-02-17T13:35:38+00:00\" \/>\n<meta property=\"og:image\" content=\"https:\/\/zkeshop.sk\/wp-content\/uploads\/2024\/06\/Omega-3-3010-cps-SK.jpg\" \/>\n\t<meta property=\"og:image:width\" content=\"1080\" \/>\n\t<meta property=\"og:image:height\" content=\"1080\" \/>\n\t<meta property=\"og:image:type\" content=\"image\/jpeg\" \/>\n<meta name=\"twitter:card\" content=\"summary_large_image\" \/>\n<meta name=\"twitter:label1\" content=\"Price\" \/>\n\t<meta name=\"twitter:data1\" content=\"9,50&nbsp;&euro;\" \/>\n\t<meta name=\"twitter:label2\" content=\"Availability\" \/>\n\t<meta name=\"twitter:data2\" content=\"In stock\" \/>\n<script type=\"application\/ld+json\" class=\"yoast-schema-graph\">{\"@context\":\"https:\\\/\\\/schema.org\",\"@graph\":[{\"@type\":\"WebPage\",\"@id\":\"https:\\\/\\\/zkeshop.sk\\\/produkt\\\/omega-3-epa-dha\\\/\",\"url\":\"https:\\\/\\\/zkeshop.sk\\\/produkt\\\/omega-3-epa-dha\\\/\",\"name\":\"Omega 3 EPA + DHA - ZK company\",\"isPartOf\":{\"@id\":\"https:\\\/\\\/zkeshop.sk\\\/#website\"},\"primaryImageOfPage\":{\"@id\":\"https:\\\/\\\/zkeshop.sk\\\/produkt\\\/omega-3-epa-dha\\\/#primaryimage\"},\"image\":{\"@id\":\"https:\\\/\\\/zkeshop.sk\\\/produkt\\\/omega-3-epa-dha\\\/#primaryimage\"},\"thumbnailUrl\":\"https:\\\/\\\/zkeshop.sk\\\/wp-content\\\/uploads\\\/2024\\\/06\\\/Omega-3-3010-cps-SK.jpg\",\"datePublished\":\"2024-06-22T10:42:16+00:00\",\"dateModified\":\"2025-02-17T13:35:38+00:00\",\"breadcrumb\":{\"@id\":\"https:\\\/\\\/zkeshop.sk\\\/produkt\\\/omega-3-epa-dha\\\/#breadcrumb\"},\"inLanguage\":\"en-US\",\"potentialAction\":[{\"@type\":\"ReadAction\",\"target\":[\"https:\\\/\\\/zkeshop.sk\\\/produkt\\\/omega-3-epa-dha\\\/\"]}]},{\"@type\":\"ImageObject\",\"inLanguage\":\"en-US\",\"@id\":\"https:\\\/\\\/zkeshop.sk\\\/produkt\\\/omega-3-epa-dha\\\/#primaryimage\",\"url\":\"https:\\\/\\\/zkeshop.sk\\\/wp-content\\\/uploads\\\/2024\\\/06\\\/Omega-3-3010-cps-SK.jpg\",\"contentUrl\":\"https:\\\/\\\/zkeshop.sk\\\/wp-content\\\/uploads\\\/2024\\\/06\\\/Omega-3-3010-cps-SK.jpg\",\"width\":1080,\"height\":1080,\"caption\":\"Omega 3 s EPA a DHA pre zdravie srdca, mozgu a o\u010d\u00ed. Kvalitn\u00fd ryb\u00ed olej v kapsuliach, ktor\u00fd podporuje hladinu cholesterolu a spr\u00e1vnu funkciu metabolizmu.\"},{\"@type\":\"BreadcrumbList\",\"@id\":\"https:\\\/\\\/zkeshop.sk\\\/produkt\\\/omega-3-epa-dha\\\/#breadcrumb\",\"itemListElement\":[{\"@type\":\"ListItem\",\"position\":1,\"name\":\"Home\",\"item\":\"https:\\\/\\\/zkeshop.sk\\\/\"},{\"@type\":\"ListItem\",\"position\":2,\"name\":\"Shop\",\"item\":\"https:\\\/\\\/zkeshop.sk\\\/obchod\\\/\"},{\"@type\":\"ListItem\",\"position\":3,\"name\":\"Omega 3 EPA + DHA\"}]},{\"@type\":\"WebSite\",\"@id\":\"https:\\\/\\\/zkeshop.sk\\\/#website\",\"url\":\"https:\\\/\\\/zkeshop.sk\\\/\",\"name\":\"ZK company\",\"description\":\"Kvalitn\u00e1 kozmetika pre ka\u017edodenn\u00e9 pou\u017eitie\",\"potentialAction\":[{\"@type\":\"SearchAction\",\"target\":{\"@type\":\"EntryPoint\",\"urlTemplate\":\"https:\\\/\\\/zkeshop.sk\\\/?s={search_term_string}\"},\"query-input\":{\"@type\":\"PropertyValueSpecification\",\"valueRequired\":true,\"valueName\":\"search_term_string\"}}],\"inLanguage\":\"en-US\"}]}<\/script>\n<meta property=\"product:price:amount\" content=\"9.50\" \/>\n<meta property=\"product:price:currency\" content=\"EUR\" \/>\n<meta property=\"og:availability\" content=\"instock\" \/>\n<meta property=\"product:availability\" content=\"instock\" \/>\n<meta property=\"product:condition\" content=\"new\" \/>\n<!-- \/ Yoast SEO Premium plugin. -->","yoast_head_json":{"title":"Omega 3 EPA + DHA - ZK company","robots":{"index":"index","follow":"follow","max-snippet":"max-snippet:-1","max-image-preview":"max-image-preview:large","max-video-preview":"max-video-preview:-1"},"canonical":"https:\/\/zkeshop.sk\/produkt\/omega-3-epa-dha\/","og_locale":"en_US","og_type":"article","og_title":"Omega 3 EPA + DHA","og_description":"Thanks to the technological processing of the Swiss pharmaceutical company, the raw material is protected against oxidation by dispersing individual droplets of highly purified oil into a matrix (network) of sucrose and starch, thus preventing oxidation.","og_url":"https:\/\/zkeshop.sk\/produkt\/omega-3-epa-dha\/","og_site_name":"ZK company","article_modified_time":"2025-02-17T13:35:38+00:00","og_image":[{"width":1080,"height":1080,"url":"https:\/\/zkeshop.sk\/wp-content\/uploads\/2024\/06\/Omega-3-3010-cps-SK.jpg","type":"image\/jpeg"}],"twitter_card":"summary_large_image","twitter_misc":{"Price":"9,50&nbsp;&euro;","Availability":"In stock"},"schema":{"@context":"https:\/\/schema.org","@graph":[{"@type":"WebPage","@id":"https:\/\/zkeshop.sk\/produkt\/omega-3-epa-dha\/","url":"https:\/\/zkeshop.sk\/produkt\/omega-3-epa-dha\/","name":"Omega 3 EPA + DHA - ZK company","isPartOf":{"@id":"https:\/\/zkeshop.sk\/#website"},"primaryImageOfPage":{"@id":"https:\/\/zkeshop.sk\/produkt\/omega-3-epa-dha\/#primaryimage"},"image":{"@id":"https:\/\/zkeshop.sk\/produkt\/omega-3-epa-dha\/#primaryimage"},"thumbnailUrl":"https:\/\/zkeshop.sk\/wp-content\/uploads\/2024\/06\/Omega-3-3010-cps-SK.jpg","datePublished":"2024-06-22T10:42:16+00:00","dateModified":"2025-02-17T13:35:38+00:00","breadcrumb":{"@id":"https:\/\/zkeshop.sk\/produkt\/omega-3-epa-dha\/#breadcrumb"},"inLanguage":"en-US","potentialAction":[{"@type":"ReadAction","target":["https:\/\/zkeshop.sk\/produkt\/omega-3-epa-dha\/"]}]},{"@type":"ImageObject","inLanguage":"en-US","@id":"https:\/\/zkeshop.sk\/produkt\/omega-3-epa-dha\/#primaryimage","url":"https:\/\/zkeshop.sk\/wp-content\/uploads\/2024\/06\/Omega-3-3010-cps-SK.jpg","contentUrl":"https:\/\/zkeshop.sk\/wp-content\/uploads\/2024\/06\/Omega-3-3010-cps-SK.jpg","width":1080,"height":1080,"caption":"Omega 3 s EPA a DHA pre zdravie srdca, mozgu a o\u010d\u00ed. Kvalitn\u00fd ryb\u00ed olej v kapsuliach, ktor\u00fd podporuje hladinu cholesterolu a spr\u00e1vnu funkciu metabolizmu."},{"@type":"BreadcrumbList","@id":"https:\/\/zkeshop.sk\/produkt\/omega-3-epa-dha\/#breadcrumb","itemListElement":[{"@type":"ListItem","position":1,"name":"Home","item":"https:\/\/zkeshop.sk\/"},{"@type":"ListItem","position":2,"name":"Shop","item":"https:\/\/zkeshop.sk\/obchod\/"},{"@type":"ListItem","position":3,"name":"Omega 3 EPA + DHA"}]},{"@type":"WebSite","@id":"https:\/\/zkeshop.sk\/#website","url":"https:\/\/zkeshop.sk\/","name":"ZK company","description":"Kvalitn\u00e1 kozmetika pre ka\u017edodenn\u00e9 pou\u017eitie","potentialAction":[{"@type":"SearchAction","target":{"@type":"EntryPoint","urlTemplate":"https:\/\/zkeshop.sk\/?s={search_term_string}"},"query-input":{"@type":"PropertyValueSpecification","valueRequired":true,"valueName":"search_term_string"}}],"inLanguage":"en-US"}]},"product_price_amount":"9.50","product_price_currency":"EUR","og_availability":"instock","product_availability":"instock","product_condition":"new"},"_links":{"self":[{"href":"https:\/\/zkeshop.sk\/en\/wp-json\/wp\/v2\/product\/14894","targetHints":{"allow":["GET"]}}],"collection":[{"href":"https:\/\/zkeshop.sk\/en\/wp-json\/wp\/v2\/product"}],"about":[{"href":"https:\/\/zkeshop.sk\/en\/wp-json\/wp\/v2\/types\/product"}],"replies":[{"embeddable":true,"href":"https:\/\/zkeshop.sk\/en\/wp-json\/wp\/v2\/comments?post=14894"}],"version-history":[{"count":0,"href":"https:\/\/zkeshop.sk\/en\/wp-json\/wp\/v2\/product\/14894\/revisions"}],"wp:featuredmedia":[{"embeddable":true,"href":"https:\/\/zkeshop.sk\/en\/wp-json\/wp\/v2\/media\/12882"}],"wp:attachment":[{"href":"https:\/\/zkeshop.sk\/en\/wp-json\/wp\/v2\/media?parent=14894"}],"wp:term":[{"taxonomy":"product_brand","embeddable":true,"href":"https:\/\/zkeshop.sk\/en\/wp-json\/wp\/v2\/product_brand?post=14894"},{"taxonomy":"product_cat","embeddable":true,"href":"https:\/\/zkeshop.sk\/en\/wp-json\/wp\/v2\/product_cat?post=14894"},{"taxonomy":"product_tag","embeddable":true,"href":"https:\/\/zkeshop.sk\/en\/wp-json\/wp\/v2\/product_tag?post=14894"}],"curies":[{"name":"wp","href":"https:\/\/api.w.org\/{rel}","templated":true}]}}