{"id":14910,"date":"2024-06-22T13:03:35","date_gmt":"2024-06-22T11:03:35","guid":{"rendered":"https:\/\/zkeshop.sk\/produkt\/zinoxide-cream\/"},"modified":"2025-12-29T11:39:30","modified_gmt":"2025-12-29T10:39:30","slug":"zinoxide-cream","status":"publish","type":"product","link":"https:\/\/zkeshop.sk\/en\/produkt\/zinoxide-cream\/","title":{"rendered":"ZinOxide cream"},"content":{"rendered":"<p><strong>Acts preventively against diaper dermatitis Soothes already formed diaper rash<\/strong><br \/>\n<strong>Softens eczematous and atopic skin<\/strong><br \/>\n<strong>Suitable for problematic and acne-prone skin Prevents maceration of the skin around chronic wounds Treats already formed sores and bedsores.<\/strong><\/p>\n<p>How ZinOxid works:ZinOxid will provide effective protection for the skin of children, adults and seniors from the effects of moisture when using diapers, prevents diaper rash, cares for the surrounding area of chronic wounds. ZinOxide not only acts preventively, but also solves the complications that arise. <\/p>\n<p>Active ingredients: zinc oxide &#8211; antibacterial and odour eliminating. Extract of calendula &#8211; has a healing effect, softens and protects the skin. Lanolin &#8211; creates a protective barrier against the action of aggressive components of both urine and stool. Castor oil &#8211; soothes irritated skin, eliminates itching and burning.   <\/p>\n<p>Aqua, Ricinus, Communis Seed oil, Paraffinum Liquid, Zinc Oxide, Cetearyl Alcohol, Ceteareth 20, Lanolin, Glycerin, Polysorbate 80, Phenoxyethanol, Ethylhexyglycerin, Glycine Soya Oil, Celendula Officinalis Flower extract, Tocopheryl Acetate, Lavandin Oil, Melissa Officinalis Leaf Oil.<\/p>\n<p><strong>Packing: 30 g.<\/strong><\/p>\n","protected":false},"excerpt":{"rendered":"<p>ZinOxid is a gentle, protective skin cream for children, adults and seniors. Easy to spread. After application, it forms a soft film on the skin.  <\/p>\n","protected":false},"featured_media":13073,"comment_status":"open","ping_status":"closed","template":"","meta":[],"product_brand":[],"product_cat":[142,74],"product_tag":[],"class_list":{"0":"post-14910","1":"product","2":"type-product","3":"status-publish","4":"has-post-thumbnail","6":"product_cat-body-cosmetics","7":"product_cat-face-creams","9":"first","10":"instock","11":"taxable","12":"shipping-taxable","13":"purchasable","14":"product-type-simple"},"yoast_head":"<!-- This site is optimized with the Yoast SEO Premium plugin v27.3 (Yoast SEO v27.3) - https:\/\/yoast.com\/product\/yoast-seo-premium-wordpress\/ -->\n<title>ZinOxide cream - ZK company<\/title>\n<meta name=\"robots\" content=\"index, follow, max-snippet:-1, max-image-preview:large, max-video-preview:-1\" \/>\n<link rel=\"canonical\" href=\"https:\/\/zkeshop.sk\/en\/produkt\/zinoxide-cream\/\" \/>\n<meta property=\"og:locale\" content=\"en_US\" \/>\n<meta property=\"og:type\" content=\"article\" \/>\n<meta property=\"og:title\" content=\"ZinOxide cream\" \/>\n<meta property=\"og:description\" content=\"ZinOxid is a gentle, protective skin cream for children, adults and seniors. Easy to spread. After application, it forms a soft film on the skin.\" \/>\n<meta property=\"og:url\" content=\"https:\/\/zkeshop.sk\/en\/produkt\/zinoxide-cream\/\" \/>\n<meta property=\"og:site_name\" content=\"ZK company\" \/>\n<meta property=\"article:modified_time\" content=\"2025-12-29T10:39:30+00:00\" \/>\n<meta property=\"og:image\" content=\"https:\/\/zkeshop.sk\/wp-content\/uploads\/2024\/06\/EDENpharma_Zin-Oxid-ESHOP.jpg\" \/>\n\t<meta property=\"og:image:width\" content=\"1080\" \/>\n\t<meta property=\"og:image:height\" content=\"1080\" \/>\n\t<meta property=\"og:image:type\" content=\"image\/jpeg\" \/>\n<meta name=\"twitter:card\" content=\"summary_large_image\" \/>\n<meta name=\"twitter:label1\" content=\"Price\" \/>\n\t<meta name=\"twitter:data1\" content=\"5,00&nbsp;&euro;\" \/>\n\t<meta name=\"twitter:label2\" content=\"Availability\" \/>\n\t<meta name=\"twitter:data2\" content=\"In stock\" \/>\n<script type=\"application\/ld+json\" class=\"yoast-schema-graph\">{\"@context\":\"https:\\\/\\\/schema.org\",\"@graph\":[{\"@type\":\"WebPage\",\"@id\":\"https:\\\/\\\/zkeshop.sk\\\/en\\\/produkt\\\/zinoxide-cream\\\/\",\"url\":\"https:\\\/\\\/zkeshop.sk\\\/en\\\/produkt\\\/zinoxide-cream\\\/\",\"name\":\"ZinOxide cream - ZK company\",\"isPartOf\":{\"@id\":\"https:\\\/\\\/zkeshop.sk\\\/#website\"},\"primaryImageOfPage\":{\"@id\":\"https:\\\/\\\/zkeshop.sk\\\/en\\\/produkt\\\/zinoxide-cream\\\/#primaryimage\"},\"image\":{\"@id\":\"https:\\\/\\\/zkeshop.sk\\\/en\\\/produkt\\\/zinoxide-cream\\\/#primaryimage\"},\"thumbnailUrl\":\"https:\\\/\\\/zkeshop.sk\\\/wp-content\\\/uploads\\\/2024\\\/06\\\/EDENpharma_Zin-Oxid-ESHOP.jpg\",\"datePublished\":\"2024-06-22T11:03:35+00:00\",\"dateModified\":\"2025-12-29T10:39:30+00:00\",\"breadcrumb\":{\"@id\":\"https:\\\/\\\/zkeshop.sk\\\/en\\\/produkt\\\/zinoxide-cream\\\/#breadcrumb\"},\"inLanguage\":\"en-US\",\"potentialAction\":[{\"@type\":\"ReadAction\",\"target\":[\"https:\\\/\\\/zkeshop.sk\\\/en\\\/produkt\\\/zinoxide-cream\\\/\"]}]},{\"@type\":\"ImageObject\",\"inLanguage\":\"en-US\",\"@id\":\"https:\\\/\\\/zkeshop.sk\\\/en\\\/produkt\\\/zinoxide-cream\\\/#primaryimage\",\"url\":\"https:\\\/\\\/zkeshop.sk\\\/wp-content\\\/uploads\\\/2024\\\/06\\\/EDENpharma_Zin-Oxid-ESHOP.jpg\",\"contentUrl\":\"https:\\\/\\\/zkeshop.sk\\\/wp-content\\\/uploads\\\/2024\\\/06\\\/EDENpharma_Zin-Oxid-ESHOP.jpg\",\"width\":1080,\"height\":1080,\"caption\":\"Kr\u00e9m s oxidom zino\u010dnat\u00fdm na prevenciu plienkovej dermatit\u00eddy a upokojenie zaparen\u00edn. Chr\u00e1ni poko\u017eku pred vlhkos\u0165ou, zvl\u00e1\u010d\u0148uje ekzematick\u00fa ple\u0165.\"},{\"@type\":\"BreadcrumbList\",\"@id\":\"https:\\\/\\\/zkeshop.sk\\\/en\\\/produkt\\\/zinoxide-cream\\\/#breadcrumb\",\"itemListElement\":[{\"@type\":\"ListItem\",\"position\":1,\"name\":\"Home\",\"item\":\"https:\\\/\\\/zkeshop.sk\\\/\"},{\"@type\":\"ListItem\",\"position\":2,\"name\":\"Shop\",\"item\":\"https:\\\/\\\/zkeshop.sk\\\/obchod\\\/\"},{\"@type\":\"ListItem\",\"position\":3,\"name\":\"ZinOxide cream\"}]},{\"@type\":\"WebSite\",\"@id\":\"https:\\\/\\\/zkeshop.sk\\\/#website\",\"url\":\"https:\\\/\\\/zkeshop.sk\\\/\",\"name\":\"ZK company\",\"description\":\"Kvalitn\u00e1 kozmetika pre ka\u017edodenn\u00e9 pou\u017eitie\",\"potentialAction\":[{\"@type\":\"SearchAction\",\"target\":{\"@type\":\"EntryPoint\",\"urlTemplate\":\"https:\\\/\\\/zkeshop.sk\\\/?s={search_term_string}\"},\"query-input\":{\"@type\":\"PropertyValueSpecification\",\"valueRequired\":true,\"valueName\":\"search_term_string\"}}],\"inLanguage\":\"en-US\"}]}<\/script>\n<meta property=\"product:price:amount\" content=\"5.00\" \/>\n<meta property=\"product:price:currency\" content=\"EUR\" \/>\n<meta property=\"og:availability\" content=\"instock\" \/>\n<meta property=\"product:availability\" content=\"instock\" \/>\n<meta property=\"product:condition\" content=\"new\" \/>\n<!-- \/ Yoast SEO Premium plugin. -->","yoast_head_json":{"title":"ZinOxide cream - ZK company","robots":{"index":"index","follow":"follow","max-snippet":"max-snippet:-1","max-image-preview":"max-image-preview:large","max-video-preview":"max-video-preview:-1"},"canonical":"https:\/\/zkeshop.sk\/en\/produkt\/zinoxide-cream\/","og_locale":"en_US","og_type":"article","og_title":"ZinOxide cream","og_description":"ZinOxid is a gentle, protective skin cream for children, adults and seniors. Easy to spread. After application, it forms a soft film on the skin.","og_url":"https:\/\/zkeshop.sk\/en\/produkt\/zinoxide-cream\/","og_site_name":"ZK company","article_modified_time":"2025-12-29T10:39:30+00:00","og_image":[{"width":1080,"height":1080,"url":"https:\/\/zkeshop.sk\/wp-content\/uploads\/2024\/06\/EDENpharma_Zin-Oxid-ESHOP.jpg","type":"image\/jpeg"}],"twitter_card":"summary_large_image","twitter_misc":{"Price":"5,00&nbsp;&euro;","Availability":"In stock"},"schema":{"@context":"https:\/\/schema.org","@graph":[{"@type":"WebPage","@id":"https:\/\/zkeshop.sk\/en\/produkt\/zinoxide-cream\/","url":"https:\/\/zkeshop.sk\/en\/produkt\/zinoxide-cream\/","name":"ZinOxide cream - ZK company","isPartOf":{"@id":"https:\/\/zkeshop.sk\/#website"},"primaryImageOfPage":{"@id":"https:\/\/zkeshop.sk\/en\/produkt\/zinoxide-cream\/#primaryimage"},"image":{"@id":"https:\/\/zkeshop.sk\/en\/produkt\/zinoxide-cream\/#primaryimage"},"thumbnailUrl":"https:\/\/zkeshop.sk\/wp-content\/uploads\/2024\/06\/EDENpharma_Zin-Oxid-ESHOP.jpg","datePublished":"2024-06-22T11:03:35+00:00","dateModified":"2025-12-29T10:39:30+00:00","breadcrumb":{"@id":"https:\/\/zkeshop.sk\/en\/produkt\/zinoxide-cream\/#breadcrumb"},"inLanguage":"en-US","potentialAction":[{"@type":"ReadAction","target":["https:\/\/zkeshop.sk\/en\/produkt\/zinoxide-cream\/"]}]},{"@type":"ImageObject","inLanguage":"en-US","@id":"https:\/\/zkeshop.sk\/en\/produkt\/zinoxide-cream\/#primaryimage","url":"https:\/\/zkeshop.sk\/wp-content\/uploads\/2024\/06\/EDENpharma_Zin-Oxid-ESHOP.jpg","contentUrl":"https:\/\/zkeshop.sk\/wp-content\/uploads\/2024\/06\/EDENpharma_Zin-Oxid-ESHOP.jpg","width":1080,"height":1080,"caption":"Kr\u00e9m s oxidom zino\u010dnat\u00fdm na prevenciu plienkovej dermatit\u00eddy a upokojenie zaparen\u00edn. Chr\u00e1ni poko\u017eku pred vlhkos\u0165ou, zvl\u00e1\u010d\u0148uje ekzematick\u00fa ple\u0165."},{"@type":"BreadcrumbList","@id":"https:\/\/zkeshop.sk\/en\/produkt\/zinoxide-cream\/#breadcrumb","itemListElement":[{"@type":"ListItem","position":1,"name":"Home","item":"https:\/\/zkeshop.sk\/"},{"@type":"ListItem","position":2,"name":"Shop","item":"https:\/\/zkeshop.sk\/obchod\/"},{"@type":"ListItem","position":3,"name":"ZinOxide cream"}]},{"@type":"WebSite","@id":"https:\/\/zkeshop.sk\/#website","url":"https:\/\/zkeshop.sk\/","name":"ZK company","description":"Kvalitn\u00e1 kozmetika pre ka\u017edodenn\u00e9 pou\u017eitie","potentialAction":[{"@type":"SearchAction","target":{"@type":"EntryPoint","urlTemplate":"https:\/\/zkeshop.sk\/?s={search_term_string}"},"query-input":{"@type":"PropertyValueSpecification","valueRequired":true,"valueName":"search_term_string"}}],"inLanguage":"en-US"}]},"product_price_amount":"5.00","product_price_currency":"EUR","og_availability":"instock","product_availability":"instock","product_condition":"new"},"_links":{"self":[{"href":"https:\/\/zkeshop.sk\/en\/wp-json\/wp\/v2\/product\/14910","targetHints":{"allow":["GET"]}}],"collection":[{"href":"https:\/\/zkeshop.sk\/en\/wp-json\/wp\/v2\/product"}],"about":[{"href":"https:\/\/zkeshop.sk\/en\/wp-json\/wp\/v2\/types\/product"}],"replies":[{"embeddable":true,"href":"https:\/\/zkeshop.sk\/en\/wp-json\/wp\/v2\/comments?post=14910"}],"version-history":[{"count":0,"href":"https:\/\/zkeshop.sk\/en\/wp-json\/wp\/v2\/product\/14910\/revisions"}],"wp:featuredmedia":[{"embeddable":true,"href":"https:\/\/zkeshop.sk\/en\/wp-json\/wp\/v2\/media\/13073"}],"wp:attachment":[{"href":"https:\/\/zkeshop.sk\/en\/wp-json\/wp\/v2\/media?parent=14910"}],"wp:term":[{"taxonomy":"product_brand","embeddable":true,"href":"https:\/\/zkeshop.sk\/en\/wp-json\/wp\/v2\/product_brand?post=14910"},{"taxonomy":"product_cat","embeddable":true,"href":"https:\/\/zkeshop.sk\/en\/wp-json\/wp\/v2\/product_cat?post=14910"},{"taxonomy":"product_tag","embeddable":true,"href":"https:\/\/zkeshop.sk\/en\/wp-json\/wp\/v2\/product_tag?post=14910"}],"curies":[{"name":"wp","href":"https:\/\/api.w.org\/{rel}","templated":true}]}}