{"id":14920,"date":"2024-06-22T13:06:39","date_gmt":"2024-06-22T11:06:39","guid":{"rendered":"https:\/\/zkeshop.sk\/produkt\/vitamin-k2-forte\/"},"modified":"2025-02-17T15:03:57","modified_gmt":"2025-02-17T14:03:57","slug":"vitamin-k2-forte","status":"publish","type":"product","link":"https:\/\/zkeshop.sk\/en\/produkt\/vitamin-k2-forte\/","title":{"rendered":"Vitamin K2 forte"},"content":{"rendered":"<p><strong>VITAMIN K (K2 &#8211; menaquinone MK7) contributes to the maintenance of healthy bones. Vitamin K2 contributes to proper blood clotting. The function of vitamin K2 is to ensure the movement of calcium in the body. Practically, this vitamin promotes the deposition of calcium in the bones and teeth and helps to remove calcium from places where we don&#8217;t want it, such as the arteries &#8211; blood vessels.   <\/strong><\/p>\n<p><strong>Ingredients per 1 tablet<\/strong>: vitamin K2 (menaquinone MK7) 150 \u03bcg 200% RVH, &#8211; (vitamin K2 at a concentration of 4000ug\/g &#8211; 75 mg), bulking agent: microcrystalline cellulose, bulking agent: calcium phosphate, emulsifier: magnesium stearate. RVH &#8211; Reference Nutrition Value. <\/p>\n<p><strong>Dosage:<\/strong> 1 tablet per day. 1 tablet, 1 serving, after meals, with plenty of fluids. <\/p>\n<p><strong>Packing: 60 tablets<\/strong><\/p>\n<p>Note: The established recommended daily dose must not be exceeded! The dietary supplement must not be used as a substitute for a varied and varied diet! Not suitable for children under 3 years of age. Pregnant and breastfeeding women should consult a physician. It is recommended to store the food supplement out of the reach of small children. Store in a dry place, at a temperature below 25\u00b0C.     <\/p>\n","protected":false},"excerpt":{"rendered":"<p>VITAMIN K (K2 &#8211; menaquinone MK7) contributes to the maintenance of healthy bones. Vitamin K2 contributes to proper blood clotting. The function of vitamin K2 is to ensure the movement of calcium in the body. Practically, this vitamin promotes the deposition of calcium in the bones and teeth and helps to remove calcium from places where we don&#8217;t want it, such as the arteries &#8211; blood vessels.   <\/p>\n","protected":false},"featured_media":13125,"comment_status":"open","ping_status":"closed","template":"","meta":[],"product_brand":[],"product_cat":[91,121],"product_tag":[],"class_list":{"0":"post-14920","1":"product","2":"type-product","3":"status-publish","4":"has-post-thumbnail","6":"product_cat-nutritional-supplements","7":"product_cat-nutritional-supplements-for-adults","9":"first","10":"instock","11":"taxable","12":"shipping-taxable","13":"purchasable","14":"product-type-variable","15":"has-default-attributes"},"yoast_head":"<!-- This site is optimized with the Yoast SEO Premium plugin v27.3 (Yoast SEO v27.3) - https:\/\/yoast.com\/product\/yoast-seo-premium-wordpress\/ -->\n<title>Vitamin K2 forte - ZK company<\/title>\n<meta name=\"robots\" content=\"index, follow, max-snippet:-1, max-image-preview:large, max-video-preview:-1\" \/>\n<link rel=\"canonical\" href=\"https:\/\/zkeshop.sk\/produkt\/vitamin-k2-forte\/\" \/>\n<meta property=\"og:locale\" content=\"en_US\" \/>\n<meta property=\"og:type\" content=\"article\" \/>\n<meta property=\"og:title\" content=\"Vitamin K2 forte\" \/>\n<meta property=\"og:description\" content=\"VITAMIN K (K2 - menaquinone MK7) contributes to the maintenance of healthy bones. Vitamin K2 contributes to proper blood clotting. The function of vitamin K2 is to ensure the movement of calcium in the body. Practically, this vitamin promotes the deposition of calcium in the bones and teeth and helps to remove calcium from places where we don&#039;t want it, such as the arteries - blood vessels.\" \/>\n<meta property=\"og:url\" content=\"https:\/\/zkeshop.sk\/produkt\/vitamin-k2-forte\/\" \/>\n<meta property=\"og:site_name\" content=\"ZK company\" \/>\n<meta property=\"article:modified_time\" content=\"2025-02-17T14:03:57+00:00\" \/>\n<meta property=\"og:image\" content=\"https:\/\/zkeshop.sk\/wp-content\/uploads\/2024\/06\/Vitamin-K2-forte-30-tbl-SK-1.jpg\" \/>\n\t<meta property=\"og:image:width\" content=\"1080\" \/>\n\t<meta property=\"og:image:height\" content=\"1080\" \/>\n\t<meta property=\"og:image:type\" content=\"image\/jpeg\" \/>\n<meta name=\"twitter:card\" content=\"summary_large_image\" \/>\n<meta name=\"twitter:label1\" content=\"Availability\" \/>\n\t<meta name=\"twitter:data1\" content=\"In stock\" \/>\n<script type=\"application\/ld+json\" class=\"yoast-schema-graph\">{\"@context\":\"https:\\\/\\\/schema.org\",\"@graph\":[{\"@type\":\"WebPage\",\"@id\":\"https:\\\/\\\/zkeshop.sk\\\/produkt\\\/vitamin-k2-forte\\\/\",\"url\":\"https:\\\/\\\/zkeshop.sk\\\/produkt\\\/vitamin-k2-forte\\\/\",\"name\":\"Vitamin K2 forte - ZK company\",\"isPartOf\":{\"@id\":\"https:\\\/\\\/zkeshop.sk\\\/#website\"},\"primaryImageOfPage\":{\"@id\":\"https:\\\/\\\/zkeshop.sk\\\/produkt\\\/vitamin-k2-forte\\\/#primaryimage\"},\"image\":{\"@id\":\"https:\\\/\\\/zkeshop.sk\\\/produkt\\\/vitamin-k2-forte\\\/#primaryimage\"},\"thumbnailUrl\":\"https:\\\/\\\/zkeshop.sk\\\/wp-content\\\/uploads\\\/2024\\\/06\\\/Vitamin-K2-forte-30-tbl-SK-1.jpg\",\"datePublished\":\"2024-06-22T11:06:39+00:00\",\"dateModified\":\"2025-02-17T14:03:57+00:00\",\"breadcrumb\":{\"@id\":\"https:\\\/\\\/zkeshop.sk\\\/produkt\\\/vitamin-k2-forte\\\/#breadcrumb\"},\"inLanguage\":\"en-US\",\"potentialAction\":[{\"@type\":\"ReadAction\",\"target\":[\"https:\\\/\\\/zkeshop.sk\\\/produkt\\\/vitamin-k2-forte\\\/\"]}]},{\"@type\":\"ImageObject\",\"inLanguage\":\"en-US\",\"@id\":\"https:\\\/\\\/zkeshop.sk\\\/produkt\\\/vitamin-k2-forte\\\/#primaryimage\",\"url\":\"https:\\\/\\\/zkeshop.sk\\\/wp-content\\\/uploads\\\/2024\\\/06\\\/Vitamin-K2-forte-30-tbl-SK-1.jpg\",\"contentUrl\":\"https:\\\/\\\/zkeshop.sk\\\/wp-content\\\/uploads\\\/2024\\\/06\\\/Vitamin-K2-forte-30-tbl-SK-1.jpg\",\"width\":1080,\"height\":1080,\"caption\":\"Vitam\u00edn K2 MK7 podporuje zdrav\u00e9 kosti, spr\u00e1vnu zr\u00e1\u017eanlivos\u0165 krvi a pom\u00e1ha telu efekt\u00edvne vyu\u017e\u00edva\u0165 v\u00e1pnik. U\u017eite 1 tabletu denne. Balenie: 60 tabliet.\"},{\"@type\":\"BreadcrumbList\",\"@id\":\"https:\\\/\\\/zkeshop.sk\\\/produkt\\\/vitamin-k2-forte\\\/#breadcrumb\",\"itemListElement\":[{\"@type\":\"ListItem\",\"position\":1,\"name\":\"Home\",\"item\":\"https:\\\/\\\/zkeshop.sk\\\/\"},{\"@type\":\"ListItem\",\"position\":2,\"name\":\"Shop\",\"item\":\"https:\\\/\\\/zkeshop.sk\\\/obchod\\\/\"},{\"@type\":\"ListItem\",\"position\":3,\"name\":\"Vitamin K2 forte\"}]},{\"@type\":\"WebSite\",\"@id\":\"https:\\\/\\\/zkeshop.sk\\\/#website\",\"url\":\"https:\\\/\\\/zkeshop.sk\\\/\",\"name\":\"ZK company\",\"description\":\"Kvalitn\u00e1 kozmetika pre ka\u017edodenn\u00e9 pou\u017eitie\",\"potentialAction\":[{\"@type\":\"SearchAction\",\"target\":{\"@type\":\"EntryPoint\",\"urlTemplate\":\"https:\\\/\\\/zkeshop.sk\\\/?s={search_term_string}\"},\"query-input\":{\"@type\":\"PropertyValueSpecification\",\"valueRequired\":true,\"valueName\":\"search_term_string\"}}],\"inLanguage\":\"en-US\"}]}<\/script>\n<meta property=\"og:availability\" content=\"instock\" \/>\n<meta property=\"product:availability\" content=\"instock\" \/>\n<meta property=\"product:condition\" content=\"new\" \/>\n<!-- \/ Yoast SEO Premium plugin. -->","yoast_head_json":{"title":"Vitamin K2 forte - ZK company","robots":{"index":"index","follow":"follow","max-snippet":"max-snippet:-1","max-image-preview":"max-image-preview:large","max-video-preview":"max-video-preview:-1"},"canonical":"https:\/\/zkeshop.sk\/produkt\/vitamin-k2-forte\/","og_locale":"en_US","og_type":"article","og_title":"Vitamin K2 forte","og_description":"VITAMIN K (K2 - menaquinone MK7) contributes to the maintenance of healthy bones. Vitamin K2 contributes to proper blood clotting. The function of vitamin K2 is to ensure the movement of calcium in the body. Practically, this vitamin promotes the deposition of calcium in the bones and teeth and helps to remove calcium from places where we don't want it, such as the arteries - blood vessels.","og_url":"https:\/\/zkeshop.sk\/produkt\/vitamin-k2-forte\/","og_site_name":"ZK company","article_modified_time":"2025-02-17T14:03:57+00:00","og_image":[{"width":1080,"height":1080,"url":"https:\/\/zkeshop.sk\/wp-content\/uploads\/2024\/06\/Vitamin-K2-forte-30-tbl-SK-1.jpg","type":"image\/jpeg"}],"twitter_card":"summary_large_image","twitter_misc":{"Availability":"In stock"},"schema":{"@context":"https:\/\/schema.org","@graph":[{"@type":"WebPage","@id":"https:\/\/zkeshop.sk\/produkt\/vitamin-k2-forte\/","url":"https:\/\/zkeshop.sk\/produkt\/vitamin-k2-forte\/","name":"Vitamin K2 forte - ZK company","isPartOf":{"@id":"https:\/\/zkeshop.sk\/#website"},"primaryImageOfPage":{"@id":"https:\/\/zkeshop.sk\/produkt\/vitamin-k2-forte\/#primaryimage"},"image":{"@id":"https:\/\/zkeshop.sk\/produkt\/vitamin-k2-forte\/#primaryimage"},"thumbnailUrl":"https:\/\/zkeshop.sk\/wp-content\/uploads\/2024\/06\/Vitamin-K2-forte-30-tbl-SK-1.jpg","datePublished":"2024-06-22T11:06:39+00:00","dateModified":"2025-02-17T14:03:57+00:00","breadcrumb":{"@id":"https:\/\/zkeshop.sk\/produkt\/vitamin-k2-forte\/#breadcrumb"},"inLanguage":"en-US","potentialAction":[{"@type":"ReadAction","target":["https:\/\/zkeshop.sk\/produkt\/vitamin-k2-forte\/"]}]},{"@type":"ImageObject","inLanguage":"en-US","@id":"https:\/\/zkeshop.sk\/produkt\/vitamin-k2-forte\/#primaryimage","url":"https:\/\/zkeshop.sk\/wp-content\/uploads\/2024\/06\/Vitamin-K2-forte-30-tbl-SK-1.jpg","contentUrl":"https:\/\/zkeshop.sk\/wp-content\/uploads\/2024\/06\/Vitamin-K2-forte-30-tbl-SK-1.jpg","width":1080,"height":1080,"caption":"Vitam\u00edn K2 MK7 podporuje zdrav\u00e9 kosti, spr\u00e1vnu zr\u00e1\u017eanlivos\u0165 krvi a pom\u00e1ha telu efekt\u00edvne vyu\u017e\u00edva\u0165 v\u00e1pnik. U\u017eite 1 tabletu denne. Balenie: 60 tabliet."},{"@type":"BreadcrumbList","@id":"https:\/\/zkeshop.sk\/produkt\/vitamin-k2-forte\/#breadcrumb","itemListElement":[{"@type":"ListItem","position":1,"name":"Home","item":"https:\/\/zkeshop.sk\/"},{"@type":"ListItem","position":2,"name":"Shop","item":"https:\/\/zkeshop.sk\/obchod\/"},{"@type":"ListItem","position":3,"name":"Vitamin K2 forte"}]},{"@type":"WebSite","@id":"https:\/\/zkeshop.sk\/#website","url":"https:\/\/zkeshop.sk\/","name":"ZK company","description":"Kvalitn\u00e1 kozmetika pre ka\u017edodenn\u00e9 pou\u017eitie","potentialAction":[{"@type":"SearchAction","target":{"@type":"EntryPoint","urlTemplate":"https:\/\/zkeshop.sk\/?s={search_term_string}"},"query-input":{"@type":"PropertyValueSpecification","valueRequired":true,"valueName":"search_term_string"}}],"inLanguage":"en-US"}]},"og_availability":"instock","product_availability":"instock","product_condition":"new"},"_links":{"self":[{"href":"https:\/\/zkeshop.sk\/en\/wp-json\/wp\/v2\/product\/14920","targetHints":{"allow":["GET"]}}],"collection":[{"href":"https:\/\/zkeshop.sk\/en\/wp-json\/wp\/v2\/product"}],"about":[{"href":"https:\/\/zkeshop.sk\/en\/wp-json\/wp\/v2\/types\/product"}],"replies":[{"embeddable":true,"href":"https:\/\/zkeshop.sk\/en\/wp-json\/wp\/v2\/comments?post=14920"}],"version-history":[{"count":0,"href":"https:\/\/zkeshop.sk\/en\/wp-json\/wp\/v2\/product\/14920\/revisions"}],"wp:featuredmedia":[{"embeddable":true,"href":"https:\/\/zkeshop.sk\/en\/wp-json\/wp\/v2\/media\/13125"}],"wp:attachment":[{"href":"https:\/\/zkeshop.sk\/en\/wp-json\/wp\/v2\/media?parent=14920"}],"wp:term":[{"taxonomy":"product_brand","embeddable":true,"href":"https:\/\/zkeshop.sk\/en\/wp-json\/wp\/v2\/product_brand?post=14920"},{"taxonomy":"product_cat","embeddable":true,"href":"https:\/\/zkeshop.sk\/en\/wp-json\/wp\/v2\/product_cat?post=14920"},{"taxonomy":"product_tag","embeddable":true,"href":"https:\/\/zkeshop.sk\/en\/wp-json\/wp\/v2\/product_tag?post=14920"}],"curies":[{"name":"wp","href":"https:\/\/api.w.org\/{rel}","templated":true}]}}