{"id":14935,"date":"2024-06-28T18:04:59","date_gmt":"2024-06-28T16:04:59","guid":{"rendered":"https:\/\/zkeshop.sk\/produkt\/pinda-thailam-oil-for-skin-diseases-joints-and-inflammation-200ml\/"},"modified":"2025-02-17T15:04:03","modified_gmt":"2025-02-17T14:04:03","slug":"pinda-thailam-oil-for-skin-diseases-joints-and-inflammation-200ml","status":"publish","type":"product","link":"https:\/\/zkeshop.sk\/en\/produkt\/pinda-thailam-oil-for-skin-diseases-joints-and-inflammation-200ml\/","title":{"rendered":"Pinda thailam &#8211; Oil for skin diseases, joints and inflammation 200ml"},"content":{"rendered":"<p><strong>Detailed description<\/strong><br \/>\nA soothing Ayurvedic herbal oil for skin conditions, promoting bone health and relieving stiffness and tenderness in joints.<\/p>\n<p><strong>Benefits and Properties<\/strong><br \/>\nPinda Thailam promotes healthy bones by providing vital nutrients for nutrition<br \/>\nProvides healthy joint support by maintaining natural flexibility and movement<br \/>\nHelps our body&#8217;s natural defenses against occasional inflammation affecting various parts of the body, specifically the feet<br \/>\nPromotes healthy skin by, By promoting natural recovery and stimulating the production of new cells and tissues<br \/>\nCooling oil to soothe burning hands and feet<br \/>\nHelps the body resolve the build-up of toxins in the joints and supports the body through the occasional gout flare-up<br \/>\nPromotes relaxation and calms the mind by providing occasional stress relief.<\/p>\n<p><strong>Suggested Use<\/strong><br \/>\nPinda Thailam is not to be consumed. It is for external use only.<br \/>\nIf you are pregnant, nursing, taking medication or have a medical condition, consult your physician before using this product.<br \/>\nDo not use the product if the seal is damaged. Store it in a cool, dry place. Keep out of the reach of children.   <\/p>\n<p><strong>Ingredients<\/strong><br \/>\nPinda thailam, each 10 ml is prepared from extracts of: hemidesmus indicus 0.625 g, rubia cordifolia 0.625 g, shorea robusta 0.625 g, sesame oil 10 ml.<\/p>\n","protected":false},"excerpt":{"rendered":"<p>Pinda thailam &#8211; Oil for skin diseases, joints and inflammation 200ml<\/p>\n","protected":false},"featured_media":12955,"comment_status":"open","ping_status":"closed","template":"","meta":[],"product_brand":[],"product_cat":[110],"product_tag":[],"class_list":{"0":"post-14935","1":"product","2":"type-product","3":"status-publish","4":"has-post-thumbnail","6":"product_cat-ayurveda","8":"first","9":"instock","10":"taxable","11":"shipping-taxable","12":"purchasable","13":"product-type-simple"},"yoast_head":"<!-- This site is optimized with the Yoast SEO Premium plugin v27.3 (Yoast SEO v27.3) - https:\/\/yoast.com\/product\/yoast-seo-premium-wordpress\/ -->\n<title>Pinda thailam - Oil for skin diseases, joints and inflammation 200ml - ZK company<\/title>\n<meta name=\"robots\" content=\"index, follow, max-snippet:-1, max-image-preview:large, max-video-preview:-1\" \/>\n<link rel=\"canonical\" href=\"https:\/\/zkeshop.sk\/produkt\/pinda-thailam-olej-na-kozne-ochorenia-klby-a-zapaly-200ml\/\" \/>\n<meta property=\"og:locale\" content=\"en_US\" \/>\n<meta property=\"og:type\" content=\"article\" \/>\n<meta property=\"og:title\" content=\"Pinda thailam - Oil for skin diseases, joints and inflammation 200ml\" \/>\n<meta property=\"og:description\" content=\"Pinda thailam - Oil for skin diseases, joints and inflammation 200ml\" \/>\n<meta property=\"og:url\" content=\"https:\/\/zkeshop.sk\/produkt\/pinda-thailam-olej-na-kozne-ochorenia-klby-a-zapaly-200ml\/\" \/>\n<meta property=\"og:site_name\" content=\"ZK company\" \/>\n<meta property=\"article:modified_time\" content=\"2025-02-17T14:04:03+00:00\" \/>\n<meta property=\"og:image\" content=\"https:\/\/zkeshop.sk\/wp-content\/uploads\/2024\/06\/ayurmind-olej-na-kozne-ochorenia-2.jpg\" \/>\n\t<meta property=\"og:image:width\" content=\"1024\" \/>\n\t<meta property=\"og:image:height\" content=\"768\" \/>\n\t<meta property=\"og:image:type\" content=\"image\/jpeg\" \/>\n<meta name=\"twitter:card\" content=\"summary_large_image\" \/>\n<meta name=\"twitter:label1\" content=\"Price\" \/>\n\t<meta name=\"twitter:data1\" content=\"11,60&nbsp;&euro;\" \/>\n\t<meta name=\"twitter:label2\" content=\"Availability\" \/>\n\t<meta name=\"twitter:data2\" content=\"In stock\" \/>\n<script type=\"application\/ld+json\" class=\"yoast-schema-graph\">{\"@context\":\"https:\\\/\\\/schema.org\",\"@graph\":[{\"@type\":\"WebPage\",\"@id\":\"https:\\\/\\\/zkeshop.sk\\\/produkt\\\/pinda-thailam-olej-na-kozne-ochorenia-klby-a-zapaly-200ml\\\/\",\"url\":\"https:\\\/\\\/zkeshop.sk\\\/produkt\\\/pinda-thailam-olej-na-kozne-ochorenia-klby-a-zapaly-200ml\\\/\",\"name\":\"Pinda thailam - Oil for skin diseases, joints and inflammation 200ml - ZK company\",\"isPartOf\":{\"@id\":\"https:\\\/\\\/zkeshop.sk\\\/#website\"},\"primaryImageOfPage\":{\"@id\":\"https:\\\/\\\/zkeshop.sk\\\/produkt\\\/pinda-thailam-olej-na-kozne-ochorenia-klby-a-zapaly-200ml\\\/#primaryimage\"},\"image\":{\"@id\":\"https:\\\/\\\/zkeshop.sk\\\/produkt\\\/pinda-thailam-olej-na-kozne-ochorenia-klby-a-zapaly-200ml\\\/#primaryimage\"},\"thumbnailUrl\":\"https:\\\/\\\/zkeshop.sk\\\/wp-content\\\/uploads\\\/2024\\\/06\\\/ayurmind-olej-na-kozne-ochorenia-2.jpg\",\"datePublished\":\"2024-06-28T16:04:59+00:00\",\"dateModified\":\"2025-02-17T14:04:03+00:00\",\"breadcrumb\":{\"@id\":\"https:\\\/\\\/zkeshop.sk\\\/produkt\\\/pinda-thailam-olej-na-kozne-ochorenia-klby-a-zapaly-200ml\\\/#breadcrumb\"},\"inLanguage\":\"en-US\",\"potentialAction\":[{\"@type\":\"ReadAction\",\"target\":[\"https:\\\/\\\/zkeshop.sk\\\/produkt\\\/pinda-thailam-olej-na-kozne-ochorenia-klby-a-zapaly-200ml\\\/\"]}]},{\"@type\":\"ImageObject\",\"inLanguage\":\"en-US\",\"@id\":\"https:\\\/\\\/zkeshop.sk\\\/produkt\\\/pinda-thailam-olej-na-kozne-ochorenia-klby-a-zapaly-200ml\\\/#primaryimage\",\"url\":\"https:\\\/\\\/zkeshop.sk\\\/wp-content\\\/uploads\\\/2024\\\/06\\\/ayurmind-olej-na-kozne-ochorenia-2.jpg\",\"contentUrl\":\"https:\\\/\\\/zkeshop.sk\\\/wp-content\\\/uploads\\\/2024\\\/06\\\/ayurmind-olej-na-kozne-ochorenia-2.jpg\",\"width\":1024,\"height\":768,\"caption\":\"Pinda Thailam \u2013 ajurv\u00e9dsky olej na podporu zdravia k\u013abov, kost\u00ed a poko\u017eky. Pom\u00e1ha pri z\u00e1paloch, detoxik\u00e1cii a regener\u00e1cii. Sk\u00faste jeho chladiv\u00e9 \u00fa\u010dinky.\"},{\"@type\":\"BreadcrumbList\",\"@id\":\"https:\\\/\\\/zkeshop.sk\\\/produkt\\\/pinda-thailam-olej-na-kozne-ochorenia-klby-a-zapaly-200ml\\\/#breadcrumb\",\"itemListElement\":[{\"@type\":\"ListItem\",\"position\":1,\"name\":\"Home\",\"item\":\"https:\\\/\\\/zkeshop.sk\\\/\"},{\"@type\":\"ListItem\",\"position\":2,\"name\":\"Shop\",\"item\":\"https:\\\/\\\/zkeshop.sk\\\/obchod\\\/\"},{\"@type\":\"ListItem\",\"position\":3,\"name\":\"Pinda thailam &#8211; Oil for skin diseases, joints and inflammation 200ml\"}]},{\"@type\":\"WebSite\",\"@id\":\"https:\\\/\\\/zkeshop.sk\\\/#website\",\"url\":\"https:\\\/\\\/zkeshop.sk\\\/\",\"name\":\"ZK company\",\"description\":\"Kvalitn\u00e1 kozmetika pre ka\u017edodenn\u00e9 pou\u017eitie\",\"potentialAction\":[{\"@type\":\"SearchAction\",\"target\":{\"@type\":\"EntryPoint\",\"urlTemplate\":\"https:\\\/\\\/zkeshop.sk\\\/?s={search_term_string}\"},\"query-input\":{\"@type\":\"PropertyValueSpecification\",\"valueRequired\":true,\"valueName\":\"search_term_string\"}}],\"inLanguage\":\"en-US\"}]}<\/script>\n<meta property=\"product:price:amount\" content=\"11.60\" \/>\n<meta property=\"product:price:currency\" content=\"EUR\" \/>\n<meta property=\"og:availability\" content=\"instock\" \/>\n<meta property=\"product:availability\" content=\"instock\" \/>\n<meta property=\"product:condition\" content=\"new\" \/>\n<!-- \/ Yoast SEO Premium plugin. -->","yoast_head_json":{"title":"Pinda thailam - Oil for skin diseases, joints and inflammation 200ml - ZK company","robots":{"index":"index","follow":"follow","max-snippet":"max-snippet:-1","max-image-preview":"max-image-preview:large","max-video-preview":"max-video-preview:-1"},"canonical":"https:\/\/zkeshop.sk\/produkt\/pinda-thailam-olej-na-kozne-ochorenia-klby-a-zapaly-200ml\/","og_locale":"en_US","og_type":"article","og_title":"Pinda thailam - Oil for skin diseases, joints and inflammation 200ml","og_description":"Pinda thailam - Oil for skin diseases, joints and inflammation 200ml","og_url":"https:\/\/zkeshop.sk\/produkt\/pinda-thailam-olej-na-kozne-ochorenia-klby-a-zapaly-200ml\/","og_site_name":"ZK company","article_modified_time":"2025-02-17T14:04:03+00:00","og_image":[{"width":1024,"height":768,"url":"https:\/\/zkeshop.sk\/wp-content\/uploads\/2024\/06\/ayurmind-olej-na-kozne-ochorenia-2.jpg","type":"image\/jpeg"}],"twitter_card":"summary_large_image","twitter_misc":{"Price":"11,60&nbsp;&euro;","Availability":"In stock"},"schema":{"@context":"https:\/\/schema.org","@graph":[{"@type":"WebPage","@id":"https:\/\/zkeshop.sk\/produkt\/pinda-thailam-olej-na-kozne-ochorenia-klby-a-zapaly-200ml\/","url":"https:\/\/zkeshop.sk\/produkt\/pinda-thailam-olej-na-kozne-ochorenia-klby-a-zapaly-200ml\/","name":"Pinda thailam - Oil for skin diseases, joints and inflammation 200ml - ZK company","isPartOf":{"@id":"https:\/\/zkeshop.sk\/#website"},"primaryImageOfPage":{"@id":"https:\/\/zkeshop.sk\/produkt\/pinda-thailam-olej-na-kozne-ochorenia-klby-a-zapaly-200ml\/#primaryimage"},"image":{"@id":"https:\/\/zkeshop.sk\/produkt\/pinda-thailam-olej-na-kozne-ochorenia-klby-a-zapaly-200ml\/#primaryimage"},"thumbnailUrl":"https:\/\/zkeshop.sk\/wp-content\/uploads\/2024\/06\/ayurmind-olej-na-kozne-ochorenia-2.jpg","datePublished":"2024-06-28T16:04:59+00:00","dateModified":"2025-02-17T14:04:03+00:00","breadcrumb":{"@id":"https:\/\/zkeshop.sk\/produkt\/pinda-thailam-olej-na-kozne-ochorenia-klby-a-zapaly-200ml\/#breadcrumb"},"inLanguage":"en-US","potentialAction":[{"@type":"ReadAction","target":["https:\/\/zkeshop.sk\/produkt\/pinda-thailam-olej-na-kozne-ochorenia-klby-a-zapaly-200ml\/"]}]},{"@type":"ImageObject","inLanguage":"en-US","@id":"https:\/\/zkeshop.sk\/produkt\/pinda-thailam-olej-na-kozne-ochorenia-klby-a-zapaly-200ml\/#primaryimage","url":"https:\/\/zkeshop.sk\/wp-content\/uploads\/2024\/06\/ayurmind-olej-na-kozne-ochorenia-2.jpg","contentUrl":"https:\/\/zkeshop.sk\/wp-content\/uploads\/2024\/06\/ayurmind-olej-na-kozne-ochorenia-2.jpg","width":1024,"height":768,"caption":"Pinda Thailam \u2013 ajurv\u00e9dsky olej na podporu zdravia k\u013abov, kost\u00ed a poko\u017eky. Pom\u00e1ha pri z\u00e1paloch, detoxik\u00e1cii a regener\u00e1cii. Sk\u00faste jeho chladiv\u00e9 \u00fa\u010dinky."},{"@type":"BreadcrumbList","@id":"https:\/\/zkeshop.sk\/produkt\/pinda-thailam-olej-na-kozne-ochorenia-klby-a-zapaly-200ml\/#breadcrumb","itemListElement":[{"@type":"ListItem","position":1,"name":"Home","item":"https:\/\/zkeshop.sk\/"},{"@type":"ListItem","position":2,"name":"Shop","item":"https:\/\/zkeshop.sk\/obchod\/"},{"@type":"ListItem","position":3,"name":"Pinda thailam &#8211; Oil for skin diseases, joints and inflammation 200ml"}]},{"@type":"WebSite","@id":"https:\/\/zkeshop.sk\/#website","url":"https:\/\/zkeshop.sk\/","name":"ZK company","description":"Kvalitn\u00e1 kozmetika pre ka\u017edodenn\u00e9 pou\u017eitie","potentialAction":[{"@type":"SearchAction","target":{"@type":"EntryPoint","urlTemplate":"https:\/\/zkeshop.sk\/?s={search_term_string}"},"query-input":{"@type":"PropertyValueSpecification","valueRequired":true,"valueName":"search_term_string"}}],"inLanguage":"en-US"}]},"product_price_amount":"11.60","product_price_currency":"EUR","og_availability":"instock","product_availability":"instock","product_condition":"new"},"_links":{"self":[{"href":"https:\/\/zkeshop.sk\/en\/wp-json\/wp\/v2\/product\/14935","targetHints":{"allow":["GET"]}}],"collection":[{"href":"https:\/\/zkeshop.sk\/en\/wp-json\/wp\/v2\/product"}],"about":[{"href":"https:\/\/zkeshop.sk\/en\/wp-json\/wp\/v2\/types\/product"}],"replies":[{"embeddable":true,"href":"https:\/\/zkeshop.sk\/en\/wp-json\/wp\/v2\/comments?post=14935"}],"version-history":[{"count":0,"href":"https:\/\/zkeshop.sk\/en\/wp-json\/wp\/v2\/product\/14935\/revisions"}],"wp:featuredmedia":[{"embeddable":true,"href":"https:\/\/zkeshop.sk\/en\/wp-json\/wp\/v2\/media\/12955"}],"wp:attachment":[{"href":"https:\/\/zkeshop.sk\/en\/wp-json\/wp\/v2\/media?parent=14935"}],"wp:term":[{"taxonomy":"product_brand","embeddable":true,"href":"https:\/\/zkeshop.sk\/en\/wp-json\/wp\/v2\/product_brand?post=14935"},{"taxonomy":"product_cat","embeddable":true,"href":"https:\/\/zkeshop.sk\/en\/wp-json\/wp\/v2\/product_cat?post=14935"},{"taxonomy":"product_tag","embeddable":true,"href":"https:\/\/zkeshop.sk\/en\/wp-json\/wp\/v2\/product_tag?post=14935"}],"curies":[{"name":"wp","href":"https:\/\/api.w.org\/{rel}","templated":true}]}}