{"id":14938,"date":"2024-06-28T18:05:09","date_gmt":"2024-06-28T16:05:09","guid":{"rendered":"https:\/\/zkeshop.sk\/produkt\/mahanarayana-thailam-oil-for-joints-and-muscles-200ml\/"},"modified":"2025-02-17T15:04:07","modified_gmt":"2025-02-17T14:04:07","slug":"mahanarayana-thailam-oil-for-joints-and-muscles-200ml","status":"publish","type":"product","link":"https:\/\/zkeshop.sk\/en\/produkt\/mahanarayana-thailam-oil-for-joints-and-muscles-200ml\/","title":{"rendered":"Mahanarayana thailam &#8211; Oil for joints and muscles 200ml"},"content":{"rendered":"<p><strong>Detailed description<\/strong><br \/>\nMahanarayana thailam, overall it is multipurpose. It is a perfect massage oil for healthy aging and rejuvenation. It balances all doshas, promotes bone, joint and muscle strength. It promotes energization, rejuvenation and replenishment of the body.   <\/p>\n<p><strong>Benefits and Features<\/strong><br \/>\nContains fresh Shatavari (wild asparagus) juice that nourishes the skin for healthy aging and rejuvenation<br \/>\nThe benefits of Mahanarayana Thailam include complete support of tendons, ligaments, joints and nerves by promoting strength. It also promotes joint mobility and flexibility<br \/>\nPromotes healthy circulation and sensory coordination for optimal health<br \/>\nThis massage oil maintains overall strength and vitality by soothing occasional stress and fatigue<br \/>\nBalances the normal flow of Vata by nourishing the structures in the lower back and relieving occasional Vata pain from overexertion. <\/p>\n<p><strong>Suggested Use<\/strong><br \/>\nMassage oil daily or weekly. Apply 1-1\u00bd tablespoons of this oil to the entire body and massage gently until the body part becomes warm. After a few minutes, you may shower with hot water or use as directed by your healthcare practitioner.<br \/>\nIf you are pregnant, nursing, taking medication, or have a medical condition, consult your physician before using this product.<br \/>\nDo not use if the seal is broken. Store in a cool, dry place.Keep out of the reach of children. For external use only.    <\/p>\n<p><strong>Ingredients<\/strong><br \/>\nMahanarayana thailam, each 10 ml is prepared from extracts of: aegle marmelos corr. 1.563 g, withania somnifera dunal 1.563 g, solanum xanthocarpum 1.563 g, tribulus terestris 1.563 g, oroxylum indicum 1.563 g, sida rhombifolia linn. Ssp. retusa borssum 1,563 g, azadirachta indica 1,563 g, solanum anguvi 1,563 g, boerhavia diffusa 1,563 g, sida cordifolia 1,563 g, premna corymbosa 1,563 g, stereospermum suaveolens 1,563 g, aspargaus recemosus 10 ml, alpinia galanga villd. Rhizome 0.156 g, withania somnifera 0.156 g, anethum sowa 0.156 g, cedrus deodara l 0.156 g, desmodium gangeticum 0.156 g, pseudarthria viscida 0.156 g, phaseolus sublobatus 0.156 g, vigna pilosa 0.156 g, mesua ferrea auct. Non 0,156 g, rock salt 0,156 g, curcuma londa 0,156 g, silajathu 0,156 g, inula racemosa 0,156 g, elettaria cardamomum 0,156 g, rubia cordifolia 0,156 g, glycyrrhiza glabra 0,156 g, cyperus rotundus 0,156 g, cinnamomum tamla 0,156 g, eclipta alba 0,156 g, asparagus recemosus 0,156 g, curculigo orchioides 0,156 g, pureria tuberosa 0,156 g, withania somnifera 0,156 g, plectranthus vettiveroides 0,156 g, acotus calamus 0,156 g, butea monosperma 0,156 g, taxus baccata 0,156 g, boerhavia difussa 0,156 g, cinnamomum camphora 0,078 g, crocus sativus 0,078 g, illicium verum 0,078 g, milk 0,078 g, sesame oil 10 ml.     <\/p>\n","protected":false},"excerpt":{"rendered":"<p>Mahanarayana thailam, overall, is multipurpose. It is the perfect massage oil for healthy aging and rejuvenation. It balances all doshas, promotes bone, joint and muscle strength. It promotes energization, rejuvenation and replenishment of the body.   <\/p>\n","protected":false},"featured_media":12949,"comment_status":"open","ping_status":"closed","template":"","meta":[],"product_brand":[],"product_cat":[110],"product_tag":[],"class_list":{"0":"post-14938","1":"product","2":"type-product","3":"status-publish","4":"has-post-thumbnail","6":"product_cat-ayurveda","8":"first","9":"instock","10":"taxable","11":"shipping-taxable","12":"purchasable","13":"product-type-simple"},"yoast_head":"<!-- This site is optimized with the Yoast SEO Premium plugin v27.3 (Yoast SEO v27.3) - https:\/\/yoast.com\/product\/yoast-seo-premium-wordpress\/ -->\n<title>Mahanarayana thailam - Oil for joints and muscles 200ml - ZK company<\/title>\n<meta name=\"robots\" content=\"index, follow, max-snippet:-1, max-image-preview:large, max-video-preview:-1\" \/>\n<link rel=\"canonical\" href=\"https:\/\/zkeshop.sk\/produkt\/mahanarayana-thailam-olej-na-klby-a-svaly-200ml\/\" \/>\n<meta property=\"og:locale\" content=\"en_US\" \/>\n<meta property=\"og:type\" content=\"article\" \/>\n<meta property=\"og:title\" content=\"Mahanarayana thailam - Oil for joints and muscles 200ml\" \/>\n<meta property=\"og:description\" content=\"Mahanarayana thailam, overall, is multipurpose. It is the perfect massage oil for healthy aging and rejuvenation. It balances all doshas, promotes bone, joint and muscle strength. It promotes energization, rejuvenation and replenishment of the body.\" \/>\n<meta property=\"og:url\" content=\"https:\/\/zkeshop.sk\/produkt\/mahanarayana-thailam-olej-na-klby-a-svaly-200ml\/\" \/>\n<meta property=\"og:site_name\" content=\"ZK company\" \/>\n<meta property=\"article:modified_time\" content=\"2025-02-17T14:04:07+00:00\" \/>\n<meta property=\"og:image\" content=\"https:\/\/zkeshop.sk\/wp-content\/uploads\/2024\/06\/ayurmind-olej-na-klby-a-svaly.jpg\" \/>\n\t<meta property=\"og:image:width\" content=\"1024\" \/>\n\t<meta property=\"og:image:height\" content=\"768\" \/>\n\t<meta property=\"og:image:type\" content=\"image\/jpeg\" \/>\n<meta name=\"twitter:card\" content=\"summary_large_image\" \/>\n<meta name=\"twitter:label1\" content=\"Price\" \/>\n\t<meta name=\"twitter:data1\" content=\"11,60&nbsp;&euro;\" \/>\n\t<meta name=\"twitter:label2\" content=\"Availability\" \/>\n\t<meta name=\"twitter:data2\" content=\"In stock\" \/>\n<script type=\"application\/ld+json\" class=\"yoast-schema-graph\">{\"@context\":\"https:\\\/\\\/schema.org\",\"@graph\":[{\"@type\":\"WebPage\",\"@id\":\"https:\\\/\\\/zkeshop.sk\\\/produkt\\\/mahanarayana-thailam-olej-na-klby-a-svaly-200ml\\\/\",\"url\":\"https:\\\/\\\/zkeshop.sk\\\/produkt\\\/mahanarayana-thailam-olej-na-klby-a-svaly-200ml\\\/\",\"name\":\"Mahanarayana thailam - Oil for joints and muscles 200ml - ZK company\",\"isPartOf\":{\"@id\":\"https:\\\/\\\/zkeshop.sk\\\/#website\"},\"primaryImageOfPage\":{\"@id\":\"https:\\\/\\\/zkeshop.sk\\\/produkt\\\/mahanarayana-thailam-olej-na-klby-a-svaly-200ml\\\/#primaryimage\"},\"image\":{\"@id\":\"https:\\\/\\\/zkeshop.sk\\\/produkt\\\/mahanarayana-thailam-olej-na-klby-a-svaly-200ml\\\/#primaryimage\"},\"thumbnailUrl\":\"https:\\\/\\\/zkeshop.sk\\\/wp-content\\\/uploads\\\/2024\\\/06\\\/ayurmind-olej-na-klby-a-svaly.jpg\",\"datePublished\":\"2024-06-28T16:05:09+00:00\",\"dateModified\":\"2025-02-17T14:04:07+00:00\",\"breadcrumb\":{\"@id\":\"https:\\\/\\\/zkeshop.sk\\\/produkt\\\/mahanarayana-thailam-olej-na-klby-a-svaly-200ml\\\/#breadcrumb\"},\"inLanguage\":\"en-US\",\"potentialAction\":[{\"@type\":\"ReadAction\",\"target\":[\"https:\\\/\\\/zkeshop.sk\\\/produkt\\\/mahanarayana-thailam-olej-na-klby-a-svaly-200ml\\\/\"]}]},{\"@type\":\"ImageObject\",\"inLanguage\":\"en-US\",\"@id\":\"https:\\\/\\\/zkeshop.sk\\\/produkt\\\/mahanarayana-thailam-olej-na-klby-a-svaly-200ml\\\/#primaryimage\",\"url\":\"https:\\\/\\\/zkeshop.sk\\\/wp-content\\\/uploads\\\/2024\\\/06\\\/ayurmind-olej-na-klby-a-svaly.jpg\",\"contentUrl\":\"https:\\\/\\\/zkeshop.sk\\\/wp-content\\\/uploads\\\/2024\\\/06\\\/ayurmind-olej-na-klby-a-svaly.jpg\",\"width\":1024,\"height\":768,\"caption\":\"Mahanarayana Thailam, ajurv\u00e9dsky olej pre omladenie, silu a pohyblivos\u0165. Podporuje k\u013aby, svaly, krvn\u00fd obeh a celkov\u00fa vitalitu.\"},{\"@type\":\"BreadcrumbList\",\"@id\":\"https:\\\/\\\/zkeshop.sk\\\/produkt\\\/mahanarayana-thailam-olej-na-klby-a-svaly-200ml\\\/#breadcrumb\",\"itemListElement\":[{\"@type\":\"ListItem\",\"position\":1,\"name\":\"Home\",\"item\":\"https:\\\/\\\/zkeshop.sk\\\/\"},{\"@type\":\"ListItem\",\"position\":2,\"name\":\"Shop\",\"item\":\"https:\\\/\\\/zkeshop.sk\\\/obchod\\\/\"},{\"@type\":\"ListItem\",\"position\":3,\"name\":\"Mahanarayana thailam &#8211; Oil for joints and muscles 200ml\"}]},{\"@type\":\"WebSite\",\"@id\":\"https:\\\/\\\/zkeshop.sk\\\/#website\",\"url\":\"https:\\\/\\\/zkeshop.sk\\\/\",\"name\":\"ZK company\",\"description\":\"Kvalitn\u00e1 kozmetika pre ka\u017edodenn\u00e9 pou\u017eitie\",\"potentialAction\":[{\"@type\":\"SearchAction\",\"target\":{\"@type\":\"EntryPoint\",\"urlTemplate\":\"https:\\\/\\\/zkeshop.sk\\\/?s={search_term_string}\"},\"query-input\":{\"@type\":\"PropertyValueSpecification\",\"valueRequired\":true,\"valueName\":\"search_term_string\"}}],\"inLanguage\":\"en-US\"}]}<\/script>\n<meta property=\"product:price:amount\" content=\"11.60\" \/>\n<meta property=\"product:price:currency\" content=\"EUR\" \/>\n<meta property=\"og:availability\" content=\"instock\" \/>\n<meta property=\"product:availability\" content=\"instock\" \/>\n<meta property=\"product:condition\" content=\"new\" \/>\n<!-- \/ Yoast SEO Premium plugin. -->","yoast_head_json":{"title":"Mahanarayana thailam - Oil for joints and muscles 200ml - ZK company","robots":{"index":"index","follow":"follow","max-snippet":"max-snippet:-1","max-image-preview":"max-image-preview:large","max-video-preview":"max-video-preview:-1"},"canonical":"https:\/\/zkeshop.sk\/produkt\/mahanarayana-thailam-olej-na-klby-a-svaly-200ml\/","og_locale":"en_US","og_type":"article","og_title":"Mahanarayana thailam - Oil for joints and muscles 200ml","og_description":"Mahanarayana thailam, overall, is multipurpose. It is the perfect massage oil for healthy aging and rejuvenation. It balances all doshas, promotes bone, joint and muscle strength. It promotes energization, rejuvenation and replenishment of the body.","og_url":"https:\/\/zkeshop.sk\/produkt\/mahanarayana-thailam-olej-na-klby-a-svaly-200ml\/","og_site_name":"ZK company","article_modified_time":"2025-02-17T14:04:07+00:00","og_image":[{"width":1024,"height":768,"url":"https:\/\/zkeshop.sk\/wp-content\/uploads\/2024\/06\/ayurmind-olej-na-klby-a-svaly.jpg","type":"image\/jpeg"}],"twitter_card":"summary_large_image","twitter_misc":{"Price":"11,60&nbsp;&euro;","Availability":"In stock"},"schema":{"@context":"https:\/\/schema.org","@graph":[{"@type":"WebPage","@id":"https:\/\/zkeshop.sk\/produkt\/mahanarayana-thailam-olej-na-klby-a-svaly-200ml\/","url":"https:\/\/zkeshop.sk\/produkt\/mahanarayana-thailam-olej-na-klby-a-svaly-200ml\/","name":"Mahanarayana thailam - Oil for joints and muscles 200ml - ZK company","isPartOf":{"@id":"https:\/\/zkeshop.sk\/#website"},"primaryImageOfPage":{"@id":"https:\/\/zkeshop.sk\/produkt\/mahanarayana-thailam-olej-na-klby-a-svaly-200ml\/#primaryimage"},"image":{"@id":"https:\/\/zkeshop.sk\/produkt\/mahanarayana-thailam-olej-na-klby-a-svaly-200ml\/#primaryimage"},"thumbnailUrl":"https:\/\/zkeshop.sk\/wp-content\/uploads\/2024\/06\/ayurmind-olej-na-klby-a-svaly.jpg","datePublished":"2024-06-28T16:05:09+00:00","dateModified":"2025-02-17T14:04:07+00:00","breadcrumb":{"@id":"https:\/\/zkeshop.sk\/produkt\/mahanarayana-thailam-olej-na-klby-a-svaly-200ml\/#breadcrumb"},"inLanguage":"en-US","potentialAction":[{"@type":"ReadAction","target":["https:\/\/zkeshop.sk\/produkt\/mahanarayana-thailam-olej-na-klby-a-svaly-200ml\/"]}]},{"@type":"ImageObject","inLanguage":"en-US","@id":"https:\/\/zkeshop.sk\/produkt\/mahanarayana-thailam-olej-na-klby-a-svaly-200ml\/#primaryimage","url":"https:\/\/zkeshop.sk\/wp-content\/uploads\/2024\/06\/ayurmind-olej-na-klby-a-svaly.jpg","contentUrl":"https:\/\/zkeshop.sk\/wp-content\/uploads\/2024\/06\/ayurmind-olej-na-klby-a-svaly.jpg","width":1024,"height":768,"caption":"Mahanarayana Thailam, ajurv\u00e9dsky olej pre omladenie, silu a pohyblivos\u0165. Podporuje k\u013aby, svaly, krvn\u00fd obeh a celkov\u00fa vitalitu."},{"@type":"BreadcrumbList","@id":"https:\/\/zkeshop.sk\/produkt\/mahanarayana-thailam-olej-na-klby-a-svaly-200ml\/#breadcrumb","itemListElement":[{"@type":"ListItem","position":1,"name":"Home","item":"https:\/\/zkeshop.sk\/"},{"@type":"ListItem","position":2,"name":"Shop","item":"https:\/\/zkeshop.sk\/obchod\/"},{"@type":"ListItem","position":3,"name":"Mahanarayana thailam &#8211; Oil for joints and muscles 200ml"}]},{"@type":"WebSite","@id":"https:\/\/zkeshop.sk\/#website","url":"https:\/\/zkeshop.sk\/","name":"ZK company","description":"Kvalitn\u00e1 kozmetika pre ka\u017edodenn\u00e9 pou\u017eitie","potentialAction":[{"@type":"SearchAction","target":{"@type":"EntryPoint","urlTemplate":"https:\/\/zkeshop.sk\/?s={search_term_string}"},"query-input":{"@type":"PropertyValueSpecification","valueRequired":true,"valueName":"search_term_string"}}],"inLanguage":"en-US"}]},"product_price_amount":"11.60","product_price_currency":"EUR","og_availability":"instock","product_availability":"instock","product_condition":"new"},"_links":{"self":[{"href":"https:\/\/zkeshop.sk\/en\/wp-json\/wp\/v2\/product\/14938","targetHints":{"allow":["GET"]}}],"collection":[{"href":"https:\/\/zkeshop.sk\/en\/wp-json\/wp\/v2\/product"}],"about":[{"href":"https:\/\/zkeshop.sk\/en\/wp-json\/wp\/v2\/types\/product"}],"replies":[{"embeddable":true,"href":"https:\/\/zkeshop.sk\/en\/wp-json\/wp\/v2\/comments?post=14938"}],"version-history":[{"count":0,"href":"https:\/\/zkeshop.sk\/en\/wp-json\/wp\/v2\/product\/14938\/revisions"}],"wp:featuredmedia":[{"embeddable":true,"href":"https:\/\/zkeshop.sk\/en\/wp-json\/wp\/v2\/media\/12949"}],"wp:attachment":[{"href":"https:\/\/zkeshop.sk\/en\/wp-json\/wp\/v2\/media?parent=14938"}],"wp:term":[{"taxonomy":"product_brand","embeddable":true,"href":"https:\/\/zkeshop.sk\/en\/wp-json\/wp\/v2\/product_brand?post=14938"},{"taxonomy":"product_cat","embeddable":true,"href":"https:\/\/zkeshop.sk\/en\/wp-json\/wp\/v2\/product_cat?post=14938"},{"taxonomy":"product_tag","embeddable":true,"href":"https:\/\/zkeshop.sk\/en\/wp-json\/wp\/v2\/product_tag?post=14938"}],"curies":[{"name":"wp","href":"https:\/\/api.w.org\/{rel}","templated":true}]}}