{"id":14939,"date":"2024-06-28T18:05:25","date_gmt":"2024-06-28T16:05:25","guid":{"rendered":"https:\/\/zkeshop.sk\/produkt\/chinchaadi-thailam-oil-for-neurological-diseases-200ml\/"},"modified":"2025-02-17T15:04:07","modified_gmt":"2025-02-17T14:04:07","slug":"chinchaadi-thailam-oil-for-neurological-diseases-200ml","status":"publish","type":"product","link":"https:\/\/zkeshop.sk\/en\/produkt\/chinchaadi-thailam-oil-for-neurological-diseases-200ml\/","title":{"rendered":"Chinchaadi thailam &#8211; Oil for neurological diseases 200ml"},"content":{"rendered":"<p><strong>Detailed description<\/strong><br \/>\nChinchadi Thailam is a daily massage oil (for external use only) that is based on Ayurvedic principles and is used for neurological conditions. The word Chincha means tamarind, which is the main ingredient prepared on a sesame oil base. Chinchadi Thailam serves as an effective oil for treating joint, muscle and nerve disorders.  <\/p>\n<p><strong>Suggested Use<\/strong><br \/>\nChinchadi Thailam must not be consumed. Massage the oil daily or weekly or as directed by your healthcare practitioner.<br \/>\nIf you are pregnant, nursing, taking medication or have a medical condition, consult your physician before using this product.<br \/>\nDo not use the product if the seal is damaged. Store it in a cool, dry place. Keep it out of the reach of children.   <\/p>\n<p><strong>Ingredients<\/strong><br \/>\nChinchaadi thailam, each 10 ml is prepared from extracts of: tamaris indica 40 ml, acorus calamus 0.138 g, allium sativum 0.138 g, alpinia galanga 0.138 g, brassica juncea 0.138 g, capparis spinosa 0.138 g, cedrus deodara 0.138 g, moringa oleifera 0.138 g, zingiber officinale 0.138 g, curd odf cow&#8217;s milk 10 ml, sesame oil 10 ml.<\/p>\n","protected":false},"excerpt":{"rendered":"<p>Chinchadi Thailam is a daily massage oil (for external use only) that is based on Ayurvedic principles and is used for neurological conditions.<\/p>\n","protected":false},"featured_media":12961,"comment_status":"open","ping_status":"closed","template":"","meta":[],"product_brand":[],"product_cat":[110],"product_tag":[],"class_list":{"0":"post-14939","1":"product","2":"type-product","3":"status-publish","4":"has-post-thumbnail","6":"product_cat-ayurveda","8":"first","9":"instock","10":"taxable","11":"shipping-taxable","12":"purchasable","13":"product-type-simple"},"yoast_head":"<!-- This site is optimized with the Yoast SEO Premium plugin v27.3 (Yoast SEO v27.3) - https:\/\/yoast.com\/product\/yoast-seo-premium-wordpress\/ -->\n<title>Chinchaadi thailam - Oil for neurological diseases 200ml - ZK company<\/title>\n<meta name=\"robots\" content=\"index, follow, max-snippet:-1, max-image-preview:large, max-video-preview:-1\" \/>\n<link rel=\"canonical\" href=\"https:\/\/zkeshop.sk\/produkt\/chinchaadi-thailam-olej-na-neurologicke-ochorenia-200ml\/\" \/>\n<meta property=\"og:locale\" content=\"en_US\" \/>\n<meta property=\"og:type\" content=\"article\" \/>\n<meta property=\"og:title\" content=\"Chinchaadi thailam - Oil for neurological diseases 200ml\" \/>\n<meta property=\"og:description\" content=\"Chinchadi Thailam is a daily massage oil (for external use only) that is based on Ayurvedic principles and is used for neurological conditions.\" \/>\n<meta property=\"og:url\" content=\"https:\/\/zkeshop.sk\/produkt\/chinchaadi-thailam-olej-na-neurologicke-ochorenia-200ml\/\" \/>\n<meta property=\"og:site_name\" content=\"ZK company\" \/>\n<meta property=\"article:modified_time\" content=\"2025-02-17T14:04:07+00:00\" \/>\n<meta property=\"og:image\" content=\"https:\/\/zkeshop.sk\/wp-content\/uploads\/2024\/06\/ayurmind-olej-na-neurologicke-ochorenia.jpg\" \/>\n\t<meta property=\"og:image:width\" content=\"1024\" \/>\n\t<meta property=\"og:image:height\" content=\"768\" \/>\n\t<meta property=\"og:image:type\" content=\"image\/jpeg\" \/>\n<meta name=\"twitter:card\" content=\"summary_large_image\" \/>\n<meta name=\"twitter:label1\" content=\"Price\" \/>\n\t<meta name=\"twitter:data1\" content=\"11,60&nbsp;&euro;\" \/>\n\t<meta name=\"twitter:label2\" content=\"Availability\" \/>\n\t<meta name=\"twitter:data2\" content=\"In stock\" \/>\n<script type=\"application\/ld+json\" class=\"yoast-schema-graph\">{\"@context\":\"https:\\\/\\\/schema.org\",\"@graph\":[{\"@type\":\"WebPage\",\"@id\":\"https:\\\/\\\/zkeshop.sk\\\/produkt\\\/chinchaadi-thailam-olej-na-neurologicke-ochorenia-200ml\\\/\",\"url\":\"https:\\\/\\\/zkeshop.sk\\\/produkt\\\/chinchaadi-thailam-olej-na-neurologicke-ochorenia-200ml\\\/\",\"name\":\"Chinchaadi thailam - Oil for neurological diseases 200ml - ZK company\",\"isPartOf\":{\"@id\":\"https:\\\/\\\/zkeshop.sk\\\/#website\"},\"primaryImageOfPage\":{\"@id\":\"https:\\\/\\\/zkeshop.sk\\\/produkt\\\/chinchaadi-thailam-olej-na-neurologicke-ochorenia-200ml\\\/#primaryimage\"},\"image\":{\"@id\":\"https:\\\/\\\/zkeshop.sk\\\/produkt\\\/chinchaadi-thailam-olej-na-neurologicke-ochorenia-200ml\\\/#primaryimage\"},\"thumbnailUrl\":\"https:\\\/\\\/zkeshop.sk\\\/wp-content\\\/uploads\\\/2024\\\/06\\\/ayurmind-olej-na-neurologicke-ochorenia.jpg\",\"datePublished\":\"2024-06-28T16:05:25+00:00\",\"dateModified\":\"2025-02-17T14:04:07+00:00\",\"breadcrumb\":{\"@id\":\"https:\\\/\\\/zkeshop.sk\\\/produkt\\\/chinchaadi-thailam-olej-na-neurologicke-ochorenia-200ml\\\/#breadcrumb\"},\"inLanguage\":\"en-US\",\"potentialAction\":[{\"@type\":\"ReadAction\",\"target\":[\"https:\\\/\\\/zkeshop.sk\\\/produkt\\\/chinchaadi-thailam-olej-na-neurologicke-ochorenia-200ml\\\/\"]}]},{\"@type\":\"ImageObject\",\"inLanguage\":\"en-US\",\"@id\":\"https:\\\/\\\/zkeshop.sk\\\/produkt\\\/chinchaadi-thailam-olej-na-neurologicke-ochorenia-200ml\\\/#primaryimage\",\"url\":\"https:\\\/\\\/zkeshop.sk\\\/wp-content\\\/uploads\\\/2024\\\/06\\\/ayurmind-olej-na-neurologicke-ochorenia.jpg\",\"contentUrl\":\"https:\\\/\\\/zkeshop.sk\\\/wp-content\\\/uploads\\\/2024\\\/06\\\/ayurmind-olej-na-neurologicke-ochorenia.jpg\",\"width\":1024,\"height\":768,\"caption\":\"Chinchadi Thailam \u2013 ajurv\u00e9dsky olej na podporu zdravia k\u013abov, svalov a nervov. Pom\u00e1ha uvo\u013eni\u0165 nap\u00e4tie a podporuje regener\u00e1ciu tela.\"},{\"@type\":\"BreadcrumbList\",\"@id\":\"https:\\\/\\\/zkeshop.sk\\\/produkt\\\/chinchaadi-thailam-olej-na-neurologicke-ochorenia-200ml\\\/#breadcrumb\",\"itemListElement\":[{\"@type\":\"ListItem\",\"position\":1,\"name\":\"Home\",\"item\":\"https:\\\/\\\/zkeshop.sk\\\/\"},{\"@type\":\"ListItem\",\"position\":2,\"name\":\"Shop\",\"item\":\"https:\\\/\\\/zkeshop.sk\\\/obchod\\\/\"},{\"@type\":\"ListItem\",\"position\":3,\"name\":\"Chinchaadi thailam &#8211; Oil for neurological diseases 200ml\"}]},{\"@type\":\"WebSite\",\"@id\":\"https:\\\/\\\/zkeshop.sk\\\/#website\",\"url\":\"https:\\\/\\\/zkeshop.sk\\\/\",\"name\":\"ZK company\",\"description\":\"Kvalitn\u00e1 kozmetika pre ka\u017edodenn\u00e9 pou\u017eitie\",\"potentialAction\":[{\"@type\":\"SearchAction\",\"target\":{\"@type\":\"EntryPoint\",\"urlTemplate\":\"https:\\\/\\\/zkeshop.sk\\\/?s={search_term_string}\"},\"query-input\":{\"@type\":\"PropertyValueSpecification\",\"valueRequired\":true,\"valueName\":\"search_term_string\"}}],\"inLanguage\":\"en-US\"}]}<\/script>\n<meta property=\"product:price:amount\" content=\"11.60\" \/>\n<meta property=\"product:price:currency\" content=\"EUR\" \/>\n<meta property=\"og:availability\" content=\"instock\" \/>\n<meta property=\"product:availability\" content=\"instock\" \/>\n<meta property=\"product:condition\" content=\"new\" \/>\n<!-- \/ Yoast SEO Premium plugin. -->","yoast_head_json":{"title":"Chinchaadi thailam - Oil for neurological diseases 200ml - ZK company","robots":{"index":"index","follow":"follow","max-snippet":"max-snippet:-1","max-image-preview":"max-image-preview:large","max-video-preview":"max-video-preview:-1"},"canonical":"https:\/\/zkeshop.sk\/produkt\/chinchaadi-thailam-olej-na-neurologicke-ochorenia-200ml\/","og_locale":"en_US","og_type":"article","og_title":"Chinchaadi thailam - Oil for neurological diseases 200ml","og_description":"Chinchadi Thailam is a daily massage oil (for external use only) that is based on Ayurvedic principles and is used for neurological conditions.","og_url":"https:\/\/zkeshop.sk\/produkt\/chinchaadi-thailam-olej-na-neurologicke-ochorenia-200ml\/","og_site_name":"ZK company","article_modified_time":"2025-02-17T14:04:07+00:00","og_image":[{"width":1024,"height":768,"url":"https:\/\/zkeshop.sk\/wp-content\/uploads\/2024\/06\/ayurmind-olej-na-neurologicke-ochorenia.jpg","type":"image\/jpeg"}],"twitter_card":"summary_large_image","twitter_misc":{"Price":"11,60&nbsp;&euro;","Availability":"In stock"},"schema":{"@context":"https:\/\/schema.org","@graph":[{"@type":"WebPage","@id":"https:\/\/zkeshop.sk\/produkt\/chinchaadi-thailam-olej-na-neurologicke-ochorenia-200ml\/","url":"https:\/\/zkeshop.sk\/produkt\/chinchaadi-thailam-olej-na-neurologicke-ochorenia-200ml\/","name":"Chinchaadi thailam - Oil for neurological diseases 200ml - ZK company","isPartOf":{"@id":"https:\/\/zkeshop.sk\/#website"},"primaryImageOfPage":{"@id":"https:\/\/zkeshop.sk\/produkt\/chinchaadi-thailam-olej-na-neurologicke-ochorenia-200ml\/#primaryimage"},"image":{"@id":"https:\/\/zkeshop.sk\/produkt\/chinchaadi-thailam-olej-na-neurologicke-ochorenia-200ml\/#primaryimage"},"thumbnailUrl":"https:\/\/zkeshop.sk\/wp-content\/uploads\/2024\/06\/ayurmind-olej-na-neurologicke-ochorenia.jpg","datePublished":"2024-06-28T16:05:25+00:00","dateModified":"2025-02-17T14:04:07+00:00","breadcrumb":{"@id":"https:\/\/zkeshop.sk\/produkt\/chinchaadi-thailam-olej-na-neurologicke-ochorenia-200ml\/#breadcrumb"},"inLanguage":"en-US","potentialAction":[{"@type":"ReadAction","target":["https:\/\/zkeshop.sk\/produkt\/chinchaadi-thailam-olej-na-neurologicke-ochorenia-200ml\/"]}]},{"@type":"ImageObject","inLanguage":"en-US","@id":"https:\/\/zkeshop.sk\/produkt\/chinchaadi-thailam-olej-na-neurologicke-ochorenia-200ml\/#primaryimage","url":"https:\/\/zkeshop.sk\/wp-content\/uploads\/2024\/06\/ayurmind-olej-na-neurologicke-ochorenia.jpg","contentUrl":"https:\/\/zkeshop.sk\/wp-content\/uploads\/2024\/06\/ayurmind-olej-na-neurologicke-ochorenia.jpg","width":1024,"height":768,"caption":"Chinchadi Thailam \u2013 ajurv\u00e9dsky olej na podporu zdravia k\u013abov, svalov a nervov. Pom\u00e1ha uvo\u013eni\u0165 nap\u00e4tie a podporuje regener\u00e1ciu tela."},{"@type":"BreadcrumbList","@id":"https:\/\/zkeshop.sk\/produkt\/chinchaadi-thailam-olej-na-neurologicke-ochorenia-200ml\/#breadcrumb","itemListElement":[{"@type":"ListItem","position":1,"name":"Home","item":"https:\/\/zkeshop.sk\/"},{"@type":"ListItem","position":2,"name":"Shop","item":"https:\/\/zkeshop.sk\/obchod\/"},{"@type":"ListItem","position":3,"name":"Chinchaadi thailam &#8211; Oil for neurological diseases 200ml"}]},{"@type":"WebSite","@id":"https:\/\/zkeshop.sk\/#website","url":"https:\/\/zkeshop.sk\/","name":"ZK company","description":"Kvalitn\u00e1 kozmetika pre ka\u017edodenn\u00e9 pou\u017eitie","potentialAction":[{"@type":"SearchAction","target":{"@type":"EntryPoint","urlTemplate":"https:\/\/zkeshop.sk\/?s={search_term_string}"},"query-input":{"@type":"PropertyValueSpecification","valueRequired":true,"valueName":"search_term_string"}}],"inLanguage":"en-US"}]},"product_price_amount":"11.60","product_price_currency":"EUR","og_availability":"instock","product_availability":"instock","product_condition":"new"},"_links":{"self":[{"href":"https:\/\/zkeshop.sk\/en\/wp-json\/wp\/v2\/product\/14939","targetHints":{"allow":["GET"]}}],"collection":[{"href":"https:\/\/zkeshop.sk\/en\/wp-json\/wp\/v2\/product"}],"about":[{"href":"https:\/\/zkeshop.sk\/en\/wp-json\/wp\/v2\/types\/product"}],"replies":[{"embeddable":true,"href":"https:\/\/zkeshop.sk\/en\/wp-json\/wp\/v2\/comments?post=14939"}],"version-history":[{"count":0,"href":"https:\/\/zkeshop.sk\/en\/wp-json\/wp\/v2\/product\/14939\/revisions"}],"wp:featuredmedia":[{"embeddable":true,"href":"https:\/\/zkeshop.sk\/en\/wp-json\/wp\/v2\/media\/12961"}],"wp:attachment":[{"href":"https:\/\/zkeshop.sk\/en\/wp-json\/wp\/v2\/media?parent=14939"}],"wp:term":[{"taxonomy":"product_brand","embeddable":true,"href":"https:\/\/zkeshop.sk\/en\/wp-json\/wp\/v2\/product_brand?post=14939"},{"taxonomy":"product_cat","embeddable":true,"href":"https:\/\/zkeshop.sk\/en\/wp-json\/wp\/v2\/product_cat?post=14939"},{"taxonomy":"product_tag","embeddable":true,"href":"https:\/\/zkeshop.sk\/en\/wp-json\/wp\/v2\/product_tag?post=14939"}],"curies":[{"name":"wp","href":"https:\/\/api.w.org\/{rel}","templated":true}]}}