{"id":14943,"date":"2024-06-28T18:05:30","date_gmt":"2024-06-28T16:05:30","guid":{"rendered":"https:\/\/zkeshop.sk\/produkt\/dhanwantharam-thailam-regenerating-oil-200ml\/"},"modified":"2025-02-17T15:04:08","modified_gmt":"2025-02-17T14:04:08","slug":"dhanwantharam-thailam-regenerating-oil-200ml","status":"publish","type":"product","link":"https:\/\/zkeshop.sk\/en\/produkt\/dhanwantharam-thailam-regenerating-oil-200ml\/","title":{"rendered":"Dhanwantharam thailam &#8211; Regenerating oil 200ml"},"content":{"rendered":"<p><strong>Detailed description:<\/strong><br \/>\nDhanwantharam thailam promotes healthy joints, improves mobility and relieves stiffness in the neck and sacrum. It promotes natural flexibility, production of natural immune responses against occasional inflammation and last but not least a healthy nervous system. Helps relax the shoulders and promotes strength by toning the muscles. Maintains a regular sleep cycle to support our optimal health and well-being.   <\/p>\n<p><strong>Benefits and Properties<\/strong><br \/>\nDhanwantharam thailam promotes healthy joints as it promotes natural lubrication between the joints for easy mobility<br \/>\nIt is warming in nature, releases Vata stuck in the neck and sacrum area<br \/>\nIt promotes natural flexibility by, Supports healthy muscles and ligaments and revitalizes joints<br \/>\nSupports a healthy nervous system by encouraging the production of natural immune responses against occasional inflammation<br \/>\nHelps relax shoulders and promotes strength by toning muscles<br \/>\nMaintains a regular sleep cycle to support our optimal health and well-being<\/p>\n<p><strong>Suggested Use<\/strong><br \/>\nDhanwantharam thailam must not be consumed. Massage the oil daily or weekly or as directed by your healthcare practitioner.<br \/>\nIf you are pregnant, nursing, taking medication or have a medical condition, consult your physician before using this product.<br \/>\nDo not use the product if the seal is damaged. Store it in a cool, dry place. Keep it out of the reach of children.   <\/p>\n<p><strong>Composition<\/strong><br \/>\nDhanwantharam thailam, each 10 ml is prepared from extracts of: aegle marmelous 0.195 g, desmodium gangeticum 0.195 g, dolichos bifolorus 0.195 g, \u00b4gmelina arborea 0.195 g, hordeum vulgare 0.195 g, oroxylum indicum 0.195 g, premna corymbosa 0.195 g, pseudarthria viscida 0.195 g, sida rhombifolia 15 g, solanum anguvi 0,195 g, solanum xanthocarpum 0,195 g, stereospermum suaveloens 0,195 g, tribulus terrestris 0,195 g, ziziphus mauritiana 0,195 g, acorus calamus 0,026 g, anethum sowa 0,026 g, asparagus recemosus 0,052 g, asparagus recemosus 0,052 g,026 g, boerhavia diffusa 0,026 g, cedrus deodara 0,026 g, cinnamomum tamala 0,026 g, cinnamomum zeylanica 0,026, commiphora myrrha 0,026 g, elettaria caramomum 0,026 g, emblica officinalis 0,026 g, glycrrhiza glabra 0,026 g, hemidesmus indicus 0,026 g, phascolus sublobatus 0,026 g, pureria tuberosa 0,052 g, rock salt 0,026 g, rubia cordifolia 0,026 g, terminalia bellerica 0,026 g, terminalia chebula 0,026 g, vetiveria zizanioides 0,026 g, vigna pilosa 0,026 g, withania somnifera 0,052.<\/p>\n","protected":false},"excerpt":{"rendered":"<p>A regenerating and rejuvenating Ayurvedic herbal oil to support healthy joints and a relaxed mind.<\/p>\n","protected":false},"featured_media":12970,"comment_status":"open","ping_status":"closed","template":"","meta":[],"product_brand":[],"product_cat":[110],"product_tag":[],"class_list":{"0":"post-14943","1":"product","2":"type-product","3":"status-publish","4":"has-post-thumbnail","6":"product_cat-ayurveda","8":"first","9":"instock","10":"taxable","11":"shipping-taxable","12":"purchasable","13":"product-type-simple"},"yoast_head":"<!-- This site is optimized with the Yoast SEO Premium plugin v27.3 (Yoast SEO v27.3) - https:\/\/yoast.com\/product\/yoast-seo-premium-wordpress\/ -->\n<title>Dhanwantharam thailam - Regenerating oil 200ml - ZK company<\/title>\n<meta name=\"robots\" content=\"index, follow, max-snippet:-1, max-image-preview:large, max-video-preview:-1\" \/>\n<link rel=\"canonical\" href=\"https:\/\/zkeshop.sk\/produkt\/dhanwantharam-thailam-regeneracny-olej-200ml\/\" \/>\n<meta property=\"og:locale\" content=\"en_US\" \/>\n<meta property=\"og:type\" content=\"article\" \/>\n<meta property=\"og:title\" content=\"Dhanwantharam thailam - Regenerating oil 200ml\" \/>\n<meta property=\"og:description\" content=\"A regenerating and rejuvenating Ayurvedic herbal oil to support healthy joints and a relaxed mind.\" \/>\n<meta property=\"og:url\" content=\"https:\/\/zkeshop.sk\/produkt\/dhanwantharam-thailam-regeneracny-olej-200ml\/\" \/>\n<meta property=\"og:site_name\" content=\"ZK company\" \/>\n<meta property=\"article:modified_time\" content=\"2025-02-17T14:04:08+00:00\" \/>\n<meta property=\"og:image\" content=\"https:\/\/zkeshop.sk\/wp-content\/uploads\/2024\/06\/ayurmind-regeneracny-olej.jpg\" \/>\n\t<meta property=\"og:image:width\" content=\"1024\" \/>\n\t<meta property=\"og:image:height\" content=\"768\" \/>\n\t<meta property=\"og:image:type\" content=\"image\/jpeg\" \/>\n<meta name=\"twitter:card\" content=\"summary_large_image\" \/>\n<meta name=\"twitter:label1\" content=\"Price\" \/>\n\t<meta name=\"twitter:data1\" content=\"11,60&nbsp;&euro;\" \/>\n\t<meta name=\"twitter:label2\" content=\"Availability\" \/>\n\t<meta name=\"twitter:data2\" content=\"In stock\" \/>\n<script type=\"application\/ld+json\" class=\"yoast-schema-graph\">{\"@context\":\"https:\\\/\\\/schema.org\",\"@graph\":[{\"@type\":\"WebPage\",\"@id\":\"https:\\\/\\\/zkeshop.sk\\\/produkt\\\/dhanwantharam-thailam-regeneracny-olej-200ml\\\/\",\"url\":\"https:\\\/\\\/zkeshop.sk\\\/produkt\\\/dhanwantharam-thailam-regeneracny-olej-200ml\\\/\",\"name\":\"Dhanwantharam thailam - Regenerating oil 200ml - ZK company\",\"isPartOf\":{\"@id\":\"https:\\\/\\\/zkeshop.sk\\\/#website\"},\"primaryImageOfPage\":{\"@id\":\"https:\\\/\\\/zkeshop.sk\\\/produkt\\\/dhanwantharam-thailam-regeneracny-olej-200ml\\\/#primaryimage\"},\"image\":{\"@id\":\"https:\\\/\\\/zkeshop.sk\\\/produkt\\\/dhanwantharam-thailam-regeneracny-olej-200ml\\\/#primaryimage\"},\"thumbnailUrl\":\"https:\\\/\\\/zkeshop.sk\\\/wp-content\\\/uploads\\\/2024\\\/06\\\/ayurmind-regeneracny-olej.jpg\",\"datePublished\":\"2024-06-28T16:05:30+00:00\",\"dateModified\":\"2025-02-17T14:04:08+00:00\",\"breadcrumb\":{\"@id\":\"https:\\\/\\\/zkeshop.sk\\\/produkt\\\/dhanwantharam-thailam-regeneracny-olej-200ml\\\/#breadcrumb\"},\"inLanguage\":\"en-US\",\"potentialAction\":[{\"@type\":\"ReadAction\",\"target\":[\"https:\\\/\\\/zkeshop.sk\\\/produkt\\\/dhanwantharam-thailam-regeneracny-olej-200ml\\\/\"]}]},{\"@type\":\"ImageObject\",\"inLanguage\":\"en-US\",\"@id\":\"https:\\\/\\\/zkeshop.sk\\\/produkt\\\/dhanwantharam-thailam-regeneracny-olej-200ml\\\/#primaryimage\",\"url\":\"https:\\\/\\\/zkeshop.sk\\\/wp-content\\\/uploads\\\/2024\\\/06\\\/ayurmind-regeneracny-olej.jpg\",\"contentUrl\":\"https:\\\/\\\/zkeshop.sk\\\/wp-content\\\/uploads\\\/2024\\\/06\\\/ayurmind-regeneracny-olej.jpg\",\"width\":1024,\"height\":768,\"caption\":\"Dhanwantharam Thailam, ajurv\u00e9dsky olej na podporu zdravia k\u013abov, nervov\u00e9ho syst\u00e9mu a svalov. Zni\u017euje nap\u00e4tie a podporuje regener\u00e1ciu tela.\"},{\"@type\":\"BreadcrumbList\",\"@id\":\"https:\\\/\\\/zkeshop.sk\\\/produkt\\\/dhanwantharam-thailam-regeneracny-olej-200ml\\\/#breadcrumb\",\"itemListElement\":[{\"@type\":\"ListItem\",\"position\":1,\"name\":\"Home\",\"item\":\"https:\\\/\\\/zkeshop.sk\\\/\"},{\"@type\":\"ListItem\",\"position\":2,\"name\":\"Shop\",\"item\":\"https:\\\/\\\/zkeshop.sk\\\/obchod\\\/\"},{\"@type\":\"ListItem\",\"position\":3,\"name\":\"Dhanwantharam thailam &#8211; Regenerating oil 200ml\"}]},{\"@type\":\"WebSite\",\"@id\":\"https:\\\/\\\/zkeshop.sk\\\/#website\",\"url\":\"https:\\\/\\\/zkeshop.sk\\\/\",\"name\":\"ZK company\",\"description\":\"Kvalitn\u00e1 kozmetika pre ka\u017edodenn\u00e9 pou\u017eitie\",\"potentialAction\":[{\"@type\":\"SearchAction\",\"target\":{\"@type\":\"EntryPoint\",\"urlTemplate\":\"https:\\\/\\\/zkeshop.sk\\\/?s={search_term_string}\"},\"query-input\":{\"@type\":\"PropertyValueSpecification\",\"valueRequired\":true,\"valueName\":\"search_term_string\"}}],\"inLanguage\":\"en-US\"}]}<\/script>\n<meta property=\"product:price:amount\" content=\"11.60\" \/>\n<meta property=\"product:price:currency\" content=\"EUR\" \/>\n<meta property=\"og:availability\" content=\"instock\" \/>\n<meta property=\"product:availability\" content=\"instock\" \/>\n<meta property=\"product:condition\" content=\"new\" \/>\n<!-- \/ Yoast SEO Premium plugin. -->","yoast_head_json":{"title":"Dhanwantharam thailam - Regenerating oil 200ml - ZK company","robots":{"index":"index","follow":"follow","max-snippet":"max-snippet:-1","max-image-preview":"max-image-preview:large","max-video-preview":"max-video-preview:-1"},"canonical":"https:\/\/zkeshop.sk\/produkt\/dhanwantharam-thailam-regeneracny-olej-200ml\/","og_locale":"en_US","og_type":"article","og_title":"Dhanwantharam thailam - Regenerating oil 200ml","og_description":"A regenerating and rejuvenating Ayurvedic herbal oil to support healthy joints and a relaxed mind.","og_url":"https:\/\/zkeshop.sk\/produkt\/dhanwantharam-thailam-regeneracny-olej-200ml\/","og_site_name":"ZK company","article_modified_time":"2025-02-17T14:04:08+00:00","og_image":[{"width":1024,"height":768,"url":"https:\/\/zkeshop.sk\/wp-content\/uploads\/2024\/06\/ayurmind-regeneracny-olej.jpg","type":"image\/jpeg"}],"twitter_card":"summary_large_image","twitter_misc":{"Price":"11,60&nbsp;&euro;","Availability":"In stock"},"schema":{"@context":"https:\/\/schema.org","@graph":[{"@type":"WebPage","@id":"https:\/\/zkeshop.sk\/produkt\/dhanwantharam-thailam-regeneracny-olej-200ml\/","url":"https:\/\/zkeshop.sk\/produkt\/dhanwantharam-thailam-regeneracny-olej-200ml\/","name":"Dhanwantharam thailam - Regenerating oil 200ml - ZK company","isPartOf":{"@id":"https:\/\/zkeshop.sk\/#website"},"primaryImageOfPage":{"@id":"https:\/\/zkeshop.sk\/produkt\/dhanwantharam-thailam-regeneracny-olej-200ml\/#primaryimage"},"image":{"@id":"https:\/\/zkeshop.sk\/produkt\/dhanwantharam-thailam-regeneracny-olej-200ml\/#primaryimage"},"thumbnailUrl":"https:\/\/zkeshop.sk\/wp-content\/uploads\/2024\/06\/ayurmind-regeneracny-olej.jpg","datePublished":"2024-06-28T16:05:30+00:00","dateModified":"2025-02-17T14:04:08+00:00","breadcrumb":{"@id":"https:\/\/zkeshop.sk\/produkt\/dhanwantharam-thailam-regeneracny-olej-200ml\/#breadcrumb"},"inLanguage":"en-US","potentialAction":[{"@type":"ReadAction","target":["https:\/\/zkeshop.sk\/produkt\/dhanwantharam-thailam-regeneracny-olej-200ml\/"]}]},{"@type":"ImageObject","inLanguage":"en-US","@id":"https:\/\/zkeshop.sk\/produkt\/dhanwantharam-thailam-regeneracny-olej-200ml\/#primaryimage","url":"https:\/\/zkeshop.sk\/wp-content\/uploads\/2024\/06\/ayurmind-regeneracny-olej.jpg","contentUrl":"https:\/\/zkeshop.sk\/wp-content\/uploads\/2024\/06\/ayurmind-regeneracny-olej.jpg","width":1024,"height":768,"caption":"Dhanwantharam Thailam, ajurv\u00e9dsky olej na podporu zdravia k\u013abov, nervov\u00e9ho syst\u00e9mu a svalov. Zni\u017euje nap\u00e4tie a podporuje regener\u00e1ciu tela."},{"@type":"BreadcrumbList","@id":"https:\/\/zkeshop.sk\/produkt\/dhanwantharam-thailam-regeneracny-olej-200ml\/#breadcrumb","itemListElement":[{"@type":"ListItem","position":1,"name":"Home","item":"https:\/\/zkeshop.sk\/"},{"@type":"ListItem","position":2,"name":"Shop","item":"https:\/\/zkeshop.sk\/obchod\/"},{"@type":"ListItem","position":3,"name":"Dhanwantharam thailam &#8211; Regenerating oil 200ml"}]},{"@type":"WebSite","@id":"https:\/\/zkeshop.sk\/#website","url":"https:\/\/zkeshop.sk\/","name":"ZK company","description":"Kvalitn\u00e1 kozmetika pre ka\u017edodenn\u00e9 pou\u017eitie","potentialAction":[{"@type":"SearchAction","target":{"@type":"EntryPoint","urlTemplate":"https:\/\/zkeshop.sk\/?s={search_term_string}"},"query-input":{"@type":"PropertyValueSpecification","valueRequired":true,"valueName":"search_term_string"}}],"inLanguage":"en-US"}]},"product_price_amount":"11.60","product_price_currency":"EUR","og_availability":"instock","product_availability":"instock","product_condition":"new"},"_links":{"self":[{"href":"https:\/\/zkeshop.sk\/en\/wp-json\/wp\/v2\/product\/14943","targetHints":{"allow":["GET"]}}],"collection":[{"href":"https:\/\/zkeshop.sk\/en\/wp-json\/wp\/v2\/product"}],"about":[{"href":"https:\/\/zkeshop.sk\/en\/wp-json\/wp\/v2\/types\/product"}],"replies":[{"embeddable":true,"href":"https:\/\/zkeshop.sk\/en\/wp-json\/wp\/v2\/comments?post=14943"}],"version-history":[{"count":0,"href":"https:\/\/zkeshop.sk\/en\/wp-json\/wp\/v2\/product\/14943\/revisions"}],"wp:featuredmedia":[{"embeddable":true,"href":"https:\/\/zkeshop.sk\/en\/wp-json\/wp\/v2\/media\/12970"}],"wp:attachment":[{"href":"https:\/\/zkeshop.sk\/en\/wp-json\/wp\/v2\/media?parent=14943"}],"wp:term":[{"taxonomy":"product_brand","embeddable":true,"href":"https:\/\/zkeshop.sk\/en\/wp-json\/wp\/v2\/product_brand?post=14943"},{"taxonomy":"product_cat","embeddable":true,"href":"https:\/\/zkeshop.sk\/en\/wp-json\/wp\/v2\/product_cat?post=14943"},{"taxonomy":"product_tag","embeddable":true,"href":"https:\/\/zkeshop.sk\/en\/wp-json\/wp\/v2\/product_tag?post=14943"}],"curies":[{"name":"wp","href":"https:\/\/api.w.org\/{rel}","templated":true}]}}