{"id":14944,"date":"2024-06-28T18:05:20","date_gmt":"2024-06-28T16:05:20","guid":{"rendered":"https:\/\/zkeshop.sk\/produkt\/karpooraadi-thailam-oil-for-pain-200ml\/"},"modified":"2025-02-17T15:04:09","modified_gmt":"2025-02-17T14:04:09","slug":"karpooraadi-thailam-oil-for-pain-200ml","status":"publish","type":"product","link":"https:\/\/zkeshop.sk\/en\/produkt\/karpooraadi-thailam-oil-for-pain-200ml\/","title":{"rendered":"Karpooraadi thailam &#8211; Oil for pain 200ml"},"content":{"rendered":"<p><strong>Detailed description<\/strong><br \/>\nKarpooraadi thailam is a pain relieving oil, anti-irritant, used in the treatment of rheumatism, effective for muscle pain and cramps. You can apply this oil on the chest as it helps relieve congestion and relieves breathing difficulties. The aromatic oil helps reduce muscle stiffness and multiple joint pain.  <\/p>\n<p><strong>Suggested Use<\/strong><br \/>\nKarpooraadi thailam must not be consumed. Massage the oil daily or weekly or as directed by your healthcare practitioner.<br \/>\nIf you are pregnant, nursing, taking medication or have a medical condition, consult your physician before using this product.<br \/>\nDo not use this product if the seal is damaged. Store it in a cool, dry place. Keep it out of the reach of children.   <\/p>\n<p><strong>Ingredients<\/strong><br \/>\nKarpooraadi oil, each 10ml is prepared from extracts of: trachyspermum roxburghianum 2.5g, cinnamomum camphora nees &amp; eberm sublimate 1.5g, milk 10ml, sesame oil 10ml.<\/p>\n","protected":false},"excerpt":{"rendered":"<p>Karpooraadi thailam is a pain relieving, anti-irritant oil, used in the treatment of rheumatism, effective for muscle pain and cramps.<\/p>\n","protected":false},"featured_media":12946,"comment_status":"open","ping_status":"closed","template":"","meta":[],"product_brand":[],"product_cat":[110],"product_tag":[],"class_list":{"0":"post-14944","1":"product","2":"type-product","3":"status-publish","4":"has-post-thumbnail","6":"product_cat-ayurveda","8":"first","9":"instock","10":"taxable","11":"shipping-taxable","12":"purchasable","13":"product-type-simple"},"yoast_head":"<!-- This site is optimized with the Yoast SEO Premium plugin v27.3 (Yoast SEO v27.3) - https:\/\/yoast.com\/product\/yoast-seo-premium-wordpress\/ -->\n<title>Karpooraadi thailam - Oil for pain 200ml - ZK company<\/title>\n<meta name=\"robots\" content=\"index, follow, max-snippet:-1, max-image-preview:large, max-video-preview:-1\" \/>\n<link rel=\"canonical\" href=\"https:\/\/zkeshop.sk\/produkt\/karpooraadi-thailam-olej-na-bolest-200ml\/\" \/>\n<meta property=\"og:locale\" content=\"en_US\" \/>\n<meta property=\"og:type\" content=\"article\" \/>\n<meta property=\"og:title\" content=\"Karpooraadi thailam - Oil for pain 200ml\" \/>\n<meta property=\"og:description\" content=\"Karpooraadi thailam is a pain relieving, anti-irritant oil, used in the treatment of rheumatism, effective for muscle pain and cramps.\" \/>\n<meta property=\"og:url\" content=\"https:\/\/zkeshop.sk\/produkt\/karpooraadi-thailam-olej-na-bolest-200ml\/\" \/>\n<meta property=\"og:site_name\" content=\"ZK company\" \/>\n<meta property=\"article:modified_time\" content=\"2025-02-17T14:04:09+00:00\" \/>\n<meta property=\"og:image\" content=\"https:\/\/zkeshop.sk\/wp-content\/uploads\/2024\/06\/ayurmind-olej-na-bolest.jpg\" \/>\n\t<meta property=\"og:image:width\" content=\"1024\" \/>\n\t<meta property=\"og:image:height\" content=\"768\" \/>\n\t<meta property=\"og:image:type\" content=\"image\/jpeg\" \/>\n<meta name=\"twitter:card\" content=\"summary_large_image\" \/>\n<meta name=\"twitter:label1\" content=\"Price\" \/>\n\t<meta name=\"twitter:data1\" content=\"11,60&nbsp;&euro;\" \/>\n\t<meta name=\"twitter:label2\" content=\"Availability\" \/>\n\t<meta name=\"twitter:data2\" content=\"In stock\" \/>\n<script type=\"application\/ld+json\" class=\"yoast-schema-graph\">{\"@context\":\"https:\\\/\\\/schema.org\",\"@graph\":[{\"@type\":\"WebPage\",\"@id\":\"https:\\\/\\\/zkeshop.sk\\\/produkt\\\/karpooraadi-thailam-olej-na-bolest-200ml\\\/\",\"url\":\"https:\\\/\\\/zkeshop.sk\\\/produkt\\\/karpooraadi-thailam-olej-na-bolest-200ml\\\/\",\"name\":\"Karpooraadi thailam - Oil for pain 200ml - ZK company\",\"isPartOf\":{\"@id\":\"https:\\\/\\\/zkeshop.sk\\\/#website\"},\"primaryImageOfPage\":{\"@id\":\"https:\\\/\\\/zkeshop.sk\\\/produkt\\\/karpooraadi-thailam-olej-na-bolest-200ml\\\/#primaryimage\"},\"image\":{\"@id\":\"https:\\\/\\\/zkeshop.sk\\\/produkt\\\/karpooraadi-thailam-olej-na-bolest-200ml\\\/#primaryimage\"},\"thumbnailUrl\":\"https:\\\/\\\/zkeshop.sk\\\/wp-content\\\/uploads\\\/2024\\\/06\\\/ayurmind-olej-na-bolest.jpg\",\"datePublished\":\"2024-06-28T16:05:20+00:00\",\"dateModified\":\"2025-02-17T14:04:09+00:00\",\"breadcrumb\":{\"@id\":\"https:\\\/\\\/zkeshop.sk\\\/produkt\\\/karpooraadi-thailam-olej-na-bolest-200ml\\\/#breadcrumb\"},\"inLanguage\":\"en-US\",\"potentialAction\":[{\"@type\":\"ReadAction\",\"target\":[\"https:\\\/\\\/zkeshop.sk\\\/produkt\\\/karpooraadi-thailam-olej-na-bolest-200ml\\\/\"]}]},{\"@type\":\"ImageObject\",\"inLanguage\":\"en-US\",\"@id\":\"https:\\\/\\\/zkeshop.sk\\\/produkt\\\/karpooraadi-thailam-olej-na-bolest-200ml\\\/#primaryimage\",\"url\":\"https:\\\/\\\/zkeshop.sk\\\/wp-content\\\/uploads\\\/2024\\\/06\\\/ayurmind-olej-na-bolest.jpg\",\"contentUrl\":\"https:\\\/\\\/zkeshop.sk\\\/wp-content\\\/uploads\\\/2024\\\/06\\\/ayurmind-olej-na-bolest.jpg\",\"width\":1024,\"height\":768,\"caption\":\"Karpooraadi Thailam \u2013 ajurv\u00e9dsky olej na zmiernenie bolesti svalov, k\u013abov a stuhnutosti. Pom\u00e1ha pri d\u00fdchan\u00ed a uvo\u013e\u0148uje nap\u00e4tie. Ide\u00e1lny na mas\u00e1\u017ee.\"},{\"@type\":\"BreadcrumbList\",\"@id\":\"https:\\\/\\\/zkeshop.sk\\\/produkt\\\/karpooraadi-thailam-olej-na-bolest-200ml\\\/#breadcrumb\",\"itemListElement\":[{\"@type\":\"ListItem\",\"position\":1,\"name\":\"Home\",\"item\":\"https:\\\/\\\/zkeshop.sk\\\/\"},{\"@type\":\"ListItem\",\"position\":2,\"name\":\"Shop\",\"item\":\"https:\\\/\\\/zkeshop.sk\\\/obchod\\\/\"},{\"@type\":\"ListItem\",\"position\":3,\"name\":\"Karpooraadi thailam &#8211; Oil for pain 200ml\"}]},{\"@type\":\"WebSite\",\"@id\":\"https:\\\/\\\/zkeshop.sk\\\/#website\",\"url\":\"https:\\\/\\\/zkeshop.sk\\\/\",\"name\":\"ZK company\",\"description\":\"Kvalitn\u00e1 kozmetika pre ka\u017edodenn\u00e9 pou\u017eitie\",\"potentialAction\":[{\"@type\":\"SearchAction\",\"target\":{\"@type\":\"EntryPoint\",\"urlTemplate\":\"https:\\\/\\\/zkeshop.sk\\\/?s={search_term_string}\"},\"query-input\":{\"@type\":\"PropertyValueSpecification\",\"valueRequired\":true,\"valueName\":\"search_term_string\"}}],\"inLanguage\":\"en-US\"}]}<\/script>\n<meta property=\"product:price:amount\" content=\"11.60\" \/>\n<meta property=\"product:price:currency\" content=\"EUR\" \/>\n<meta property=\"og:availability\" content=\"instock\" \/>\n<meta property=\"product:availability\" content=\"instock\" \/>\n<meta property=\"product:condition\" content=\"new\" \/>\n<!-- \/ Yoast SEO Premium plugin. -->","yoast_head_json":{"title":"Karpooraadi thailam - Oil for pain 200ml - ZK company","robots":{"index":"index","follow":"follow","max-snippet":"max-snippet:-1","max-image-preview":"max-image-preview:large","max-video-preview":"max-video-preview:-1"},"canonical":"https:\/\/zkeshop.sk\/produkt\/karpooraadi-thailam-olej-na-bolest-200ml\/","og_locale":"en_US","og_type":"article","og_title":"Karpooraadi thailam - Oil for pain 200ml","og_description":"Karpooraadi thailam is a pain relieving, anti-irritant oil, used in the treatment of rheumatism, effective for muscle pain and cramps.","og_url":"https:\/\/zkeshop.sk\/produkt\/karpooraadi-thailam-olej-na-bolest-200ml\/","og_site_name":"ZK company","article_modified_time":"2025-02-17T14:04:09+00:00","og_image":[{"width":1024,"height":768,"url":"https:\/\/zkeshop.sk\/wp-content\/uploads\/2024\/06\/ayurmind-olej-na-bolest.jpg","type":"image\/jpeg"}],"twitter_card":"summary_large_image","twitter_misc":{"Price":"11,60&nbsp;&euro;","Availability":"In stock"},"schema":{"@context":"https:\/\/schema.org","@graph":[{"@type":"WebPage","@id":"https:\/\/zkeshop.sk\/produkt\/karpooraadi-thailam-olej-na-bolest-200ml\/","url":"https:\/\/zkeshop.sk\/produkt\/karpooraadi-thailam-olej-na-bolest-200ml\/","name":"Karpooraadi thailam - Oil for pain 200ml - ZK company","isPartOf":{"@id":"https:\/\/zkeshop.sk\/#website"},"primaryImageOfPage":{"@id":"https:\/\/zkeshop.sk\/produkt\/karpooraadi-thailam-olej-na-bolest-200ml\/#primaryimage"},"image":{"@id":"https:\/\/zkeshop.sk\/produkt\/karpooraadi-thailam-olej-na-bolest-200ml\/#primaryimage"},"thumbnailUrl":"https:\/\/zkeshop.sk\/wp-content\/uploads\/2024\/06\/ayurmind-olej-na-bolest.jpg","datePublished":"2024-06-28T16:05:20+00:00","dateModified":"2025-02-17T14:04:09+00:00","breadcrumb":{"@id":"https:\/\/zkeshop.sk\/produkt\/karpooraadi-thailam-olej-na-bolest-200ml\/#breadcrumb"},"inLanguage":"en-US","potentialAction":[{"@type":"ReadAction","target":["https:\/\/zkeshop.sk\/produkt\/karpooraadi-thailam-olej-na-bolest-200ml\/"]}]},{"@type":"ImageObject","inLanguage":"en-US","@id":"https:\/\/zkeshop.sk\/produkt\/karpooraadi-thailam-olej-na-bolest-200ml\/#primaryimage","url":"https:\/\/zkeshop.sk\/wp-content\/uploads\/2024\/06\/ayurmind-olej-na-bolest.jpg","contentUrl":"https:\/\/zkeshop.sk\/wp-content\/uploads\/2024\/06\/ayurmind-olej-na-bolest.jpg","width":1024,"height":768,"caption":"Karpooraadi Thailam \u2013 ajurv\u00e9dsky olej na zmiernenie bolesti svalov, k\u013abov a stuhnutosti. Pom\u00e1ha pri d\u00fdchan\u00ed a uvo\u013e\u0148uje nap\u00e4tie. Ide\u00e1lny na mas\u00e1\u017ee."},{"@type":"BreadcrumbList","@id":"https:\/\/zkeshop.sk\/produkt\/karpooraadi-thailam-olej-na-bolest-200ml\/#breadcrumb","itemListElement":[{"@type":"ListItem","position":1,"name":"Home","item":"https:\/\/zkeshop.sk\/"},{"@type":"ListItem","position":2,"name":"Shop","item":"https:\/\/zkeshop.sk\/obchod\/"},{"@type":"ListItem","position":3,"name":"Karpooraadi thailam &#8211; Oil for pain 200ml"}]},{"@type":"WebSite","@id":"https:\/\/zkeshop.sk\/#website","url":"https:\/\/zkeshop.sk\/","name":"ZK company","description":"Kvalitn\u00e1 kozmetika pre ka\u017edodenn\u00e9 pou\u017eitie","potentialAction":[{"@type":"SearchAction","target":{"@type":"EntryPoint","urlTemplate":"https:\/\/zkeshop.sk\/?s={search_term_string}"},"query-input":{"@type":"PropertyValueSpecification","valueRequired":true,"valueName":"search_term_string"}}],"inLanguage":"en-US"}]},"product_price_amount":"11.60","product_price_currency":"EUR","og_availability":"instock","product_availability":"instock","product_condition":"new"},"_links":{"self":[{"href":"https:\/\/zkeshop.sk\/en\/wp-json\/wp\/v2\/product\/14944","targetHints":{"allow":["GET"]}}],"collection":[{"href":"https:\/\/zkeshop.sk\/en\/wp-json\/wp\/v2\/product"}],"about":[{"href":"https:\/\/zkeshop.sk\/en\/wp-json\/wp\/v2\/types\/product"}],"replies":[{"embeddable":true,"href":"https:\/\/zkeshop.sk\/en\/wp-json\/wp\/v2\/comments?post=14944"}],"version-history":[{"count":0,"href":"https:\/\/zkeshop.sk\/en\/wp-json\/wp\/v2\/product\/14944\/revisions"}],"wp:featuredmedia":[{"embeddable":true,"href":"https:\/\/zkeshop.sk\/en\/wp-json\/wp\/v2\/media\/12946"}],"wp:attachment":[{"href":"https:\/\/zkeshop.sk\/en\/wp-json\/wp\/v2\/media?parent=14944"}],"wp:term":[{"taxonomy":"product_brand","embeddable":true,"href":"https:\/\/zkeshop.sk\/en\/wp-json\/wp\/v2\/product_brand?post=14944"},{"taxonomy":"product_cat","embeddable":true,"href":"https:\/\/zkeshop.sk\/en\/wp-json\/wp\/v2\/product_cat?post=14944"},{"taxonomy":"product_tag","embeddable":true,"href":"https:\/\/zkeshop.sk\/en\/wp-json\/wp\/v2\/product_tag?post=14944"}],"curies":[{"name":"wp","href":"https:\/\/api.w.org\/{rel}","templated":true}]}}