{"id":14947,"date":"2024-06-22T13:15:29","date_gmt":"2024-06-22T11:15:29","guid":{"rendered":"https:\/\/zkeshop.sk\/produkt\/lactobacillus-bifidobacterium\/"},"modified":"2025-03-03T10:17:32","modified_gmt":"2025-03-03T09:17:32","slug":"lactobacillus-bifidobacterium","status":"publish","type":"product","link":"https:\/\/zkeshop.sk\/en\/produkt\/lactobacillus-bifidobacterium\/","title":{"rendered":"Lactobacillus + Bifidobacterium"},"content":{"rendered":"<p>Lactobacillus acidophilus is a type of bacteria found in our intestines. It is a member of the Lactobacillus genus of bacteria and plays an important role in human health. It produces &#8211; lactic acid by producing an enzyme called lactase and this breaks down lactose, or the sugar found in milk, into lactic acid. The World Health Organisation defines probiotics as &#8216;live micro-organisms that, when given in adequate amounts, help maintain health. Bifidobacterium occurs naturally in the human intestinal tract, especially in the early stages of the digestive system. It plays an important role in digestion and the healthy functioning of the immune system. One of its main nutrients is oligosaccharides, which are fermented in the large intestine to help maintain the balance of the intestinal flora.       The product is also supplemented with the prebiotic ingredient inulin for maximum synergistic effect.<\/p>\n<p>&nbsp;<\/p>\n<p><strong>Ingredients per 1 capsule<\/strong>:Lactobacillus plus Bifidobacterium: Bifidobacterium longum 450\u00d7109 11 mg., Lactobacillus acidophilus 450\u00d7109 11 mg., inulin 300 mg., colostrum 100 mg.<\/p>\n<p>1 capsule contains 10 billion cultures and at least 30% immunoglobulins.<\/p>\n<p><strong>Package:<\/strong> 30 capsules<\/p>\n<p><strong>Note:<\/strong> The established recommended daily dose must not be exceeded! The dietary supplement must not be used as a substitute for a varied and varied diet!  Not suitable for children under 3 years of age. It is recommended to store the dietary supplement out of the reach of small children. Store in a dry place, at a temperature below 25 \u00b0C. <\/p>\n","protected":false},"excerpt":{"rendered":"<h4><span style=\"color: #ff0000;\"><strong>3+1 FREE ACTION. Put 3 products in your cart and you automatically get the fourth one for FREE. <\/strong><\/span><\/h4>\n<p>Bifidobacterium longum 450\u00d7109 11 mg, Lactobacillus acidophilus 450\u00d7109 11 mg, inulin 300 mg, colostrum 100 mg, gelatin. 1 capsule contains 10 billion cultures and at least 30% immunoglobulins.<\/p>\n","protected":false},"featured_media":12870,"comment_status":"open","ping_status":"closed","template":"","meta":[],"product_brand":[],"product_cat":[91,121],"product_tag":[],"class_list":{"0":"post-14947","1":"product","2":"type-product","3":"status-publish","4":"has-post-thumbnail","6":"product_cat-nutritional-supplements","7":"product_cat-nutritional-supplements-for-adults","9":"first","10":"instock","11":"taxable","12":"shipping-taxable","13":"purchasable","14":"product-type-simple"},"yoast_head":"<!-- This site is optimized with the Yoast SEO Premium plugin v27.3 (Yoast SEO v27.3) - https:\/\/yoast.com\/product\/yoast-seo-premium-wordpress\/ -->\n<title>Lactobacillus + Bifidobacterium - ZK company<\/title>\n<meta name=\"robots\" content=\"index, follow, max-snippet:-1, max-image-preview:large, max-video-preview:-1\" \/>\n<link rel=\"canonical\" href=\"https:\/\/zkeshop.sk\/produkt\/lactobacillus-bifidobacterium\/\" \/>\n<meta property=\"og:locale\" content=\"en_US\" \/>\n<meta property=\"og:type\" content=\"article\" \/>\n<meta property=\"og:title\" content=\"Lactobacillus + Bifidobacterium\" \/>\n<meta property=\"og:description\" content=\"3+1 FREE ACTION. Put 3 products in your cart and you automatically get the fourth one for FREE. Bifidobacterium longum 450\u00d7109 11 mg, Lactobacillus acidophilus 450\u00d7109 11 mg, inulin 300 mg, colostrum 100 mg, gelatin. 1 capsule contains 10 billion cultures and at least 30% immunoglobulins.\" \/>\n<meta property=\"og:url\" content=\"https:\/\/zkeshop.sk\/produkt\/lactobacillus-bifidobacterium\/\" \/>\n<meta property=\"og:site_name\" content=\"ZK company\" \/>\n<meta property=\"article:modified_time\" content=\"2025-03-03T09:17:32+00:00\" \/>\n<meta property=\"og:image\" content=\"https:\/\/zkeshop.sk\/wp-content\/uploads\/2024\/06\/Lactobacillus-Bifidobacterium-30-cps-SK.jpg\" \/>\n\t<meta property=\"og:image:width\" content=\"1080\" \/>\n\t<meta property=\"og:image:height\" content=\"1080\" \/>\n\t<meta property=\"og:image:type\" content=\"image\/jpeg\" \/>\n<meta name=\"twitter:card\" content=\"summary_large_image\" \/>\n<meta name=\"twitter:label1\" content=\"Price\" \/>\n\t<meta name=\"twitter:data1\" content=\"8,80&nbsp;&euro;\" \/>\n\t<meta name=\"twitter:label2\" content=\"Availability\" \/>\n\t<meta name=\"twitter:data2\" content=\"In stock\" \/>\n<script type=\"application\/ld+json\" class=\"yoast-schema-graph\">{\"@context\":\"https:\\\/\\\/schema.org\",\"@graph\":[{\"@type\":\"WebPage\",\"@id\":\"https:\\\/\\\/zkeshop.sk\\\/produkt\\\/lactobacillus-bifidobacterium\\\/\",\"url\":\"https:\\\/\\\/zkeshop.sk\\\/produkt\\\/lactobacillus-bifidobacterium\\\/\",\"name\":\"Lactobacillus + Bifidobacterium - ZK company\",\"isPartOf\":{\"@id\":\"https:\\\/\\\/zkeshop.sk\\\/#website\"},\"primaryImageOfPage\":{\"@id\":\"https:\\\/\\\/zkeshop.sk\\\/produkt\\\/lactobacillus-bifidobacterium\\\/#primaryimage\"},\"image\":{\"@id\":\"https:\\\/\\\/zkeshop.sk\\\/produkt\\\/lactobacillus-bifidobacterium\\\/#primaryimage\"},\"thumbnailUrl\":\"https:\\\/\\\/zkeshop.sk\\\/wp-content\\\/uploads\\\/2024\\\/06\\\/Lactobacillus-Bifidobacterium-30-cps-SK.jpg\",\"datePublished\":\"2024-06-22T11:15:29+00:00\",\"dateModified\":\"2025-03-03T09:17:32+00:00\",\"breadcrumb\":{\"@id\":\"https:\\\/\\\/zkeshop.sk\\\/produkt\\\/lactobacillus-bifidobacterium\\\/#breadcrumb\"},\"inLanguage\":\"en-US\",\"potentialAction\":[{\"@type\":\"ReadAction\",\"target\":[\"https:\\\/\\\/zkeshop.sk\\\/produkt\\\/lactobacillus-bifidobacterium\\\/\"]}]},{\"@type\":\"ImageObject\",\"inLanguage\":\"en-US\",\"@id\":\"https:\\\/\\\/zkeshop.sk\\\/produkt\\\/lactobacillus-bifidobacterium\\\/#primaryimage\",\"url\":\"https:\\\/\\\/zkeshop.sk\\\/wp-content\\\/uploads\\\/2024\\\/06\\\/Lactobacillus-Bifidobacterium-30-cps-SK.jpg\",\"contentUrl\":\"https:\\\/\\\/zkeshop.sk\\\/wp-content\\\/uploads\\\/2024\\\/06\\\/Lactobacillus-Bifidobacterium-30-cps-SK.jpg\",\"width\":1080,\"height\":1080,\"caption\":\"Probiotik\u00e1 Lactobacillus + Bifidobacterium s inul\u00ednom a kolostrom pre zdrav\u00e9 tr\u00e1venie a siln\u00fa imunitu. 10 mili\u00e1rd bakt\u00e9ri\u00ed v jednej kapsule. Balenie 30 ks.\"},{\"@type\":\"BreadcrumbList\",\"@id\":\"https:\\\/\\\/zkeshop.sk\\\/produkt\\\/lactobacillus-bifidobacterium\\\/#breadcrumb\",\"itemListElement\":[{\"@type\":\"ListItem\",\"position\":1,\"name\":\"Home\",\"item\":\"https:\\\/\\\/zkeshop.sk\\\/\"},{\"@type\":\"ListItem\",\"position\":2,\"name\":\"Shop\",\"item\":\"https:\\\/\\\/zkeshop.sk\\\/obchod\\\/\"},{\"@type\":\"ListItem\",\"position\":3,\"name\":\"Lactobacillus + Bifidobacterium\"}]},{\"@type\":\"WebSite\",\"@id\":\"https:\\\/\\\/zkeshop.sk\\\/#website\",\"url\":\"https:\\\/\\\/zkeshop.sk\\\/\",\"name\":\"ZK company\",\"description\":\"Kvalitn\u00e1 kozmetika pre ka\u017edodenn\u00e9 pou\u017eitie\",\"potentialAction\":[{\"@type\":\"SearchAction\",\"target\":{\"@type\":\"EntryPoint\",\"urlTemplate\":\"https:\\\/\\\/zkeshop.sk\\\/?s={search_term_string}\"},\"query-input\":{\"@type\":\"PropertyValueSpecification\",\"valueRequired\":true,\"valueName\":\"search_term_string\"}}],\"inLanguage\":\"en-US\"}]}<\/script>\n<meta property=\"product:price:amount\" content=\"8.80\" \/>\n<meta property=\"product:price:currency\" content=\"EUR\" \/>\n<meta property=\"og:availability\" content=\"instock\" \/>\n<meta property=\"product:availability\" content=\"instock\" \/>\n<meta property=\"product:condition\" content=\"new\" \/>\n<!-- \/ Yoast SEO Premium plugin. -->","yoast_head_json":{"title":"Lactobacillus + Bifidobacterium - ZK company","robots":{"index":"index","follow":"follow","max-snippet":"max-snippet:-1","max-image-preview":"max-image-preview:large","max-video-preview":"max-video-preview:-1"},"canonical":"https:\/\/zkeshop.sk\/produkt\/lactobacillus-bifidobacterium\/","og_locale":"en_US","og_type":"article","og_title":"Lactobacillus + Bifidobacterium","og_description":"3+1 FREE ACTION. Put 3 products in your cart and you automatically get the fourth one for FREE. Bifidobacterium longum 450\u00d7109 11 mg, Lactobacillus acidophilus 450\u00d7109 11 mg, inulin 300 mg, colostrum 100 mg, gelatin. 1 capsule contains 10 billion cultures and at least 30% immunoglobulins.","og_url":"https:\/\/zkeshop.sk\/produkt\/lactobacillus-bifidobacterium\/","og_site_name":"ZK company","article_modified_time":"2025-03-03T09:17:32+00:00","og_image":[{"width":1080,"height":1080,"url":"https:\/\/zkeshop.sk\/wp-content\/uploads\/2024\/06\/Lactobacillus-Bifidobacterium-30-cps-SK.jpg","type":"image\/jpeg"}],"twitter_card":"summary_large_image","twitter_misc":{"Price":"8,80&nbsp;&euro;","Availability":"In stock"},"schema":{"@context":"https:\/\/schema.org","@graph":[{"@type":"WebPage","@id":"https:\/\/zkeshop.sk\/produkt\/lactobacillus-bifidobacterium\/","url":"https:\/\/zkeshop.sk\/produkt\/lactobacillus-bifidobacterium\/","name":"Lactobacillus + Bifidobacterium - ZK company","isPartOf":{"@id":"https:\/\/zkeshop.sk\/#website"},"primaryImageOfPage":{"@id":"https:\/\/zkeshop.sk\/produkt\/lactobacillus-bifidobacterium\/#primaryimage"},"image":{"@id":"https:\/\/zkeshop.sk\/produkt\/lactobacillus-bifidobacterium\/#primaryimage"},"thumbnailUrl":"https:\/\/zkeshop.sk\/wp-content\/uploads\/2024\/06\/Lactobacillus-Bifidobacterium-30-cps-SK.jpg","datePublished":"2024-06-22T11:15:29+00:00","dateModified":"2025-03-03T09:17:32+00:00","breadcrumb":{"@id":"https:\/\/zkeshop.sk\/produkt\/lactobacillus-bifidobacterium\/#breadcrumb"},"inLanguage":"en-US","potentialAction":[{"@type":"ReadAction","target":["https:\/\/zkeshop.sk\/produkt\/lactobacillus-bifidobacterium\/"]}]},{"@type":"ImageObject","inLanguage":"en-US","@id":"https:\/\/zkeshop.sk\/produkt\/lactobacillus-bifidobacterium\/#primaryimage","url":"https:\/\/zkeshop.sk\/wp-content\/uploads\/2024\/06\/Lactobacillus-Bifidobacterium-30-cps-SK.jpg","contentUrl":"https:\/\/zkeshop.sk\/wp-content\/uploads\/2024\/06\/Lactobacillus-Bifidobacterium-30-cps-SK.jpg","width":1080,"height":1080,"caption":"Probiotik\u00e1 Lactobacillus + Bifidobacterium s inul\u00ednom a kolostrom pre zdrav\u00e9 tr\u00e1venie a siln\u00fa imunitu. 10 mili\u00e1rd bakt\u00e9ri\u00ed v jednej kapsule. Balenie 30 ks."},{"@type":"BreadcrumbList","@id":"https:\/\/zkeshop.sk\/produkt\/lactobacillus-bifidobacterium\/#breadcrumb","itemListElement":[{"@type":"ListItem","position":1,"name":"Home","item":"https:\/\/zkeshop.sk\/"},{"@type":"ListItem","position":2,"name":"Shop","item":"https:\/\/zkeshop.sk\/obchod\/"},{"@type":"ListItem","position":3,"name":"Lactobacillus + Bifidobacterium"}]},{"@type":"WebSite","@id":"https:\/\/zkeshop.sk\/#website","url":"https:\/\/zkeshop.sk\/","name":"ZK company","description":"Kvalitn\u00e1 kozmetika pre ka\u017edodenn\u00e9 pou\u017eitie","potentialAction":[{"@type":"SearchAction","target":{"@type":"EntryPoint","urlTemplate":"https:\/\/zkeshop.sk\/?s={search_term_string}"},"query-input":{"@type":"PropertyValueSpecification","valueRequired":true,"valueName":"search_term_string"}}],"inLanguage":"en-US"}]},"product_price_amount":"8.80","product_price_currency":"EUR","og_availability":"instock","product_availability":"instock","product_condition":"new"},"_links":{"self":[{"href":"https:\/\/zkeshop.sk\/en\/wp-json\/wp\/v2\/product\/14947","targetHints":{"allow":["GET"]}}],"collection":[{"href":"https:\/\/zkeshop.sk\/en\/wp-json\/wp\/v2\/product"}],"about":[{"href":"https:\/\/zkeshop.sk\/en\/wp-json\/wp\/v2\/types\/product"}],"replies":[{"embeddable":true,"href":"https:\/\/zkeshop.sk\/en\/wp-json\/wp\/v2\/comments?post=14947"}],"version-history":[{"count":0,"href":"https:\/\/zkeshop.sk\/en\/wp-json\/wp\/v2\/product\/14947\/revisions"}],"wp:featuredmedia":[{"embeddable":true,"href":"https:\/\/zkeshop.sk\/en\/wp-json\/wp\/v2\/media\/12870"}],"wp:attachment":[{"href":"https:\/\/zkeshop.sk\/en\/wp-json\/wp\/v2\/media?parent=14947"}],"wp:term":[{"taxonomy":"product_brand","embeddable":true,"href":"https:\/\/zkeshop.sk\/en\/wp-json\/wp\/v2\/product_brand?post=14947"},{"taxonomy":"product_cat","embeddable":true,"href":"https:\/\/zkeshop.sk\/en\/wp-json\/wp\/v2\/product_cat?post=14947"},{"taxonomy":"product_tag","embeddable":true,"href":"https:\/\/zkeshop.sk\/en\/wp-json\/wp\/v2\/product_tag?post=14947"}],"curies":[{"name":"wp","href":"https:\/\/api.w.org\/{rel}","templated":true}]}}