{"id":14954,"date":"2025-01-02T12:57:28","date_gmt":"2025-01-02T11:57:28","guid":{"rendered":"https:\/\/zkeshop.sk\/produkt\/harmony-women\/"},"modified":"2025-02-17T15:05:41","modified_gmt":"2025-02-17T14:05:41","slug":"harmony-women","status":"publish","type":"product","link":"https:\/\/zkeshop.sk\/en\/produkt\/harmony-women\/","title":{"rendered":"Harmony Women"},"content":{"rendered":"<p>Hormonal balance plays a key role in the general well-being of women at different stages of life. Occasionally, an imbalance can occur, which can affect normal life processes. KK Harmony Women will help you find the right balance in your life situations.  <\/p>\n<p>Some manifestations of disturbed hormonal balance may include:<\/p>\n<p>Discomfort during menstruation<br \/>\nSkin quality problems<br \/>\nHead discomfort before or during menstruation<br \/>\nPremature menopause<br \/>\nMood changes and other manifestations<br \/>\nThe recommended dosage of KK Harmony Women is 1 capsule in the morning and 1 capsule in the evening.<\/p>\n<p>Note: Follow the recommended daily dose. This product is not intended as a substitute for a balanced diet. We recommend a balanced diet and a healthy lifestyle, including adequate sleep. Keep out of reach of children. Not suitable for children and persons under 15 years of age, pregnant and lactating women.    <\/p>\n<p><strong>Dosage<\/strong>: 1 capsule in the morning, 1 capsule in the afternoon<\/p>\n<p><strong>Package content:<\/strong> 60 capsules, weight of contents: 31g<\/p>\n<p><strong>Ingredients in a daily dose<\/strong> (2 capsules)<\/p>\n<p>Anchovy (Tribulus Terrestris) seed extract, 40% saponins 600 mi, Maca peruvianum (Lepidium peruvianum) root extract 10:1 200 mg, Ginseng (Panax ginseng) stem and leaf extract, Mugwort (Vitex agnus) flower and leaf extract 10:1 100 mg, Serenoa plata (Serenoa trpena) fruit extract 4:1 60 mg, Iodine (Bubblegum) 0.15 mg (100 % RHP), Zinc (Zinc Citrate) 8 mg (80 % RHP), Vitamin E (D-\u03b1-tocopheryl acetate) 6 mg (50 % RHP), Vitamin B6 (Pyridoxine) 1.12 mg (80 % RHP), Vitamin B9 (Folic Acid) 0.16 mg (80 % RHP), Vitamin D 0.004 mg (80 % RHP)<\/p>\n<p>Made in Czech Republic<\/p>\n","protected":false},"excerpt":{"rendered":"<p><strong>WOMEN&#8217;S HARMONY <\/strong>is a natural dietary supplement designed to support the overall well-being of women. It contains a unique blend of natural ingredients, including Maca peruviana, Common Drumstick, Anchor Grass and Ginseng, along with important vitamins and minerals. This carefully balanced combination is designed to support the body&#8217;s natural balance and well-being. If you are looking for support for your overall well-being and vitality, WOMEN&#8217;S HARMONY may be the right choice for you   <\/p>\n","protected":false},"featured_media":13964,"comment_status":"open","ping_status":"closed","template":"","meta":[],"product_brand":[],"product_cat":[91,121],"product_tag":[],"class_list":{"0":"post-14954","1":"product","2":"type-product","3":"status-publish","4":"has-post-thumbnail","6":"product_cat-nutritional-supplements","7":"product_cat-nutritional-supplements-for-adults","9":"first","10":"instock","11":"taxable","12":"shipping-taxable","13":"purchasable","14":"product-type-simple"},"yoast_head":"<!-- This site is optimized with the Yoast SEO Premium plugin v27.3 (Yoast SEO v27.3) - https:\/\/yoast.com\/product\/yoast-seo-premium-wordpress\/ -->\n<title>KK Harmony Women - ZK company<\/title>\n<meta name=\"description\" content=\"Hormonal balance plays a key role in the general well-being of women at different stages of life. KK Harmony Women will give your body the right balance.\" \/>\n<meta name=\"robots\" content=\"index, follow, max-snippet:-1, max-image-preview:large, max-video-preview:-1\" \/>\n<link rel=\"canonical\" href=\"https:\/\/zkeshop.sk\/produkt\/harmonia-zeny\/\" \/>\n<meta property=\"og:locale\" content=\"en_US\" \/>\n<meta property=\"og:type\" content=\"article\" \/>\n<meta property=\"og:title\" content=\"Harmony Women\" \/>\n<meta property=\"og:description\" content=\"Hormonal balance plays a key role in the general well-being of women at different stages of life. KK Harmony Women will give your body the right balance.\" \/>\n<meta property=\"og:url\" content=\"https:\/\/zkeshop.sk\/produkt\/harmonia-zeny\/\" \/>\n<meta property=\"og:site_name\" content=\"ZK company\" \/>\n<meta property=\"article:modified_time\" content=\"2025-02-17T14:05:41+00:00\" \/>\n<meta property=\"og:image\" content=\"https:\/\/zkeshop.sk\/wp-content\/uploads\/2024\/10\/harm.jpg\" \/>\n\t<meta property=\"og:image:width\" content=\"1024\" \/>\n\t<meta property=\"og:image:height\" content=\"768\" \/>\n\t<meta property=\"og:image:type\" content=\"image\/jpeg\" \/>\n<meta name=\"twitter:card\" content=\"summary_large_image\" \/>\n<meta name=\"twitter:label1\" content=\"Price\" \/>\n\t<meta name=\"twitter:data1\" content=\"29,40&nbsp;&euro;\" \/>\n\t<meta name=\"twitter:label2\" content=\"Availability\" \/>\n\t<meta name=\"twitter:data2\" content=\"In stock\" \/>\n<script type=\"application\/ld+json\" class=\"yoast-schema-graph\">{\"@context\":\"https:\\\/\\\/schema.org\",\"@graph\":[{\"@type\":\"WebPage\",\"@id\":\"https:\\\/\\\/zkeshop.sk\\\/produkt\\\/harmonia-zeny\\\/\",\"url\":\"https:\\\/\\\/zkeshop.sk\\\/produkt\\\/harmonia-zeny\\\/\",\"name\":\"KK Harmony Women - ZK company\",\"isPartOf\":{\"@id\":\"https:\\\/\\\/zkeshop.sk\\\/#website\"},\"primaryImageOfPage\":{\"@id\":\"https:\\\/\\\/zkeshop.sk\\\/produkt\\\/harmonia-zeny\\\/#primaryimage\"},\"image\":{\"@id\":\"https:\\\/\\\/zkeshop.sk\\\/produkt\\\/harmonia-zeny\\\/#primaryimage\"},\"thumbnailUrl\":\"https:\\\/\\\/zkeshop.sk\\\/wp-content\\\/uploads\\\/2024\\\/10\\\/harm.jpg\",\"datePublished\":\"2025-01-02T11:57:28+00:00\",\"dateModified\":\"2025-02-17T14:05:41+00:00\",\"description\":\"Hormonal balance plays a key role in the general well-being of women at different stages of life. KK Harmony Women will give your body the right balance.\",\"breadcrumb\":{\"@id\":\"https:\\\/\\\/zkeshop.sk\\\/produkt\\\/harmonia-zeny\\\/#breadcrumb\"},\"inLanguage\":\"en-US\",\"potentialAction\":[{\"@type\":\"ReadAction\",\"target\":[\"https:\\\/\\\/zkeshop.sk\\\/produkt\\\/harmonia-zeny\\\/\"]}]},{\"@type\":\"ImageObject\",\"inLanguage\":\"en-US\",\"@id\":\"https:\\\/\\\/zkeshop.sk\\\/produkt\\\/harmonia-zeny\\\/#primaryimage\",\"url\":\"https:\\\/\\\/zkeshop.sk\\\/wp-content\\\/uploads\\\/2024\\\/10\\\/harm.jpg\",\"contentUrl\":\"https:\\\/\\\/zkeshop.sk\\\/wp-content\\\/uploads\\\/2024\\\/10\\\/harm.jpg\",\"width\":1024,\"height\":768,\"caption\":\"Podpora hormon\u00e1lnej rovnov\u00e1hy pre \u017eeny v r\u00f4znych f\u00e1zach \u017eivota. Harm\u00f3nia \u017eeny zmier\u0148uje men\u0161trua\u010dn\u00e9 \u0165a\u017ekosti, zlep\u0161uje ple\u0165 a n\u00e1ladu. Vyroben\u00e9 v \u010cR\"},{\"@type\":\"BreadcrumbList\",\"@id\":\"https:\\\/\\\/zkeshop.sk\\\/produkt\\\/harmonia-zeny\\\/#breadcrumb\",\"itemListElement\":[{\"@type\":\"ListItem\",\"position\":1,\"name\":\"Home\",\"item\":\"https:\\\/\\\/zkeshop.sk\\\/\"},{\"@type\":\"ListItem\",\"position\":2,\"name\":\"Shop\",\"item\":\"https:\\\/\\\/zkeshop.sk\\\/obchod\\\/\"},{\"@type\":\"ListItem\",\"position\":3,\"name\":\"Harmony Women\"}]},{\"@type\":\"WebSite\",\"@id\":\"https:\\\/\\\/zkeshop.sk\\\/#website\",\"url\":\"https:\\\/\\\/zkeshop.sk\\\/\",\"name\":\"ZK company\",\"description\":\"Kvalitn\u00e1 kozmetika pre ka\u017edodenn\u00e9 pou\u017eitie\",\"potentialAction\":[{\"@type\":\"SearchAction\",\"target\":{\"@type\":\"EntryPoint\",\"urlTemplate\":\"https:\\\/\\\/zkeshop.sk\\\/?s={search_term_string}\"},\"query-input\":{\"@type\":\"PropertyValueSpecification\",\"valueRequired\":true,\"valueName\":\"search_term_string\"}}],\"inLanguage\":\"en-US\"}]}<\/script>\n<meta property=\"product:price:amount\" content=\"29.40\" \/>\n<meta property=\"product:price:currency\" content=\"EUR\" \/>\n<meta property=\"og:availability\" content=\"instock\" \/>\n<meta property=\"product:availability\" content=\"instock\" \/>\n<meta property=\"product:condition\" content=\"new\" \/>\n<!-- \/ Yoast SEO Premium plugin. -->","yoast_head_json":{"title":"KK Harmony Women - ZK company","description":"Hormonal balance plays a key role in the general well-being of women at different stages of life. KK Harmony Women will give your body the right balance.","robots":{"index":"index","follow":"follow","max-snippet":"max-snippet:-1","max-image-preview":"max-image-preview:large","max-video-preview":"max-video-preview:-1"},"canonical":"https:\/\/zkeshop.sk\/produkt\/harmonia-zeny\/","og_locale":"en_US","og_type":"article","og_title":"Harmony Women","og_description":"Hormonal balance plays a key role in the general well-being of women at different stages of life. KK Harmony Women will give your body the right balance.","og_url":"https:\/\/zkeshop.sk\/produkt\/harmonia-zeny\/","og_site_name":"ZK company","article_modified_time":"2025-02-17T14:05:41+00:00","og_image":[{"width":1024,"height":768,"url":"https:\/\/zkeshop.sk\/wp-content\/uploads\/2024\/10\/harm.jpg","type":"image\/jpeg"}],"twitter_card":"summary_large_image","twitter_misc":{"Price":"29,40&nbsp;&euro;","Availability":"In stock"},"schema":{"@context":"https:\/\/schema.org","@graph":[{"@type":"WebPage","@id":"https:\/\/zkeshop.sk\/produkt\/harmonia-zeny\/","url":"https:\/\/zkeshop.sk\/produkt\/harmonia-zeny\/","name":"KK Harmony Women - ZK company","isPartOf":{"@id":"https:\/\/zkeshop.sk\/#website"},"primaryImageOfPage":{"@id":"https:\/\/zkeshop.sk\/produkt\/harmonia-zeny\/#primaryimage"},"image":{"@id":"https:\/\/zkeshop.sk\/produkt\/harmonia-zeny\/#primaryimage"},"thumbnailUrl":"https:\/\/zkeshop.sk\/wp-content\/uploads\/2024\/10\/harm.jpg","datePublished":"2025-01-02T11:57:28+00:00","dateModified":"2025-02-17T14:05:41+00:00","description":"Hormonal balance plays a key role in the general well-being of women at different stages of life. KK Harmony Women will give your body the right balance.","breadcrumb":{"@id":"https:\/\/zkeshop.sk\/produkt\/harmonia-zeny\/#breadcrumb"},"inLanguage":"en-US","potentialAction":[{"@type":"ReadAction","target":["https:\/\/zkeshop.sk\/produkt\/harmonia-zeny\/"]}]},{"@type":"ImageObject","inLanguage":"en-US","@id":"https:\/\/zkeshop.sk\/produkt\/harmonia-zeny\/#primaryimage","url":"https:\/\/zkeshop.sk\/wp-content\/uploads\/2024\/10\/harm.jpg","contentUrl":"https:\/\/zkeshop.sk\/wp-content\/uploads\/2024\/10\/harm.jpg","width":1024,"height":768,"caption":"Podpora hormon\u00e1lnej rovnov\u00e1hy pre \u017eeny v r\u00f4znych f\u00e1zach \u017eivota. Harm\u00f3nia \u017eeny zmier\u0148uje men\u0161trua\u010dn\u00e9 \u0165a\u017ekosti, zlep\u0161uje ple\u0165 a n\u00e1ladu. Vyroben\u00e9 v \u010cR"},{"@type":"BreadcrumbList","@id":"https:\/\/zkeshop.sk\/produkt\/harmonia-zeny\/#breadcrumb","itemListElement":[{"@type":"ListItem","position":1,"name":"Home","item":"https:\/\/zkeshop.sk\/"},{"@type":"ListItem","position":2,"name":"Shop","item":"https:\/\/zkeshop.sk\/obchod\/"},{"@type":"ListItem","position":3,"name":"Harmony Women"}]},{"@type":"WebSite","@id":"https:\/\/zkeshop.sk\/#website","url":"https:\/\/zkeshop.sk\/","name":"ZK company","description":"Kvalitn\u00e1 kozmetika pre ka\u017edodenn\u00e9 pou\u017eitie","potentialAction":[{"@type":"SearchAction","target":{"@type":"EntryPoint","urlTemplate":"https:\/\/zkeshop.sk\/?s={search_term_string}"},"query-input":{"@type":"PropertyValueSpecification","valueRequired":true,"valueName":"search_term_string"}}],"inLanguage":"en-US"}]},"product_price_amount":"29.40","product_price_currency":"EUR","og_availability":"instock","product_availability":"instock","product_condition":"new"},"_links":{"self":[{"href":"https:\/\/zkeshop.sk\/en\/wp-json\/wp\/v2\/product\/14954","targetHints":{"allow":["GET"]}}],"collection":[{"href":"https:\/\/zkeshop.sk\/en\/wp-json\/wp\/v2\/product"}],"about":[{"href":"https:\/\/zkeshop.sk\/en\/wp-json\/wp\/v2\/types\/product"}],"replies":[{"embeddable":true,"href":"https:\/\/zkeshop.sk\/en\/wp-json\/wp\/v2\/comments?post=14954"}],"version-history":[{"count":0,"href":"https:\/\/zkeshop.sk\/en\/wp-json\/wp\/v2\/product\/14954\/revisions"}],"wp:featuredmedia":[{"embeddable":true,"href":"https:\/\/zkeshop.sk\/en\/wp-json\/wp\/v2\/media\/13964"}],"wp:attachment":[{"href":"https:\/\/zkeshop.sk\/en\/wp-json\/wp\/v2\/media?parent=14954"}],"wp:term":[{"taxonomy":"product_brand","embeddable":true,"href":"https:\/\/zkeshop.sk\/en\/wp-json\/wp\/v2\/product_brand?post=14954"},{"taxonomy":"product_cat","embeddable":true,"href":"https:\/\/zkeshop.sk\/en\/wp-json\/wp\/v2\/product_cat?post=14954"},{"taxonomy":"product_tag","embeddable":true,"href":"https:\/\/zkeshop.sk\/en\/wp-json\/wp\/v2\/product_tag?post=14954"}],"curies":[{"name":"wp","href":"https:\/\/api.w.org\/{rel}","templated":true}]}}