{"id":14984,"date":"2024-06-28T18:06:33","date_gmt":"2024-06-28T16:06:33","guid":{"rendered":"https:\/\/zkeshop.sk\/produkt\/triphalaadi-thailam-hair-oil-200ml\/"},"modified":"2025-02-17T15:05:55","modified_gmt":"2025-02-17T14:05:55","slug":"triphalaadi-thailam-hair-oil-200ml","status":"publish","type":"product","link":"https:\/\/zkeshop.sk\/en\/produkt\/triphalaadi-thailam-hair-oil-200ml\/","title":{"rendered":"Triphalaadi thailam &#8211; Hair Oil 200ml"},"content":{"rendered":"<p><strong>Detailed description<\/strong><br \/>\nTriphalaadi thailam is an ayurvedic oil. It is used for headache, hair loss, grey hair etc. It is used for external applications.  <\/p>\n<p>It is used for the treatment of split hair, gray hair. It improves the strength of hair.<br \/>\nIt is useful in relieving headache, sinusitis, rhinitis.<br \/>\nIt is used for all diseases related to the throat, eyes, ears and throat. <\/p>\n<p><strong>Suggested Use<\/strong><br \/>\nTriphaladi Thailam must not be consumed. Massage the oil daily or weekly or as directed by your healthcare practitioner.<br \/>\nIf you are pregnant, nursing, taking medication or have a medical condition, consult your physician before using this product.<br \/>\nDo not use the product if the seal is damaged. Store it in a cool, dry place. Keep it out of the reach of children.   <\/p>\n<p><strong>Composition<\/strong><br \/>\nTriphalaadi thailam, each 10 ml is prepared from extracts of: cardiospermum halicacabum 1,113 g, emblica officinalis 1,113 g, pandanus tectorius 1,113 g, ricinus communis 1,113 g, sida rhombifolia 1,113 g, terminalia bellerica 1,113 g, terminalia chebula 1,113 g, rinospora cordifolia 1,113 g, cedrus deodara 0,057 g, cinnamomum tamala 0,057 g, cinnamomum zeylanica 0,057 g, cyperus rotundus 0,057 g, elettaria cardamomum 0,057 g, glycyrrhiza glabra 0,057 g, hemidesmus indicus 0,057 g, indigofera tinetoria 0,057 g, nelumbo nucifera 0,057 g, nymphaea alba 0,057 g, prunus cerasoides 0,057 g, sida rhombifolia 0,057 g, tinospora cordifolia 0,057 g, veriveria zizanioides 0,057 g, withania somnifera 0,057 g, eclipta 10 ml, emblica officinalis 10 ml, milk 20 ml, sesame oil 10 ml.<\/p>\n","protected":false},"excerpt":{"rendered":"<p>Triphalaadi thailam is an ayurvedic oil. It is used for headaches, hair loss, grey hair etc. It is used for external applications.  <\/p>\n","protected":false},"featured_media":12967,"comment_status":"open","ping_status":"closed","template":"","meta":[],"product_brand":[],"product_cat":[110],"product_tag":[158],"class_list":{"0":"post-14984","1":"product","2":"type-product","3":"status-publish","4":"has-post-thumbnail","6":"product_cat-ayurveda","7":"product_tag-thailam-en","9":"first","10":"instock","11":"taxable","12":"shipping-taxable","13":"purchasable","14":"product-type-simple"},"yoast_head":"<!-- This site is optimized with the Yoast SEO Premium plugin v27.3 (Yoast SEO v27.3) - https:\/\/yoast.com\/product\/yoast-seo-premium-wordpress\/ -->\n<title>Triphalaadi thailam - Hair Oil 200ml - ZK company<\/title>\n<meta name=\"robots\" content=\"index, follow, max-snippet:-1, max-image-preview:large, max-video-preview:-1\" \/>\n<link rel=\"canonical\" href=\"https:\/\/zkeshop.sk\/produkt\/triphalaadi-thailam-olej-na-vlasy-200ml\/\" \/>\n<meta property=\"og:locale\" content=\"en_US\" \/>\n<meta property=\"og:type\" content=\"article\" \/>\n<meta property=\"og:title\" content=\"Triphalaadi thailam - Hair Oil 200ml\" \/>\n<meta property=\"og:description\" content=\"Triphalaadi thailam is an ayurvedic oil. It is used for headaches, hair loss, grey hair etc. It is used for external applications.\" \/>\n<meta property=\"og:url\" content=\"https:\/\/zkeshop.sk\/produkt\/triphalaadi-thailam-olej-na-vlasy-200ml\/\" \/>\n<meta property=\"og:site_name\" content=\"ZK company\" \/>\n<meta property=\"article:modified_time\" content=\"2025-02-17T14:05:55+00:00\" \/>\n<meta property=\"og:image\" content=\"https:\/\/zkeshop.sk\/wp-content\/uploads\/2024\/06\/ayurmind-olej-na-vlasy.jpg\" \/>\n\t<meta property=\"og:image:width\" content=\"1024\" \/>\n\t<meta property=\"og:image:height\" content=\"768\" \/>\n\t<meta property=\"og:image:type\" content=\"image\/jpeg\" \/>\n<meta name=\"twitter:card\" content=\"summary_large_image\" \/>\n<meta name=\"twitter:label1\" content=\"Price\" \/>\n\t<meta name=\"twitter:data1\" content=\"11,60&nbsp;&euro;\" \/>\n\t<meta name=\"twitter:label2\" content=\"Availability\" \/>\n\t<meta name=\"twitter:data2\" content=\"In stock\" \/>\n<script type=\"application\/ld+json\" class=\"yoast-schema-graph\">{\"@context\":\"https:\\\/\\\/schema.org\",\"@graph\":[{\"@type\":\"WebPage\",\"@id\":\"https:\\\/\\\/zkeshop.sk\\\/produkt\\\/triphalaadi-thailam-olej-na-vlasy-200ml\\\/\",\"url\":\"https:\\\/\\\/zkeshop.sk\\\/produkt\\\/triphalaadi-thailam-olej-na-vlasy-200ml\\\/\",\"name\":\"Triphalaadi thailam - Hair Oil 200ml - ZK company\",\"isPartOf\":{\"@id\":\"https:\\\/\\\/zkeshop.sk\\\/#website\"},\"primaryImageOfPage\":{\"@id\":\"https:\\\/\\\/zkeshop.sk\\\/produkt\\\/triphalaadi-thailam-olej-na-vlasy-200ml\\\/#primaryimage\"},\"image\":{\"@id\":\"https:\\\/\\\/zkeshop.sk\\\/produkt\\\/triphalaadi-thailam-olej-na-vlasy-200ml\\\/#primaryimage\"},\"thumbnailUrl\":\"https:\\\/\\\/zkeshop.sk\\\/wp-content\\\/uploads\\\/2024\\\/06\\\/ayurmind-olej-na-vlasy.jpg\",\"datePublished\":\"2024-06-28T16:06:33+00:00\",\"dateModified\":\"2025-02-17T14:05:55+00:00\",\"breadcrumb\":{\"@id\":\"https:\\\/\\\/zkeshop.sk\\\/produkt\\\/triphalaadi-thailam-olej-na-vlasy-200ml\\\/#breadcrumb\"},\"inLanguage\":\"en-US\",\"potentialAction\":[{\"@type\":\"ReadAction\",\"target\":[\"https:\\\/\\\/zkeshop.sk\\\/produkt\\\/triphalaadi-thailam-olej-na-vlasy-200ml\\\/\"]}]},{\"@type\":\"ImageObject\",\"inLanguage\":\"en-US\",\"@id\":\"https:\\\/\\\/zkeshop.sk\\\/produkt\\\/triphalaadi-thailam-olej-na-vlasy-200ml\\\/#primaryimage\",\"url\":\"https:\\\/\\\/zkeshop.sk\\\/wp-content\\\/uploads\\\/2024\\\/06\\\/ayurmind-olej-na-vlasy.jpg\",\"contentUrl\":\"https:\\\/\\\/zkeshop.sk\\\/wp-content\\\/uploads\\\/2024\\\/06\\\/ayurmind-olej-na-vlasy.jpg\",\"width\":1024,\"height\":768,\"caption\":\"Triphalaadi thailam je ajurv\u00e9dsky olej.\u00a0Pou\u017e\u00edva sa pri bolestiach hlavy, vypad\u00e1van\u00ed vlasov, \u0161ediv\u00fdch vlasoch at\u010f. Pou\u017e\u00edva sa na vonkaj\u0161ie aplik\u00e1cie.\"},{\"@type\":\"BreadcrumbList\",\"@id\":\"https:\\\/\\\/zkeshop.sk\\\/produkt\\\/triphalaadi-thailam-olej-na-vlasy-200ml\\\/#breadcrumb\",\"itemListElement\":[{\"@type\":\"ListItem\",\"position\":1,\"name\":\"Home\",\"item\":\"https:\\\/\\\/zkeshop.sk\\\/\"},{\"@type\":\"ListItem\",\"position\":2,\"name\":\"Shop\",\"item\":\"https:\\\/\\\/zkeshop.sk\\\/obchod\\\/\"},{\"@type\":\"ListItem\",\"position\":3,\"name\":\"Triphalaadi thailam &#8211; Hair Oil 200ml\"}]},{\"@type\":\"WebSite\",\"@id\":\"https:\\\/\\\/zkeshop.sk\\\/#website\",\"url\":\"https:\\\/\\\/zkeshop.sk\\\/\",\"name\":\"ZK company\",\"description\":\"Kvalitn\u00e1 kozmetika pre ka\u017edodenn\u00e9 pou\u017eitie\",\"potentialAction\":[{\"@type\":\"SearchAction\",\"target\":{\"@type\":\"EntryPoint\",\"urlTemplate\":\"https:\\\/\\\/zkeshop.sk\\\/?s={search_term_string}\"},\"query-input\":{\"@type\":\"PropertyValueSpecification\",\"valueRequired\":true,\"valueName\":\"search_term_string\"}}],\"inLanguage\":\"en-US\"}]}<\/script>\n<meta property=\"product:price:amount\" content=\"11.60\" \/>\n<meta property=\"product:price:currency\" content=\"EUR\" \/>\n<meta property=\"og:availability\" content=\"instock\" \/>\n<meta property=\"product:availability\" content=\"instock\" \/>\n<meta property=\"product:condition\" content=\"new\" \/>\n<!-- \/ Yoast SEO Premium plugin. -->","yoast_head_json":{"title":"Triphalaadi thailam - Hair Oil 200ml - ZK company","robots":{"index":"index","follow":"follow","max-snippet":"max-snippet:-1","max-image-preview":"max-image-preview:large","max-video-preview":"max-video-preview:-1"},"canonical":"https:\/\/zkeshop.sk\/produkt\/triphalaadi-thailam-olej-na-vlasy-200ml\/","og_locale":"en_US","og_type":"article","og_title":"Triphalaadi thailam - Hair Oil 200ml","og_description":"Triphalaadi thailam is an ayurvedic oil. It is used for headaches, hair loss, grey hair etc. It is used for external applications.","og_url":"https:\/\/zkeshop.sk\/produkt\/triphalaadi-thailam-olej-na-vlasy-200ml\/","og_site_name":"ZK company","article_modified_time":"2025-02-17T14:05:55+00:00","og_image":[{"width":1024,"height":768,"url":"https:\/\/zkeshop.sk\/wp-content\/uploads\/2024\/06\/ayurmind-olej-na-vlasy.jpg","type":"image\/jpeg"}],"twitter_card":"summary_large_image","twitter_misc":{"Price":"11,60&nbsp;&euro;","Availability":"In stock"},"schema":{"@context":"https:\/\/schema.org","@graph":[{"@type":"WebPage","@id":"https:\/\/zkeshop.sk\/produkt\/triphalaadi-thailam-olej-na-vlasy-200ml\/","url":"https:\/\/zkeshop.sk\/produkt\/triphalaadi-thailam-olej-na-vlasy-200ml\/","name":"Triphalaadi thailam - Hair Oil 200ml - ZK company","isPartOf":{"@id":"https:\/\/zkeshop.sk\/#website"},"primaryImageOfPage":{"@id":"https:\/\/zkeshop.sk\/produkt\/triphalaadi-thailam-olej-na-vlasy-200ml\/#primaryimage"},"image":{"@id":"https:\/\/zkeshop.sk\/produkt\/triphalaadi-thailam-olej-na-vlasy-200ml\/#primaryimage"},"thumbnailUrl":"https:\/\/zkeshop.sk\/wp-content\/uploads\/2024\/06\/ayurmind-olej-na-vlasy.jpg","datePublished":"2024-06-28T16:06:33+00:00","dateModified":"2025-02-17T14:05:55+00:00","breadcrumb":{"@id":"https:\/\/zkeshop.sk\/produkt\/triphalaadi-thailam-olej-na-vlasy-200ml\/#breadcrumb"},"inLanguage":"en-US","potentialAction":[{"@type":"ReadAction","target":["https:\/\/zkeshop.sk\/produkt\/triphalaadi-thailam-olej-na-vlasy-200ml\/"]}]},{"@type":"ImageObject","inLanguage":"en-US","@id":"https:\/\/zkeshop.sk\/produkt\/triphalaadi-thailam-olej-na-vlasy-200ml\/#primaryimage","url":"https:\/\/zkeshop.sk\/wp-content\/uploads\/2024\/06\/ayurmind-olej-na-vlasy.jpg","contentUrl":"https:\/\/zkeshop.sk\/wp-content\/uploads\/2024\/06\/ayurmind-olej-na-vlasy.jpg","width":1024,"height":768,"caption":"Triphalaadi thailam je ajurv\u00e9dsky olej.\u00a0Pou\u017e\u00edva sa pri bolestiach hlavy, vypad\u00e1van\u00ed vlasov, \u0161ediv\u00fdch vlasoch at\u010f. Pou\u017e\u00edva sa na vonkaj\u0161ie aplik\u00e1cie."},{"@type":"BreadcrumbList","@id":"https:\/\/zkeshop.sk\/produkt\/triphalaadi-thailam-olej-na-vlasy-200ml\/#breadcrumb","itemListElement":[{"@type":"ListItem","position":1,"name":"Home","item":"https:\/\/zkeshop.sk\/"},{"@type":"ListItem","position":2,"name":"Shop","item":"https:\/\/zkeshop.sk\/obchod\/"},{"@type":"ListItem","position":3,"name":"Triphalaadi thailam &#8211; Hair Oil 200ml"}]},{"@type":"WebSite","@id":"https:\/\/zkeshop.sk\/#website","url":"https:\/\/zkeshop.sk\/","name":"ZK company","description":"Kvalitn\u00e1 kozmetika pre ka\u017edodenn\u00e9 pou\u017eitie","potentialAction":[{"@type":"SearchAction","target":{"@type":"EntryPoint","urlTemplate":"https:\/\/zkeshop.sk\/?s={search_term_string}"},"query-input":{"@type":"PropertyValueSpecification","valueRequired":true,"valueName":"search_term_string"}}],"inLanguage":"en-US"}]},"product_price_amount":"11.60","product_price_currency":"EUR","og_availability":"instock","product_availability":"instock","product_condition":"new"},"_links":{"self":[{"href":"https:\/\/zkeshop.sk\/en\/wp-json\/wp\/v2\/product\/14984","targetHints":{"allow":["GET"]}}],"collection":[{"href":"https:\/\/zkeshop.sk\/en\/wp-json\/wp\/v2\/product"}],"about":[{"href":"https:\/\/zkeshop.sk\/en\/wp-json\/wp\/v2\/types\/product"}],"replies":[{"embeddable":true,"href":"https:\/\/zkeshop.sk\/en\/wp-json\/wp\/v2\/comments?post=14984"}],"version-history":[{"count":0,"href":"https:\/\/zkeshop.sk\/en\/wp-json\/wp\/v2\/product\/14984\/revisions"}],"wp:featuredmedia":[{"embeddable":true,"href":"https:\/\/zkeshop.sk\/en\/wp-json\/wp\/v2\/media\/12967"}],"wp:attachment":[{"href":"https:\/\/zkeshop.sk\/en\/wp-json\/wp\/v2\/media?parent=14984"}],"wp:term":[{"taxonomy":"product_brand","embeddable":true,"href":"https:\/\/zkeshop.sk\/en\/wp-json\/wp\/v2\/product_brand?post=14984"},{"taxonomy":"product_cat","embeddable":true,"href":"https:\/\/zkeshop.sk\/en\/wp-json\/wp\/v2\/product_cat?post=14984"},{"taxonomy":"product_tag","embeddable":true,"href":"https:\/\/zkeshop.sk\/en\/wp-json\/wp\/v2\/product_tag?post=14984"}],"curies":[{"name":"wp","href":"https:\/\/api.w.org\/{rel}","templated":true}]}}