{"id":14986,"date":"2024-06-28T18:04:53","date_gmt":"2024-06-28T16:04:53","guid":{"rendered":"https:\/\/zkeshop.sk\/produkt\/sahacharaadi-tailam-oil-for-muscles-joints-and-blood-circulation-200ml\/"},"modified":"2025-02-17T15:05:56","modified_gmt":"2025-02-17T14:05:56","slug":"sahacharaadi-tailam-oil-for-muscles-joints-and-blood-circulation-200ml","status":"publish","type":"product","link":"https:\/\/zkeshop.sk\/en\/produkt\/sahacharaadi-tailam-oil-for-muscles-joints-and-blood-circulation-200ml\/","title":{"rendered":"Sahacharaadi tailam &#8211; Oil for muscles, joints and blood circulation 200ml"},"content":{"rendered":"<p><strong>Detailed description<\/strong><br \/>\nA soothing Ayurvedic herbal oil for rejuvenating muscle health and healthy circulation.<\/p>\n<p>Sahacharadi Thailam promotes muscle health by nourishing the muscle fibers in different parts of the body<br \/>\nPromotes regular muscle function by helping against occasional inflammation and encourages an energetic and active body<br \/>\nPromotes blood circulation as massaging this oil helps to circulate blood easily through the body<br \/>\nPromotes healthy joints by By promoting their lubrication, flexibility and function<br \/>\nIt is one of the most common traditional oils used in Panchakarma for neuromuscular health<br \/>\nIts phytochemical composition has a relaxing and soothing effect on the tendons and ligaments when applied regularly.<\/p>\n<p><strong>Suggested Use<\/strong><br \/>\nSahacharadi Thailam must not be consumed. Massage the herbal oil daily or weekly, or as recommended by your healthcare practitioner.<br \/>\nIf you are pregnant, nursing, taking medication, or have a medical condition, consult your physician before using this product.<br \/>\nDo not use this product if the seal is damaged. Store it in a cool, dry place. Keep out of the reach of children. It is for outdoor use only.    <\/p>\n<p><strong>Composition<\/strong><br \/>\nSahacharaadi tailam, every 10 ml is prepared from extracts of: aegle marmelos 1.563 g, asparagus recemosus 7.813 g, desmodium gangeticum 1.563 g, gmelina arborea 1.563 g, oroxylum indicum 1.563 g, premna corymbosa 1.563 g, pseudarthria viscida 1,563 g, solanum anguvi 1,563 g, solanum xanthocarpum 1,563 g, stereospermum suaveolens 1,563 g, strobilanthes ciliatus 15,625 g, tribulus terrestris 1,563 g, anethum sowa 0,156 g, boswellia serrata 0,156 g, callicarpa macrophylla 0,156 g, capparis horrida 0,156 g, cedrus deodara 0,156 g, elettaria cardamomum 0,156 g, plectranthus vettiveroides 0,156 g, rubia cordifolia 0,156 g, schizachyrium 0,156 g, silajathu 0,156 g, vetiveria zizanioides 0,156 g, milk 10 ml, sesame oil 10 ml.<\/p>\n","protected":false},"excerpt":{"rendered":"<p>Soothing Ayurvedic herbal oil for rejuvenating muscle health and healthy circulation<\/p>\n","protected":false},"featured_media":12964,"comment_status":"open","ping_status":"closed","template":"","meta":[],"product_brand":[],"product_cat":[110],"product_tag":[],"class_list":{"0":"post-14986","1":"product","2":"type-product","3":"status-publish","4":"has-post-thumbnail","6":"product_cat-ayurveda","8":"first","9":"outofstock","10":"taxable","11":"shipping-taxable","12":"purchasable","13":"product-type-simple"},"yoast_head":"<!-- This site is optimized with the Yoast SEO Premium plugin v27.3 (Yoast SEO v27.3) - https:\/\/yoast.com\/product\/yoast-seo-premium-wordpress\/ -->\n<title>Sahacharaadi tailam - Oil for muscles, joints and blood circulation 200ml - ZK company<\/title>\n<meta name=\"robots\" content=\"index, follow, max-snippet:-1, max-image-preview:large, max-video-preview:-1\" \/>\n<link rel=\"canonical\" href=\"https:\/\/zkeshop.sk\/produkt\/sahacharaadi-tailam-olej-na-svaly-klby-a-krvny-obeh-200ml\/\" \/>\n<meta property=\"og:locale\" content=\"en_US\" \/>\n<meta property=\"og:type\" content=\"article\" \/>\n<meta property=\"og:title\" content=\"Sahacharaadi tailam - Oil for muscles, joints and blood circulation 200ml\" \/>\n<meta property=\"og:description\" content=\"Soothing Ayurvedic herbal oil for rejuvenating muscle health and healthy circulation\" \/>\n<meta property=\"og:url\" content=\"https:\/\/zkeshop.sk\/produkt\/sahacharaadi-tailam-olej-na-svaly-klby-a-krvny-obeh-200ml\/\" \/>\n<meta property=\"og:site_name\" content=\"ZK company\" \/>\n<meta property=\"article:modified_time\" content=\"2025-02-17T14:05:56+00:00\" \/>\n<meta property=\"og:image\" content=\"https:\/\/zkeshop.sk\/wp-content\/uploads\/2024\/06\/ayurmind-olej-na-reumu-a-koncatiny.jpg\" \/>\n\t<meta property=\"og:image:width\" content=\"1024\" \/>\n\t<meta property=\"og:image:height\" content=\"768\" \/>\n\t<meta property=\"og:image:type\" content=\"image\/jpeg\" \/>\n<meta name=\"twitter:card\" content=\"summary_large_image\" \/>\n<meta name=\"twitter:label1\" content=\"Price\" \/>\n\t<meta name=\"twitter:data1\" content=\"11,60&nbsp;&euro;\" \/>\n\t<meta name=\"twitter:label2\" content=\"Availability\" \/>\n\t<meta name=\"twitter:data2\" content=\"Out of stock\" \/>\n<script type=\"application\/ld+json\" class=\"yoast-schema-graph\">{\"@context\":\"https:\\\/\\\/schema.org\",\"@graph\":[{\"@type\":\"WebPage\",\"@id\":\"https:\\\/\\\/zkeshop.sk\\\/produkt\\\/sahacharaadi-tailam-olej-na-svaly-klby-a-krvny-obeh-200ml\\\/\",\"url\":\"https:\\\/\\\/zkeshop.sk\\\/produkt\\\/sahacharaadi-tailam-olej-na-svaly-klby-a-krvny-obeh-200ml\\\/\",\"name\":\"Sahacharaadi tailam - Oil for muscles, joints and blood circulation 200ml - ZK company\",\"isPartOf\":{\"@id\":\"https:\\\/\\\/zkeshop.sk\\\/#website\"},\"primaryImageOfPage\":{\"@id\":\"https:\\\/\\\/zkeshop.sk\\\/produkt\\\/sahacharaadi-tailam-olej-na-svaly-klby-a-krvny-obeh-200ml\\\/#primaryimage\"},\"image\":{\"@id\":\"https:\\\/\\\/zkeshop.sk\\\/produkt\\\/sahacharaadi-tailam-olej-na-svaly-klby-a-krvny-obeh-200ml\\\/#primaryimage\"},\"thumbnailUrl\":\"https:\\\/\\\/zkeshop.sk\\\/wp-content\\\/uploads\\\/2024\\\/06\\\/ayurmind-olej-na-reumu-a-koncatiny.jpg\",\"datePublished\":\"2024-06-28T16:04:53+00:00\",\"dateModified\":\"2025-02-17T14:05:56+00:00\",\"breadcrumb\":{\"@id\":\"https:\\\/\\\/zkeshop.sk\\\/produkt\\\/sahacharaadi-tailam-olej-na-svaly-klby-a-krvny-obeh-200ml\\\/#breadcrumb\"},\"inLanguage\":\"en-US\",\"potentialAction\":[{\"@type\":\"ReadAction\",\"target\":[\"https:\\\/\\\/zkeshop.sk\\\/produkt\\\/sahacharaadi-tailam-olej-na-svaly-klby-a-krvny-obeh-200ml\\\/\"]}]},{\"@type\":\"ImageObject\",\"inLanguage\":\"en-US\",\"@id\":\"https:\\\/\\\/zkeshop.sk\\\/produkt\\\/sahacharaadi-tailam-olej-na-svaly-klby-a-krvny-obeh-200ml\\\/#primaryimage\",\"url\":\"https:\\\/\\\/zkeshop.sk\\\/wp-content\\\/uploads\\\/2024\\\/06\\\/ayurmind-olej-na-reumu-a-koncatiny.jpg\",\"contentUrl\":\"https:\\\/\\\/zkeshop.sk\\\/wp-content\\\/uploads\\\/2024\\\/06\\\/ayurmind-olej-na-reumu-a-koncatiny.jpg\",\"width\":1024,\"height\":768,\"caption\":\"Sahacharadi Thailam \u2013 ajurv\u00e9dsky olej pre siln\u00e9 svaly, zdrav\u00e9 k\u013aby a lep\u0161\u00ed krvn\u00fd obeh.\"},{\"@type\":\"BreadcrumbList\",\"@id\":\"https:\\\/\\\/zkeshop.sk\\\/produkt\\\/sahacharaadi-tailam-olej-na-svaly-klby-a-krvny-obeh-200ml\\\/#breadcrumb\",\"itemListElement\":[{\"@type\":\"ListItem\",\"position\":1,\"name\":\"Home\",\"item\":\"https:\\\/\\\/zkeshop.sk\\\/\"},{\"@type\":\"ListItem\",\"position\":2,\"name\":\"Shop\",\"item\":\"https:\\\/\\\/zkeshop.sk\\\/obchod\\\/\"},{\"@type\":\"ListItem\",\"position\":3,\"name\":\"Sahacharaadi tailam &#8211; Oil for muscles, joints and blood circulation 200ml\"}]},{\"@type\":\"WebSite\",\"@id\":\"https:\\\/\\\/zkeshop.sk\\\/#website\",\"url\":\"https:\\\/\\\/zkeshop.sk\\\/\",\"name\":\"ZK company\",\"description\":\"Kvalitn\u00e1 kozmetika pre ka\u017edodenn\u00e9 pou\u017eitie\",\"potentialAction\":[{\"@type\":\"SearchAction\",\"target\":{\"@type\":\"EntryPoint\",\"urlTemplate\":\"https:\\\/\\\/zkeshop.sk\\\/?s={search_term_string}\"},\"query-input\":{\"@type\":\"PropertyValueSpecification\",\"valueRequired\":true,\"valueName\":\"search_term_string\"}}],\"inLanguage\":\"en-US\"}]}<\/script>\n<meta property=\"product:price:amount\" content=\"11.60\" \/>\n<meta property=\"product:price:currency\" content=\"EUR\" \/>\n<meta property=\"og:availability\" content=\"out of stock\" \/>\n<meta property=\"product:availability\" content=\"out of stock\" \/>\n<meta property=\"product:condition\" content=\"new\" \/>\n<!-- \/ Yoast SEO Premium plugin. -->","yoast_head_json":{"title":"Sahacharaadi tailam - Oil for muscles, joints and blood circulation 200ml - ZK company","robots":{"index":"index","follow":"follow","max-snippet":"max-snippet:-1","max-image-preview":"max-image-preview:large","max-video-preview":"max-video-preview:-1"},"canonical":"https:\/\/zkeshop.sk\/produkt\/sahacharaadi-tailam-olej-na-svaly-klby-a-krvny-obeh-200ml\/","og_locale":"en_US","og_type":"article","og_title":"Sahacharaadi tailam - Oil for muscles, joints and blood circulation 200ml","og_description":"Soothing Ayurvedic herbal oil for rejuvenating muscle health and healthy circulation","og_url":"https:\/\/zkeshop.sk\/produkt\/sahacharaadi-tailam-olej-na-svaly-klby-a-krvny-obeh-200ml\/","og_site_name":"ZK company","article_modified_time":"2025-02-17T14:05:56+00:00","og_image":[{"width":1024,"height":768,"url":"https:\/\/zkeshop.sk\/wp-content\/uploads\/2024\/06\/ayurmind-olej-na-reumu-a-koncatiny.jpg","type":"image\/jpeg"}],"twitter_card":"summary_large_image","twitter_misc":{"Price":"11,60&nbsp;&euro;","Availability":"Out of stock"},"schema":{"@context":"https:\/\/schema.org","@graph":[{"@type":"WebPage","@id":"https:\/\/zkeshop.sk\/produkt\/sahacharaadi-tailam-olej-na-svaly-klby-a-krvny-obeh-200ml\/","url":"https:\/\/zkeshop.sk\/produkt\/sahacharaadi-tailam-olej-na-svaly-klby-a-krvny-obeh-200ml\/","name":"Sahacharaadi tailam - Oil for muscles, joints and blood circulation 200ml - ZK company","isPartOf":{"@id":"https:\/\/zkeshop.sk\/#website"},"primaryImageOfPage":{"@id":"https:\/\/zkeshop.sk\/produkt\/sahacharaadi-tailam-olej-na-svaly-klby-a-krvny-obeh-200ml\/#primaryimage"},"image":{"@id":"https:\/\/zkeshop.sk\/produkt\/sahacharaadi-tailam-olej-na-svaly-klby-a-krvny-obeh-200ml\/#primaryimage"},"thumbnailUrl":"https:\/\/zkeshop.sk\/wp-content\/uploads\/2024\/06\/ayurmind-olej-na-reumu-a-koncatiny.jpg","datePublished":"2024-06-28T16:04:53+00:00","dateModified":"2025-02-17T14:05:56+00:00","breadcrumb":{"@id":"https:\/\/zkeshop.sk\/produkt\/sahacharaadi-tailam-olej-na-svaly-klby-a-krvny-obeh-200ml\/#breadcrumb"},"inLanguage":"en-US","potentialAction":[{"@type":"ReadAction","target":["https:\/\/zkeshop.sk\/produkt\/sahacharaadi-tailam-olej-na-svaly-klby-a-krvny-obeh-200ml\/"]}]},{"@type":"ImageObject","inLanguage":"en-US","@id":"https:\/\/zkeshop.sk\/produkt\/sahacharaadi-tailam-olej-na-svaly-klby-a-krvny-obeh-200ml\/#primaryimage","url":"https:\/\/zkeshop.sk\/wp-content\/uploads\/2024\/06\/ayurmind-olej-na-reumu-a-koncatiny.jpg","contentUrl":"https:\/\/zkeshop.sk\/wp-content\/uploads\/2024\/06\/ayurmind-olej-na-reumu-a-koncatiny.jpg","width":1024,"height":768,"caption":"Sahacharadi Thailam \u2013 ajurv\u00e9dsky olej pre siln\u00e9 svaly, zdrav\u00e9 k\u013aby a lep\u0161\u00ed krvn\u00fd obeh."},{"@type":"BreadcrumbList","@id":"https:\/\/zkeshop.sk\/produkt\/sahacharaadi-tailam-olej-na-svaly-klby-a-krvny-obeh-200ml\/#breadcrumb","itemListElement":[{"@type":"ListItem","position":1,"name":"Home","item":"https:\/\/zkeshop.sk\/"},{"@type":"ListItem","position":2,"name":"Shop","item":"https:\/\/zkeshop.sk\/obchod\/"},{"@type":"ListItem","position":3,"name":"Sahacharaadi tailam &#8211; Oil for muscles, joints and blood circulation 200ml"}]},{"@type":"WebSite","@id":"https:\/\/zkeshop.sk\/#website","url":"https:\/\/zkeshop.sk\/","name":"ZK company","description":"Kvalitn\u00e1 kozmetika pre ka\u017edodenn\u00e9 pou\u017eitie","potentialAction":[{"@type":"SearchAction","target":{"@type":"EntryPoint","urlTemplate":"https:\/\/zkeshop.sk\/?s={search_term_string}"},"query-input":{"@type":"PropertyValueSpecification","valueRequired":true,"valueName":"search_term_string"}}],"inLanguage":"en-US"}]},"product_price_amount":"11.60","product_price_currency":"EUR","og_availability":"out of stock","product_availability":"out of stock","product_condition":"new"},"_links":{"self":[{"href":"https:\/\/zkeshop.sk\/en\/wp-json\/wp\/v2\/product\/14986","targetHints":{"allow":["GET"]}}],"collection":[{"href":"https:\/\/zkeshop.sk\/en\/wp-json\/wp\/v2\/product"}],"about":[{"href":"https:\/\/zkeshop.sk\/en\/wp-json\/wp\/v2\/types\/product"}],"replies":[{"embeddable":true,"href":"https:\/\/zkeshop.sk\/en\/wp-json\/wp\/v2\/comments?post=14986"}],"version-history":[{"count":0,"href":"https:\/\/zkeshop.sk\/en\/wp-json\/wp\/v2\/product\/14986\/revisions"}],"wp:featuredmedia":[{"embeddable":true,"href":"https:\/\/zkeshop.sk\/en\/wp-json\/wp\/v2\/media\/12964"}],"wp:attachment":[{"href":"https:\/\/zkeshop.sk\/en\/wp-json\/wp\/v2\/media?parent=14986"}],"wp:term":[{"taxonomy":"product_brand","embeddable":true,"href":"https:\/\/zkeshop.sk\/en\/wp-json\/wp\/v2\/product_brand?post=14986"},{"taxonomy":"product_cat","embeddable":true,"href":"https:\/\/zkeshop.sk\/en\/wp-json\/wp\/v2\/product_cat?post=14986"},{"taxonomy":"product_tag","embeddable":true,"href":"https:\/\/zkeshop.sk\/en\/wp-json\/wp\/v2\/product_tag?post=14986"}],"curies":[{"name":"wp","href":"https:\/\/api.w.org\/{rel}","templated":true}]}}