{"id":14987,"date":"2024-06-28T18:02:50","date_gmt":"2024-06-28T16:02:50","guid":{"rendered":"https:\/\/zkeshop.sk\/produkt\/shatavari-womens-herb-60-capsules\/"},"modified":"2025-02-17T15:05:56","modified_gmt":"2025-02-17T14:05:56","slug":"shatavari-womens-herb-60-capsules","status":"publish","type":"product","link":"https:\/\/zkeshop.sk\/en\/produkt\/shatavari-womens-herb-60-capsules\/","title":{"rendered":"Shatavari &#8211; Women&#8217;s herb 60 capsules"},"content":{"rendered":"<p><strong>Detailed description<\/strong><br \/>\nShatavari (Shatavari, Shatawari) is one of the most important medicinal herbs in Ayurvedic medicine. It could be said to be primarily a &#8220;feminine&#8221; herb, used for centuries in traditional Indian and Tibetan medicine. <\/p>\n<p><strong>Ingredients: <\/strong>Shatavari &#8211; Indian asparagus (Asparagus racemosus) root 400 mg, vegetable cellulose capsules.<br \/>\nWarning:<\/p>\n<p>Do not exceed the recommended dosage. Do not use as a substitute for a varied diet. The product is not intended for children, pregnant and lactating women. Keep out of reach of small children. Store in a cool, dry place. Do not expose to sunlight.     <\/p>\n<p><strong>Recommended dosage: <\/strong>1-2 capsules twice a day with meals.<\/p>\n<p><strong>Packing: <\/strong>60 vegetarian gluten-free capsules<\/p>\n<p>Country of origin: India<\/p>\n","protected":false},"excerpt":{"rendered":"<p>Shatavari is one of the most important medicinal herbs in Ayurvedic medicine. It could be said to be primarily a &#8220;female&#8221; herb. <\/p>\n","protected":false},"featured_media":12985,"comment_status":"open","ping_status":"closed","template":"","meta":[],"product_brand":[],"product_cat":[110,91],"product_tag":[],"class_list":{"0":"post-14987","1":"product","2":"type-product","3":"status-publish","4":"has-post-thumbnail","6":"product_cat-ayurveda","7":"product_cat-nutritional-supplements","9":"first","10":"instock","11":"featured","12":"taxable","13":"shipping-taxable","14":"purchasable","15":"product-type-simple"},"yoast_head":"<!-- This site is optimized with the Yoast SEO Premium plugin v27.3 (Yoast SEO v27.3) - https:\/\/yoast.com\/product\/yoast-seo-premium-wordpress\/ -->\n<title>Shatavari - Women&#039;s herb 60 capsules - ZK company<\/title>\n<meta name=\"robots\" content=\"index, follow, max-snippet:-1, max-image-preview:large, max-video-preview:-1\" \/>\n<link rel=\"canonical\" href=\"https:\/\/zkeshop.sk\/produkt\/shatavari-zenska-bylina-60-kapsul\/\" \/>\n<meta property=\"og:locale\" content=\"en_US\" \/>\n<meta property=\"og:type\" content=\"article\" \/>\n<meta property=\"og:title\" content=\"Shatavari - Women&#039;s herb 60 capsules\" \/>\n<meta property=\"og:description\" content=\"Shatavari is one of the most important medicinal herbs in Ayurvedic medicine. It could be said to be primarily a &quot;female&quot; herb.\" \/>\n<meta property=\"og:url\" content=\"https:\/\/zkeshop.sk\/produkt\/shatavari-zenska-bylina-60-kapsul\/\" \/>\n<meta property=\"og:site_name\" content=\"ZK company\" \/>\n<meta property=\"article:modified_time\" content=\"2025-02-17T14:05:56+00:00\" \/>\n<meta property=\"og:image\" content=\"https:\/\/zkeshop.sk\/wp-content\/uploads\/2024\/06\/vitamax-ayurmind-shatavari.jpg\" \/>\n\t<meta property=\"og:image:width\" content=\"800\" \/>\n\t<meta property=\"og:image:height\" content=\"800\" \/>\n\t<meta property=\"og:image:type\" content=\"image\/jpeg\" \/>\n<meta name=\"twitter:card\" content=\"summary_large_image\" \/>\n<meta name=\"twitter:label1\" content=\"Price\" \/>\n\t<meta name=\"twitter:data1\" content=\"11,60&nbsp;&euro;\" \/>\n\t<meta name=\"twitter:label2\" content=\"Availability\" \/>\n\t<meta name=\"twitter:data2\" content=\"In stock\" \/>\n<script type=\"application\/ld+json\" class=\"yoast-schema-graph\">{\"@context\":\"https:\\\/\\\/schema.org\",\"@graph\":[{\"@type\":\"WebPage\",\"@id\":\"https:\\\/\\\/zkeshop.sk\\\/produkt\\\/shatavari-zenska-bylina-60-kapsul\\\/\",\"url\":\"https:\\\/\\\/zkeshop.sk\\\/produkt\\\/shatavari-zenska-bylina-60-kapsul\\\/\",\"name\":\"Shatavari - Women's herb 60 capsules - ZK company\",\"isPartOf\":{\"@id\":\"https:\\\/\\\/zkeshop.sk\\\/#website\"},\"primaryImageOfPage\":{\"@id\":\"https:\\\/\\\/zkeshop.sk\\\/produkt\\\/shatavari-zenska-bylina-60-kapsul\\\/#primaryimage\"},\"image\":{\"@id\":\"https:\\\/\\\/zkeshop.sk\\\/produkt\\\/shatavari-zenska-bylina-60-kapsul\\\/#primaryimage\"},\"thumbnailUrl\":\"https:\\\/\\\/zkeshop.sk\\\/wp-content\\\/uploads\\\/2024\\\/06\\\/vitamax-ayurmind-shatavari.jpg\",\"datePublished\":\"2024-06-28T16:02:50+00:00\",\"dateModified\":\"2025-02-17T14:05:56+00:00\",\"breadcrumb\":{\"@id\":\"https:\\\/\\\/zkeshop.sk\\\/produkt\\\/shatavari-zenska-bylina-60-kapsul\\\/#breadcrumb\"},\"inLanguage\":\"en-US\",\"potentialAction\":[{\"@type\":\"ReadAction\",\"target\":[\"https:\\\/\\\/zkeshop.sk\\\/produkt\\\/shatavari-zenska-bylina-60-kapsul\\\/\"]}]},{\"@type\":\"ImageObject\",\"inLanguage\":\"en-US\",\"@id\":\"https:\\\/\\\/zkeshop.sk\\\/produkt\\\/shatavari-zenska-bylina-60-kapsul\\\/#primaryimage\",\"url\":\"https:\\\/\\\/zkeshop.sk\\\/wp-content\\\/uploads\\\/2024\\\/06\\\/vitamax-ayurmind-shatavari.jpg\",\"contentUrl\":\"https:\\\/\\\/zkeshop.sk\\\/wp-content\\\/uploads\\\/2024\\\/06\\\/vitamax-ayurmind-shatavari.jpg\",\"width\":800,\"height\":800,\"caption\":\"\u0160atavari \u2013 ajurv\u00e9dska bylina pre \u017eensk\u00e9 zdravie, hormon\u00e1lnu rovnov\u00e1hu a vitalitu.\"},{\"@type\":\"BreadcrumbList\",\"@id\":\"https:\\\/\\\/zkeshop.sk\\\/produkt\\\/shatavari-zenska-bylina-60-kapsul\\\/#breadcrumb\",\"itemListElement\":[{\"@type\":\"ListItem\",\"position\":1,\"name\":\"Home\",\"item\":\"https:\\\/\\\/zkeshop.sk\\\/\"},{\"@type\":\"ListItem\",\"position\":2,\"name\":\"Shop\",\"item\":\"https:\\\/\\\/zkeshop.sk\\\/obchod\\\/\"},{\"@type\":\"ListItem\",\"position\":3,\"name\":\"Shatavari &#8211; Women&#8217;s herb 60 capsules\"}]},{\"@type\":\"WebSite\",\"@id\":\"https:\\\/\\\/zkeshop.sk\\\/#website\",\"url\":\"https:\\\/\\\/zkeshop.sk\\\/\",\"name\":\"ZK company\",\"description\":\"Kvalitn\u00e1 kozmetika pre ka\u017edodenn\u00e9 pou\u017eitie\",\"potentialAction\":[{\"@type\":\"SearchAction\",\"target\":{\"@type\":\"EntryPoint\",\"urlTemplate\":\"https:\\\/\\\/zkeshop.sk\\\/?s={search_term_string}\"},\"query-input\":{\"@type\":\"PropertyValueSpecification\",\"valueRequired\":true,\"valueName\":\"search_term_string\"}}],\"inLanguage\":\"en-US\"}]}<\/script>\n<meta property=\"product:price:amount\" content=\"11.60\" \/>\n<meta property=\"product:price:currency\" content=\"EUR\" \/>\n<meta property=\"og:availability\" content=\"instock\" \/>\n<meta property=\"product:availability\" content=\"instock\" \/>\n<meta property=\"product:condition\" content=\"new\" \/>\n<!-- \/ Yoast SEO Premium plugin. -->","yoast_head_json":{"title":"Shatavari - Women's herb 60 capsules - ZK company","robots":{"index":"index","follow":"follow","max-snippet":"max-snippet:-1","max-image-preview":"max-image-preview:large","max-video-preview":"max-video-preview:-1"},"canonical":"https:\/\/zkeshop.sk\/produkt\/shatavari-zenska-bylina-60-kapsul\/","og_locale":"en_US","og_type":"article","og_title":"Shatavari - Women's herb 60 capsules","og_description":"Shatavari is one of the most important medicinal herbs in Ayurvedic medicine. It could be said to be primarily a \"female\" herb.","og_url":"https:\/\/zkeshop.sk\/produkt\/shatavari-zenska-bylina-60-kapsul\/","og_site_name":"ZK company","article_modified_time":"2025-02-17T14:05:56+00:00","og_image":[{"width":800,"height":800,"url":"https:\/\/zkeshop.sk\/wp-content\/uploads\/2024\/06\/vitamax-ayurmind-shatavari.jpg","type":"image\/jpeg"}],"twitter_card":"summary_large_image","twitter_misc":{"Price":"11,60&nbsp;&euro;","Availability":"In stock"},"schema":{"@context":"https:\/\/schema.org","@graph":[{"@type":"WebPage","@id":"https:\/\/zkeshop.sk\/produkt\/shatavari-zenska-bylina-60-kapsul\/","url":"https:\/\/zkeshop.sk\/produkt\/shatavari-zenska-bylina-60-kapsul\/","name":"Shatavari - Women's herb 60 capsules - ZK company","isPartOf":{"@id":"https:\/\/zkeshop.sk\/#website"},"primaryImageOfPage":{"@id":"https:\/\/zkeshop.sk\/produkt\/shatavari-zenska-bylina-60-kapsul\/#primaryimage"},"image":{"@id":"https:\/\/zkeshop.sk\/produkt\/shatavari-zenska-bylina-60-kapsul\/#primaryimage"},"thumbnailUrl":"https:\/\/zkeshop.sk\/wp-content\/uploads\/2024\/06\/vitamax-ayurmind-shatavari.jpg","datePublished":"2024-06-28T16:02:50+00:00","dateModified":"2025-02-17T14:05:56+00:00","breadcrumb":{"@id":"https:\/\/zkeshop.sk\/produkt\/shatavari-zenska-bylina-60-kapsul\/#breadcrumb"},"inLanguage":"en-US","potentialAction":[{"@type":"ReadAction","target":["https:\/\/zkeshop.sk\/produkt\/shatavari-zenska-bylina-60-kapsul\/"]}]},{"@type":"ImageObject","inLanguage":"en-US","@id":"https:\/\/zkeshop.sk\/produkt\/shatavari-zenska-bylina-60-kapsul\/#primaryimage","url":"https:\/\/zkeshop.sk\/wp-content\/uploads\/2024\/06\/vitamax-ayurmind-shatavari.jpg","contentUrl":"https:\/\/zkeshop.sk\/wp-content\/uploads\/2024\/06\/vitamax-ayurmind-shatavari.jpg","width":800,"height":800,"caption":"\u0160atavari \u2013 ajurv\u00e9dska bylina pre \u017eensk\u00e9 zdravie, hormon\u00e1lnu rovnov\u00e1hu a vitalitu."},{"@type":"BreadcrumbList","@id":"https:\/\/zkeshop.sk\/produkt\/shatavari-zenska-bylina-60-kapsul\/#breadcrumb","itemListElement":[{"@type":"ListItem","position":1,"name":"Home","item":"https:\/\/zkeshop.sk\/"},{"@type":"ListItem","position":2,"name":"Shop","item":"https:\/\/zkeshop.sk\/obchod\/"},{"@type":"ListItem","position":3,"name":"Shatavari &#8211; Women&#8217;s herb 60 capsules"}]},{"@type":"WebSite","@id":"https:\/\/zkeshop.sk\/#website","url":"https:\/\/zkeshop.sk\/","name":"ZK company","description":"Kvalitn\u00e1 kozmetika pre ka\u017edodenn\u00e9 pou\u017eitie","potentialAction":[{"@type":"SearchAction","target":{"@type":"EntryPoint","urlTemplate":"https:\/\/zkeshop.sk\/?s={search_term_string}"},"query-input":{"@type":"PropertyValueSpecification","valueRequired":true,"valueName":"search_term_string"}}],"inLanguage":"en-US"}]},"product_price_amount":"11.60","product_price_currency":"EUR","og_availability":"instock","product_availability":"instock","product_condition":"new"},"_links":{"self":[{"href":"https:\/\/zkeshop.sk\/en\/wp-json\/wp\/v2\/product\/14987","targetHints":{"allow":["GET"]}}],"collection":[{"href":"https:\/\/zkeshop.sk\/en\/wp-json\/wp\/v2\/product"}],"about":[{"href":"https:\/\/zkeshop.sk\/en\/wp-json\/wp\/v2\/types\/product"}],"replies":[{"embeddable":true,"href":"https:\/\/zkeshop.sk\/en\/wp-json\/wp\/v2\/comments?post=14987"}],"version-history":[{"count":0,"href":"https:\/\/zkeshop.sk\/en\/wp-json\/wp\/v2\/product\/14987\/revisions"}],"wp:featuredmedia":[{"embeddable":true,"href":"https:\/\/zkeshop.sk\/en\/wp-json\/wp\/v2\/media\/12985"}],"wp:attachment":[{"href":"https:\/\/zkeshop.sk\/en\/wp-json\/wp\/v2\/media?parent=14987"}],"wp:term":[{"taxonomy":"product_brand","embeddable":true,"href":"https:\/\/zkeshop.sk\/en\/wp-json\/wp\/v2\/product_brand?post=14987"},{"taxonomy":"product_cat","embeddable":true,"href":"https:\/\/zkeshop.sk\/en\/wp-json\/wp\/v2\/product_cat?post=14987"},{"taxonomy":"product_tag","embeddable":true,"href":"https:\/\/zkeshop.sk\/en\/wp-json\/wp\/v2\/product_tag?post=14987"}],"curies":[{"name":"wp","href":"https:\/\/api.w.org\/{rel}","templated":true}]}}