{"id":14991,"date":"2024-06-28T18:03:37","date_gmt":"2024-06-28T16:03:37","guid":{"rendered":"https:\/\/zkeshop.sk\/produkt\/ashwagandha-indian-ginseng-60-capsules\/"},"modified":"2025-02-17T15:05:56","modified_gmt":"2025-02-17T14:05:56","slug":"ashwagandha-indian-ginseng-60-capsules","status":"publish","type":"product","link":"https:\/\/zkeshop.sk\/en\/produkt\/ashwagandha-indian-ginseng-60-capsules\/","title":{"rendered":"Ashwagandha &#8211; Indian Ginseng 60 capsules"},"content":{"rendered":"<p><strong>Detailed description<\/strong><br \/>\nAshwagandha (Ashwagandha) is a preparation also known as Indian ginseng. It has similar effects to Chinese ginseng, but its effect on the body is more subtle. In Ayurvedic medicine it is used to improve the quality of sexual life in men and women as well as to promote vitality, reduce stress and increase energy.  <\/p>\n<p><strong>Ingredients:<\/strong> Ashvaganda &#8211; Withania somnifera root 400 mg, capsules of vegetable cellulose.<\/p>\n<p>Note: Do not exceed the recommended dosage. Do not use as a substitute for a varied diet. The product is not intended for children, pregnant and lactating women. Keep out of reach of young children. Store in a cool, dry place. Do not expose to sunlight.     <\/p>\n<p><strong>Recommended dosage: <\/strong>1 to 2 capsules twice daily with meals. It is recommended to take for at least three months. <\/p>\n<p><strong>Packing: <\/strong>60 vegetarian gluten-free capsules<\/p>\n<p>Country of origin: India<\/p>\n","protected":false},"excerpt":{"rendered":"<p>In Ayurvedic medicine, it is used to improve the quality of sexual life in men and women as well as to promote vitality, reduce stress and increase energy.<\/p>\n","protected":false},"featured_media":12976,"comment_status":"open","ping_status":"closed","template":"","meta":[],"product_brand":[],"product_cat":[110,91],"product_tag":[],"class_list":{"0":"post-14991","1":"product","2":"type-product","3":"status-publish","4":"has-post-thumbnail","6":"product_cat-ayurveda","7":"product_cat-nutritional-supplements","9":"first","10":"instock","11":"taxable","12":"shipping-taxable","13":"purchasable","14":"product-type-simple"},"yoast_head":"<!-- This site is optimized with the Yoast SEO Premium plugin v27.3 (Yoast SEO v27.3) - https:\/\/yoast.com\/product\/yoast-seo-premium-wordpress\/ -->\n<title>Ashwagandha - Indian Ginseng 60 capsules - ZK company<\/title>\n<meta name=\"robots\" content=\"index, follow, max-snippet:-1, max-image-preview:large, max-video-preview:-1\" \/>\n<link rel=\"canonical\" href=\"https:\/\/zkeshop.sk\/produkt\/ashwagandha-indicky-zensen-60-kapsul\/\" \/>\n<meta property=\"og:locale\" content=\"en_US\" \/>\n<meta property=\"og:type\" content=\"article\" \/>\n<meta property=\"og:title\" content=\"Ashwagandha - Indian Ginseng 60 capsules\" \/>\n<meta property=\"og:description\" content=\"In Ayurvedic medicine, it is used to improve the quality of sexual life in men and women as well as to promote vitality, reduce stress and increase energy.\" \/>\n<meta property=\"og:url\" content=\"https:\/\/zkeshop.sk\/produkt\/ashwagandha-indicky-zensen-60-kapsul\/\" \/>\n<meta property=\"og:site_name\" content=\"ZK company\" \/>\n<meta property=\"article:modified_time\" content=\"2025-02-17T14:05:56+00:00\" \/>\n<meta property=\"og:image\" content=\"https:\/\/zkeshop.sk\/wp-content\/uploads\/2024\/06\/vitamax-ayurmind-ashwagandha.jpg\" \/>\n\t<meta property=\"og:image:width\" content=\"800\" \/>\n\t<meta property=\"og:image:height\" content=\"800\" \/>\n\t<meta property=\"og:image:type\" content=\"image\/jpeg\" \/>\n<meta name=\"twitter:card\" content=\"summary_large_image\" \/>\n<meta name=\"twitter:label1\" content=\"Price\" \/>\n\t<meta name=\"twitter:data1\" content=\"11,60&nbsp;&euro;\" \/>\n\t<meta name=\"twitter:label2\" content=\"Availability\" \/>\n\t<meta name=\"twitter:data2\" content=\"In stock\" \/>\n<script type=\"application\/ld+json\" class=\"yoast-schema-graph\">{\"@context\":\"https:\\\/\\\/schema.org\",\"@graph\":[{\"@type\":\"WebPage\",\"@id\":\"https:\\\/\\\/zkeshop.sk\\\/produkt\\\/ashwagandha-indicky-zensen-60-kapsul\\\/\",\"url\":\"https:\\\/\\\/zkeshop.sk\\\/produkt\\\/ashwagandha-indicky-zensen-60-kapsul\\\/\",\"name\":\"Ashwagandha - Indian Ginseng 60 capsules - ZK company\",\"isPartOf\":{\"@id\":\"https:\\\/\\\/zkeshop.sk\\\/#website\"},\"primaryImageOfPage\":{\"@id\":\"https:\\\/\\\/zkeshop.sk\\\/produkt\\\/ashwagandha-indicky-zensen-60-kapsul\\\/#primaryimage\"},\"image\":{\"@id\":\"https:\\\/\\\/zkeshop.sk\\\/produkt\\\/ashwagandha-indicky-zensen-60-kapsul\\\/#primaryimage\"},\"thumbnailUrl\":\"https:\\\/\\\/zkeshop.sk\\\/wp-content\\\/uploads\\\/2024\\\/06\\\/vitamax-ayurmind-ashwagandha.jpg\",\"datePublished\":\"2024-06-28T16:03:37+00:00\",\"dateModified\":\"2025-02-17T14:05:56+00:00\",\"breadcrumb\":{\"@id\":\"https:\\\/\\\/zkeshop.sk\\\/produkt\\\/ashwagandha-indicky-zensen-60-kapsul\\\/#breadcrumb\"},\"inLanguage\":\"en-US\",\"potentialAction\":[{\"@type\":\"ReadAction\",\"target\":[\"https:\\\/\\\/zkeshop.sk\\\/produkt\\\/ashwagandha-indicky-zensen-60-kapsul\\\/\"]}]},{\"@type\":\"ImageObject\",\"inLanguage\":\"en-US\",\"@id\":\"https:\\\/\\\/zkeshop.sk\\\/produkt\\\/ashwagandha-indicky-zensen-60-kapsul\\\/#primaryimage\",\"url\":\"https:\\\/\\\/zkeshop.sk\\\/wp-content\\\/uploads\\\/2024\\\/06\\\/vitamax-ayurmind-ashwagandha.jpg\",\"contentUrl\":\"https:\\\/\\\/zkeshop.sk\\\/wp-content\\\/uploads\\\/2024\\\/06\\\/vitamax-ayurmind-ashwagandha.jpg\",\"width\":800,\"height\":800,\"caption\":\"A\u0161vaganda (indick\u00fd \u017een\u0161en) je siln\u00fd adaptog\u00e9n na zn\u00ed\u017eenie stresu, podporu vitality a zv\u00fd\u0161enie energie\"},{\"@type\":\"BreadcrumbList\",\"@id\":\"https:\\\/\\\/zkeshop.sk\\\/produkt\\\/ashwagandha-indicky-zensen-60-kapsul\\\/#breadcrumb\",\"itemListElement\":[{\"@type\":\"ListItem\",\"position\":1,\"name\":\"Home\",\"item\":\"https:\\\/\\\/zkeshop.sk\\\/\"},{\"@type\":\"ListItem\",\"position\":2,\"name\":\"Shop\",\"item\":\"https:\\\/\\\/zkeshop.sk\\\/obchod\\\/\"},{\"@type\":\"ListItem\",\"position\":3,\"name\":\"Ashwagandha &#8211; Indian Ginseng 60 capsules\"}]},{\"@type\":\"WebSite\",\"@id\":\"https:\\\/\\\/zkeshop.sk\\\/#website\",\"url\":\"https:\\\/\\\/zkeshop.sk\\\/\",\"name\":\"ZK company\",\"description\":\"Kvalitn\u00e1 kozmetika pre ka\u017edodenn\u00e9 pou\u017eitie\",\"potentialAction\":[{\"@type\":\"SearchAction\",\"target\":{\"@type\":\"EntryPoint\",\"urlTemplate\":\"https:\\\/\\\/zkeshop.sk\\\/?s={search_term_string}\"},\"query-input\":{\"@type\":\"PropertyValueSpecification\",\"valueRequired\":true,\"valueName\":\"search_term_string\"}}],\"inLanguage\":\"en-US\"}]}<\/script>\n<meta property=\"product:price:amount\" content=\"11.60\" \/>\n<meta property=\"product:price:currency\" content=\"EUR\" \/>\n<meta property=\"og:availability\" content=\"instock\" \/>\n<meta property=\"product:availability\" content=\"instock\" \/>\n<meta property=\"product:condition\" content=\"new\" \/>\n<!-- \/ Yoast SEO Premium plugin. -->","yoast_head_json":{"title":"Ashwagandha - Indian Ginseng 60 capsules - ZK company","robots":{"index":"index","follow":"follow","max-snippet":"max-snippet:-1","max-image-preview":"max-image-preview:large","max-video-preview":"max-video-preview:-1"},"canonical":"https:\/\/zkeshop.sk\/produkt\/ashwagandha-indicky-zensen-60-kapsul\/","og_locale":"en_US","og_type":"article","og_title":"Ashwagandha - Indian Ginseng 60 capsules","og_description":"In Ayurvedic medicine, it is used to improve the quality of sexual life in men and women as well as to promote vitality, reduce stress and increase energy.","og_url":"https:\/\/zkeshop.sk\/produkt\/ashwagandha-indicky-zensen-60-kapsul\/","og_site_name":"ZK company","article_modified_time":"2025-02-17T14:05:56+00:00","og_image":[{"width":800,"height":800,"url":"https:\/\/zkeshop.sk\/wp-content\/uploads\/2024\/06\/vitamax-ayurmind-ashwagandha.jpg","type":"image\/jpeg"}],"twitter_card":"summary_large_image","twitter_misc":{"Price":"11,60&nbsp;&euro;","Availability":"In stock"},"schema":{"@context":"https:\/\/schema.org","@graph":[{"@type":"WebPage","@id":"https:\/\/zkeshop.sk\/produkt\/ashwagandha-indicky-zensen-60-kapsul\/","url":"https:\/\/zkeshop.sk\/produkt\/ashwagandha-indicky-zensen-60-kapsul\/","name":"Ashwagandha - Indian Ginseng 60 capsules - ZK company","isPartOf":{"@id":"https:\/\/zkeshop.sk\/#website"},"primaryImageOfPage":{"@id":"https:\/\/zkeshop.sk\/produkt\/ashwagandha-indicky-zensen-60-kapsul\/#primaryimage"},"image":{"@id":"https:\/\/zkeshop.sk\/produkt\/ashwagandha-indicky-zensen-60-kapsul\/#primaryimage"},"thumbnailUrl":"https:\/\/zkeshop.sk\/wp-content\/uploads\/2024\/06\/vitamax-ayurmind-ashwagandha.jpg","datePublished":"2024-06-28T16:03:37+00:00","dateModified":"2025-02-17T14:05:56+00:00","breadcrumb":{"@id":"https:\/\/zkeshop.sk\/produkt\/ashwagandha-indicky-zensen-60-kapsul\/#breadcrumb"},"inLanguage":"en-US","potentialAction":[{"@type":"ReadAction","target":["https:\/\/zkeshop.sk\/produkt\/ashwagandha-indicky-zensen-60-kapsul\/"]}]},{"@type":"ImageObject","inLanguage":"en-US","@id":"https:\/\/zkeshop.sk\/produkt\/ashwagandha-indicky-zensen-60-kapsul\/#primaryimage","url":"https:\/\/zkeshop.sk\/wp-content\/uploads\/2024\/06\/vitamax-ayurmind-ashwagandha.jpg","contentUrl":"https:\/\/zkeshop.sk\/wp-content\/uploads\/2024\/06\/vitamax-ayurmind-ashwagandha.jpg","width":800,"height":800,"caption":"A\u0161vaganda (indick\u00fd \u017een\u0161en) je siln\u00fd adaptog\u00e9n na zn\u00ed\u017eenie stresu, podporu vitality a zv\u00fd\u0161enie energie"},{"@type":"BreadcrumbList","@id":"https:\/\/zkeshop.sk\/produkt\/ashwagandha-indicky-zensen-60-kapsul\/#breadcrumb","itemListElement":[{"@type":"ListItem","position":1,"name":"Home","item":"https:\/\/zkeshop.sk\/"},{"@type":"ListItem","position":2,"name":"Shop","item":"https:\/\/zkeshop.sk\/obchod\/"},{"@type":"ListItem","position":3,"name":"Ashwagandha &#8211; Indian Ginseng 60 capsules"}]},{"@type":"WebSite","@id":"https:\/\/zkeshop.sk\/#website","url":"https:\/\/zkeshop.sk\/","name":"ZK company","description":"Kvalitn\u00e1 kozmetika pre ka\u017edodenn\u00e9 pou\u017eitie","potentialAction":[{"@type":"SearchAction","target":{"@type":"EntryPoint","urlTemplate":"https:\/\/zkeshop.sk\/?s={search_term_string}"},"query-input":{"@type":"PropertyValueSpecification","valueRequired":true,"valueName":"search_term_string"}}],"inLanguage":"en-US"}]},"product_price_amount":"11.60","product_price_currency":"EUR","og_availability":"instock","product_availability":"instock","product_condition":"new"},"_links":{"self":[{"href":"https:\/\/zkeshop.sk\/en\/wp-json\/wp\/v2\/product\/14991","targetHints":{"allow":["GET"]}}],"collection":[{"href":"https:\/\/zkeshop.sk\/en\/wp-json\/wp\/v2\/product"}],"about":[{"href":"https:\/\/zkeshop.sk\/en\/wp-json\/wp\/v2\/types\/product"}],"replies":[{"embeddable":true,"href":"https:\/\/zkeshop.sk\/en\/wp-json\/wp\/v2\/comments?post=14991"}],"version-history":[{"count":0,"href":"https:\/\/zkeshop.sk\/en\/wp-json\/wp\/v2\/product\/14991\/revisions"}],"wp:featuredmedia":[{"embeddable":true,"href":"https:\/\/zkeshop.sk\/en\/wp-json\/wp\/v2\/media\/12976"}],"wp:attachment":[{"href":"https:\/\/zkeshop.sk\/en\/wp-json\/wp\/v2\/media?parent=14991"}],"wp:term":[{"taxonomy":"product_brand","embeddable":true,"href":"https:\/\/zkeshop.sk\/en\/wp-json\/wp\/v2\/product_brand?post=14991"},{"taxonomy":"product_cat","embeddable":true,"href":"https:\/\/zkeshop.sk\/en\/wp-json\/wp\/v2\/product_cat?post=14991"},{"taxonomy":"product_tag","embeddable":true,"href":"https:\/\/zkeshop.sk\/en\/wp-json\/wp\/v2\/product_tag?post=14991"}],"curies":[{"name":"wp","href":"https:\/\/api.w.org\/{rel}","templated":true}]}}