{"id":15014,"date":"2024-11-04T10:15:54","date_gmt":"2024-11-04T09:15:54","guid":{"rendered":"https:\/\/zkeshop.sk\/produkt\/hydrolyzed-kk-collagen-drink-mix-3-flavours\/"},"modified":"2025-03-17T11:36:26","modified_gmt":"2025-03-17T10:36:26","slug":"hydrolyzed-kk-collagen-drink-mix-3-flavours","status":"publish","type":"product","link":"https:\/\/zkeshop.sk\/en\/produkt\/hydrolyzed-kk-collagen-drink-mix-3-flavours\/","title":{"rendered":"Hydrolyzed KK collagen drink MIX 3 flavours"},"content":{"rendered":"<h2 data-start=\"0\" data-end=\"83\"><strong data-start=\"4\" data-end=\"81\">KK Collagen Mix Flavours &#8211; Complete care for skin, joints and hair<\/strong><\/h2>\n<p data-start=\"85\" data-end=\"485\"><strong data-start=\"85\" data-end=\"112\">KK Collagen Mix Flavors<\/strong> is a dietary supplement that contains <strong data-start=\"149\" data-end=\"206\">5000 mg of bioactive hydrolyzed Peptan\u00ae collagen<\/strong>. Collagen is a key component of connective tissues, skin, hair and nails. After the age of 20, its production in the body slows down, leading to a loss of skin elasticity and the appearance of the first wrinkles. <strong data-start=\"395\" data-end=\"417\">Supplementing with collagen<\/strong> is therefore an ideal solution to promote beauty and health from within.   <\/p>\n<p data-start=\"487\" data-end=\"650\"><strong data-start=\"490\" data-end=\"571\">Read more about the benefits of collagen and its effects in our blog article:<\/strong><strong data-start=\"574\" data-end=\"648\"><a href=\"https:\/\/zkeshop.sk\/?p=15345&#038;preview=true\" target=\"_new\" rel=\"noopener\" data-start=\"576\" data-end=\"646\">Why is collagen important?<\/a><\/strong><\/p>\n<h3 data-start=\"658\" data-end=\"707\"><strong data-start=\"662\" data-end=\"705\">Key active ingredients and their benefits<\/strong><\/h3>\n<p data-start=\"708\" data-end=\"1114\"><strong data-start=\"710\" data-end=\"740\">Bioactive collagen Peptan\u00ae<\/strong> &#8211; promotes skin elasticity and firmness<br data-start=\"779\" data-end=\"782\"><strong data-start=\"784\" data-end=\"808\">Hyaluronic<\/strong> acid &#8211; hydrates and helps maintain a youthful appearance<br data-start=\"853\" data-end=\"856\"><strong data-start=\"858\" data-end=\"887\">Vitamins C, E and B complex<\/strong> &#8211; protect cells from oxidative stress and promote collagen production<br data-start=\"954\" data-end=\"957\"> Zinc<strong data-start=\"959\" data-end=\"977\">and magnesium<\/strong> &#8211; important for skin regeneration, hair and nail health<br data-start=\"1038\" data-end=\"1041\"> Fibre<strong data-start=\"1043\" data-end=\"1062\">inulin<\/strong> &#8211; supports digestion and the health of the intestinal microflora<\/p>\n<h3 data-start=\"1122\" data-end=\"1174\"><strong data-start=\"1126\" data-end=\"1172\">Why Choose KK Collagen Mix Flavors?<\/strong><\/h3>\n<p data-start=\"1175\" data-end=\"1454\"><strong data-start=\"1177\" data-end=\"1217\">Promotes skin firmness and elasticity<\/strong><br data-start=\"1217\" data-end=\"1220\"><strong data-start=\"1222\" data-end=\"1267\">Helps in skin regeneration and wound healing<\/strong><br data-start=\"1267\" data-end=\"1270\"><strong data-start=\"1272\" data-end=\"1317\">Supports hair, nail and joint health<\/strong><br data-start=\"1317\" data-end=\"1320\"><strong data-start=\"1322\" data-end=\"1377\">Contains antioxidants that help protect cells<\/strong><br data-start=\"1377\" data-end=\"1380\"><strong data-start=\"1382\" data-end=\"1452\">Mix of refreshing flavours &#8211; orange, tangerine, mojito, elderflower<\/strong><\/p>\n<h3 data-start=\"1462\" data-end=\"1494\"><strong data-start=\"1466\" data-end=\"1492\">Easy to use<\/strong><\/h3>\n<p data-start=\"1495\" data-end=\"1638\">Mix <strong data-start=\"1495\" data-end=\"1512\">1 sachet daily<\/strong> in <strong data-start=\"1527\" data-end=\"1542\">200 ml of water<\/strong>, stir well and drink. Thanks to the practical packaging, you can take it with you wherever you go. <\/p>\n<p data-start=\"1640\" data-end=\"1705\"><strong data-start=\"1643\" data-end=\"1664\">Package weight:<\/strong> 360 g<br data-start=\"1670\" data-end=\"1673\"> Weight of<strong data-start=\"1676\" data-end=\"1698\">1 bag:<\/strong> 12 g<\/p>\n<h4 data-start=\"1713\" data-end=\"1736\"><strong data-start=\"1717\" data-end=\"1734\">Notice<\/strong><\/h4>\n<p data-start=\"1737\" data-end=\"1957\">Do not exceed the recommended daily dose. The dietary supplement does not replace a varied diet.  Keep out of the reach of children. Not suitable for children under 3 years of age, pregnant and lactating women. Store in a dry place at <strong data-start=\"1942\" data-end=\"1954\">15-25 \u00b0C<\/strong>. <\/p>\n<p data-start=\"1959\" data-end=\"1989\"><strong data-start=\"1962\" data-end=\"1987\">Made in Slovakia<\/strong><\/p>\n","protected":false},"excerpt":{"rendered":"<p>An amazing edition of a blend of 3 of your favourite flavours. Whether you are an active athlete, recovering from an injury or want to boost your beauty &#8211; KK collagen is the right choice for you. <\/p>\n<p><strong>Flavours MIX: Orange, Melon, Elderflower<\/strong><\/p>\n","protected":false},"featured_media":14002,"comment_status":"open","ping_status":"closed","template":"","meta":[],"product_brand":[],"product_cat":[91,121],"product_tag":[],"class_list":{"0":"post-15014","1":"product","2":"type-product","3":"status-publish","4":"has-post-thumbnail","6":"product_cat-nutritional-supplements","7":"product_cat-nutritional-supplements-for-adults","9":"first","10":"instock","11":"sale","12":"taxable","13":"shipping-taxable","14":"purchasable","15":"product-type-simple"},"yoast_head":"<!-- This site is optimized with the Yoast SEO Premium plugin v27.3 (Yoast SEO v27.3) - https:\/\/yoast.com\/product\/yoast-seo-premium-wordpress\/ -->\n<title>Hydrolyzed KK collagen drink MIX 3 flavours - ZK company<\/title>\n<meta name=\"description\" content=\"Collagen Mix flavors with 5000 mg of bioactive Peptan\u00ae collagen, hyaluronic acid and essential vitamins. Supports skin, hair, nail and joint health.\" \/>\n<meta name=\"robots\" content=\"index, follow, max-snippet:-1, max-image-preview:large, max-video-preview:-1\" \/>\n<link rel=\"canonical\" href=\"https:\/\/zkeshop.sk\/en\/produkt\/hydrolyzed-kk-collagen-drink-mix-3-flavours\/\" \/>\n<meta property=\"og:locale\" content=\"en_US\" \/>\n<meta property=\"og:type\" content=\"article\" \/>\n<meta property=\"og:title\" content=\"Hydrolyzed KK collagen drink MIX 3 flavours\" \/>\n<meta property=\"og:description\" content=\"Collagen Mix flavors with 5000 mg of bioactive Peptan\u00ae collagen, hyaluronic acid and essential vitamins. Supports skin, hair, nail and joint health.\" \/>\n<meta property=\"og:url\" content=\"https:\/\/zkeshop.sk\/en\/produkt\/hydrolyzed-kk-collagen-drink-mix-3-flavours\/\" \/>\n<meta property=\"og:site_name\" content=\"ZK company\" \/>\n<meta property=\"article:modified_time\" content=\"2025-03-17T10:36:26+00:00\" \/>\n<meta property=\"og:image\" content=\"https:\/\/zkeshop.sk\/wp-content\/uploads\/2024\/10\/mix.jpg\" \/>\n\t<meta property=\"og:image:width\" content=\"1024\" \/>\n\t<meta property=\"og:image:height\" content=\"768\" \/>\n\t<meta property=\"og:image:type\" content=\"image\/jpeg\" \/>\n<meta name=\"twitter:card\" content=\"summary_large_image\" \/>\n<meta name=\"twitter:label1\" content=\"Price\" \/>\n\t<meta name=\"twitter:data1\" content=\"36,40&nbsp;&euro;\" \/>\n\t<meta name=\"twitter:label2\" content=\"Availability\" \/>\n\t<meta name=\"twitter:data2\" content=\"In stock\" \/>\n<script type=\"application\/ld+json\" class=\"yoast-schema-graph\">{\"@context\":\"https:\\\/\\\/schema.org\",\"@graph\":[{\"@type\":\"WebPage\",\"@id\":\"https:\\\/\\\/zkeshop.sk\\\/en\\\/produkt\\\/hydrolyzed-kk-collagen-drink-mix-3-flavours\\\/\",\"url\":\"https:\\\/\\\/zkeshop.sk\\\/en\\\/produkt\\\/hydrolyzed-kk-collagen-drink-mix-3-flavours\\\/\",\"name\":\"Hydrolyzed KK collagen drink MIX 3 flavours - ZK company\",\"isPartOf\":{\"@id\":\"https:\\\/\\\/zkeshop.sk\\\/#website\"},\"primaryImageOfPage\":{\"@id\":\"https:\\\/\\\/zkeshop.sk\\\/en\\\/produkt\\\/hydrolyzed-kk-collagen-drink-mix-3-flavours\\\/#primaryimage\"},\"image\":{\"@id\":\"https:\\\/\\\/zkeshop.sk\\\/en\\\/produkt\\\/hydrolyzed-kk-collagen-drink-mix-3-flavours\\\/#primaryimage\"},\"thumbnailUrl\":\"https:\\\/\\\/zkeshop.sk\\\/wp-content\\\/uploads\\\/2024\\\/10\\\/mix.jpg\",\"datePublished\":\"2024-11-04T09:15:54+00:00\",\"dateModified\":\"2025-03-17T10:36:26+00:00\",\"description\":\"Collagen Mix flavors with 5000 mg of bioactive Peptan\u00ae collagen, hyaluronic acid and essential vitamins. Supports skin, hair, nail and joint health.\",\"breadcrumb\":{\"@id\":\"https:\\\/\\\/zkeshop.sk\\\/en\\\/produkt\\\/hydrolyzed-kk-collagen-drink-mix-3-flavours\\\/#breadcrumb\"},\"inLanguage\":\"en-US\",\"potentialAction\":[{\"@type\":\"ReadAction\",\"target\":[\"https:\\\/\\\/zkeshop.sk\\\/en\\\/produkt\\\/hydrolyzed-kk-collagen-drink-mix-3-flavours\\\/\"]}]},{\"@type\":\"ImageObject\",\"inLanguage\":\"en-US\",\"@id\":\"https:\\\/\\\/zkeshop.sk\\\/en\\\/produkt\\\/hydrolyzed-kk-collagen-drink-mix-3-flavours\\\/#primaryimage\",\"url\":\"https:\\\/\\\/zkeshop.sk\\\/wp-content\\\/uploads\\\/2024\\\/10\\\/mix.jpg\",\"contentUrl\":\"https:\\\/\\\/zkeshop.sk\\\/wp-content\\\/uploads\\\/2024\\\/10\\\/mix.jpg\",\"width\":1024,\"height\":768,\"caption\":\"Collagen MIX flavours with hyaluronic acid.\"},{\"@type\":\"BreadcrumbList\",\"@id\":\"https:\\\/\\\/zkeshop.sk\\\/en\\\/produkt\\\/hydrolyzed-kk-collagen-drink-mix-3-flavours\\\/#breadcrumb\",\"itemListElement\":[{\"@type\":\"ListItem\",\"position\":1,\"name\":\"Home\",\"item\":\"https:\\\/\\\/zkeshop.sk\\\/\"},{\"@type\":\"ListItem\",\"position\":2,\"name\":\"Shop\",\"item\":\"https:\\\/\\\/zkeshop.sk\\\/obchod\\\/\"},{\"@type\":\"ListItem\",\"position\":3,\"name\":\"Hydrolyzed KK collagen drink MIX 3 flavours\"}]},{\"@type\":\"WebSite\",\"@id\":\"https:\\\/\\\/zkeshop.sk\\\/#website\",\"url\":\"https:\\\/\\\/zkeshop.sk\\\/\",\"name\":\"ZK company\",\"description\":\"Kvalitn\u00e1 kozmetika pre ka\u017edodenn\u00e9 pou\u017eitie\",\"potentialAction\":[{\"@type\":\"SearchAction\",\"target\":{\"@type\":\"EntryPoint\",\"urlTemplate\":\"https:\\\/\\\/zkeshop.sk\\\/?s={search_term_string}\"},\"query-input\":{\"@type\":\"PropertyValueSpecification\",\"valueRequired\":true,\"valueName\":\"search_term_string\"}}],\"inLanguage\":\"en-US\"}]}<\/script>\n<meta property=\"product:price:amount\" content=\"36.40\" \/>\n<meta property=\"product:price:currency\" content=\"EUR\" \/>\n<meta property=\"og:availability\" content=\"instock\" \/>\n<meta property=\"product:availability\" content=\"instock\" \/>\n<meta property=\"product:condition\" content=\"new\" \/>\n<!-- \/ Yoast SEO Premium plugin. -->","yoast_head_json":{"title":"Hydrolyzed KK collagen drink MIX 3 flavours - ZK company","description":"Collagen Mix flavors with 5000 mg of bioactive Peptan\u00ae collagen, hyaluronic acid and essential vitamins. Supports skin, hair, nail and joint health.","robots":{"index":"index","follow":"follow","max-snippet":"max-snippet:-1","max-image-preview":"max-image-preview:large","max-video-preview":"max-video-preview:-1"},"canonical":"https:\/\/zkeshop.sk\/en\/produkt\/hydrolyzed-kk-collagen-drink-mix-3-flavours\/","og_locale":"en_US","og_type":"article","og_title":"Hydrolyzed KK collagen drink MIX 3 flavours","og_description":"Collagen Mix flavors with 5000 mg of bioactive Peptan\u00ae collagen, hyaluronic acid and essential vitamins. Supports skin, hair, nail and joint health.","og_url":"https:\/\/zkeshop.sk\/en\/produkt\/hydrolyzed-kk-collagen-drink-mix-3-flavours\/","og_site_name":"ZK company","article_modified_time":"2025-03-17T10:36:26+00:00","og_image":[{"width":1024,"height":768,"url":"https:\/\/zkeshop.sk\/wp-content\/uploads\/2024\/10\/mix.jpg","type":"image\/jpeg"}],"twitter_card":"summary_large_image","twitter_misc":{"Price":"36,40&nbsp;&euro;","Availability":"In stock"},"schema":{"@context":"https:\/\/schema.org","@graph":[{"@type":"WebPage","@id":"https:\/\/zkeshop.sk\/en\/produkt\/hydrolyzed-kk-collagen-drink-mix-3-flavours\/","url":"https:\/\/zkeshop.sk\/en\/produkt\/hydrolyzed-kk-collagen-drink-mix-3-flavours\/","name":"Hydrolyzed KK collagen drink MIX 3 flavours - ZK company","isPartOf":{"@id":"https:\/\/zkeshop.sk\/#website"},"primaryImageOfPage":{"@id":"https:\/\/zkeshop.sk\/en\/produkt\/hydrolyzed-kk-collagen-drink-mix-3-flavours\/#primaryimage"},"image":{"@id":"https:\/\/zkeshop.sk\/en\/produkt\/hydrolyzed-kk-collagen-drink-mix-3-flavours\/#primaryimage"},"thumbnailUrl":"https:\/\/zkeshop.sk\/wp-content\/uploads\/2024\/10\/mix.jpg","datePublished":"2024-11-04T09:15:54+00:00","dateModified":"2025-03-17T10:36:26+00:00","description":"Collagen Mix flavors with 5000 mg of bioactive Peptan\u00ae collagen, hyaluronic acid and essential vitamins. Supports skin, hair, nail and joint health.","breadcrumb":{"@id":"https:\/\/zkeshop.sk\/en\/produkt\/hydrolyzed-kk-collagen-drink-mix-3-flavours\/#breadcrumb"},"inLanguage":"en-US","potentialAction":[{"@type":"ReadAction","target":["https:\/\/zkeshop.sk\/en\/produkt\/hydrolyzed-kk-collagen-drink-mix-3-flavours\/"]}]},{"@type":"ImageObject","inLanguage":"en-US","@id":"https:\/\/zkeshop.sk\/en\/produkt\/hydrolyzed-kk-collagen-drink-mix-3-flavours\/#primaryimage","url":"https:\/\/zkeshop.sk\/wp-content\/uploads\/2024\/10\/mix.jpg","contentUrl":"https:\/\/zkeshop.sk\/wp-content\/uploads\/2024\/10\/mix.jpg","width":1024,"height":768,"caption":"Collagen MIX flavours with hyaluronic acid."},{"@type":"BreadcrumbList","@id":"https:\/\/zkeshop.sk\/en\/produkt\/hydrolyzed-kk-collagen-drink-mix-3-flavours\/#breadcrumb","itemListElement":[{"@type":"ListItem","position":1,"name":"Home","item":"https:\/\/zkeshop.sk\/"},{"@type":"ListItem","position":2,"name":"Shop","item":"https:\/\/zkeshop.sk\/obchod\/"},{"@type":"ListItem","position":3,"name":"Hydrolyzed KK collagen drink MIX 3 flavours"}]},{"@type":"WebSite","@id":"https:\/\/zkeshop.sk\/#website","url":"https:\/\/zkeshop.sk\/","name":"ZK company","description":"Kvalitn\u00e1 kozmetika pre ka\u017edodenn\u00e9 pou\u017eitie","potentialAction":[{"@type":"SearchAction","target":{"@type":"EntryPoint","urlTemplate":"https:\/\/zkeshop.sk\/?s={search_term_string}"},"query-input":{"@type":"PropertyValueSpecification","valueRequired":true,"valueName":"search_term_string"}}],"inLanguage":"en-US"}]},"product_price_amount":"36.40","product_price_currency":"EUR","og_availability":"instock","product_availability":"instock","product_condition":"new"},"_links":{"self":[{"href":"https:\/\/zkeshop.sk\/en\/wp-json\/wp\/v2\/product\/15014","targetHints":{"allow":["GET"]}}],"collection":[{"href":"https:\/\/zkeshop.sk\/en\/wp-json\/wp\/v2\/product"}],"about":[{"href":"https:\/\/zkeshop.sk\/en\/wp-json\/wp\/v2\/types\/product"}],"replies":[{"embeddable":true,"href":"https:\/\/zkeshop.sk\/en\/wp-json\/wp\/v2\/comments?post=15014"}],"version-history":[{"count":0,"href":"https:\/\/zkeshop.sk\/en\/wp-json\/wp\/v2\/product\/15014\/revisions"}],"wp:featuredmedia":[{"embeddable":true,"href":"https:\/\/zkeshop.sk\/en\/wp-json\/wp\/v2\/media\/14002"}],"wp:attachment":[{"href":"https:\/\/zkeshop.sk\/en\/wp-json\/wp\/v2\/media?parent=15014"}],"wp:term":[{"taxonomy":"product_brand","embeddable":true,"href":"https:\/\/zkeshop.sk\/en\/wp-json\/wp\/v2\/product_brand?post=15014"},{"taxonomy":"product_cat","embeddable":true,"href":"https:\/\/zkeshop.sk\/en\/wp-json\/wp\/v2\/product_cat?post=15014"},{"taxonomy":"product_tag","embeddable":true,"href":"https:\/\/zkeshop.sk\/en\/wp-json\/wp\/v2\/product_tag?post=15014"}],"curies":[{"name":"wp","href":"https:\/\/api.w.org\/{rel}","templated":true}]}}