{"id":15025,"date":"2025-01-14T18:22:24","date_gmt":"2025-02-18T09:18:04","guid":{"rendered":"https:\/\/zkeshop.sk\/produkt\/medik-8-advanced-day-total-protect-spf30\/"},"modified":"2025-05-22T15:12:53","modified_gmt":"2025-05-22T13:12:53","slug":"medik-8-advanced-day-total-protect-spf30","status":"publish","type":"product","link":"https:\/\/zkeshop.sk\/en\/produkt\/medik-8-advanced-day-total-protect-spf30\/","title":{"rendered":"Medik 8 Advanced Day Total Protect SPF30"},"content":{"rendered":"<h5 class=\"eshop-product-detail__subtitle\">Anti-ageing day moisturiser with SPF 30 and 5* UVA<\/h5>\n<div class=\"eshop-product-detail__perex\">\n<p>Do you need to hydrate your skin and reduce wrinkles at the same time? Would you like to protect your skin from the sun&#8217;s rays? This rich revitalizing day cream provides a comprehensive anti-ageing and moisturizing solution for mature and normal to dry skin. Plus, it contains SPF 30, so it protects your skin from UV rays.<\/p>\n<h2>Hydration and protection<\/h2>\n<p>ADVANCED DAY TOTAL PROTECT contains a combination of highly effective substances that have <a href=\"https:\/\/www.annabrandejs.sk\/slovnik-pojmov\/antioxidanty-a1905\">antioxidant<\/a> and anti-glycation effects (see main active ingredients), thus very effectively fighting skin ageing, improving skin texture and reducing wrinkles. The product provides immediate and long-lasting hydration throughout the day, the powerful broad-spectrum UVA and UVB protection helps to prevent skin ageing and the appearance of skin damage.<\/p>\n<h2>Against wrinkles and fine lines<\/h2>\n<div class=\"eshop-product-detail__perex\"><img loading=\"lazy\" decoding=\"async\" class=\"size-medium wp-image-14398 alignright\" src=\"https:\/\/zkeshop.sk\/wp-content\/uploads\/2025\/01\/Copy-of-Advanced-Day-Total-Protect-Usage-300x300.jpg\" alt=\"\" width=\"300\" height=\"300\" srcset=\"https:\/\/zkeshop.sk\/wp-content\/uploads\/2025\/01\/Copy-of-Advanced-Day-Total-Protect-Usage-300x300.jpg 300w, https:\/\/zkeshop.sk\/wp-content\/uploads\/2025\/01\/Copy-of-Advanced-Day-Total-Protect-Usage-1024x1024.jpg 1024w, https:\/\/zkeshop.sk\/wp-content\/uploads\/2025\/01\/Copy-of-Advanced-Day-Total-Protect-Usage-150x150.jpg 150w, https:\/\/zkeshop.sk\/wp-content\/uploads\/2025\/01\/Copy-of-Advanced-Day-Total-Protect-Usage-768x768.jpg 768w, https:\/\/zkeshop.sk\/wp-content\/uploads\/2025\/01\/Copy-of-Advanced-Day-Total-Protect-Usage-1536x1536.jpg 1536w, https:\/\/zkeshop.sk\/wp-content\/uploads\/2025\/01\/Copy-of-Advanced-Day-Total-Protect-Usage-400x400.jpg 400w, https:\/\/zkeshop.sk\/wp-content\/uploads\/2025\/01\/Copy-of-Advanced-Day-Total-Protect-Usage-600x600.jpg 600w, https:\/\/zkeshop.sk\/wp-content\/uploads\/2025\/01\/Copy-of-Advanced-Day-Total-Protect-Usage-1200x1200.jpg 1200w, https:\/\/zkeshop.sk\/wp-content\/uploads\/2025\/01\/Copy-of-Advanced-Day-Total-Protect-Usage.jpg 2000w\" sizes=\"auto, (max-width: 300px) 100vw, 300px\" \/><\/div>\n<p>&nbsp;<\/p>\n<ul>\n<li>Reduction of fine lines and wrinkles<\/li>\n<li>Long-lasting deep skin hydration without feeling greasy<\/li>\n<li>Skin protection against <a href=\"https:\/\/www.annabrandejs.sk\/slovnik-pojmov\/volne-radikaly-a1948\">free radicals<\/a> and glycation<\/li>\n<li>5* UVA and broad spectrum <a href=\"https:\/\/www.annabrandejs.sk\/slovnik-pojmov\/uvb-a2081\">UVA\/UVB<\/a> skin protection<\/li>\n<\/ul>\n<h2>Protects against oxidation and glycation<\/h2>\n<ul>\n<li>Rich consistency but very quickly absorbed<\/li>\n<li><a href=\"https:\/\/www.annabrandejs.sk\/slovnik-pojmov\/spf-a2059\">SPF<\/a> 30<\/li>\n<li>Protection of the skin against <a href=\"https:\/\/www.annabrandejs.sk\/slovnik-pojmov\/oxidacny-stres-a2187\">oxidation<\/a> and glycation<\/li>\n<li>Offers broad spectrum UV protection<\/li>\n<li>Designed for all skin types<\/li>\n<\/ul>\n<h2>Day cream with a charged formula<\/h2>\n<\/div>\n<p><strong>L-Carnosine (Anti-AGE substance):<\/strong><br \/>\nA substance that inhibits the formation of AGEs (Advanced glycation end-products), thus protecting the skin from glycation. Glycation is the binding of a sugar molecule (e.g. glucose) to another molecule, usually a protein, which can change its properties. It is the second most common cause of skin ageing (after oxidation). It is triggered by internal processes during human ageing. In addition, L-Carnosine helps collagen synthesis and protects the skin from infrared radiation damage.<\/p>\n<p><strong>Moringa extract:<\/strong><br \/>\nMoringa is often used as a natural skin cleanser. It picks up impurities which are then easy to remove from the skin. It can form a light film on the skin and thus acts as an outer shield, protecting the skin from pollution that can lead to free radical formation and premature skin aging.<\/p>\n<p><strong>Vitamin C:<\/strong>Lipid-soluble antioxidant that protects the skin from free radicals<\/p>\n<p><strong>Ectoin:<\/strong><br \/>\nA natural substance that protects cell membranes. It also protects the skin from burning.<\/p>\n<p><strong>Cocoa Seed Extract:<\/strong><br \/>\nThis powerful extract protects the skin from the damaging effects of blue light, also prevents free radical damage and increases collagen production.<\/p>\n<p><a href=\"https:\/\/www.annabrandejs.sk\/slovnik-pojmov\/kyselina-hyaluronova-a2108\"><strong>Hyaluronic acid<\/strong><\/a><strong>:<\/strong><br \/>\nDue to its unique ability to bind and hold large amounts of water, more than a thousand times its own weight, hyaluronic acid can hydrate the often dry upper layers of the epidermis by attracting water from both the surrounding environment and the lower layers of the skin. The product contains hyaluronic acid with varying molecular weights, ensuring even hydration and a smoothed, de-puffed appearance.<\/p>\n<h2>Use every day<\/h2>\n<ul>\n<li>In the morning after cleansing, apply a small amount of ADVANCED DAY TOTAL PROTECT to the face, neck and d\u00e9collet\u00e9, avoiding application to the upper and lower eyelids. Spread with light upward strokes and allow the cream to absorb.<\/li>\n<li>The 50 ml pack lasts up to 50 applications.<\/li>\n<\/ul>\n","protected":false},"excerpt":{"rendered":"<h5 class=\"eshop-product-detail__subtitle\">Anti-ageing day moisturiser with SPF 30 and 5* UVA<\/h5>\n<div class=\"eshop-product-detail__perex\">\n<p>Do you need to hydrate your skin and reduce wrinkles at the same time? Would you like to protect your skin from the sun&#8217;s rays? This rich revitalizing day cream provides a comprehensive anti-ageing and moisturizing solution for mature and normal to dry skin. Plus, it contains SPF 30, so it protects your skin from UV rays.<\/p>\n<\/div>\n","protected":false},"featured_media":14397,"comment_status":"open","ping_status":"closed","template":"","meta":[],"product_brand":[],"product_cat":[207,187,184,74,201,186,180],"product_tag":[160,191],"class_list":{"0":"post-15025","1":"product","2":"type-product","3":"status-publish","4":"has-post-thumbnail","6":"product_cat-day","7":"product_cat-dry-skin","8":"product_cat-excessive-pigmentation","9":"product_cat-face-creams","10":"product_cat-medik8-en","11":"product_cat-normal-skin","12":"product_cat-sensitive-skin","13":"product_tag-medik8-en","14":"product_tag-protection","16":"first","17":"instock","18":"taxable","19":"shipping-taxable","20":"purchasable","21":"product-type-simple"},"yoast_head":"<!-- This site is optimized with the Yoast SEO Premium plugin v27.3 (Yoast SEO v27.3) - https:\/\/yoast.com\/product\/yoast-seo-premium-wordpress\/ -->\n<title>Medik 8 Advanced Day Total Protect SPF30 - ZK company<\/title>\n<meta name=\"description\" content=\"Revitalizing day cream providing a comprehensive anti-ageing and moisturizing solution for mature and normal to dry skin with SPF 30\" \/>\n<meta name=\"robots\" content=\"index, follow, max-snippet:-1, max-image-preview:large, max-video-preview:-1\" \/>\n<link rel=\"canonical\" href=\"https:\/\/zkeshop.sk\/en\/produkt\/medik-8-advanced-day-total-protect-spf30\/\" \/>\n<meta property=\"og:locale\" content=\"en_US\" \/>\n<meta property=\"og:type\" content=\"article\" \/>\n<meta property=\"og:title\" content=\"Medik 8 Advanced Day Total Protect SPF30\" \/>\n<meta property=\"og:description\" content=\"Revitalizing day cream providing a comprehensive anti-ageing and moisturizing solution for mature and normal to dry skin with SPF 30\" \/>\n<meta property=\"og:url\" content=\"https:\/\/zkeshop.sk\/en\/produkt\/medik-8-advanced-day-total-protect-spf30\/\" \/>\n<meta property=\"og:site_name\" content=\"ZK company\" \/>\n<meta property=\"article:modified_time\" content=\"2025-05-22T13:12:53+00:00\" \/>\n<meta property=\"og:image\" content=\"https:\/\/zkeshop.sk\/wp-content\/uploads\/2025\/01\/Copy-of-Advanced-Day-Total-Protect-B-1024x1024.png\" \/>\n\t<meta property=\"og:image:width\" content=\"1024\" \/>\n\t<meta property=\"og:image:height\" content=\"1024\" \/>\n\t<meta property=\"og:image:type\" content=\"image\/png\" \/>\n<meta name=\"twitter:card\" content=\"summary_large_image\" \/>\n<meta name=\"twitter:label1\" content=\"Price\" \/>\n\t<meta name=\"twitter:data1\" content=\"68,00&nbsp;&euro;\" \/>\n\t<meta name=\"twitter:label2\" content=\"Availability\" \/>\n\t<meta name=\"twitter:data2\" content=\"In stock\" \/>\n<script type=\"application\/ld+json\" class=\"yoast-schema-graph\">{\"@context\":\"https:\\\/\\\/schema.org\",\"@graph\":[{\"@type\":\"WebPage\",\"@id\":\"https:\\\/\\\/zkeshop.sk\\\/en\\\/produkt\\\/medik-8-advanced-day-total-protect-spf30\\\/\",\"url\":\"https:\\\/\\\/zkeshop.sk\\\/en\\\/produkt\\\/medik-8-advanced-day-total-protect-spf30\\\/\",\"name\":\"Medik 8 Advanced Day Total Protect SPF30 - ZK company\",\"isPartOf\":{\"@id\":\"https:\\\/\\\/zkeshop.sk\\\/#website\"},\"primaryImageOfPage\":{\"@id\":\"https:\\\/\\\/zkeshop.sk\\\/en\\\/produkt\\\/medik-8-advanced-day-total-protect-spf30\\\/#primaryimage\"},\"image\":{\"@id\":\"https:\\\/\\\/zkeshop.sk\\\/en\\\/produkt\\\/medik-8-advanced-day-total-protect-spf30\\\/#primaryimage\"},\"thumbnailUrl\":\"https:\\\/\\\/zkeshop.sk\\\/wp-content\\\/uploads\\\/2025\\\/01\\\/Copy-of-Advanced-Day-Total-Protect-B.png\",\"datePublished\":\"2025-02-18T09:18:04+00:00\",\"dateModified\":\"2025-05-22T13:12:53+00:00\",\"description\":\"Revitalizing day cream providing a comprehensive anti-ageing and moisturizing solution for mature and normal to dry skin with SPF 30\",\"breadcrumb\":{\"@id\":\"https:\\\/\\\/zkeshop.sk\\\/en\\\/produkt\\\/medik-8-advanced-day-total-protect-spf30\\\/#breadcrumb\"},\"inLanguage\":\"en-US\",\"potentialAction\":[{\"@type\":\"ReadAction\",\"target\":[\"https:\\\/\\\/zkeshop.sk\\\/en\\\/produkt\\\/medik-8-advanced-day-total-protect-spf30\\\/\"]}]},{\"@type\":\"ImageObject\",\"inLanguage\":\"en-US\",\"@id\":\"https:\\\/\\\/zkeshop.sk\\\/en\\\/produkt\\\/medik-8-advanced-day-total-protect-spf30\\\/#primaryimage\",\"url\":\"https:\\\/\\\/zkeshop.sk\\\/wp-content\\\/uploads\\\/2025\\\/01\\\/Copy-of-Advanced-Day-Total-Protect-B.png\",\"contentUrl\":\"https:\\\/\\\/zkeshop.sk\\\/wp-content\\\/uploads\\\/2025\\\/01\\\/Copy-of-Advanced-Day-Total-Protect-B.png\",\"width\":2000,\"height\":2000,\"caption\":\"Revitaliza\u010dn\u00fd denn\u00fd kr\u00e9m poskytuj\u00faci komplexn\u00e9 anti-ageing a hydrata\u010dn\u00e9 rie\u0161enie pre zrel\u00fa a norm\u00e1lnu a\u017e such\u00fa ple\u0165 s obsahuje SPF 30\"},{\"@type\":\"BreadcrumbList\",\"@id\":\"https:\\\/\\\/zkeshop.sk\\\/en\\\/produkt\\\/medik-8-advanced-day-total-protect-spf30\\\/#breadcrumb\",\"itemListElement\":[{\"@type\":\"ListItem\",\"position\":1,\"name\":\"Home\",\"item\":\"https:\\\/\\\/zkeshop.sk\\\/\"},{\"@type\":\"ListItem\",\"position\":2,\"name\":\"Shop\",\"item\":\"https:\\\/\\\/zkeshop.sk\\\/obchod\\\/\"},{\"@type\":\"ListItem\",\"position\":3,\"name\":\"Medik 8 Advanced Day Total Protect SPF30\"}]},{\"@type\":\"WebSite\",\"@id\":\"https:\\\/\\\/zkeshop.sk\\\/#website\",\"url\":\"https:\\\/\\\/zkeshop.sk\\\/\",\"name\":\"ZK company\",\"description\":\"Kvalitn\u00e1 kozmetika pre ka\u017edodenn\u00e9 pou\u017eitie\",\"potentialAction\":[{\"@type\":\"SearchAction\",\"target\":{\"@type\":\"EntryPoint\",\"urlTemplate\":\"https:\\\/\\\/zkeshop.sk\\\/?s={search_term_string}\"},\"query-input\":{\"@type\":\"PropertyValueSpecification\",\"valueRequired\":true,\"valueName\":\"search_term_string\"}}],\"inLanguage\":\"en-US\"}]}<\/script>\n<meta property=\"product:price:amount\" content=\"68.00\" \/>\n<meta property=\"product:price:currency\" content=\"EUR\" \/>\n<meta property=\"og:availability\" content=\"instock\" \/>\n<meta property=\"product:availability\" content=\"instock\" \/>\n<meta property=\"product:condition\" content=\"new\" \/>\n<!-- \/ Yoast SEO Premium plugin. -->","yoast_head_json":{"title":"Medik 8 Advanced Day Total Protect SPF30 - ZK company","description":"Revitalizing day cream providing a comprehensive anti-ageing and moisturizing solution for mature and normal to dry skin with SPF 30","robots":{"index":"index","follow":"follow","max-snippet":"max-snippet:-1","max-image-preview":"max-image-preview:large","max-video-preview":"max-video-preview:-1"},"canonical":"https:\/\/zkeshop.sk\/en\/produkt\/medik-8-advanced-day-total-protect-spf30\/","og_locale":"en_US","og_type":"article","og_title":"Medik 8 Advanced Day Total Protect SPF30","og_description":"Revitalizing day cream providing a comprehensive anti-ageing and moisturizing solution for mature and normal to dry skin with SPF 30","og_url":"https:\/\/zkeshop.sk\/en\/produkt\/medik-8-advanced-day-total-protect-spf30\/","og_site_name":"ZK company","article_modified_time":"2025-05-22T13:12:53+00:00","og_image":[{"width":1024,"height":1024,"url":"https:\/\/zkeshop.sk\/wp-content\/uploads\/2025\/01\/Copy-of-Advanced-Day-Total-Protect-B-1024x1024.png","type":"image\/png"}],"twitter_card":"summary_large_image","twitter_misc":{"Price":"68,00&nbsp;&euro;","Availability":"In stock"},"schema":{"@context":"https:\/\/schema.org","@graph":[{"@type":"WebPage","@id":"https:\/\/zkeshop.sk\/en\/produkt\/medik-8-advanced-day-total-protect-spf30\/","url":"https:\/\/zkeshop.sk\/en\/produkt\/medik-8-advanced-day-total-protect-spf30\/","name":"Medik 8 Advanced Day Total Protect SPF30 - ZK company","isPartOf":{"@id":"https:\/\/zkeshop.sk\/#website"},"primaryImageOfPage":{"@id":"https:\/\/zkeshop.sk\/en\/produkt\/medik-8-advanced-day-total-protect-spf30\/#primaryimage"},"image":{"@id":"https:\/\/zkeshop.sk\/en\/produkt\/medik-8-advanced-day-total-protect-spf30\/#primaryimage"},"thumbnailUrl":"https:\/\/zkeshop.sk\/wp-content\/uploads\/2025\/01\/Copy-of-Advanced-Day-Total-Protect-B.png","datePublished":"2025-02-18T09:18:04+00:00","dateModified":"2025-05-22T13:12:53+00:00","description":"Revitalizing day cream providing a comprehensive anti-ageing and moisturizing solution for mature and normal to dry skin with SPF 30","breadcrumb":{"@id":"https:\/\/zkeshop.sk\/en\/produkt\/medik-8-advanced-day-total-protect-spf30\/#breadcrumb"},"inLanguage":"en-US","potentialAction":[{"@type":"ReadAction","target":["https:\/\/zkeshop.sk\/en\/produkt\/medik-8-advanced-day-total-protect-spf30\/"]}]},{"@type":"ImageObject","inLanguage":"en-US","@id":"https:\/\/zkeshop.sk\/en\/produkt\/medik-8-advanced-day-total-protect-spf30\/#primaryimage","url":"https:\/\/zkeshop.sk\/wp-content\/uploads\/2025\/01\/Copy-of-Advanced-Day-Total-Protect-B.png","contentUrl":"https:\/\/zkeshop.sk\/wp-content\/uploads\/2025\/01\/Copy-of-Advanced-Day-Total-Protect-B.png","width":2000,"height":2000,"caption":"Revitaliza\u010dn\u00fd denn\u00fd kr\u00e9m poskytuj\u00faci komplexn\u00e9 anti-ageing a hydrata\u010dn\u00e9 rie\u0161enie pre zrel\u00fa a norm\u00e1lnu a\u017e such\u00fa ple\u0165 s obsahuje SPF 30"},{"@type":"BreadcrumbList","@id":"https:\/\/zkeshop.sk\/en\/produkt\/medik-8-advanced-day-total-protect-spf30\/#breadcrumb","itemListElement":[{"@type":"ListItem","position":1,"name":"Home","item":"https:\/\/zkeshop.sk\/"},{"@type":"ListItem","position":2,"name":"Shop","item":"https:\/\/zkeshop.sk\/obchod\/"},{"@type":"ListItem","position":3,"name":"Medik 8 Advanced Day Total Protect SPF30"}]},{"@type":"WebSite","@id":"https:\/\/zkeshop.sk\/#website","url":"https:\/\/zkeshop.sk\/","name":"ZK company","description":"Kvalitn\u00e1 kozmetika pre ka\u017edodenn\u00e9 pou\u017eitie","potentialAction":[{"@type":"SearchAction","target":{"@type":"EntryPoint","urlTemplate":"https:\/\/zkeshop.sk\/?s={search_term_string}"},"query-input":{"@type":"PropertyValueSpecification","valueRequired":true,"valueName":"search_term_string"}}],"inLanguage":"en-US"}]},"product_price_amount":"68.00","product_price_currency":"EUR","og_availability":"instock","product_availability":"instock","product_condition":"new"},"_links":{"self":[{"href":"https:\/\/zkeshop.sk\/en\/wp-json\/wp\/v2\/product\/15025","targetHints":{"allow":["GET"]}}],"collection":[{"href":"https:\/\/zkeshop.sk\/en\/wp-json\/wp\/v2\/product"}],"about":[{"href":"https:\/\/zkeshop.sk\/en\/wp-json\/wp\/v2\/types\/product"}],"replies":[{"embeddable":true,"href":"https:\/\/zkeshop.sk\/en\/wp-json\/wp\/v2\/comments?post=15025"}],"version-history":[{"count":0,"href":"https:\/\/zkeshop.sk\/en\/wp-json\/wp\/v2\/product\/15025\/revisions"}],"wp:featuredmedia":[{"embeddable":true,"href":"https:\/\/zkeshop.sk\/en\/wp-json\/wp\/v2\/media\/14397"}],"wp:attachment":[{"href":"https:\/\/zkeshop.sk\/en\/wp-json\/wp\/v2\/media?parent=15025"}],"wp:term":[{"taxonomy":"product_brand","embeddable":true,"href":"https:\/\/zkeshop.sk\/en\/wp-json\/wp\/v2\/product_brand?post=15025"},{"taxonomy":"product_cat","embeddable":true,"href":"https:\/\/zkeshop.sk\/en\/wp-json\/wp\/v2\/product_cat?post=15025"},{"taxonomy":"product_tag","embeddable":true,"href":"https:\/\/zkeshop.sk\/en\/wp-json\/wp\/v2\/product_tag?post=15025"}],"curies":[{"name":"wp","href":"https:\/\/api.w.org\/{rel}","templated":true}]}}