{"id":15027,"date":"2025-01-14T18:23:15","date_gmt":"2025-01-14T17:23:15","guid":{"rendered":"https:\/\/zkeshop.sk\/produkt\/medik-8-c-tetra-luxe\/"},"modified":"2025-06-19T13:55:36","modified_gmt":"2025-06-19T11:55:36","slug":"medik-8-c-tetra-luxe","status":"publish","type":"product","link":"https:\/\/zkeshop.sk\/en\/produkt\/medik-8-c-tetra-luxe\/","title":{"rendered":"Medik 8 C- Tetra Luxe"},"content":{"rendered":"<h5 class=\"eshop-product-detail__subtitle\"><img loading=\"lazy\" decoding=\"async\" class=\"size-medium wp-image-14533 alignright\" src=\"https:\/\/zkeshop.sk\/wp-content\/uploads\/2025\/01\/Copy-of-C-Tetra-Luxe-Lifestyle-300x300.jpg\" alt=\"\" width=\"300\" height=\"300\" srcset=\"https:\/\/zkeshop.sk\/wp-content\/uploads\/2025\/01\/Copy-of-C-Tetra-Luxe-Lifestyle-300x300.jpg 300w, https:\/\/zkeshop.sk\/wp-content\/uploads\/2025\/01\/Copy-of-C-Tetra-Luxe-Lifestyle-1024x1024.jpg 1024w, https:\/\/zkeshop.sk\/wp-content\/uploads\/2025\/01\/Copy-of-C-Tetra-Luxe-Lifestyle-150x150.jpg 150w, https:\/\/zkeshop.sk\/wp-content\/uploads\/2025\/01\/Copy-of-C-Tetra-Luxe-Lifestyle-768x768.jpg 768w, https:\/\/zkeshop.sk\/wp-content\/uploads\/2025\/01\/Copy-of-C-Tetra-Luxe-Lifestyle-1536x1536.jpg 1536w, https:\/\/zkeshop.sk\/wp-content\/uploads\/2025\/01\/Copy-of-C-Tetra-Luxe-Lifestyle-400x400.jpg 400w, https:\/\/zkeshop.sk\/wp-content\/uploads\/2025\/01\/Copy-of-C-Tetra-Luxe-Lifestyle-600x600.jpg 600w, https:\/\/zkeshop.sk\/wp-content\/uploads\/2025\/01\/Copy-of-C-Tetra-Luxe-Lifestyle-1200x1200.jpg 1200w, https:\/\/zkeshop.sk\/wp-content\/uploads\/2025\/01\/Copy-of-C-Tetra-Luxe-Lifestyle.jpg 2000w\" sizes=\"auto, (max-width: 300px) 100vw, 300px\" \/>Antioxidant serum containing lipid vitamin C<\/h5>\n<div class=\"eshop-product-detail__perex\">\n<p>C-TETRA serum in an even more effective version is C-TETRA LUXE. It slows down the skin ageing process, brightens and smoothes wrinkles, and has an even stronger preventive effect against hyperpigmentation. It contains a higher dose of vitamin C, along with other brightening and nourishing ingredients that are missing in the basic serum. Ideal for mature skin or as your next step in vitamin C skincare.<\/p>\n<h2>Intensive serum with vitamin C<\/h2>\n<p>C-TETRA LUXE Vitamin C Serum offers the skin what the basic C-TETRA Serum does, but also much more. Not only does it contain an even higher dose of <a href=\"https:\/\/www.annabrandejs.sk\/slovnik-pojmov\/vitamin-c-a2553\">vitamin C<\/a>, but also other active ingredients that maximise both its brightening effect and skin nourishment. You&#8217;ll even find luxurious gifts from the Amazon rainforest in the formula! It increases the density of mature skin, improves its texture and reduces the appearance of pigmentation. Because it promotes collagen synthesis in the skin, it smoothes wrinkles and fine lines and overall firms and renews the skin.<\/p>\n<h2>Twice as strong as C-TETRA<\/h2>\n<p>Serum C-TETRA LUXE contains twice the amount of vitamin C in the form of tetrahexyldecyl ascorbate. This makes it twice as effective both in stimulating <a href=\"https:\/\/www.annabrandejs.sk\/slovnik-pojmov\/kolagen-a1947\">collagen<\/a> production and in activities leading to skin brightening and reduction of <a href=\"https:\/\/www.annabrandejs.sk\/slovnik-pojmov\/hyperpigmentacia-a2071\">excessive pigmentation<\/a>. In addition, the serum contains red <a href=\"https:\/\/www.annabrandejs.sk\/slovnik-pojmov\/panax-ginseng-a2546\">ginseng<\/a> for skin brightening, squalane and <a href=\"https:\/\/www.annabrandejs.sk\/slovnik-pojmov\/marakujovy-olej-a2687\">passion fruit oil<\/a> for hydration and <a href=\"https:\/\/www.annabrandejs.sk\/slovnik-pojmov\/vitamin-f-a2686\">vitamin F<\/a> for skin nourishment.<\/p>\n<h2>Antioxidation of the skin<\/h2>\n<p>The main active ingredients 14% tetrahexyldecyl ascorbate (vitamin C) and natural <a href=\"https:\/\/www.annabrandejs.sk\/slovnik-pojmov\/vitamin-e-a2554\">vitamin E<\/a> are powerful antioxidants that protect the skin from both free radical and sun damage. Although the skin contains its own antioxidant system, it is often saturated with free radicals and the skin loses its protection. Damage to collagen, <a href=\"https:\/\/www.medaprex.sk\/slovnik-pojmov\/elastin-a2070\">elastin<\/a>, but also to skin cells and cellular DNA can occur. Vitamin C and vitamin E, however, act in synergy as &#8216;network antioxidants&#8217; that recharge each other, maximising the antioxidant protection of the skin, which is protected all day long.<\/p>\n<h5 class=\"eshop-product-detail__subtitle\"><img loading=\"lazy\" decoding=\"async\" class=\" wp-image-14539 alignright\" src=\"https:\/\/zkeshop.sk\/wp-content\/uploads\/2025\/01\/Copy-of-C-Tetra-Luxe-Usage-300x300.jpg\" alt=\"\" width=\"366\" height=\"366\" srcset=\"https:\/\/zkeshop.sk\/wp-content\/uploads\/2025\/01\/Copy-of-C-Tetra-Luxe-Usage-300x300.jpg 300w, https:\/\/zkeshop.sk\/wp-content\/uploads\/2025\/01\/Copy-of-C-Tetra-Luxe-Usage-1024x1024.jpg 1024w, https:\/\/zkeshop.sk\/wp-content\/uploads\/2025\/01\/Copy-of-C-Tetra-Luxe-Usage-150x150.jpg 150w, https:\/\/zkeshop.sk\/wp-content\/uploads\/2025\/01\/Copy-of-C-Tetra-Luxe-Usage-768x768.jpg 768w, https:\/\/zkeshop.sk\/wp-content\/uploads\/2025\/01\/Copy-of-C-Tetra-Luxe-Usage-1536x1536.jpg 1536w, https:\/\/zkeshop.sk\/wp-content\/uploads\/2025\/01\/Copy-of-C-Tetra-Luxe-Usage-400x400.jpg 400w, https:\/\/zkeshop.sk\/wp-content\/uploads\/2025\/01\/Copy-of-C-Tetra-Luxe-Usage-600x600.jpg 600w, https:\/\/zkeshop.sk\/wp-content\/uploads\/2025\/01\/Copy-of-C-Tetra-Luxe-Usage-1200x1200.jpg 1200w, https:\/\/zkeshop.sk\/wp-content\/uploads\/2025\/01\/Copy-of-C-Tetra-Luxe-Usage.jpg 2000w\" sizes=\"auto, (max-width: 366px) 100vw, 366px\" \/><\/h5>\n<p>&nbsp;<\/p>\n<h2>STOP premature skin ageing<\/h2>\n<ul>\n<li>Helps protect the skin from <a href=\"https:\/\/www.annabrandejs.sk\/slovnik-pojmov\/volne-radikaly-a1948\">free radicals<\/a>, which are the main cause of <a href=\"https:\/\/www.annabrandejs.sk\/slovnik-pojmov\/predcasne-starnutie-pleti-a2077\">premature skin aging<\/a><\/li>\n<li>Triggers natural collagen synthesis<\/li>\n<li>Minimizes the appearance of dark spots<\/li>\n<li>Visibly brightens skin tone<\/li>\n<li>It also improves skin texture and firmness<\/li>\n<li>Prevents and prevents signs of skin ageing<\/li>\n<\/ul>\n<h2>Dark spot brightener<\/h2>\n<p>In addition to vitamin C, C-TETRA LUXE also contains other active ingredients that brighten and colour-unify the skin. Red ginseng extract maximises the brightening effect of the serum and targets excessive pigmentation, <a href=\"https:\/\/www.annabrandejs.sk\/slovnik-pojmov\/starecke-skvrny-a2079\">age spots<\/a> and uneven skin tone.<\/p>\n<h2>Containing luxury oils<\/h2>\n<p>Vitamin F and squalane boost skin&#8217;s nourishment, while maracuja oil promotes hydration and gives C-TETRA LUXE serum a touch of luxury. It is naturally rich in vitamin E and <a href=\"https:\/\/www.annabrandejs.sk\/slovnik-pojmov\/kyselina-linolova-a2197\">linoleic acid<\/a>, thanks to which it promotes regenerative, rejuvenating and healing processes in the skin. It also restores the functioning of the skin&#8217;s mantle, which is key to maintaining hydration and health.<\/p>\n<h2>Contains highly effective vitamin C<\/h2>\n<ul>\n<li>The vitamin C contained is an ultra-fine, lipid-based derivative of vitamin C<\/li>\n<li>The recipe contains a very stable network of <a href=\"https:\/\/www.annabrandejs.sk\/slovnik-pojmov\/antioxidanty-a1905\">antioxidants<\/a><\/li>\n<li>Suitable for all skin types<\/li>\n<li>It is suitable for use in the eye area<\/li>\n<li>It is a non-greasy serum &#8211; it does not cause <a href=\"https:\/\/www.annabrandejs.sk\/slovnik-pojmov\/komedony-a2201\">comedones<\/a> (blackheads)<\/li>\n<li>Ensures high <a href=\"https:\/\/www.annabrandejs.sk\/slovnik-pojmov\/epidermis-a2034\">epidermal<\/a> penetration<\/li>\n<\/ul>\n<h2>Contains 3 vitamins<\/h2>\n<p><strong>Vitamin C (Tetrahexyldecyl ascorbate):<\/strong><br \/>\nA fat-soluble form of vitamin C that easily penetrates into the deeper layers of the skin, where it stimulates fibroblast cells to produce collagen. A powerful antioxidant that neutralizes free radicals produced by <a href=\"https:\/\/www.annabrandejs.sk\/slovnik-pojmov\/ultrafialove-ziarenie-uv-a2075\">UV rays<\/a> and fights the signs of premature skin aging. It also reduces excessive pigmentation.<\/p>\n<p><strong>Vitamin E:<\/strong><br \/>\nA powerful antioxidant that neutralizes free radicals. An effective anti-ageing and moisturizing agent.<\/p>\n<p><strong>Vitamin F:<\/strong><br \/>\nVitamin F is also known as linoleic acid or ethyl linoleic acid and is one of the <a href=\"https:\/\/www.annabrandejs.sk\/slovnik-pojmov\/omega6-nenasytene-mastne-kyseliny-a2516\">omega-6 fatty acids<\/a>. It deeply nourishes and moisturizes the skin.<\/p>\n<h2>Loaded with unique substances<\/h2>\n<p><strong>Maracuja oil:<\/strong><br \/>\nThanks to its natural content of fatty acids and other nutrients, it nourishes and cares for the skin, which it also provides with antioxidant protection.<\/p>\n<p><strong>Red Ginseng Extract:<\/strong><br \/>\nA natural extract extracted from the root of red ginseng enhances the brightening effect of the serum and stimulates collagen production.<\/p>\n<p><strong>Squalane:<\/strong><br \/>\nA naturally moisturizing ingredient that helps restore the skin&#8217;s protective barrier and deeply hydrates the skin.<\/p>\n<h2>Use in the morning against wrinkles<\/h2>\n<ul>\n<li>In the morning, after cleansing, apply 3-4 drops directly to the skin and spread evenly over the entire face, neck and d\u00e9collet\u00e9. Allow to absorb for 2-3 minutes.<\/li>\n<li>If you use C-TETRA LUXE during the day, be sure to apply a moisturizer with SPF protection or sunscreen after each application.<\/li>\n<li>The content of the package is 30 ml of serum.<\/li>\n<\/ul>\n<\/div>\n","protected":false},"excerpt":{"rendered":"<p>C-TETRA serum in an even more effective version is C-TETRA LUXE. It slows down the skin ageing process, brightens and smoothes wrinkles, and has an even stronger preventive effect against hyperpigmentation. It contains a higher dose of vitamin C, along with other brightening and nourishing ingredients that are missing in the basic serum. Ideal for mature skin or as your next step in vitamin C skincare.<\/p>\n","protected":false},"featured_media":14532,"comment_status":"open","ping_status":"closed","template":"","meta":[],"product_brand":[],"product_cat":[207,187,184,74,201,186,180],"product_tag":[169,160],"class_list":{"0":"post-15027","1":"product","2":"type-product","3":"status-publish","4":"has-post-thumbnail","6":"product_cat-day","7":"product_cat-dry-skin","8":"product_cat-excessive-pigmentation","9":"product_cat-face-creams","10":"product_cat-medik8-en","11":"product_cat-normal-skin","12":"product_cat-sensitive-skin","13":"product_tag-20-en","14":"product_tag-medik8-en","16":"first","17":"instock","18":"taxable","19":"shipping-taxable","20":"purchasable","21":"product-type-simple"},"yoast_head":"<!-- This site is optimized with the Yoast SEO Premium plugin v27.3 (Yoast SEO v27.3) - https:\/\/yoast.com\/product\/yoast-seo-premium-wordpress\/ -->\n<title>Medik 8 C- Tetra Luxe - ZK company<\/title>\n<meta name=\"description\" content=\"A more effective version of the C-TETRA LUXE serum slows the aging process, brightens, smooths wrinkles, and has a stronger preventive effect against hyperpigmentation\" \/>\n<meta name=\"robots\" content=\"index, follow, max-snippet:-1, max-image-preview:large, max-video-preview:-1\" \/>\n<link rel=\"canonical\" href=\"https:\/\/zkeshop.sk\/en\/produkt\/medik-8-c-tetra-luxe\/\" \/>\n<meta property=\"og:locale\" content=\"en_US\" \/>\n<meta property=\"og:type\" content=\"article\" \/>\n<meta property=\"og:title\" content=\"Medik 8 C- Tetra Luxe\" \/>\n<meta property=\"og:description\" content=\"A more effective version of the C-TETRA LUXE serum slows the aging process, brightens, smooths wrinkles, and has a stronger preventive effect against hyperpigmentation\" \/>\n<meta property=\"og:url\" content=\"https:\/\/zkeshop.sk\/en\/produkt\/medik-8-c-tetra-luxe\/\" \/>\n<meta property=\"og:site_name\" content=\"ZK company\" \/>\n<meta property=\"article:modified_time\" content=\"2025-06-19T11:55:36+00:00\" \/>\n<meta property=\"og:image\" content=\"https:\/\/zkeshop.sk\/wp-content\/uploads\/2025\/01\/Copy-of-C-Tetra-Luxe-B-1024x1024.png\" \/>\n\t<meta property=\"og:image:width\" content=\"1024\" \/>\n\t<meta property=\"og:image:height\" content=\"1024\" \/>\n\t<meta property=\"og:image:type\" content=\"image\/png\" \/>\n<meta name=\"twitter:card\" content=\"summary_large_image\" \/>\n<meta name=\"twitter:label1\" content=\"Price\" \/>\n\t<meta name=\"twitter:data1\" content=\"72,00&nbsp;&euro;\" \/>\n\t<meta name=\"twitter:label2\" content=\"Availability\" \/>\n\t<meta name=\"twitter:data2\" content=\"In stock\" \/>\n<script type=\"application\/ld+json\" class=\"yoast-schema-graph\">{\"@context\":\"https:\\\/\\\/schema.org\",\"@graph\":[{\"@type\":\"WebPage\",\"@id\":\"https:\\\/\\\/zkeshop.sk\\\/en\\\/produkt\\\/medik-8-c-tetra-luxe\\\/\",\"url\":\"https:\\\/\\\/zkeshop.sk\\\/en\\\/produkt\\\/medik-8-c-tetra-luxe\\\/\",\"name\":\"Medik 8 C- Tetra Luxe - ZK company\",\"isPartOf\":{\"@id\":\"https:\\\/\\\/zkeshop.sk\\\/#website\"},\"primaryImageOfPage\":{\"@id\":\"https:\\\/\\\/zkeshop.sk\\\/en\\\/produkt\\\/medik-8-c-tetra-luxe\\\/#primaryimage\"},\"image\":{\"@id\":\"https:\\\/\\\/zkeshop.sk\\\/en\\\/produkt\\\/medik-8-c-tetra-luxe\\\/#primaryimage\"},\"thumbnailUrl\":\"https:\\\/\\\/zkeshop.sk\\\/wp-content\\\/uploads\\\/2025\\\/01\\\/Copy-of-C-Tetra-Luxe-B.png\",\"datePublished\":\"2025-01-14T17:23:15+00:00\",\"dateModified\":\"2025-06-19T11:55:36+00:00\",\"description\":\"A more effective version of the C-TETRA LUXE serum slows the aging process, brightens, smooths wrinkles, and has a stronger preventive effect against hyperpigmentation\",\"breadcrumb\":{\"@id\":\"https:\\\/\\\/zkeshop.sk\\\/en\\\/produkt\\\/medik-8-c-tetra-luxe\\\/#breadcrumb\"},\"inLanguage\":\"en-US\",\"potentialAction\":[{\"@type\":\"ReadAction\",\"target\":[\"https:\\\/\\\/zkeshop.sk\\\/en\\\/produkt\\\/medik-8-c-tetra-luxe\\\/\"]}]},{\"@type\":\"ImageObject\",\"inLanguage\":\"en-US\",\"@id\":\"https:\\\/\\\/zkeshop.sk\\\/en\\\/produkt\\\/medik-8-c-tetra-luxe\\\/#primaryimage\",\"url\":\"https:\\\/\\\/zkeshop.sk\\\/wp-content\\\/uploads\\\/2025\\\/01\\\/Copy-of-C-Tetra-Luxe-B.png\",\"contentUrl\":\"https:\\\/\\\/zkeshop.sk\\\/wp-content\\\/uploads\\\/2025\\\/01\\\/Copy-of-C-Tetra-Luxe-B.png\",\"width\":2000,\"height\":2000,\"caption\":\"\u00da\u010dinnej\u0161ia verzia s\u00e9ra C-TETRA LUXE spoma\u013euje proces starnutia, rozjas\u0148uje, vyhladzuje vr\u00e1sky, a silnej\u0161ie p\u00f4sob\u00ed prevent\u00edvne proti hyperpigment\u00e1cii\"},{\"@type\":\"BreadcrumbList\",\"@id\":\"https:\\\/\\\/zkeshop.sk\\\/en\\\/produkt\\\/medik-8-c-tetra-luxe\\\/#breadcrumb\",\"itemListElement\":[{\"@type\":\"ListItem\",\"position\":1,\"name\":\"Home\",\"item\":\"https:\\\/\\\/zkeshop.sk\\\/\"},{\"@type\":\"ListItem\",\"position\":2,\"name\":\"Shop\",\"item\":\"https:\\\/\\\/zkeshop.sk\\\/obchod\\\/\"},{\"@type\":\"ListItem\",\"position\":3,\"name\":\"Medik 8 C- Tetra Luxe\"}]},{\"@type\":\"WebSite\",\"@id\":\"https:\\\/\\\/zkeshop.sk\\\/#website\",\"url\":\"https:\\\/\\\/zkeshop.sk\\\/\",\"name\":\"ZK company\",\"description\":\"Kvalitn\u00e1 kozmetika pre ka\u017edodenn\u00e9 pou\u017eitie\",\"potentialAction\":[{\"@type\":\"SearchAction\",\"target\":{\"@type\":\"EntryPoint\",\"urlTemplate\":\"https:\\\/\\\/zkeshop.sk\\\/?s={search_term_string}\"},\"query-input\":{\"@type\":\"PropertyValueSpecification\",\"valueRequired\":true,\"valueName\":\"search_term_string\"}}],\"inLanguage\":\"en-US\"}]}<\/script>\n<meta property=\"product:price:amount\" content=\"72.00\" \/>\n<meta property=\"product:price:currency\" content=\"EUR\" \/>\n<meta property=\"og:availability\" content=\"instock\" \/>\n<meta property=\"product:availability\" content=\"instock\" \/>\n<meta property=\"product:condition\" content=\"new\" \/>\n<!-- \/ Yoast SEO Premium plugin. -->","yoast_head_json":{"title":"Medik 8 C- Tetra Luxe - ZK company","description":"A more effective version of the C-TETRA LUXE serum slows the aging process, brightens, smooths wrinkles, and has a stronger preventive effect against hyperpigmentation","robots":{"index":"index","follow":"follow","max-snippet":"max-snippet:-1","max-image-preview":"max-image-preview:large","max-video-preview":"max-video-preview:-1"},"canonical":"https:\/\/zkeshop.sk\/en\/produkt\/medik-8-c-tetra-luxe\/","og_locale":"en_US","og_type":"article","og_title":"Medik 8 C- Tetra Luxe","og_description":"A more effective version of the C-TETRA LUXE serum slows the aging process, brightens, smooths wrinkles, and has a stronger preventive effect against hyperpigmentation","og_url":"https:\/\/zkeshop.sk\/en\/produkt\/medik-8-c-tetra-luxe\/","og_site_name":"ZK company","article_modified_time":"2025-06-19T11:55:36+00:00","og_image":[{"width":1024,"height":1024,"url":"https:\/\/zkeshop.sk\/wp-content\/uploads\/2025\/01\/Copy-of-C-Tetra-Luxe-B-1024x1024.png","type":"image\/png"}],"twitter_card":"summary_large_image","twitter_misc":{"Price":"72,00&nbsp;&euro;","Availability":"In stock"},"schema":{"@context":"https:\/\/schema.org","@graph":[{"@type":"WebPage","@id":"https:\/\/zkeshop.sk\/en\/produkt\/medik-8-c-tetra-luxe\/","url":"https:\/\/zkeshop.sk\/en\/produkt\/medik-8-c-tetra-luxe\/","name":"Medik 8 C- Tetra Luxe - ZK company","isPartOf":{"@id":"https:\/\/zkeshop.sk\/#website"},"primaryImageOfPage":{"@id":"https:\/\/zkeshop.sk\/en\/produkt\/medik-8-c-tetra-luxe\/#primaryimage"},"image":{"@id":"https:\/\/zkeshop.sk\/en\/produkt\/medik-8-c-tetra-luxe\/#primaryimage"},"thumbnailUrl":"https:\/\/zkeshop.sk\/wp-content\/uploads\/2025\/01\/Copy-of-C-Tetra-Luxe-B.png","datePublished":"2025-01-14T17:23:15+00:00","dateModified":"2025-06-19T11:55:36+00:00","description":"A more effective version of the C-TETRA LUXE serum slows the aging process, brightens, smooths wrinkles, and has a stronger preventive effect against hyperpigmentation","breadcrumb":{"@id":"https:\/\/zkeshop.sk\/en\/produkt\/medik-8-c-tetra-luxe\/#breadcrumb"},"inLanguage":"en-US","potentialAction":[{"@type":"ReadAction","target":["https:\/\/zkeshop.sk\/en\/produkt\/medik-8-c-tetra-luxe\/"]}]},{"@type":"ImageObject","inLanguage":"en-US","@id":"https:\/\/zkeshop.sk\/en\/produkt\/medik-8-c-tetra-luxe\/#primaryimage","url":"https:\/\/zkeshop.sk\/wp-content\/uploads\/2025\/01\/Copy-of-C-Tetra-Luxe-B.png","contentUrl":"https:\/\/zkeshop.sk\/wp-content\/uploads\/2025\/01\/Copy-of-C-Tetra-Luxe-B.png","width":2000,"height":2000,"caption":"\u00da\u010dinnej\u0161ia verzia s\u00e9ra C-TETRA LUXE spoma\u013euje proces starnutia, rozjas\u0148uje, vyhladzuje vr\u00e1sky, a silnej\u0161ie p\u00f4sob\u00ed prevent\u00edvne proti hyperpigment\u00e1cii"},{"@type":"BreadcrumbList","@id":"https:\/\/zkeshop.sk\/en\/produkt\/medik-8-c-tetra-luxe\/#breadcrumb","itemListElement":[{"@type":"ListItem","position":1,"name":"Home","item":"https:\/\/zkeshop.sk\/"},{"@type":"ListItem","position":2,"name":"Shop","item":"https:\/\/zkeshop.sk\/obchod\/"},{"@type":"ListItem","position":3,"name":"Medik 8 C- Tetra Luxe"}]},{"@type":"WebSite","@id":"https:\/\/zkeshop.sk\/#website","url":"https:\/\/zkeshop.sk\/","name":"ZK company","description":"Kvalitn\u00e1 kozmetika pre ka\u017edodenn\u00e9 pou\u017eitie","potentialAction":[{"@type":"SearchAction","target":{"@type":"EntryPoint","urlTemplate":"https:\/\/zkeshop.sk\/?s={search_term_string}"},"query-input":{"@type":"PropertyValueSpecification","valueRequired":true,"valueName":"search_term_string"}}],"inLanguage":"en-US"}]},"product_price_amount":"72.00","product_price_currency":"EUR","og_availability":"instock","product_availability":"instock","product_condition":"new"},"_links":{"self":[{"href":"https:\/\/zkeshop.sk\/en\/wp-json\/wp\/v2\/product\/15027","targetHints":{"allow":["GET"]}}],"collection":[{"href":"https:\/\/zkeshop.sk\/en\/wp-json\/wp\/v2\/product"}],"about":[{"href":"https:\/\/zkeshop.sk\/en\/wp-json\/wp\/v2\/types\/product"}],"replies":[{"embeddable":true,"href":"https:\/\/zkeshop.sk\/en\/wp-json\/wp\/v2\/comments?post=15027"}],"version-history":[{"count":0,"href":"https:\/\/zkeshop.sk\/en\/wp-json\/wp\/v2\/product\/15027\/revisions"}],"wp:featuredmedia":[{"embeddable":true,"href":"https:\/\/zkeshop.sk\/en\/wp-json\/wp\/v2\/media\/14532"}],"wp:attachment":[{"href":"https:\/\/zkeshop.sk\/en\/wp-json\/wp\/v2\/media?parent=15027"}],"wp:term":[{"taxonomy":"product_brand","embeddable":true,"href":"https:\/\/zkeshop.sk\/en\/wp-json\/wp\/v2\/product_brand?post=15027"},{"taxonomy":"product_cat","embeddable":true,"href":"https:\/\/zkeshop.sk\/en\/wp-json\/wp\/v2\/product_cat?post=15027"},{"taxonomy":"product_tag","embeddable":true,"href":"https:\/\/zkeshop.sk\/en\/wp-json\/wp\/v2\/product_tag?post=15027"}],"curies":[{"name":"wp","href":"https:\/\/api.w.org\/{rel}","templated":true}]}}