{"id":15031,"date":"2025-01-14T18:23:10","date_gmt":"2025-01-14T17:23:10","guid":{"rendered":"https:\/\/zkeshop.sk\/produkt\/medik-8-daily-radiance-vitamin-c\/"},"modified":"2025-05-06T13:29:20","modified_gmt":"2025-05-06T11:29:20","slug":"medik-8-daily-radiance-vitamin-c","status":"publish","type":"product","link":"https:\/\/zkeshop.sk\/en\/produkt\/medik-8-daily-radiance-vitamin-c\/","title":{"rendered":"Medik 8 Daily Radiance Vitamin C"},"content":{"rendered":"<h5 class=\"eshop-product-detail__subtitle\">Antioxidant cream with vitamin C and SPF 30<\/h5>\n<div class=\"eshop-product-detail__perex\">\n<p>Daily moisturizer with vitamin C DAILY RADIANCE VITAMIN C, in addition to antioxidation, also provides protection against UV rays provided by SPF 30. It reduces wrinkles, excessive pigmentation and firms the skin, which it brightens and refreshes. Thanks to hyaluronic acid, it also moisturises pleasantly. Energise your skin first thing in the morning!<\/p>\n<h2>Just one step<\/h2>\n<p>Until recently, if you wanted to give your skin vitamin C and protect it from the sun&#8217;s rays, you had to apply two products &#8211; a vitamin C serum and a sunscreen on top of it. But now, thanks to DAILY RADIANCE VITAMIN C Vitamin Cream, you can combine these two steps. It&#8217;s the only moisturiser with SPF from Medik8 that also contains hyaluronic acid.<\/p>\n<h2>Simplifying the CSA philosophy<\/h2>\n<p>DAILY RADIANCE VITAMIN C is ideal as part of CSA&#8217;s anti-wrinkle philosophy that combines vitamin C, sun protection in the form of SPF and vitamin A. DAILY RADIANCE VITAMIN C provides antioxidation with vitamin C and SPF, your morning care as part of your CSA.<\/p>\n<h2>Protection of the skin from external influences<\/h2>\n<p>Daily exposure to the environment as well as UV rays can damage the skin and cause premature ageing. DAILY RADIANCE VITAMIN C, however, prevents this damage. A complex of UV filters provides the skin with broad-spectrum protection.<\/p>\n<h2>Against premature skin ageing<img loading=\"lazy\" decoding=\"async\" class=\" wp-image-14524 alignright\" src=\"https:\/\/zkeshop.sk\/wp-content\/uploads\/2025\/01\/Copy-of-Daily-Radiance-Vitamin-C-Usage-300x300.jpg\" alt=\"\" width=\"384\" height=\"384\" srcset=\"https:\/\/zkeshop.sk\/wp-content\/uploads\/2025\/01\/Copy-of-Daily-Radiance-Vitamin-C-Usage-300x300.jpg 300w, https:\/\/zkeshop.sk\/wp-content\/uploads\/2025\/01\/Copy-of-Daily-Radiance-Vitamin-C-Usage-1024x1024.jpg 1024w, https:\/\/zkeshop.sk\/wp-content\/uploads\/2025\/01\/Copy-of-Daily-Radiance-Vitamin-C-Usage-150x150.jpg 150w, https:\/\/zkeshop.sk\/wp-content\/uploads\/2025\/01\/Copy-of-Daily-Radiance-Vitamin-C-Usage-768x768.jpg 768w, https:\/\/zkeshop.sk\/wp-content\/uploads\/2025\/01\/Copy-of-Daily-Radiance-Vitamin-C-Usage-1536x1536.jpg 1536w, https:\/\/zkeshop.sk\/wp-content\/uploads\/2025\/01\/Copy-of-Daily-Radiance-Vitamin-C-Usage-400x400.jpg 400w, https:\/\/zkeshop.sk\/wp-content\/uploads\/2025\/01\/Copy-of-Daily-Radiance-Vitamin-C-Usage-600x600.jpg 600w, https:\/\/zkeshop.sk\/wp-content\/uploads\/2025\/01\/Copy-of-Daily-Radiance-Vitamin-C-Usage-1200x1200.jpg 1200w, https:\/\/zkeshop.sk\/wp-content\/uploads\/2025\/01\/Copy-of-Daily-Radiance-Vitamin-C-Usage.jpg 2000w\" sizes=\"auto, (max-width: 384px) 100vw, 384px\" \/><\/h2>\n<ul>\n<li>Moisturises, smoothes and softens the skin<\/li>\n<li>Stimulates <a href=\"https:\/\/zkeshop.sk\/?s=kolagen&amp;post_type=product\">collagen<\/a> production<\/li>\n<li>Brightens and unifies skin tone<\/li>\n<li>Protects the skin from free radicals<\/li>\n<li>Protects against both UVA and UVB rays<\/li>\n<\/ul>\n<h2>Your skin will glow<\/h2>\n<p>Smoothes existing fine lines and wrinkles by stimulating collagen production. The hyaluronic acid and glycerin contained in it attract moisture to the skin and lock it in. The result is a brightened and unified complexion, protected from visible signs of aging and sun damage.<\/p>\n<h2>Antioxidant cream with SPF 30<\/h2>\n<ul>\n<li>Lightweight cashmere texture<\/li>\n<li>SPF protection without unpleasant sticky feeling<\/li>\n<li>Citrus scent stimulates the senses and the skin<\/li>\n<li>Suitable for even the most sensitive skin types<\/li>\n<\/ul>\n<h2>Vitamins, hydration and UV protection<\/h2>\n<p><strong>Tetrahexyldecyl ascorbate:<\/strong><br \/>\nLipid form of vitamin C, a powerful antioxidant that stimulates collagen production.<\/p>\n<p><strong>Vitamin E:<\/strong><br \/>\nProtects the skin from free radicals and together with vitamin C recharges each other for maximum antioxidant synergy.<\/p>\n<p><strong>Hyaluronic acid:<\/strong><br \/>\nIt creates a so-called hydration barrier, helping to smooth and soften the skin. It can hold up to a thousand times its weight in water. This leaves the skin plumped, hydrated and softened.<\/p>\n<p><strong>UV Filter Complex (SPF 30):<\/strong><br \/>\nThis sunscreen complex acts as a safe and best shield against premature aging caused by sunlight.<\/p>\n<h2>Use in the morning for antioxidation and protection<\/h2>\n<p>In the morning after cleansing, apply to the face, neck and d\u00e9collet\u00e9 and gently rub in. Your skin will be protected against damage from external influences and free radicals. For maximum skin rejuvenation, include a serum or cream with vitamin A in your evening skincare routine.<\/p>\n<\/div>\n","protected":false},"excerpt":{"rendered":"<p>Daily moisturizer with vitamin C DAILY RADIANCE VITAMIN C, in addition to antioxidation, also provides protection against UV rays provided by SPF 30. It reduces wrinkles, excessive pigmentation and firms the skin, which it brightens and refreshes. Thanks to hyaluronic acid, it also moisturises pleasantly. Energise your skin first thing in the morning!<\/p>\n","protected":false},"featured_media":14514,"comment_status":"open","ping_status":"closed","template":"","meta":[],"product_brand":[],"product_cat":[207,187,184,74,201,186,182,180],"product_tag":[160],"class_list":{"0":"post-15031","1":"product","2":"type-product","3":"status-publish","4":"has-post-thumbnail","6":"product_cat-day","7":"product_cat-dry-skin","8":"product_cat-excessive-pigmentation","9":"product_cat-face-creams","10":"product_cat-medik8-en","11":"product_cat-normal-skin","12":"product_cat-oily-skin","13":"product_cat-sensitive-skin","14":"product_tag-medik8-en","16":"first","17":"instock","18":"taxable","19":"shipping-taxable","20":"purchasable","21":"product-type-simple"},"yoast_head":"<!-- This site is optimized with the Yoast SEO Premium plugin v27.3 (Yoast SEO v27.3) - https:\/\/yoast.com\/product\/yoast-seo-premium-wordpress\/ -->\n<title>Medik 8 Daily Radiance Vitamin C - ZK company<\/title>\n<meta name=\"description\" content=\"Daily moisturizer with vitamin C DAILY RADIANCE VITAMIN C, in addition to antioxidation, also provides protection against UV rays provided by SPF 30.\" \/>\n<meta name=\"robots\" content=\"index, follow, max-snippet:-1, max-image-preview:large, max-video-preview:-1\" \/>\n<link rel=\"canonical\" href=\"https:\/\/zkeshop.sk\/en\/produkt\/medik-8-daily-radiance-vitamin-c\/\" \/>\n<meta property=\"og:locale\" content=\"en_US\" \/>\n<meta property=\"og:type\" content=\"article\" \/>\n<meta property=\"og:title\" content=\"Medik 8 Daily Radiance Vitamin C\" \/>\n<meta property=\"og:description\" content=\"Daily moisturizer with vitamin C DAILY RADIANCE VITAMIN C, in addition to antioxidation, also provides protection against UV rays provided by SPF 30.\" \/>\n<meta property=\"og:url\" content=\"https:\/\/zkeshop.sk\/en\/produkt\/medik-8-daily-radiance-vitamin-c\/\" \/>\n<meta property=\"og:site_name\" content=\"ZK company\" \/>\n<meta property=\"article:modified_time\" content=\"2025-05-06T11:29:20+00:00\" \/>\n<meta property=\"og:image\" content=\"https:\/\/zkeshop.sk\/wp-content\/uploads\/2025\/01\/Copy-of-Daily-Radiance-Vitamin-C-B.png\" \/>\n\t<meta property=\"og:image:width\" content=\"2000\" \/>\n\t<meta property=\"og:image:height\" content=\"2000\" \/>\n\t<meta property=\"og:image:type\" content=\"image\/png\" \/>\n<meta name=\"twitter:card\" content=\"summary_large_image\" \/>\n<meta name=\"twitter:label1\" content=\"Price\" \/>\n\t<meta name=\"twitter:data1\" content=\"69,00&nbsp;&euro;\" \/>\n\t<meta name=\"twitter:label2\" content=\"Availability\" \/>\n\t<meta name=\"twitter:data2\" content=\"In stock\" \/>\n<script type=\"application\/ld+json\" class=\"yoast-schema-graph\">{\"@context\":\"https:\\\/\\\/schema.org\",\"@graph\":[{\"@type\":\"WebPage\",\"@id\":\"https:\\\/\\\/zkeshop.sk\\\/en\\\/produkt\\\/medik-8-daily-radiance-vitamin-c\\\/\",\"url\":\"https:\\\/\\\/zkeshop.sk\\\/en\\\/produkt\\\/medik-8-daily-radiance-vitamin-c\\\/\",\"name\":\"Medik 8 Daily Radiance Vitamin C - ZK company\",\"isPartOf\":{\"@id\":\"https:\\\/\\\/zkeshop.sk\\\/#website\"},\"primaryImageOfPage\":{\"@id\":\"https:\\\/\\\/zkeshop.sk\\\/en\\\/produkt\\\/medik-8-daily-radiance-vitamin-c\\\/#primaryimage\"},\"image\":{\"@id\":\"https:\\\/\\\/zkeshop.sk\\\/en\\\/produkt\\\/medik-8-daily-radiance-vitamin-c\\\/#primaryimage\"},\"thumbnailUrl\":\"https:\\\/\\\/zkeshop.sk\\\/wp-content\\\/uploads\\\/2025\\\/01\\\/Copy-of-Daily-Radiance-Vitamin-C-B.png\",\"datePublished\":\"2025-01-14T17:23:10+00:00\",\"dateModified\":\"2025-05-06T11:29:20+00:00\",\"description\":\"Daily moisturizer with vitamin C DAILY RADIANCE VITAMIN C, in addition to antioxidation, also provides protection against UV rays provided by SPF 30.\",\"breadcrumb\":{\"@id\":\"https:\\\/\\\/zkeshop.sk\\\/en\\\/produkt\\\/medik-8-daily-radiance-vitamin-c\\\/#breadcrumb\"},\"inLanguage\":\"en-US\",\"potentialAction\":[{\"@type\":\"ReadAction\",\"target\":[\"https:\\\/\\\/zkeshop.sk\\\/en\\\/produkt\\\/medik-8-daily-radiance-vitamin-c\\\/\"]}]},{\"@type\":\"ImageObject\",\"inLanguage\":\"en-US\",\"@id\":\"https:\\\/\\\/zkeshop.sk\\\/en\\\/produkt\\\/medik-8-daily-radiance-vitamin-c\\\/#primaryimage\",\"url\":\"https:\\\/\\\/zkeshop.sk\\\/wp-content\\\/uploads\\\/2025\\\/01\\\/Copy-of-Daily-Radiance-Vitamin-C-B.png\",\"contentUrl\":\"https:\\\/\\\/zkeshop.sk\\\/wp-content\\\/uploads\\\/2025\\\/01\\\/Copy-of-Daily-Radiance-Vitamin-C-B.png\",\"width\":2000,\"height\":2000,\"caption\":\"Denn\u00fd hydrata\u010dn\u00fd kr\u00e9m s vitam\u00ednom C DAILY RADIANCE VITAMIN C sa popri antioxid\u00e1cii postar\u00e1 aj o ochranu pred UV \u017eiaren\u00edm, ktor\u00e9 zais\u0165uje SPF 30.\"},{\"@type\":\"BreadcrumbList\",\"@id\":\"https:\\\/\\\/zkeshop.sk\\\/en\\\/produkt\\\/medik-8-daily-radiance-vitamin-c\\\/#breadcrumb\",\"itemListElement\":[{\"@type\":\"ListItem\",\"position\":1,\"name\":\"Home\",\"item\":\"https:\\\/\\\/zkeshop.sk\\\/\"},{\"@type\":\"ListItem\",\"position\":2,\"name\":\"Shop\",\"item\":\"https:\\\/\\\/zkeshop.sk\\\/obchod\\\/\"},{\"@type\":\"ListItem\",\"position\":3,\"name\":\"Medik 8 Daily Radiance Vitamin C\"}]},{\"@type\":\"WebSite\",\"@id\":\"https:\\\/\\\/zkeshop.sk\\\/#website\",\"url\":\"https:\\\/\\\/zkeshop.sk\\\/\",\"name\":\"ZK company\",\"description\":\"Kvalitn\u00e1 kozmetika pre ka\u017edodenn\u00e9 pou\u017eitie\",\"potentialAction\":[{\"@type\":\"SearchAction\",\"target\":{\"@type\":\"EntryPoint\",\"urlTemplate\":\"https:\\\/\\\/zkeshop.sk\\\/?s={search_term_string}\"},\"query-input\":{\"@type\":\"PropertyValueSpecification\",\"valueRequired\":true,\"valueName\":\"search_term_string\"}}],\"inLanguage\":\"en-US\"}]}<\/script>\n<meta property=\"product:price:amount\" content=\"69.00\" \/>\n<meta property=\"product:price:currency\" content=\"EUR\" \/>\n<meta property=\"og:availability\" content=\"instock\" \/>\n<meta property=\"product:availability\" content=\"instock\" \/>\n<meta property=\"product:condition\" content=\"new\" \/>\n<!-- \/ Yoast SEO Premium plugin. -->","yoast_head_json":{"title":"Medik 8 Daily Radiance Vitamin C - ZK company","description":"Daily moisturizer with vitamin C DAILY RADIANCE VITAMIN C, in addition to antioxidation, also provides protection against UV rays provided by SPF 30.","robots":{"index":"index","follow":"follow","max-snippet":"max-snippet:-1","max-image-preview":"max-image-preview:large","max-video-preview":"max-video-preview:-1"},"canonical":"https:\/\/zkeshop.sk\/en\/produkt\/medik-8-daily-radiance-vitamin-c\/","og_locale":"en_US","og_type":"article","og_title":"Medik 8 Daily Radiance Vitamin C","og_description":"Daily moisturizer with vitamin C DAILY RADIANCE VITAMIN C, in addition to antioxidation, also provides protection against UV rays provided by SPF 30.","og_url":"https:\/\/zkeshop.sk\/en\/produkt\/medik-8-daily-radiance-vitamin-c\/","og_site_name":"ZK company","article_modified_time":"2025-05-06T11:29:20+00:00","og_image":[{"width":2000,"height":2000,"url":"https:\/\/zkeshop.sk\/wp-content\/uploads\/2025\/01\/Copy-of-Daily-Radiance-Vitamin-C-B.png","type":"image\/png"}],"twitter_card":"summary_large_image","twitter_misc":{"Price":"69,00&nbsp;&euro;","Availability":"In stock"},"schema":{"@context":"https:\/\/schema.org","@graph":[{"@type":"WebPage","@id":"https:\/\/zkeshop.sk\/en\/produkt\/medik-8-daily-radiance-vitamin-c\/","url":"https:\/\/zkeshop.sk\/en\/produkt\/medik-8-daily-radiance-vitamin-c\/","name":"Medik 8 Daily Radiance Vitamin C - ZK company","isPartOf":{"@id":"https:\/\/zkeshop.sk\/#website"},"primaryImageOfPage":{"@id":"https:\/\/zkeshop.sk\/en\/produkt\/medik-8-daily-radiance-vitamin-c\/#primaryimage"},"image":{"@id":"https:\/\/zkeshop.sk\/en\/produkt\/medik-8-daily-radiance-vitamin-c\/#primaryimage"},"thumbnailUrl":"https:\/\/zkeshop.sk\/wp-content\/uploads\/2025\/01\/Copy-of-Daily-Radiance-Vitamin-C-B.png","datePublished":"2025-01-14T17:23:10+00:00","dateModified":"2025-05-06T11:29:20+00:00","description":"Daily moisturizer with vitamin C DAILY RADIANCE VITAMIN C, in addition to antioxidation, also provides protection against UV rays provided by SPF 30.","breadcrumb":{"@id":"https:\/\/zkeshop.sk\/en\/produkt\/medik-8-daily-radiance-vitamin-c\/#breadcrumb"},"inLanguage":"en-US","potentialAction":[{"@type":"ReadAction","target":["https:\/\/zkeshop.sk\/en\/produkt\/medik-8-daily-radiance-vitamin-c\/"]}]},{"@type":"ImageObject","inLanguage":"en-US","@id":"https:\/\/zkeshop.sk\/en\/produkt\/medik-8-daily-radiance-vitamin-c\/#primaryimage","url":"https:\/\/zkeshop.sk\/wp-content\/uploads\/2025\/01\/Copy-of-Daily-Radiance-Vitamin-C-B.png","contentUrl":"https:\/\/zkeshop.sk\/wp-content\/uploads\/2025\/01\/Copy-of-Daily-Radiance-Vitamin-C-B.png","width":2000,"height":2000,"caption":"Denn\u00fd hydrata\u010dn\u00fd kr\u00e9m s vitam\u00ednom C DAILY RADIANCE VITAMIN C sa popri antioxid\u00e1cii postar\u00e1 aj o ochranu pred UV \u017eiaren\u00edm, ktor\u00e9 zais\u0165uje SPF 30."},{"@type":"BreadcrumbList","@id":"https:\/\/zkeshop.sk\/en\/produkt\/medik-8-daily-radiance-vitamin-c\/#breadcrumb","itemListElement":[{"@type":"ListItem","position":1,"name":"Home","item":"https:\/\/zkeshop.sk\/"},{"@type":"ListItem","position":2,"name":"Shop","item":"https:\/\/zkeshop.sk\/obchod\/"},{"@type":"ListItem","position":3,"name":"Medik 8 Daily Radiance Vitamin C"}]},{"@type":"WebSite","@id":"https:\/\/zkeshop.sk\/#website","url":"https:\/\/zkeshop.sk\/","name":"ZK company","description":"Kvalitn\u00e1 kozmetika pre ka\u017edodenn\u00e9 pou\u017eitie","potentialAction":[{"@type":"SearchAction","target":{"@type":"EntryPoint","urlTemplate":"https:\/\/zkeshop.sk\/?s={search_term_string}"},"query-input":{"@type":"PropertyValueSpecification","valueRequired":true,"valueName":"search_term_string"}}],"inLanguage":"en-US"}]},"product_price_amount":"69.00","product_price_currency":"EUR","og_availability":"instock","product_availability":"instock","product_condition":"new"},"_links":{"self":[{"href":"https:\/\/zkeshop.sk\/en\/wp-json\/wp\/v2\/product\/15031","targetHints":{"allow":["GET"]}}],"collection":[{"href":"https:\/\/zkeshop.sk\/en\/wp-json\/wp\/v2\/product"}],"about":[{"href":"https:\/\/zkeshop.sk\/en\/wp-json\/wp\/v2\/types\/product"}],"replies":[{"embeddable":true,"href":"https:\/\/zkeshop.sk\/en\/wp-json\/wp\/v2\/comments?post=15031"}],"version-history":[{"count":0,"href":"https:\/\/zkeshop.sk\/en\/wp-json\/wp\/v2\/product\/15031\/revisions"}],"wp:featuredmedia":[{"embeddable":true,"href":"https:\/\/zkeshop.sk\/en\/wp-json\/wp\/v2\/media\/14514"}],"wp:attachment":[{"href":"https:\/\/zkeshop.sk\/en\/wp-json\/wp\/v2\/media?parent=15031"}],"wp:term":[{"taxonomy":"product_brand","embeddable":true,"href":"https:\/\/zkeshop.sk\/en\/wp-json\/wp\/v2\/product_brand?post=15031"},{"taxonomy":"product_cat","embeddable":true,"href":"https:\/\/zkeshop.sk\/en\/wp-json\/wp\/v2\/product_cat?post=15031"},{"taxonomy":"product_tag","embeddable":true,"href":"https:\/\/zkeshop.sk\/en\/wp-json\/wp\/v2\/product_tag?post=15031"}],"curies":[{"name":"wp","href":"https:\/\/api.w.org\/{rel}","templated":true}]}}