{"id":15033,"date":"2025-01-29T14:49:10","date_gmt":"2025-01-29T13:49:10","guid":{"rendered":"https:\/\/zkeshop.sk\/produkt\/medik-8-lipid-balance-cleansing-oil\/"},"modified":"2025-05-06T14:24:44","modified_gmt":"2025-05-06T12:24:44","slug":"medik-8-lipid-balance-cleansing-oil","status":"publish","type":"product","link":"https:\/\/zkeshop.sk\/en\/produkt\/medik-8-lipid-balance-cleansing-oil\/","title":{"rendered":"Medik 8 Lipid Balance Cleansing Oil"},"content":{"rendered":"<h5 class=\"eshop-product-detail__subtitle\">Ultra-fine oil cleanser<\/h5>\n<div class=\"eshop-product-detail__perex\">\n<p>If you always feel uncomfortable after cleansing and your skin is red and dry, try LIPID-BALANCE CLEANSING OIL, a silky-soft oil cleanser. You&#8217;ve never experienced such gentle skin cleansing before!<\/p>\n<h2>Skin cleansing couldn&#8217;t be more gentle<\/h2>\n<p>LIPID-BALANCE CLEANSING OIL has a silky consistency that spreads beautifully on the skin and combines with water to form a milky emulsion. After washing it off, the skin is supple and radiant. The safflower oil nourishes and softens the skin during massage, while <a href=\"https:\/\/zkeshop.sk\/en\/produkt\/vite-anti-aging-nourishing-facial-mask-100ml\/\">vitamin E<\/a> moisturizes and protects, restoring its vitality and elasticity. The skin is clean and renewed, without unpleasant tightness or dryness.<\/p>\n<h2>Korean skin care<\/h2>\n<p>Cleansing oils are very popular in so-called Korean skin care. They also remove waterproof make-up, sunscreen or everyday impurities. LIPID-BALANCE CLEANSING OIL deeply cleanses the skin while caring for it with the contained oils with a balanced lipid content and fatty acid ratio. Skin is left soft, supple and protected from everyday sources of irritation.<\/p>\n<h2>Essential linoleic acid<\/h2>\n<p>Linoleic acid, an omega-6 fatty acid, is one of the essential fatty acids that the skin cannot synthesize on its own. However, it plays a very important role in maintaining the skin&#8217;s protective barrier. Dry or acne-prone skin often contains very little linoleic acid.<\/p>\n<h2>For year-round make-up removal and skin cleansing<\/h2>\n<p>LIPID-BALANCE CLEANSING OIL contains linoleic acid and can therefore restore its content in the skin. This gives the skin a healthy appearance and nourishment. The base of the product is safflower oil, which consists of more than 70% omega-6 fatty acids. Vitamin E neutralises free radical damage that can build up on the skin during the day. Moringa oil removes harmful impurities from the skin&#8217;s surface. LIPID-BALANCE CLEANSING OIL can also handle long-lasting, waterproof make-up.<\/p>\n<h5 class=\"eshop-product-detail__subtitle\"><img loading=\"lazy\" decoding=\"async\" class=\" wp-image-14491 alignright\" src=\"https:\/\/zkeshop.sk\/wp-content\/uploads\/2025\/01\/Copy-of-Lipid-Balance-Cleansing-Oil-Usage-300x300.jpg\" alt=\"\" width=\"382\" height=\"382\" srcset=\"https:\/\/zkeshop.sk\/wp-content\/uploads\/2025\/01\/Copy-of-Lipid-Balance-Cleansing-Oil-Usage-300x300.jpg 300w, https:\/\/zkeshop.sk\/wp-content\/uploads\/2025\/01\/Copy-of-Lipid-Balance-Cleansing-Oil-Usage-1024x1024.jpg 1024w, https:\/\/zkeshop.sk\/wp-content\/uploads\/2025\/01\/Copy-of-Lipid-Balance-Cleansing-Oil-Usage-150x150.jpg 150w, https:\/\/zkeshop.sk\/wp-content\/uploads\/2025\/01\/Copy-of-Lipid-Balance-Cleansing-Oil-Usage-768x768.jpg 768w, https:\/\/zkeshop.sk\/wp-content\/uploads\/2025\/01\/Copy-of-Lipid-Balance-Cleansing-Oil-Usage-1536x1536.jpg 1536w, https:\/\/zkeshop.sk\/wp-content\/uploads\/2025\/01\/Copy-of-Lipid-Balance-Cleansing-Oil-Usage-400x400.jpg 400w, https:\/\/zkeshop.sk\/wp-content\/uploads\/2025\/01\/Copy-of-Lipid-Balance-Cleansing-Oil-Usage-600x600.jpg 600w, https:\/\/zkeshop.sk\/wp-content\/uploads\/2025\/01\/Copy-of-Lipid-Balance-Cleansing-Oil-Usage-1200x1200.jpg 1200w, https:\/\/zkeshop.sk\/wp-content\/uploads\/2025\/01\/Copy-of-Lipid-Balance-Cleansing-Oil-Usage.jpg 2000w\" sizes=\"auto, (max-width: 382px) 100vw, 382px\" \/><\/h5>\n<h2>7x effect of cleaning oil<\/h2>\n<p>&nbsp;<\/p>\n<ul>\n<li>Nourishes<\/li>\n<li>Promotes healing<\/li>\n<li>Protects<\/li>\n<li>Cleans<\/li>\n<li>Soothing<\/li>\n<li>Provides antioxidation<\/li>\n<li>Hydrates<\/li>\n<\/ul>\n<h2>For sensitive skin<\/h2>\n<p>The ultra-gentle oil cleanser dissolves impurities and waterproof makeup to reveal a radiant, refreshed complexion. It is therefore suitable for even the most sensitive skin, where the nourishing formula with a balanced ratio of fatty acids restores the often disrupted skin barrier. After cleansing with the cleansing oil, a small amount of fatty acids remain on the skin&#8217;s surface to nourish the skin and restore its natural lipid content.<\/p>\n<h2>Oil make-up remover<\/h2>\n<p><strong>Safflower oil:<\/strong><br \/>\nCold-pressed oil, which is more than 70% linoleic acid with a high content of vitamin E. Linoleic acid is anti-inflammatory and also promotes skin healing. The lipid prostaglandins help repair damaged or inflamed tissues.<\/p>\n<p><strong>Ethyl Linoleate:<\/strong><br \/>\nEthyl Linoleate is an esterified omega-6 fatty acid (linoleic acid). This essential fatty acid is a polyunsaturated fatty acid and is found in the lipid components of cell membranes in the body. It is essential for the normal growth and functioning of body cells and is also beneficial in the healing of injuries.<\/p>\n<p><strong>Vitamin E:<\/strong><br \/>\nAn essential nutrient needed for cell protection and a powerful, fat-soluble antioxidant that can protect the lipid segments of cells from free radical damage.<\/p>\n<p><strong>Moringa extract:<\/strong><br \/>\nMoringa oil attracts impurities to itself, which can be easily removed from the skin. The skin is also protected from heavy metals, cigarette smoke and small particles. Moringa seed extract leaves the skin perfectly purified. Simply a great start to a new day or, conversely, the end of the day gone by. In addition, moringa provides the skin with antioxidant protection.<\/p>\n<h2>For all skin types<\/h2>\n<ul>\n<li>Skin with imperfections<\/li>\n<li>Dry skin<\/li>\n<li>Skin with eczema<\/li>\n<li>Skin with acne<\/li>\n<li>Normal skin<\/li>\n<li>Mature skin<\/li>\n<li>For effective make-up removal<\/li>\n<\/ul>\n<h2>Gets rid of waterproof make-up<\/h2>\n<ul>\n<li>Gently apply a small amount of oil to dry skin every morning and evening. Moisten the skin with warm water, continue massaging with the resulting emulsion, then rinse well. Then continue with the application of the serum and moisturising product.<\/li>\n<li>LIPID-BALANCE CLEANSING OIL can also be used to remove eye make-up, but its use can be combined with EYES &amp; LIPS MICELLAR CLEANSE.<\/li>\n<li>The 140 ml pack lasts up to 70 applications.<\/li>\n<\/ul>\n<\/div>\n","protected":false},"excerpt":{"rendered":"<p>If you always feel uncomfortable after cleansing and your skin is red and dry, try LIPID-BALANCE CLEANSING OIL, a silky-soft oil cleanser. You&#8217;ve never experienced such gentle skin cleansing before!<\/p>\n","protected":false},"featured_media":14481,"comment_status":"open","ping_status":"closed","template":"","meta":[],"product_brand":[],"product_cat":[207,187,74,201,209,186,180],"product_tag":[160],"class_list":{"0":"post-15033","1":"product","2":"type-product","3":"status-publish","4":"has-post-thumbnail","6":"product_cat-day","7":"product_cat-dry-skin","8":"product_cat-face-creams","9":"product_cat-medik8-en","10":"product_cat-night","11":"product_cat-normal-skin","12":"product_cat-sensitive-skin","13":"product_tag-medik8-en","15":"first","16":"instock","17":"taxable","18":"shipping-taxable","19":"purchasable","20":"product-type-simple"},"yoast_head":"<!-- This site is optimized with the Yoast SEO Premium plugin v27.3 (Yoast SEO v27.3) - https:\/\/yoast.com\/product\/yoast-seo-premium-wordpress\/ -->\n<title>Medik 8 Lipid Balance Cleansing Oil - ZK company<\/title>\n<meta name=\"description\" content=\"LIPID-BALANCE CLEANSING OIL has a silky consistency that spreads beautifully on the skin and combines with water to form a milky emulsion.\" \/>\n<meta name=\"robots\" content=\"index, follow, max-snippet:-1, max-image-preview:large, max-video-preview:-1\" \/>\n<link rel=\"canonical\" href=\"https:\/\/zkeshop.sk\/en\/produkt\/medik-8-lipid-balance-cleansing-oil\/\" \/>\n<meta property=\"og:locale\" content=\"en_US\" \/>\n<meta property=\"og:type\" content=\"article\" \/>\n<meta property=\"og:title\" content=\"Medik 8 Lipid Balance Cleansing Oil\" \/>\n<meta property=\"og:description\" content=\"LIPID-BALANCE CLEANSING OIL has a silky consistency that spreads beautifully on the skin and combines with water to form a milky emulsion.\" \/>\n<meta property=\"og:url\" content=\"https:\/\/zkeshop.sk\/en\/produkt\/medik-8-lipid-balance-cleansing-oil\/\" \/>\n<meta property=\"og:site_name\" content=\"ZK company\" \/>\n<meta property=\"article:modified_time\" content=\"2025-05-06T12:24:44+00:00\" \/>\n<meta property=\"og:image\" content=\"https:\/\/zkeshop.sk\/wp-content\/uploads\/2025\/01\/Copy-of-Lipid-Balance-Cleansing-Oil-B-1024x1024.png\" \/>\n\t<meta property=\"og:image:width\" content=\"1024\" \/>\n\t<meta property=\"og:image:height\" content=\"1024\" \/>\n\t<meta property=\"og:image:type\" content=\"image\/png\" \/>\n<meta name=\"twitter:card\" content=\"summary_large_image\" \/>\n<meta name=\"twitter:label1\" content=\"Price\" \/>\n\t<meta name=\"twitter:data1\" content=\"35,00&nbsp;&euro;\" \/>\n\t<meta name=\"twitter:label2\" content=\"Availability\" \/>\n\t<meta name=\"twitter:data2\" content=\"In stock\" \/>\n<script type=\"application\/ld+json\" class=\"yoast-schema-graph\">{\"@context\":\"https:\\\/\\\/schema.org\",\"@graph\":[{\"@type\":\"WebPage\",\"@id\":\"https:\\\/\\\/zkeshop.sk\\\/en\\\/produkt\\\/medik-8-lipid-balance-cleansing-oil\\\/\",\"url\":\"https:\\\/\\\/zkeshop.sk\\\/en\\\/produkt\\\/medik-8-lipid-balance-cleansing-oil\\\/\",\"name\":\"Medik 8 Lipid Balance Cleansing Oil - ZK company\",\"isPartOf\":{\"@id\":\"https:\\\/\\\/zkeshop.sk\\\/#website\"},\"primaryImageOfPage\":{\"@id\":\"https:\\\/\\\/zkeshop.sk\\\/en\\\/produkt\\\/medik-8-lipid-balance-cleansing-oil\\\/#primaryimage\"},\"image\":{\"@id\":\"https:\\\/\\\/zkeshop.sk\\\/en\\\/produkt\\\/medik-8-lipid-balance-cleansing-oil\\\/#primaryimage\"},\"thumbnailUrl\":\"https:\\\/\\\/zkeshop.sk\\\/wp-content\\\/uploads\\\/2025\\\/01\\\/Copy-of-Lipid-Balance-Cleansing-Oil-B.png\",\"datePublished\":\"2025-01-29T13:49:10+00:00\",\"dateModified\":\"2025-05-06T12:24:44+00:00\",\"description\":\"LIPID-BALANCE CLEANSING OIL has a silky consistency that spreads beautifully on the skin and combines with water to form a milky emulsion.\",\"breadcrumb\":{\"@id\":\"https:\\\/\\\/zkeshop.sk\\\/en\\\/produkt\\\/medik-8-lipid-balance-cleansing-oil\\\/#breadcrumb\"},\"inLanguage\":\"en-US\",\"potentialAction\":[{\"@type\":\"ReadAction\",\"target\":[\"https:\\\/\\\/zkeshop.sk\\\/en\\\/produkt\\\/medik-8-lipid-balance-cleansing-oil\\\/\"]}]},{\"@type\":\"ImageObject\",\"inLanguage\":\"en-US\",\"@id\":\"https:\\\/\\\/zkeshop.sk\\\/en\\\/produkt\\\/medik-8-lipid-balance-cleansing-oil\\\/#primaryimage\",\"url\":\"https:\\\/\\\/zkeshop.sk\\\/wp-content\\\/uploads\\\/2025\\\/01\\\/Copy-of-Lipid-Balance-Cleansing-Oil-B.png\",\"contentUrl\":\"https:\\\/\\\/zkeshop.sk\\\/wp-content\\\/uploads\\\/2025\\\/01\\\/Copy-of-Lipid-Balance-Cleansing-Oil-B.png\",\"width\":2000,\"height\":2000,\"caption\":\"LIPID-BALANCE CLEANSING OIL m\u00e1 hodv\u00e1bnu konzistenciu, ktor\u00e1 sa kr\u00e1sne rozprestiera na pleti a v kombin\u00e1cii s vodou utv\u00e1ra mlie\u010dnu emulziu.\"},{\"@type\":\"BreadcrumbList\",\"@id\":\"https:\\\/\\\/zkeshop.sk\\\/en\\\/produkt\\\/medik-8-lipid-balance-cleansing-oil\\\/#breadcrumb\",\"itemListElement\":[{\"@type\":\"ListItem\",\"position\":1,\"name\":\"Home\",\"item\":\"https:\\\/\\\/zkeshop.sk\\\/\"},{\"@type\":\"ListItem\",\"position\":2,\"name\":\"Shop\",\"item\":\"https:\\\/\\\/zkeshop.sk\\\/obchod\\\/\"},{\"@type\":\"ListItem\",\"position\":3,\"name\":\"Medik 8 Lipid Balance Cleansing Oil\"}]},{\"@type\":\"WebSite\",\"@id\":\"https:\\\/\\\/zkeshop.sk\\\/#website\",\"url\":\"https:\\\/\\\/zkeshop.sk\\\/\",\"name\":\"ZK company\",\"description\":\"Kvalitn\u00e1 kozmetika pre ka\u017edodenn\u00e9 pou\u017eitie\",\"potentialAction\":[{\"@type\":\"SearchAction\",\"target\":{\"@type\":\"EntryPoint\",\"urlTemplate\":\"https:\\\/\\\/zkeshop.sk\\\/?s={search_term_string}\"},\"query-input\":{\"@type\":\"PropertyValueSpecification\",\"valueRequired\":true,\"valueName\":\"search_term_string\"}}],\"inLanguage\":\"en-US\"}]}<\/script>\n<meta property=\"product:price:amount\" content=\"35.00\" \/>\n<meta property=\"product:price:currency\" content=\"EUR\" \/>\n<meta property=\"og:availability\" content=\"instock\" \/>\n<meta property=\"product:availability\" content=\"instock\" \/>\n<meta property=\"product:condition\" content=\"new\" \/>\n<!-- \/ Yoast SEO Premium plugin. -->","yoast_head_json":{"title":"Medik 8 Lipid Balance Cleansing Oil - ZK company","description":"LIPID-BALANCE CLEANSING OIL has a silky consistency that spreads beautifully on the skin and combines with water to form a milky emulsion.","robots":{"index":"index","follow":"follow","max-snippet":"max-snippet:-1","max-image-preview":"max-image-preview:large","max-video-preview":"max-video-preview:-1"},"canonical":"https:\/\/zkeshop.sk\/en\/produkt\/medik-8-lipid-balance-cleansing-oil\/","og_locale":"en_US","og_type":"article","og_title":"Medik 8 Lipid Balance Cleansing Oil","og_description":"LIPID-BALANCE CLEANSING OIL has a silky consistency that spreads beautifully on the skin and combines with water to form a milky emulsion.","og_url":"https:\/\/zkeshop.sk\/en\/produkt\/medik-8-lipid-balance-cleansing-oil\/","og_site_name":"ZK company","article_modified_time":"2025-05-06T12:24:44+00:00","og_image":[{"width":1024,"height":1024,"url":"https:\/\/zkeshop.sk\/wp-content\/uploads\/2025\/01\/Copy-of-Lipid-Balance-Cleansing-Oil-B-1024x1024.png","type":"image\/png"}],"twitter_card":"summary_large_image","twitter_misc":{"Price":"35,00&nbsp;&euro;","Availability":"In stock"},"schema":{"@context":"https:\/\/schema.org","@graph":[{"@type":"WebPage","@id":"https:\/\/zkeshop.sk\/en\/produkt\/medik-8-lipid-balance-cleansing-oil\/","url":"https:\/\/zkeshop.sk\/en\/produkt\/medik-8-lipid-balance-cleansing-oil\/","name":"Medik 8 Lipid Balance Cleansing Oil - ZK company","isPartOf":{"@id":"https:\/\/zkeshop.sk\/#website"},"primaryImageOfPage":{"@id":"https:\/\/zkeshop.sk\/en\/produkt\/medik-8-lipid-balance-cleansing-oil\/#primaryimage"},"image":{"@id":"https:\/\/zkeshop.sk\/en\/produkt\/medik-8-lipid-balance-cleansing-oil\/#primaryimage"},"thumbnailUrl":"https:\/\/zkeshop.sk\/wp-content\/uploads\/2025\/01\/Copy-of-Lipid-Balance-Cleansing-Oil-B.png","datePublished":"2025-01-29T13:49:10+00:00","dateModified":"2025-05-06T12:24:44+00:00","description":"LIPID-BALANCE CLEANSING OIL has a silky consistency that spreads beautifully on the skin and combines with water to form a milky emulsion.","breadcrumb":{"@id":"https:\/\/zkeshop.sk\/en\/produkt\/medik-8-lipid-balance-cleansing-oil\/#breadcrumb"},"inLanguage":"en-US","potentialAction":[{"@type":"ReadAction","target":["https:\/\/zkeshop.sk\/en\/produkt\/medik-8-lipid-balance-cleansing-oil\/"]}]},{"@type":"ImageObject","inLanguage":"en-US","@id":"https:\/\/zkeshop.sk\/en\/produkt\/medik-8-lipid-balance-cleansing-oil\/#primaryimage","url":"https:\/\/zkeshop.sk\/wp-content\/uploads\/2025\/01\/Copy-of-Lipid-Balance-Cleansing-Oil-B.png","contentUrl":"https:\/\/zkeshop.sk\/wp-content\/uploads\/2025\/01\/Copy-of-Lipid-Balance-Cleansing-Oil-B.png","width":2000,"height":2000,"caption":"LIPID-BALANCE CLEANSING OIL m\u00e1 hodv\u00e1bnu konzistenciu, ktor\u00e1 sa kr\u00e1sne rozprestiera na pleti a v kombin\u00e1cii s vodou utv\u00e1ra mlie\u010dnu emulziu."},{"@type":"BreadcrumbList","@id":"https:\/\/zkeshop.sk\/en\/produkt\/medik-8-lipid-balance-cleansing-oil\/#breadcrumb","itemListElement":[{"@type":"ListItem","position":1,"name":"Home","item":"https:\/\/zkeshop.sk\/"},{"@type":"ListItem","position":2,"name":"Shop","item":"https:\/\/zkeshop.sk\/obchod\/"},{"@type":"ListItem","position":3,"name":"Medik 8 Lipid Balance Cleansing Oil"}]},{"@type":"WebSite","@id":"https:\/\/zkeshop.sk\/#website","url":"https:\/\/zkeshop.sk\/","name":"ZK company","description":"Kvalitn\u00e1 kozmetika pre ka\u017edodenn\u00e9 pou\u017eitie","potentialAction":[{"@type":"SearchAction","target":{"@type":"EntryPoint","urlTemplate":"https:\/\/zkeshop.sk\/?s={search_term_string}"},"query-input":{"@type":"PropertyValueSpecification","valueRequired":true,"valueName":"search_term_string"}}],"inLanguage":"en-US"}]},"product_price_amount":"35.00","product_price_currency":"EUR","og_availability":"instock","product_availability":"instock","product_condition":"new"},"_links":{"self":[{"href":"https:\/\/zkeshop.sk\/en\/wp-json\/wp\/v2\/product\/15033","targetHints":{"allow":["GET"]}}],"collection":[{"href":"https:\/\/zkeshop.sk\/en\/wp-json\/wp\/v2\/product"}],"about":[{"href":"https:\/\/zkeshop.sk\/en\/wp-json\/wp\/v2\/types\/product"}],"replies":[{"embeddable":true,"href":"https:\/\/zkeshop.sk\/en\/wp-json\/wp\/v2\/comments?post=15033"}],"version-history":[{"count":0,"href":"https:\/\/zkeshop.sk\/en\/wp-json\/wp\/v2\/product\/15033\/revisions"}],"wp:featuredmedia":[{"embeddable":true,"href":"https:\/\/zkeshop.sk\/en\/wp-json\/wp\/v2\/media\/14481"}],"wp:attachment":[{"href":"https:\/\/zkeshop.sk\/en\/wp-json\/wp\/v2\/media?parent=15033"}],"wp:term":[{"taxonomy":"product_brand","embeddable":true,"href":"https:\/\/zkeshop.sk\/en\/wp-json\/wp\/v2\/product_brand?post=15033"},{"taxonomy":"product_cat","embeddable":true,"href":"https:\/\/zkeshop.sk\/en\/wp-json\/wp\/v2\/product_cat?post=15033"},{"taxonomy":"product_tag","embeddable":true,"href":"https:\/\/zkeshop.sk\/en\/wp-json\/wp\/v2\/product_tag?post=15033"}],"curies":[{"name":"wp","href":"https:\/\/api.w.org\/{rel}","templated":true}]}}