{"id":15035,"date":"2024-11-04T10:19:32","date_gmt":"2024-11-04T09:19:32","guid":{"rendered":"https:\/\/zkeshop.sk\/produkt\/facial-cleansing-foam-for-men\/"},"modified":"2025-02-18T10:18:10","modified_gmt":"2025-02-18T09:18:10","slug":"facial-cleansing-foam-for-men","status":"publish","type":"product","link":"https:\/\/zkeshop.sk\/en\/produkt\/facial-cleansing-foam-for-men\/","title":{"rendered":"Facial cleansing foam for men"},"content":{"rendered":"<p><strong>Contains:<\/strong> Prunus Amygdalus Dulcis Oil (Almond Oil): a nourishing and moisturizing oil rich in vitamins and minerals that softens the skin and improves its elasticity.<\/p>\n<p><strong>Butyrospermum Parkii Butter (Shea Butter)<\/strong>: a natural moisturizer that provides intense hydration and protection to the skin, while promoting regeneration and soothing irritation.<\/p>\n<p><strong>Squalane<\/strong>: &#8211; moisturizes, softens and protects the skin from moisture loss.<\/p>\n<p><strong>Aloe Barbadensis Leaf Juice (Aloe vera)<\/strong>: -Known for its soothing and moisturizing properties, aloe vera helps reduce irritation and inflammation while promoting skin healing.<\/p>\n<p><strong>Sodium Hyaluronate (Sodium Hyaluronate)<\/strong> &#8211; A powerful moisturizer that helps keep skin hydrated and fills in fine lines and wrinkles.<\/p>\n<p><strong>Niacinamide (Vitamin B3<\/strong>): &#8211; A multifunctional ingredient that helps improve skin texture, reducing the appearance of enlarged pores, fine lines and uneven skin tone.<\/p>\n<p>&nbsp;<\/p>\n<p><strong>Effects:<\/strong><\/p>\n<p>Gently cleanses the skin of impurities without drying it out.<br \/>\nHydrates and nourishes the skin, ensuring its softness and elasticity.<br \/>\nHelps protect the skin from premature ageing thanks to its vitamin E content.<\/p>\n<p>Content: 100ml<\/p>\n","protected":false},"excerpt":{"rendered":"<p><strong>The cleansing foam is designed specifically for men<\/strong> to meet the most demanding requirements of men&#8217;s skin and beards. It combines gentle cleansing ingredients with moisturizing oils to keep your skin perfectly clean and also hydrated. Contains almond oil, shea butter, squalane and aloe vera for intense hydration, nourishment and skin soothing. Combined with vitamin E, it also helps to fight the signs of premature skin aging.   <\/p>\n","protected":false},"featured_media":14034,"comment_status":"open","ping_status":"closed","template":"","meta":[],"product_brand":[],"product_cat":[74],"product_tag":[],"class_list":{"0":"post-15035","1":"product","2":"type-product","3":"status-publish","4":"has-post-thumbnail","6":"product_cat-face-creams","8":"first","9":"instock","10":"taxable","11":"shipping-taxable","12":"purchasable","13":"product-type-simple"},"yoast_head":"<!-- This site is optimized with the Yoast SEO Premium plugin v27.3 (Yoast SEO v27.3) - https:\/\/yoast.com\/product\/yoast-seo-premium-wordpress\/ -->\n<title>Facial cleansing foam for men - ZK company<\/title>\n<meta name=\"robots\" content=\"index, follow, max-snippet:-1, max-image-preview:large, max-video-preview:-1\" \/>\n<link rel=\"canonical\" href=\"https:\/\/zkeshop.sk\/en\/produkt\/facial-cleansing-foam-for-men\/\" \/>\n<meta property=\"og:locale\" content=\"en_US\" \/>\n<meta property=\"og:type\" content=\"article\" \/>\n<meta property=\"og:title\" content=\"Facial cleansing foam for men\" \/>\n<meta property=\"og:description\" content=\"The cleansing foam is designed specifically for men to meet the most demanding requirements of men&#039;s skin and beards. It combines gentle cleansing ingredients with moisturizing oils to keep your skin perfectly clean and also hydrated. Contains almond oil, shea butter, squalane and aloe vera for intense hydration, nourishment and skin soothing. Combined with vitamin E, it also helps to fight the signs of premature skin aging.\" \/>\n<meta property=\"og:url\" content=\"https:\/\/zkeshop.sk\/en\/produkt\/facial-cleansing-foam-for-men\/\" \/>\n<meta property=\"og:site_name\" content=\"ZK company\" \/>\n<meta property=\"article:modified_time\" content=\"2025-02-18T09:18:10+00:00\" \/>\n<meta property=\"og:image\" content=\"https:\/\/zkeshop.sk\/wp-content\/uploads\/2024\/10\/664.jpg\" \/>\n\t<meta property=\"og:image:width\" content=\"1024\" \/>\n\t<meta property=\"og:image:height\" content=\"768\" \/>\n\t<meta property=\"og:image:type\" content=\"image\/jpeg\" \/>\n<meta name=\"twitter:card\" content=\"summary_large_image\" \/>\n<meta name=\"twitter:label1\" content=\"Price\" \/>\n\t<meta name=\"twitter:data1\" content=\"18,50&nbsp;&euro;\" \/>\n\t<meta name=\"twitter:label2\" content=\"Availability\" \/>\n\t<meta name=\"twitter:data2\" content=\"In stock\" \/>\n<script type=\"application\/ld+json\" class=\"yoast-schema-graph\">{\"@context\":\"https:\\\/\\\/schema.org\",\"@graph\":[{\"@type\":\"WebPage\",\"@id\":\"https:\\\/\\\/zkeshop.sk\\\/en\\\/produkt\\\/facial-cleansing-foam-for-men\\\/\",\"url\":\"https:\\\/\\\/zkeshop.sk\\\/en\\\/produkt\\\/facial-cleansing-foam-for-men\\\/\",\"name\":\"Facial cleansing foam for men - ZK company\",\"isPartOf\":{\"@id\":\"https:\\\/\\\/zkeshop.sk\\\/#website\"},\"primaryImageOfPage\":{\"@id\":\"https:\\\/\\\/zkeshop.sk\\\/en\\\/produkt\\\/facial-cleansing-foam-for-men\\\/#primaryimage\"},\"image\":{\"@id\":\"https:\\\/\\\/zkeshop.sk\\\/en\\\/produkt\\\/facial-cleansing-foam-for-men\\\/#primaryimage\"},\"thumbnailUrl\":\"https:\\\/\\\/zkeshop.sk\\\/wp-content\\\/uploads\\\/2024\\\/10\\\/664.jpg\",\"datePublished\":\"2024-11-04T09:19:32+00:00\",\"dateModified\":\"2025-02-18T09:18:10+00:00\",\"breadcrumb\":{\"@id\":\"https:\\\/\\\/zkeshop.sk\\\/en\\\/produkt\\\/facial-cleansing-foam-for-men\\\/#breadcrumb\"},\"inLanguage\":\"en-US\",\"potentialAction\":[{\"@type\":\"ReadAction\",\"target\":[\"https:\\\/\\\/zkeshop.sk\\\/en\\\/produkt\\\/facial-cleansing-foam-for-men\\\/\"]}]},{\"@type\":\"ImageObject\",\"inLanguage\":\"en-US\",\"@id\":\"https:\\\/\\\/zkeshop.sk\\\/en\\\/produkt\\\/facial-cleansing-foam-for-men\\\/#primaryimage\",\"url\":\"https:\\\/\\\/zkeshop.sk\\\/wp-content\\\/uploads\\\/2024\\\/10\\\/664.jpg\",\"contentUrl\":\"https:\\\/\\\/zkeshop.sk\\\/wp-content\\\/uploads\\\/2024\\\/10\\\/664.jpg\",\"width\":1024,\"height\":768,\"caption\":\"\u010cistiaca pena DERMENFIX pre mu\u017eov jemne \u010dist\u00ed ple\u0165, hydratuje a vy\u017eivuje. Obsahuje mand\u013eov\u00fd olej, bambuck\u00e9 maslo, aloe vera pre upokojenie poko\u017eky.\"},{\"@type\":\"BreadcrumbList\",\"@id\":\"https:\\\/\\\/zkeshop.sk\\\/en\\\/produkt\\\/facial-cleansing-foam-for-men\\\/#breadcrumb\",\"itemListElement\":[{\"@type\":\"ListItem\",\"position\":1,\"name\":\"Home\",\"item\":\"https:\\\/\\\/zkeshop.sk\\\/\"},{\"@type\":\"ListItem\",\"position\":2,\"name\":\"Shop\",\"item\":\"https:\\\/\\\/zkeshop.sk\\\/obchod\\\/\"},{\"@type\":\"ListItem\",\"position\":3,\"name\":\"Facial cleansing foam for men\"}]},{\"@type\":\"WebSite\",\"@id\":\"https:\\\/\\\/zkeshop.sk\\\/#website\",\"url\":\"https:\\\/\\\/zkeshop.sk\\\/\",\"name\":\"ZK company\",\"description\":\"Kvalitn\u00e1 kozmetika pre ka\u017edodenn\u00e9 pou\u017eitie\",\"potentialAction\":[{\"@type\":\"SearchAction\",\"target\":{\"@type\":\"EntryPoint\",\"urlTemplate\":\"https:\\\/\\\/zkeshop.sk\\\/?s={search_term_string}\"},\"query-input\":{\"@type\":\"PropertyValueSpecification\",\"valueRequired\":true,\"valueName\":\"search_term_string\"}}],\"inLanguage\":\"en-US\"}]}<\/script>\n<meta property=\"product:price:amount\" content=\"18.50\" \/>\n<meta property=\"product:price:currency\" content=\"EUR\" \/>\n<meta property=\"og:availability\" content=\"instock\" \/>\n<meta property=\"product:availability\" content=\"instock\" \/>\n<meta property=\"product:condition\" content=\"new\" \/>\n<!-- \/ Yoast SEO Premium plugin. -->","yoast_head_json":{"title":"Facial cleansing foam for men - ZK company","robots":{"index":"index","follow":"follow","max-snippet":"max-snippet:-1","max-image-preview":"max-image-preview:large","max-video-preview":"max-video-preview:-1"},"canonical":"https:\/\/zkeshop.sk\/en\/produkt\/facial-cleansing-foam-for-men\/","og_locale":"en_US","og_type":"article","og_title":"Facial cleansing foam for men","og_description":"The cleansing foam is designed specifically for men to meet the most demanding requirements of men's skin and beards. It combines gentle cleansing ingredients with moisturizing oils to keep your skin perfectly clean and also hydrated. Contains almond oil, shea butter, squalane and aloe vera for intense hydration, nourishment and skin soothing. Combined with vitamin E, it also helps to fight the signs of premature skin aging.","og_url":"https:\/\/zkeshop.sk\/en\/produkt\/facial-cleansing-foam-for-men\/","og_site_name":"ZK company","article_modified_time":"2025-02-18T09:18:10+00:00","og_image":[{"width":1024,"height":768,"url":"https:\/\/zkeshop.sk\/wp-content\/uploads\/2024\/10\/664.jpg","type":"image\/jpeg"}],"twitter_card":"summary_large_image","twitter_misc":{"Price":"18,50&nbsp;&euro;","Availability":"In stock"},"schema":{"@context":"https:\/\/schema.org","@graph":[{"@type":"WebPage","@id":"https:\/\/zkeshop.sk\/en\/produkt\/facial-cleansing-foam-for-men\/","url":"https:\/\/zkeshop.sk\/en\/produkt\/facial-cleansing-foam-for-men\/","name":"Facial cleansing foam for men - ZK company","isPartOf":{"@id":"https:\/\/zkeshop.sk\/#website"},"primaryImageOfPage":{"@id":"https:\/\/zkeshop.sk\/en\/produkt\/facial-cleansing-foam-for-men\/#primaryimage"},"image":{"@id":"https:\/\/zkeshop.sk\/en\/produkt\/facial-cleansing-foam-for-men\/#primaryimage"},"thumbnailUrl":"https:\/\/zkeshop.sk\/wp-content\/uploads\/2024\/10\/664.jpg","datePublished":"2024-11-04T09:19:32+00:00","dateModified":"2025-02-18T09:18:10+00:00","breadcrumb":{"@id":"https:\/\/zkeshop.sk\/en\/produkt\/facial-cleansing-foam-for-men\/#breadcrumb"},"inLanguage":"en-US","potentialAction":[{"@type":"ReadAction","target":["https:\/\/zkeshop.sk\/en\/produkt\/facial-cleansing-foam-for-men\/"]}]},{"@type":"ImageObject","inLanguage":"en-US","@id":"https:\/\/zkeshop.sk\/en\/produkt\/facial-cleansing-foam-for-men\/#primaryimage","url":"https:\/\/zkeshop.sk\/wp-content\/uploads\/2024\/10\/664.jpg","contentUrl":"https:\/\/zkeshop.sk\/wp-content\/uploads\/2024\/10\/664.jpg","width":1024,"height":768,"caption":"\u010cistiaca pena DERMENFIX pre mu\u017eov jemne \u010dist\u00ed ple\u0165, hydratuje a vy\u017eivuje. Obsahuje mand\u013eov\u00fd olej, bambuck\u00e9 maslo, aloe vera pre upokojenie poko\u017eky."},{"@type":"BreadcrumbList","@id":"https:\/\/zkeshop.sk\/en\/produkt\/facial-cleansing-foam-for-men\/#breadcrumb","itemListElement":[{"@type":"ListItem","position":1,"name":"Home","item":"https:\/\/zkeshop.sk\/"},{"@type":"ListItem","position":2,"name":"Shop","item":"https:\/\/zkeshop.sk\/obchod\/"},{"@type":"ListItem","position":3,"name":"Facial cleansing foam for men"}]},{"@type":"WebSite","@id":"https:\/\/zkeshop.sk\/#website","url":"https:\/\/zkeshop.sk\/","name":"ZK company","description":"Kvalitn\u00e1 kozmetika pre ka\u017edodenn\u00e9 pou\u017eitie","potentialAction":[{"@type":"SearchAction","target":{"@type":"EntryPoint","urlTemplate":"https:\/\/zkeshop.sk\/?s={search_term_string}"},"query-input":{"@type":"PropertyValueSpecification","valueRequired":true,"valueName":"search_term_string"}}],"inLanguage":"en-US"}]},"product_price_amount":"18.50","product_price_currency":"EUR","og_availability":"instock","product_availability":"instock","product_condition":"new"},"_links":{"self":[{"href":"https:\/\/zkeshop.sk\/en\/wp-json\/wp\/v2\/product\/15035","targetHints":{"allow":["GET"]}}],"collection":[{"href":"https:\/\/zkeshop.sk\/en\/wp-json\/wp\/v2\/product"}],"about":[{"href":"https:\/\/zkeshop.sk\/en\/wp-json\/wp\/v2\/types\/product"}],"replies":[{"embeddable":true,"href":"https:\/\/zkeshop.sk\/en\/wp-json\/wp\/v2\/comments?post=15035"}],"version-history":[{"count":0,"href":"https:\/\/zkeshop.sk\/en\/wp-json\/wp\/v2\/product\/15035\/revisions"}],"wp:featuredmedia":[{"embeddable":true,"href":"https:\/\/zkeshop.sk\/en\/wp-json\/wp\/v2\/media\/14034"}],"wp:attachment":[{"href":"https:\/\/zkeshop.sk\/en\/wp-json\/wp\/v2\/media?parent=15035"}],"wp:term":[{"taxonomy":"product_brand","embeddable":true,"href":"https:\/\/zkeshop.sk\/en\/wp-json\/wp\/v2\/product_brand?post=15035"},{"taxonomy":"product_cat","embeddable":true,"href":"https:\/\/zkeshop.sk\/en\/wp-json\/wp\/v2\/product_cat?post=15035"},{"taxonomy":"product_tag","embeddable":true,"href":"https:\/\/zkeshop.sk\/en\/wp-json\/wp\/v2\/product_tag?post=15035"}],"curies":[{"name":"wp","href":"https:\/\/api.w.org\/{rel}","templated":true}]}}