{"id":15038,"date":"2024-11-04T10:19:47","date_gmt":"2024-11-04T09:19:47","guid":{"rendered":"https:\/\/zkeshop.sk\/produkt\/mens-face-cream-dermenfix\/"},"modified":"2025-02-18T10:18:11","modified_gmt":"2025-02-18T09:18:11","slug":"mens-face-cream-dermenfix","status":"publish","type":"product","link":"https:\/\/zkeshop.sk\/en\/produkt\/mens-face-cream-dermenfix\/","title":{"rendered":"Men&#8217;s face cream &#8211; DERMENFIX"},"content":{"rendered":"<p><strong>Discover DERMENFIX, a moisturizer designed specifically for men<\/strong> who want to keep their skin hydrated and nourished. This cream provides intensive care thanks to a combination of highly hydrating and soothing ingredients that are ideal for daily use. Plus, it&#8217;s the perfect choice for after shaving as it helps soothe irritated skin and protects it from dryness.  <\/p>\n<p>&nbsp;<\/p>\n<ul>\n<li><strong>Almond oil<\/strong>: nourishes the skin and leaves it soft and smooth.<\/li>\n<li><strong>Shea butter<\/strong>: rich in fatty acids, nourishes and moisturizes the skin, prevents skin dryness and creates a protective barrier.<\/li>\n<li><strong>Squalane<\/strong>: Helps reduce the appearance of fine lines thanks to its moisturizing and antioxidant properties.<\/li>\n<li><strong>Aloe Vera<\/strong>: Contains many antioxidants and vitamins that soothe and moisturize the skin, leaving it soft and fresh.<\/li>\n<li><strong>Urea<\/strong>: moisturizes and keeps skin soft, while soothing and relieving irritation.<\/li>\n<li><strong>Hydrolyzed elastin<\/strong>: improves skin elasticity and promotes skin regeneration.<\/li>\n<li><strong>Niacinamide<\/strong>: Helps soothe the skin and has antioxidant effects.<\/li>\n<li><strong>Lactic Acid<\/strong>: Helps gently exfoliate the skin and is anti-inflammatory.<\/li>\n<\/ul>\n<p><strong>Effects:<\/strong><\/p>\n<ul>\n<li>Intense hydration and softening of the skin<\/li>\n<li>Soothing and relieving irritation<\/li>\n<li>Promoting regeneration and improving elasticity<\/li>\n<li>Exfoliation and unification of skin tone<\/li>\n<li>Protection and improvement of the barrier function of the skin<\/li>\n<li>Antioxidant and anti-aging effects<\/li>\n<\/ul>\n<p>Contents: 50 ml<\/p>\n","protected":false},"excerpt":{"rendered":"<p><strong>Intensive care for men&#8217;s skin.<\/strong> This moisturizer is specially formulated for men looking for an effective way to keep their skin hydrated and nourished. <strong>The combination of highly moisturising and soothing ingredients<\/strong> make this cream ideal for everyday use and also for use after shaving, as it helps to soothe irritated skin and protect it from dryness.<\/p>\n","protected":false},"featured_media":14037,"comment_status":"open","ping_status":"closed","template":"","meta":[],"product_brand":[],"product_cat":[74],"product_tag":[],"class_list":{"0":"post-15038","1":"product","2":"type-product","3":"status-publish","4":"has-post-thumbnail","6":"product_cat-face-creams","8":"first","9":"instock","10":"taxable","11":"shipping-taxable","12":"purchasable","13":"product-type-simple"},"yoast_head":"<!-- This site is optimized with the Yoast SEO Premium plugin v27.3 (Yoast SEO v27.3) - https:\/\/yoast.com\/product\/yoast-seo-premium-wordpress\/ -->\n<title>Men&#039;s face cream - DERMENFIX - ZK company<\/title>\n<meta name=\"robots\" content=\"index, follow, max-snippet:-1, max-image-preview:large, max-video-preview:-1\" \/>\n<link rel=\"canonical\" href=\"https:\/\/zkeshop.sk\/produkt\/pansky-krem-na-tvar-dermenfix\/\" \/>\n<meta property=\"og:locale\" content=\"en_US\" \/>\n<meta property=\"og:type\" content=\"article\" \/>\n<meta property=\"og:title\" content=\"Men&#039;s face cream - DERMENFIX\" \/>\n<meta property=\"og:description\" content=\"Intensive care for men&#039;s skin. This moisturizer is specially formulated for men looking for an effective way to keep their skin hydrated and nourished. The combination of highly moisturising and soothing ingredients make this cream ideal for everyday use and also for use after shaving, as it helps to soothe irritated skin and protect it from dryness.\" \/>\n<meta property=\"og:url\" content=\"https:\/\/zkeshop.sk\/produkt\/pansky-krem-na-tvar-dermenfix\/\" \/>\n<meta property=\"og:site_name\" content=\"ZK company\" \/>\n<meta property=\"article:modified_time\" content=\"2025-02-18T09:18:11+00:00\" \/>\n<meta property=\"og:image\" content=\"https:\/\/zkeshop.sk\/wp-content\/uploads\/2024\/10\/658-1.jpg\" \/>\n\t<meta property=\"og:image:width\" content=\"1024\" \/>\n\t<meta property=\"og:image:height\" content=\"768\" \/>\n\t<meta property=\"og:image:type\" content=\"image\/jpeg\" \/>\n<meta name=\"twitter:card\" content=\"summary_large_image\" \/>\n<meta name=\"twitter:label1\" content=\"Price\" \/>\n\t<meta name=\"twitter:data1\" content=\"38,00&nbsp;&euro;\" \/>\n\t<meta name=\"twitter:label2\" content=\"Availability\" \/>\n\t<meta name=\"twitter:data2\" content=\"In stock\" \/>\n<script type=\"application\/ld+json\" class=\"yoast-schema-graph\">{\"@context\":\"https:\\\/\\\/schema.org\",\"@graph\":[{\"@type\":\"WebPage\",\"@id\":\"https:\\\/\\\/zkeshop.sk\\\/produkt\\\/pansky-krem-na-tvar-dermenfix\\\/\",\"url\":\"https:\\\/\\\/zkeshop.sk\\\/produkt\\\/pansky-krem-na-tvar-dermenfix\\\/\",\"name\":\"Men's face cream - DERMENFIX - ZK company\",\"isPartOf\":{\"@id\":\"https:\\\/\\\/zkeshop.sk\\\/#website\"},\"primaryImageOfPage\":{\"@id\":\"https:\\\/\\\/zkeshop.sk\\\/produkt\\\/pansky-krem-na-tvar-dermenfix\\\/#primaryimage\"},\"image\":{\"@id\":\"https:\\\/\\\/zkeshop.sk\\\/produkt\\\/pansky-krem-na-tvar-dermenfix\\\/#primaryimage\"},\"thumbnailUrl\":\"https:\\\/\\\/zkeshop.sk\\\/wp-content\\\/uploads\\\/2024\\\/10\\\/658-1.jpg\",\"datePublished\":\"2024-11-04T09:19:47+00:00\",\"dateModified\":\"2025-02-18T09:18:11+00:00\",\"breadcrumb\":{\"@id\":\"https:\\\/\\\/zkeshop.sk\\\/produkt\\\/pansky-krem-na-tvar-dermenfix\\\/#breadcrumb\"},\"inLanguage\":\"en-US\",\"potentialAction\":[{\"@type\":\"ReadAction\",\"target\":[\"https:\\\/\\\/zkeshop.sk\\\/produkt\\\/pansky-krem-na-tvar-dermenfix\\\/\"]}]},{\"@type\":\"ImageObject\",\"inLanguage\":\"en-US\",\"@id\":\"https:\\\/\\\/zkeshop.sk\\\/produkt\\\/pansky-krem-na-tvar-dermenfix\\\/#primaryimage\",\"url\":\"https:\\\/\\\/zkeshop.sk\\\/wp-content\\\/uploads\\\/2024\\\/10\\\/658-1.jpg\",\"contentUrl\":\"https:\\\/\\\/zkeshop.sk\\\/wp-content\\\/uploads\\\/2024\\\/10\\\/658-1.jpg\",\"width\":1024,\"height\":768,\"caption\":\"Intenz\u00edvny hydrata\u010dn\u00fd kr\u00e9m DERMENFIX pre mu\u017eov poskytuje v\u00fd\u017eivn\u00fa starostlivos\u0165, upokojuje poko\u017eku po holen\u00ed a zanech\u00e1va ju jemn\u00fa, hladk\u00fa a zdrav\u00fa.\"},{\"@type\":\"BreadcrumbList\",\"@id\":\"https:\\\/\\\/zkeshop.sk\\\/produkt\\\/pansky-krem-na-tvar-dermenfix\\\/#breadcrumb\",\"itemListElement\":[{\"@type\":\"ListItem\",\"position\":1,\"name\":\"Home\",\"item\":\"https:\\\/\\\/zkeshop.sk\\\/\"},{\"@type\":\"ListItem\",\"position\":2,\"name\":\"Shop\",\"item\":\"https:\\\/\\\/zkeshop.sk\\\/obchod\\\/\"},{\"@type\":\"ListItem\",\"position\":3,\"name\":\"Men&#8217;s face cream &#8211; DERMENFIX\"}]},{\"@type\":\"WebSite\",\"@id\":\"https:\\\/\\\/zkeshop.sk\\\/#website\",\"url\":\"https:\\\/\\\/zkeshop.sk\\\/\",\"name\":\"ZK company\",\"description\":\"Kvalitn\u00e1 kozmetika pre ka\u017edodenn\u00e9 pou\u017eitie\",\"potentialAction\":[{\"@type\":\"SearchAction\",\"target\":{\"@type\":\"EntryPoint\",\"urlTemplate\":\"https:\\\/\\\/zkeshop.sk\\\/?s={search_term_string}\"},\"query-input\":{\"@type\":\"PropertyValueSpecification\",\"valueRequired\":true,\"valueName\":\"search_term_string\"}}],\"inLanguage\":\"en-US\"}]}<\/script>\n<meta property=\"product:price:amount\" content=\"38.00\" \/>\n<meta property=\"product:price:currency\" content=\"EUR\" \/>\n<meta property=\"og:availability\" content=\"instock\" \/>\n<meta property=\"product:availability\" content=\"instock\" \/>\n<meta property=\"product:condition\" content=\"new\" \/>\n<!-- \/ Yoast SEO Premium plugin. -->","yoast_head_json":{"title":"Men's face cream - DERMENFIX - ZK company","robots":{"index":"index","follow":"follow","max-snippet":"max-snippet:-1","max-image-preview":"max-image-preview:large","max-video-preview":"max-video-preview:-1"},"canonical":"https:\/\/zkeshop.sk\/produkt\/pansky-krem-na-tvar-dermenfix\/","og_locale":"en_US","og_type":"article","og_title":"Men's face cream - DERMENFIX","og_description":"Intensive care for men's skin. This moisturizer is specially formulated for men looking for an effective way to keep their skin hydrated and nourished. The combination of highly moisturising and soothing ingredients make this cream ideal for everyday use and also for use after shaving, as it helps to soothe irritated skin and protect it from dryness.","og_url":"https:\/\/zkeshop.sk\/produkt\/pansky-krem-na-tvar-dermenfix\/","og_site_name":"ZK company","article_modified_time":"2025-02-18T09:18:11+00:00","og_image":[{"width":1024,"height":768,"url":"https:\/\/zkeshop.sk\/wp-content\/uploads\/2024\/10\/658-1.jpg","type":"image\/jpeg"}],"twitter_card":"summary_large_image","twitter_misc":{"Price":"38,00&nbsp;&euro;","Availability":"In stock"},"schema":{"@context":"https:\/\/schema.org","@graph":[{"@type":"WebPage","@id":"https:\/\/zkeshop.sk\/produkt\/pansky-krem-na-tvar-dermenfix\/","url":"https:\/\/zkeshop.sk\/produkt\/pansky-krem-na-tvar-dermenfix\/","name":"Men's face cream - DERMENFIX - ZK company","isPartOf":{"@id":"https:\/\/zkeshop.sk\/#website"},"primaryImageOfPage":{"@id":"https:\/\/zkeshop.sk\/produkt\/pansky-krem-na-tvar-dermenfix\/#primaryimage"},"image":{"@id":"https:\/\/zkeshop.sk\/produkt\/pansky-krem-na-tvar-dermenfix\/#primaryimage"},"thumbnailUrl":"https:\/\/zkeshop.sk\/wp-content\/uploads\/2024\/10\/658-1.jpg","datePublished":"2024-11-04T09:19:47+00:00","dateModified":"2025-02-18T09:18:11+00:00","breadcrumb":{"@id":"https:\/\/zkeshop.sk\/produkt\/pansky-krem-na-tvar-dermenfix\/#breadcrumb"},"inLanguage":"en-US","potentialAction":[{"@type":"ReadAction","target":["https:\/\/zkeshop.sk\/produkt\/pansky-krem-na-tvar-dermenfix\/"]}]},{"@type":"ImageObject","inLanguage":"en-US","@id":"https:\/\/zkeshop.sk\/produkt\/pansky-krem-na-tvar-dermenfix\/#primaryimage","url":"https:\/\/zkeshop.sk\/wp-content\/uploads\/2024\/10\/658-1.jpg","contentUrl":"https:\/\/zkeshop.sk\/wp-content\/uploads\/2024\/10\/658-1.jpg","width":1024,"height":768,"caption":"Intenz\u00edvny hydrata\u010dn\u00fd kr\u00e9m DERMENFIX pre mu\u017eov poskytuje v\u00fd\u017eivn\u00fa starostlivos\u0165, upokojuje poko\u017eku po holen\u00ed a zanech\u00e1va ju jemn\u00fa, hladk\u00fa a zdrav\u00fa."},{"@type":"BreadcrumbList","@id":"https:\/\/zkeshop.sk\/produkt\/pansky-krem-na-tvar-dermenfix\/#breadcrumb","itemListElement":[{"@type":"ListItem","position":1,"name":"Home","item":"https:\/\/zkeshop.sk\/"},{"@type":"ListItem","position":2,"name":"Shop","item":"https:\/\/zkeshop.sk\/obchod\/"},{"@type":"ListItem","position":3,"name":"Men&#8217;s face cream &#8211; DERMENFIX"}]},{"@type":"WebSite","@id":"https:\/\/zkeshop.sk\/#website","url":"https:\/\/zkeshop.sk\/","name":"ZK company","description":"Kvalitn\u00e1 kozmetika pre ka\u017edodenn\u00e9 pou\u017eitie","potentialAction":[{"@type":"SearchAction","target":{"@type":"EntryPoint","urlTemplate":"https:\/\/zkeshop.sk\/?s={search_term_string}"},"query-input":{"@type":"PropertyValueSpecification","valueRequired":true,"valueName":"search_term_string"}}],"inLanguage":"en-US"}]},"product_price_amount":"38.00","product_price_currency":"EUR","og_availability":"instock","product_availability":"instock","product_condition":"new"},"_links":{"self":[{"href":"https:\/\/zkeshop.sk\/en\/wp-json\/wp\/v2\/product\/15038","targetHints":{"allow":["GET"]}}],"collection":[{"href":"https:\/\/zkeshop.sk\/en\/wp-json\/wp\/v2\/product"}],"about":[{"href":"https:\/\/zkeshop.sk\/en\/wp-json\/wp\/v2\/types\/product"}],"replies":[{"embeddable":true,"href":"https:\/\/zkeshop.sk\/en\/wp-json\/wp\/v2\/comments?post=15038"}],"version-history":[{"count":0,"href":"https:\/\/zkeshop.sk\/en\/wp-json\/wp\/v2\/product\/15038\/revisions"}],"wp:featuredmedia":[{"embeddable":true,"href":"https:\/\/zkeshop.sk\/en\/wp-json\/wp\/v2\/media\/14037"}],"wp:attachment":[{"href":"https:\/\/zkeshop.sk\/en\/wp-json\/wp\/v2\/media?parent=15038"}],"wp:term":[{"taxonomy":"product_brand","embeddable":true,"href":"https:\/\/zkeshop.sk\/en\/wp-json\/wp\/v2\/product_brand?post=15038"},{"taxonomy":"product_cat","embeddable":true,"href":"https:\/\/zkeshop.sk\/en\/wp-json\/wp\/v2\/product_cat?post=15038"},{"taxonomy":"product_tag","embeddable":true,"href":"https:\/\/zkeshop.sk\/en\/wp-json\/wp\/v2\/product_tag?post=15038"}],"curies":[{"name":"wp","href":"https:\/\/api.w.org\/{rel}","templated":true}]}}