{"id":15043,"date":"2024-11-04T10:19:14","date_gmt":"2024-11-04T09:19:14","guid":{"rendered":"https:\/\/zkeshop.sk\/produkt\/kk-glow-body-butter-without-uv-filters\/"},"modified":"2025-02-18T10:18:13","modified_gmt":"2025-02-18T09:18:13","slug":"kk-glow-body-butter-without-uv-filters","status":"publish","type":"product","link":"https:\/\/zkeshop.sk\/en\/produkt\/kk-glow-body-butter-without-uv-filters\/","title":{"rendered":"KK Glow body butter without UV filters"},"content":{"rendered":"<p><strong>KK Glow with organic argan oil without UV filters.<\/strong><br \/>\nKK Glow body butter with organic oils will give your skin a beautiful, long-lasting and very intense tan. This exclusive, water-resistant tan accelerator without UV filters will literally blow you away. Achieving bronzed skin has never been easier.  <\/p>\n<p>For skin that is not accustomed to sun exposure, we recommend applying a moisturizing sunscreen oil KK with SPF 20, which provides a protective covering layer for the skin.<\/p>\n<p><strong>Effects of Argan KK GLow<\/strong><br \/>\nThanks to KK Glow body butter, you will finally achieve beautiful golden skin. The high content of vitamins A, E, F and antioxidants hydrates the skin, restores elasticity, reduces wrinkles and helps maintain a youthful appearance. The individual ingredients promote collagen production in the body and slow down skin aging.  <\/p>\n<p>Other key ingredients include the most powerful natural antioxidant &#8211; astaxanthin, which has a very positive effect on the human body.<\/p>\n<p><strong>How to use KK Glow without UV factor<\/strong><br \/>\nBefore sunbathing, apply a thin layer to the skin and massage in. KK Glow has a mild consistency, spreads well and is suitable for use in combination with sunscreens as it does not contain UV factor. Use KK Glow after each bath as needed.  <\/p>\n<p><strong>Contains organic oils<\/strong><\/p>\n<p><strong>Benefits of KK Glow Natural Tan Accelerator<\/strong><br \/>\ncontains luxurious organic oils<br \/>\npromotes collagen production<br \/>\nfor a very intense and long-lasting tan<br \/>\nkeeps moisturized and soft glowing skin<br \/>\ncounteracts wrinkles and dry skin<br \/>\nalso suitable for tanning beds<br \/>\nsuitable for people suffering from eczema and problematic skin<br \/>\nirresistible unique scent of Glow or Jasmine<br \/>\nis waterproof<\/p>\n<p>After you have finished tanning, we recommend using a nourishing body scrub to leave your skin perfectly soft and promote a longer lasting tan.<\/p>\n<p><strong>Key ingredients of KK Glow<\/strong><br \/>\n<strong>Organic Argan Oil<\/strong><br \/>\nIt is often called Moroccan gold for its exceptional properties. It is one of the most luxurious and expensive cosmetic oils in the world. Argan oil is a rich source of unsaturated fatty acids, antioxidants, vitamins and phytosterols. It has a high content of vitamins A, E, F and antioxidant substances, thanks to which it moisturizes and regenerates the skin, restores its elasticity and helps to smooth wrinkles. The oil is suitable for sensitive, dry and eczematous skin. It reduces the appearance of wrinkles, moisturizes and helps to maintain the skin&#8217;s youthful appearance. Argan oil is made from the unroasted stones of the fruits of the argania thorny, which grows in Morocco. It contains no additives such as silicones, PEGs, parabens, fragrances, mineral oils or microplastics.       <\/p>\n<p><strong>Astaxanthin &#8211; the antioxidant of the future<\/strong><br \/>\nIt is the most powerful natural antioxidant known to mankind. It is a red pigment from the carotenoid group, which is mainly found in algae, plankton and the animals that eat them (e.g. salmon, crabs, shrimps, lobsters). Astaxanthin gives these plants and animals their typical colouring. In many cases, astaxanthin is referred to as the &#8220;King of all carotenoids&#8221;.   <\/p>\n<p>Unlike many potent antioxidants (vitamin E, beta-carotene, Zeaxanthin&#8230;), which can become pro-oxidants under certain conditions, Astaxanthin does not turn into a pro-oxidant. It neutralizes up to 19 free radicals at a time (most other antioxidants only 1). <\/p>\n<p>6,000 times more powerful than vitamin C<br \/>\n800 times more powerful than coenzyme Q10<br \/>\n550 times more powerful than vitamin E<br \/>\n11 times more powerful than betacarotene<br \/>\nBetacarotene oil<br \/>\nActivates skin cells when sunbathing and promotes a faster and longer-lasting tan thanks to the natural content of betacarotene. Beta-carotene has photoprotective effects. These are mainly attributed to the high content of vitamin A, which improves the skin&#8217;s protective functions, increases the formation of new cells and promotes collagen production. Thanks to these substances, it slows down skin aging and is excellent for wrinkles.   <\/p>\n<p><strong>Coconut oil<\/strong><br \/>\nIt&#8217;s similar to the fats in your skin, so it absorbs great. It has anti-inflammatory properties, it also comes in handy in fighting acne. On your skin, it can deal with rashes, eczema and helps heal scars thanks to its composition. Its magical properties can also fight viruses and yeasts and it works as a natural antibiotic.   <\/p>\n<p><strong>Warning: <\/strong>the product contains beta-carotene, which may stain easily. Not suitable for children. Keep out of reach of children and avoid contact with mucous membranes. It does not contain UV filters, so it does not protect against any type of sunlight.   <\/p>\n<p>Packing 200 ml<\/p>\n<p>Made in the Czech Republic<\/p>\n","protected":false},"excerpt":{"rendered":"<p>Are you going on your dream holiday by the sea? Don&#8217;t forget to pack the unique KK Glow body butter with the beneficial effects of the Glow fragrance. Achieving a glowing golden tan has never been easier.  <\/p>\n","protected":false},"featured_media":14023,"comment_status":"open","ping_status":"closed","template":"","meta":[],"product_brand":[],"product_cat":[142],"product_tag":[],"class_list":{"0":"post-15043","1":"product","2":"type-product","3":"status-publish","4":"has-post-thumbnail","6":"product_cat-body-cosmetics","8":"first","9":"instock","10":"taxable","11":"shipping-taxable","12":"purchasable","13":"product-type-simple"},"yoast_head":"<!-- This site is optimized with the Yoast SEO Premium plugin v27.3 (Yoast SEO v27.3) - https:\/\/yoast.com\/product\/yoast-seo-premium-wordpress\/ -->\n<title>KK Glow body butter without UV filters - ZK company<\/title>\n<meta name=\"robots\" content=\"index, follow, max-snippet:-1, max-image-preview:large, max-video-preview:-1\" \/>\n<link rel=\"canonical\" href=\"https:\/\/zkeshop.sk\/en\/produkt\/kk-glow-body-butter-without-uv-filters\/\" \/>\n<meta property=\"og:locale\" content=\"en_US\" \/>\n<meta property=\"og:type\" content=\"article\" \/>\n<meta property=\"og:title\" content=\"KK Glow body butter without UV filters\" \/>\n<meta property=\"og:description\" content=\"Are you going on your dream holiday by the sea? Don&#039;t forget to pack the unique KK Glow body butter with the beneficial effects of the Glow fragrance. Achieving a glowing golden tan has never been easier.\" \/>\n<meta property=\"og:url\" content=\"https:\/\/zkeshop.sk\/en\/produkt\/kk-glow-body-butter-without-uv-filters\/\" \/>\n<meta property=\"og:site_name\" content=\"ZK company\" \/>\n<meta property=\"article:modified_time\" content=\"2025-02-18T09:18:13+00:00\" \/>\n<meta property=\"og:image\" content=\"https:\/\/zkeshop.sk\/wp-content\/uploads\/2024\/10\/110-5.jpg\" \/>\n\t<meta property=\"og:image:width\" content=\"1024\" \/>\n\t<meta property=\"og:image:height\" content=\"768\" \/>\n\t<meta property=\"og:image:type\" content=\"image\/jpeg\" \/>\n<meta name=\"twitter:card\" content=\"summary_large_image\" \/>\n<meta name=\"twitter:label1\" content=\"Price\" \/>\n\t<meta name=\"twitter:data1\" content=\"23,60&nbsp;&euro;\" \/>\n\t<meta name=\"twitter:label2\" content=\"Availability\" \/>\n\t<meta name=\"twitter:data2\" content=\"In stock\" \/>\n<script type=\"application\/ld+json\" class=\"yoast-schema-graph\">{\"@context\":\"https:\\\/\\\/schema.org\",\"@graph\":[{\"@type\":\"WebPage\",\"@id\":\"https:\\\/\\\/zkeshop.sk\\\/en\\\/produkt\\\/kk-glow-body-butter-without-uv-filters\\\/\",\"url\":\"https:\\\/\\\/zkeshop.sk\\\/en\\\/produkt\\\/kk-glow-body-butter-without-uv-filters\\\/\",\"name\":\"KK Glow body butter without UV filters - ZK company\",\"isPartOf\":{\"@id\":\"https:\\\/\\\/zkeshop.sk\\\/#website\"},\"primaryImageOfPage\":{\"@id\":\"https:\\\/\\\/zkeshop.sk\\\/en\\\/produkt\\\/kk-glow-body-butter-without-uv-filters\\\/#primaryimage\"},\"image\":{\"@id\":\"https:\\\/\\\/zkeshop.sk\\\/en\\\/produkt\\\/kk-glow-body-butter-without-uv-filters\\\/#primaryimage\"},\"thumbnailUrl\":\"https:\\\/\\\/zkeshop.sk\\\/wp-content\\\/uploads\\\/2024\\\/10\\\/110-5.jpg\",\"datePublished\":\"2024-11-04T09:19:14+00:00\",\"dateModified\":\"2025-02-18T09:18:13+00:00\",\"breadcrumb\":{\"@id\":\"https:\\\/\\\/zkeshop.sk\\\/en\\\/produkt\\\/kk-glow-body-butter-without-uv-filters\\\/#breadcrumb\"},\"inLanguage\":\"en-US\",\"potentialAction\":[{\"@type\":\"ReadAction\",\"target\":[\"https:\\\/\\\/zkeshop.sk\\\/en\\\/produkt\\\/kk-glow-body-butter-without-uv-filters\\\/\"]}]},{\"@type\":\"ImageObject\",\"inLanguage\":\"en-US\",\"@id\":\"https:\\\/\\\/zkeshop.sk\\\/en\\\/produkt\\\/kk-glow-body-butter-without-uv-filters\\\/#primaryimage\",\"url\":\"https:\\\/\\\/zkeshop.sk\\\/wp-content\\\/uploads\\\/2024\\\/10\\\/110-5.jpg\",\"contentUrl\":\"https:\\\/\\\/zkeshop.sk\\\/wp-content\\\/uploads\\\/2024\\\/10\\\/110-5.jpg\",\"width\":1024,\"height\":768,\"caption\":\"Pr\u00edrodn\u00e9 telov\u00e9 maslo KK Glow s bio arganov\u00fdm olejom bez UV filtrov podporuje intenz\u00edvne op\u00e1lenie, hydratuje poko\u017eku, vy\u017eivuje ju a chr\u00e1ni pred starnut\u00edm.\"},{\"@type\":\"BreadcrumbList\",\"@id\":\"https:\\\/\\\/zkeshop.sk\\\/en\\\/produkt\\\/kk-glow-body-butter-without-uv-filters\\\/#breadcrumb\",\"itemListElement\":[{\"@type\":\"ListItem\",\"position\":1,\"name\":\"Home\",\"item\":\"https:\\\/\\\/zkeshop.sk\\\/\"},{\"@type\":\"ListItem\",\"position\":2,\"name\":\"Shop\",\"item\":\"https:\\\/\\\/zkeshop.sk\\\/obchod\\\/\"},{\"@type\":\"ListItem\",\"position\":3,\"name\":\"KK Glow body butter without UV filters\"}]},{\"@type\":\"WebSite\",\"@id\":\"https:\\\/\\\/zkeshop.sk\\\/#website\",\"url\":\"https:\\\/\\\/zkeshop.sk\\\/\",\"name\":\"ZK company\",\"description\":\"Kvalitn\u00e1 kozmetika pre ka\u017edodenn\u00e9 pou\u017eitie\",\"potentialAction\":[{\"@type\":\"SearchAction\",\"target\":{\"@type\":\"EntryPoint\",\"urlTemplate\":\"https:\\\/\\\/zkeshop.sk\\\/?s={search_term_string}\"},\"query-input\":{\"@type\":\"PropertyValueSpecification\",\"valueRequired\":true,\"valueName\":\"search_term_string\"}}],\"inLanguage\":\"en-US\"}]}<\/script>\n<meta property=\"product:price:amount\" content=\"23.60\" \/>\n<meta property=\"product:price:currency\" content=\"EUR\" \/>\n<meta property=\"og:availability\" content=\"instock\" \/>\n<meta property=\"product:availability\" content=\"instock\" \/>\n<meta property=\"product:condition\" content=\"new\" \/>\n<!-- \/ Yoast SEO Premium plugin. -->","yoast_head_json":{"title":"KK Glow body butter without UV filters - ZK company","robots":{"index":"index","follow":"follow","max-snippet":"max-snippet:-1","max-image-preview":"max-image-preview:large","max-video-preview":"max-video-preview:-1"},"canonical":"https:\/\/zkeshop.sk\/en\/produkt\/kk-glow-body-butter-without-uv-filters\/","og_locale":"en_US","og_type":"article","og_title":"KK Glow body butter without UV filters","og_description":"Are you going on your dream holiday by the sea? Don't forget to pack the unique KK Glow body butter with the beneficial effects of the Glow fragrance. Achieving a glowing golden tan has never been easier.","og_url":"https:\/\/zkeshop.sk\/en\/produkt\/kk-glow-body-butter-without-uv-filters\/","og_site_name":"ZK company","article_modified_time":"2025-02-18T09:18:13+00:00","og_image":[{"width":1024,"height":768,"url":"https:\/\/zkeshop.sk\/wp-content\/uploads\/2024\/10\/110-5.jpg","type":"image\/jpeg"}],"twitter_card":"summary_large_image","twitter_misc":{"Price":"23,60&nbsp;&euro;","Availability":"In stock"},"schema":{"@context":"https:\/\/schema.org","@graph":[{"@type":"WebPage","@id":"https:\/\/zkeshop.sk\/en\/produkt\/kk-glow-body-butter-without-uv-filters\/","url":"https:\/\/zkeshop.sk\/en\/produkt\/kk-glow-body-butter-without-uv-filters\/","name":"KK Glow body butter without UV filters - ZK company","isPartOf":{"@id":"https:\/\/zkeshop.sk\/#website"},"primaryImageOfPage":{"@id":"https:\/\/zkeshop.sk\/en\/produkt\/kk-glow-body-butter-without-uv-filters\/#primaryimage"},"image":{"@id":"https:\/\/zkeshop.sk\/en\/produkt\/kk-glow-body-butter-without-uv-filters\/#primaryimage"},"thumbnailUrl":"https:\/\/zkeshop.sk\/wp-content\/uploads\/2024\/10\/110-5.jpg","datePublished":"2024-11-04T09:19:14+00:00","dateModified":"2025-02-18T09:18:13+00:00","breadcrumb":{"@id":"https:\/\/zkeshop.sk\/en\/produkt\/kk-glow-body-butter-without-uv-filters\/#breadcrumb"},"inLanguage":"en-US","potentialAction":[{"@type":"ReadAction","target":["https:\/\/zkeshop.sk\/en\/produkt\/kk-glow-body-butter-without-uv-filters\/"]}]},{"@type":"ImageObject","inLanguage":"en-US","@id":"https:\/\/zkeshop.sk\/en\/produkt\/kk-glow-body-butter-without-uv-filters\/#primaryimage","url":"https:\/\/zkeshop.sk\/wp-content\/uploads\/2024\/10\/110-5.jpg","contentUrl":"https:\/\/zkeshop.sk\/wp-content\/uploads\/2024\/10\/110-5.jpg","width":1024,"height":768,"caption":"Pr\u00edrodn\u00e9 telov\u00e9 maslo KK Glow s bio arganov\u00fdm olejom bez UV filtrov podporuje intenz\u00edvne op\u00e1lenie, hydratuje poko\u017eku, vy\u017eivuje ju a chr\u00e1ni pred starnut\u00edm."},{"@type":"BreadcrumbList","@id":"https:\/\/zkeshop.sk\/en\/produkt\/kk-glow-body-butter-without-uv-filters\/#breadcrumb","itemListElement":[{"@type":"ListItem","position":1,"name":"Home","item":"https:\/\/zkeshop.sk\/"},{"@type":"ListItem","position":2,"name":"Shop","item":"https:\/\/zkeshop.sk\/obchod\/"},{"@type":"ListItem","position":3,"name":"KK Glow body butter without UV filters"}]},{"@type":"WebSite","@id":"https:\/\/zkeshop.sk\/#website","url":"https:\/\/zkeshop.sk\/","name":"ZK company","description":"Kvalitn\u00e1 kozmetika pre ka\u017edodenn\u00e9 pou\u017eitie","potentialAction":[{"@type":"SearchAction","target":{"@type":"EntryPoint","urlTemplate":"https:\/\/zkeshop.sk\/?s={search_term_string}"},"query-input":{"@type":"PropertyValueSpecification","valueRequired":true,"valueName":"search_term_string"}}],"inLanguage":"en-US"}]},"product_price_amount":"23.60","product_price_currency":"EUR","og_availability":"instock","product_availability":"instock","product_condition":"new"},"_links":{"self":[{"href":"https:\/\/zkeshop.sk\/en\/wp-json\/wp\/v2\/product\/15043","targetHints":{"allow":["GET"]}}],"collection":[{"href":"https:\/\/zkeshop.sk\/en\/wp-json\/wp\/v2\/product"}],"about":[{"href":"https:\/\/zkeshop.sk\/en\/wp-json\/wp\/v2\/types\/product"}],"replies":[{"embeddable":true,"href":"https:\/\/zkeshop.sk\/en\/wp-json\/wp\/v2\/comments?post=15043"}],"version-history":[{"count":0,"href":"https:\/\/zkeshop.sk\/en\/wp-json\/wp\/v2\/product\/15043\/revisions"}],"wp:featuredmedia":[{"embeddable":true,"href":"https:\/\/zkeshop.sk\/en\/wp-json\/wp\/v2\/media\/14023"}],"wp:attachment":[{"href":"https:\/\/zkeshop.sk\/en\/wp-json\/wp\/v2\/media?parent=15043"}],"wp:term":[{"taxonomy":"product_brand","embeddable":true,"href":"https:\/\/zkeshop.sk\/en\/wp-json\/wp\/v2\/product_brand?post=15043"},{"taxonomy":"product_cat","embeddable":true,"href":"https:\/\/zkeshop.sk\/en\/wp-json\/wp\/v2\/product_cat?post=15043"},{"taxonomy":"product_tag","embeddable":true,"href":"https:\/\/zkeshop.sk\/en\/wp-json\/wp\/v2\/product_tag?post=15043"}],"curies":[{"name":"wp","href":"https:\/\/api.w.org\/{rel}","templated":true}]}}