{"id":15050,"date":"2025-01-30T09:40:16","date_gmt":"2025-01-30T08:40:16","guid":{"rendered":"https:\/\/zkeshop.sk\/produkt\/medik-8-calmwise-soothing-cleanser-travel-pack\/"},"modified":"2025-05-06T13:27:13","modified_gmt":"2025-05-06T11:27:13","slug":"medik-8-calmwise-soothing-cleanser-travel-pack","status":"publish","type":"product","link":"https:\/\/zkeshop.sk\/en\/produkt\/medik-8-calmwise-soothing-cleanser-travel-pack\/","title":{"rendered":"Medik 8 Calmwise Soothing Cleanser &#8211; Travel Pack"},"content":{"rendered":"<h5 class=\"eshop-product-detail__subtitle\">Ultra-fine chlorophyll cleaning foam<\/h5>\n<div class=\"eshop-product-detail__perex\">\n<p>A cleanser for all those who have hypersensitive skin prone to blushing. Red sensitive skin requires extra care. The gentle cleansing foam not only cleanses the skin but also provides relief from burning and tightness. Thanks to active latices, it also slows down the skin&#8217;s aging process and accelerates skin renewal.<\/p>\n<\/div>\n<h2>Active reduction of skin redness<\/h2>\n<p>For sensitive skin, cleansing is very important. The skin tends to be irritated by impurities, but owners of excessively sensitive skin often have bad experiences with unfriendly cleansers. CALMWISE SOOTHING CLEANSER, a soothing cleansing foam for people with skin erythema, has been developed just for them. Skin redness can be associated with hypersensitivity, thread veins or rosacea. CALMWISE SOOTHING CLEANSER cleansing foam can be used by owners of all the manifestations described. It contains Teprenone, which is a patented active ingredient proven to reduce skin redness caused by facial thread veins and mild rosacea. Teprenone is also proven to reduce the signs of aging because it extends the life of cell telomeres, which means the cell can continue to divide.<\/p>\n<h2>No more tingling or redness<\/h2>\n<ul>\n<li>Gentle yet deep cleansing ability.<\/li>\n<li>Provides intense soothing relief from permanent redness and burning due to skin hypersensitivity.<\/li>\n<li>Teprenone reduces erythrosis by up to 30% after 1 month of topical use.<\/li>\n<li>Visibly reduces the signs of skin aging.<\/li>\n<li>Eliminates soreness and skin damage.<\/li>\n<li>It strengthens capillary walls and improves blood coagulation.<\/li>\n<\/ul>\n<h2>No side effects<\/h2>\n<ul>\n<li>Suitable for very sensitive skin.<\/li>\n<li>The main active ingredient, Teprenone, has a proven effect without causing side side effects when applied topically.<\/li>\n<li>Thanks to the pump applicator, the foam is very easy to use.<\/li>\n<li>Does not contain parabens, soap, or other irritants.<\/li>\n<li>It has an anti-inflammatory effect.<\/li>\n<li>The light foam is very gentle to the skin, easy to spread, so the application is not unpleasant.<\/li>\n<\/ul>\n<h2>Suitable for cleaning &#8230;<\/h2>\n<ul>\n<li>Excessively sensitive skin<\/li>\n<li>Sensitive skin<\/li>\n<li>Knits with inflammation<\/li>\n<li>Erymatous skin<\/li>\n<\/ul>\n<h2>3 active ingredients for sensitive skin<\/h2>\n<p><strong>Teprenon:<\/strong><br \/>\nAn effective ingredient for counteracting redness. Promotes cell renewal and therefore skin rejuvenation. It has excellent effects in preventing and limiting excessive skin sensitivity.<\/p>\n<p><strong>Vitamin K2:<\/strong><br \/>\nThis vitamin strengthens capillary walls and improves blood coagulation.<\/p>\n<p><strong>Organic orange oil:<\/strong><br \/>\nIt softens the skin, plus it has an anti-inflammatory effect.<\/p>\n<h2>Travel pack for 26 applications<\/h2>\n<ul>\n<li>We recommend to use it twice a day, ideally in the morning and evening. Apply a small amount of product in wet hands and massage onto damp face, neck and d\u00e9collet\u00e9 if necessary. After gentle massage, rinse thoroughly and pat dry.<\/li>\n<li>The 40 ml pack lasts up to 26 applications.<\/li>\n<li>Once opened, it will last 36 months.<\/li>\n<\/ul>\n","protected":false},"excerpt":{"rendered":"<h5 class=\"eshop-product-detail__subtitle\">Ultra-fine chlorophyll cleaning foam<\/h5>\n<div class=\"eshop-product-detail__perex\">\n<p>A cleanser for all those who have hypersensitive skin prone to blushing. Red sensitive skin requires extra care. The gentle cleansing foam not only cleanses the skin but also provides relief from burning and tightness. Thanks to active latices, it also slows down the skin&#8217;s aging process and accelerates skin renewal.<\/p>\n<\/div>\n","protected":false},"featured_media":14307,"comment_status":"open","ping_status":"closed","template":"","meta":[],"product_brand":[],"product_cat":[207,74,201,209,186,180,203],"product_tag":[160],"class_list":{"0":"post-15050","1":"product","2":"type-product","3":"status-publish","4":"has-post-thumbnail","6":"product_cat-day","7":"product_cat-face-creams","8":"product_cat-medik8-en","9":"product_cat-night","10":"product_cat-normal-skin","11":"product_cat-sensitive-skin","12":"product_cat-travel-packs","13":"product_tag-medik8-en","15":"first","16":"instock","17":"taxable","18":"shipping-taxable","19":"purchasable","20":"product-type-simple"},"yoast_head":"<!-- This site is optimized with the Yoast SEO Premium plugin v27.3 (Yoast SEO v27.3) - https:\/\/yoast.com\/product\/yoast-seo-premium-wordpress\/ -->\n<title>Medik 8 Calmwise Soothing Cleanser - Travel Pack - ZK company<\/title>\n<meta name=\"description\" content=\"A cleanser for all those who have hypersensitive skin prone to blushing. Red sensitive skin requires extra care.\" \/>\n<meta name=\"robots\" content=\"index, follow, max-snippet:-1, max-image-preview:large, max-video-preview:-1\" \/>\n<link rel=\"canonical\" href=\"https:\/\/zkeshop.sk\/en\/produkt\/medik-8-calmwise-soothing-cleanser-travel-pack\/\" \/>\n<meta property=\"og:locale\" content=\"en_US\" \/>\n<meta property=\"og:type\" content=\"article\" \/>\n<meta property=\"og:title\" content=\"Medik 8 Calmwise Soothing Cleanser - Travel Pack\" \/>\n<meta property=\"og:description\" content=\"A cleanser for all those who have hypersensitive skin prone to blushing. Red sensitive skin requires extra care.\" \/>\n<meta property=\"og:url\" content=\"https:\/\/zkeshop.sk\/en\/produkt\/medik-8-calmwise-soothing-cleanser-travel-pack\/\" \/>\n<meta property=\"og:site_name\" content=\"ZK company\" \/>\n<meta property=\"article:modified_time\" content=\"2025-05-06T11:27:13+00:00\" \/>\n<meta property=\"og:image\" content=\"https:\/\/zkeshop.sk\/wp-content\/uploads\/2025\/01\/Copy-of-Calmwise-Soothing-Cleanser-B-1024x1024.png\" \/>\n\t<meta property=\"og:image:width\" content=\"1024\" \/>\n\t<meta property=\"og:image:height\" content=\"1024\" \/>\n\t<meta property=\"og:image:type\" content=\"image\/png\" \/>\n<meta name=\"twitter:card\" content=\"summary_large_image\" \/>\n<meta name=\"twitter:label1\" content=\"Price\" \/>\n\t<meta name=\"twitter:data1\" content=\"10,00&nbsp;&euro;\" \/>\n\t<meta name=\"twitter:label2\" content=\"Availability\" \/>\n\t<meta name=\"twitter:data2\" content=\"In stock\" \/>\n<script type=\"application\/ld+json\" class=\"yoast-schema-graph\">{\"@context\":\"https:\\\/\\\/schema.org\",\"@graph\":[{\"@type\":\"WebPage\",\"@id\":\"https:\\\/\\\/zkeshop.sk\\\/en\\\/produkt\\\/medik-8-calmwise-soothing-cleanser-travel-pack\\\/\",\"url\":\"https:\\\/\\\/zkeshop.sk\\\/en\\\/produkt\\\/medik-8-calmwise-soothing-cleanser-travel-pack\\\/\",\"name\":\"Medik 8 Calmwise Soothing Cleanser - Travel Pack - ZK company\",\"isPartOf\":{\"@id\":\"https:\\\/\\\/zkeshop.sk\\\/#website\"},\"primaryImageOfPage\":{\"@id\":\"https:\\\/\\\/zkeshop.sk\\\/en\\\/produkt\\\/medik-8-calmwise-soothing-cleanser-travel-pack\\\/#primaryimage\"},\"image\":{\"@id\":\"https:\\\/\\\/zkeshop.sk\\\/en\\\/produkt\\\/medik-8-calmwise-soothing-cleanser-travel-pack\\\/#primaryimage\"},\"thumbnailUrl\":\"https:\\\/\\\/zkeshop.sk\\\/wp-content\\\/uploads\\\/2025\\\/01\\\/Copy-of-Calmwise-Soothing-Cleanser-B.png\",\"datePublished\":\"2025-01-30T08:40:16+00:00\",\"dateModified\":\"2025-05-06T11:27:13+00:00\",\"description\":\"A cleanser for all those who have hypersensitive skin prone to blushing. Red sensitive skin requires extra care.\",\"breadcrumb\":{\"@id\":\"https:\\\/\\\/zkeshop.sk\\\/en\\\/produkt\\\/medik-8-calmwise-soothing-cleanser-travel-pack\\\/#breadcrumb\"},\"inLanguage\":\"en-US\",\"potentialAction\":[{\"@type\":\"ReadAction\",\"target\":[\"https:\\\/\\\/zkeshop.sk\\\/en\\\/produkt\\\/medik-8-calmwise-soothing-cleanser-travel-pack\\\/\"]}]},{\"@type\":\"ImageObject\",\"inLanguage\":\"en-US\",\"@id\":\"https:\\\/\\\/zkeshop.sk\\\/en\\\/produkt\\\/medik-8-calmwise-soothing-cleanser-travel-pack\\\/#primaryimage\",\"url\":\"https:\\\/\\\/zkeshop.sk\\\/wp-content\\\/uploads\\\/2025\\\/01\\\/Copy-of-Calmwise-Soothing-Cleanser-B.png\",\"contentUrl\":\"https:\\\/\\\/zkeshop.sk\\\/wp-content\\\/uploads\\\/2025\\\/01\\\/Copy-of-Calmwise-Soothing-Cleanser-B.png\",\"width\":2000,\"height\":2000,\"caption\":\"\u010cistiaci prostriedok pre v\u0161etk\u00fdch, ktor\u00ed maj\u00fa nadmerne citliv\u00fa ple\u0165 so sklonom k \u010dervenaniu. \u010cerven\u00e1 citliv\u00e1 poko\u017eka vy\u017eaduje zv\u00fd\u0161en\u00fa starostlivos\u0165.\"},{\"@type\":\"BreadcrumbList\",\"@id\":\"https:\\\/\\\/zkeshop.sk\\\/en\\\/produkt\\\/medik-8-calmwise-soothing-cleanser-travel-pack\\\/#breadcrumb\",\"itemListElement\":[{\"@type\":\"ListItem\",\"position\":1,\"name\":\"Home\",\"item\":\"https:\\\/\\\/zkeshop.sk\\\/\"},{\"@type\":\"ListItem\",\"position\":2,\"name\":\"Shop\",\"item\":\"https:\\\/\\\/zkeshop.sk\\\/obchod\\\/\"},{\"@type\":\"ListItem\",\"position\":3,\"name\":\"Medik 8 Calmwise Soothing Cleanser &#8211; Travel Pack\"}]},{\"@type\":\"WebSite\",\"@id\":\"https:\\\/\\\/zkeshop.sk\\\/#website\",\"url\":\"https:\\\/\\\/zkeshop.sk\\\/\",\"name\":\"ZK company\",\"description\":\"Kvalitn\u00e1 kozmetika pre ka\u017edodenn\u00e9 pou\u017eitie\",\"potentialAction\":[{\"@type\":\"SearchAction\",\"target\":{\"@type\":\"EntryPoint\",\"urlTemplate\":\"https:\\\/\\\/zkeshop.sk\\\/?s={search_term_string}\"},\"query-input\":{\"@type\":\"PropertyValueSpecification\",\"valueRequired\":true,\"valueName\":\"search_term_string\"}}],\"inLanguage\":\"en-US\"}]}<\/script>\n<meta property=\"product:price:amount\" content=\"10.00\" \/>\n<meta property=\"product:price:currency\" content=\"EUR\" \/>\n<meta property=\"og:availability\" content=\"instock\" \/>\n<meta property=\"product:availability\" content=\"instock\" \/>\n<meta property=\"product:condition\" content=\"new\" \/>\n<!-- \/ Yoast SEO Premium plugin. -->","yoast_head_json":{"title":"Medik 8 Calmwise Soothing Cleanser - Travel Pack - ZK company","description":"A cleanser for all those who have hypersensitive skin prone to blushing. Red sensitive skin requires extra care.","robots":{"index":"index","follow":"follow","max-snippet":"max-snippet:-1","max-image-preview":"max-image-preview:large","max-video-preview":"max-video-preview:-1"},"canonical":"https:\/\/zkeshop.sk\/en\/produkt\/medik-8-calmwise-soothing-cleanser-travel-pack\/","og_locale":"en_US","og_type":"article","og_title":"Medik 8 Calmwise Soothing Cleanser - Travel Pack","og_description":"A cleanser for all those who have hypersensitive skin prone to blushing. Red sensitive skin requires extra care.","og_url":"https:\/\/zkeshop.sk\/en\/produkt\/medik-8-calmwise-soothing-cleanser-travel-pack\/","og_site_name":"ZK company","article_modified_time":"2025-05-06T11:27:13+00:00","og_image":[{"width":1024,"height":1024,"url":"https:\/\/zkeshop.sk\/wp-content\/uploads\/2025\/01\/Copy-of-Calmwise-Soothing-Cleanser-B-1024x1024.png","type":"image\/png"}],"twitter_card":"summary_large_image","twitter_misc":{"Price":"10,00&nbsp;&euro;","Availability":"In stock"},"schema":{"@context":"https:\/\/schema.org","@graph":[{"@type":"WebPage","@id":"https:\/\/zkeshop.sk\/en\/produkt\/medik-8-calmwise-soothing-cleanser-travel-pack\/","url":"https:\/\/zkeshop.sk\/en\/produkt\/medik-8-calmwise-soothing-cleanser-travel-pack\/","name":"Medik 8 Calmwise Soothing Cleanser - Travel Pack - ZK company","isPartOf":{"@id":"https:\/\/zkeshop.sk\/#website"},"primaryImageOfPage":{"@id":"https:\/\/zkeshop.sk\/en\/produkt\/medik-8-calmwise-soothing-cleanser-travel-pack\/#primaryimage"},"image":{"@id":"https:\/\/zkeshop.sk\/en\/produkt\/medik-8-calmwise-soothing-cleanser-travel-pack\/#primaryimage"},"thumbnailUrl":"https:\/\/zkeshop.sk\/wp-content\/uploads\/2025\/01\/Copy-of-Calmwise-Soothing-Cleanser-B.png","datePublished":"2025-01-30T08:40:16+00:00","dateModified":"2025-05-06T11:27:13+00:00","description":"A cleanser for all those who have hypersensitive skin prone to blushing. Red sensitive skin requires extra care.","breadcrumb":{"@id":"https:\/\/zkeshop.sk\/en\/produkt\/medik-8-calmwise-soothing-cleanser-travel-pack\/#breadcrumb"},"inLanguage":"en-US","potentialAction":[{"@type":"ReadAction","target":["https:\/\/zkeshop.sk\/en\/produkt\/medik-8-calmwise-soothing-cleanser-travel-pack\/"]}]},{"@type":"ImageObject","inLanguage":"en-US","@id":"https:\/\/zkeshop.sk\/en\/produkt\/medik-8-calmwise-soothing-cleanser-travel-pack\/#primaryimage","url":"https:\/\/zkeshop.sk\/wp-content\/uploads\/2025\/01\/Copy-of-Calmwise-Soothing-Cleanser-B.png","contentUrl":"https:\/\/zkeshop.sk\/wp-content\/uploads\/2025\/01\/Copy-of-Calmwise-Soothing-Cleanser-B.png","width":2000,"height":2000,"caption":"\u010cistiaci prostriedok pre v\u0161etk\u00fdch, ktor\u00ed maj\u00fa nadmerne citliv\u00fa ple\u0165 so sklonom k \u010dervenaniu. \u010cerven\u00e1 citliv\u00e1 poko\u017eka vy\u017eaduje zv\u00fd\u0161en\u00fa starostlivos\u0165."},{"@type":"BreadcrumbList","@id":"https:\/\/zkeshop.sk\/en\/produkt\/medik-8-calmwise-soothing-cleanser-travel-pack\/#breadcrumb","itemListElement":[{"@type":"ListItem","position":1,"name":"Home","item":"https:\/\/zkeshop.sk\/"},{"@type":"ListItem","position":2,"name":"Shop","item":"https:\/\/zkeshop.sk\/obchod\/"},{"@type":"ListItem","position":3,"name":"Medik 8 Calmwise Soothing Cleanser &#8211; Travel Pack"}]},{"@type":"WebSite","@id":"https:\/\/zkeshop.sk\/#website","url":"https:\/\/zkeshop.sk\/","name":"ZK company","description":"Kvalitn\u00e1 kozmetika pre ka\u017edodenn\u00e9 pou\u017eitie","potentialAction":[{"@type":"SearchAction","target":{"@type":"EntryPoint","urlTemplate":"https:\/\/zkeshop.sk\/?s={search_term_string}"},"query-input":{"@type":"PropertyValueSpecification","valueRequired":true,"valueName":"search_term_string"}}],"inLanguage":"en-US"}]},"product_price_amount":"10.00","product_price_currency":"EUR","og_availability":"instock","product_availability":"instock","product_condition":"new"},"_links":{"self":[{"href":"https:\/\/zkeshop.sk\/en\/wp-json\/wp\/v2\/product\/15050","targetHints":{"allow":["GET"]}}],"collection":[{"href":"https:\/\/zkeshop.sk\/en\/wp-json\/wp\/v2\/product"}],"about":[{"href":"https:\/\/zkeshop.sk\/en\/wp-json\/wp\/v2\/types\/product"}],"replies":[{"embeddable":true,"href":"https:\/\/zkeshop.sk\/en\/wp-json\/wp\/v2\/comments?post=15050"}],"version-history":[{"count":0,"href":"https:\/\/zkeshop.sk\/en\/wp-json\/wp\/v2\/product\/15050\/revisions"}],"wp:featuredmedia":[{"embeddable":true,"href":"https:\/\/zkeshop.sk\/en\/wp-json\/wp\/v2\/media\/14307"}],"wp:attachment":[{"href":"https:\/\/zkeshop.sk\/en\/wp-json\/wp\/v2\/media?parent=15050"}],"wp:term":[{"taxonomy":"product_brand","embeddable":true,"href":"https:\/\/zkeshop.sk\/en\/wp-json\/wp\/v2\/product_brand?post=15050"},{"taxonomy":"product_cat","embeddable":true,"href":"https:\/\/zkeshop.sk\/en\/wp-json\/wp\/v2\/product_cat?post=15050"},{"taxonomy":"product_tag","embeddable":true,"href":"https:\/\/zkeshop.sk\/en\/wp-json\/wp\/v2\/product_tag?post=15050"}],"curies":[{"name":"wp","href":"https:\/\/api.w.org\/{rel}","templated":true}]}}