{"id":15052,"date":"2025-01-14T18:22:35","date_gmt":"2025-01-14T17:22:35","guid":{"rendered":"https:\/\/zkeshop.sk\/produkt\/medik-8-advance-night-restore\/"},"modified":"2026-03-27T09:19:29","modified_gmt":"2026-03-27T08:19:29","slug":"medik-8-advance-night-restore","status":"publish","type":"product","link":"https:\/\/zkeshop.sk\/en\/produkt\/medik-8-advance-night-restore\/","title":{"rendered":"Medik 8 Advance Night Restore"},"content":{"rendered":"<h5 class=\"eshop-product-detail__subtitle\">Deeply moisturising night cream<\/h5>\n<div class=\"eshop-product-detail__perex\">\n<p>Rejuvenate your skin overnight with this moisturiser and wake up every morning with a fresh, radiant and glowing complexion. ADVANCED NIGHT RESTORE stops the aging process and smooths already-formed wrinkles.<\/p>\n<h2>Night cream with ceramides<\/h2>\n<p>ADVANCED NIGHT RESTORE is a night moisturizer containing <a href=\"https:\/\/www.annabrandejs.sk\/slovnik-pojmov\/ceramidy-a2508\">ceramides<\/a> in an optimal ratio to ensure the best penetration and use in the deeper layers of the skin. A complex of ceramide 1, ceramide 3, cholesterol and fatty acids helps to volumise and hydrate the skin while restoring its <a href=\"https:\/\/www.annabrandejs.sk\/slovnik-pojmov\/kozny-plast-a2076\">natural protective barrier<\/a>.<\/p>\n<h2>Acts while you sleep<\/h2>\n<p>In addition to ADVANCED NIGHT RESTORE Midnight Repair Complex\u2122 containing a complex of ingredients designed to rejuvenate the skin overnight, it also contains powerful <a href=\"https:\/\/www.annabrandejs.sk\/slovnik-pojmov\/antioxidanty-a1905\">antioxidants<\/a> such as dragon fruit extract, Alaskan blueberry (fly agaric) and skin-restoring peptides that work together to stimulate skin cell rejuvenation during the night. It also prevents skin damage from <a href=\"https:\/\/www.annabrandejs.sk\/slovnik-pojmov\/volne-radikaly-a1948\">free radicals<\/a> that have accumulated in the skin due to external pollution and <a href=\"https:\/\/www.annabrandejs.sk\/slovnik-pojmov\/ultrafialove-ziarenie-uv-a2075\">ultraviolet rays<\/a>. When you wake up in the morning, your tired, dull skin will be refreshed, hydrated, radiant and glowing.<\/p>\n<h2>Wake up a few years younger<\/h2>\n<h5 class=\"eshop-product-detail__subtitle\"><img loading=\"lazy\" decoding=\"async\" class=\" wp-image-14431 alignright\" src=\"https:\/\/zkeshop.sk\/wp-content\/uploads\/2025\/01\/Copy-of-Advanced-Night-Restore-Usage-300x300.jpg\" alt=\"\" width=\"440\" height=\"440\" srcset=\"https:\/\/zkeshop.sk\/wp-content\/uploads\/2025\/01\/Copy-of-Advanced-Night-Restore-Usage-300x300.jpg 300w, https:\/\/zkeshop.sk\/wp-content\/uploads\/2025\/01\/Copy-of-Advanced-Night-Restore-Usage-1024x1024.jpg 1024w, https:\/\/zkeshop.sk\/wp-content\/uploads\/2025\/01\/Copy-of-Advanced-Night-Restore-Usage-150x150.jpg 150w, https:\/\/zkeshop.sk\/wp-content\/uploads\/2025\/01\/Copy-of-Advanced-Night-Restore-Usage-768x768.jpg 768w, https:\/\/zkeshop.sk\/wp-content\/uploads\/2025\/01\/Copy-of-Advanced-Night-Restore-Usage-1536x1536.jpg 1536w, https:\/\/zkeshop.sk\/wp-content\/uploads\/2025\/01\/Copy-of-Advanced-Night-Restore-Usage-400x400.jpg 400w, https:\/\/zkeshop.sk\/wp-content\/uploads\/2025\/01\/Copy-of-Advanced-Night-Restore-Usage-600x600.jpg 600w, https:\/\/zkeshop.sk\/wp-content\/uploads\/2025\/01\/Copy-of-Advanced-Night-Restore-Usage-1200x1200.jpg 1200w, https:\/\/zkeshop.sk\/wp-content\/uploads\/2025\/01\/Copy-of-Advanced-Night-Restore-Usage.jpg 2000w\" sizes=\"auto, (max-width: 440px) 100vw, 440px\" \/><\/h5>\n<p>&nbsp;<\/p>\n<ul>\n<li>Overnight skin rejuvenation<\/li>\n<li>Promotes natural <a href=\"https:\/\/www.annabrandejs.sk\/slovnik-pojmov\/kolagen-a1947\">collagen<\/a> production, smoothes and firms the skin<\/li>\n<li>Helps to reduce wrinkles and signs of aging<\/li>\n<li>Brightens the skin<\/li>\n<li>Restores, protects and soothes the skin during the night<\/li>\n<\/ul>\n<h2>Relief for dry skin<\/h2>\n<ul>\n<li>It has an intensive moisturizing and revitalizing effect<\/li>\n<li>Provides maximum night hydration<\/li>\n<li>Eliminates the unpleasant feeling of tight skin<\/li>\n<\/ul>\n<h2>Evening fragrant relaxation<\/h2>\n<ul>\n<li>A soothing fragrance blending lavender, sweet orange oil and neroli<\/li>\n<li>Creamy formula that is quickly absorbed<\/li>\n<li>Overnight use ensures long duration of action<\/li>\n<li>ADVANCED NIGHT RESTORE is suitable for all skin types<\/li>\n<\/ul>\n<h2>Ceramides to strengthen the skin<\/h2>\n<p><strong>Ceramide Complex:<\/strong><br \/>\nA mix of ceramide 1 and ceramide 3, together with cholesterol and fatty acids that mimic the skin&#8217;s own protective barrier, intensively restores and cares for the skin. Ceramides, cholesterol and fatty acids occur naturally in the skin&#8217;s mantle, which protects the skin from external irritation while preventing dryness. When this complex is used in topically applied products, it is necessary to combine its four components in such an optimal ratio that ensures their easy penetration into the dermal sheath without disturbing it.<\/p>\n<h2>Antioxidants against premature ageing<\/h2>\n<p><strong>Peptide stimulating cellular repair:<\/strong><br \/>\nIron hexapeptide effectively neutralizes free radicals whose activity can lead to <a href=\"https:\/\/www.annabrandejs.sk\/slovnik-pojmov\/predcasne-starnutie-pleti-a2077\">premature skin aging<\/a> due to damage to skin cells and proteins.<\/p>\n<p><strong>Alaskan blueberry (Alaskan toadflax):<\/strong><br \/>\nThis Canadian superfood with a bright purple colour is rich in anthocyanins, powerful antioxidants with exceptional antioxidant activity against harmful free radicals.<\/p>\n<p><strong>Dragon fruit extract:<\/strong><br \/>\nThe extract is extracted from the fruit of the night-blooming Mexican cactus and is loaded with antioxidants. It provides skin with toning and firming at the same time.<\/p>\n<p><strong>N-Acetyl Glucosamine:<\/strong><br \/>\nA naturally occurring molecule in the body that works synergistically with <a href=\"https:\/\/www.annabrandejs.sk\/slovnik-pojmov\/retinol-a1940\">retinol<\/a>, with which it works together to promote the production of <a href=\"https:\/\/www.annabrandejs.sk\/slovnik-pojmov\/kyselina-hyaluronova-a2108\">hyaluronic acid<\/a> in the skin.<\/p>\n<p><a href=\"https:\/\/www.annabrandejs.sk\/slovnik-pojmov\/tokoferol-a1941\"><strong>Vitamin E<\/strong><\/a><strong>:<\/strong><br \/>\nAn antioxidant that helps protect the skin from free radical damage.<\/p>\n<h2>Combine with retinol serum<\/h2>\n<p>The best anti-aging effect is achieved by applying the ADVANCED NIGHT RESTORE night cream after the application of a product with vitamin A, when maximum hydration, firming and softening of the skin occurs.<\/p>\n<h2>Energise your skin after a busy day<\/h2>\n<ul>\n<li>Use once a day, in the evening after cleansing the skin. Apply a small amount to the face and neck area. Do not apply to the eye area. Use a moisturising or retinol serum first, then apply ADVANCED NIGHT RESTORE.<\/li>\n<li>The 50 ml pack lasts for 50 applications, shelf life after opening is 12 months.<\/li>\n<\/ul>\n<\/div>\n","protected":false},"excerpt":{"rendered":"<h5 class=\"eshop-product-detail__subtitle\">Deeply moisturising night cream<\/h5>\n<div class=\"eshop-product-detail__perex\">\n<p>Rejuvenate your skin overnight with this moisturiser and wake up every morning with a fresh, radiant and glowing complexion. ADVANCED NIGHT RESTORE stops the aging process and smooths already-formed wrinkles.<\/p>\n<\/div>\n","protected":false},"featured_media":14430,"comment_status":"open","ping_status":"closed","template":"","meta":[],"product_brand":[],"product_cat":[187,74,201,209,186,180],"product_tag":[160],"class_list":{"0":"post-15052","1":"product","2":"type-product","3":"status-publish","4":"has-post-thumbnail","6":"product_cat-dry-skin","7":"product_cat-face-creams","8":"product_cat-medik8-en","9":"product_cat-night","10":"product_cat-normal-skin","11":"product_cat-sensitive-skin","12":"product_tag-medik8-en","14":"first","15":"instock","16":"taxable","17":"shipping-taxable","18":"purchasable","19":"product-type-simple"},"yoast_head":"<!-- This site is optimized with the Yoast SEO Premium plugin v27.3 (Yoast SEO v27.3) - https:\/\/yoast.com\/product\/yoast-seo-premium-wordpress\/ -->\n<title>Medik 8 Advance Night Restore - ZK company<\/title>\n<meta name=\"description\" content=\"Rejuvenate your skin overnight with Advanced Night Restore Moisturiser and wake up every morning with a fresh, radiant and glowing complexion.\" \/>\n<meta name=\"robots\" content=\"index, follow, max-snippet:-1, max-image-preview:large, max-video-preview:-1\" \/>\n<link rel=\"canonical\" href=\"https:\/\/zkeshop.sk\/en\/produkt\/medik-8-advance-night-restore\/\" \/>\n<meta property=\"og:locale\" content=\"en_US\" \/>\n<meta property=\"og:type\" content=\"article\" \/>\n<meta property=\"og:title\" content=\"Medik 8 Advance Night Restore\" \/>\n<meta property=\"og:description\" content=\"Rejuvenate your skin overnight with Advanced Night Restore Moisturiser and wake up every morning with a fresh, radiant and glowing complexion.\" \/>\n<meta property=\"og:url\" content=\"https:\/\/zkeshop.sk\/en\/produkt\/medik-8-advance-night-restore\/\" \/>\n<meta property=\"og:site_name\" content=\"ZK company\" \/>\n<meta property=\"article:modified_time\" content=\"2026-03-27T08:19:29+00:00\" \/>\n<meta property=\"og:image\" content=\"https:\/\/zkeshop.sk\/wp-content\/uploads\/2025\/01\/Copy-of-Advanced-Night-Restore-B.png\" \/>\n\t<meta property=\"og:image:width\" content=\"2000\" \/>\n\t<meta property=\"og:image:height\" content=\"2000\" \/>\n\t<meta property=\"og:image:type\" content=\"image\/png\" \/>\n<meta name=\"twitter:card\" content=\"summary_large_image\" \/>\n<meta name=\"twitter:label1\" content=\"Price\" \/>\n\t<meta name=\"twitter:data1\" content=\"69,00&nbsp;&euro;\" \/>\n\t<meta name=\"twitter:label2\" content=\"Availability\" \/>\n\t<meta name=\"twitter:data2\" content=\"In stock\" \/>\n<script type=\"application\/ld+json\" class=\"yoast-schema-graph\">{\"@context\":\"https:\\\/\\\/schema.org\",\"@graph\":[{\"@type\":\"WebPage\",\"@id\":\"https:\\\/\\\/zkeshop.sk\\\/en\\\/produkt\\\/medik-8-advance-night-restore\\\/\",\"url\":\"https:\\\/\\\/zkeshop.sk\\\/en\\\/produkt\\\/medik-8-advance-night-restore\\\/\",\"name\":\"Medik 8 Advance Night Restore - ZK company\",\"isPartOf\":{\"@id\":\"https:\\\/\\\/zkeshop.sk\\\/#website\"},\"primaryImageOfPage\":{\"@id\":\"https:\\\/\\\/zkeshop.sk\\\/en\\\/produkt\\\/medik-8-advance-night-restore\\\/#primaryimage\"},\"image\":{\"@id\":\"https:\\\/\\\/zkeshop.sk\\\/en\\\/produkt\\\/medik-8-advance-night-restore\\\/#primaryimage\"},\"thumbnailUrl\":\"https:\\\/\\\/zkeshop.sk\\\/wp-content\\\/uploads\\\/2025\\\/01\\\/Copy-of-Advanced-Night-Restore-B.png\",\"datePublished\":\"2025-01-14T17:22:35+00:00\",\"dateModified\":\"2026-03-27T08:19:29+00:00\",\"description\":\"Rejuvenate your skin overnight with Advanced Night Restore Moisturiser and wake up every morning with a fresh, radiant and glowing complexion.\",\"breadcrumb\":{\"@id\":\"https:\\\/\\\/zkeshop.sk\\\/en\\\/produkt\\\/medik-8-advance-night-restore\\\/#breadcrumb\"},\"inLanguage\":\"en-US\",\"potentialAction\":[{\"@type\":\"ReadAction\",\"target\":[\"https:\\\/\\\/zkeshop.sk\\\/en\\\/produkt\\\/medik-8-advance-night-restore\\\/\"]}]},{\"@type\":\"ImageObject\",\"inLanguage\":\"en-US\",\"@id\":\"https:\\\/\\\/zkeshop.sk\\\/en\\\/produkt\\\/medik-8-advance-night-restore\\\/#primaryimage\",\"url\":\"https:\\\/\\\/zkeshop.sk\\\/wp-content\\\/uploads\\\/2025\\\/01\\\/Copy-of-Advanced-Night-Restore-B.png\",\"contentUrl\":\"https:\\\/\\\/zkeshop.sk\\\/wp-content\\\/uploads\\\/2025\\\/01\\\/Copy-of-Advanced-Night-Restore-B.png\",\"width\":2000,\"height\":2000,\"caption\":\"Omla\u010fte svoju ple\u0165 cez noc s Advanced Night Restore hydrata\u010dn\u00fdm kr\u00e9mom a preb\u00fadzajte sa ka\u017ed\u00e9 r\u00e1no so svie\u017eou, \u017eiarivou a rozjasnenou ple\u0165ou.\"},{\"@type\":\"BreadcrumbList\",\"@id\":\"https:\\\/\\\/zkeshop.sk\\\/en\\\/produkt\\\/medik-8-advance-night-restore\\\/#breadcrumb\",\"itemListElement\":[{\"@type\":\"ListItem\",\"position\":1,\"name\":\"Home\",\"item\":\"https:\\\/\\\/zkeshop.sk\\\/\"},{\"@type\":\"ListItem\",\"position\":2,\"name\":\"Shop\",\"item\":\"https:\\\/\\\/zkeshop.sk\\\/obchod\\\/\"},{\"@type\":\"ListItem\",\"position\":3,\"name\":\"Medik 8 Advance Night Restore\"}]},{\"@type\":\"WebSite\",\"@id\":\"https:\\\/\\\/zkeshop.sk\\\/#website\",\"url\":\"https:\\\/\\\/zkeshop.sk\\\/\",\"name\":\"ZK company\",\"description\":\"Kvalitn\u00e1 kozmetika pre ka\u017edodenn\u00e9 pou\u017eitie\",\"potentialAction\":[{\"@type\":\"SearchAction\",\"target\":{\"@type\":\"EntryPoint\",\"urlTemplate\":\"https:\\\/\\\/zkeshop.sk\\\/?s={search_term_string}\"},\"query-input\":{\"@type\":\"PropertyValueSpecification\",\"valueRequired\":true,\"valueName\":\"search_term_string\"}}],\"inLanguage\":\"en-US\"}]}<\/script>\n<meta property=\"product:price:amount\" content=\"69.00\" \/>\n<meta property=\"product:price:currency\" content=\"EUR\" \/>\n<meta property=\"og:availability\" content=\"instock\" \/>\n<meta property=\"product:availability\" content=\"instock\" \/>\n<meta property=\"product:condition\" content=\"new\" \/>\n<!-- \/ Yoast SEO Premium plugin. -->","yoast_head_json":{"title":"Medik 8 Advance Night Restore - ZK company","description":"Rejuvenate your skin overnight with Advanced Night Restore Moisturiser and wake up every morning with a fresh, radiant and glowing complexion.","robots":{"index":"index","follow":"follow","max-snippet":"max-snippet:-1","max-image-preview":"max-image-preview:large","max-video-preview":"max-video-preview:-1"},"canonical":"https:\/\/zkeshop.sk\/en\/produkt\/medik-8-advance-night-restore\/","og_locale":"en_US","og_type":"article","og_title":"Medik 8 Advance Night Restore","og_description":"Rejuvenate your skin overnight with Advanced Night Restore Moisturiser and wake up every morning with a fresh, radiant and glowing complexion.","og_url":"https:\/\/zkeshop.sk\/en\/produkt\/medik-8-advance-night-restore\/","og_site_name":"ZK company","article_modified_time":"2026-03-27T08:19:29+00:00","og_image":[{"width":2000,"height":2000,"url":"https:\/\/zkeshop.sk\/wp-content\/uploads\/2025\/01\/Copy-of-Advanced-Night-Restore-B.png","type":"image\/png"}],"twitter_card":"summary_large_image","twitter_misc":{"Price":"69,00&nbsp;&euro;","Availability":"In stock"},"schema":{"@context":"https:\/\/schema.org","@graph":[{"@type":"WebPage","@id":"https:\/\/zkeshop.sk\/en\/produkt\/medik-8-advance-night-restore\/","url":"https:\/\/zkeshop.sk\/en\/produkt\/medik-8-advance-night-restore\/","name":"Medik 8 Advance Night Restore - ZK company","isPartOf":{"@id":"https:\/\/zkeshop.sk\/#website"},"primaryImageOfPage":{"@id":"https:\/\/zkeshop.sk\/en\/produkt\/medik-8-advance-night-restore\/#primaryimage"},"image":{"@id":"https:\/\/zkeshop.sk\/en\/produkt\/medik-8-advance-night-restore\/#primaryimage"},"thumbnailUrl":"https:\/\/zkeshop.sk\/wp-content\/uploads\/2025\/01\/Copy-of-Advanced-Night-Restore-B.png","datePublished":"2025-01-14T17:22:35+00:00","dateModified":"2026-03-27T08:19:29+00:00","description":"Rejuvenate your skin overnight with Advanced Night Restore Moisturiser and wake up every morning with a fresh, radiant and glowing complexion.","breadcrumb":{"@id":"https:\/\/zkeshop.sk\/en\/produkt\/medik-8-advance-night-restore\/#breadcrumb"},"inLanguage":"en-US","potentialAction":[{"@type":"ReadAction","target":["https:\/\/zkeshop.sk\/en\/produkt\/medik-8-advance-night-restore\/"]}]},{"@type":"ImageObject","inLanguage":"en-US","@id":"https:\/\/zkeshop.sk\/en\/produkt\/medik-8-advance-night-restore\/#primaryimage","url":"https:\/\/zkeshop.sk\/wp-content\/uploads\/2025\/01\/Copy-of-Advanced-Night-Restore-B.png","contentUrl":"https:\/\/zkeshop.sk\/wp-content\/uploads\/2025\/01\/Copy-of-Advanced-Night-Restore-B.png","width":2000,"height":2000,"caption":"Omla\u010fte svoju ple\u0165 cez noc s Advanced Night Restore hydrata\u010dn\u00fdm kr\u00e9mom a preb\u00fadzajte sa ka\u017ed\u00e9 r\u00e1no so svie\u017eou, \u017eiarivou a rozjasnenou ple\u0165ou."},{"@type":"BreadcrumbList","@id":"https:\/\/zkeshop.sk\/en\/produkt\/medik-8-advance-night-restore\/#breadcrumb","itemListElement":[{"@type":"ListItem","position":1,"name":"Home","item":"https:\/\/zkeshop.sk\/"},{"@type":"ListItem","position":2,"name":"Shop","item":"https:\/\/zkeshop.sk\/obchod\/"},{"@type":"ListItem","position":3,"name":"Medik 8 Advance Night Restore"}]},{"@type":"WebSite","@id":"https:\/\/zkeshop.sk\/#website","url":"https:\/\/zkeshop.sk\/","name":"ZK company","description":"Kvalitn\u00e1 kozmetika pre ka\u017edodenn\u00e9 pou\u017eitie","potentialAction":[{"@type":"SearchAction","target":{"@type":"EntryPoint","urlTemplate":"https:\/\/zkeshop.sk\/?s={search_term_string}"},"query-input":{"@type":"PropertyValueSpecification","valueRequired":true,"valueName":"search_term_string"}}],"inLanguage":"en-US"}]},"product_price_amount":"69.00","product_price_currency":"EUR","og_availability":"instock","product_availability":"instock","product_condition":"new"},"_links":{"self":[{"href":"https:\/\/zkeshop.sk\/en\/wp-json\/wp\/v2\/product\/15052","targetHints":{"allow":["GET"]}}],"collection":[{"href":"https:\/\/zkeshop.sk\/en\/wp-json\/wp\/v2\/product"}],"about":[{"href":"https:\/\/zkeshop.sk\/en\/wp-json\/wp\/v2\/types\/product"}],"replies":[{"embeddable":true,"href":"https:\/\/zkeshop.sk\/en\/wp-json\/wp\/v2\/comments?post=15052"}],"version-history":[{"count":0,"href":"https:\/\/zkeshop.sk\/en\/wp-json\/wp\/v2\/product\/15052\/revisions"}],"wp:featuredmedia":[{"embeddable":true,"href":"https:\/\/zkeshop.sk\/en\/wp-json\/wp\/v2\/media\/14430"}],"wp:attachment":[{"href":"https:\/\/zkeshop.sk\/en\/wp-json\/wp\/v2\/media?parent=15052"}],"wp:term":[{"taxonomy":"product_brand","embeddable":true,"href":"https:\/\/zkeshop.sk\/en\/wp-json\/wp\/v2\/product_brand?post=15052"},{"taxonomy":"product_cat","embeddable":true,"href":"https:\/\/zkeshop.sk\/en\/wp-json\/wp\/v2\/product_cat?post=15052"},{"taxonomy":"product_tag","embeddable":true,"href":"https:\/\/zkeshop.sk\/en\/wp-json\/wp\/v2\/product_tag?post=15052"}],"curies":[{"name":"wp","href":"https:\/\/api.w.org\/{rel}","templated":true}]}}