{"id":15054,"date":"2025-01-14T18:22:39","date_gmt":"2025-02-18T09:18:28","guid":{"rendered":"https:\/\/zkeshop.sk\/produkt\/medik-8-hydr8-b5\/"},"modified":"2025-05-06T13:42:23","modified_gmt":"2025-05-06T11:42:23","slug":"medik-8-hydr8-b5","status":"publish","type":"product","link":"https:\/\/zkeshop.sk\/en\/produkt\/medik-8-hydr8-b5\/","title":{"rendered":"Medik 8 Hydr8 B5"},"content":{"rendered":"<h5 class=\"eshop-product-detail__subtitle\">Gel moisturising serum<\/h5>\n<div class=\"eshop-product-detail__perex\">\n<p>Do you need to add moisture to your skin? Rely on HYDR8 lightweight gel. Thanks to hyaluronic acid and pantothenic acid, your skin will be smoothed and protected. Now in a new, round package.<\/p>\n<h2>Immediate skin softening and smoothing<\/h2>\n<p>HYDR8\u2122 B5 Moisturizing Skin Serum is a lightweight gel that is easy to apply and quickly absorbed by the skin. It contains pantothenic acid (vitamin B5) and hyaluronic acid. After application of the serum, the skin is instantly softened and smoothed. <a href=\"https:\/\/www.annabrandejs.sk\/slovnik-pojmov\/kyselina-hyaluronova-a2108\">Hyaluronic acid <\/a>is one of the substances with the greatest ability to bind water and can therefore hydrate the skin and keep it moisturised for a long time. HYDR8\u2122 B5 Moisturizing Skin Serum can be used day or night and the skin will be protected and regenerated.<\/p>\n<h2>Hydration for all skin types<\/h2>\n<ul>\n<li>Helps to restore the skin&#8217;s natural <a href=\"https:\/\/www.annabrandejs.sk\/slovnik-pojmov\/hydratacia-pleti-a2102\">hydration<\/a>, which leads to improved <a href=\"https:\/\/www.annabrandejs.sk\/slovnik-pojmov\/koza-a2060\">skin<\/a> texture, elasticity and radiance<\/li>\n<li>Contains hyaluronic acid, which is able to bind a large number of water molecules to binding sites in the skin, resulting in supple and soft skin<\/li>\n<li>The skin is visibly rejuvenated during long-term use of the serum<\/li>\n<li>Contains <a href=\"https:\/\/www.annabrandejs.sk\/slovnik-pojmov\/kyselina-pantotenova-a2134\">pantothenic acid<\/a> (vitamin B5), which is known for its healing properties and ability to work synergistically with vitamin C to repair sun-damaged skin<\/li>\n<li>Improves the skin&#8217;s resistance to stress and protects it against environmental damage, promotes its regeneration<\/li>\n<\/ul>\n<h2>Oil and paraben free<\/h2>\n<h5 class=\"eshop-product-detail__subtitle\"><img loading=\"lazy\" decoding=\"async\" class=\" wp-image-14446 alignright\" src=\"https:\/\/zkeshop.sk\/wp-content\/uploads\/2025\/01\/Copy-of-Hydr8-B5-Usage-300x300.jpg\" alt=\"\" width=\"397\" height=\"397\" srcset=\"https:\/\/zkeshop.sk\/wp-content\/uploads\/2025\/01\/Copy-of-Hydr8-B5-Usage-300x300.jpg 300w, https:\/\/zkeshop.sk\/wp-content\/uploads\/2025\/01\/Copy-of-Hydr8-B5-Usage-1024x1024.jpg 1024w, https:\/\/zkeshop.sk\/wp-content\/uploads\/2025\/01\/Copy-of-Hydr8-B5-Usage-150x150.jpg 150w, https:\/\/zkeshop.sk\/wp-content\/uploads\/2025\/01\/Copy-of-Hydr8-B5-Usage-768x768.jpg 768w, https:\/\/zkeshop.sk\/wp-content\/uploads\/2025\/01\/Copy-of-Hydr8-B5-Usage-1536x1536.jpg 1536w, https:\/\/zkeshop.sk\/wp-content\/uploads\/2025\/01\/Copy-of-Hydr8-B5-Usage-400x400.jpg 400w, https:\/\/zkeshop.sk\/wp-content\/uploads\/2025\/01\/Copy-of-Hydr8-B5-Usage-600x600.jpg 600w, https:\/\/zkeshop.sk\/wp-content\/uploads\/2025\/01\/Copy-of-Hydr8-B5-Usage-1200x1200.jpg 1200w, https:\/\/zkeshop.sk\/wp-content\/uploads\/2025\/01\/Copy-of-Hydr8-B5-Usage.jpg 2000w\" sizes=\"auto, (max-width: 397px) 100vw, 397px\" \/><\/h5>\n<p>&nbsp;<\/p>\n<ul>\n<li>It has a light and 100% non-greasy moisturizing formula<\/li>\n<li>Does not dry, cause increased skin sensitivity or irritation<\/li>\n<li>Does not aggravate <a href=\"https:\/\/www.annabrandejs.sk\/slovnik-pojmov\/akne-a1903\">acne<\/a> and does not cause comedones (does not clog pores)<\/li>\n<li>Oil-free<\/li>\n<li>Unscented<\/li>\n<li>Does not contain <a href=\"https:\/\/www.annabrandejs.sk\/slovnik-pojmov\/parabeny-a1946\">parabens<\/a><\/li>\n<\/ul>\n<h2>Hyaluronic acid and pantothenic acid<\/h2>\n<p><strong>Pantothenic acid:<\/strong><br \/>\nImproves the skin&#8217;s ability to retain moisture and stimulates skin regeneration and wound healing.<\/p>\n<p><strong>Hyaluronic Acid:<\/strong><br \/>\nRetains moisture, holds 1000 times its weight in water.<\/p>\n<h2>Hydration treatment for 3 months<\/h2>\n<ul>\n<li>In the morning and\/or evening after cleansing, apply 5-6 drops directly to the skin and spread evenly over the entire face, neck and d\u00e9collet\u00e9. You can also squeeze a drop onto your finger and work it into the skin. Repeat this process until you have covered the entire treatment area. Use your usual moisturizer after each application.<\/li>\n<li>Use daily to maintain healthy hydration in any skin type. Optimal to use during the day and\/or at night under <a href=\"https:\/\/www.annabrandejs.sk\/eshop\/ctetra-super-antioxidacne-serum-p98\">C-TETRA<\/a>.<\/li>\n<li>The 30 ml package lasts about 100 applications.<\/li>\n<\/ul>\n<\/div>\n","protected":false},"excerpt":{"rendered":"<h5 class=\"eshop-product-detail__subtitle\">Gel moisturising serum<\/h5>\n<div class=\"eshop-product-detail__perex\">\n<p>Do you need to add moisture to your skin? Rely on HYDR8 lightweight gel. Thanks to hyaluronic acid and pantothenic acid, your skin will be smoothed and protected. Now in a new, round package.<\/p>\n<\/div>\n","protected":false},"featured_media":14442,"comment_status":"open","ping_status":"closed","template":"","meta":[],"product_brand":[],"product_cat":[207,187,74,201,209,186,182,180],"product_tag":[160],"class_list":{"0":"post-15054","1":"product","2":"type-product","3":"status-publish","4":"has-post-thumbnail","6":"product_cat-day","7":"product_cat-dry-skin","8":"product_cat-face-creams","9":"product_cat-medik8-en","10":"product_cat-night","11":"product_cat-normal-skin","12":"product_cat-oily-skin","13":"product_cat-sensitive-skin","14":"product_tag-medik8-en","16":"first","17":"instock","18":"taxable","19":"shipping-taxable","20":"purchasable","21":"product-type-simple"},"yoast_head":"<!-- This site is optimized with the Yoast SEO Premium plugin v27.3 (Yoast SEO v27.3) - https:\/\/yoast.com\/product\/yoast-seo-premium-wordpress\/ -->\n<title>Medik 8 Hydr8 B5 - ZK company<\/title>\n<meta name=\"description\" content=\"Rely on the lightweight HYDR8 gel. Thanks to hyaluronic acid and pantothenic acid, your skin will be smoothed and protected. Now in a new, round package.\" \/>\n<meta name=\"robots\" content=\"index, follow, max-snippet:-1, max-image-preview:large, max-video-preview:-1\" \/>\n<link rel=\"canonical\" href=\"https:\/\/zkeshop.sk\/en\/produkt\/medik-8-hydr8-b5\/\" \/>\n<meta property=\"og:locale\" content=\"en_US\" \/>\n<meta property=\"og:type\" content=\"article\" \/>\n<meta property=\"og:title\" content=\"Medik 8 Hydr8 B5\" \/>\n<meta property=\"og:description\" content=\"Rely on the lightweight HYDR8 gel. Thanks to hyaluronic acid and pantothenic acid, your skin will be smoothed and protected. Now in a new, round package.\" \/>\n<meta property=\"og:url\" content=\"https:\/\/zkeshop.sk\/en\/produkt\/medik-8-hydr8-b5\/\" \/>\n<meta property=\"og:site_name\" content=\"ZK company\" \/>\n<meta property=\"article:modified_time\" content=\"2025-05-06T11:42:23+00:00\" \/>\n<meta property=\"og:image\" content=\"https:\/\/zkeshop.sk\/wp-content\/uploads\/2025\/01\/Copy-of-Hydr8-B5-A.png\" \/>\n\t<meta property=\"og:image:width\" content=\"2000\" \/>\n\t<meta property=\"og:image:height\" content=\"2000\" \/>\n\t<meta property=\"og:image:type\" content=\"image\/png\" \/>\n<meta name=\"twitter:card\" content=\"summary_large_image\" \/>\n<meta name=\"twitter:label1\" content=\"Price\" \/>\n\t<meta name=\"twitter:data1\" content=\"53,00&nbsp;&euro;\" \/>\n\t<meta name=\"twitter:label2\" content=\"Availability\" \/>\n\t<meta name=\"twitter:data2\" content=\"In stock\" \/>\n<script type=\"application\/ld+json\" class=\"yoast-schema-graph\">{\"@context\":\"https:\\\/\\\/schema.org\",\"@graph\":[{\"@type\":\"WebPage\",\"@id\":\"https:\\\/\\\/zkeshop.sk\\\/en\\\/produkt\\\/medik-8-hydr8-b5\\\/\",\"url\":\"https:\\\/\\\/zkeshop.sk\\\/en\\\/produkt\\\/medik-8-hydr8-b5\\\/\",\"name\":\"Medik 8 Hydr8 B5 - ZK company\",\"isPartOf\":{\"@id\":\"https:\\\/\\\/zkeshop.sk\\\/#website\"},\"primaryImageOfPage\":{\"@id\":\"https:\\\/\\\/zkeshop.sk\\\/en\\\/produkt\\\/medik-8-hydr8-b5\\\/#primaryimage\"},\"image\":{\"@id\":\"https:\\\/\\\/zkeshop.sk\\\/en\\\/produkt\\\/medik-8-hydr8-b5\\\/#primaryimage\"},\"thumbnailUrl\":\"https:\\\/\\\/zkeshop.sk\\\/wp-content\\\/uploads\\\/2025\\\/01\\\/Copy-of-Hydr8-B5-A.png\",\"datePublished\":\"2025-02-18T09:18:28+00:00\",\"dateModified\":\"2025-05-06T11:42:23+00:00\",\"description\":\"Rely on the lightweight HYDR8 gel. Thanks to hyaluronic acid and pantothenic acid, your skin will be smoothed and protected. Now in a new, round package.\",\"breadcrumb\":{\"@id\":\"https:\\\/\\\/zkeshop.sk\\\/en\\\/produkt\\\/medik-8-hydr8-b5\\\/#breadcrumb\"},\"inLanguage\":\"en-US\",\"potentialAction\":[{\"@type\":\"ReadAction\",\"target\":[\"https:\\\/\\\/zkeshop.sk\\\/en\\\/produkt\\\/medik-8-hydr8-b5\\\/\"]}]},{\"@type\":\"ImageObject\",\"inLanguage\":\"en-US\",\"@id\":\"https:\\\/\\\/zkeshop.sk\\\/en\\\/produkt\\\/medik-8-hydr8-b5\\\/#primaryimage\",\"url\":\"https:\\\/\\\/zkeshop.sk\\\/wp-content\\\/uploads\\\/2025\\\/01\\\/Copy-of-Hydr8-B5-A.png\",\"contentUrl\":\"https:\\\/\\\/zkeshop.sk\\\/wp-content\\\/uploads\\\/2025\\\/01\\\/Copy-of-Hydr8-B5-A.png\",\"width\":2000,\"height\":2000,\"caption\":\"Spo\u013eahnite sa na \u013eahk\u00fd g\u00e9l HYDR8. V\u010faka kyseline hyalur\u00f3novej a kyseline pantot\u00e9novej bude ple\u0165 vyhladen\u00e1 a chr\u00e1nen\u00e1. Teraz v novom, gu\u013eatom balen\u00ed.\"},{\"@type\":\"BreadcrumbList\",\"@id\":\"https:\\\/\\\/zkeshop.sk\\\/en\\\/produkt\\\/medik-8-hydr8-b5\\\/#breadcrumb\",\"itemListElement\":[{\"@type\":\"ListItem\",\"position\":1,\"name\":\"Home\",\"item\":\"https:\\\/\\\/zkeshop.sk\\\/\"},{\"@type\":\"ListItem\",\"position\":2,\"name\":\"Shop\",\"item\":\"https:\\\/\\\/zkeshop.sk\\\/obchod\\\/\"},{\"@type\":\"ListItem\",\"position\":3,\"name\":\"Medik 8 Hydr8 B5\"}]},{\"@type\":\"WebSite\",\"@id\":\"https:\\\/\\\/zkeshop.sk\\\/#website\",\"url\":\"https:\\\/\\\/zkeshop.sk\\\/\",\"name\":\"ZK company\",\"description\":\"Kvalitn\u00e1 kozmetika pre ka\u017edodenn\u00e9 pou\u017eitie\",\"potentialAction\":[{\"@type\":\"SearchAction\",\"target\":{\"@type\":\"EntryPoint\",\"urlTemplate\":\"https:\\\/\\\/zkeshop.sk\\\/?s={search_term_string}\"},\"query-input\":{\"@type\":\"PropertyValueSpecification\",\"valueRequired\":true,\"valueName\":\"search_term_string\"}}],\"inLanguage\":\"en-US\"}]}<\/script>\n<meta property=\"product:price:amount\" content=\"53.00\" \/>\n<meta property=\"product:price:currency\" content=\"EUR\" \/>\n<meta property=\"og:availability\" content=\"instock\" \/>\n<meta property=\"product:availability\" content=\"instock\" \/>\n<meta property=\"product:condition\" content=\"new\" \/>\n<!-- \/ Yoast SEO Premium plugin. -->","yoast_head_json":{"title":"Medik 8 Hydr8 B5 - ZK company","description":"Rely on the lightweight HYDR8 gel. Thanks to hyaluronic acid and pantothenic acid, your skin will be smoothed and protected. Now in a new, round package.","robots":{"index":"index","follow":"follow","max-snippet":"max-snippet:-1","max-image-preview":"max-image-preview:large","max-video-preview":"max-video-preview:-1"},"canonical":"https:\/\/zkeshop.sk\/en\/produkt\/medik-8-hydr8-b5\/","og_locale":"en_US","og_type":"article","og_title":"Medik 8 Hydr8 B5","og_description":"Rely on the lightweight HYDR8 gel. Thanks to hyaluronic acid and pantothenic acid, your skin will be smoothed and protected. Now in a new, round package.","og_url":"https:\/\/zkeshop.sk\/en\/produkt\/medik-8-hydr8-b5\/","og_site_name":"ZK company","article_modified_time":"2025-05-06T11:42:23+00:00","og_image":[{"width":2000,"height":2000,"url":"https:\/\/zkeshop.sk\/wp-content\/uploads\/2025\/01\/Copy-of-Hydr8-B5-A.png","type":"image\/png"}],"twitter_card":"summary_large_image","twitter_misc":{"Price":"53,00&nbsp;&euro;","Availability":"In stock"},"schema":{"@context":"https:\/\/schema.org","@graph":[{"@type":"WebPage","@id":"https:\/\/zkeshop.sk\/en\/produkt\/medik-8-hydr8-b5\/","url":"https:\/\/zkeshop.sk\/en\/produkt\/medik-8-hydr8-b5\/","name":"Medik 8 Hydr8 B5 - ZK company","isPartOf":{"@id":"https:\/\/zkeshop.sk\/#website"},"primaryImageOfPage":{"@id":"https:\/\/zkeshop.sk\/en\/produkt\/medik-8-hydr8-b5\/#primaryimage"},"image":{"@id":"https:\/\/zkeshop.sk\/en\/produkt\/medik-8-hydr8-b5\/#primaryimage"},"thumbnailUrl":"https:\/\/zkeshop.sk\/wp-content\/uploads\/2025\/01\/Copy-of-Hydr8-B5-A.png","datePublished":"2025-02-18T09:18:28+00:00","dateModified":"2025-05-06T11:42:23+00:00","description":"Rely on the lightweight HYDR8 gel. Thanks to hyaluronic acid and pantothenic acid, your skin will be smoothed and protected. Now in a new, round package.","breadcrumb":{"@id":"https:\/\/zkeshop.sk\/en\/produkt\/medik-8-hydr8-b5\/#breadcrumb"},"inLanguage":"en-US","potentialAction":[{"@type":"ReadAction","target":["https:\/\/zkeshop.sk\/en\/produkt\/medik-8-hydr8-b5\/"]}]},{"@type":"ImageObject","inLanguage":"en-US","@id":"https:\/\/zkeshop.sk\/en\/produkt\/medik-8-hydr8-b5\/#primaryimage","url":"https:\/\/zkeshop.sk\/wp-content\/uploads\/2025\/01\/Copy-of-Hydr8-B5-A.png","contentUrl":"https:\/\/zkeshop.sk\/wp-content\/uploads\/2025\/01\/Copy-of-Hydr8-B5-A.png","width":2000,"height":2000,"caption":"Spo\u013eahnite sa na \u013eahk\u00fd g\u00e9l HYDR8. V\u010faka kyseline hyalur\u00f3novej a kyseline pantot\u00e9novej bude ple\u0165 vyhladen\u00e1 a chr\u00e1nen\u00e1. Teraz v novom, gu\u013eatom balen\u00ed."},{"@type":"BreadcrumbList","@id":"https:\/\/zkeshop.sk\/en\/produkt\/medik-8-hydr8-b5\/#breadcrumb","itemListElement":[{"@type":"ListItem","position":1,"name":"Home","item":"https:\/\/zkeshop.sk\/"},{"@type":"ListItem","position":2,"name":"Shop","item":"https:\/\/zkeshop.sk\/obchod\/"},{"@type":"ListItem","position":3,"name":"Medik 8 Hydr8 B5"}]},{"@type":"WebSite","@id":"https:\/\/zkeshop.sk\/#website","url":"https:\/\/zkeshop.sk\/","name":"ZK company","description":"Kvalitn\u00e1 kozmetika pre ka\u017edodenn\u00e9 pou\u017eitie","potentialAction":[{"@type":"SearchAction","target":{"@type":"EntryPoint","urlTemplate":"https:\/\/zkeshop.sk\/?s={search_term_string}"},"query-input":{"@type":"PropertyValueSpecification","valueRequired":true,"valueName":"search_term_string"}}],"inLanguage":"en-US"}]},"product_price_amount":"53.00","product_price_currency":"EUR","og_availability":"instock","product_availability":"instock","product_condition":"new"},"_links":{"self":[{"href":"https:\/\/zkeshop.sk\/en\/wp-json\/wp\/v2\/product\/15054","targetHints":{"allow":["GET"]}}],"collection":[{"href":"https:\/\/zkeshop.sk\/en\/wp-json\/wp\/v2\/product"}],"about":[{"href":"https:\/\/zkeshop.sk\/en\/wp-json\/wp\/v2\/types\/product"}],"replies":[{"embeddable":true,"href":"https:\/\/zkeshop.sk\/en\/wp-json\/wp\/v2\/comments?post=15054"}],"version-history":[{"count":0,"href":"https:\/\/zkeshop.sk\/en\/wp-json\/wp\/v2\/product\/15054\/revisions"}],"wp:featuredmedia":[{"embeddable":true,"href":"https:\/\/zkeshop.sk\/en\/wp-json\/wp\/v2\/media\/14442"}],"wp:attachment":[{"href":"https:\/\/zkeshop.sk\/en\/wp-json\/wp\/v2\/media?parent=15054"}],"wp:term":[{"taxonomy":"product_brand","embeddable":true,"href":"https:\/\/zkeshop.sk\/en\/wp-json\/wp\/v2\/product_brand?post=15054"},{"taxonomy":"product_cat","embeddable":true,"href":"https:\/\/zkeshop.sk\/en\/wp-json\/wp\/v2\/product_cat?post=15054"},{"taxonomy":"product_tag","embeddable":true,"href":"https:\/\/zkeshop.sk\/en\/wp-json\/wp\/v2\/product_tag?post=15054"}],"curies":[{"name":"wp","href":"https:\/\/api.w.org\/{rel}","templated":true}]}}