{"id":15057,"date":"2025-01-14T18:22:44","date_gmt":"2025-01-14T17:22:44","guid":{"rendered":"https:\/\/zkeshop.sk\/produkt\/medik-8-hydr8-b5-intense\/"},"modified":"2025-05-06T14:52:13","modified_gmt":"2025-05-06T12:52:13","slug":"medik-8-hydr8-b5-intense","status":"publish","type":"product","link":"https:\/\/zkeshop.sk\/en\/produkt\/medik-8-hydr8-b5-intense\/","title":{"rendered":"Medik 8 Hydr8 B5 Intense"},"content":{"rendered":"<h5 class=\"eshop-product-detail__subtitle\">Intensive gel moisturising serum<\/h5>\n<div class=\"eshop-product-detail__perex\">\n<p>Medik8&#8217;s most popular moisturizing serum HYDR8 B5 now in the INTENSE version for even more intensive hydration and skin renewal, containing naturally moisturizing factors and a complex of active ingredients that boost the skin&#8217;s own hyaluronic acid products.<\/p>\n<h2>Moisturising serum for the skin<\/h2>\n<p>HYDR8 B5 INTENSE attracts and retains moisture in the skin in several ways. Thanks to the combination of hyaluronic acid with different molecular weights, vitamin B5 and a unique complex of three active ingredients, it increases the skin&#8217;s hydration.<\/p>\n<h2>Charge of hyaluronic acid<\/h2>\n<p>The serum&#8217;s active ingredients trigger the skin&#8217;s natural production of hyaluronic acid, slowing its breakdown and, in synergy with topically applied hyaluronic acid, instantly enveloping the skin with moisture for an all-day comfortable feeling. The lightweight serum is enriched with naturally moisturizing factors that shape the skin&#8217;s internal hydration system. In addition, the serum contains panthenol (vitamin B5), which helps skin retain moisture and promotes skin cell regeneration.<\/p>\n<h2>Triple strength<\/h2>\n<p>Immediate and long-lasting hydration, filling in fine lines and restoring a youthful glow to the skin:<\/p>\n<ul>\n<li>Soy extract increases the skin&#8217;s own production of hyaluronic acid.<\/li>\n<li>Alder Flytrap forms a protective shield inhibiting the activity of an enzyme that breaks down excess hyaluronic acid in the skin. As a result, a supply of hyaluronic acid is formed in the upper layers of the skin for skin elasticity and hydration.<\/li>\n<li>Biosaccharide gum enhances the intrinsic moisturizing activity of hyaluronic acid by forming a permeable film on the skin&#8217;s surface that helps retain moisture, thus complementing the hydrating power of hyaluronic acid and prolonging its effect.<\/li>\n<\/ul>\n<h2>Lightweight formula for all skin types<\/h2>\n<p>HYDR8 B5 INTENSE Serum with its lightweight formula complements any type of skin care. Apply it on the skin together with a moisturizer. It can be used morning and night and every skin type will benefit from its application. It hydrates the skin from the deepest layers to the surface.<\/p>\n<h2>Deep hydration and nourishment of the skin<\/h2>\n<p>Hyaluronic acid with different molecular weights ensures hydration of all skin layers. In the uppermost layers of the skin, HYDR8 B5 INTENSE forms its reservoir for even greater freshness and elasticity. Together with the contained naturally moisturising factors such as amino acids, fatty acids and sodium PCA, which are naturally formed in the skin, it helps to preserve the skin&#8217;s moisture content. As a result, the skin maintains its integrity for its best functioning and health.<\/p>\n<h2>Ingredients to get rid of dry skin<\/h2>\n<p><strong>Hyaluronic acid with different molecular weights:<\/strong><br \/>\nA moisturizing substance that can supply the skin with water from the atmosphere, increasing the skin&#8217;s own ability to retain water and leaving it hydrated and with desirable volume. It creates a so-called hydration barrier, helping to smooth and soften the skin. It can hold up to a thousand times its weight in water.<\/p>\n<p><strong>Naturally moisturizing factors:<\/strong><br \/>\nSodium PCA, glycerin, urea, proteins, sugars, 15 different amino acids, lactic acid and creatine. These are all natural ingredients in the skin that bind moisture together for optimal hydration.<\/p>\n<p><strong>Alder-leaved Flycatcher:<\/strong><br \/>\nThe Alder-leaved Flycatcher is native to the forests of western Canada. Its fruits are directly loaded with powerful antioxidants called anthocyanins. The active compounds in the tiny berries are able to block the activity of the enzyme responsible for the breakdown of hyaluronic acid. As a result, a reservoir of hyaluronic acid is formed in the upper layers of the skin when muskmelon extract is applied topically.<\/p>\n<p><strong>Soy extract:<\/strong><br \/>\nThis natural powerful antioxidant stimulates the skin&#8217;s own production of hyaluronic acid, and also increases <a href=\"https:\/\/zkeshop.sk\/?s=kolagen&amp;post_type=product\">collagen<\/a> synthesis, giving the skin a hydrated and youthful appearance.<\/p>\n<p><strong>Vitamin B5:<\/strong><br \/>\nVitamin B5, also known as panthenol, is an effective moisturizing substance that attracts moisture to itself, thus lending softness and elasticity to the skin. In addition, it aids the synthesis of lipid molecules that form a protective skin barrier. This helps the skin to retain its hydration.<\/p>\n<p><strong>Biosaccharide gum:<\/strong><br \/>\nBiosaccharide gum is a naturally occurring sugar that has a long linear structure. It forms a permeable film on the skin which, together with hyaluronic acid, synergistically increases skin hydration.<\/p>\n<h2>Serum ideal for:<\/h2>\n<ul>\n<li>Increase hydration in the skin<\/li>\n<li>Relieving irritation and slowing down skin ageing when applying retinoic acid or AHA acids<\/li>\n<li>Intensive hydration for problematic skin prone to clogged pores<\/li>\n<li>Increasing the effect of dermo-cosmetic treatments such as mesotherapy, IPL, injectable fillers, chemical peels, laser rejuvenation, dermabrasion, etc.<\/li>\n<\/ul>\n<h2>6 drops refreshes and hydrates the skin<\/h2>\n<ul>\n<li>Morning and evening after cleansing, apply 6 drops of HYDR8 B5 INTENSE directly to the skin and spread evenly over the entire face, neck and d\u00e9collet\u00e9. Allow to absorb before applying your next Medik8 product.<\/li>\n<li>The 30 ml pack is sufficient for up to 100 applications.<\/li>\n<\/ul>\n<h2>Combine with other products from Medik8<\/h2>\n<p>For the best effect and skin rejuvenation, apply HYDR8 B5 INTENSE in the morning followed by a day cream with vitamin C and UV protection DAILY RADIANCE VITAMIN C. In case of very dry, damaged skin, you can also add the intensive regenerating cream ULTIMATE RECOVERY INTENSE.<\/p>\n<p>In the evening, combine with either CRYSTAL RETINAL 6 retinal serum and ADVANCED NIGHT RESTORE night cream or Medik8&#8217;s most powerful anti-aging product, R-RETINOATE INTENSE.<\/p>\n<\/div>\n","protected":false},"excerpt":{"rendered":"<h5 class=\"eshop-product-detail__subtitle\">Intensive gel moisturising serum<\/h5>\n<div class=\"eshop-product-detail__perex\">\n<p>Medik8&#8217;s most popular moisturizing serum HYDR8 B5 now in the INTENSE version for even more intensive hydration and skin renewal, containing naturally moisturizing factors and a complex of active ingredients that boost the skin&#8217;s own hyaluronic acid products.<\/p>\n<\/div>\n","protected":false},"featured_media":14451,"comment_status":"open","ping_status":"closed","template":"","meta":[],"product_brand":[],"product_cat":[207,187,74,201,209,186,180],"product_tag":[160],"class_list":{"0":"post-15057","1":"product","2":"type-product","3":"status-publish","4":"has-post-thumbnail","6":"product_cat-day","7":"product_cat-dry-skin","8":"product_cat-face-creams","9":"product_cat-medik8-en","10":"product_cat-night","11":"product_cat-normal-skin","12":"product_cat-sensitive-skin","13":"product_tag-medik8-en","15":"first","16":"instock","17":"taxable","18":"shipping-taxable","19":"purchasable","20":"product-type-simple"},"yoast_head":"<!-- This site is optimized with the Yoast SEO Premium plugin v27.3 (Yoast SEO v27.3) - https:\/\/yoast.com\/product\/yoast-seo-premium-wordpress\/ -->\n<title>Medik 8 Hydr8 B5 Intense - ZK company<\/title>\n<meta name=\"description\" content=\"The most popular moisturizing serum HYDR8 B5 INTENSE for even more intensive hydration and skin renewal with naturally moisturizing factors\" \/>\n<meta name=\"robots\" content=\"index, follow, max-snippet:-1, max-image-preview:large, max-video-preview:-1\" \/>\n<link rel=\"canonical\" href=\"https:\/\/zkeshop.sk\/en\/produkt\/medik-8-hydr8-b5-intense\/\" \/>\n<meta property=\"og:locale\" content=\"en_US\" \/>\n<meta property=\"og:type\" content=\"article\" \/>\n<meta property=\"og:title\" content=\"Medik 8 Hydr8 B5 Intense\" \/>\n<meta property=\"og:description\" content=\"The most popular moisturizing serum HYDR8 B5 INTENSE for even more intensive hydration and skin renewal with naturally moisturizing factors\" \/>\n<meta property=\"og:url\" content=\"https:\/\/zkeshop.sk\/en\/produkt\/medik-8-hydr8-b5-intense\/\" \/>\n<meta property=\"og:site_name\" content=\"ZK company\" \/>\n<meta property=\"article:modified_time\" content=\"2025-05-06T12:52:13+00:00\" \/>\n<meta property=\"og:image\" content=\"https:\/\/zkeshop.sk\/wp-content\/uploads\/2025\/01\/Copy-of-Hydr8-B5-Intense-B-1024x1024.png\" \/>\n\t<meta property=\"og:image:width\" content=\"1024\" \/>\n\t<meta property=\"og:image:height\" content=\"1024\" \/>\n\t<meta property=\"og:image:type\" content=\"image\/png\" \/>\n<meta name=\"twitter:card\" content=\"summary_large_image\" \/>\n<meta name=\"twitter:label1\" content=\"Price\" \/>\n\t<meta name=\"twitter:data1\" content=\"69,00&nbsp;&euro;\" \/>\n\t<meta name=\"twitter:label2\" content=\"Availability\" \/>\n\t<meta name=\"twitter:data2\" content=\"In stock\" \/>\n<script type=\"application\/ld+json\" class=\"yoast-schema-graph\">{\"@context\":\"https:\\\/\\\/schema.org\",\"@graph\":[{\"@type\":\"WebPage\",\"@id\":\"https:\\\/\\\/zkeshop.sk\\\/en\\\/produkt\\\/medik-8-hydr8-b5-intense\\\/\",\"url\":\"https:\\\/\\\/zkeshop.sk\\\/en\\\/produkt\\\/medik-8-hydr8-b5-intense\\\/\",\"name\":\"Medik 8 Hydr8 B5 Intense - ZK company\",\"isPartOf\":{\"@id\":\"https:\\\/\\\/zkeshop.sk\\\/#website\"},\"primaryImageOfPage\":{\"@id\":\"https:\\\/\\\/zkeshop.sk\\\/en\\\/produkt\\\/medik-8-hydr8-b5-intense\\\/#primaryimage\"},\"image\":{\"@id\":\"https:\\\/\\\/zkeshop.sk\\\/en\\\/produkt\\\/medik-8-hydr8-b5-intense\\\/#primaryimage\"},\"thumbnailUrl\":\"https:\\\/\\\/zkeshop.sk\\\/wp-content\\\/uploads\\\/2025\\\/01\\\/Copy-of-Hydr8-B5-Intense-B.png\",\"datePublished\":\"2025-01-14T17:22:44+00:00\",\"dateModified\":\"2025-05-06T12:52:13+00:00\",\"description\":\"The most popular moisturizing serum HYDR8 B5 INTENSE for even more intensive hydration and skin renewal with naturally moisturizing factors\",\"breadcrumb\":{\"@id\":\"https:\\\/\\\/zkeshop.sk\\\/en\\\/produkt\\\/medik-8-hydr8-b5-intense\\\/#breadcrumb\"},\"inLanguage\":\"en-US\",\"potentialAction\":[{\"@type\":\"ReadAction\",\"target\":[\"https:\\\/\\\/zkeshop.sk\\\/en\\\/produkt\\\/medik-8-hydr8-b5-intense\\\/\"]}]},{\"@type\":\"ImageObject\",\"inLanguage\":\"en-US\",\"@id\":\"https:\\\/\\\/zkeshop.sk\\\/en\\\/produkt\\\/medik-8-hydr8-b5-intense\\\/#primaryimage\",\"url\":\"https:\\\/\\\/zkeshop.sk\\\/wp-content\\\/uploads\\\/2025\\\/01\\\/Copy-of-Hydr8-B5-Intense-B.png\",\"contentUrl\":\"https:\\\/\\\/zkeshop.sk\\\/wp-content\\\/uploads\\\/2025\\\/01\\\/Copy-of-Hydr8-B5-Intense-B.png\",\"width\":2000,\"height\":2000,\"caption\":\"Najob\u013e\u00fabenej\u0161ie hydrata\u010dn\u00e9 s\u00e9rum HYDR8 B5 INTENSE na e\u0161te intenz\u00edvnej\u0161iu hydrat\u00e1ciu a obnovu pleti s obsahom prirodzene zvlh\u010duj\u00facich faktorov\"},{\"@type\":\"BreadcrumbList\",\"@id\":\"https:\\\/\\\/zkeshop.sk\\\/en\\\/produkt\\\/medik-8-hydr8-b5-intense\\\/#breadcrumb\",\"itemListElement\":[{\"@type\":\"ListItem\",\"position\":1,\"name\":\"Home\",\"item\":\"https:\\\/\\\/zkeshop.sk\\\/\"},{\"@type\":\"ListItem\",\"position\":2,\"name\":\"Shop\",\"item\":\"https:\\\/\\\/zkeshop.sk\\\/obchod\\\/\"},{\"@type\":\"ListItem\",\"position\":3,\"name\":\"Medik 8 Hydr8 B5 Intense\"}]},{\"@type\":\"WebSite\",\"@id\":\"https:\\\/\\\/zkeshop.sk\\\/#website\",\"url\":\"https:\\\/\\\/zkeshop.sk\\\/\",\"name\":\"ZK company\",\"description\":\"Kvalitn\u00e1 kozmetika pre ka\u017edodenn\u00e9 pou\u017eitie\",\"potentialAction\":[{\"@type\":\"SearchAction\",\"target\":{\"@type\":\"EntryPoint\",\"urlTemplate\":\"https:\\\/\\\/zkeshop.sk\\\/?s={search_term_string}\"},\"query-input\":{\"@type\":\"PropertyValueSpecification\",\"valueRequired\":true,\"valueName\":\"search_term_string\"}}],\"inLanguage\":\"en-US\"}]}<\/script>\n<meta property=\"product:price:amount\" content=\"69.00\" \/>\n<meta property=\"product:price:currency\" content=\"EUR\" \/>\n<meta property=\"og:availability\" content=\"instock\" \/>\n<meta property=\"product:availability\" content=\"instock\" \/>\n<meta property=\"product:condition\" content=\"new\" \/>\n<!-- \/ Yoast SEO Premium plugin. -->","yoast_head_json":{"title":"Medik 8 Hydr8 B5 Intense - ZK company","description":"The most popular moisturizing serum HYDR8 B5 INTENSE for even more intensive hydration and skin renewal with naturally moisturizing factors","robots":{"index":"index","follow":"follow","max-snippet":"max-snippet:-1","max-image-preview":"max-image-preview:large","max-video-preview":"max-video-preview:-1"},"canonical":"https:\/\/zkeshop.sk\/en\/produkt\/medik-8-hydr8-b5-intense\/","og_locale":"en_US","og_type":"article","og_title":"Medik 8 Hydr8 B5 Intense","og_description":"The most popular moisturizing serum HYDR8 B5 INTENSE for even more intensive hydration and skin renewal with naturally moisturizing factors","og_url":"https:\/\/zkeshop.sk\/en\/produkt\/medik-8-hydr8-b5-intense\/","og_site_name":"ZK company","article_modified_time":"2025-05-06T12:52:13+00:00","og_image":[{"width":1024,"height":1024,"url":"https:\/\/zkeshop.sk\/wp-content\/uploads\/2025\/01\/Copy-of-Hydr8-B5-Intense-B-1024x1024.png","type":"image\/png"}],"twitter_card":"summary_large_image","twitter_misc":{"Price":"69,00&nbsp;&euro;","Availability":"In stock"},"schema":{"@context":"https:\/\/schema.org","@graph":[{"@type":"WebPage","@id":"https:\/\/zkeshop.sk\/en\/produkt\/medik-8-hydr8-b5-intense\/","url":"https:\/\/zkeshop.sk\/en\/produkt\/medik-8-hydr8-b5-intense\/","name":"Medik 8 Hydr8 B5 Intense - ZK company","isPartOf":{"@id":"https:\/\/zkeshop.sk\/#website"},"primaryImageOfPage":{"@id":"https:\/\/zkeshop.sk\/en\/produkt\/medik-8-hydr8-b5-intense\/#primaryimage"},"image":{"@id":"https:\/\/zkeshop.sk\/en\/produkt\/medik-8-hydr8-b5-intense\/#primaryimage"},"thumbnailUrl":"https:\/\/zkeshop.sk\/wp-content\/uploads\/2025\/01\/Copy-of-Hydr8-B5-Intense-B.png","datePublished":"2025-01-14T17:22:44+00:00","dateModified":"2025-05-06T12:52:13+00:00","description":"The most popular moisturizing serum HYDR8 B5 INTENSE for even more intensive hydration and skin renewal with naturally moisturizing factors","breadcrumb":{"@id":"https:\/\/zkeshop.sk\/en\/produkt\/medik-8-hydr8-b5-intense\/#breadcrumb"},"inLanguage":"en-US","potentialAction":[{"@type":"ReadAction","target":["https:\/\/zkeshop.sk\/en\/produkt\/medik-8-hydr8-b5-intense\/"]}]},{"@type":"ImageObject","inLanguage":"en-US","@id":"https:\/\/zkeshop.sk\/en\/produkt\/medik-8-hydr8-b5-intense\/#primaryimage","url":"https:\/\/zkeshop.sk\/wp-content\/uploads\/2025\/01\/Copy-of-Hydr8-B5-Intense-B.png","contentUrl":"https:\/\/zkeshop.sk\/wp-content\/uploads\/2025\/01\/Copy-of-Hydr8-B5-Intense-B.png","width":2000,"height":2000,"caption":"Najob\u013e\u00fabenej\u0161ie hydrata\u010dn\u00e9 s\u00e9rum HYDR8 B5 INTENSE na e\u0161te intenz\u00edvnej\u0161iu hydrat\u00e1ciu a obnovu pleti s obsahom prirodzene zvlh\u010duj\u00facich faktorov"},{"@type":"BreadcrumbList","@id":"https:\/\/zkeshop.sk\/en\/produkt\/medik-8-hydr8-b5-intense\/#breadcrumb","itemListElement":[{"@type":"ListItem","position":1,"name":"Home","item":"https:\/\/zkeshop.sk\/"},{"@type":"ListItem","position":2,"name":"Shop","item":"https:\/\/zkeshop.sk\/obchod\/"},{"@type":"ListItem","position":3,"name":"Medik 8 Hydr8 B5 Intense"}]},{"@type":"WebSite","@id":"https:\/\/zkeshop.sk\/#website","url":"https:\/\/zkeshop.sk\/","name":"ZK company","description":"Kvalitn\u00e1 kozmetika pre ka\u017edodenn\u00e9 pou\u017eitie","potentialAction":[{"@type":"SearchAction","target":{"@type":"EntryPoint","urlTemplate":"https:\/\/zkeshop.sk\/?s={search_term_string}"},"query-input":{"@type":"PropertyValueSpecification","valueRequired":true,"valueName":"search_term_string"}}],"inLanguage":"en-US"}]},"product_price_amount":"69.00","product_price_currency":"EUR","og_availability":"instock","product_availability":"instock","product_condition":"new"},"_links":{"self":[{"href":"https:\/\/zkeshop.sk\/en\/wp-json\/wp\/v2\/product\/15057","targetHints":{"allow":["GET"]}}],"collection":[{"href":"https:\/\/zkeshop.sk\/en\/wp-json\/wp\/v2\/product"}],"about":[{"href":"https:\/\/zkeshop.sk\/en\/wp-json\/wp\/v2\/types\/product"}],"replies":[{"embeddable":true,"href":"https:\/\/zkeshop.sk\/en\/wp-json\/wp\/v2\/comments?post=15057"}],"version-history":[{"count":0,"href":"https:\/\/zkeshop.sk\/en\/wp-json\/wp\/v2\/product\/15057\/revisions"}],"wp:featuredmedia":[{"embeddable":true,"href":"https:\/\/zkeshop.sk\/en\/wp-json\/wp\/v2\/media\/14451"}],"wp:attachment":[{"href":"https:\/\/zkeshop.sk\/en\/wp-json\/wp\/v2\/media?parent=15057"}],"wp:term":[{"taxonomy":"product_brand","embeddable":true,"href":"https:\/\/zkeshop.sk\/en\/wp-json\/wp\/v2\/product_brand?post=15057"},{"taxonomy":"product_cat","embeddable":true,"href":"https:\/\/zkeshop.sk\/en\/wp-json\/wp\/v2\/product_cat?post=15057"},{"taxonomy":"product_tag","embeddable":true,"href":"https:\/\/zkeshop.sk\/en\/wp-json\/wp\/v2\/product_tag?post=15057"}],"curies":[{"name":"wp","href":"https:\/\/api.w.org\/{rel}","templated":true}]}}