{"id":15058,"date":"2025-01-14T18:22:55","date_gmt":"2025-02-18T09:18:31","guid":{"rendered":"https:\/\/zkeshop.sk\/produkt\/medik-8-clarifying-foam\/"},"modified":"2025-06-16T19:15:33","modified_gmt":"2025-06-16T17:15:33","slug":"medik-8-clarifying-foam","status":"publish","type":"product","link":"https:\/\/zkeshop.sk\/en\/produkt\/medik-8-clarifying-foam\/","title":{"rendered":"Medik 8 Clarifying Foam"},"content":{"rendered":"<h5 class=\"eshop-product-detail__subtitle\">AHA \/ BHA cleansing foam without oil for problematic skin<\/h5>\n<div class=\"eshop-product-detail__perex\">\n<p>High-performance antibacterial exfoliating cleansing foam for acne-prone skin. It cleanses pores deeply, helps reduce acne symptoms and reduces sebum production. Benefits include ease of application, natural and soothing content, deep cleansing ability.<\/p>\n<h2>Deep cleansing of acne-prone skin<\/h2>\n<p>CLARIFYING FOAM is a deep cleansing, antibacterial product suitable for problematic skin with acne. High effectiveness is guaranteed by the contained substances, namely 2% salicylic acid (beta hydroxy acid) and 1% L-mandelic acid (alpha hydroxy acid). With regular use, your acne will be a thing of the past.<\/p>\n<h2>Charged anti-inflammatory formula<\/h2>\n<p>CLARIFYING FOAM also has an anti-inflammatory effect. This is guaranteed by the ingredients Tea Tree Oil, Chlorhexidine Gluconate and Vitamin B3 (Niacinamide). Vitamin B3 also helps to regulate sebum production, reduces the appearance of acne and has a soothing effect. It is free of soap, sulphates and parabens, so it is also suitable for very sensitive skin. This foam is not scented with perfumes, so it does not cause any allergic reactions. The pleasant scent is due to the Tea Tree Oil content.<\/p>\n<h2>Reduces the formation of pimples<\/h2>\n<ul>\n<li>Deep-cleansing effect<\/li>\n<li>Daily AHA and BHA exfoliation<\/li>\n<li>Content of antibacterial ingredients<\/li>\n<li>Reduction of acne manifestations<\/li>\n<li>Regulates sebum production, thereby reducing the formation of pimples<\/li>\n<\/ul>\n<h2>A reliable supplement in the treatment of acne<\/h2>\n<ul>\n<li>The CLARIFYING FOAM cleaning foam offers easy and quick application.<\/li>\n<li>The complex composition of the appropriate amount of active ingredients guarantees effective results already within the first weeks.<\/li>\n<li>After washing, the skin is clean and at the same time not dry.<\/li>\n<li>The 150 ml pack lasts up to 100 applications. Just apply a small amount 2x a day.<\/li>\n<li>CLARIFYING FOAM has a soothing effect and helps prevent redness of the skin on the affected areas.<\/li>\n<\/ul>\n<h2>Why buy from us<\/h2>\n<p>As the exclusive distributor of Medik8, we bring new products to the Czech and Slovak markets. CLARIFYING FOAM is an antibacterial exfoliating cleansing foam newly developed in the UK and offers a complex composition of active ingredients. All ingredients have a proven effect on acne manifestations and overall problematic skin.<\/p>\n<h2>Designed for<\/h2>\n<ul>\n<li>Men and women with no age limit.<\/li>\n<li>All skin types, specially problem oily types with acne<\/li>\n<\/ul>\n<h2>5 active ingredients against acne<\/h2>\n<p><strong>Niacinamide (vitamin B3):<\/strong><br \/>\nIt has an anti-inflammatory effect, reduces redness and irritation of the skin. It slows down the rate of sebum production and helps to renew the skin. Prevents clogging of pores that can cause breakouts.<\/p>\n<p><strong>Salicylic Acid (Beta Hydroxy Acid, BHA):<\/strong><br \/>\nIt is one of the most well-known substances used to reduce acne. This acid inhibits the secretory activity of the sebaceous glands, thereby drying out the oily surface of the skin. It cleans clogged pores.<\/p>\n<p><strong>Chlorhexidine Gluconate:<\/strong><br \/>\nIt is an antibacterial substance that cleanses the skin deeply. It kills bacteria and inhibits the growth of new bacteria.<\/p>\n<p><strong>L-Mandelic Acid:<\/strong><br \/>\nA gentle and effective alpha-hydroxide acid that is often compared to glycolic acid due to the results it provides without negative side effects. Reduces scarring from the effects of acne-prone skin.<\/p>\n<p><strong>Tea Tree Oil:<\/strong><br \/>\nIt has anti-inflammatory effect, prevents the formation of new bacteria. It has a soothing effect and smells pleasant thanks to its natural composition.<\/p>\n<h2>Cleanse your skin twice a day<\/h2>\n<p>CLARIFYING FOAM can be applied to the entire facial area except the eye and mouth area. We recommend to use twice a day, morning and evening on cleansed skin. Apply a sufficient amount of foam into wet palms and massage into the face and neck area. Then wash off thoroughly and pat the area dry. A small amount of foam (about the size of a peanut) is needed for one dose.<\/p>\n<h2>Lasts up to three months<\/h2>\n<p>The 150 ml package lasts for approximately 100 topical applications.<\/p>\n<p>Once opened, use within 12 months.<\/p>\n<\/div>\n","protected":false},"excerpt":{"rendered":"<h5 class=\"eshop-product-detail__subtitle\">AHA \/ BHA cleansing foam without oil for problematic skin<\/h5>\n<div class=\"eshop-product-detail__perex\">\n<p>High-performance antibacterial exfoliating cleansing foam for acne-prone skin. It cleanses pores deeply, helps reduce acne symptoms and reduces sebum production. Benefits include ease of application, natural and soothing content, deep cleansing ability.<\/p>\n<\/div>\n","protected":false},"featured_media":14469,"comment_status":"open","ping_status":"closed","template":"","meta":[],"product_brand":[],"product_cat":[178,207,74,201,209,182,180],"product_tag":[160],"class_list":{"0":"post-15058","1":"product","2":"type-product","3":"status-publish","4":"has-post-thumbnail","6":"product_cat-acne-prone-skin","7":"product_cat-day","8":"product_cat-face-creams","9":"product_cat-medik8-en","10":"product_cat-night","11":"product_cat-oily-skin","12":"product_cat-sensitive-skin","13":"product_tag-medik8-en","15":"first","16":"instock","17":"taxable","18":"shipping-taxable","19":"purchasable","20":"product-type-simple"},"yoast_head":"<!-- This site is optimized with the Yoast SEO Premium plugin v27.3 (Yoast SEO v27.3) - https:\/\/yoast.com\/product\/yoast-seo-premium-wordpress\/ -->\n<title>Medik 8 Clarifying Foam - ZK company<\/title>\n<meta name=\"description\" content=\"AHA \/ BHA cleansing foam without oil for problematic skin. High-performance antibacterial exfoliating cleansing foam for acne-prone skin.\" \/>\n<meta name=\"robots\" content=\"index, follow, max-snippet:-1, max-image-preview:large, max-video-preview:-1\" \/>\n<link rel=\"canonical\" href=\"https:\/\/zkeshop.sk\/en\/produkt\/medik-8-clarifying-foam\/\" \/>\n<meta property=\"og:locale\" content=\"en_US\" \/>\n<meta property=\"og:type\" content=\"article\" \/>\n<meta property=\"og:title\" content=\"Medik 8 Clarifying Foam\" \/>\n<meta property=\"og:description\" content=\"AHA \/ BHA cleansing foam without oil for problematic skin. High-performance antibacterial exfoliating cleansing foam for acne-prone skin.\" \/>\n<meta property=\"og:url\" content=\"https:\/\/zkeshop.sk\/en\/produkt\/medik-8-clarifying-foam\/\" \/>\n<meta property=\"og:site_name\" content=\"ZK company\" \/>\n<meta property=\"article:modified_time\" content=\"2025-06-16T17:15:33+00:00\" \/>\n<meta property=\"og:image\" content=\"https:\/\/zkeshop.sk\/wp-content\/uploads\/2025\/01\/Copy-of-Clarifying-Foam-B-1024x1024.png\" \/>\n\t<meta property=\"og:image:width\" content=\"1024\" \/>\n\t<meta property=\"og:image:height\" content=\"1024\" \/>\n\t<meta property=\"og:image:type\" content=\"image\/png\" \/>\n<meta name=\"twitter:card\" content=\"summary_large_image\" \/>\n<meta name=\"twitter:label1\" content=\"Price\" \/>\n\t<meta name=\"twitter:data1\" content=\"27,00&nbsp;&euro;\" \/>\n\t<meta name=\"twitter:label2\" content=\"Availability\" \/>\n\t<meta name=\"twitter:data2\" content=\"In stock\" \/>\n<script type=\"application\/ld+json\" class=\"yoast-schema-graph\">{\"@context\":\"https:\\\/\\\/schema.org\",\"@graph\":[{\"@type\":\"WebPage\",\"@id\":\"https:\\\/\\\/zkeshop.sk\\\/en\\\/produkt\\\/medik-8-clarifying-foam\\\/\",\"url\":\"https:\\\/\\\/zkeshop.sk\\\/en\\\/produkt\\\/medik-8-clarifying-foam\\\/\",\"name\":\"Medik 8 Clarifying Foam - ZK company\",\"isPartOf\":{\"@id\":\"https:\\\/\\\/zkeshop.sk\\\/#website\"},\"primaryImageOfPage\":{\"@id\":\"https:\\\/\\\/zkeshop.sk\\\/en\\\/produkt\\\/medik-8-clarifying-foam\\\/#primaryimage\"},\"image\":{\"@id\":\"https:\\\/\\\/zkeshop.sk\\\/en\\\/produkt\\\/medik-8-clarifying-foam\\\/#primaryimage\"},\"thumbnailUrl\":\"https:\\\/\\\/zkeshop.sk\\\/wp-content\\\/uploads\\\/2025\\\/01\\\/Copy-of-Clarifying-Foam-B.png\",\"datePublished\":\"2025-02-18T09:18:31+00:00\",\"dateModified\":\"2025-06-16T17:15:33+00:00\",\"description\":\"AHA \\\/ BHA cleansing foam without oil for problematic skin. High-performance antibacterial exfoliating cleansing foam for acne-prone skin.\",\"breadcrumb\":{\"@id\":\"https:\\\/\\\/zkeshop.sk\\\/en\\\/produkt\\\/medik-8-clarifying-foam\\\/#breadcrumb\"},\"inLanguage\":\"en-US\",\"potentialAction\":[{\"@type\":\"ReadAction\",\"target\":[\"https:\\\/\\\/zkeshop.sk\\\/en\\\/produkt\\\/medik-8-clarifying-foam\\\/\"]}]},{\"@type\":\"ImageObject\",\"inLanguage\":\"en-US\",\"@id\":\"https:\\\/\\\/zkeshop.sk\\\/en\\\/produkt\\\/medik-8-clarifying-foam\\\/#primaryimage\",\"url\":\"https:\\\/\\\/zkeshop.sk\\\/wp-content\\\/uploads\\\/2025\\\/01\\\/Copy-of-Clarifying-Foam-B.png\",\"contentUrl\":\"https:\\\/\\\/zkeshop.sk\\\/wp-content\\\/uploads\\\/2025\\\/01\\\/Copy-of-Clarifying-Foam-B.png\",\"width\":2000,\"height\":2000,\"caption\":\"AHA \\\/ BHA \u010distiaca pena bez obsahu oleja pre problematick\u00fa poko\u017eku. Vysoko-\u00fa\u010dinn\u00e1 antibakteri\u00e1lna exfolia\u010dn\u00e1 \u010distiaca pena pre akn\u00f3znu poko\u017eku.\"},{\"@type\":\"BreadcrumbList\",\"@id\":\"https:\\\/\\\/zkeshop.sk\\\/en\\\/produkt\\\/medik-8-clarifying-foam\\\/#breadcrumb\",\"itemListElement\":[{\"@type\":\"ListItem\",\"position\":1,\"name\":\"Home\",\"item\":\"https:\\\/\\\/zkeshop.sk\\\/\"},{\"@type\":\"ListItem\",\"position\":2,\"name\":\"Shop\",\"item\":\"https:\\\/\\\/zkeshop.sk\\\/obchod\\\/\"},{\"@type\":\"ListItem\",\"position\":3,\"name\":\"Medik 8 Clarifying Foam\"}]},{\"@type\":\"WebSite\",\"@id\":\"https:\\\/\\\/zkeshop.sk\\\/#website\",\"url\":\"https:\\\/\\\/zkeshop.sk\\\/\",\"name\":\"ZK company\",\"description\":\"Kvalitn\u00e1 kozmetika pre ka\u017edodenn\u00e9 pou\u017eitie\",\"potentialAction\":[{\"@type\":\"SearchAction\",\"target\":{\"@type\":\"EntryPoint\",\"urlTemplate\":\"https:\\\/\\\/zkeshop.sk\\\/?s={search_term_string}\"},\"query-input\":{\"@type\":\"PropertyValueSpecification\",\"valueRequired\":true,\"valueName\":\"search_term_string\"}}],\"inLanguage\":\"en-US\"}]}<\/script>\n<meta property=\"product:price:amount\" content=\"27.00\" \/>\n<meta property=\"product:price:currency\" content=\"EUR\" \/>\n<meta property=\"og:availability\" content=\"instock\" \/>\n<meta property=\"product:availability\" content=\"instock\" \/>\n<meta property=\"product:condition\" content=\"new\" \/>\n<!-- \/ Yoast SEO Premium plugin. -->","yoast_head_json":{"title":"Medik 8 Clarifying Foam - ZK company","description":"AHA \/ BHA cleansing foam without oil for problematic skin. High-performance antibacterial exfoliating cleansing foam for acne-prone skin.","robots":{"index":"index","follow":"follow","max-snippet":"max-snippet:-1","max-image-preview":"max-image-preview:large","max-video-preview":"max-video-preview:-1"},"canonical":"https:\/\/zkeshop.sk\/en\/produkt\/medik-8-clarifying-foam\/","og_locale":"en_US","og_type":"article","og_title":"Medik 8 Clarifying Foam","og_description":"AHA \/ BHA cleansing foam without oil for problematic skin. High-performance antibacterial exfoliating cleansing foam for acne-prone skin.","og_url":"https:\/\/zkeshop.sk\/en\/produkt\/medik-8-clarifying-foam\/","og_site_name":"ZK company","article_modified_time":"2025-06-16T17:15:33+00:00","og_image":[{"width":1024,"height":1024,"url":"https:\/\/zkeshop.sk\/wp-content\/uploads\/2025\/01\/Copy-of-Clarifying-Foam-B-1024x1024.png","type":"image\/png"}],"twitter_card":"summary_large_image","twitter_misc":{"Price":"27,00&nbsp;&euro;","Availability":"In stock"},"schema":{"@context":"https:\/\/schema.org","@graph":[{"@type":"WebPage","@id":"https:\/\/zkeshop.sk\/en\/produkt\/medik-8-clarifying-foam\/","url":"https:\/\/zkeshop.sk\/en\/produkt\/medik-8-clarifying-foam\/","name":"Medik 8 Clarifying Foam - ZK company","isPartOf":{"@id":"https:\/\/zkeshop.sk\/#website"},"primaryImageOfPage":{"@id":"https:\/\/zkeshop.sk\/en\/produkt\/medik-8-clarifying-foam\/#primaryimage"},"image":{"@id":"https:\/\/zkeshop.sk\/en\/produkt\/medik-8-clarifying-foam\/#primaryimage"},"thumbnailUrl":"https:\/\/zkeshop.sk\/wp-content\/uploads\/2025\/01\/Copy-of-Clarifying-Foam-B.png","datePublished":"2025-02-18T09:18:31+00:00","dateModified":"2025-06-16T17:15:33+00:00","description":"AHA \/ BHA cleansing foam without oil for problematic skin. High-performance antibacterial exfoliating cleansing foam for acne-prone skin.","breadcrumb":{"@id":"https:\/\/zkeshop.sk\/en\/produkt\/medik-8-clarifying-foam\/#breadcrumb"},"inLanguage":"en-US","potentialAction":[{"@type":"ReadAction","target":["https:\/\/zkeshop.sk\/en\/produkt\/medik-8-clarifying-foam\/"]}]},{"@type":"ImageObject","inLanguage":"en-US","@id":"https:\/\/zkeshop.sk\/en\/produkt\/medik-8-clarifying-foam\/#primaryimage","url":"https:\/\/zkeshop.sk\/wp-content\/uploads\/2025\/01\/Copy-of-Clarifying-Foam-B.png","contentUrl":"https:\/\/zkeshop.sk\/wp-content\/uploads\/2025\/01\/Copy-of-Clarifying-Foam-B.png","width":2000,"height":2000,"caption":"AHA \/ BHA \u010distiaca pena bez obsahu oleja pre problematick\u00fa poko\u017eku. Vysoko-\u00fa\u010dinn\u00e1 antibakteri\u00e1lna exfolia\u010dn\u00e1 \u010distiaca pena pre akn\u00f3znu poko\u017eku."},{"@type":"BreadcrumbList","@id":"https:\/\/zkeshop.sk\/en\/produkt\/medik-8-clarifying-foam\/#breadcrumb","itemListElement":[{"@type":"ListItem","position":1,"name":"Home","item":"https:\/\/zkeshop.sk\/"},{"@type":"ListItem","position":2,"name":"Shop","item":"https:\/\/zkeshop.sk\/obchod\/"},{"@type":"ListItem","position":3,"name":"Medik 8 Clarifying Foam"}]},{"@type":"WebSite","@id":"https:\/\/zkeshop.sk\/#website","url":"https:\/\/zkeshop.sk\/","name":"ZK company","description":"Kvalitn\u00e1 kozmetika pre ka\u017edodenn\u00e9 pou\u017eitie","potentialAction":[{"@type":"SearchAction","target":{"@type":"EntryPoint","urlTemplate":"https:\/\/zkeshop.sk\/?s={search_term_string}"},"query-input":{"@type":"PropertyValueSpecification","valueRequired":true,"valueName":"search_term_string"}}],"inLanguage":"en-US"}]},"product_price_amount":"27.00","product_price_currency":"EUR","og_availability":"instock","product_availability":"instock","product_condition":"new"},"_links":{"self":[{"href":"https:\/\/zkeshop.sk\/en\/wp-json\/wp\/v2\/product\/15058","targetHints":{"allow":["GET"]}}],"collection":[{"href":"https:\/\/zkeshop.sk\/en\/wp-json\/wp\/v2\/product"}],"about":[{"href":"https:\/\/zkeshop.sk\/en\/wp-json\/wp\/v2\/types\/product"}],"replies":[{"embeddable":true,"href":"https:\/\/zkeshop.sk\/en\/wp-json\/wp\/v2\/comments?post=15058"}],"version-history":[{"count":0,"href":"https:\/\/zkeshop.sk\/en\/wp-json\/wp\/v2\/product\/15058\/revisions"}],"wp:featuredmedia":[{"embeddable":true,"href":"https:\/\/zkeshop.sk\/en\/wp-json\/wp\/v2\/media\/14469"}],"wp:attachment":[{"href":"https:\/\/zkeshop.sk\/en\/wp-json\/wp\/v2\/media?parent=15058"}],"wp:term":[{"taxonomy":"product_brand","embeddable":true,"href":"https:\/\/zkeshop.sk\/en\/wp-json\/wp\/v2\/product_brand?post=15058"},{"taxonomy":"product_cat","embeddable":true,"href":"https:\/\/zkeshop.sk\/en\/wp-json\/wp\/v2\/product_cat?post=15058"},{"taxonomy":"product_tag","embeddable":true,"href":"https:\/\/zkeshop.sk\/en\/wp-json\/wp\/v2\/product_tag?post=15058"}],"curies":[{"name":"wp","href":"https:\/\/api.w.org\/{rel}","templated":true}]}}