{"id":15060,"date":"2025-01-29T14:41:17","date_gmt":"2025-02-18T09:18:32","guid":{"rendered":"https:\/\/zkeshop.sk\/produkt\/medik-8-total-moisture-daily-facial-cream\/"},"modified":"2025-05-06T14:34:51","modified_gmt":"2025-05-06T12:34:51","slug":"medik-8-total-moisture-daily-facial-cream","status":"publish","type":"product","link":"https:\/\/zkeshop.sk\/en\/produkt\/medik-8-total-moisture-daily-facial-cream\/","title":{"rendered":"Medik 8 Total Moisture Daily Facial Cream"},"content":{"rendered":"<h5 class=\"eshop-product-detail__subtitle\">Cream for daily hydration<\/h5>\n<div class=\"eshop-product-detail__perex\">\n<p>TOTAL MOISTURE DAILY FACIAL CREAM by Medik8 moisturizes all skin layers, strengthens the skin barrier and promotes a healthy skin microbiome. Use it for juicy, fresh and strong skin. Morning, evening or anytime your skin shows signs of dehydration.<\/p>\n<h2>Moisturiser for morning and evening<\/h2>\n<p>TOTAL MOISTURE DAILY FACIAL CREAM by Medik8 is a light moisturizer for morning and evening skin care. It nourishes the skin and leaves it soft, smooth and deeply hydrated. According to a consumer study on the cream, up to 96% of participants reported that it has a nourishing texture* and adds a healthy glow to the skin without leaving a greasy feeling on the skin.<\/p>\n<h2>You will feel the effects immediately after application<\/h2>\n<p>Immediately after application, the skin is hydrated and plumped thanks to an optimised ratio of multi-molecular hyaluronic acid and ceramides. Within 1 hour after application, skin health is improved thanks to the unique prebiotic peptide content that supports the skin barrier.<\/p>\n<h2>Cream for all skin types<\/h2>\n<p>TOTAL MOISTURE DAILY FACIAL CREAM is suitable for all skin types, including sensitive, oily and very dry or dehydrated skin. The non-comedogenic formula and light texture ensure perfect absorption into the skin. Immerse yourself in deep hydration and support the health of your skin barrier.<\/p>\n<h2>Cream for soft, supple and healthy skin<\/h2>\n<ul>\n<li>Instantly and long-lastingly increases hydration even in the deepest layers of the skin<\/li>\n<li>Improves skin elasticity immediately after application<\/li>\n<li>Leaves the skin softened and smoothed<\/li>\n<li>Strengthens the skin barrier and improves its functioning<\/li>\n<li>Restores the balance of the skin microbiome<\/li>\n<li>Gives the skin a fresh brightness and healthy look within 1 hour<\/li>\n<li>Does not clog pores<\/li>\n<li>It is ideal as a foundation base for make-up and SPF<\/li>\n<\/ul>\n<h2>Results confirm studies<\/h2>\n<ul>\n<li>Clinically proven hydration for 100 hours*<\/li>\n<li>1 use is all it takes to instantly smooth skin and soften elasticity**<\/li>\n<li>55% better skin hydration*<\/li>\n<li>30% better functioning of the protective skin barrier*<\/li>\n<li>100% of study participants agreed that it made their skin less dry and less stumpy**<\/li>\n<\/ul>\n<p><i>*Demonstrated in an independent clinical study where TOTAL MOISTURE DAILY FACIAL CREAM was used daily by 33 participants for 2 weeks.<\/i><br \/>\n<i>**Demonstrated in an independent clinical study where TOTAL MOISTURE DAILY FACIAL CREAM was used daily by 35 participants for 4 weeks.<\/i><\/p>\n<h2>Active ingredients for supple, hydrated skin<\/h2>\n<p><strong>Prebiotic Peptides:<\/strong><br \/>\nThey help maintain the balance of the skin microbiome and restore and strengthen the skin barrier. As a result, they stimulate the skin&#8217;s own internal defenses against dehydration and damage from external stressors.<\/p>\n<p><strong>Multi-molecular hyaluronic acid:<\/strong><br \/>\nHyaluronic acid has the ability to attract and retain water &#8211; more than a thousand times its own weight. It helps hydrate the upper layers of the skin by attracting moisture to them from the lower layers. This leaves skin supple and visibly hydrated and nourished.<\/p>\n<p><strong>Ceramides &amp; Lipids:<\/strong><br \/>\nCeramides, squalane and vitamin E occur naturally in the skin barrier. By mimicking its natural functioning, they strengthen and restore the skin overall. As a result, they also minimize dryness.<\/p>\n<\/div>\n","protected":false},"excerpt":{"rendered":"<h5 class=\"eshop-product-detail__subtitle\">Cream for daily hydration<\/h5>\n<div class=\"eshop-product-detail__perex\">\n<p>TOTAL MOISTURE DAILY FACIAL CREAM by Medik8 moisturizes all skin layers, strengthens the skin barrier and promotes a healthy skin microbiome. Use it for juicy, fresh and strong skin. Morning, evening or anytime your skin shows signs of dehydration.<\/p>\n<\/div>\n","protected":false},"featured_media":14669,"comment_status":"open","ping_status":"closed","template":"","meta":[],"product_brand":[],"product_cat":[207,187,74,201,186,182,180],"product_tag":[160],"class_list":{"0":"post-15060","1":"product","2":"type-product","3":"status-publish","4":"has-post-thumbnail","6":"product_cat-day","7":"product_cat-dry-skin","8":"product_cat-face-creams","9":"product_cat-medik8-en","10":"product_cat-normal-skin","11":"product_cat-oily-skin","12":"product_cat-sensitive-skin","13":"product_tag-medik8-en","15":"first","16":"instock","17":"taxable","18":"shipping-taxable","19":"purchasable","20":"product-type-simple"},"yoast_head":"<!-- This site is optimized with the Yoast SEO Premium plugin v27.3 (Yoast SEO v27.3) - https:\/\/yoast.com\/product\/yoast-seo-premium-wordpress\/ -->\n<title>Medik 8 Total Moisture Daily Facial Cream - ZK company<\/title>\n<meta name=\"description\" content=\"TOTAL MOISTURE DAILY FACIAL CREAM Moisturizer Use it morning, evening or anytime your skin shows signs of dehydration\" \/>\n<meta name=\"robots\" content=\"index, follow, max-snippet:-1, max-image-preview:large, max-video-preview:-1\" \/>\n<link rel=\"canonical\" href=\"https:\/\/zkeshop.sk\/en\/produkt\/medik-8-total-moisture-daily-facial-cream\/\" \/>\n<meta property=\"og:locale\" content=\"en_US\" \/>\n<meta property=\"og:type\" content=\"article\" \/>\n<meta property=\"og:title\" content=\"Medik 8 Total Moisture Daily Facial Cream\" \/>\n<meta property=\"og:description\" content=\"TOTAL MOISTURE DAILY FACIAL CREAM Moisturizer Use it morning, evening or anytime your skin shows signs of dehydration\" \/>\n<meta property=\"og:url\" content=\"https:\/\/zkeshop.sk\/en\/produkt\/medik-8-total-moisture-daily-facial-cream\/\" \/>\n<meta property=\"og:site_name\" content=\"ZK company\" \/>\n<meta property=\"article:modified_time\" content=\"2025-05-06T12:34:51+00:00\" \/>\n<meta property=\"og:image\" content=\"https:\/\/zkeshop.sk\/wp-content\/uploads\/2025\/01\/Copy-of-20231117-Total-Moisture-Facial-Cream-Cutout-ROW-2000-x-2000.png\" \/>\n\t<meta property=\"og:image:width\" content=\"2000\" \/>\n\t<meta property=\"og:image:height\" content=\"2000\" \/>\n\t<meta property=\"og:image:type\" content=\"image\/png\" \/>\n<meta name=\"twitter:card\" content=\"summary_large_image\" \/>\n<meta name=\"twitter:label1\" content=\"Price\" \/>\n\t<meta name=\"twitter:data1\" content=\"55,00&nbsp;&euro;\" \/>\n\t<meta name=\"twitter:label2\" content=\"Availability\" \/>\n\t<meta name=\"twitter:data2\" content=\"In stock\" \/>\n<script type=\"application\/ld+json\" class=\"yoast-schema-graph\">{\"@context\":\"https:\\\/\\\/schema.org\",\"@graph\":[{\"@type\":\"WebPage\",\"@id\":\"https:\\\/\\\/zkeshop.sk\\\/en\\\/produkt\\\/medik-8-total-moisture-daily-facial-cream\\\/\",\"url\":\"https:\\\/\\\/zkeshop.sk\\\/en\\\/produkt\\\/medik-8-total-moisture-daily-facial-cream\\\/\",\"name\":\"Medik 8 Total Moisture Daily Facial Cream - ZK company\",\"isPartOf\":{\"@id\":\"https:\\\/\\\/zkeshop.sk\\\/#website\"},\"primaryImageOfPage\":{\"@id\":\"https:\\\/\\\/zkeshop.sk\\\/en\\\/produkt\\\/medik-8-total-moisture-daily-facial-cream\\\/#primaryimage\"},\"image\":{\"@id\":\"https:\\\/\\\/zkeshop.sk\\\/en\\\/produkt\\\/medik-8-total-moisture-daily-facial-cream\\\/#primaryimage\"},\"thumbnailUrl\":\"https:\\\/\\\/zkeshop.sk\\\/wp-content\\\/uploads\\\/2025\\\/01\\\/Copy-of-20231117-Total-Moisture-Facial-Cream-Cutout-ROW-2000-x-2000.png\",\"datePublished\":\"2025-02-18T09:18:32+00:00\",\"dateModified\":\"2025-05-06T12:34:51+00:00\",\"description\":\"TOTAL MOISTURE DAILY FACIAL CREAM Moisturizer Use it morning, evening or anytime your skin shows signs of dehydration\",\"breadcrumb\":{\"@id\":\"https:\\\/\\\/zkeshop.sk\\\/en\\\/produkt\\\/medik-8-total-moisture-daily-facial-cream\\\/#breadcrumb\"},\"inLanguage\":\"en-US\",\"potentialAction\":[{\"@type\":\"ReadAction\",\"target\":[\"https:\\\/\\\/zkeshop.sk\\\/en\\\/produkt\\\/medik-8-total-moisture-daily-facial-cream\\\/\"]}]},{\"@type\":\"ImageObject\",\"inLanguage\":\"en-US\",\"@id\":\"https:\\\/\\\/zkeshop.sk\\\/en\\\/produkt\\\/medik-8-total-moisture-daily-facial-cream\\\/#primaryimage\",\"url\":\"https:\\\/\\\/zkeshop.sk\\\/wp-content\\\/uploads\\\/2025\\\/01\\\/Copy-of-20231117-Total-Moisture-Facial-Cream-Cutout-ROW-2000-x-2000.png\",\"contentUrl\":\"https:\\\/\\\/zkeshop.sk\\\/wp-content\\\/uploads\\\/2025\\\/01\\\/Copy-of-20231117-Total-Moisture-Facial-Cream-Cutout-ROW-2000-x-2000.png\",\"width\":2000,\"height\":2000,\"caption\":\"Hydrata\u010dn\u00fd kr\u00e9m TOTAL MOISTURE DAILY FACIAL CREAM od Medik8 pre h\u013abkov\u00fa hydrat\u00e1ciu a zdrav\u00fd jas pleti. Posil\u0148uje ko\u017en\u00fa bari\u00e9ru, podporuje mikrobi\u00f3m pleti.\"},{\"@type\":\"BreadcrumbList\",\"@id\":\"https:\\\/\\\/zkeshop.sk\\\/en\\\/produkt\\\/medik-8-total-moisture-daily-facial-cream\\\/#breadcrumb\",\"itemListElement\":[{\"@type\":\"ListItem\",\"position\":1,\"name\":\"Home\",\"item\":\"https:\\\/\\\/zkeshop.sk\\\/\"},{\"@type\":\"ListItem\",\"position\":2,\"name\":\"Shop\",\"item\":\"https:\\\/\\\/zkeshop.sk\\\/obchod\\\/\"},{\"@type\":\"ListItem\",\"position\":3,\"name\":\"Medik 8 Total Moisture Daily Facial Cream\"}]},{\"@type\":\"WebSite\",\"@id\":\"https:\\\/\\\/zkeshop.sk\\\/#website\",\"url\":\"https:\\\/\\\/zkeshop.sk\\\/\",\"name\":\"ZK company\",\"description\":\"Kvalitn\u00e1 kozmetika pre ka\u017edodenn\u00e9 pou\u017eitie\",\"potentialAction\":[{\"@type\":\"SearchAction\",\"target\":{\"@type\":\"EntryPoint\",\"urlTemplate\":\"https:\\\/\\\/zkeshop.sk\\\/?s={search_term_string}\"},\"query-input\":{\"@type\":\"PropertyValueSpecification\",\"valueRequired\":true,\"valueName\":\"search_term_string\"}}],\"inLanguage\":\"en-US\"}]}<\/script>\n<meta property=\"product:price:amount\" content=\"55.00\" \/>\n<meta property=\"product:price:currency\" content=\"EUR\" \/>\n<meta property=\"og:availability\" content=\"instock\" \/>\n<meta property=\"product:availability\" content=\"instock\" \/>\n<meta property=\"product:condition\" content=\"new\" \/>\n<!-- \/ Yoast SEO Premium plugin. -->","yoast_head_json":{"title":"Medik 8 Total Moisture Daily Facial Cream - ZK company","description":"TOTAL MOISTURE DAILY FACIAL CREAM Moisturizer Use it morning, evening or anytime your skin shows signs of dehydration","robots":{"index":"index","follow":"follow","max-snippet":"max-snippet:-1","max-image-preview":"max-image-preview:large","max-video-preview":"max-video-preview:-1"},"canonical":"https:\/\/zkeshop.sk\/en\/produkt\/medik-8-total-moisture-daily-facial-cream\/","og_locale":"en_US","og_type":"article","og_title":"Medik 8 Total Moisture Daily Facial Cream","og_description":"TOTAL MOISTURE DAILY FACIAL CREAM Moisturizer Use it morning, evening or anytime your skin shows signs of dehydration","og_url":"https:\/\/zkeshop.sk\/en\/produkt\/medik-8-total-moisture-daily-facial-cream\/","og_site_name":"ZK company","article_modified_time":"2025-05-06T12:34:51+00:00","og_image":[{"width":2000,"height":2000,"url":"https:\/\/zkeshop.sk\/wp-content\/uploads\/2025\/01\/Copy-of-20231117-Total-Moisture-Facial-Cream-Cutout-ROW-2000-x-2000.png","type":"image\/png"}],"twitter_card":"summary_large_image","twitter_misc":{"Price":"55,00&nbsp;&euro;","Availability":"In stock"},"schema":{"@context":"https:\/\/schema.org","@graph":[{"@type":"WebPage","@id":"https:\/\/zkeshop.sk\/en\/produkt\/medik-8-total-moisture-daily-facial-cream\/","url":"https:\/\/zkeshop.sk\/en\/produkt\/medik-8-total-moisture-daily-facial-cream\/","name":"Medik 8 Total Moisture Daily Facial Cream - ZK company","isPartOf":{"@id":"https:\/\/zkeshop.sk\/#website"},"primaryImageOfPage":{"@id":"https:\/\/zkeshop.sk\/en\/produkt\/medik-8-total-moisture-daily-facial-cream\/#primaryimage"},"image":{"@id":"https:\/\/zkeshop.sk\/en\/produkt\/medik-8-total-moisture-daily-facial-cream\/#primaryimage"},"thumbnailUrl":"https:\/\/zkeshop.sk\/wp-content\/uploads\/2025\/01\/Copy-of-20231117-Total-Moisture-Facial-Cream-Cutout-ROW-2000-x-2000.png","datePublished":"2025-02-18T09:18:32+00:00","dateModified":"2025-05-06T12:34:51+00:00","description":"TOTAL MOISTURE DAILY FACIAL CREAM Moisturizer Use it morning, evening or anytime your skin shows signs of dehydration","breadcrumb":{"@id":"https:\/\/zkeshop.sk\/en\/produkt\/medik-8-total-moisture-daily-facial-cream\/#breadcrumb"},"inLanguage":"en-US","potentialAction":[{"@type":"ReadAction","target":["https:\/\/zkeshop.sk\/en\/produkt\/medik-8-total-moisture-daily-facial-cream\/"]}]},{"@type":"ImageObject","inLanguage":"en-US","@id":"https:\/\/zkeshop.sk\/en\/produkt\/medik-8-total-moisture-daily-facial-cream\/#primaryimage","url":"https:\/\/zkeshop.sk\/wp-content\/uploads\/2025\/01\/Copy-of-20231117-Total-Moisture-Facial-Cream-Cutout-ROW-2000-x-2000.png","contentUrl":"https:\/\/zkeshop.sk\/wp-content\/uploads\/2025\/01\/Copy-of-20231117-Total-Moisture-Facial-Cream-Cutout-ROW-2000-x-2000.png","width":2000,"height":2000,"caption":"Hydrata\u010dn\u00fd kr\u00e9m TOTAL MOISTURE DAILY FACIAL CREAM od Medik8 pre h\u013abkov\u00fa hydrat\u00e1ciu a zdrav\u00fd jas pleti. Posil\u0148uje ko\u017en\u00fa bari\u00e9ru, podporuje mikrobi\u00f3m pleti."},{"@type":"BreadcrumbList","@id":"https:\/\/zkeshop.sk\/en\/produkt\/medik-8-total-moisture-daily-facial-cream\/#breadcrumb","itemListElement":[{"@type":"ListItem","position":1,"name":"Home","item":"https:\/\/zkeshop.sk\/"},{"@type":"ListItem","position":2,"name":"Shop","item":"https:\/\/zkeshop.sk\/obchod\/"},{"@type":"ListItem","position":3,"name":"Medik 8 Total Moisture Daily Facial Cream"}]},{"@type":"WebSite","@id":"https:\/\/zkeshop.sk\/#website","url":"https:\/\/zkeshop.sk\/","name":"ZK company","description":"Kvalitn\u00e1 kozmetika pre ka\u017edodenn\u00e9 pou\u017eitie","potentialAction":[{"@type":"SearchAction","target":{"@type":"EntryPoint","urlTemplate":"https:\/\/zkeshop.sk\/?s={search_term_string}"},"query-input":{"@type":"PropertyValueSpecification","valueRequired":true,"valueName":"search_term_string"}}],"inLanguage":"en-US"}]},"product_price_amount":"55.00","product_price_currency":"EUR","og_availability":"instock","product_availability":"instock","product_condition":"new"},"_links":{"self":[{"href":"https:\/\/zkeshop.sk\/en\/wp-json\/wp\/v2\/product\/15060","targetHints":{"allow":["GET"]}}],"collection":[{"href":"https:\/\/zkeshop.sk\/en\/wp-json\/wp\/v2\/product"}],"about":[{"href":"https:\/\/zkeshop.sk\/en\/wp-json\/wp\/v2\/types\/product"}],"replies":[{"embeddable":true,"href":"https:\/\/zkeshop.sk\/en\/wp-json\/wp\/v2\/comments?post=15060"}],"version-history":[{"count":0,"href":"https:\/\/zkeshop.sk\/en\/wp-json\/wp\/v2\/product\/15060\/revisions"}],"wp:featuredmedia":[{"embeddable":true,"href":"https:\/\/zkeshop.sk\/en\/wp-json\/wp\/v2\/media\/14669"}],"wp:attachment":[{"href":"https:\/\/zkeshop.sk\/en\/wp-json\/wp\/v2\/media?parent=15060"}],"wp:term":[{"taxonomy":"product_brand","embeddable":true,"href":"https:\/\/zkeshop.sk\/en\/wp-json\/wp\/v2\/product_brand?post=15060"},{"taxonomy":"product_cat","embeddable":true,"href":"https:\/\/zkeshop.sk\/en\/wp-json\/wp\/v2\/product_cat?post=15060"},{"taxonomy":"product_tag","embeddable":true,"href":"https:\/\/zkeshop.sk\/en\/wp-json\/wp\/v2\/product_tag?post=15060"}],"curies":[{"name":"wp","href":"https:\/\/api.w.org\/{rel}","templated":true}]}}