{"id":15063,"date":"2025-01-29T14:41:52","date_gmt":"2025-02-18T09:18:33","guid":{"rendered":"https:\/\/zkeshop.sk\/produkt\/medik-8-balance-moisturiser-with-glycolic-acid-activator\/"},"modified":"2025-02-18T10:18:34","modified_gmt":"2025-02-18T09:18:34","slug":"medik-8-balance-moisturiser-with-glycolic-acid-activator","status":"publish","type":"product","link":"https:\/\/zkeshop.sk\/en\/produkt\/medik-8-balance-moisturiser-with-glycolic-acid-activator\/","title":{"rendered":"Medik 8 Balance Moisturiser with Glycolic Acid Activator"},"content":{"rendered":"<h5 class=\"eshop-product-detail__subtitle\">Confusing acne prevention cream with glycolic acid activator<\/h5>\n<div class=\"eshop-product-detail__perex\">\n<p>Are you looking for a mattifying day moisturiser with a very light texture without oils? BALANCE MOISTURISER &amp; GLYCOLIC ACID ACTIVATOR not only provides a mattifying effect, but also eliminates acne-causing bacteria. <\/p>\n<h2>The power of 5 ingredients against acne<\/h2>\n<p>BALANCE MOISTURISER &amp; GLYCOLIC ACID ACTIVATOR is a product designed for problematic skin. It contains a very light mattifying oil-free day moisturizer, BALANCE MOISTURISER, and another product, GLYCOLIC ACID ACTIVATOR, a glycolic acid activator, to further support your skin in the fight against acne. <\/p>\n<p>The entire formula is based on five key ingredients that lead to acne reduction and acne prevention. This anti-acne cream and glycolic acid activator and all their ingredients precisely target problematic skin! <\/p>\n<p>Prebiotics\/probiotics regulate the balance of skin bacteria, Niacinamide maintains hydration and has an anti-inflammatory effect. Lauric acid has a very strong antibacterial effect. Further helping to reduce bacterial growth is the cinnamon extract, which also reduces the appearance of acne. Beta-glucan is the last, but not least, the main ingredient that promotes cell regeneration.   <\/p>\n<h2>Confuses shiny skin<\/h2>\n<ul>\n<li>Provides a mattifying effect<\/li>\n<li>The most suitable moisturiser for problematic skin<\/li>\n<li>Eliminates acne-causing bacteria<\/li>\n<li>Controls already formed pimples and prevents the formation of new ones<\/li>\n<li>Provides long-lasting hydration without blocking pores<\/li>\n<\/ul>\n<h2>The ideal moisturising day cream for problematic skin<\/h2>\n<ul>\n<li>Comprehensive efficiency<\/li>\n<li>Contains GLYCOLIC ACID ACTIVATOR, a glycolic acid activator to fight acne<\/li>\n<li>Additionally, it contains ingredients that stimulate cellular regeneration<\/li>\n<li>Balanced composition<\/li>\n<li>Free of perfumes, parabens and petrochemicals<\/li>\n<li>Has not been tested on animals<\/li>\n<li>Quickly absorbed<\/li>\n<\/ul>\n<h2>For oily skin and problematic skin with acne<\/h2>\n<ul>\n<li>Problematic skin prone to oiliness<\/li>\n<li>Problematic skin with the appearance of acne<\/li>\n<\/ul>\n<h2>Glycolic acid and 5 active ingredients<\/h2>\n<p><strong>Prebiotics:<\/strong><br \/>\nThey regulate the balance of skin bacteria present.<\/p>\n<p><strong>Niacinamide:<\/strong><br \/>\nMaintains hydration and has an anti-inflammatory effect.<\/p>\n<p><strong>Lauric acid:<\/strong><br \/>\nIt has a very strong antibacterial effect.<\/p>\n<p><strong>Cinnamon Extract:<\/strong><br \/>\nHelps reduce bacterial proliferation and acne formation.<\/p>\n<p><strong>Beta-glucan:<\/strong><br \/>\nPromotes cell regeneration.<\/p>\n<p><strong>Glycolic Acid:<\/strong><br \/>\nA powerful AHA acid that helps visibly renew the skin&#8217;s surface by stimulating exfoliation of the skin&#8217;s top layers. As a result, the skin is brightened and purified. <\/p>\n<h2>2 products in the package<\/h2>\n<ul>\n<li>A 50 ml pack of cream lasts about 50 applications.<\/li>\n<li>The contents of the package of glycolic acid activator is 10 ml<\/li>\n<li>Lasts 12 months after opening<\/li>\n<\/ul>\n<h2>Maximize the effect with glycolic acid<\/h2>\n<p>We recommend cleaning the skin first and then using Medik8 preventive and corrective products. Apply a small amount of BALANCE MOISTURISER cream in a circular motion on the face. Avoid the eye area and lips. Allow to absorb; only then apply other products under make-up. We recommend using twice a day (morning and evening). It is recommended to use every day for a long period of time.     <\/p>\n<p>For even stronger exfoliation and product effect, apply 4-6 drops of GLYCOLIC ACID ACTIVATOR two to three times a week in the evening after cleansing and apply BALANCE MOISTURISER cream once it has been absorbed. Never mix and apply these two products at the same time, it will reduce their effectiveness. If you are accustomed to using a night serum, then apply GLYCOLIC ACID ACTIVATOR first, followed by your favorite night serum, and finish your skin care routine by applying BALANCE MOISTURISER.  <\/p>\n<\/div>\n","protected":false},"excerpt":{"rendered":"<h5 class=\"eshop-product-detail__subtitle\">Confusing acne prevention cream with glycolic acid activator<\/h5>\n<div class=\"eshop-product-detail__perex\">\n<p>Are you looking for a mattifying day moisturiser with a very light texture without oils? BALANCE MOISTURISER &amp; GLYCOLIC ACID ACTIVATOR not only provides a mattifying effect, but also eliminates acne-causing bacteria. <\/p>\n<\/div>\n","protected":false},"featured_media":14289,"comment_status":"open","ping_status":"closed","template":"","meta":[],"product_brand":[],"product_cat":[178,207,74,201,209,186,180],"product_tag":[160],"class_list":{"0":"post-15063","1":"product","2":"type-product","3":"status-publish","4":"has-post-thumbnail","6":"product_cat-acne-prone-skin","7":"product_cat-day","8":"product_cat-face-creams","9":"product_cat-medik8-en","10":"product_cat-night","11":"product_cat-normal-skin","12":"product_cat-sensitive-skin","13":"product_tag-medik8-en","15":"first","16":"instock","17":"taxable","18":"shipping-taxable","19":"purchasable","20":"product-type-simple"},"yoast_head":"<!-- This site is optimized with the Yoast SEO Premium plugin v27.3 (Yoast SEO v27.3) - https:\/\/yoast.com\/product\/yoast-seo-premium-wordpress\/ -->\n<title>Medik 8 Balance Moisturiser with Glycolic Acid Activator - ZK company<\/title>\n<meta name=\"description\" content=\"BALANCE MOISTURISER &amp; GLYCOLIC ACID ACTIVATOR provides a mattifying effect, but also eliminates acne-causing bacteria.\" \/>\n<meta name=\"robots\" content=\"index, follow, max-snippet:-1, max-image-preview:large, max-video-preview:-1\" \/>\n<link rel=\"canonical\" href=\"https:\/\/zkeshop.sk\/produkt\/medik-8-balance-moisturiser-with-glycolic-acid-activator\/\" \/>\n<meta property=\"og:locale\" content=\"en_US\" \/>\n<meta property=\"og:type\" content=\"article\" \/>\n<meta property=\"og:title\" content=\"Medik 8 Balance Moisturiser with Glycolic Acid Activator\" \/>\n<meta property=\"og:description\" content=\"BALANCE MOISTURISER &amp; GLYCOLIC ACID ACTIVATOR provides a mattifying effect, but also eliminates acne-causing bacteria.\" \/>\n<meta property=\"og:url\" content=\"https:\/\/zkeshop.sk\/produkt\/medik-8-balance-moisturiser-with-glycolic-acid-activator\/\" \/>\n<meta property=\"og:site_name\" content=\"ZK company\" \/>\n<meta property=\"article:modified_time\" content=\"2025-02-18T09:18:34+00:00\" \/>\n<meta property=\"og:image\" content=\"https:\/\/zkeshop.sk\/wp-content\/uploads\/2025\/01\/Copy-of-Balance-Moisturiser-with-Glycolic-Acid-Activator-B-1024x1024.png\" \/>\n\t<meta property=\"og:image:width\" content=\"1024\" \/>\n\t<meta property=\"og:image:height\" content=\"1024\" \/>\n\t<meta property=\"og:image:type\" content=\"image\/png\" \/>\n<meta name=\"twitter:card\" content=\"summary_large_image\" \/>\n<meta name=\"twitter:label1\" content=\"Price\" \/>\n\t<meta name=\"twitter:data1\" content=\"61,00&nbsp;&euro;\" \/>\n\t<meta name=\"twitter:label2\" content=\"Availability\" \/>\n\t<meta name=\"twitter:data2\" content=\"In stock\" \/>\n<script type=\"application\/ld+json\" class=\"yoast-schema-graph\">{\"@context\":\"https:\\\/\\\/schema.org\",\"@graph\":[{\"@type\":\"WebPage\",\"@id\":\"https:\\\/\\\/zkeshop.sk\\\/produkt\\\/medik-8-balance-moisturiser-with-glycolic-acid-activator\\\/\",\"url\":\"https:\\\/\\\/zkeshop.sk\\\/produkt\\\/medik-8-balance-moisturiser-with-glycolic-acid-activator\\\/\",\"name\":\"Medik 8 Balance Moisturiser with Glycolic Acid Activator - ZK company\",\"isPartOf\":{\"@id\":\"https:\\\/\\\/zkeshop.sk\\\/#website\"},\"primaryImageOfPage\":{\"@id\":\"https:\\\/\\\/zkeshop.sk\\\/produkt\\\/medik-8-balance-moisturiser-with-glycolic-acid-activator\\\/#primaryimage\"},\"image\":{\"@id\":\"https:\\\/\\\/zkeshop.sk\\\/produkt\\\/medik-8-balance-moisturiser-with-glycolic-acid-activator\\\/#primaryimage\"},\"thumbnailUrl\":\"https:\\\/\\\/zkeshop.sk\\\/wp-content\\\/uploads\\\/2025\\\/01\\\/Copy-of-Balance-Moisturiser-with-Glycolic-Acid-Activator-B.png\",\"datePublished\":\"2025-02-18T09:18:33+00:00\",\"dateModified\":\"2025-02-18T09:18:34+00:00\",\"description\":\"BALANCE MOISTURISER & GLYCOLIC ACID ACTIVATOR provides a mattifying effect, but also eliminates acne-causing bacteria.\",\"breadcrumb\":{\"@id\":\"https:\\\/\\\/zkeshop.sk\\\/produkt\\\/medik-8-balance-moisturiser-with-glycolic-acid-activator\\\/#breadcrumb\"},\"inLanguage\":\"en-US\",\"potentialAction\":[{\"@type\":\"ReadAction\",\"target\":[\"https:\\\/\\\/zkeshop.sk\\\/produkt\\\/medik-8-balance-moisturiser-with-glycolic-acid-activator\\\/\"]}]},{\"@type\":\"ImageObject\",\"inLanguage\":\"en-US\",\"@id\":\"https:\\\/\\\/zkeshop.sk\\\/produkt\\\/medik-8-balance-moisturiser-with-glycolic-acid-activator\\\/#primaryimage\",\"url\":\"https:\\\/\\\/zkeshop.sk\\\/wp-content\\\/uploads\\\/2025\\\/01\\\/Copy-of-Balance-Moisturiser-with-Glycolic-Acid-Activator-B.png\",\"contentUrl\":\"https:\\\/\\\/zkeshop.sk\\\/wp-content\\\/uploads\\\/2025\\\/01\\\/Copy-of-Balance-Moisturiser-with-Glycolic-Acid-Activator-B.png\",\"width\":2000,\"height\":2000,\"caption\":\"BALANCE MOISTURISER & GLYCOLIC ACID ACTIVATOR zabezpe\u010duje matuj\u00faci efekt, ale taktie\u017e eliminuje v\u00fdskyt bakt\u00e9ri\u00ed sp\u00f4sobuj\u00facich vznik akn\u00e9.\"},{\"@type\":\"BreadcrumbList\",\"@id\":\"https:\\\/\\\/zkeshop.sk\\\/produkt\\\/medik-8-balance-moisturiser-with-glycolic-acid-activator\\\/#breadcrumb\",\"itemListElement\":[{\"@type\":\"ListItem\",\"position\":1,\"name\":\"Home\",\"item\":\"https:\\\/\\\/zkeshop.sk\\\/\"},{\"@type\":\"ListItem\",\"position\":2,\"name\":\"Shop\",\"item\":\"https:\\\/\\\/zkeshop.sk\\\/obchod\\\/\"},{\"@type\":\"ListItem\",\"position\":3,\"name\":\"Medik 8 Balance Moisturiser with Glycolic Acid Activator\"}]},{\"@type\":\"WebSite\",\"@id\":\"https:\\\/\\\/zkeshop.sk\\\/#website\",\"url\":\"https:\\\/\\\/zkeshop.sk\\\/\",\"name\":\"ZK company\",\"description\":\"Kvalitn\u00e1 kozmetika pre ka\u017edodenn\u00e9 pou\u017eitie\",\"potentialAction\":[{\"@type\":\"SearchAction\",\"target\":{\"@type\":\"EntryPoint\",\"urlTemplate\":\"https:\\\/\\\/zkeshop.sk\\\/?s={search_term_string}\"},\"query-input\":{\"@type\":\"PropertyValueSpecification\",\"valueRequired\":true,\"valueName\":\"search_term_string\"}}],\"inLanguage\":\"en-US\"}]}<\/script>\n<meta property=\"product:price:amount\" content=\"61.00\" \/>\n<meta property=\"product:price:currency\" content=\"EUR\" \/>\n<meta property=\"og:availability\" content=\"instock\" \/>\n<meta property=\"product:availability\" content=\"instock\" \/>\n<meta property=\"product:condition\" content=\"new\" \/>\n<!-- \/ Yoast SEO Premium plugin. -->","yoast_head_json":{"title":"Medik 8 Balance Moisturiser with Glycolic Acid Activator - ZK company","description":"BALANCE MOISTURISER & GLYCOLIC ACID ACTIVATOR provides a mattifying effect, but also eliminates acne-causing bacteria.","robots":{"index":"index","follow":"follow","max-snippet":"max-snippet:-1","max-image-preview":"max-image-preview:large","max-video-preview":"max-video-preview:-1"},"canonical":"https:\/\/zkeshop.sk\/produkt\/medik-8-balance-moisturiser-with-glycolic-acid-activator\/","og_locale":"en_US","og_type":"article","og_title":"Medik 8 Balance Moisturiser with Glycolic Acid Activator","og_description":"BALANCE MOISTURISER & GLYCOLIC ACID ACTIVATOR provides a mattifying effect, but also eliminates acne-causing bacteria.","og_url":"https:\/\/zkeshop.sk\/produkt\/medik-8-balance-moisturiser-with-glycolic-acid-activator\/","og_site_name":"ZK company","article_modified_time":"2025-02-18T09:18:34+00:00","og_image":[{"width":1024,"height":1024,"url":"https:\/\/zkeshop.sk\/wp-content\/uploads\/2025\/01\/Copy-of-Balance-Moisturiser-with-Glycolic-Acid-Activator-B-1024x1024.png","type":"image\/png"}],"twitter_card":"summary_large_image","twitter_misc":{"Price":"61,00&nbsp;&euro;","Availability":"In stock"},"schema":{"@context":"https:\/\/schema.org","@graph":[{"@type":"WebPage","@id":"https:\/\/zkeshop.sk\/produkt\/medik-8-balance-moisturiser-with-glycolic-acid-activator\/","url":"https:\/\/zkeshop.sk\/produkt\/medik-8-balance-moisturiser-with-glycolic-acid-activator\/","name":"Medik 8 Balance Moisturiser with Glycolic Acid Activator - ZK company","isPartOf":{"@id":"https:\/\/zkeshop.sk\/#website"},"primaryImageOfPage":{"@id":"https:\/\/zkeshop.sk\/produkt\/medik-8-balance-moisturiser-with-glycolic-acid-activator\/#primaryimage"},"image":{"@id":"https:\/\/zkeshop.sk\/produkt\/medik-8-balance-moisturiser-with-glycolic-acid-activator\/#primaryimage"},"thumbnailUrl":"https:\/\/zkeshop.sk\/wp-content\/uploads\/2025\/01\/Copy-of-Balance-Moisturiser-with-Glycolic-Acid-Activator-B.png","datePublished":"2025-02-18T09:18:33+00:00","dateModified":"2025-02-18T09:18:34+00:00","description":"BALANCE MOISTURISER & GLYCOLIC ACID ACTIVATOR provides a mattifying effect, but also eliminates acne-causing bacteria.","breadcrumb":{"@id":"https:\/\/zkeshop.sk\/produkt\/medik-8-balance-moisturiser-with-glycolic-acid-activator\/#breadcrumb"},"inLanguage":"en-US","potentialAction":[{"@type":"ReadAction","target":["https:\/\/zkeshop.sk\/produkt\/medik-8-balance-moisturiser-with-glycolic-acid-activator\/"]}]},{"@type":"ImageObject","inLanguage":"en-US","@id":"https:\/\/zkeshop.sk\/produkt\/medik-8-balance-moisturiser-with-glycolic-acid-activator\/#primaryimage","url":"https:\/\/zkeshop.sk\/wp-content\/uploads\/2025\/01\/Copy-of-Balance-Moisturiser-with-Glycolic-Acid-Activator-B.png","contentUrl":"https:\/\/zkeshop.sk\/wp-content\/uploads\/2025\/01\/Copy-of-Balance-Moisturiser-with-Glycolic-Acid-Activator-B.png","width":2000,"height":2000,"caption":"BALANCE MOISTURISER & GLYCOLIC ACID ACTIVATOR zabezpe\u010duje matuj\u00faci efekt, ale taktie\u017e eliminuje v\u00fdskyt bakt\u00e9ri\u00ed sp\u00f4sobuj\u00facich vznik akn\u00e9."},{"@type":"BreadcrumbList","@id":"https:\/\/zkeshop.sk\/produkt\/medik-8-balance-moisturiser-with-glycolic-acid-activator\/#breadcrumb","itemListElement":[{"@type":"ListItem","position":1,"name":"Home","item":"https:\/\/zkeshop.sk\/"},{"@type":"ListItem","position":2,"name":"Shop","item":"https:\/\/zkeshop.sk\/obchod\/"},{"@type":"ListItem","position":3,"name":"Medik 8 Balance Moisturiser with Glycolic Acid Activator"}]},{"@type":"WebSite","@id":"https:\/\/zkeshop.sk\/#website","url":"https:\/\/zkeshop.sk\/","name":"ZK company","description":"Kvalitn\u00e1 kozmetika pre ka\u017edodenn\u00e9 pou\u017eitie","potentialAction":[{"@type":"SearchAction","target":{"@type":"EntryPoint","urlTemplate":"https:\/\/zkeshop.sk\/?s={search_term_string}"},"query-input":{"@type":"PropertyValueSpecification","valueRequired":true,"valueName":"search_term_string"}}],"inLanguage":"en-US"}]},"product_price_amount":"61.00","product_price_currency":"EUR","og_availability":"instock","product_availability":"instock","product_condition":"new"},"_links":{"self":[{"href":"https:\/\/zkeshop.sk\/en\/wp-json\/wp\/v2\/product\/15063","targetHints":{"allow":["GET"]}}],"collection":[{"href":"https:\/\/zkeshop.sk\/en\/wp-json\/wp\/v2\/product"}],"about":[{"href":"https:\/\/zkeshop.sk\/en\/wp-json\/wp\/v2\/types\/product"}],"replies":[{"embeddable":true,"href":"https:\/\/zkeshop.sk\/en\/wp-json\/wp\/v2\/comments?post=15063"}],"version-history":[{"count":0,"href":"https:\/\/zkeshop.sk\/en\/wp-json\/wp\/v2\/product\/15063\/revisions"}],"wp:featuredmedia":[{"embeddable":true,"href":"https:\/\/zkeshop.sk\/en\/wp-json\/wp\/v2\/media\/14289"}],"wp:attachment":[{"href":"https:\/\/zkeshop.sk\/en\/wp-json\/wp\/v2\/media?parent=15063"}],"wp:term":[{"taxonomy":"product_brand","embeddable":true,"href":"https:\/\/zkeshop.sk\/en\/wp-json\/wp\/v2\/product_brand?post=15063"},{"taxonomy":"product_cat","embeddable":true,"href":"https:\/\/zkeshop.sk\/en\/wp-json\/wp\/v2\/product_cat?post=15063"},{"taxonomy":"product_tag","embeddable":true,"href":"https:\/\/zkeshop.sk\/en\/wp-json\/wp\/v2\/product_tag?post=15063"}],"curies":[{"name":"wp","href":"https:\/\/api.w.org\/{rel}","templated":true}]}}